{"id":2888,"date":"2025-04-30T10:42:15","date_gmt":"2025-04-30T10:42:15","guid":{"rendered":"https:\/\/departamento.us.es\/newderechomercantil\/?page_id=2888"},"modified":"2025-05-02T12:50:42","modified_gmt":"2025-05-02T12:50:42","slug":"listado-de-asignaturas","status":"publish","type":"page","link":"https:\/\/departamento.us.es\/derechomercantil\/listado-de-asignaturas\/","title":{"rendered":"Listado de Asignaturas"},"content":{"rendered":"\t\t<div data-elementor-type=\"wp-page\" data-elementor-id=\"2888\" class=\"elementor elementor-2888\" data-elementor-post-type=\"page\">\n\t\t\t\t<div class=\"elementor-element elementor-element-6d71f2f e-flex e-con-boxed e-con e-parent\" data-id=\"6d71f2f\" data-element_type=\"container\" data-e-type=\"container\">\n\t\t\t\t\t<div class=\"e-con-inner\">\n\t\t\t\t<div class=\"elementor-element elementor-element-a3ab127 elementor-widget elementor-widget-shortcode\" data-id=\"a3ab127\" data-element_type=\"widget\" data-e-type=\"widget\" data-widget_type=\"shortcode.default\">\n\t\t\t\t<div class=\"elementor-widget-container\">\n\t\t\t\t\t\t\t<div class=\"elementor-shortcode\">\n<table id=\"tablepress-7\" class=\"tablepress tablepress-id-7\">\n<thead>\n<tr class=\"row-1\">\n\t<th class=\"column-1\"><strong>Asignatura<\/strong><\/th><th class=\"column-2\"><strong>Centro<\/strong><\/th><th class=\"column-3\"><strong>Titulaci\u00f3n<\/strong><\/th>\n<\/tr>\n<\/thead>\n<tbody class=\"row-striping row-hover\">\n<tr class=\"row-2\">\n\t<td class=\"column-1\"><a href=\"https:\/\/sevius4.us.es\/index.php?PyP=LISTA&#038;codcentro=20&#038;titulacion=155&#038;asignatura=1550036\"> Derecho Mercantil I<\/a><\/td><td class=\"column-2\">Facultad de Derecho<\/td><td class=\"column-3\">Grado en Derecho<\/td>\n<\/tr>\n<tr class=\"row-3\">\n\t<td class=\"column-1\"><a href=\"https:\/\/sevius4.us.es\/index.php?PyP=LISTA&#038;codcentro=20&#038;titulacion=155&#038;asignatura=1550036\">\u00a0Derecho Mercantil II<\/a><\/td><td class=\"column-2\">Facultad de Derecho<\/td><td class=\"column-3\">Grado en Derecho<\/td>\n<\/tr>\n<tr class=\"row-4\">\n\t<td class=\"column-1\"><a href=\"https:\/\/sevius4.us.es\/index.php?PyP=LISTA&#038;codcentro=20&#038;titulacion=155&#038;asignatura=1550037\">\u00a0Derecho Privado de los Transportes<\/a><\/td><td class=\"column-2\">Facultad de Derecho<\/td><td class=\"column-3\">Grado en Derecho<\/td>\n<\/tr>\n<tr class=\"row-5\">\n\t<td class=\"column-1\"><a href=\"https:\/\/sevius4.us.es\/index.php?PyP=LISTA&#038;codcentro=20&#038;titulacion=186&#038;asignatura=1860047\">\u00a0Derecho Mercantil I<\/a><\/td><td class=\"column-2\">Facultad de Derecho<\/td><td class=\"column-3\">Doble Grado en Derecho y Administraci\u00f3n y Direcci\u00f3n de Empresas<\/td>\n<\/tr>\n<tr class=\"row-6\">\n\t<td class=\"column-1\"><a href=\"https:\/\/sevius4.us.es\/index.php?PyP=LISTA&#038;codcentro=20&#038;titulacion=186&#038;asignatura=1860058\">\u00a0Derecho Mercantil II<\/a><\/td><td class=\"column-2\">Facultad de Derecho<\/td><td class=\"column-3\">Doble Grado en Derecho y Administraci\u00f3n y Direcci\u00f3n de Empresas<\/td>\n<\/tr>\n<tr class=\"row-7\">\n\t<td class=\"column-1\"><a href=\"https:\/\/sevius4.us.es\/index.php?PyP=LISTA&#038;codcentro=20&#038;titulacion=186&#038;asignatura=1860068\">Derecho Privado de los Transportes<\/a><\/td><td class=\"column-2\">\u00a0Facultad de Derecho<\/td><td class=\"column-3\">Doble Grado en Derecho y Administraci\u00f3n y Direcci\u00f3n de Empresas<\/td>\n<\/tr>\n<tr class=\"row-8\">\n\t<td class=\"column-1\"><a href=\"https:\/\/sevius4.us.es\/index.php?PyP=LISTA&#038;codcentro=20&#038;titulacion=234&#038;asignatura=2340046\">\u00a0Derecho Mercantil I<\/a><\/td><td class=\"column-2\">Facultad de Derecho<\/td><td class=\"column-3\">Doble Grado en Derecho y Econom\u00eda<\/td>\n<\/tr>\n<tr class=\"row-9\">\n\t<td class=\"column-1\">\u00a0\u00a0Derecho Mercantil II<\/td><td class=\"column-2\">Facultad de Derecho<\/td><td class=\"column-3\">\u00a0Doble Grado en Derecho y Econom\u00eda<\/td>\n<\/tr>\n<tr class=\"row-10\">\n\t<td class=\"column-1\"><a href=\"https:\/\/www.us.es\/estudiar\/que-estudiar\/oferta-de-grados\/doble-grado-en-derecho-y-en-economia\/26432\">Derecho Privado de los Transportes<\/a><\/td><td class=\"column-2\">Facultad de Derecho<\/td><td class=\"column-3\">Doble Grado en Derecho y Econom\u00eda<\/td>\n<\/tr>\n<tr class=\"row-11\">\n\t<td class=\"column-1\"><a href=\"https:\/\/www.us.es\/estudiar\/que-estudiar\/oferta-de-grados\/doble-grado-en-derecho-y-en-finanzas-y-contabilidad\/25950\">Derecho Mercantil I<\/a><\/td><td class=\"column-2\">Facultad de Derecho<\/td><td class=\"column-3\">Doble Grado en Derecho y Finanzas y Contabilidad<\/td>\n<\/tr>\n<tr class=\"row-12\">\n\t<td class=\"column-1\"><a href=\"https:\/\/www.us.es\/estudiar\/que-estudiar\/oferta-de-grados\/doble-grado-en-derecho-y-en-finanzas-y-contabilidad\/25976\">Derecho Mercantil II<\/a><\/td><td class=\"column-2\">Facultad deDerecho<\/td><td class=\"column-3\">Doble Grado en Derecho y Finanzas y Contabilidad<\/td>\n<\/tr>\n<tr class=\"row-13\">\n\t<td class=\"column-1\"><a href=\"https:\/\/sevius4.us.es\/index.php?PyP=LISTA&#038;codcentro=20&#038;titulacion=187&#038;asignatura=1870043\">Derecho Mercantil I<\/a><\/td><td class=\"column-2\">Facultad de Derecho<\/td><td class=\"column-3\">Doble Grado en Derecho y Gesti\u00f3n y Administraci\u00f3n P\u00fablica<\/td>\n<\/tr>\n<tr class=\"row-14\">\n\t<td class=\"column-1\"><a href=\"https:\/\/sevius4.us.es\/index.php?PyP=LISTA&#038;codcentro=20&#038;titulacion=187&#038;asignatura=1870050\">Derecho Mercantil II<\/a><\/td><td class=\"column-2\">Facultad de Derecho<\/td><td class=\"column-3\">Doble Grado en Derecho y Gesti\u00f3n y Administraci\u00f3n P\u00fablica<\/td>\n<\/tr>\n<tr class=\"row-15\">\n\t<td class=\"column-1\"><a href=\"https:\/\/sevius4.us.es\/index.php?PyP=LISTA&#038;codcentro=20&#038;titulacion=187&#038;asignatura=1870063\">Derecho Privado de los Transportes<\/a><\/td><td class=\"column-2\">Facultad de Derecho<\/td><td class=\"column-3\">Deble Grado en Derecho y Gesti\u00f3n y Administraci\u00f3n P\u00fablica<\/td>\n<\/tr>\n<tr class=\"row-16\">\n\t<td class=\"column-1\"><a href=\"https:\/\/sevius4.us.es\/index.php?PyP=LISTA&#038;codcentro=1&#038;titulacion=151&#038;asignatura=1510012\">Derecho Mercantil<\/a><\/td><td class=\"column-2\">Facultad de Ciencias Econ\u00f3micas y Empresariales<\/td><td class=\"column-3\">\u00a0Grado en Administraci\u00f3n y Direcci\u00f3n de Empresas<\/td>\n<\/tr>\n<tr class=\"row-17\">\n\t<td class=\"column-1\"><a href=\"https:\/\/sevius4.us.es\/index.php?PyP=LISTA&#038;codcentro=1&#038;titulacion=180&#038;asignatura=1800047\">R\u00e9gimen Jur\u00eddico del Mercado<\/a><\/td><td class=\"column-2\">Facultad de Ciencias Econ\u00f3micas y Empresariales<\/td><td class=\"column-3\">Grado en Marketinf e Investigaci\u00f3n y T\u00e9cnicas de Mercado<\/td>\n<\/tr>\n<tr class=\"row-18\">\n\t<td class=\"column-1\"><a href=\"https:\/\/sevius4.us.es\/index.php?PyP=LISTA&#038;codcentro=1&#038;titulacion=180&#038;asignatura=1800007\">Introducci\u00f3n al Derecho Empresarial<\/a><\/td><td class=\"column-2\">Facultad de Ciencias Econ\u00f3micas y Empresariales<\/td><td class=\"column-3\">Grado en Marketing e Investigaci\u00f3n de Mercados<\/td>\n<\/tr>\n<tr class=\"row-19\">\n\t<td class=\"column-1\"><a href=\"https:\/\/sevius4.us.es\/index.php?PyP=LISTA&#038;codcentro=7&#038;titulacion=161&#038;asignatura=1610002\">Derecho Mercantil<\/a><\/td><td class=\"column-2\">Facultad de Turismo y Finanzas<\/td><td class=\"column-3\">Grado en Finanzas y Contabilidad<\/td>\n<\/tr>\n<tr class=\"row-20\">\n\t<td class=\"column-1\"><a href=\"https:\/\/sevius4.us.es\/index.php?PyP=LISTA&#038;codcentro=7&#038;titulacion=161&#038;asignatura=1610036\">Derecho Mercado Financiero<\/a><\/td><td class=\"column-2\">Facultad de Turismo y Finanzas<\/td><td class=\"column-3\">Grado en Finanzas y Contabilidad<\/td>\n<\/tr>\n<tr class=\"row-21\">\n\t<td class=\"column-1\"><a href=\"https:\/\/sevius4.us.es\/index.php?PyP=LISTA&#038;codcentro=7&#038;titulacion=179&#038;asignatura=1790013\">Derecho Privado del Empresario Tur\u00edstico<\/a><\/td><td class=\"column-2\">Facultad de Turismo y Finanzas<\/td><td class=\"column-3\">Grado en Turismo<\/td>\n<\/tr>\n<tr class=\"row-22\">\n\t<td class=\"column-1\"><a href=\"https:\/\/sevius4.us.es\/index.php?PyP=LISTA&#038;codcentro=7&#038;titulacion=220&#038;asignatura=2200021\">Derecho Mercantil<\/a><\/td><td class=\"column-2\">Facultad de Derecho<\/td><td class=\"column-3\">Doble Grado en FICO, RRLL Y RRHH<\/td>\n<\/tr>\n<tr class=\"row-23\">\n\t<td class=\"column-1\"><a href=\"https:\/\/sevius4.us.es\/index.php?PyP=LISTA&#038;codcentro=20&#038;titulacion=M122&#038;asignatura=51220014\">Pr\u00e1ctica Mercantil<\/a><\/td><td class=\"column-2\">Facultad de Derecho<\/td><td class=\"column-3\">M\u00e1ster de Abogac\u00eda<\/td>\n<\/tr>\n<tr class=\"row-24\">\n\t<td class=\"column-1\"><a href=\"https:\/\/sevius4.us.es\/index.php?PyP=LISTA&#038;codcentro=20&#038;titulacion=M129&#038;asignatura=51290002\">Derecho Concursal<\/a><\/td><td class=\"column-2\">Facultad de Derecho<\/td><td class=\"column-3\">M\u00e1ster en Asesor\u00eda Jur\u00eddico-Mercantil, Fiscal y Laboral<\/td>\n<\/tr>\n<tr class=\"row-25\">\n\t<td class=\"column-1\"><a href=\"https:\/\/sevius4.us.es\/index.php?PyP=LISTA&#038;codcentro=20&#038;titulacion=M129&#038;asignatura=51290003\">Derecho de Sociedades de Capital<\/a><\/td><td class=\"column-2\">Facultad de Derecho<\/td><td class=\"column-3\">Master en Asesor\u00eda Jur\u00eddico-Mercantil, Fiscal y Laboral<\/td>\n<\/tr>\n<tr class=\"row-26\">\n\t<td class=\"column-1\"><a href=\"https:\/\/sevius4.us.es\/index.php?PyP=LISTA&#038;codcentro=20&#038;titulacion=M129&#038;asignatura=51290003\">R\u00e9gimen Jur\u00eddico de la Contrataci\u00f3n de los Mercados Financieros<\/a><\/td><td class=\"column-2\">Facultad de Derecho<\/td><td class=\"column-3\">M\u00e1ster en Asesor\u00eda Jur\u00eddico-Mercantil, Fiscal y Laboral<\/td>\n<\/tr>\n<\/tbody>\n<\/table>\n<!-- #tablepress-7 from cache --><\/div>\n\t\t\t\t\t\t<\/div>\n\t\t\t\t<\/div>\n\t\t\t\t\t<\/div>\n\t\t\t\t<\/div>\n\t\t\t\t<\/div>\n\t\t","protected":false},"excerpt":{"rendered":"","protected":false},"author":1,"featured_media":0,"parent":0,"menu_order":0,"comment_status":"closed","ping_status":"closed","template":"","meta":{"footnotes":""},"class_list":["post-2888","page","type-page","status-publish","hentry"],"yoast_head":"<!-- This site is optimized with the Yoast SEO plugin v27.5 - https:\/\/yoast.com\/product\/yoast-seo-wordpress\/ -->\n<title>Listado de Asignaturas - Derecho Mercantil<\/title>\n<meta name=\"robots\" content=\"index, follow, max-snippet:-1, max-image-preview:large, max-video-preview:-1\" \/>\n<link rel=\"canonical\" href=\"https:\/\/departamento.us.es\/newderechomercantil\/listado-de-asignaturas\/\" \/>\n<meta property=\"og:locale\" content=\"es_ES\" \/>\n<meta property=\"og:type\" content=\"article\" \/>\n<meta property=\"og:title\" content=\"Listado de Asignaturas - Derecho Mercantil\" \/>\n<meta property=\"og:url\" content=\"https:\/\/departamento.us.es\/newderechomercantil\/listado-de-asignaturas\/\" \/>\n<meta property=\"og:site_name\" content=\"Derecho Mercantil\" \/>\n<meta property=\"article:modified_time\" content=\"2025-05-02T12:50:42+00:00\" \/>\n<meta name=\"twitter:card\" content=\"summary_large_image\" \/>\n<script type=\"application\/ld+json\" class=\"yoast-schema-graph\">{\"@context\":\"https:\\\/\\\/schema.org\",\"@graph\":[{\"@type\":\"WebPage\",\"@id\":\"https:\\\/\\\/departamento.us.es\\\/newderechomercantil\\\/listado-de-asignaturas\\\/\",\"url\":\"https:\\\/\\\/departamento.us.es\\\/newderechomercantil\\\/listado-de-asignaturas\\\/\",\"name\":\"Listado de Asignaturas - Derecho Mercantil\",\"isPartOf\":{\"@id\":\"https:\\\/\\\/departamento.us.es\\\/newderechomercantil\\\/#website\"},\"datePublished\":\"2025-04-30T10:42:15+00:00\",\"dateModified\":\"2025-05-02T12:50:42+00:00\",\"inLanguage\":\"es\",\"potentialAction\":[{\"@type\":\"ReadAction\",\"target\":[\"https:\\\/\\\/departamento.us.es\\\/newderechomercantil\\\/listado-de-asignaturas\\\/\"]}]},{\"@type\":\"WebSite\",\"@id\":\"https:\\\/\\\/departamento.us.es\\\/newderechomercantil\\\/#website\",\"url\":\"https:\\\/\\\/departamento.us.es\\\/newderechomercantil\\\/\",\"name\":\"Derecho Mercantil\",\"description\":\"Facultad de Derecho - Universidad de Sevilla\",\"publisher\":{\"@id\":\"https:\\\/\\\/departamento.us.es\\\/newderechomercantil\\\/#organization\"},\"potentialAction\":[{\"@type\":\"SearchAction\",\"target\":{\"@type\":\"EntryPoint\",\"urlTemplate\":\"https:\\\/\\\/departamento.us.es\\\/newderechomercantil\\\/?s={search_term_string}\"},\"query-input\":{\"@type\":\"PropertyValueSpecification\",\"valueRequired\":true,\"valueName\":\"search_term_string\"}}],\"inLanguage\":\"es\"},{\"@type\":\"Organization\",\"@id\":\"https:\\\/\\\/departamento.us.es\\\/newderechomercantil\\\/#organization\",\"name\":\"Derecho Mercantil\",\"url\":\"https:\\\/\\\/departamento.us.es\\\/newderechomercantil\\\/\",\"logo\":{\"@type\":\"ImageObject\",\"inLanguage\":\"es\",\"@id\":\"https:\\\/\\\/departamento.us.es\\\/newderechomercantil\\\/#\\\/schema\\\/logo\\\/image\\\/\",\"url\":\"https:\\\/\\\/departamento.us.es\\\/derechomercantil\\\/wp-content\\\/uploads\\\/2022\\\/02\\\/US-marca-Blanco.png\",\"contentUrl\":\"https:\\\/\\\/departamento.us.es\\\/derechomercantil\\\/wp-content\\\/uploads\\\/2022\\\/02\\\/US-marca-Blanco.png\",\"width\":738,\"height\":647,\"caption\":\"Derecho Mercantil\"},\"image\":{\"@id\":\"https:\\\/\\\/departamento.us.es\\\/newderechomercantil\\\/#\\\/schema\\\/logo\\\/image\\\/\"}}]}<\/script>\n<!-- \/ Yoast SEO plugin. -->","yoast_head_json":{"title":"Listado de Asignaturas - Derecho Mercantil","robots":{"index":"index","follow":"follow","max-snippet":"max-snippet:-1","max-image-preview":"max-image-preview:large","max-video-preview":"max-video-preview:-1"},"canonical":"https:\/\/departamento.us.es\/newderechomercantil\/listado-de-asignaturas\/","og_locale":"es_ES","og_type":"article","og_title":"Listado de Asignaturas - Derecho Mercantil","og_url":"https:\/\/departamento.us.es\/newderechomercantil\/listado-de-asignaturas\/","og_site_name":"Derecho Mercantil","article_modified_time":"2025-05-02T12:50:42+00:00","twitter_card":"summary_large_image","schema":{"@context":"https:\/\/schema.org","@graph":[{"@type":"WebPage","@id":"https:\/\/departamento.us.es\/newderechomercantil\/listado-de-asignaturas\/","url":"https:\/\/departamento.us.es\/newderechomercantil\/listado-de-asignaturas\/","name":"Listado de Asignaturas - Derecho Mercantil","isPartOf":{"@id":"https:\/\/departamento.us.es\/newderechomercantil\/#website"},"datePublished":"2025-04-30T10:42:15+00:00","dateModified":"2025-05-02T12:50:42+00:00","inLanguage":"es","potentialAction":[{"@type":"ReadAction","target":["https:\/\/departamento.us.es\/newderechomercantil\/listado-de-asignaturas\/"]}]},{"@type":"WebSite","@id":"https:\/\/departamento.us.es\/newderechomercantil\/#website","url":"https:\/\/departamento.us.es\/newderechomercantil\/","name":"Derecho Mercantil","description":"Facultad de Derecho - Universidad de Sevilla","publisher":{"@id":"https:\/\/departamento.us.es\/newderechomercantil\/#organization"},"potentialAction":[{"@type":"SearchAction","target":{"@type":"EntryPoint","urlTemplate":"https:\/\/departamento.us.es\/newderechomercantil\/?s={search_term_string}"},"query-input":{"@type":"PropertyValueSpecification","valueRequired":true,"valueName":"search_term_string"}}],"inLanguage":"es"},{"@type":"Organization","@id":"https:\/\/departamento.us.es\/newderechomercantil\/#organization","name":"Derecho Mercantil","url":"https:\/\/departamento.us.es\/newderechomercantil\/","logo":{"@type":"ImageObject","inLanguage":"es","@id":"https:\/\/departamento.us.es\/newderechomercantil\/#\/schema\/logo\/image\/","url":"https:\/\/departamento.us.es\/derechomercantil\/wp-content\/uploads\/2022\/02\/US-marca-Blanco.png","contentUrl":"https:\/\/departamento.us.es\/derechomercantil\/wp-content\/uploads\/2022\/02\/US-marca-Blanco.png","width":738,"height":647,"caption":"Derecho Mercantil"},"image":{"@id":"https:\/\/departamento.us.es\/newderechomercantil\/#\/schema\/logo\/image\/"}}]}},"_links":{"self":[{"href":"https:\/\/departamento.us.es\/derechomercantil\/wp-json\/wp\/v2\/pages\/2888","targetHints":{"allow":["GET"]}}],"collection":[{"href":"https:\/\/departamento.us.es\/derechomercantil\/wp-json\/wp\/v2\/pages"}],"about":[{"href":"https:\/\/departamento.us.es\/derechomercantil\/wp-json\/wp\/v2\/types\/page"}],"author":[{"embeddable":true,"href":"https:\/\/departamento.us.es\/derechomercantil\/wp-json\/wp\/v2\/users\/1"}],"replies":[{"embeddable":true,"href":"https:\/\/departamento.us.es\/derechomercantil\/wp-json\/wp\/v2\/comments?post=2888"}],"version-history":[{"count":0,"href":"https:\/\/departamento.us.es\/derechomercantil\/wp-json\/wp\/v2\/pages\/2888\/revisions"}],"wp:attachment":[{"href":"https:\/\/departamento.us.es\/derechomercantil\/wp-json\/wp\/v2\/media?parent=2888"}],"curies":[{"name":"wp","href":"https:\/\/api.w.org\/{rel}","templated":true}]}}