{"id":2889,"date":"2025-04-30T10:42:29","date_gmt":"2025-04-30T10:42:29","guid":{"rendered":"https:\/\/departamento.us.es\/newderechomercantil\/?page_id=2889"},"modified":"2025-05-02T12:37:00","modified_gmt":"2025-05-02T12:37:00","slug":"examenes","status":"publish","type":"page","link":"https:\/\/departamento.us.es\/derechomercantil\/examenes\/","title":{"rendered":"Ex\u00e1menes"},"content":{"rendered":"\t\t<div data-elementor-type=\"wp-page\" data-elementor-id=\"2889\" class=\"elementor elementor-2889\" data-elementor-post-type=\"page\">\n\t\t\t\t<div class=\"elementor-element elementor-element-6a45d7c e-flex e-con-boxed e-con e-parent\" data-id=\"6a45d7c\" data-element_type=\"container\" data-e-type=\"container\">\n\t\t\t\t\t<div class=\"e-con-inner\">\n\t\t\t\t<div class=\"elementor-element elementor-element-88efe90 elementor-widget elementor-widget-shortcode\" data-id=\"88efe90\" data-element_type=\"widget\" data-e-type=\"widget\" data-widget_type=\"shortcode.default\">\n\t\t\t\t<div class=\"elementor-widget-container\">\n\t\t\t\t\t\t\t<div class=\"elementor-shortcode\">\n<table id=\"tablepress-5\" class=\"tablepress tablepress-id-5\">\n<thead>\n<tr class=\"row-1\">\n\t<th class=\"column-1\">\u00a0Asignaturas<\/th><th class=\"column-2\">\u00a0Titulaci\u00f3n<\/th><th class=\"column-3\">DICIEMBRE<\/th><th class=\"column-4\">ENERO<\/th><th class=\"column-5\">JUNIO<\/th><th class=\"column-6\">FINAL<\/th><th class=\"column-7\">JULIO<\/th>\n<\/tr>\n<\/thead>\n<tbody class=\"row-striping row-hover\">\n<tr class=\"row-2\">\n\t<td class=\"column-1\">Derecho Mercantil I<\/td><td class=\"column-2\">Grado en Derecho<\/td><td class=\"column-3\"><a href=\"https:\/\/departamento.us.es\/derechomercantil\/images\/documentosDM\/Grupo_3_dm1_dic_22.pdf\">Grupo 3<\/a><\/td><td class=\"column-4\">Grupo M3<\/td><td class=\"column-5\">Grupo 9<\/td><td class=\"column-6\">Grupo 9<\/td><td class=\"column-7\">Grupo T9<\/td>\n<\/tr>\n<tr class=\"row-3\">\n\t<td class=\"column-1\"><\/td><td class=\"column-2\"><\/td><td class=\"column-3\"><a href=\"https:\/\/departamento.us.es\/derechomercantil\/images\/documentosDM\/Convocatoria_de_examen_T7_dic_22.pdf\">Grupo  T7<\/a><\/td><td class=\"column-4\"><\/td><td class=\"column-5\"><\/td><td class=\"column-6\"><\/td><td class=\"column-7\"><\/td>\n<\/tr>\n<tr class=\"row-4\">\n\t<td class=\"column-1\"><\/td><td class=\"column-2\"><\/td><td class=\"column-3\"><a href=\"https:\/\/departamento.us.es\/derechomercantil\/images\/documentosDM\/Convocatoria_de_examen_T6_dic_22.pdf\">Grupo  T6<\/a><\/td><td class=\"column-4\"><\/td><td class=\"column-5\"><\/td><td class=\"column-6\"><\/td><td class=\"column-7\"><\/td>\n<\/tr>\n<tr class=\"row-5\">\n\t<td class=\"column-1\">Derecho Mercantil II<\/td><td class=\"column-2\">Grado en Derecho<\/td><td class=\"column-3\"><\/td><td class=\"column-4\"><\/td><td class=\"column-5\"><\/td><td class=\"column-6\"><u><\/u><\/td><td class=\"column-7\"><\/td>\n<\/tr>\n<tr class=\"row-6\">\n\t<td class=\"column-1\">Derecho Privado de los Transportes<\/td><td class=\"column-2\">\u00a0Grado en Derecho<\/td><td class=\"column-3\"><\/td><td class=\"column-4\"><\/td><td class=\"column-5\"><\/td><td class=\"column-6\"><\/td><td class=\"column-7\"><\/td>\n<\/tr>\n<tr class=\"row-7\">\n\t<td class=\"column-1\">\u00a0Derecho Mercantil I<\/td><td class=\"column-2\">\u00a0Grado en D\u00ba y ADE<\/td><td class=\"column-3\"><u><\/u><\/td><td class=\"column-4\"><u><\/u><\/td><td class=\"column-5\">\u00a0Grupo 2<\/td><td class=\"column-6\">Grupo T2\u00a0<\/td><td class=\"column-7\">\u00a0Grupo T2<\/td>\n<\/tr>\n<tr class=\"row-8\">\n\t<td class=\"column-1\">\u00a0Derecho Mercantil II<\/td><td class=\"column-2\">\u00a0Grado en D\u00ba y ADE<\/td><td class=\"column-3\"><\/td><td class=\"column-4\"><\/td><td class=\"column-5\"><\/td><td class=\"column-6\"><\/td><td class=\"column-7\"><\/td>\n<\/tr>\n<tr class=\"row-9\">\n\t<td class=\"column-1\">\u00a0Derecho Privado de los Transportes<\/td><td class=\"column-2\">\u00a0Grado en D\u00ba y ADE<\/td><td class=\"column-3\"><\/td><td class=\"column-4\"><\/td><td class=\"column-5\"><\/td><td class=\"column-6\"><u><\/u><\/td><td class=\"column-7\"><\/td>\n<\/tr>\n<tr class=\"row-10\">\n\t<td class=\"column-1\">\u00a0Derecho Mercantil I<\/td><td class=\"column-2\">\u00a0Grado en D\u00ba y Econom\u00eda<\/td><td class=\"column-3\"><u><\/u><\/td><td class=\"column-4\"><u><\/u><\/td><td class=\"column-5\">\u00a0Grupo 2<\/td><td class=\"column-6\">Grupo\u00a0 T2<\/td><td class=\"column-7\">\u00a0Grupo T2<\/td>\n<\/tr>\n<tr class=\"row-11\">\n\t<td class=\"column-1\">Derecho Mercantil II<\/td><td class=\"column-2\">\u00a0Grado en D\u00ba y Econom\u00eda<\/td><td class=\"column-3\"><\/td><td class=\"column-4\"><u><\/u><\/td><td class=\"column-5\"><\/td><td class=\"column-6\"><\/td><td class=\"column-7\"><\/td>\n<\/tr>\n<tr class=\"row-12\">\n\t<td class=\"column-1\">\u00a0Derecho Privado de los Transportes<\/td><td class=\"column-2\">\u00a0Grado en D\u00ba y Econom\u00eda<\/td><td class=\"column-3\"><\/td><td class=\"column-4\"><\/td><td class=\"column-5\"><\/td><td class=\"column-6\"><\/td><td class=\"column-7\"><\/td>\n<\/tr>\n<tr class=\"row-13\">\n\t<td class=\"column-1\">\u00a0Derecho Mercantil I<\/td><td class=\"column-2\">\u00a0Grado en\u00a0 D\u00ba y Finanzas y Contabilidad<\/td><td class=\"column-3\"><u><\/u><\/td><td class=\"column-4\"><\/td><td class=\"column-5\"><u><\/u><\/td><td class=\"column-6\"><\/td><td class=\"column-7\"><\/td>\n<\/tr>\n<tr class=\"row-14\">\n\t<td class=\"column-1\">\u00a0Derecho Mercantil II<\/td><td class=\"column-2\">\u00a0Grado en D\u00ba y Finanzas y Contabilidad<\/td><td class=\"column-3\"><\/td><td class=\"column-4\"><u><\/u><\/td><td class=\"column-5\"><\/td><td class=\"column-6\"><\/td><td class=\"column-7\"><\/td>\n<\/tr>\n<tr class=\"row-15\">\n\t<td class=\"column-1\">\u00a0Derecho Mercantil I<\/td><td class=\"column-2\">\u00a0Grado en D\u00ba y GAP<\/td><td class=\"column-3\"><u><\/u><\/td><td class=\"column-4\"><u><\/u><\/td><td class=\"column-5\"><\/td><td class=\"column-6\"><\/td><td class=\"column-7\"><\/td>\n<\/tr>\n<tr class=\"row-16\">\n\t<td class=\"column-1\">\u00a0Derecho Mercantil II<\/td><td class=\"column-2\">\u00a0Grado en D\u00ba y GAP<\/td><td class=\"column-3\"><\/td><td class=\"column-4\"><\/td><td class=\"column-5\"><\/td><td class=\"column-6\"><\/td><td class=\"column-7\"><\/td>\n<\/tr>\n<tr class=\"row-17\">\n\t<td class=\"column-1\">Derecho Privado de los Transportes<\/td><td class=\"column-2\">\u00a0Grado en D\u00ba y GAP<\/td><td class=\"column-3\"><\/td><td class=\"column-4\"><\/td><td class=\"column-5\"><\/td><td class=\"column-6\"><\/td><td class=\"column-7\"><\/td>\n<\/tr>\n<tr class=\"row-18\">\n\t<td class=\"column-1\">Derecho Mercantil<\/td><td class=\"column-2\">Grado ADE<\/td><td class=\"column-3\"><u><\/u><\/td><td class=\"column-4\"><\/td><td class=\"column-5\"><\/td><td class=\"column-6\"><u><\/u><\/td><td class=\"column-7\"><\/td>\n<\/tr>\n<tr class=\"row-19\">\n\t<td class=\"column-1\">\u00a0R\u00e9gimen Jur\u00eddico del Mercado<\/td><td class=\"column-2\">\u00a0Grado en Marketing e Investigaci\u00f3n de Mercados<\/td><td class=\"column-3\"><\/td><td class=\"column-4\"><\/td><td class=\"column-5\"><\/td><td class=\"column-6\"><\/td><td class=\"column-7\"><\/td>\n<\/tr>\n<tr class=\"row-20\">\n\t<td class=\"column-1\">\u00a0Introducci\u00f3n al Derecho Empresarial<\/td><td class=\"column-2\">\u00a0Grado en Marketing e Investigaci\u00f3n de Mercados<\/td><td class=\"column-3\"><\/td><td class=\"column-4\"><u><\/u><\/td><td class=\"column-5\"><\/td><td class=\"column-6\"><\/td><td class=\"column-7\"><\/td>\n<\/tr>\n<tr class=\"row-21\">\n\t<td class=\"column-1\">\u00a0Derecho Mercantil<\/td><td class=\"column-2\">\u00a0Grado en Finanzas y Contabilidad<\/td><td class=\"column-3\"><\/td><td class=\"column-4\"><\/td><td class=\"column-5\"><\/td><td class=\"column-6\"><\/td><td class=\"column-7\"><\/td>\n<\/tr>\n<tr class=\"row-22\">\n\t<td class=\"column-1\">\u00a0Derecho del Mercado Financiero<\/td><td class=\"column-2\">\u00a0Grado en Finanzas y Contablilidad<\/td><td class=\"column-3\"><\/td><td class=\"column-4\"><\/td><td class=\"column-5\"><\/td><td class=\"column-6\"><\/td><td class=\"column-7\"><\/td>\n<\/tr>\n<tr class=\"row-23\">\n\t<td class=\"column-1\">\u00a0Derecho Mercantil<\/td><td class=\"column-2\">Grado en Finanzas y Contabilidad y Relaciones Laboranes y Recursos Humanos<\/td><td class=\"column-3\"><u><\/u><\/td><td class=\"column-4\"><\/td><td class=\"column-5\"><\/td><td class=\"column-6\"><\/td><td class=\"column-7\"><\/td>\n<\/tr>\n<tr class=\"row-24\">\n\t<td class=\"column-1\">\u00a0Derecho Privado del Empresario Tur\u00edstico<\/td><td class=\"column-2\">\u00a0Grado en Turismo<\/td><td class=\"column-3\">\u00a020\/03\/2024<\/td><td class=\"column-4\"><\/td><td class=\"column-5\"><\/td><td class=\"column-6\"><\/td><td class=\"column-7\"><\/td>\n<\/tr>\n<tr class=\"row-25\">\n\t<td class=\"column-1\">Derecho Mercantil II<\/td><td class=\"column-2\">Licenciatura en D\u00ba y ADE (PLAN 2007)<\/td><td class=\"column-3\"><\/td><td class=\"column-4\"><\/td><td class=\"column-5\"><\/td><td class=\"column-6\"><\/td><td class=\"column-7\"><\/td>\n<\/tr>\n<tr class=\"row-26\">\n\t<td class=\"column-1\">R\u00e9gimen Mercantil de la Empresa Tur\u00edstica<\/td><td class=\"column-2\">M\u00e1ster Universitario en Direcci\u00f3n y Planificaci\u00f3n del Turismo<\/td><td class=\"column-3\"><\/td><td class=\"column-4\"><\/td><td class=\"column-5\"><\/td><td class=\"column-6\"><\/td><td class=\"column-7\"><\/td>\n<\/tr>\n<tr class=\"row-27\">\n\t<td class=\"column-1\">Derecho de Sociedades de Capital<\/td><td class=\"column-2\">M\u00e1ster Universitario en Asesor\u00eda Jur\u00eddico-Mercantil,Fiscal y Laboral<\/td><td class=\"column-3\"><\/td><td class=\"column-4\"><\/td><td class=\"column-5\"><\/td><td class=\"column-6\"><\/td><td class=\"column-7\"><\/td>\n<\/tr>\n<tr class=\"row-28\">\n\t<td class=\"column-1\">R\u00e9gimen Jur\u00eddico de la Contrataci\u00f3n de los Mercados Financieros<\/td><td class=\"column-2\">M\u00e1ster Universitario en Asesor\u00eda Jur\u00eddico-Mercantil, Fiscal y Laboral y D.M. Universitario en Abogac\u00eda y Asesor\u00eda Juridico-Mercantil, Fiscal y Laboral y D.M.<\/td><td class=\"column-3\">\u00a04\/02\/2025_<\/td><td class=\"column-4\"><\/td><td class=\"column-5\"><\/td><td class=\"column-6\"><\/td><td class=\"column-7\"><\/td>\n<\/tr>\n<\/tbody>\n<\/table>\n<\/div>\n\t\t\t\t\t\t<\/div>\n\t\t\t\t<\/div>\n\t\t\t\t\t<\/div>\n\t\t\t\t<\/div>\n\t\t\t\t<\/div>\n\t\t","protected":false},"excerpt":{"rendered":"","protected":false},"author":1,"featured_media":0,"parent":0,"menu_order":0,"comment_status":"closed","ping_status":"closed","template":"","meta":{"footnotes":""},"class_list":["post-2889","page","type-page","status-publish","hentry"],"yoast_head":"<!-- This site is optimized with the Yoast SEO plugin v27.3 - https:\/\/yoast.com\/product\/yoast-seo-wordpress\/ -->\n<title>Ex\u00e1menes - Derecho Mercantil<\/title>\n<meta name=\"robots\" content=\"index, follow, max-snippet:-1, max-image-preview:large, max-video-preview:-1\" \/>\n<link rel=\"canonical\" href=\"https:\/\/departamento.us.es\/newderechomercantil\/examenes\/\" \/>\n<meta property=\"og:locale\" content=\"es_ES\" \/>\n<meta property=\"og:type\" content=\"article\" \/>\n<meta property=\"og:title\" content=\"Ex\u00e1menes - Derecho Mercantil\" \/>\n<meta property=\"og:url\" content=\"https:\/\/departamento.us.es\/newderechomercantil\/examenes\/\" \/>\n<meta property=\"og:site_name\" content=\"Derecho Mercantil\" \/>\n<meta property=\"article:modified_time\" content=\"2025-05-02T12:37:00+00:00\" \/>\n<meta name=\"twitter:card\" content=\"summary_large_image\" \/>\n<script type=\"application\/ld+json\" class=\"yoast-schema-graph\">{\"@context\":\"https:\\\/\\\/schema.org\",\"@graph\":[{\"@type\":\"WebPage\",\"@id\":\"https:\\\/\\\/departamento.us.es\\\/newderechomercantil\\\/examenes\\\/\",\"url\":\"https:\\\/\\\/departamento.us.es\\\/newderechomercantil\\\/examenes\\\/\",\"name\":\"Ex\u00e1menes - Derecho Mercantil\",\"isPartOf\":{\"@id\":\"https:\\\/\\\/departamento.us.es\\\/newderechomercantil\\\/#website\"},\"datePublished\":\"2025-04-30T10:42:29+00:00\",\"dateModified\":\"2025-05-02T12:37:00+00:00\",\"inLanguage\":\"es\",\"potentialAction\":[{\"@type\":\"ReadAction\",\"target\":[\"https:\\\/\\\/departamento.us.es\\\/newderechomercantil\\\/examenes\\\/\"]}]},{\"@type\":\"WebSite\",\"@id\":\"https:\\\/\\\/departamento.us.es\\\/newderechomercantil\\\/#website\",\"url\":\"https:\\\/\\\/departamento.us.es\\\/newderechomercantil\\\/\",\"name\":\"Derecho Mercantil\",\"description\":\"Facultad de Derecho - Universidad de Sevilla\",\"publisher\":{\"@id\":\"https:\\\/\\\/departamento.us.es\\\/newderechomercantil\\\/#organization\"},\"potentialAction\":[{\"@type\":\"SearchAction\",\"target\":{\"@type\":\"EntryPoint\",\"urlTemplate\":\"https:\\\/\\\/departamento.us.es\\\/newderechomercantil\\\/?s={search_term_string}\"},\"query-input\":{\"@type\":\"PropertyValueSpecification\",\"valueRequired\":true,\"valueName\":\"search_term_string\"}}],\"inLanguage\":\"es\"},{\"@type\":\"Organization\",\"@id\":\"https:\\\/\\\/departamento.us.es\\\/newderechomercantil\\\/#organization\",\"name\":\"Derecho Mercantil\",\"url\":\"https:\\\/\\\/departamento.us.es\\\/newderechomercantil\\\/\",\"logo\":{\"@type\":\"ImageObject\",\"inLanguage\":\"es\",\"@id\":\"https:\\\/\\\/departamento.us.es\\\/newderechomercantil\\\/#\\\/schema\\\/logo\\\/image\\\/\",\"url\":\"https:\\\/\\\/departamento.us.es\\\/derechomercantil\\\/wp-content\\\/uploads\\\/2022\\\/02\\\/US-marca-Blanco.png\",\"contentUrl\":\"https:\\\/\\\/departamento.us.es\\\/derechomercantil\\\/wp-content\\\/uploads\\\/2022\\\/02\\\/US-marca-Blanco.png\",\"width\":738,\"height\":647,\"caption\":\"Derecho Mercantil\"},\"image\":{\"@id\":\"https:\\\/\\\/departamento.us.es\\\/newderechomercantil\\\/#\\\/schema\\\/logo\\\/image\\\/\"}}]}<\/script>\n<!-- \/ Yoast SEO plugin. -->","yoast_head_json":{"title":"Ex\u00e1menes - Derecho Mercantil","robots":{"index":"index","follow":"follow","max-snippet":"max-snippet:-1","max-image-preview":"max-image-preview:large","max-video-preview":"max-video-preview:-1"},"canonical":"https:\/\/departamento.us.es\/newderechomercantil\/examenes\/","og_locale":"es_ES","og_type":"article","og_title":"Ex\u00e1menes - Derecho Mercantil","og_url":"https:\/\/departamento.us.es\/newderechomercantil\/examenes\/","og_site_name":"Derecho Mercantil","article_modified_time":"2025-05-02T12:37:00+00:00","twitter_card":"summary_large_image","schema":{"@context":"https:\/\/schema.org","@graph":[{"@type":"WebPage","@id":"https:\/\/departamento.us.es\/newderechomercantil\/examenes\/","url":"https:\/\/departamento.us.es\/newderechomercantil\/examenes\/","name":"Ex\u00e1menes - Derecho Mercantil","isPartOf":{"@id":"https:\/\/departamento.us.es\/newderechomercantil\/#website"},"datePublished":"2025-04-30T10:42:29+00:00","dateModified":"2025-05-02T12:37:00+00:00","inLanguage":"es","potentialAction":[{"@type":"ReadAction","target":["https:\/\/departamento.us.es\/newderechomercantil\/examenes\/"]}]},{"@type":"WebSite","@id":"https:\/\/departamento.us.es\/newderechomercantil\/#website","url":"https:\/\/departamento.us.es\/newderechomercantil\/","name":"Derecho Mercantil","description":"Facultad de Derecho - Universidad de Sevilla","publisher":{"@id":"https:\/\/departamento.us.es\/newderechomercantil\/#organization"},"potentialAction":[{"@type":"SearchAction","target":{"@type":"EntryPoint","urlTemplate":"https:\/\/departamento.us.es\/newderechomercantil\/?s={search_term_string}"},"query-input":{"@type":"PropertyValueSpecification","valueRequired":true,"valueName":"search_term_string"}}],"inLanguage":"es"},{"@type":"Organization","@id":"https:\/\/departamento.us.es\/newderechomercantil\/#organization","name":"Derecho Mercantil","url":"https:\/\/departamento.us.es\/newderechomercantil\/","logo":{"@type":"ImageObject","inLanguage":"es","@id":"https:\/\/departamento.us.es\/newderechomercantil\/#\/schema\/logo\/image\/","url":"https:\/\/departamento.us.es\/derechomercantil\/wp-content\/uploads\/2022\/02\/US-marca-Blanco.png","contentUrl":"https:\/\/departamento.us.es\/derechomercantil\/wp-content\/uploads\/2022\/02\/US-marca-Blanco.png","width":738,"height":647,"caption":"Derecho Mercantil"},"image":{"@id":"https:\/\/departamento.us.es\/newderechomercantil\/#\/schema\/logo\/image\/"}}]}},"_links":{"self":[{"href":"https:\/\/departamento.us.es\/derechomercantil\/wp-json\/wp\/v2\/pages\/2889","targetHints":{"allow":["GET"]}}],"collection":[{"href":"https:\/\/departamento.us.es\/derechomercantil\/wp-json\/wp\/v2\/pages"}],"about":[{"href":"https:\/\/departamento.us.es\/derechomercantil\/wp-json\/wp\/v2\/types\/page"}],"author":[{"embeddable":true,"href":"https:\/\/departamento.us.es\/derechomercantil\/wp-json\/wp\/v2\/users\/1"}],"replies":[{"embeddable":true,"href":"https:\/\/departamento.us.es\/derechomercantil\/wp-json\/wp\/v2\/comments?post=2889"}],"version-history":[{"count":0,"href":"https:\/\/departamento.us.es\/derechomercantil\/wp-json\/wp\/v2\/pages\/2889\/revisions"}],"wp:attachment":[{"href":"https:\/\/departamento.us.es\/derechomercantil\/wp-json\/wp\/v2\/media?parent=2889"}],"curies":[{"name":"wp","href":"https:\/\/api.w.org\/{rel}","templated":true}]}}