{"id":2891,"date":"2025-04-30T10:42:57","date_gmt":"2025-04-30T10:42:57","guid":{"rendered":"https:\/\/departamento.us.es\/newderechomercantil\/?page_id=2891"},"modified":"2026-03-06T09:06:51","modified_gmt":"2026-03-06T09:06:51","slug":"tfm","status":"publish","type":"page","link":"https:\/\/departamento.us.es\/derechomercantil\/tfm\/","title":{"rendered":"TFM"},"content":{"rendered":"\t\t<div data-elementor-type=\"wp-page\" data-elementor-id=\"2891\" class=\"elementor elementor-2891\" data-elementor-post-type=\"page\">\n\t\t\t\t<div class=\"elementor-element elementor-element-7a8c9d7 e-flex e-con-boxed e-con e-parent\" data-id=\"7a8c9d7\" data-element_type=\"container\" data-e-type=\"container\">\n\t\t\t\t\t<div class=\"e-con-inner\">\n\t\t<div class=\"elementor-element elementor-element-892ee92 e-con-full e-flex e-con e-child\" data-id=\"892ee92\" data-element_type=\"container\" data-e-type=\"container\" data-settings=\"{&quot;background_background&quot;:&quot;classic&quot;}\">\n\t\t\t\t<div class=\"elementor-element elementor-element-9625407 elementor-list-item-link-inline elementor-icon-list--layout-traditional elementor-widget elementor-widget-icon-list\" data-id=\"9625407\" data-element_type=\"widget\" data-e-type=\"widget\" data-widget_type=\"icon-list.default\">\n\t\t\t\t<div class=\"elementor-widget-container\">\n\t\t\t\t\t\t\t<ul class=\"elementor-icon-list-items\">\n\t\t\t\t\t\t\t<li class=\"elementor-icon-list-item\">\n\t\t\t\t\t\t\t\t\t\t\t<a href=\"http:\/\/departamento.us.es\/derechomercantil\/wp-content\/uploads\/2025\/06\/CRITERIOS_TFG-TFM-1.pdf\" target=\"_blank\" rel=\"nofollow\">\n\n\t\t\t\t\t\t\t\t\t\t\t\t<span class=\"elementor-icon-list-icon\">\n\t\t\t\t\t\t\t<i aria-hidden=\"true\" class=\"fas fa-external-link-alt\"><\/i>\t\t\t\t\t\t<\/span>\n\t\t\t\t\t\t\t\t\t\t<span class=\"elementor-icon-list-text\">CRITERIOS DE ASIGNACI\u00d3N DE TUTOR Y TEMA DE TFG-TFM.pdf<\/span>\n\t\t\t\t\t\t\t\t\t\t\t<\/a>\n\t\t\t\t\t\t\t\t\t<\/li>\n\t\t\t\t\t\t\t\t<li class=\"elementor-icon-list-item\">\n\t\t\t\t\t\t\t\t\t\t\t<a href=\"http:\/\/departamento.us.es\/derechomercantil\/wp-content\/uploads\/2025\/06\/Normas_generales_para_la_presentacio_n_de_TFM_versin_2019.pdf\" target=\"_blank\" rel=\"nofollow\">\n\n\t\t\t\t\t\t\t\t\t\t\t\t<span class=\"elementor-icon-list-icon\">\n\t\t\t\t\t\t\t<i aria-hidden=\"true\" class=\"fas fa-external-link-alt\"><\/i>\t\t\t\t\t\t<\/span>\n\t\t\t\t\t\t\t\t\t\t<span class=\"elementor-icon-list-text\">Normas generales para la presentaci\u00f3n de TFM<\/span>\n\t\t\t\t\t\t\t\t\t\t\t<\/a>\n\t\t\t\t\t\t\t\t\t<\/li>\n\t\t\t\t\t\t<\/ul>\n\t\t\t\t\t\t<\/div>\n\t\t\t\t<\/div>\n\t\t\t\t<div class=\"elementor-element elementor-element-473d94c elementor-list-item-link-inline elementor-icon-list--layout-traditional elementor-widget elementor-widget-icon-list\" data-id=\"473d94c\" data-element_type=\"widget\" data-e-type=\"widget\" data-widget_type=\"icon-list.default\">\n\t\t\t\t<div class=\"elementor-widget-container\">\n\t\t\t\t\t\t\t<ul class=\"elementor-icon-list-items\">\n\t\t\t\t\t\t\t<li class=\"elementor-icon-list-item\">\n\t\t\t\t\t\t\t\t\t\t\t<a href=\"https:\/\/departamento.us.es\/derechomercantil\/wp-content\/uploads\/2026\/03\/FECHAS-MAXIMAS-TFM-2025-26.pdf\" target=\"_blank\" rel=\"nofollow\">\n\n\t\t\t\t\t\t\t\t\t\t\t\t<span class=\"elementor-icon-list-icon\">\n\t\t\t\t\t\t\t<i aria-hidden=\"true\" class=\"fas fa-external-link-alt\"><\/i>\t\t\t\t\t\t<\/span>\n\t\t\t\t\t\t\t\t\t\t<span class=\"elementor-icon-list-text\">PLAZOS DE DEP\u00d3SITO TFM CURSO 2025-26<\/span>\n\t\t\t\t\t\t\t\t\t\t\t<\/a>\n\t\t\t\t\t\t\t\t\t<\/li>\n\t\t\t\t\t\t<\/ul>\n\t\t\t\t\t\t<\/div>\n\t\t\t\t<\/div>\n\t\t\t\t<\/div>\n\t\t<div class=\"elementor-element elementor-element-888be38 e-con-full e-flex e-con e-child\" data-id=\"888be38\" data-element_type=\"container\" data-e-type=\"container\" data-settings=\"{&quot;background_background&quot;:&quot;classic&quot;}\">\n\t\t\t\t<div class=\"elementor-element elementor-element-e94dc6e elementor-widget elementor-widget-heading\" data-id=\"e94dc6e\" data-element_type=\"widget\" data-e-type=\"widget\" data-widget_type=\"heading.default\">\n\t\t\t\t<div class=\"elementor-widget-container\">\n\t\t\t\t\t<h2 class=\"elementor-heading-title elementor-size-default\">CURSO 2025\/26<\/h2>\t\t\t\t<\/div>\n\t\t\t\t<\/div>\n\t\t\t\t<div class=\"elementor-element elementor-element-1cd6aa9 elementor-list-item-link-inline elementor-icon-list--layout-traditional elementor-widget elementor-widget-icon-list\" data-id=\"1cd6aa9\" data-element_type=\"widget\" data-e-type=\"widget\" data-widget_type=\"icon-list.default\">\n\t\t\t\t<div class=\"elementor-widget-container\">\n\t\t\t\t\t\t\t<ul class=\"elementor-icon-list-items\">\n\t\t\t\t\t\t\t<li class=\"elementor-icon-list-item\">\n\t\t\t\t\t\t\t\t\t\t\t<a href=\"https:\/\/departamento.us.es\/derechomercantil\/wp-content\/uploads\/2025\/06\/1o.-ASIGNACION-TFM-M.U-ABOGACIA-Y-DOBLE-M.U.-ABOGACIA.pdf\" target=\"_blank\" rel=\"nofollow\">\n\n\t\t\t\t\t\t\t\t\t\t\t\t<span class=\"elementor-icon-list-icon\">\n\t\t\t\t\t\t\t<i aria-hidden=\"true\" class=\"fas fa-external-link-alt\"><\/i>\t\t\t\t\t\t<\/span>\n\t\t\t\t\t\t\t\t\t\t<span class=\"elementor-icon-list-text\">Asignaci\u00f3n de Trabajos de Fin de M\u00e1ster en Abogac\u00eda. Primera Asignaci\u00f3n Curso 2025-26<\/span>\n\t\t\t\t\t\t\t\t\t\t\t<\/a>\n\t\t\t\t\t\t\t\t\t<\/li>\n\t\t\t\t\t\t<\/ul>\n\t\t\t\t\t\t<\/div>\n\t\t\t\t<\/div>\n\t\t\t\t<div class=\"elementor-element elementor-element-71e4842 elementor-list-item-link-inline elementor-icon-list--layout-traditional elementor-widget elementor-widget-icon-list\" data-id=\"71e4842\" data-element_type=\"widget\" data-e-type=\"widget\" data-widget_type=\"icon-list.default\">\n\t\t\t\t<div class=\"elementor-widget-container\">\n\t\t\t\t\t\t\t<ul class=\"elementor-icon-list-items\">\n\t\t\t\t\t\t\t<li class=\"elementor-icon-list-item\">\n\t\t\t\t\t\t\t\t\t\t\t<a href=\"https:\/\/departamento.us.es\/derechomercantil\/wp-content\/uploads\/2026\/02\/2o.-ASIGNACION-TFM-M.U-ABOGACIA-Y-DOBLE-M.U.-ABOGACIA.pdf\" target=\"_blank\" rel=\"nofollow\">\n\n\t\t\t\t\t\t\t\t\t\t\t\t<span class=\"elementor-icon-list-icon\">\n\t\t\t\t\t\t\t<i aria-hidden=\"true\" class=\"fas fa-external-link-alt\"><\/i>\t\t\t\t\t\t<\/span>\n\t\t\t\t\t\t\t\t\t\t<span class=\"elementor-icon-list-text\">Asignaci\u00f3n de Trabajos de Fin de M\u00e1ster en Abogac\u00eda. Segunda Asignaci\u00f3n Curso 2025-26<\/span>\n\t\t\t\t\t\t\t\t\t\t\t<\/a>\n\t\t\t\t\t\t\t\t\t<\/li>\n\t\t\t\t\t\t<\/ul>\n\t\t\t\t\t\t<\/div>\n\t\t\t\t<\/div>\n\t\t\t\t<div class=\"elementor-element elementor-element-d6a3b19 elementor-list-item-link-inline elementor-icon-list--layout-traditional elementor-widget elementor-widget-icon-list\" data-id=\"d6a3b19\" data-element_type=\"widget\" data-e-type=\"widget\" data-widget_type=\"icon-list.default\">\n\t\t\t\t<div class=\"elementor-widget-container\">\n\t\t\t\t\t\t\t<ul class=\"elementor-icon-list-items\">\n\t\t\t\t\t\t\t<li class=\"elementor-icon-list-item\">\n\t\t\t\t\t\t\t\t\t\t\t<a href=\"https:\/\/departamento.us.es\/derechomercantil\/wp-content\/uploads\/2026\/02\/TFMAsesoria1aasignacion-19.pdf\" target=\"_blank\" rel=\"nofollow\">\n\n\t\t\t\t\t\t\t\t\t\t\t\t<span class=\"elementor-icon-list-icon\">\n\t\t\t\t\t\t\t<i aria-hidden=\"true\" class=\"fas fa-external-link-alt\"><\/i>\t\t\t\t\t\t<\/span>\n\t\t\t\t\t\t\t\t\t\t<span class=\"elementor-icon-list-text\">Asignaci\u00f3n de Trabajos de Fin de M\u00e1ster en Asesor\u00eda.  Primera asignaci\u00f3n. Curso 2025-26<\/span>\n\t\t\t\t\t\t\t\t\t\t\t<\/a>\n\t\t\t\t\t\t\t\t\t<\/li>\n\t\t\t\t\t\t<\/ul>\n\t\t\t\t\t\t<\/div>\n\t\t\t\t<\/div>\n\t\t\t\t<\/div>\n\t\t\t\t\t<\/div>\n\t\t\t\t<\/div>\n\t\t\t\t<\/div>\n\t\t","protected":false},"excerpt":{"rendered":"<p>CRITERIOS DE ASIGNACI\u00d3N DE TUTOR Y TEMA DE TFG-TFM.pdf Normas generales para la presentaci\u00f3n de TFM PLAZOS DE DEP\u00d3SITO TFM CURSO 2025-26 CURSO 2025\/26 Asignaci\u00f3n de Trabajos de Fin de M\u00e1ster en Abogac\u00eda. Primera Asignaci\u00f3n Curso 2025-26 Asignaci\u00f3n de Trabajos de Fin de M\u00e1ster en Abogac\u00eda. Segunda Asignaci\u00f3n Curso 2025-26 Asignaci\u00f3n de Trabajos de Fin [&hellip;]<\/p>\n","protected":false},"author":1,"featured_media":0,"parent":0,"menu_order":0,"comment_status":"closed","ping_status":"closed","template":"","meta":{"footnotes":""},"class_list":["post-2891","page","type-page","status-publish","hentry"],"yoast_head":"<!-- This site is optimized with the Yoast SEO plugin v27.3 - https:\/\/yoast.com\/product\/yoast-seo-wordpress\/ -->\n<title>TFM - Derecho Mercantil<\/title>\n<meta name=\"robots\" content=\"index, follow, max-snippet:-1, max-image-preview:large, max-video-preview:-1\" \/>\n<link rel=\"canonical\" href=\"https:\/\/departamento.us.es\/derechomercantil\/tfm\/\" \/>\n<meta property=\"og:locale\" content=\"es_ES\" \/>\n<meta property=\"og:type\" content=\"article\" \/>\n<meta property=\"og:title\" content=\"TFM - Derecho Mercantil\" \/>\n<meta property=\"og:description\" content=\"CRITERIOS DE ASIGNACI\u00d3N DE TUTOR Y TEMA DE TFG-TFM.pdf Normas generales para la presentaci\u00f3n de TFM PLAZOS DE DEP\u00d3SITO TFM CURSO 2025-26 CURSO 2025\/26 Asignaci\u00f3n de Trabajos de Fin de M\u00e1ster en Abogac\u00eda. Primera Asignaci\u00f3n Curso 2025-26 Asignaci\u00f3n de Trabajos de Fin de M\u00e1ster en Abogac\u00eda. Segunda Asignaci\u00f3n Curso 2025-26 Asignaci\u00f3n de Trabajos de Fin [&hellip;]\" \/>\n<meta property=\"og:url\" content=\"https:\/\/departamento.us.es\/derechomercantil\/tfm\/\" \/>\n<meta property=\"og:site_name\" content=\"Derecho Mercantil\" \/>\n<meta property=\"article:modified_time\" content=\"2026-03-06T09:06:51+00:00\" \/>\n<meta name=\"twitter:card\" content=\"summary_large_image\" \/>\n<meta name=\"twitter:label1\" content=\"Tiempo de lectura\" \/>\n\t<meta name=\"twitter:data1\" content=\"1 minuto\" \/>\n<script type=\"application\/ld+json\" class=\"yoast-schema-graph\">{\"@context\":\"https:\\\/\\\/schema.org\",\"@graph\":[{\"@type\":\"WebPage\",\"@id\":\"https:\\\/\\\/departamento.us.es\\\/derechomercantil\\\/tfm\\\/\",\"url\":\"https:\\\/\\\/departamento.us.es\\\/derechomercantil\\\/tfm\\\/\",\"name\":\"TFM - Derecho Mercantil\",\"isPartOf\":{\"@id\":\"https:\\\/\\\/departamento.us.es\\\/newderechomercantil\\\/#website\"},\"datePublished\":\"2025-04-30T10:42:57+00:00\",\"dateModified\":\"2026-03-06T09:06:51+00:00\",\"inLanguage\":\"es\",\"potentialAction\":[{\"@type\":\"ReadAction\",\"target\":[\"https:\\\/\\\/departamento.us.es\\\/derechomercantil\\\/tfm\\\/\"]}]},{\"@type\":\"WebSite\",\"@id\":\"https:\\\/\\\/departamento.us.es\\\/newderechomercantil\\\/#website\",\"url\":\"https:\\\/\\\/departamento.us.es\\\/newderechomercantil\\\/\",\"name\":\"Derecho Mercantil\",\"description\":\"Facultad de Derecho - Universidad de Sevilla\",\"publisher\":{\"@id\":\"https:\\\/\\\/departamento.us.es\\\/newderechomercantil\\\/#organization\"},\"potentialAction\":[{\"@type\":\"SearchAction\",\"target\":{\"@type\":\"EntryPoint\",\"urlTemplate\":\"https:\\\/\\\/departamento.us.es\\\/newderechomercantil\\\/?s={search_term_string}\"},\"query-input\":{\"@type\":\"PropertyValueSpecification\",\"valueRequired\":true,\"valueName\":\"search_term_string\"}}],\"inLanguage\":\"es\"},{\"@type\":\"Organization\",\"@id\":\"https:\\\/\\\/departamento.us.es\\\/newderechomercantil\\\/#organization\",\"name\":\"Derecho Mercantil\",\"url\":\"https:\\\/\\\/departamento.us.es\\\/newderechomercantil\\\/\",\"logo\":{\"@type\":\"ImageObject\",\"inLanguage\":\"es\",\"@id\":\"https:\\\/\\\/departamento.us.es\\\/newderechomercantil\\\/#\\\/schema\\\/logo\\\/image\\\/\",\"url\":\"https:\\\/\\\/departamento.us.es\\\/derechomercantil\\\/wp-content\\\/uploads\\\/2022\\\/02\\\/US-marca-Blanco.png\",\"contentUrl\":\"https:\\\/\\\/departamento.us.es\\\/derechomercantil\\\/wp-content\\\/uploads\\\/2022\\\/02\\\/US-marca-Blanco.png\",\"width\":738,\"height\":647,\"caption\":\"Derecho Mercantil\"},\"image\":{\"@id\":\"https:\\\/\\\/departamento.us.es\\\/newderechomercantil\\\/#\\\/schema\\\/logo\\\/image\\\/\"}}]}<\/script>\n<!-- \/ Yoast SEO plugin. -->","yoast_head_json":{"title":"TFM - Derecho Mercantil","robots":{"index":"index","follow":"follow","max-snippet":"max-snippet:-1","max-image-preview":"max-image-preview:large","max-video-preview":"max-video-preview:-1"},"canonical":"https:\/\/departamento.us.es\/derechomercantil\/tfm\/","og_locale":"es_ES","og_type":"article","og_title":"TFM - Derecho Mercantil","og_description":"CRITERIOS DE ASIGNACI\u00d3N DE TUTOR Y TEMA DE TFG-TFM.pdf Normas generales para la presentaci\u00f3n de TFM PLAZOS DE DEP\u00d3SITO TFM CURSO 2025-26 CURSO 2025\/26 Asignaci\u00f3n de Trabajos de Fin de M\u00e1ster en Abogac\u00eda. Primera Asignaci\u00f3n Curso 2025-26 Asignaci\u00f3n de Trabajos de Fin de M\u00e1ster en Abogac\u00eda. Segunda Asignaci\u00f3n Curso 2025-26 Asignaci\u00f3n de Trabajos de Fin [&hellip;]","og_url":"https:\/\/departamento.us.es\/derechomercantil\/tfm\/","og_site_name":"Derecho Mercantil","article_modified_time":"2026-03-06T09:06:51+00:00","twitter_card":"summary_large_image","twitter_misc":{"Tiempo de lectura":"1 minuto"},"schema":{"@context":"https:\/\/schema.org","@graph":[{"@type":"WebPage","@id":"https:\/\/departamento.us.es\/derechomercantil\/tfm\/","url":"https:\/\/departamento.us.es\/derechomercantil\/tfm\/","name":"TFM - Derecho Mercantil","isPartOf":{"@id":"https:\/\/departamento.us.es\/newderechomercantil\/#website"},"datePublished":"2025-04-30T10:42:57+00:00","dateModified":"2026-03-06T09:06:51+00:00","inLanguage":"es","potentialAction":[{"@type":"ReadAction","target":["https:\/\/departamento.us.es\/derechomercantil\/tfm\/"]}]},{"@type":"WebSite","@id":"https:\/\/departamento.us.es\/newderechomercantil\/#website","url":"https:\/\/departamento.us.es\/newderechomercantil\/","name":"Derecho Mercantil","description":"Facultad de Derecho - Universidad de Sevilla","publisher":{"@id":"https:\/\/departamento.us.es\/newderechomercantil\/#organization"},"potentialAction":[{"@type":"SearchAction","target":{"@type":"EntryPoint","urlTemplate":"https:\/\/departamento.us.es\/newderechomercantil\/?s={search_term_string}"},"query-input":{"@type":"PropertyValueSpecification","valueRequired":true,"valueName":"search_term_string"}}],"inLanguage":"es"},{"@type":"Organization","@id":"https:\/\/departamento.us.es\/newderechomercantil\/#organization","name":"Derecho Mercantil","url":"https:\/\/departamento.us.es\/newderechomercantil\/","logo":{"@type":"ImageObject","inLanguage":"es","@id":"https:\/\/departamento.us.es\/newderechomercantil\/#\/schema\/logo\/image\/","url":"https:\/\/departamento.us.es\/derechomercantil\/wp-content\/uploads\/2022\/02\/US-marca-Blanco.png","contentUrl":"https:\/\/departamento.us.es\/derechomercantil\/wp-content\/uploads\/2022\/02\/US-marca-Blanco.png","width":738,"height":647,"caption":"Derecho Mercantil"},"image":{"@id":"https:\/\/departamento.us.es\/newderechomercantil\/#\/schema\/logo\/image\/"}}]}},"_links":{"self":[{"href":"https:\/\/departamento.us.es\/derechomercantil\/wp-json\/wp\/v2\/pages\/2891","targetHints":{"allow":["GET"]}}],"collection":[{"href":"https:\/\/departamento.us.es\/derechomercantil\/wp-json\/wp\/v2\/pages"}],"about":[{"href":"https:\/\/departamento.us.es\/derechomercantil\/wp-json\/wp\/v2\/types\/page"}],"author":[{"embeddable":true,"href":"https:\/\/departamento.us.es\/derechomercantil\/wp-json\/wp\/v2\/users\/1"}],"replies":[{"embeddable":true,"href":"https:\/\/departamento.us.es\/derechomercantil\/wp-json\/wp\/v2\/comments?post=2891"}],"version-history":[{"count":0,"href":"https:\/\/departamento.us.es\/derechomercantil\/wp-json\/wp\/v2\/pages\/2891\/revisions"}],"wp:attachment":[{"href":"https:\/\/departamento.us.es\/derechomercantil\/wp-json\/wp\/v2\/media?parent=2891"}],"curies":[{"name":"wp","href":"https:\/\/api.w.org\/{rel}","templated":true}]}}