{"id":3746,"date":"2023-10-09T09:10:57","date_gmt":"2023-10-09T09:10:57","guid":{"rendered":"https:\/\/departamento.us.es\/derechoprocesal\/?page_id=3746"},"modified":"2026-02-12T12:12:07","modified_gmt":"2026-02-12T12:12:07","slug":"profesorado","status":"publish","type":"page","link":"https:\/\/departamento.us.es\/derechoprocesal\/profesorado\/","title":{"rendered":"Profesorado"},"content":{"rendered":"<h5>Personal docente del Departamento:<\/h5>\n<table style=\"width: 54.1933%; height: 3449px;\">\n<tbody>\n<tr style=\"height: 24px;\">\n<td style=\"width: 46.3091%; height: 24px;\"><strong>PROFESOR\/A<\/strong><\/td>\n<td style=\"width: 52.6171%; height: 24px;\"><strong>Tutor\u00edas e informaci\u00f3n<\/strong><\/td>\n<\/tr>\n<tr style=\"height: 160px;\">\n<td style=\"width: 46.3091%; height: 160px;\"><a href=\"https:\/\/www.us.es\/trabaja-en-la-us\/directorio\/ana-maria-chocron-giraldez\" target=\"_blank\" rel=\"noopener\"><strong>CHOCR\u00d3N GIRALDEZ, Ana Mar\u00eda<\/strong><\/a><\/p>\n<p>Profesora Titular Universidad<\/p>\n<p><a href=\"https:\/\/investigacion.us.es\/sisius\/sis_showpub.php?idpers=2609\">SISIUS: Ficha personal<\/a><\/td>\n<td style=\"width: 52.6171%; height: 160px;\">Previa cita. S\u00f3lo se atender\u00e1n correos corporativos (<a href=\"mailto:xxx@alum.us.es\">xxx@alum.us.es<\/a>)<\/p>\n<p>Correo electr\u00f3nico:\u00a0<a href=\"mailto:anach@us.es\">anach@us.es<\/a><\/p>\n<p>Tel\u00e9fono:\u00a0954551267<\/td>\n<\/tr>\n<tr style=\"height: 216px;\">\n<td style=\"width: 46.3091%; height: 216px;\"><a href=\"https:\/\/www.us.es\/trabaja-en-la-us\/directorio\/gonzalo-m-cobo-de-la-torre\" target=\"_blank\" rel=\"noopener\"><strong>COBO DE LA TORRE, Gonzalo<\/strong><\/a><\/p>\n<p>Profesor Sustituto Interino<\/p>\n<p><a href=\"https:\/\/investigacion.us.es\/sisius\/sis_showpub.php?idpers=7439\">SISIUS: Ficha personal<\/a><\/td>\n<td style=\"width: 52.6171%; height: 216px;\">Lunes de 19,00 a 20,30h.<\/p>\n<p>Martes de 12,30 a 13,30h.<\/p>\n<p>Correo electr\u00f3nico:\u00a0<a href=\"mailto:gcobo@us.es\">gcobo@us.es<\/a><\/p>\n<p>Tel\u00e9fono:\u00a0954552878<\/td>\n<\/tr>\n<tr style=\"height: 144px;\">\n<td style=\"width: 46.3091%; height: 144px;\"><a href=\"https:\/\/www.us.es\/trabaja-en-la-us\/directorio\/alberto-contreras-caceres\" target=\"_blank\" rel=\"noopener\"><strong>CONTRERAS C\u00c1CERES, Alberto<\/strong><\/a><\/p>\n<p>Profesor Sustituto Interino<\/p>\n<p><a href=\"https:\/\/investigacion.us.es\/sisius\/sis_showpub.php?idpers=17243\">SISIUS: Ficha personal<\/a><\/td>\n<td style=\"width: 52.6171%; height: 144px;\">\n<div><\/div>\n<div class=\"elementToProof\">\n<p>Jueves de 19 a 20 h<\/p>\n<\/div>\n<p>Correo electr\u00f3nico:\u00a0<a href=\"mailto:acontreras@us.es\">acontreras@us.es<\/a><\/p>\n<p>Tel\u00e9fono:\u00a0954551269<\/td>\n<\/tr>\n<tr style=\"height: 184px;\">\n<td style=\"width: 46.3091%; height: 184px;\"><a href=\"https:\/\/www.us.es\/trabaja-en-la-us\/directorio\/maria-paula-diaz-pita\" target=\"_blank\" rel=\"noopener\"><strong>D\u00cdAZ PITA, M\u00aa. Paula<\/strong><\/a><\/p>\n<p>Catedr\u00e1tica de Universidad<\/p>\n<p><a href=\"https:\/\/investigacion.us.es\/sisius\/sis_showpub.php?idpers=6837\">SISIUS: Ficha personal<\/a><\/td>\n<td style=\"width: 52.6171%; height: 184px;\">Mi\u00e9rcoles y jueves. Se se\u00f1alar\u00e1 d\u00eda y hora \u00a0previa cita por correo electr\u00f3nico enviado\u00a0 \u00a0exclusivamente dentro de la Plataforma de EV<\/p>\n<p>Correo electr\u00f3nico\u00a0<a href=\"mailto:pdp@us.es\">pdp@us.es<\/a><\/p>\n<p>Tel\u00e9fono:\u00a0954557384<\/td>\n<\/tr>\n<tr style=\"height: 136px;\">\n<td style=\"width: 46.3091%; height: 136px;\"><a href=\"https:\/\/www.us.es\/trabaja-en-la-us\/directorio\/maria-luisa-dominguez-barragan\" target=\"_blank\" rel=\"noopener\"><strong>DOM\u00cdNGUEZ BARRAG\u00c1N, M\u00aa. Luisa<\/strong><\/a><\/p>\n<p>Profesora Titular de Universidad<\/p>\n<p><a href=\"https:\/\/investigacion.us.es\/sisius\/sis_showpub.php?idpers=20657\">SISIUS: Ficha personal<\/a><\/td>\n<td style=\"width: 52.6171%; height: 136px;\">\u00a0Presencial.\u00a0 previa cita a trav\u00e9s de correo-e<\/p>\n<p>Correo electr\u00f3nico:\u00a0<a href=\"mailto:mdominguez16@us.es\">mdominguez16@us.es<\/a><\/p>\n<p>Tel\u00e9fono:\u00a0955420130<\/td>\n<\/tr>\n<tr style=\"height: 136px;\">\n<td style=\"width: 46.3091%; height: 136px;\"><a href=\"https:\/\/www.us.es\/trabaja-en-la-us\/directorio\/carlos-fidalgo-gallardo\" target=\"_blank\" rel=\"noopener\"><strong>FIDALGO GALLARDO, Carlos<\/strong><\/a><\/p>\n<p>Profesor Titular de Universidad<\/p>\n<p><a href=\"https:\/\/investigacion.us.es\/sisius\/sis_showpub.php?idpers=7440\">SISIUS: Ficha personal<\/a><\/td>\n<td style=\"width: 52.6171%; height: 136px;\">\u00a0Lunes y martes lectivos, de 12 a 13 h Previa cita confirmada a trav\u00e9s de correo e.: <a href=\"mailto:cfidalgo@us.es\">cfidalgo@us.es<\/a>),<\/p>\n<p>Tel\u00e9fono:\u00a0954557897<\/td>\n<\/tr>\n<tr style=\"height: 160px;\">\n<td style=\"width: 46.3091%; height: 160px;\"><a href=\"https:\/\/www.us.es\/trabaja-en-la-us\/directorio\/jackeline-flores-martin\" target=\"_blank\" rel=\"noopener\"><strong>FLORES MART\u00cdN, Jackeline<\/strong><\/a><\/p>\n<p>Profesora Ayudante Doctora<\/p>\n<p><a href=\"https:\/\/investigacion.us.es\/sisius\/sis_showpub.php?idpers=27077\">SISIUS: Ficha personal<\/a><\/td>\n<td style=\"width: 52.6171%; height: 160px;\">Martes y mi\u00e9rcoles de 11 a 12:30 h.<\/p>\n<p>Previa cita\u00a0 y confirmaci\u00f3n mediante correo-e.:\u00a0<a href=\"mailto:jflores8@us.es\">jflores8@us.es<\/a><\/p>\n<p>Tel\u00e9fono:\u00a0954551269<\/td>\n<\/tr>\n<tr style=\"height: 96px;\">\n<td style=\"width: 46.3091%; height: 96px;\"><span style=\"color: #ad3e3e;\"><strong>GARCIA S\u00c1NCHEZ, M\u00aa. Dolores<\/strong><\/span><\/p>\n<p>Profesora Ayudante Doctora<\/td>\n<td style=\"width: 52.6171%; height: 96px;\">\u00a0\u00a0Previa cita mediante correo-e:\u00a0<a href=\"mailto:mgarcia@us.es\">mgarcia8@us.es<\/a><\/td>\n<\/tr>\n<tr>\n<td style=\"width: 46.3091%;\"><strong><span style=\"color: #ad3e3e;\">GIL GARC\u00cdA, Francisco Salvador<\/span><\/strong><\/p>\n<p>Profesor Sustituto Interino<\/td>\n<td style=\"width: 52.6171%;\">\n<div class=\"elementToProof\">Mi\u00e9rcoles de 17.00 a 19.00 hrs.<\/div>\n<div class=\"elementToProof\"><\/div>\n<div class=\"elementToProof\">\u00abPara una mejor organizaci\u00f3n, se ruega al alumnado solicite cita previa\u00a0 a trav\u00e9s de mensaje al correo electr\u00f3nico de la Universidad de Sevilla<span style=\"font-family: inherit; font-size: inherit;\">: <\/span><a style=\"font-family: inherit; font-size: inherit;\" href=\"mailto:fgil3@us.es\">fgil3@us.es<\/a><\/div>\n<\/td>\n<\/tr>\n<tr style=\"height: 160px;\">\n<td style=\"width: 46.3091%; height: 160px;\"><a href=\"https:\/\/www.us.es\/trabaja-en-la-us\/directorio\/mercedes-llorente-sanchez-arjona\" target=\"_blank\" rel=\"noopener\"><strong>LLORENTE SANCHEZ-ARJO<\/strong><\/a><strong>N<\/strong><a href=\"https:\/\/www.us.es\/trabaja-en-la-us\/directorio\/mercedes-llorente-sanchez-arjona\" target=\"_blank\" rel=\"noopener\"><strong>A, Mercedes<\/strong><\/a><\/p>\n<p>Catedr\u00e1tica de Universidad<\/p>\n<p><a href=\"https:\/\/investigacion.us.es\/sisius\/sis_showpub.php?idpers=2615\">SISIUS: Ficha personal<\/a><\/td>\n<td style=\"width: 52.6171%; height: 160px;\">Previa cita mediante correo e: <a href=\"mailto:msa@us.es\">msa@us.es<\/a><\/p>\n<p>Tel\u00e9fono:\u00a0954557388<\/td>\n<\/tr>\n<tr style=\"height: 136px;\">\n<td style=\"width: 46.3091%; height: 136px;\"><a href=\"https:\/\/www.us.es\/trabaja-en-la-us\/directorio\/maria-leocadia-marmol-perez\" target=\"_blank\" rel=\"noopener\"><strong>M\u00c1RMOL P\u00c9REZ, Leocadia<\/strong><\/a><\/p>\n<p>Profesora Sustituta Interina<\/p>\n<p><a href=\"https:\/\/investigacion.us.es\/sisius\/sis_showpub.php?idpers=4132\">SISIUS: Ficha personal<\/a><\/td>\n<td style=\"width: 52.6171%; height: 136px;\"><strong>Primer Cuatrimestre<\/strong><\/p>\n<ul>\n<li>\u00a0<strong><u>Grado en Derecho<\/u><\/strong><\/li>\n<\/ul>\n<p><em><u>Introducci\u00f3n al Procesal \u00a0Grupo T5<\/u><\/em>: martes y mi\u00e9rcoles a las 20:15h.<\/p>\n<ul>\n<li>\u00a0<strong><u> Grado en Derecho<\/u><\/strong><\/li>\n<\/ul>\n<p><em><u>Introducci\u00f3n al Derecho Procesal T6:<\/u><\/em>\u00a0martes y mi\u00e9rcoles a las 20:15h.<\/p>\n<ul>\n<li>\u00a0<strong><u> Grado en <em>Criminolog\u00eda<\/em><\/u><\/strong><\/li>\n<\/ul>\n<p><em><u>Derecho Procesal Penal Criminolog\u00eda<\/u><\/em>: martes y mi\u00e9rcoles a las 20:15h.<\/p>\n<p>Siempre previa cita solicitada por correo electr\u00f3nico a la profesora.<\/p>\n<p>Correo e:\u00a0\u00a0<a href=\"mailto:marmol@us.es\">marmol@us.es<\/a><\/p>\n<p>Tel\u00e9fono:\u00a0954551269<\/td>\n<\/tr>\n<tr style=\"height: 136px;\">\n<td style=\"width: 46.3091%; height: 136px;\"><a href=\"https:\/\/www.us.es\/trabaja-en-la-us\/directorio\/maria-del-pilar-martin-rios\" target=\"_blank\" rel=\"noopener\"><strong>MART\u00cdN R\u00cdOS, Pilar<\/strong><\/a><\/p>\n<p>Catedr\u00e1tica de Universidad<\/p>\n<p><a href=\"https:\/\/investigacion.us.es\/sisius\/sis_showpub.php?idpers=6835\">SISIUS: Ficha personal<\/a><\/td>\n<td style=\"width: 52.6171%; height: 136px;\">\u00a0Lunes y viernes de 10.30 a 13h<\/p>\n<p>Previa cita mediante Correo electr\u00f3nico: <a href=\"mailto:pilarmar@us.es\">pilarmar@us.es<\/a><\/p>\n<p>Tel\u00e9fono:\u00a0954551173<\/td>\n<\/tr>\n<tr style=\"height: 136px;\">\n<td style=\"width: 46.3091%; height: 136px;\"><a href=\"https:\/\/www.us.es\/trabaja-en-la-us\/directorio\/maria-del-carmen-michi-chaves\" target=\"_blank\" rel=\"noopener\"><strong>MICHI CHAVES, Carmen<\/strong><\/a><\/p>\n<p>Profesora Asociado<\/p>\n<p><a href=\"https:\/\/investigacion.us.es\/sisius\/sis_showpub.php?idpers=29690\">SISIUS: Ficha personal<\/a><\/td>\n<td style=\"width: 52.6171%; height: 136px;\">Lunes y mi\u00e9rcoles de 18 a 19 h.<\/p>\n<p>Previa cita a trav\u00e9s de correo-e.\u00a0 <a href=\"mailto:mmichi@us.es\">mmichi@us.es<\/a><\/p>\n<p>Tel\u00e9fono:\u00a0954551269<\/td>\n<\/tr>\n<tr style=\"height: 160px;\">\n<td style=\"width: 46.3091%; height: 160px;\"><a href=\"https:\/\/www.us.es\/trabaja-en-la-us\/directorio\/maria-angeles-perez-marin\" target=\"_blank\" rel=\"noopener\"><strong>P\u00c9REZ MAR\u00cdN, M\u00aa \u00c1ngeles<\/strong><\/a><\/p>\n<p>Catedr\u00e1tica de Universidad<\/p>\n<p><a href=\"https:\/\/investigacion.us.es\/sisius\/sis_showpub.php?idpers=6831\">SISIUS: Ficha personal<\/a><\/td>\n<td style=\"width: 52.6171%; height: 160px;\">Mi\u00e9rcoles y viernes de 10.30 a 12.30h<\/p>\n<p>Previa cita a trav\u00e9s de Correo electr\u00f3nico:\u00a0<a href=\"mailto:mapmarin@us.es\">mapmarin@us.es<\/a><\/p>\n<p>Tel\u00e9fono:\u00a0954556959<\/td>\n<\/tr>\n<tr style=\"height: 136px;\">\n<td style=\"width: 46.3091%; height: 136px;\"><a href=\"https:\/\/www.us.es\/trabaja-en-la-us\/directorio\/enrique-cesar-perez-luno-robledo\" target=\"_blank\" rel=\"noopener\"><strong>P\u00c9REZ-LU\u00d1O, Enrique<\/strong><\/a><\/p>\n<p>Profesor Ayudante Doctor<\/p>\n<p><a href=\"https:\/\/investigacion.us.es\/sisius\/sis_showpub.php?idpers=14544\">SISIUS: Ficha personal<\/a><\/td>\n<td style=\"width: 52.6171%; height: 136px;\">Previa cita a trav\u00e9s de correo-e:\u00a0<a href=\"mailto:eperezluno@us.es\">eperezluno@us.es<\/a><\/p>\n<p>Tel\u00e9fono:\u00a0954557389<\/td>\n<\/tr>\n<tr style=\"height: 136px;\">\n<td style=\"width: 46.3091%; height: 136px;\"><a href=\"https:\/\/www.us.es\/trabaja-en-la-us\/directorio\/virginia-ramos-febrer\" target=\"_blank\" rel=\"noopener\"><strong>RAMOS FEBRER, Virginia<\/strong><\/a><\/p>\n<p>Profesora Sustituta Interina<\/p>\n<p><a href=\"https:\/\/investigacion.us.es\/sisius\/sis_showpub.php?idpers=28143\">SISIUS: Ficha personal<\/a><\/td>\n<td style=\"width: 52.6171%; height: 136px;\">Jueves y viernes de 18 a 19h<\/p>\n<p>previa cita por correo electr\u00f3nico: <a href=\"mailto:vramos@us.es\">vramos@us.es<\/a><\/p>\n<p>Tel\u00e9fono:\u00a0954551269<\/td>\n<\/tr>\n<tr style=\"height: 136px;\">\n<td style=\"width: 46.3091%; height: 136px;\"><a href=\"https:\/\/www.us.es\/trabaja-en-la-us\/directorio\/luis-revilla-perez\" target=\"_blank\" rel=\"noopener\"><strong>REVILLA P\u00c9REZ, Luis<\/strong><\/a><\/p>\n<p>Profesor Asociado<\/p>\n<p><a href=\"https:\/\/investigacion.us.es\/sisius\/sis_showpub.php?idpers=12214\">SISIUS: Ficha personal<\/a><\/td>\n<td style=\"width: 52.6171%; height: 136px;\">Martes de de 16 a 17h y de 19 a 20h<\/p>\n<p>Mi\u00e9rcoles de 16 a 17h<\/p>\n<p>previa cita a trav\u00e9s\u00a0\u00a0Correo electr\u00f3nico: <a href=\"mailto:lrevilla@us.es\">lrevilla@us.es<\/a><\/p>\n<p>Tel\u00e9fono:\u00a0954552878<\/td>\n<\/tr>\n<tr style=\"height: 96px;\">\n<td style=\"width: 46.3091%; height: 96px;\"><span style=\"color: #ad3e3e;\"><strong>RODRIGUEZ D\u00cdAZ, Carlos<\/strong><\/span><\/p>\n<p>Profesor Sustituto Interino<\/p>\n<p><a href=\"https:\/\/investigacion.us.es\/sisius\/sis_showpub.php?idpers=44225\">SISIUS: Ficha personal<\/a><\/td>\n<td style=\"width: 52.6171%; height: 96px;\">Martes de 16 a 19 h<\/p>\n<p>previa cita a trav\u00e9s de correo-e. <a href=\"mailto:crodriguez4@us.es\">crodriguez4@us.es<\/a><\/p>\n<p>&nbsp;<\/td>\n<\/tr>\n<tr>\n<td style=\"width: 46.3091%;\"><span style=\"color: #ad3e3e;\"><strong>RODRIGUEZ GRAGERA, Sergio<\/strong><\/span><\/p>\n<p>Profesor Sustituto Interino<\/td>\n<td style=\"width: 52.6171%;\">Lunes y Martes de 15:00 a 18:00h<\/p>\n<p>previa cita por email.<\/p>\n<p><a href=\"mailto:srodriguez10@us.es\">srodriguez10@us.es<\/a><\/td>\n<\/tr>\n<tr style=\"height: 224px;\">\n<td style=\"width: 46.3091%; height: 224px;\">&nbsp;<\/p>\n<p><a href=\"https:\/\/www.us.es\/trabaja-en-la-us\/directorio\/maria-isabel-romero-pradas\" target=\"_blank\" rel=\"noopener\"><strong>ROMERO PRADAS, M\u00aa. Isabel<\/strong><\/a><\/p>\n<p>Catedr\u00e1tica de Escuela Universitaria<\/p>\n<p><a href=\"https:\/\/investigacion.us.es\/sisius\/sis_showpub.php?idpers=6830\">SISIUS: Ficha personal<\/a><\/p>\n<p>&nbsp;<\/p>\n<p>&nbsp;<\/td>\n<td style=\"width: 52.6171%; height: 224px;\">Jueves, de 13:30 a 14:30h<\/p>\n<p>Resto de horas a determinar con los alumnos previa cita a trav\u00e9s de EV.<\/p>\n<p>electr\u00f3nico: <a href=\"mailto:miromero@us.es\">miromero@us.es<\/a><\/p>\n<p>Tel\u00e9fono:\u00a0954557382<\/td>\n<\/tr>\n<tr style=\"height: 201px;\">\n<td style=\"width: 46.3091%; height: 201px;\"><span style=\"color: #ad3e3e;\"><strong>SERRANO OCHOA, M\u00aa. \u00c1ngeles<\/strong><\/span><\/p>\n<p>Profesora Sustituta Interina<\/td>\n<td style=\"width: 52.6171%; height: 201px;\">Viernes antes de las 19:00 h<\/p>\n<p>previa cita a trav\u00e9s de correo-e.<a href=\"mailto:mserrano13@us.es\"> mserrano13@us.es<\/a><\/td>\n<\/tr>\n<tr style=\"height: 136px;\">\n<td style=\"width: 46.3091%; height: 136px;\"><span style=\"color: #ad3e3e;\"><strong>TAVORA SERRA, Manuel\u00a0<\/strong><\/span><\/p>\n<p>Profesor Sustituto Interino<\/td>\n<td style=\"width: 52.6171%; height: 136px;\">Martes y mi\u00e9rcoles de 18:00 a 20:00h<\/p>\n<p>\u00abPrevia cita a trav\u00e9s del correo-e. <a href=\"mailto:mtavora@us.es\">mtavora@us.es<\/a><\/td>\n<\/tr>\n<tr style=\"height: 136px;\">\n<td style=\"width: 46.3091%; height: 136px;\"><a href=\"https:\/\/www.us.es\/trabaja-en-la-us\/directorio\/angel-tinoco-pastrana\" target=\"_blank\" rel=\"noopener\"><strong>TINOCO PASTRANA, \u00c1ngel<\/strong><\/a><\/p>\n<p>Profesor Titular Universidad<\/p>\n<p><a href=\"https:\/\/investigacion.us.es\/sisius\/sis_showpub.php?idpers=6828\">SISIUS: Ficha personal<\/a><\/td>\n<td style=\"width: 52.6171%; height: 136px;\">Presencial, previa cita, a trav\u00e9s de correo_eelectr\u00f3nico: <a href=\"mailto:atinoco@us.es\">atinoco@us.es<\/a><\/p>\n<p>Tel\u00e9fono:\u00a0954557385<\/td>\n<\/tr>\n<tr>\n<td style=\"width: 46.3091%;\"><span style=\"color: #ad3e3e;\"><strong>VESTRI, Gabriele<\/strong><\/span><\/p>\n<p>Profesor Ayudante Doctor<\/td>\n<td style=\"width: 52.6171%;\">Previa cita a trav\u00e9s del correo-e.:<a href=\"mailto:gvestri@us.es\">gvestri@us.es<\/a><\/td>\n<\/tr>\n<\/tbody>\n<\/table>\n<p>A trav\u00e9s del siguiente enlace, puede consultar el DIrectorio completo de la Universidad de Sevilla: <a href=\"https:\/\/www.us.es\/trabaja-en-la-us\/directorio\" target=\"_blank\" rel=\"noopener\">DIRECTORIO DE LA US<\/a><\/p>\n<p><strong>COMISIONES DEL DEPARTAMENTO<\/strong><\/p>\n<p><a href=\"https:\/\/departamento.us.es\/derechoprocesal\/wp-content\/uploads\/2025\/07\/COMISIONES-DEL-DEPARTAMENTO.pdf\" class=\"mtli_attachment mtli_pdf\">COMISIONES DEL DEPARTAMENTO<\/a><\/p>\n","protected":false},"excerpt":{"rendered":"<p>Personal docente del Departamento: PROFESOR\/A Tutor\u00edas e informaci\u00f3n CHOCR\u00d3N GIRALDEZ, Ana Mar\u00eda Profesora Titular Universidad SISIUS: Ficha personal Previa cita.<\/p>\n","protected":false},"author":3,"featured_media":0,"parent":0,"menu_order":0,"comment_status":"closed","ping_status":"closed","template":"","meta":{"footnotes":""},"class_list":["post-3746","page","type-page","status-publish","hentry"],"yoast_head":"<!-- This site is optimized with the Yoast SEO plugin v21.9.1 - https:\/\/yoast.com\/wordpress\/plugins\/seo\/ -->\n<title>Profesorado - DERECHO PROCESAL<\/title>\n<meta name=\"robots\" content=\"index, follow, max-snippet:-1, max-image-preview:large, max-video-preview:-1\" \/>\n<link rel=\"canonical\" href=\"https:\/\/departamento.us.es\/derechoprocesal\/profesorado\/\" \/>\n<meta property=\"og:locale\" content=\"es_ES\" \/>\n<meta property=\"og:type\" content=\"article\" \/>\n<meta property=\"og:title\" content=\"Profesorado - DERECHO PROCESAL\" \/>\n<meta property=\"og:description\" content=\"Personal docente del Departamento: PROFESOR\/A Tutor\u00edas e informaci\u00f3n CHOCR\u00d3N GIRALDEZ, Ana Mar\u00eda Profesora Titular Universidad SISIUS: Ficha personal Previa cita.\" \/>\n<meta property=\"og:url\" content=\"https:\/\/departamento.us.es\/derechoprocesal\/profesorado\/\" \/>\n<meta property=\"og:site_name\" content=\"DERECHO PROCESAL\" \/>\n<meta property=\"article:modified_time\" content=\"2026-02-12T12:12:07+00:00\" \/>\n<meta name=\"twitter:card\" content=\"summary_large_image\" \/>\n<meta name=\"twitter:label1\" content=\"Tiempo de lectura\" \/>\n\t<meta name=\"twitter:data1\" content=\"3 minutos\" \/>\n<script type=\"application\/ld+json\" class=\"yoast-schema-graph\">{\"@context\":\"https:\/\/schema.org\",\"@graph\":[{\"@type\":\"WebPage\",\"@id\":\"https:\/\/departamento.us.es\/derechoprocesal\/profesorado\/\",\"url\":\"https:\/\/departamento.us.es\/derechoprocesal\/profesorado\/\",\"name\":\"Profesorado - DERECHO PROCESAL\",\"isPartOf\":{\"@id\":\"https:\/\/departamento.us.es\/derechoprocesal\/#website\"},\"datePublished\":\"2023-10-09T09:10:57+00:00\",\"dateModified\":\"2026-02-12T12:12:07+00:00\",\"breadcrumb\":{\"@id\":\"https:\/\/departamento.us.es\/derechoprocesal\/profesorado\/#breadcrumb\"},\"inLanguage\":\"es\",\"potentialAction\":[{\"@type\":\"ReadAction\",\"target\":[\"https:\/\/departamento.us.es\/derechoprocesal\/profesorado\/\"]}]},{\"@type\":\"BreadcrumbList\",\"@id\":\"https:\/\/departamento.us.es\/derechoprocesal\/profesorado\/#breadcrumb\",\"itemListElement\":[{\"@type\":\"ListItem\",\"position\":1,\"name\":\"Inicio\",\"item\":\"https:\/\/departamento.us.es\/derechoprocesal\/\"},{\"@type\":\"ListItem\",\"position\":2,\"name\":\"Profesorado\"}]},{\"@type\":\"WebSite\",\"@id\":\"https:\/\/departamento.us.es\/derechoprocesal\/#website\",\"url\":\"https:\/\/departamento.us.es\/derechoprocesal\/\",\"name\":\"DERECHO PROCESAL\",\"description\":\"Universidad de Sevilla\",\"publisher\":{\"@id\":\"https:\/\/departamento.us.es\/derechoprocesal\/#organization\"},\"potentialAction\":[{\"@type\":\"SearchAction\",\"target\":{\"@type\":\"EntryPoint\",\"urlTemplate\":\"https:\/\/departamento.us.es\/derechoprocesal\/?s={search_term_string}\"},\"query-input\":\"required name=search_term_string\"}],\"inLanguage\":\"es\"},{\"@type\":\"Organization\",\"@id\":\"https:\/\/departamento.us.es\/derechoprocesal\/#organization\",\"name\":\"DERECHO PROCESAL\",\"url\":\"https:\/\/departamento.us.es\/derechoprocesal\/\",\"logo\":{\"@type\":\"ImageObject\",\"inLanguage\":\"es\",\"@id\":\"https:\/\/departamento.us.es\/derechoprocesal\/#\/schema\/logo\/image\/\",\"url\":\"https:\/\/departamento.us.es\/derechoprocesal\/wp-content\/uploads\/2022\/03\/US-marca-digital-cuadrada-200.png\",\"contentUrl\":\"https:\/\/departamento.us.es\/derechoprocesal\/wp-content\/uploads\/2022\/03\/US-marca-digital-cuadrada-200.png\",\"width\":200,\"height\":205,\"caption\":\"DERECHO PROCESAL\"},\"image\":{\"@id\":\"https:\/\/departamento.us.es\/derechoprocesal\/#\/schema\/logo\/image\/\"}}]}<\/script>\n<!-- \/ Yoast SEO plugin. -->","yoast_head_json":{"title":"Profesorado - DERECHO PROCESAL","robots":{"index":"index","follow":"follow","max-snippet":"max-snippet:-1","max-image-preview":"max-image-preview:large","max-video-preview":"max-video-preview:-1"},"canonical":"https:\/\/departamento.us.es\/derechoprocesal\/profesorado\/","og_locale":"es_ES","og_type":"article","og_title":"Profesorado - DERECHO PROCESAL","og_description":"Personal docente del Departamento: PROFESOR\/A Tutor\u00edas e informaci\u00f3n CHOCR\u00d3N GIRALDEZ, Ana Mar\u00eda Profesora Titular Universidad SISIUS: Ficha personal Previa cita.","og_url":"https:\/\/departamento.us.es\/derechoprocesal\/profesorado\/","og_site_name":"DERECHO PROCESAL","article_modified_time":"2026-02-12T12:12:07+00:00","twitter_card":"summary_large_image","twitter_misc":{"Tiempo de lectura":"3 minutos"},"schema":{"@context":"https:\/\/schema.org","@graph":[{"@type":"WebPage","@id":"https:\/\/departamento.us.es\/derechoprocesal\/profesorado\/","url":"https:\/\/departamento.us.es\/derechoprocesal\/profesorado\/","name":"Profesorado - DERECHO PROCESAL","isPartOf":{"@id":"https:\/\/departamento.us.es\/derechoprocesal\/#website"},"datePublished":"2023-10-09T09:10:57+00:00","dateModified":"2026-02-12T12:12:07+00:00","breadcrumb":{"@id":"https:\/\/departamento.us.es\/derechoprocesal\/profesorado\/#breadcrumb"},"inLanguage":"es","potentialAction":[{"@type":"ReadAction","target":["https:\/\/departamento.us.es\/derechoprocesal\/profesorado\/"]}]},{"@type":"BreadcrumbList","@id":"https:\/\/departamento.us.es\/derechoprocesal\/profesorado\/#breadcrumb","itemListElement":[{"@type":"ListItem","position":1,"name":"Inicio","item":"https:\/\/departamento.us.es\/derechoprocesal\/"},{"@type":"ListItem","position":2,"name":"Profesorado"}]},{"@type":"WebSite","@id":"https:\/\/departamento.us.es\/derechoprocesal\/#website","url":"https:\/\/departamento.us.es\/derechoprocesal\/","name":"DERECHO PROCESAL","description":"Universidad de Sevilla","publisher":{"@id":"https:\/\/departamento.us.es\/derechoprocesal\/#organization"},"potentialAction":[{"@type":"SearchAction","target":{"@type":"EntryPoint","urlTemplate":"https:\/\/departamento.us.es\/derechoprocesal\/?s={search_term_string}"},"query-input":"required name=search_term_string"}],"inLanguage":"es"},{"@type":"Organization","@id":"https:\/\/departamento.us.es\/derechoprocesal\/#organization","name":"DERECHO PROCESAL","url":"https:\/\/departamento.us.es\/derechoprocesal\/","logo":{"@type":"ImageObject","inLanguage":"es","@id":"https:\/\/departamento.us.es\/derechoprocesal\/#\/schema\/logo\/image\/","url":"https:\/\/departamento.us.es\/derechoprocesal\/wp-content\/uploads\/2022\/03\/US-marca-digital-cuadrada-200.png","contentUrl":"https:\/\/departamento.us.es\/derechoprocesal\/wp-content\/uploads\/2022\/03\/US-marca-digital-cuadrada-200.png","width":200,"height":205,"caption":"DERECHO PROCESAL"},"image":{"@id":"https:\/\/departamento.us.es\/derechoprocesal\/#\/schema\/logo\/image\/"}}]}},"_links":{"self":[{"href":"https:\/\/departamento.us.es\/derechoprocesal\/wp-json\/wp\/v2\/pages\/3746","targetHints":{"allow":["GET"]}}],"collection":[{"href":"https:\/\/departamento.us.es\/derechoprocesal\/wp-json\/wp\/v2\/pages"}],"about":[{"href":"https:\/\/departamento.us.es\/derechoprocesal\/wp-json\/wp\/v2\/types\/page"}],"author":[{"embeddable":true,"href":"https:\/\/departamento.us.es\/derechoprocesal\/wp-json\/wp\/v2\/users\/3"}],"replies":[{"embeddable":true,"href":"https:\/\/departamento.us.es\/derechoprocesal\/wp-json\/wp\/v2\/comments?post=3746"}],"version-history":[{"count":0,"href":"https:\/\/departamento.us.es\/derechoprocesal\/wp-json\/wp\/v2\/pages\/3746\/revisions"}],"wp:attachment":[{"href":"https:\/\/departamento.us.es\/derechoprocesal\/wp-json\/wp\/v2\/media?parent=3746"}],"curies":[{"name":"wp","href":"https:\/\/api.w.org\/{rel}","templated":true}]}}