{"id":3965,"date":"2024-03-18T15:32:07","date_gmt":"2024-03-18T15:32:07","guid":{"rendered":"https:\/\/departamento.us.es\/destadio\/?page_id=3965"},"modified":"2025-02-07T07:41:07","modified_gmt":"2025-02-07T07:41:07","slug":"publicaciones","status":"publish","type":"page","link":"https:\/\/departamento.us.es\/destadio\/publicaciones\/","title":{"rendered":"Publicaciones"},"content":{"rendered":"\t\t<div data-elementor-type=\"wp-page\" data-elementor-id=\"3965\" class=\"elementor elementor-3965\" data-elementor-post-type=\"page\">\n\t\t\t\t<div class=\"elementor-element elementor-element-9a5f9ca e-flex e-con-boxed e-con e-parent\" data-id=\"9a5f9ca\" data-element_type=\"container\">\n\t\t\t\t\t<div class=\"e-con-inner\">\n\t\t\t\t<div class=\"elementor-element elementor-element-7e24cf8 elementor-widget elementor-widget-heading\" data-id=\"7e24cf8\" data-element_type=\"widget\" data-widget_type=\"heading.default\">\n\t\t\t\t<div class=\"elementor-widget-container\">\n\t\t\t\t\t<h3 class=\"elementor-heading-title elementor-size-default\">Investigadores<\/h3>\t\t\t\t<\/div>\n\t\t\t\t<\/div>\n\t\t<div class=\"elementor-element elementor-element-aee6527 e-flex e-con-boxed e-con e-child\" data-id=\"aee6527\" data-element_type=\"container\">\n\t\t\t\t\t<div class=\"e-con-inner\">\n\t\t\t\t<div class=\"elementor-element elementor-element-4176fba elementor-widget__width-initial elementor-widget elementor-widget-text-editor\" data-id=\"4176fba\" data-element_type=\"widget\" data-widget_type=\"text-editor.default\">\n\t\t\t\t<div class=\"elementor-widget-container\">\n\t\t\t\t\t\t\t\t\t<table style=\"height: 476px; width: 104.562%;\" border=\"0\" cellspacing=\"0\" cellpadding=\"0\"><tbody><tr style=\"height: 24px;\"><td style=\"width: 100%; border-color: #ffffff; background-color: #ffffff; height: 24px;\" width=\"312\"><a href=\"https:\/\/prisma.us.es\/investigador\/325\" target=\"_blank\" rel=\"noopener\">Barranco Chamorro, Inmaculada<\/a><\/td><\/tr><tr style=\"height: 24px;\"><td style=\"width: 100%; border-color: #ffffff; background-color: #ffffff; height: 24px;\" width=\"312\"><a href=\"https:\/\/prisma.us.es\/investigador\/368\" target=\"_blank\" rel=\"noopener\">Beato Moreno, Antonio<\/a><\/td><\/tr><tr style=\"height: 24px;\"><td style=\"width: 100%; border-color: #ffffff; background-color: #ffffff; height: 24px;\" width=\"312\"><a href=\"https:\/\/prisma.us.es\/investigador\/441\" target=\"_blank\" rel=\"noopener\">Blanquero Bravo, Rafael<\/a><\/td><\/tr><tr style=\"height: 24px;\"><td style=\"width: 100%; border-color: #ffffff; background-color: #ffffff; height: 24px;\" width=\"312\"><a href=\"https:\/\/prisma.us.es\/investigador\/716\" target=\"_blank\" rel=\"noopener\">Carrizosa Priego, Emilio<\/a><\/td><\/tr><tr style=\"height: 24px;\"><td style=\"width: 100%; border-color: #ffffff; background-color: #ffffff; height: 24px;\" width=\"312\"><a href=\"https:\/\/prisma.us.es\/investigador\/890\" target=\"_blank\" rel=\"noopener\">Conde S\u00e1nchez, Eduardo<\/a><\/td><\/tr><tr style=\"height: 24px;\"><td style=\"width: 100%; border-color: #ffffff; background-color: #ffffff; height: 24px;\" width=\"312\"><a href=\"https:\/\/prisma.us.es\/investigador\/992\" target=\"_blank\" rel=\"noopener\">Cubiles de la Vega, Mar\u00eda Dolores<\/a><\/td><\/tr><tr style=\"height: 20px;\"><td style=\"width: 100%; border-color: #ffffff; background-color: #ffffff; height: 20px;\" width=\"312\"><a href=\"https:\/\/prisma.us.es\/investigador\/1153\" target=\"_blank\" rel=\"noopener\">Enguix Gonz\u00e1lez, Alicia<\/a><\/td><\/tr><tr style=\"height: 24px;\"><td style=\"width: 100%; border-color: #ffffff; background-color: #ffffff; height: 24px;\"><a href=\"https:\/\/prisma.us.es\/investigador\/1297\">Fern\u00e1ndez Ponce, Jos\u00e9 Mar\u00eda<\/a><\/td><\/tr><tr style=\"height: 24px;\"><td style=\"width: 100%; border-color: #ffffff; background-color: #ffffff; height: 24px;\"><a href=\"https:\/\/prisma.us.es\/investigador\/9291\" target=\"_blank\" rel=\"noopener\">Fischetti, Martina<\/a><\/td><\/tr><tr style=\"height: 24px;\"><td style=\"width: 100%; border-color: #ffffff; background-color: #ffffff; height: 24px;\" width=\"312\"><a href=\"https:\/\/prisma.us.es\/investigador\/1440\" target=\"_blank\" rel=\"noopener\">G\u00e1lvez Ruiz, David<\/a><\/td><\/tr><tr style=\"height: 24px;\"><td style=\"width: 100%; border-color: #ffffff; background-color: #ffffff; height: 24px;\" width=\"312\"><a href=\"https:\/\/prisma.us.es\/investigador\/1479\" target=\"_blank\" rel=\"noopener\">Garc\u00eda de las Heras, Joaqu\u00edn Antonio<\/a><\/td><\/tr><tr style=\"height: 24px;\"><td style=\"width: 100%; border-color: #ffffff; background-color: #ffffff; height: 24px;\" width=\"312\"><a href=\"https:\/\/prisma.us.es\/investigador\/4669\" target=\"_blank\" rel=\"noopener\">Gerlach Mena, Pablo Jose<\/a><\/td><\/tr><tr style=\"height: 24px;\"><td style=\"width: 100%; border-color: #ffffff; background-color: #ffffff; height: 24px;\" width=\"312\"><a href=\"https:\/\/prisma.us.es\/investigador\/1690\" target=\"_blank\" rel=\"noopener\">G\u00f3mez G\u00f3mez, Mar\u00eda Teresa<\/a><\/td><\/tr><tr style=\"height: 24px;\"><td style=\"width: 100%; border-color: #ffffff; background-color: #ffffff; height: 24px;\" width=\"312\"><a href=\"https:\/\/prisma.us.es\/investigador\/7281\" target=\"_blank\" rel=\"noopener\">Gomez Vargas, Nuria<\/a><\/td><\/tr><tr style=\"height: 24px;\"><td style=\"width: 100%; border-color: #ffffff; background-color: #ffffff; height: 24px;\" width=\"312\"><a href=\"https:\/\/prisma.us.es\/investigador\/7335\" target=\"_blank\" rel=\"noopener\">J\u00e1come Maura, Francisco Jose<\/a><\/td><\/tr><tr style=\"height: 24px;\"><td style=\"width: 100%; border-color: #ffffff; background-color: #ffffff; height: 24px;\" width=\"312\"><a href=\"https:\/\/prisma.us.es\/investigador\/2057\" target=\"_blank\" rel=\"noopener\">Jim\u00e9nez Gamero, Mar\u00eda Dolores<\/a><\/td><\/tr><tr style=\"height: 24px;\"><td style=\"width: 100%; border-color: #ffffff; background-color: #ffffff; height: 24px;\" width=\"312\"><a href=\"https:\/\/prisma.us.es\/investigador\/8180\" target=\"_blank\" rel=\"noopener\">Jimenez Llamas, Rafael<\/a><\/td><\/tr><tr style=\"height: 24px;\"><td style=\"width: 100%; border-color: #ffffff; background-color: #ffffff; height: 24px;\" width=\"312\"><a href=\"https:\/\/prisma.us.es\/investigador\/2234\" target=\"_blank\" rel=\"noopener\">L\u00f3pez Bl\u00e1zquez, Jos\u00e9 Fernando<\/a><\/td><\/tr><tr style=\"height: 24px;\"><td style=\"width: 100%; border-color: #ffffff; background-color: #ffffff; height: 24px;\" width=\"312\"><a href=\"https:\/\/prisma.us.es\/investigador\/2380\" target=\"_blank\" rel=\"noopener\">Luque Calvo, Pedro Luis<\/a><\/td><\/tr><tr style=\"height: 24px;\"><td style=\"width: 100%; border-color: #ffffff; background-color: #ffffff; height: 24px;\" width=\"312\"><a href=\"https:\/\/prisma.us.es\/investigador\/2905\" target=\"_blank\" rel=\"noopener\">Mu\u00f1oz Garc\u00eda, Joaqu\u00edn<\/a><\/td><\/tr><\/tbody><\/table>\t\t\t\t\t\t\t\t<\/div>\n\t\t\t\t<\/div>\n\t\t\t\t<div class=\"elementor-element elementor-element-fc98954 elementor-widget__width-initial elementor-widget elementor-widget-text-editor\" data-id=\"fc98954\" data-element_type=\"widget\" data-widget_type=\"text-editor.default\">\n\t\t\t\t<div class=\"elementor-widget-container\">\n\t\t\t\t\t\t\t\t\t<table style=\"height: 360px; width: 100%;\" border=\"0\" cellspacing=\"0\" cellpadding=\"0\">\n<tbody>\n<tr>\n<td style=\"width: 100%; border-color: #ffffff; background-color: #ffffff;\" width=\"312\"><a href=\"https:\/\/prisma.us.es\/investigador\/2916\" target=\"_blank\" rel=\"noopener\">Mu\u00f1oz Pichardo, Juan Manuel<\/a><\/td>\n<\/tr>\n<tr>\n<td style=\"width: 100%; border-color: #ffffff; background-color: #ffffff;\" width=\"312\"><a href=\"https:\/\/prisma.us.es\/investigador\/2920\" target=\"_blank\" rel=\"noopener\">Mu\u00f1oz Reyes, Ana Mar\u00eda<\/a><\/td>\n<\/tr>\n<tr>\n<td style=\"width: 100%; border-color: #ffffff; background-color: #ffffff;\" width=\"312\"><a href=\"https:\/\/prisma.us.es\/investigador\/3105\" target=\"_blank\" rel=\"noopener\">Osuna G\u00f3mez, Rafaela<\/a><\/td>\n<\/tr>\n<tr>\n<td style=\"width: 100%; border-color: #ffffff; background-color: #ffffff;\" width=\"312\"><a href=\"https:\/\/prisma.us.es\/investigador\/5374\" target=\"_blank\" rel=\"noopener\">Palacios Rodriguez, Fatima<\/a><\/td>\n<\/tr>\n<tr>\n<td style=\"width: 100%; border-color: #ffffff; background-color: #ffffff;\" width=\"312\"><a href=\"https:\/\/prisma.us.es\/investigador\/3177\" target=\"_blank\" rel=\"noopener\">Pascual Acosta, Antonio<\/a><\/td>\n<\/tr>\n<tr>\n<td style=\"width: 100%; border-color: #ffffff; background-color: #ffffff;\" width=\"312\"><a href=\"https:\/\/prisma.us.es\/investigador\/3330\" target=\"_blank\" rel=\"noopener\">Pino Mej\u00edas, Jos\u00e9 Luis<\/a><\/td>\n<\/tr>\n<tr>\n<td style=\"width: 100%; border-color: #ffffff; background-color: #ffffff;\" width=\"312\"><a href=\"https:\/\/prisma.us.es\/investigador\/3332\" target=\"_blank\" rel=\"noopener\">Pino Mej\u00edas, Rafael<\/a><\/td>\n<\/tr>\n<tr>\n<td style=\"width: 100%; border-color: #ffffff; background-color: #ffffff;\" width=\"312\"><a href=\"https:\/\/prisma.us.es\/investigador\/5390\" target=\"_blank\" rel=\"noopener\">Ponce Lopez, Diego<\/a><\/td>\n<\/tr>\n<tr>\n<td style=\"width: 100%; border-color: #ffffff; background-color: #ffffff;\" width=\"312\"><a href=\"https:\/\/prisma.us.es\/investigador\/4918\" target=\"_blank\" rel=\"noopener\">Pozo Monta\u00f1o, Miguel \u00c1ngel<\/a><\/td>\n<\/tr>\n<tr>\n<td style=\"width: 100%; border-color: #ffffff; background-color: #ffffff;\" width=\"312\"><a href=\"https:\/\/prisma.us.es\/investigador\/3414\" target=\"_blank\" rel=\"noopener\">Puerto Albandoz, Justo<\/a><\/td>\n<\/tr>\n<tr>\n<td style=\"width: 100%; border-color: #ffffff; background-color: #ffffff;\" width=\"312\"><a href=\"https:\/\/prisma.us.es\/investigador\/7763\" target=\"_blank\" rel=\"noopener\">Ramirez Ayerbe, Miren Jasone<\/a><\/td>\n<\/tr>\n<tr>\n<td style=\"width: 100%; border-color: #ffffff; background-color: #ffffff;\" width=\"312\"><a href=\"https:\/\/prisma.us.es\/investigador\/9343\" target=\"_blank\" rel=\"noopener\">Romero Madro\u00f1al, Marcos<\/a><\/td>\n<\/tr>\n<tr>\n<td style=\"width: 100%; border-color: #ffffff; background-color: #ffffff;\" width=\"312\"><a href=\"https:\/\/prisma.us.es\/investigador\/3798\" target=\"_blank\" rel=\"noopener\">Rufi\u00e1n Lizana, Antonio<\/a><\/td>\n<\/tr>\n<tr>\n<td style=\"width: 100%; border-color: #ffffff; background-color: #ffffff;\" width=\"312\"><a href=\"https:\/\/prisma.us.es\/investigador\/3851\" target=\"_blank\" rel=\"noopener\">Salamanca Mi\u00f1o, Bego\u00f1a<\/a><\/td>\n<\/tr>\n<tr>\n<td style=\"width: 100%; border-color: #ffffff; background-color: #ffffff;\" width=\"312\"><a href=\"https:\/\/prisma.us.es\/investigador\/5023\" target=\"_blank\" rel=\"noopener\">Sillero Denamiel, Maria Remedios<\/a><\/td>\n<\/tr>\n<tr>\n<td style=\"width: 100%; border-color: #ffffff; background-color: #ffffff;\" width=\"312\"><a href=\"https:\/\/prisma.us.es\/investigador\/7497\" target=\"_blank\" rel=\"noopener\">Temprano Garcia, Francisco<\/a><\/td>\n<\/tr>\n<tr>\n<td style=\"width: 100%; border-color: #ffffff; background-color: #ffffff;\" width=\"312\"><a href=\"https:\/\/prisma.us.es\/investigador\/7980\" target=\"_blank\" rel=\"noopener\">Torrej\u00f3n Valenzuela, Alberto<\/a><\/td>\n<\/tr>\n<tr>\n<td style=\"width: 100%; border-color: #ffffff; background-color: #ffffff;\" width=\"312\"><a href=\"https:\/\/prisma.us.es\/investigador\/4298\" target=\"_blank\" rel=\"noopener\">Vega Guillen, Jer\u00f3nimo<\/a><\/td>\n<\/tr>\n<tr>\n<td style=\"width: 100%; border-color: #ffffff; background-color: #ffffff;\" width=\"312\"><a href=\"https:\/\/prisma.us.es\/investigador\/4403\" target=\"_blank\" rel=\"noopener\">Zafra Garrido, Mar\u00eda Jos\u00e9<\/a><\/td>\n<\/tr>\n\n<\/tbody>\n<\/table>\t\t\t\t\t\t\t\t<\/div>\n\t\t\t\t<\/div>\n\t\t\t\t\t<\/div>\n\t\t\t\t<\/div>\n\t\t\t\t\t<\/div>\n\t\t\t\t<\/div>\n\t\t\t\t<\/div>\n\t\t","protected":false},"excerpt":{"rendered":"<p>Investigadores Barranco Chamorro, Inmaculada Beato Moreno, Antonio Blanquero Bravo, Rafael Carrizosa Priego, Emilio Conde S\u00e1nchez, Eduardo Cubiles de la Vega, Mar\u00eda Dolores Enguix Gonz\u00e1lez, Alicia Fern\u00e1ndez Ponce, Jos\u00e9 Mar\u00eda Fischetti, Martina G\u00e1lvez Ruiz, David Garc\u00eda de las Heras, Joaqu\u00edn Antonio Gerlach Mena, Pablo Jose G\u00f3mez G\u00f3mez, Mar\u00eda Teresa Gomez Vargas, Nuria J\u00e1come Maura, Francisco Jose [&hellip;]<\/p>\n","protected":false},"author":9,"featured_media":0,"parent":0,"menu_order":0,"comment_status":"closed","ping_status":"closed","template":"","meta":{"footnotes":""},"class_list":["post-3965","page","type-page","status-publish","hentry"],"yoast_head":"<!-- This site is optimized with the Yoast SEO plugin v23.4 - https:\/\/yoast.com\/wordpress\/plugins\/seo\/ -->\n<title>Publicaciones - DESTADIO<\/title>\n<meta name=\"robots\" content=\"index, follow, max-snippet:-1, max-image-preview:large, max-video-preview:-1\" \/>\n<link rel=\"canonical\" href=\"https:\/\/departamento.us.es\/destadio\/publicaciones\/\" \/>\n<meta property=\"og:locale\" content=\"es_ES\" \/>\n<meta property=\"og:type\" content=\"article\" \/>\n<meta property=\"og:title\" content=\"Publicaciones - DESTADIO\" \/>\n<meta property=\"og:description\" content=\"Investigadores Barranco Chamorro, Inmaculada Beato Moreno, Antonio Blanquero Bravo, Rafael Carrizosa Priego, Emilio Conde S\u00e1nchez, Eduardo Cubiles de la Vega, Mar\u00eda Dolores Enguix Gonz\u00e1lez, Alicia Fern\u00e1ndez Ponce, Jos\u00e9 Mar\u00eda Fischetti, Martina G\u00e1lvez Ruiz, David Garc\u00eda de las Heras, Joaqu\u00edn Antonio Gerlach Mena, Pablo Jose G\u00f3mez G\u00f3mez, Mar\u00eda Teresa Gomez Vargas, Nuria J\u00e1come Maura, Francisco Jose [&hellip;]\" \/>\n<meta property=\"og:url\" content=\"https:\/\/departamento.us.es\/destadio\/publicaciones\/\" \/>\n<meta property=\"og:site_name\" content=\"DESTADIO\" \/>\n<meta property=\"article:modified_time\" content=\"2025-02-07T07:41:07+00:00\" \/>\n<meta name=\"twitter:card\" content=\"summary_large_image\" \/>\n<meta name=\"twitter:label1\" content=\"Tiempo de lectura\" \/>\n\t<meta name=\"twitter:data1\" content=\"1 minuto\" \/>\n<script type=\"application\/ld+json\" class=\"yoast-schema-graph\">{\"@context\":\"https:\/\/schema.org\",\"@graph\":[{\"@type\":\"WebPage\",\"@id\":\"https:\/\/departamento.us.es\/destadio\/publicaciones\/\",\"url\":\"https:\/\/departamento.us.es\/destadio\/publicaciones\/\",\"name\":\"Publicaciones - DESTADIO\",\"isPartOf\":{\"@id\":\"https:\/\/departamento.us.es\/destadio\/#website\"},\"datePublished\":\"2024-03-18T15:32:07+00:00\",\"dateModified\":\"2025-02-07T07:41:07+00:00\",\"inLanguage\":\"es\",\"potentialAction\":[{\"@type\":\"ReadAction\",\"target\":[\"https:\/\/departamento.us.es\/destadio\/publicaciones\/\"]}]},{\"@type\":\"WebSite\",\"@id\":\"https:\/\/departamento.us.es\/destadio\/#website\",\"url\":\"https:\/\/departamento.us.es\/destadio\/\",\"name\":\"DESTADIO\",\"description\":\"Departamento de Estad\u00edstica e Investigaci\u00f3n Operativa\",\"publisher\":{\"@id\":\"https:\/\/departamento.us.es\/destadio\/#organization\"},\"potentialAction\":[{\"@type\":\"SearchAction\",\"target\":{\"@type\":\"EntryPoint\",\"urlTemplate\":\"https:\/\/departamento.us.es\/destadio\/?s={search_term_string}\"},\"query-input\":{\"@type\":\"PropertyValueSpecification\",\"valueRequired\":true,\"valueName\":\"search_term_string\"}}],\"inLanguage\":\"es\"},{\"@type\":\"Organization\",\"@id\":\"https:\/\/departamento.us.es\/destadio\/#organization\",\"name\":\"DESTADIO\",\"url\":\"https:\/\/departamento.us.es\/destadio\/\",\"logo\":{\"@type\":\"ImageObject\",\"inLanguage\":\"es\",\"@id\":\"https:\/\/departamento.us.es\/destadio\/#\/schema\/logo\/image\/\",\"url\":\"https:\/\/departamento.us.es\/destadio\/wp-content\/uploads\/2022\/03\/logo_us.png\",\"contentUrl\":\"https:\/\/departamento.us.es\/destadio\/wp-content\/uploads\/2022\/03\/logo_us.png\",\"width\":300,\"height\":307,\"caption\":\"DESTADIO\"},\"image\":{\"@id\":\"https:\/\/departamento.us.es\/destadio\/#\/schema\/logo\/image\/\"}}]}<\/script>\n<!-- \/ Yoast SEO plugin. -->","yoast_head_json":{"title":"Publicaciones - DESTADIO","robots":{"index":"index","follow":"follow","max-snippet":"max-snippet:-1","max-image-preview":"max-image-preview:large","max-video-preview":"max-video-preview:-1"},"canonical":"https:\/\/departamento.us.es\/destadio\/publicaciones\/","og_locale":"es_ES","og_type":"article","og_title":"Publicaciones - DESTADIO","og_description":"Investigadores Barranco Chamorro, Inmaculada Beato Moreno, Antonio Blanquero Bravo, Rafael Carrizosa Priego, Emilio Conde S\u00e1nchez, Eduardo Cubiles de la Vega, Mar\u00eda Dolores Enguix Gonz\u00e1lez, Alicia Fern\u00e1ndez Ponce, Jos\u00e9 Mar\u00eda Fischetti, Martina G\u00e1lvez Ruiz, David Garc\u00eda de las Heras, Joaqu\u00edn Antonio Gerlach Mena, Pablo Jose G\u00f3mez G\u00f3mez, Mar\u00eda Teresa Gomez Vargas, Nuria J\u00e1come Maura, Francisco Jose [&hellip;]","og_url":"https:\/\/departamento.us.es\/destadio\/publicaciones\/","og_site_name":"DESTADIO","article_modified_time":"2025-02-07T07:41:07+00:00","twitter_card":"summary_large_image","twitter_misc":{"Tiempo de lectura":"1 minuto"},"schema":{"@context":"https:\/\/schema.org","@graph":[{"@type":"WebPage","@id":"https:\/\/departamento.us.es\/destadio\/publicaciones\/","url":"https:\/\/departamento.us.es\/destadio\/publicaciones\/","name":"Publicaciones - DESTADIO","isPartOf":{"@id":"https:\/\/departamento.us.es\/destadio\/#website"},"datePublished":"2024-03-18T15:32:07+00:00","dateModified":"2025-02-07T07:41:07+00:00","inLanguage":"es","potentialAction":[{"@type":"ReadAction","target":["https:\/\/departamento.us.es\/destadio\/publicaciones\/"]}]},{"@type":"WebSite","@id":"https:\/\/departamento.us.es\/destadio\/#website","url":"https:\/\/departamento.us.es\/destadio\/","name":"DESTADIO","description":"Departamento de Estad\u00edstica e Investigaci\u00f3n Operativa","publisher":{"@id":"https:\/\/departamento.us.es\/destadio\/#organization"},"potentialAction":[{"@type":"SearchAction","target":{"@type":"EntryPoint","urlTemplate":"https:\/\/departamento.us.es\/destadio\/?s={search_term_string}"},"query-input":{"@type":"PropertyValueSpecification","valueRequired":true,"valueName":"search_term_string"}}],"inLanguage":"es"},{"@type":"Organization","@id":"https:\/\/departamento.us.es\/destadio\/#organization","name":"DESTADIO","url":"https:\/\/departamento.us.es\/destadio\/","logo":{"@type":"ImageObject","inLanguage":"es","@id":"https:\/\/departamento.us.es\/destadio\/#\/schema\/logo\/image\/","url":"https:\/\/departamento.us.es\/destadio\/wp-content\/uploads\/2022\/03\/logo_us.png","contentUrl":"https:\/\/departamento.us.es\/destadio\/wp-content\/uploads\/2022\/03\/logo_us.png","width":300,"height":307,"caption":"DESTADIO"},"image":{"@id":"https:\/\/departamento.us.es\/destadio\/#\/schema\/logo\/image\/"}}]}},"_links":{"self":[{"href":"https:\/\/departamento.us.es\/destadio\/wp-json\/wp\/v2\/pages\/3965"}],"collection":[{"href":"https:\/\/departamento.us.es\/destadio\/wp-json\/wp\/v2\/pages"}],"about":[{"href":"https:\/\/departamento.us.es\/destadio\/wp-json\/wp\/v2\/types\/page"}],"author":[{"embeddable":true,"href":"https:\/\/departamento.us.es\/destadio\/wp-json\/wp\/v2\/users\/9"}],"replies":[{"embeddable":true,"href":"https:\/\/departamento.us.es\/destadio\/wp-json\/wp\/v2\/comments?post=3965"}],"version-history":[{"count":0,"href":"https:\/\/departamento.us.es\/destadio\/wp-json\/wp\/v2\/pages\/3965\/revisions"}],"wp:attachment":[{"href":"https:\/\/departamento.us.es\/destadio\/wp-json\/wp\/v2\/media?parent=3965"}],"curies":[{"name":"wp","href":"https:\/\/api.w.org\/{rel}","templated":true}]}}