{"id":3967,"date":"2024-03-18T15:59:09","date_gmt":"2024-03-18T15:59:09","guid":{"rendered":"https:\/\/departamento.us.es\/destadio\/?page_id=3967"},"modified":"2025-02-06T12:07:54","modified_gmt":"2025-02-06T12:07:54","slug":"grupos-de-investigacion","status":"publish","type":"page","link":"https:\/\/departamento.us.es\/destadio\/grupos-de-investigacion\/","title":{"rendered":"Grupos de Investigaci\u00f3n"},"content":{"rendered":"\t\t<div data-elementor-type=\"wp-page\" data-elementor-id=\"3967\" class=\"elementor elementor-3967\" data-elementor-post-type=\"page\">\n\t\t\t\t<div class=\"elementor-element elementor-element-061b2ae e-flex e-con-boxed e-con e-parent\" data-id=\"061b2ae\" data-element_type=\"container\">\n\t\t\t\t\t<div class=\"e-con-inner\">\n\t\t<div class=\"elementor-element elementor-element-f2fffe3 e-flex e-con-boxed e-con e-child\" data-id=\"f2fffe3\" data-element_type=\"container\" data-settings=\"{&quot;background_background&quot;:&quot;classic&quot;}\">\n\t\t\t\t\t<div class=\"e-con-inner\">\n\t\t\t\t<div class=\"elementor-element elementor-element-8afeb20 elementor-widget elementor-widget-heading\" data-id=\"8afeb20\" data-element_type=\"widget\" data-widget_type=\"heading.default\">\n\t\t\t\t<div class=\"elementor-widget-container\">\n\t\t\t\t\t<h5 class=\"elementor-heading-title elementor-size-default\"><a href=\"https:\/\/investigacion.us.es\/sisius\/sis_depgrupos.php?seltext=FQM153&#038;selfield=CODIGO\" target=\"_blank\">Estad\u00edstica e Investigaci\u00f3n Operativa (FQM-153)<\/a><\/h5>\t\t\t\t<\/div>\n\t\t\t\t<\/div>\n\t\t\t\t<div class=\"elementor-element elementor-element-2668f2b elementor-widget elementor-widget-text-editor\" data-id=\"2668f2b\" data-element_type=\"widget\" data-widget_type=\"text-editor.default\">\n\t\t\t\t<div class=\"elementor-widget-container\">\n\t\t\t\t\t\t\t\t\t<p>Responsable: Ana Mar\u00eda Mu\u00f1oz Reyes<\/p>\t\t\t\t\t\t\t\t<\/div>\n\t\t\t\t<\/div>\n\t\t\t\t\t<\/div>\n\t\t\t\t<\/div>\n\t\t<div class=\"elementor-element elementor-element-ea8b1b7 e-flex e-con-boxed e-con e-child\" data-id=\"ea8b1b7\" data-element_type=\"container\" data-settings=\"{&quot;background_background&quot;:&quot;classic&quot;}\">\n\t\t\t\t\t<div class=\"e-con-inner\">\n\t\t\t\t<div class=\"elementor-element elementor-element-eb82810 elementor-widget elementor-widget-heading\" data-id=\"eb82810\" data-element_type=\"widget\" data-widget_type=\"heading.default\">\n\t\t\t\t<div class=\"elementor-widget-container\">\n\t\t\t\t\t<h5 class=\"elementor-heading-title elementor-size-default\"><a href=\"https:\/\/investigacion.us.es\/sisius\/sis_depgrupos.php?seltext=FQM328&#038;selfield=CODIGO\" target=\"_blank\">M\u00e9todos Cuantitativos en Evaluaci\u00f3n (FQM-328)<\/a><\/h5>\t\t\t\t<\/div>\n\t\t\t\t<\/div>\n\t\t\t\t<div class=\"elementor-element elementor-element-827f141 elementor-widget elementor-widget-text-editor\" data-id=\"827f141\" data-element_type=\"widget\" data-widget_type=\"text-editor.default\">\n\t\t\t\t<div class=\"elementor-widget-container\">\n\t\t\t\t\t\t\t\t\t<p>Responsable: Jos\u00e9 Luis Pino Mej\u00edas<\/p>\t\t\t\t\t\t\t\t<\/div>\n\t\t\t\t<\/div>\n\t\t\t\t\t<\/div>\n\t\t\t\t<\/div>\n\t\t\t\t\t<\/div>\n\t\t\t\t<\/div>\n\t\t<div class=\"elementor-element elementor-element-d93e1a1 e-flex e-con-boxed e-con e-parent\" data-id=\"d93e1a1\" data-element_type=\"container\">\n\t\t\t\t\t<div class=\"e-con-inner\">\n\t\t<div class=\"elementor-element elementor-element-f289fe3 e-flex e-con-boxed e-con e-child\" data-id=\"f289fe3\" data-element_type=\"container\" data-settings=\"{&quot;background_background&quot;:&quot;classic&quot;}\">\n\t\t\t\t\t<div class=\"e-con-inner\">\n\t\t\t\t<div class=\"elementor-element elementor-element-2f75253 elementor-widget elementor-widget-heading\" data-id=\"2f75253\" data-element_type=\"widget\" data-widget_type=\"heading.default\">\n\t\t\t\t<div class=\"elementor-widget-container\">\n\t\t\t\t\t<h5 class=\"elementor-heading-title elementor-size-default\"><a href=\"https:\/\/investigacion.us.es\/sisius\/sis_depgrupos.php?seltext=FQM329&#038;selfield=CODIGO\" target=\"_blank\">Optimizaci\u00f3n (FQM-329)<\/a><\/h5>\t\t\t\t<\/div>\n\t\t\t\t<\/div>\n\t\t\t\t<div class=\"elementor-element elementor-element-d30a4b2 elementor-widget elementor-widget-text-editor\" data-id=\"d30a4b2\" data-element_type=\"widget\" data-widget_type=\"text-editor.default\">\n\t\t\t\t<div class=\"elementor-widget-container\">\n\t\t\t\t\t\t\t\t\t<p>Responsable: Rafael Blanquero Bravo<\/p><p>WEB: <a href=\"https:\/\/www.grupo.us.es\/gioptim\" target=\"_blank\" rel=\"noopener\">https:\/\/www.grupo.us.es\/gioptim<\/a><\/p>\t\t\t\t\t\t\t\t<\/div>\n\t\t\t\t<\/div>\n\t\t\t\t\t<\/div>\n\t\t\t\t<\/div>\n\t\t<div class=\"elementor-element elementor-element-b3255a1 e-flex e-con-boxed e-con e-child\" data-id=\"b3255a1\" data-element_type=\"container\" data-settings=\"{&quot;background_background&quot;:&quot;classic&quot;}\">\n\t\t\t\t\t<div class=\"e-con-inner\">\n\t\t\t\t<div class=\"elementor-element elementor-element-0e9132c elementor-widget elementor-widget-heading\" data-id=\"0e9132c\" data-element_type=\"widget\" data-widget_type=\"heading.default\">\n\t\t\t\t<div class=\"elementor-widget-container\">\n\t\t\t\t\t<h5 class=\"elementor-heading-title elementor-size-default\"><a href=\"https:\/\/investigacion.us.es\/sisius\/sis_depgrupos.php?seltext=FQM331&#038;selfield=CODIGO\" target=\"_blank\">M\u00e9todos y Modelos de la Estad\u00edstica y la Investigaci\u00f3n Operativa (FQM-331)<\/a><\/h5>\t\t\t\t<\/div>\n\t\t\t\t<\/div>\n\t\t\t\t<div class=\"elementor-element elementor-element-9f16dba elementor-widget elementor-widget-text-editor\" data-id=\"9f16dba\" data-element_type=\"widget\" data-widget_type=\"text-editor.default\">\n\t\t\t\t<div class=\"elementor-widget-container\">\n\t\t\t\t\t\t\t\t\t<p>Responsable: Jos\u00e9 Fernando L\u00f3pez Bl\u00e1zquez<\/p>\t\t\t\t\t\t\t\t<\/div>\n\t\t\t\t<\/div>\n\t\t\t\t\t<\/div>\n\t\t\t\t<\/div>\n\t\t\t\t\t<\/div>\n\t\t\t\t<\/div>\n\t\t\t\t<\/div>\n\t\t","protected":false},"excerpt":{"rendered":"<p>Estad\u00edstica e Investigaci\u00f3n Operativa (FQM-153) Responsable: Ana Mar\u00eda Mu\u00f1oz Reyes M\u00e9todos Cuantitativos en Evaluaci\u00f3n (FQM-328) Responsable: Jos\u00e9 Luis Pino Mej\u00edas Optimizaci\u00f3n (FQM-329) Responsable: Rafael Blanquero Bravo WEB: https:\/\/www.grupo.us.es\/gioptim M\u00e9todos y Modelos de la Estad\u00edstica y la Investigaci\u00f3n Operativa (FQM-331) Responsable: Jos\u00e9 Fernando L\u00f3pez Bl\u00e1zquez<\/p>\n","protected":false},"author":9,"featured_media":0,"parent":0,"menu_order":0,"comment_status":"closed","ping_status":"closed","template":"","meta":{"footnotes":""},"class_list":["post-3967","page","type-page","status-publish","hentry"],"yoast_head":"<!-- This site is optimized with the Yoast SEO plugin v27.4 - https:\/\/yoast.com\/product\/yoast-seo-wordpress\/ -->\n<title>Grupos de Investigaci\u00f3n - DESTADIO<\/title>\n<meta name=\"robots\" content=\"index, follow, max-snippet:-1, max-image-preview:large, max-video-preview:-1\" \/>\n<link rel=\"canonical\" href=\"https:\/\/departamento.us.es\/destadio\/grupos-de-investigacion\/\" \/>\n<meta property=\"og:locale\" content=\"es_ES\" \/>\n<meta property=\"og:type\" content=\"article\" \/>\n<meta property=\"og:title\" content=\"Grupos de Investigaci\u00f3n - DESTADIO\" \/>\n<meta property=\"og:description\" content=\"Estad\u00edstica e Investigaci\u00f3n Operativa (FQM-153) Responsable: Ana Mar\u00eda Mu\u00f1oz Reyes M\u00e9todos Cuantitativos en Evaluaci\u00f3n (FQM-328) Responsable: Jos\u00e9 Luis Pino Mej\u00edas Optimizaci\u00f3n (FQM-329) Responsable: Rafael Blanquero Bravo WEB: https:\/\/www.grupo.us.es\/gioptim M\u00e9todos y Modelos de la Estad\u00edstica y la Investigaci\u00f3n Operativa (FQM-331) Responsable: Jos\u00e9 Fernando L\u00f3pez Bl\u00e1zquez\" \/>\n<meta property=\"og:url\" content=\"https:\/\/departamento.us.es\/destadio\/grupos-de-investigacion\/\" \/>\n<meta property=\"og:site_name\" content=\"DESTADIO\" \/>\n<meta property=\"article:modified_time\" content=\"2025-02-06T12:07:54+00:00\" \/>\n<meta name=\"twitter:card\" content=\"summary_large_image\" \/>\n<meta name=\"twitter:label1\" content=\"Tiempo de lectura\" \/>\n\t<meta name=\"twitter:data1\" content=\"1 minuto\" \/>\n<script type=\"application\/ld+json\" class=\"yoast-schema-graph\">{\"@context\":\"https:\\\/\\\/schema.org\",\"@graph\":[{\"@type\":\"WebPage\",\"@id\":\"https:\\\/\\\/departamento.us.es\\\/destadio\\\/grupos-de-investigacion\\\/\",\"url\":\"https:\\\/\\\/departamento.us.es\\\/destadio\\\/grupos-de-investigacion\\\/\",\"name\":\"Grupos de Investigaci\u00f3n - DESTADIO\",\"isPartOf\":{\"@id\":\"https:\\\/\\\/departamento.us.es\\\/destadio\\\/#website\"},\"datePublished\":\"2024-03-18T15:59:09+00:00\",\"dateModified\":\"2025-02-06T12:07:54+00:00\",\"inLanguage\":\"es\",\"potentialAction\":[{\"@type\":\"ReadAction\",\"target\":[\"https:\\\/\\\/departamento.us.es\\\/destadio\\\/grupos-de-investigacion\\\/\"]}]},{\"@type\":\"WebSite\",\"@id\":\"https:\\\/\\\/departamento.us.es\\\/destadio\\\/#website\",\"url\":\"https:\\\/\\\/departamento.us.es\\\/destadio\\\/\",\"name\":\"DESTADIO\",\"description\":\"Departamento de Estad\u00edstica e Investigaci\u00f3n Operativa\",\"publisher\":{\"@id\":\"https:\\\/\\\/departamento.us.es\\\/destadio\\\/#organization\"},\"potentialAction\":[{\"@type\":\"SearchAction\",\"target\":{\"@type\":\"EntryPoint\",\"urlTemplate\":\"https:\\\/\\\/departamento.us.es\\\/destadio\\\/?s={search_term_string}\"},\"query-input\":{\"@type\":\"PropertyValueSpecification\",\"valueRequired\":true,\"valueName\":\"search_term_string\"}}],\"inLanguage\":\"es\"},{\"@type\":\"Organization\",\"@id\":\"https:\\\/\\\/departamento.us.es\\\/destadio\\\/#organization\",\"name\":\"DESTADIO\",\"url\":\"https:\\\/\\\/departamento.us.es\\\/destadio\\\/\",\"logo\":{\"@type\":\"ImageObject\",\"inLanguage\":\"es\",\"@id\":\"https:\\\/\\\/departamento.us.es\\\/destadio\\\/#\\\/schema\\\/logo\\\/image\\\/\",\"url\":\"https:\\\/\\\/departamento.us.es\\\/destadio\\\/wp-content\\\/uploads\\\/2022\\\/03\\\/logo_us.png\",\"contentUrl\":\"https:\\\/\\\/departamento.us.es\\\/destadio\\\/wp-content\\\/uploads\\\/2022\\\/03\\\/logo_us.png\",\"width\":300,\"height\":307,\"caption\":\"DESTADIO\"},\"image\":{\"@id\":\"https:\\\/\\\/departamento.us.es\\\/destadio\\\/#\\\/schema\\\/logo\\\/image\\\/\"}}]}<\/script>\n<!-- \/ Yoast SEO plugin. -->","yoast_head_json":{"title":"Grupos de Investigaci\u00f3n - DESTADIO","robots":{"index":"index","follow":"follow","max-snippet":"max-snippet:-1","max-image-preview":"max-image-preview:large","max-video-preview":"max-video-preview:-1"},"canonical":"https:\/\/departamento.us.es\/destadio\/grupos-de-investigacion\/","og_locale":"es_ES","og_type":"article","og_title":"Grupos de Investigaci\u00f3n - DESTADIO","og_description":"Estad\u00edstica e Investigaci\u00f3n Operativa (FQM-153) Responsable: Ana Mar\u00eda Mu\u00f1oz Reyes M\u00e9todos Cuantitativos en Evaluaci\u00f3n (FQM-328) Responsable: Jos\u00e9 Luis Pino Mej\u00edas Optimizaci\u00f3n (FQM-329) Responsable: Rafael Blanquero Bravo WEB: https:\/\/www.grupo.us.es\/gioptim M\u00e9todos y Modelos de la Estad\u00edstica y la Investigaci\u00f3n Operativa (FQM-331) Responsable: Jos\u00e9 Fernando L\u00f3pez Bl\u00e1zquez","og_url":"https:\/\/departamento.us.es\/destadio\/grupos-de-investigacion\/","og_site_name":"DESTADIO","article_modified_time":"2025-02-06T12:07:54+00:00","twitter_card":"summary_large_image","twitter_misc":{"Tiempo de lectura":"1 minuto"},"schema":{"@context":"https:\/\/schema.org","@graph":[{"@type":"WebPage","@id":"https:\/\/departamento.us.es\/destadio\/grupos-de-investigacion\/","url":"https:\/\/departamento.us.es\/destadio\/grupos-de-investigacion\/","name":"Grupos de Investigaci\u00f3n - DESTADIO","isPartOf":{"@id":"https:\/\/departamento.us.es\/destadio\/#website"},"datePublished":"2024-03-18T15:59:09+00:00","dateModified":"2025-02-06T12:07:54+00:00","inLanguage":"es","potentialAction":[{"@type":"ReadAction","target":["https:\/\/departamento.us.es\/destadio\/grupos-de-investigacion\/"]}]},{"@type":"WebSite","@id":"https:\/\/departamento.us.es\/destadio\/#website","url":"https:\/\/departamento.us.es\/destadio\/","name":"DESTADIO","description":"Departamento de Estad\u00edstica e Investigaci\u00f3n Operativa","publisher":{"@id":"https:\/\/departamento.us.es\/destadio\/#organization"},"potentialAction":[{"@type":"SearchAction","target":{"@type":"EntryPoint","urlTemplate":"https:\/\/departamento.us.es\/destadio\/?s={search_term_string}"},"query-input":{"@type":"PropertyValueSpecification","valueRequired":true,"valueName":"search_term_string"}}],"inLanguage":"es"},{"@type":"Organization","@id":"https:\/\/departamento.us.es\/destadio\/#organization","name":"DESTADIO","url":"https:\/\/departamento.us.es\/destadio\/","logo":{"@type":"ImageObject","inLanguage":"es","@id":"https:\/\/departamento.us.es\/destadio\/#\/schema\/logo\/image\/","url":"https:\/\/departamento.us.es\/destadio\/wp-content\/uploads\/2022\/03\/logo_us.png","contentUrl":"https:\/\/departamento.us.es\/destadio\/wp-content\/uploads\/2022\/03\/logo_us.png","width":300,"height":307,"caption":"DESTADIO"},"image":{"@id":"https:\/\/departamento.us.es\/destadio\/#\/schema\/logo\/image\/"}}]}},"_links":{"self":[{"href":"https:\/\/departamento.us.es\/destadio\/wp-json\/wp\/v2\/pages\/3967","targetHints":{"allow":["GET"]}}],"collection":[{"href":"https:\/\/departamento.us.es\/destadio\/wp-json\/wp\/v2\/pages"}],"about":[{"href":"https:\/\/departamento.us.es\/destadio\/wp-json\/wp\/v2\/types\/page"}],"author":[{"embeddable":true,"href":"https:\/\/departamento.us.es\/destadio\/wp-json\/wp\/v2\/users\/9"}],"replies":[{"embeddable":true,"href":"https:\/\/departamento.us.es\/destadio\/wp-json\/wp\/v2\/comments?post=3967"}],"version-history":[{"count":0,"href":"https:\/\/departamento.us.es\/destadio\/wp-json\/wp\/v2\/pages\/3967\/revisions"}],"wp:attachment":[{"href":"https:\/\/departamento.us.es\/destadio\/wp-json\/wp\/v2\/media?parent=3967"}],"curies":[{"name":"wp","href":"https:\/\/api.w.org\/{rel}","templated":true}]}}