{"id":3971,"date":"2024-03-19T07:14:06","date_gmt":"2024-03-19T07:14:06","guid":{"rendered":"https:\/\/departamento.us.es\/destadio\/?page_id=3971"},"modified":"2025-10-21T10:35:18","modified_gmt":"2025-10-21T10:35:18","slug":"alumnos-internos","status":"publish","type":"page","link":"https:\/\/departamento.us.es\/destadio\/alumnos-internos\/","title":{"rendered":"Alumnos Internos"},"content":{"rendered":"\t\t<div data-elementor-type=\"wp-page\" data-elementor-id=\"3971\" class=\"elementor elementor-3971\" data-elementor-post-type=\"page\">\n\t\t\t\t<div class=\"elementor-element elementor-element-c757b5a e-flex e-con-boxed e-con e-parent\" data-id=\"c757b5a\" data-element_type=\"container\">\n\t\t\t\t\t<div class=\"e-con-inner\">\n\t\t\t\t<div class=\"elementor-element elementor-element-051bb1d elementor-position-left elementor-mobile-position-left elementor-view-default elementor-widget elementor-widget-icon-box\" data-id=\"051bb1d\" data-element_type=\"widget\" data-widget_type=\"icon-box.default\">\n\t\t\t\t<div class=\"elementor-widget-container\">\n\t\t\t\t\t\t\t<div class=\"elementor-icon-box-wrapper\">\n\n\t\t\t\t\t\t<div class=\"elementor-icon-box-icon\">\n\t\t\t\t<a href=\"https:\/\/departamento.us.es\/destadio\/5-2_convocatoria\/\" target=\"_blank\" class=\"elementor-icon\" tabindex=\"-1\" aria-label=\"Convocatoria 2025-26\">\n\t\t\t\t<i aria-hidden=\"true\" class=\"far fa-file-pdf\"><\/i>\t\t\t\t<\/a>\n\t\t\t<\/div>\n\t\t\t\n\t\t\t\t\t\t<div class=\"elementor-icon-box-content\">\n\n\t\t\t\t\t\t\t\t\t<h5 class=\"elementor-icon-box-title\">\n\t\t\t\t\t\t<a href=\"https:\/\/departamento.us.es\/destadio\/5-2_convocatoria\/\" target=\"_blank\" >\n\t\t\t\t\t\t\tConvocatoria 2025-26\t\t\t\t\t\t<\/a>\n\t\t\t\t\t<\/h5>\n\t\t\t\t\n\t\t\t\t\n\t\t\t<\/div>\n\t\t\t\n\t\t<\/div>\n\t\t\t\t\t\t<\/div>\n\t\t\t\t<\/div>\n\t\t\t\t<div class=\"elementor-element elementor-element-bb03b2f elementor-position-left elementor-view-default elementor-widget elementor-widget-icon-box\" data-id=\"bb03b2f\" data-element_type=\"widget\" data-widget_type=\"icon-box.default\">\n\t\t\t\t<div class=\"elementor-widget-container\">\n\t\t\t\t\t\t\t<div class=\"elementor-icon-box-wrapper\">\n\n\t\t\t\t\t\t<div class=\"elementor-icon-box-icon\">\n\t\t\t\t<a href=\"https:\/\/departamento.us.es\/destadio\/5-1_solicitud\/\" target=\"_blank\" class=\"elementor-icon\" tabindex=\"-1\" aria-label=\"Solicitud\">\n\t\t\t\t<i aria-hidden=\"true\" class=\"far fa-file-pdf\"><\/i>\t\t\t\t<\/a>\n\t\t\t<\/div>\n\t\t\t\n\t\t\t\t\t\t<div class=\"elementor-icon-box-content\">\n\n\t\t\t\t\t\t\t\t\t<h5 class=\"elementor-icon-box-title\">\n\t\t\t\t\t\t<a href=\"https:\/\/departamento.us.es\/destadio\/5-1_solicitud\/\" target=\"_blank\" >\n\t\t\t\t\t\t\tSolicitud\t\t\t\t\t\t<\/a>\n\t\t\t\t\t<\/h5>\n\t\t\t\t\n\t\t\t\t\n\t\t\t<\/div>\n\t\t\t\n\t\t<\/div>\n\t\t\t\t\t\t<\/div>\n\t\t\t\t<\/div>\n\t\t\t\t<div class=\"elementor-element elementor-element-a3c4e03 elementor-widget elementor-widget-heading\" data-id=\"a3c4e03\" data-element_type=\"widget\" data-widget_type=\"heading.default\">\n\t\t\t\t<div class=\"elementor-widget-container\">\n\t\t\t\t\t<h5 class=\"elementor-heading-title elementor-size-default\">Alumnos 2024-25<\/h5>\t\t\t\t<\/div>\n\t\t\t\t<\/div>\n\t\t\t\t<div class=\"elementor-element elementor-element-df0d498 elementor-widget elementor-widget-text-editor\" data-id=\"df0d498\" data-element_type=\"widget\" data-widget_type=\"text-editor.default\">\n\t\t\t\t<div class=\"elementor-widget-container\">\n\t\t\t\t\t\t\t\t\t<ul><li>Ezc\u00e1nez Garc\u00eda, Jairo\u00a0 \u00a0 \u00a0 \u00a0 \u00a0 \u00a0(Doble Grado en Ingenier\u00eda Inform\u00e1tica y Matem\u00e1ticas)<\/li><li>Nieto Castro, Clara\u00a0 \u00a0 \u00a0 \u00a0 \u00a0 \u00a0 \u00a0 \u00a0 (Doble Grado en Matem\u00e1ticas y Estad\u00edstica)<\/li><li>Ribelles S\u00e1nchez, Javier\u00a0 \u00a0 \u00a0 (Doble Grado en Matem\u00e1ticas y Estad\u00edstica)<\/li><li>S\u00e1nchez Guerreo, Virginia\u00a0 \u00a0(Grado en Matem\u00e1ticas)<\/li><\/ul>\t\t\t\t\t\t\t\t<\/div>\n\t\t\t\t<\/div>\n\t\t\t\t\t<\/div>\n\t\t\t\t<\/div>\n\t\t\t\t<\/div>\n\t\t","protected":false},"excerpt":{"rendered":"<p>Convocatoria 2025-26 Solicitud Alumnos 2024-25 Ezc\u00e1nez Garc\u00eda, Jairo\u00a0 \u00a0 \u00a0 \u00a0 \u00a0 \u00a0(Doble Grado en Ingenier\u00eda Inform\u00e1tica y Matem\u00e1ticas) Nieto Castro, Clara\u00a0 \u00a0 \u00a0 \u00a0 \u00a0 \u00a0 \u00a0 \u00a0 (Doble Grado en Matem\u00e1ticas y Estad\u00edstica) Ribelles S\u00e1nchez, Javier\u00a0 \u00a0 \u00a0 (Doble Grado en Matem\u00e1ticas y Estad\u00edstica) S\u00e1nchez Guerreo, Virginia\u00a0 \u00a0(Grado en Matem\u00e1ticas)<\/p>\n","protected":false},"author":9,"featured_media":0,"parent":0,"menu_order":0,"comment_status":"closed","ping_status":"closed","template":"","meta":{"footnotes":""},"class_list":["post-3971","page","type-page","status-publish","hentry"],"yoast_head":"<!-- This site is optimized with the Yoast SEO plugin v27.4 - https:\/\/yoast.com\/product\/yoast-seo-wordpress\/ -->\n<title>Alumnos Internos - DESTADIO<\/title>\n<meta name=\"robots\" content=\"index, follow, max-snippet:-1, max-image-preview:large, max-video-preview:-1\" \/>\n<link rel=\"canonical\" href=\"https:\/\/departamento.us.es\/destadio\/alumnos-internos\/\" \/>\n<meta property=\"og:locale\" content=\"es_ES\" \/>\n<meta property=\"og:type\" content=\"article\" \/>\n<meta property=\"og:title\" content=\"Alumnos Internos - DESTADIO\" \/>\n<meta property=\"og:description\" content=\"Convocatoria 2025-26 Solicitud Alumnos 2024-25 Ezc\u00e1nez Garc\u00eda, Jairo\u00a0 \u00a0 \u00a0 \u00a0 \u00a0 \u00a0(Doble Grado en Ingenier\u00eda Inform\u00e1tica y Matem\u00e1ticas) Nieto Castro, Clara\u00a0 \u00a0 \u00a0 \u00a0 \u00a0 \u00a0 \u00a0 \u00a0 (Doble Grado en Matem\u00e1ticas y Estad\u00edstica) Ribelles S\u00e1nchez, Javier\u00a0 \u00a0 \u00a0 (Doble Grado en Matem\u00e1ticas y Estad\u00edstica) S\u00e1nchez Guerreo, Virginia\u00a0 \u00a0(Grado en Matem\u00e1ticas)\" \/>\n<meta property=\"og:url\" content=\"https:\/\/departamento.us.es\/destadio\/alumnos-internos\/\" \/>\n<meta property=\"og:site_name\" content=\"DESTADIO\" \/>\n<meta property=\"article:modified_time\" content=\"2025-10-21T10:35:18+00:00\" \/>\n<meta name=\"twitter:card\" content=\"summary_large_image\" \/>\n<meta name=\"twitter:label1\" content=\"Tiempo de lectura\" \/>\n\t<meta name=\"twitter:data1\" content=\"1 minuto\" \/>\n<script type=\"application\/ld+json\" class=\"yoast-schema-graph\">{\"@context\":\"https:\\\/\\\/schema.org\",\"@graph\":[{\"@type\":\"WebPage\",\"@id\":\"https:\\\/\\\/departamento.us.es\\\/destadio\\\/alumnos-internos\\\/\",\"url\":\"https:\\\/\\\/departamento.us.es\\\/destadio\\\/alumnos-internos\\\/\",\"name\":\"Alumnos Internos - DESTADIO\",\"isPartOf\":{\"@id\":\"https:\\\/\\\/departamento.us.es\\\/destadio\\\/#website\"},\"datePublished\":\"2024-03-19T07:14:06+00:00\",\"dateModified\":\"2025-10-21T10:35:18+00:00\",\"inLanguage\":\"es\",\"potentialAction\":[{\"@type\":\"ReadAction\",\"target\":[\"https:\\\/\\\/departamento.us.es\\\/destadio\\\/alumnos-internos\\\/\"]}]},{\"@type\":\"WebSite\",\"@id\":\"https:\\\/\\\/departamento.us.es\\\/destadio\\\/#website\",\"url\":\"https:\\\/\\\/departamento.us.es\\\/destadio\\\/\",\"name\":\"DESTADIO\",\"description\":\"Departamento de Estad\u00edstica e Investigaci\u00f3n Operativa\",\"publisher\":{\"@id\":\"https:\\\/\\\/departamento.us.es\\\/destadio\\\/#organization\"},\"potentialAction\":[{\"@type\":\"SearchAction\",\"target\":{\"@type\":\"EntryPoint\",\"urlTemplate\":\"https:\\\/\\\/departamento.us.es\\\/destadio\\\/?s={search_term_string}\"},\"query-input\":{\"@type\":\"PropertyValueSpecification\",\"valueRequired\":true,\"valueName\":\"search_term_string\"}}],\"inLanguage\":\"es\"},{\"@type\":\"Organization\",\"@id\":\"https:\\\/\\\/departamento.us.es\\\/destadio\\\/#organization\",\"name\":\"DESTADIO\",\"url\":\"https:\\\/\\\/departamento.us.es\\\/destadio\\\/\",\"logo\":{\"@type\":\"ImageObject\",\"inLanguage\":\"es\",\"@id\":\"https:\\\/\\\/departamento.us.es\\\/destadio\\\/#\\\/schema\\\/logo\\\/image\\\/\",\"url\":\"https:\\\/\\\/departamento.us.es\\\/destadio\\\/wp-content\\\/uploads\\\/2022\\\/03\\\/logo_us.png\",\"contentUrl\":\"https:\\\/\\\/departamento.us.es\\\/destadio\\\/wp-content\\\/uploads\\\/2022\\\/03\\\/logo_us.png\",\"width\":300,\"height\":307,\"caption\":\"DESTADIO\"},\"image\":{\"@id\":\"https:\\\/\\\/departamento.us.es\\\/destadio\\\/#\\\/schema\\\/logo\\\/image\\\/\"}}]}<\/script>\n<!-- \/ Yoast SEO plugin. -->","yoast_head_json":{"title":"Alumnos Internos - DESTADIO","robots":{"index":"index","follow":"follow","max-snippet":"max-snippet:-1","max-image-preview":"max-image-preview:large","max-video-preview":"max-video-preview:-1"},"canonical":"https:\/\/departamento.us.es\/destadio\/alumnos-internos\/","og_locale":"es_ES","og_type":"article","og_title":"Alumnos Internos - DESTADIO","og_description":"Convocatoria 2025-26 Solicitud Alumnos 2024-25 Ezc\u00e1nez Garc\u00eda, Jairo\u00a0 \u00a0 \u00a0 \u00a0 \u00a0 \u00a0(Doble Grado en Ingenier\u00eda Inform\u00e1tica y Matem\u00e1ticas) Nieto Castro, Clara\u00a0 \u00a0 \u00a0 \u00a0 \u00a0 \u00a0 \u00a0 \u00a0 (Doble Grado en Matem\u00e1ticas y Estad\u00edstica) Ribelles S\u00e1nchez, Javier\u00a0 \u00a0 \u00a0 (Doble Grado en Matem\u00e1ticas y Estad\u00edstica) S\u00e1nchez Guerreo, Virginia\u00a0 \u00a0(Grado en Matem\u00e1ticas)","og_url":"https:\/\/departamento.us.es\/destadio\/alumnos-internos\/","og_site_name":"DESTADIO","article_modified_time":"2025-10-21T10:35:18+00:00","twitter_card":"summary_large_image","twitter_misc":{"Tiempo de lectura":"1 minuto"},"schema":{"@context":"https:\/\/schema.org","@graph":[{"@type":"WebPage","@id":"https:\/\/departamento.us.es\/destadio\/alumnos-internos\/","url":"https:\/\/departamento.us.es\/destadio\/alumnos-internos\/","name":"Alumnos Internos - DESTADIO","isPartOf":{"@id":"https:\/\/departamento.us.es\/destadio\/#website"},"datePublished":"2024-03-19T07:14:06+00:00","dateModified":"2025-10-21T10:35:18+00:00","inLanguage":"es","potentialAction":[{"@type":"ReadAction","target":["https:\/\/departamento.us.es\/destadio\/alumnos-internos\/"]}]},{"@type":"WebSite","@id":"https:\/\/departamento.us.es\/destadio\/#website","url":"https:\/\/departamento.us.es\/destadio\/","name":"DESTADIO","description":"Departamento de Estad\u00edstica e Investigaci\u00f3n Operativa","publisher":{"@id":"https:\/\/departamento.us.es\/destadio\/#organization"},"potentialAction":[{"@type":"SearchAction","target":{"@type":"EntryPoint","urlTemplate":"https:\/\/departamento.us.es\/destadio\/?s={search_term_string}"},"query-input":{"@type":"PropertyValueSpecification","valueRequired":true,"valueName":"search_term_string"}}],"inLanguage":"es"},{"@type":"Organization","@id":"https:\/\/departamento.us.es\/destadio\/#organization","name":"DESTADIO","url":"https:\/\/departamento.us.es\/destadio\/","logo":{"@type":"ImageObject","inLanguage":"es","@id":"https:\/\/departamento.us.es\/destadio\/#\/schema\/logo\/image\/","url":"https:\/\/departamento.us.es\/destadio\/wp-content\/uploads\/2022\/03\/logo_us.png","contentUrl":"https:\/\/departamento.us.es\/destadio\/wp-content\/uploads\/2022\/03\/logo_us.png","width":300,"height":307,"caption":"DESTADIO"},"image":{"@id":"https:\/\/departamento.us.es\/destadio\/#\/schema\/logo\/image\/"}}]}},"_links":{"self":[{"href":"https:\/\/departamento.us.es\/destadio\/wp-json\/wp\/v2\/pages\/3971","targetHints":{"allow":["GET"]}}],"collection":[{"href":"https:\/\/departamento.us.es\/destadio\/wp-json\/wp\/v2\/pages"}],"about":[{"href":"https:\/\/departamento.us.es\/destadio\/wp-json\/wp\/v2\/types\/page"}],"author":[{"embeddable":true,"href":"https:\/\/departamento.us.es\/destadio\/wp-json\/wp\/v2\/users\/9"}],"replies":[{"embeddable":true,"href":"https:\/\/departamento.us.es\/destadio\/wp-json\/wp\/v2\/comments?post=3971"}],"version-history":[{"count":0,"href":"https:\/\/departamento.us.es\/destadio\/wp-json\/wp\/v2\/pages\/3971\/revisions"}],"wp:attachment":[{"href":"https:\/\/departamento.us.es\/destadio\/wp-json\/wp\/v2\/media?parent=3971"}],"curies":[{"name":"wp","href":"https:\/\/api.w.org\/{rel}","templated":true}]}}