{"id":4058,"date":"2024-03-26T07:41:08","date_gmt":"2024-03-26T07:41:08","guid":{"rendered":"https:\/\/departamento.us.es\/destadio\/?page_id=4058"},"modified":"2025-02-07T09:14:12","modified_gmt":"2025-02-07T09:14:12","slug":"tesis-doctorales","status":"publish","type":"page","link":"https:\/\/departamento.us.es\/destadio\/tesis-doctorales\/","title":{"rendered":"Tesis Doctorales"},"content":{"rendered":"\t\t<div data-elementor-type=\"wp-page\" data-elementor-id=\"4058\" class=\"elementor elementor-4058\" data-elementor-post-type=\"page\">\n\t\t\t\t<div class=\"elementor-element elementor-element-9d2579c e-flex e-con-boxed e-con e-parent\" data-id=\"9d2579c\" data-element_type=\"container\">\n\t\t\t\t\t<div class=\"e-con-inner\">\n\t\t\t\t<div class=\"elementor-element elementor-element-21d98c1 elementor-widget elementor-widget-icon-box\" data-id=\"21d98c1\" data-element_type=\"widget\" data-widget_type=\"icon-box.default\">\n\t\t\t\t<div class=\"elementor-widget-container\">\n\t\t\t\t\t\t\t<div class=\"elementor-icon-box-wrapper\">\n\n\t\t\t\n\t\t\t\t\t\t<div class=\"elementor-icon-box-content\">\n\n\t\t\t\t\t\t\t\t\t<h5 class=\"elementor-icon-box-title\">\n\t\t\t\t\t\t<a href=\"https:\/\/departamento.us.es\/destadio\/4-tesis_doctorales\/\" target=\"_blank\" >\n\t\t\t\t\t\t\t...\t\t\t\t\t\t<\/a>\n\t\t\t\t\t<\/h5>\n\t\t\t\t\n\t\t\t\t\n\t\t\t<\/div>\n\t\t\t\n\t\t<\/div>\n\t\t\t\t\t\t<\/div>\n\t\t\t\t<\/div>\n\t\t\t\t<div class=\"elementor-element elementor-element-0ddb19a elementor-position-left elementor-mobile-position-left elementor-view-default elementor-widget elementor-widget-icon-box\" data-id=\"0ddb19a\" data-element_type=\"widget\" data-widget_type=\"icon-box.default\">\n\t\t\t\t<div class=\"elementor-widget-container\">\n\t\t\t\t\t\t\t<div class=\"elementor-icon-box-wrapper\">\n\n\t\t\t\t\t\t<div class=\"elementor-icon-box-icon\">\n\t\t\t\t<a href=\"https:\/\/departamento.us.es\/destadio\/4-tesis_doctorales\/\" target=\"_blank\" class=\"elementor-icon\" tabindex=\"-1\" aria-label=\"Tesis Doctorales\">\n\t\t\t\t<i aria-hidden=\"true\" class=\"far fa-file-pdf\"><\/i>\t\t\t\t<\/a>\n\t\t\t<\/div>\n\t\t\t\n\t\t\t\t\t\t<div class=\"elementor-icon-box-content\">\n\n\t\t\t\t\t\t\t\t\t<h5 class=\"elementor-icon-box-title\">\n\t\t\t\t\t\t<a href=\"https:\/\/departamento.us.es\/destadio\/4-tesis_doctorales\/\" target=\"_blank\" >\n\t\t\t\t\t\t\tTesis Doctorales\t\t\t\t\t\t<\/a>\n\t\t\t\t\t<\/h5>\n\t\t\t\t\n\t\t\t\t\n\t\t\t<\/div>\n\t\t\t\n\t\t<\/div>\n\t\t\t\t\t\t<\/div>\n\t\t\t\t<\/div>\n\t\t\t\t\t<\/div>\n\t\t\t\t<\/div>\n\t\t<div class=\"elementor-element elementor-element-a684008 e-flex e-con-boxed e-con e-parent\" data-id=\"a684008\" data-element_type=\"container\">\n\t\t\t\t\t<div class=\"e-con-inner\">\n\t\t\t\t<div class=\"elementor-element elementor-element-b0d09a0 elementor-widget elementor-widget-text-editor\" data-id=\"b0d09a0\" data-element_type=\"widget\" data-widget_type=\"text-editor.default\">\n\t\t\t\t<div class=\"elementor-widget-container\">\n\t\t\t\t\t\t\t\t\t<p>Si necesita ampliar la informaci\u00f3n de las tesis que se relacionan en este archivo pdf, puede consultarlas en las siguientes bases de datos:<\/p><p>&#8211; <strong><a href=\"https:\/\/www.educacion.gob.es\/teseo\/irGestionarConsulta.do;jsessionid=55701728D97812A433376398C85B3606\" target=\"_blank\" rel=\"noopener\">TESEO<\/a> <\/strong>est\u00e1 a su disposici\u00f3n en el portal del Ministerio de Educaci\u00f3n.<\/p><p>&#8211; <strong><a href=\"https:\/\/idus.us.es\/handle\/11441\/11474\" target=\"_blank\" rel=\"noopener\">IDUS<\/a> <\/strong>ubicada en el portal de la Universidad de Sevilla\u201d<\/p>\t\t\t\t\t\t\t\t<\/div>\n\t\t\t\t<\/div>\n\t\t\t\t\t<\/div>\n\t\t\t\t<\/div>\n\t\t\t\t<\/div>\n\t\t","protected":false},"excerpt":{"rendered":"<p>&#8230; Tesis Doctorales Si necesita ampliar la informaci\u00f3n de las tesis que se relacionan en este archivo pdf, puede consultarlas en las siguientes bases de datos: &#8211; TESEO est\u00e1 a su disposici\u00f3n en el portal del Ministerio de Educaci\u00f3n. &#8211; IDUS ubicada en el portal de la Universidad de Sevilla\u201d<\/p>\n","protected":false},"author":9,"featured_media":0,"parent":0,"menu_order":0,"comment_status":"closed","ping_status":"closed","template":"","meta":{"footnotes":""},"class_list":["post-4058","page","type-page","status-publish","hentry"],"yoast_head":"<!-- This site is optimized with the Yoast SEO plugin v27.4 - https:\/\/yoast.com\/product\/yoast-seo-wordpress\/ -->\n<title>Tesis Doctorales - DESTADIO<\/title>\n<meta name=\"robots\" content=\"index, follow, max-snippet:-1, max-image-preview:large, max-video-preview:-1\" \/>\n<link rel=\"canonical\" href=\"https:\/\/departamento.us.es\/destadio\/tesis-doctorales\/\" \/>\n<meta property=\"og:locale\" content=\"es_ES\" \/>\n<meta property=\"og:type\" content=\"article\" \/>\n<meta property=\"og:title\" content=\"Tesis Doctorales - DESTADIO\" \/>\n<meta property=\"og:description\" content=\"&#8230; Tesis Doctorales Si necesita ampliar la informaci\u00f3n de las tesis que se relacionan en este archivo pdf, puede consultarlas en las siguientes bases de datos: &#8211; TESEO est\u00e1 a su disposici\u00f3n en el portal del Ministerio de Educaci\u00f3n. &#8211; IDUS ubicada en el portal de la Universidad de Sevilla\u201d\" \/>\n<meta property=\"og:url\" content=\"https:\/\/departamento.us.es\/destadio\/tesis-doctorales\/\" \/>\n<meta property=\"og:site_name\" content=\"DESTADIO\" \/>\n<meta property=\"article:modified_time\" content=\"2025-02-07T09:14:12+00:00\" \/>\n<meta name=\"twitter:card\" content=\"summary_large_image\" \/>\n<meta name=\"twitter:label1\" content=\"Tiempo de lectura\" \/>\n\t<meta name=\"twitter:data1\" content=\"1 minuto\" \/>\n<script type=\"application\/ld+json\" class=\"yoast-schema-graph\">{\"@context\":\"https:\\\/\\\/schema.org\",\"@graph\":[{\"@type\":\"WebPage\",\"@id\":\"https:\\\/\\\/departamento.us.es\\\/destadio\\\/tesis-doctorales\\\/\",\"url\":\"https:\\\/\\\/departamento.us.es\\\/destadio\\\/tesis-doctorales\\\/\",\"name\":\"Tesis Doctorales - DESTADIO\",\"isPartOf\":{\"@id\":\"https:\\\/\\\/departamento.us.es\\\/destadio\\\/#website\"},\"datePublished\":\"2024-03-26T07:41:08+00:00\",\"dateModified\":\"2025-02-07T09:14:12+00:00\",\"inLanguage\":\"es\",\"potentialAction\":[{\"@type\":\"ReadAction\",\"target\":[\"https:\\\/\\\/departamento.us.es\\\/destadio\\\/tesis-doctorales\\\/\"]}]},{\"@type\":\"WebSite\",\"@id\":\"https:\\\/\\\/departamento.us.es\\\/destadio\\\/#website\",\"url\":\"https:\\\/\\\/departamento.us.es\\\/destadio\\\/\",\"name\":\"DESTADIO\",\"description\":\"Departamento de Estad\u00edstica e Investigaci\u00f3n Operativa\",\"publisher\":{\"@id\":\"https:\\\/\\\/departamento.us.es\\\/destadio\\\/#organization\"},\"potentialAction\":[{\"@type\":\"SearchAction\",\"target\":{\"@type\":\"EntryPoint\",\"urlTemplate\":\"https:\\\/\\\/departamento.us.es\\\/destadio\\\/?s={search_term_string}\"},\"query-input\":{\"@type\":\"PropertyValueSpecification\",\"valueRequired\":true,\"valueName\":\"search_term_string\"}}],\"inLanguage\":\"es\"},{\"@type\":\"Organization\",\"@id\":\"https:\\\/\\\/departamento.us.es\\\/destadio\\\/#organization\",\"name\":\"DESTADIO\",\"url\":\"https:\\\/\\\/departamento.us.es\\\/destadio\\\/\",\"logo\":{\"@type\":\"ImageObject\",\"inLanguage\":\"es\",\"@id\":\"https:\\\/\\\/departamento.us.es\\\/destadio\\\/#\\\/schema\\\/logo\\\/image\\\/\",\"url\":\"https:\\\/\\\/departamento.us.es\\\/destadio\\\/wp-content\\\/uploads\\\/2022\\\/03\\\/logo_us.png\",\"contentUrl\":\"https:\\\/\\\/departamento.us.es\\\/destadio\\\/wp-content\\\/uploads\\\/2022\\\/03\\\/logo_us.png\",\"width\":300,\"height\":307,\"caption\":\"DESTADIO\"},\"image\":{\"@id\":\"https:\\\/\\\/departamento.us.es\\\/destadio\\\/#\\\/schema\\\/logo\\\/image\\\/\"}}]}<\/script>\n<!-- \/ Yoast SEO plugin. -->","yoast_head_json":{"title":"Tesis Doctorales - DESTADIO","robots":{"index":"index","follow":"follow","max-snippet":"max-snippet:-1","max-image-preview":"max-image-preview:large","max-video-preview":"max-video-preview:-1"},"canonical":"https:\/\/departamento.us.es\/destadio\/tesis-doctorales\/","og_locale":"es_ES","og_type":"article","og_title":"Tesis Doctorales - DESTADIO","og_description":"&#8230; Tesis Doctorales Si necesita ampliar la informaci\u00f3n de las tesis que se relacionan en este archivo pdf, puede consultarlas en las siguientes bases de datos: &#8211; TESEO est\u00e1 a su disposici\u00f3n en el portal del Ministerio de Educaci\u00f3n. &#8211; IDUS ubicada en el portal de la Universidad de Sevilla\u201d","og_url":"https:\/\/departamento.us.es\/destadio\/tesis-doctorales\/","og_site_name":"DESTADIO","article_modified_time":"2025-02-07T09:14:12+00:00","twitter_card":"summary_large_image","twitter_misc":{"Tiempo de lectura":"1 minuto"},"schema":{"@context":"https:\/\/schema.org","@graph":[{"@type":"WebPage","@id":"https:\/\/departamento.us.es\/destadio\/tesis-doctorales\/","url":"https:\/\/departamento.us.es\/destadio\/tesis-doctorales\/","name":"Tesis Doctorales - DESTADIO","isPartOf":{"@id":"https:\/\/departamento.us.es\/destadio\/#website"},"datePublished":"2024-03-26T07:41:08+00:00","dateModified":"2025-02-07T09:14:12+00:00","inLanguage":"es","potentialAction":[{"@type":"ReadAction","target":["https:\/\/departamento.us.es\/destadio\/tesis-doctorales\/"]}]},{"@type":"WebSite","@id":"https:\/\/departamento.us.es\/destadio\/#website","url":"https:\/\/departamento.us.es\/destadio\/","name":"DESTADIO","description":"Departamento de Estad\u00edstica e Investigaci\u00f3n Operativa","publisher":{"@id":"https:\/\/departamento.us.es\/destadio\/#organization"},"potentialAction":[{"@type":"SearchAction","target":{"@type":"EntryPoint","urlTemplate":"https:\/\/departamento.us.es\/destadio\/?s={search_term_string}"},"query-input":{"@type":"PropertyValueSpecification","valueRequired":true,"valueName":"search_term_string"}}],"inLanguage":"es"},{"@type":"Organization","@id":"https:\/\/departamento.us.es\/destadio\/#organization","name":"DESTADIO","url":"https:\/\/departamento.us.es\/destadio\/","logo":{"@type":"ImageObject","inLanguage":"es","@id":"https:\/\/departamento.us.es\/destadio\/#\/schema\/logo\/image\/","url":"https:\/\/departamento.us.es\/destadio\/wp-content\/uploads\/2022\/03\/logo_us.png","contentUrl":"https:\/\/departamento.us.es\/destadio\/wp-content\/uploads\/2022\/03\/logo_us.png","width":300,"height":307,"caption":"DESTADIO"},"image":{"@id":"https:\/\/departamento.us.es\/destadio\/#\/schema\/logo\/image\/"}}]}},"_links":{"self":[{"href":"https:\/\/departamento.us.es\/destadio\/wp-json\/wp\/v2\/pages\/4058","targetHints":{"allow":["GET"]}}],"collection":[{"href":"https:\/\/departamento.us.es\/destadio\/wp-json\/wp\/v2\/pages"}],"about":[{"href":"https:\/\/departamento.us.es\/destadio\/wp-json\/wp\/v2\/types\/page"}],"author":[{"embeddable":true,"href":"https:\/\/departamento.us.es\/destadio\/wp-json\/wp\/v2\/users\/9"}],"replies":[{"embeddable":true,"href":"https:\/\/departamento.us.es\/destadio\/wp-json\/wp\/v2\/comments?post=4058"}],"version-history":[{"count":0,"href":"https:\/\/departamento.us.es\/destadio\/wp-json\/wp\/v2\/pages\/4058\/revisions"}],"wp:attachment":[{"href":"https:\/\/departamento.us.es\/destadio\/wp-json\/wp\/v2\/media?parent=4058"}],"curies":[{"name":"wp","href":"https:\/\/api.w.org\/{rel}","templated":true}]}}