{"id":4079,"date":"2024-05-06T09:38:49","date_gmt":"2024-05-06T09:38:49","guid":{"rendered":"https:\/\/departamento.us.es\/destadio\/?page_id=4079"},"modified":"2024-11-15T09:57:18","modified_gmt":"2024-11-15T09:57:18","slug":"departamento","status":"publish","type":"page","link":"https:\/\/departamento.us.es\/destadio\/departamento\/","title":{"rendered":"Departamento"},"content":{"rendered":"\t\t<div data-elementor-type=\"wp-page\" data-elementor-id=\"4079\" class=\"elementor elementor-4079\" data-elementor-post-type=\"page\">\n\t\t\t\t<div class=\"elementor-element elementor-element-c96005f e-flex e-con-boxed e-con e-parent\" data-id=\"c96005f\" data-element_type=\"container\">\n\t\t\t\t\t<div class=\"e-con-inner\">\n\t\t<a class=\"elementor-element elementor-element-5e50414 e-con-full e-flex e-con e-child\" data-id=\"5e50414\" data-element_type=\"container\" href=\"https:\/\/departamento.us.es\/destadio\/direccion-y-administracion\/\">\n\t\t\t\t<div class=\"elementor-element elementor-element-0f4ad10 elementor-widget__width-initial elementor-widget elementor-widget-heading\" data-id=\"0f4ad10\" data-element_type=\"widget\" data-widget_type=\"heading.default\">\n\t\t\t\t<div class=\"elementor-widget-container\">\n\t\t\t\t\t<h5 class=\"elementor-heading-title elementor-size-default\">Direcci\u00f3n y Administraci\u00f3n<\/h5>\t\t\t\t<\/div>\n\t\t\t\t<\/div>\n\t\t\t\t<\/a>\n\t\t<a class=\"elementor-element elementor-element-0bc5dab e-con-full e-flex e-con e-child\" data-id=\"0bc5dab\" data-element_type=\"container\" data-settings=\"{&quot;background_background&quot;:&quot;classic&quot;}\" href=\"https:\/\/departamento.us.es\/destadio\/profesorado\/\">\n\t\t\t\t<div class=\"elementor-element elementor-element-8530590 elementor-widget elementor-widget-heading\" data-id=\"8530590\" data-element_type=\"widget\" data-widget_type=\"heading.default\">\n\t\t\t\t<div class=\"elementor-widget-container\">\n\t\t\t\t\t<h5 class=\"elementor-heading-title elementor-size-default\">Profesorado<\/h5>\t\t\t\t<\/div>\n\t\t\t\t<\/div>\n\t\t\t\t<\/a>\n\t\t<a class=\"elementor-element elementor-element-b38e4b3 e-con-full e-flex e-con e-child\" data-id=\"b38e4b3\" data-element_type=\"container\" data-settings=\"{&quot;background_background&quot;:&quot;classic&quot;}\" href=\"https:\/\/departamento.us.es\/destadio\/organos-colegiados\/\">\n\t\t\t\t<div class=\"elementor-element elementor-element-9d86029 elementor-widget elementor-widget-heading\" data-id=\"9d86029\" data-element_type=\"widget\" data-widget_type=\"heading.default\">\n\t\t\t\t<div class=\"elementor-widget-container\">\n\t\t\t\t\t<h5 class=\"elementor-heading-title elementor-size-default\">\u00d3rganos Colegiados<\/h5>\t\t\t\t<\/div>\n\t\t\t\t<\/div>\n\t\t\t\t<\/a>\n\t\t\t\t\t<\/div>\n\t\t\t\t<\/div>\n\t\t\t\t<\/div>\n\t\t","protected":false},"excerpt":{"rendered":"<p>Direcci\u00f3n y Administraci\u00f3n Profesorado \u00d3rganos Colegiados<\/p>\n","protected":false},"author":9,"featured_media":0,"parent":0,"menu_order":0,"comment_status":"closed","ping_status":"closed","template":"","meta":{"footnotes":""},"class_list":["post-4079","page","type-page","status-publish","hentry"],"yoast_head":"<!-- This site is optimized with the Yoast SEO plugin v27.4 - https:\/\/yoast.com\/product\/yoast-seo-wordpress\/ -->\n<title>Departamento - DESTADIO<\/title>\n<meta name=\"robots\" content=\"index, follow, max-snippet:-1, max-image-preview:large, max-video-preview:-1\" \/>\n<link rel=\"canonical\" href=\"https:\/\/departamento.us.es\/destadio\/departamento\/\" \/>\n<meta property=\"og:locale\" content=\"es_ES\" \/>\n<meta property=\"og:type\" content=\"article\" \/>\n<meta property=\"og:title\" content=\"Departamento - DESTADIO\" \/>\n<meta property=\"og:description\" content=\"Direcci\u00f3n y Administraci\u00f3n Profesorado \u00d3rganos Colegiados\" \/>\n<meta property=\"og:url\" content=\"https:\/\/departamento.us.es\/destadio\/departamento\/\" \/>\n<meta property=\"og:site_name\" content=\"DESTADIO\" \/>\n<meta property=\"article:modified_time\" content=\"2024-11-15T09:57:18+00:00\" \/>\n<meta name=\"twitter:card\" content=\"summary_large_image\" \/>\n<meta name=\"twitter:label1\" content=\"Tiempo de lectura\" \/>\n\t<meta name=\"twitter:data1\" content=\"1 minuto\" \/>\n<script type=\"application\/ld+json\" class=\"yoast-schema-graph\">{\"@context\":\"https:\\\/\\\/schema.org\",\"@graph\":[{\"@type\":\"WebPage\",\"@id\":\"https:\\\/\\\/departamento.us.es\\\/destadio\\\/departamento\\\/\",\"url\":\"https:\\\/\\\/departamento.us.es\\\/destadio\\\/departamento\\\/\",\"name\":\"Departamento - DESTADIO\",\"isPartOf\":{\"@id\":\"https:\\\/\\\/departamento.us.es\\\/destadio\\\/#website\"},\"datePublished\":\"2024-05-06T09:38:49+00:00\",\"dateModified\":\"2024-11-15T09:57:18+00:00\",\"inLanguage\":\"es\",\"potentialAction\":[{\"@type\":\"ReadAction\",\"target\":[\"https:\\\/\\\/departamento.us.es\\\/destadio\\\/departamento\\\/\"]}]},{\"@type\":\"WebSite\",\"@id\":\"https:\\\/\\\/departamento.us.es\\\/destadio\\\/#website\",\"url\":\"https:\\\/\\\/departamento.us.es\\\/destadio\\\/\",\"name\":\"DESTADIO\",\"description\":\"Departamento de Estad\u00edstica e Investigaci\u00f3n Operativa\",\"publisher\":{\"@id\":\"https:\\\/\\\/departamento.us.es\\\/destadio\\\/#organization\"},\"potentialAction\":[{\"@type\":\"SearchAction\",\"target\":{\"@type\":\"EntryPoint\",\"urlTemplate\":\"https:\\\/\\\/departamento.us.es\\\/destadio\\\/?s={search_term_string}\"},\"query-input\":{\"@type\":\"PropertyValueSpecification\",\"valueRequired\":true,\"valueName\":\"search_term_string\"}}],\"inLanguage\":\"es\"},{\"@type\":\"Organization\",\"@id\":\"https:\\\/\\\/departamento.us.es\\\/destadio\\\/#organization\",\"name\":\"DESTADIO\",\"url\":\"https:\\\/\\\/departamento.us.es\\\/destadio\\\/\",\"logo\":{\"@type\":\"ImageObject\",\"inLanguage\":\"es\",\"@id\":\"https:\\\/\\\/departamento.us.es\\\/destadio\\\/#\\\/schema\\\/logo\\\/image\\\/\",\"url\":\"https:\\\/\\\/departamento.us.es\\\/destadio\\\/wp-content\\\/uploads\\\/2022\\\/03\\\/logo_us.png\",\"contentUrl\":\"https:\\\/\\\/departamento.us.es\\\/destadio\\\/wp-content\\\/uploads\\\/2022\\\/03\\\/logo_us.png\",\"width\":300,\"height\":307,\"caption\":\"DESTADIO\"},\"image\":{\"@id\":\"https:\\\/\\\/departamento.us.es\\\/destadio\\\/#\\\/schema\\\/logo\\\/image\\\/\"}}]}<\/script>\n<!-- \/ Yoast SEO plugin. -->","yoast_head_json":{"title":"Departamento - DESTADIO","robots":{"index":"index","follow":"follow","max-snippet":"max-snippet:-1","max-image-preview":"max-image-preview:large","max-video-preview":"max-video-preview:-1"},"canonical":"https:\/\/departamento.us.es\/destadio\/departamento\/","og_locale":"es_ES","og_type":"article","og_title":"Departamento - DESTADIO","og_description":"Direcci\u00f3n y Administraci\u00f3n Profesorado \u00d3rganos Colegiados","og_url":"https:\/\/departamento.us.es\/destadio\/departamento\/","og_site_name":"DESTADIO","article_modified_time":"2024-11-15T09:57:18+00:00","twitter_card":"summary_large_image","twitter_misc":{"Tiempo de lectura":"1 minuto"},"schema":{"@context":"https:\/\/schema.org","@graph":[{"@type":"WebPage","@id":"https:\/\/departamento.us.es\/destadio\/departamento\/","url":"https:\/\/departamento.us.es\/destadio\/departamento\/","name":"Departamento - DESTADIO","isPartOf":{"@id":"https:\/\/departamento.us.es\/destadio\/#website"},"datePublished":"2024-05-06T09:38:49+00:00","dateModified":"2024-11-15T09:57:18+00:00","inLanguage":"es","potentialAction":[{"@type":"ReadAction","target":["https:\/\/departamento.us.es\/destadio\/departamento\/"]}]},{"@type":"WebSite","@id":"https:\/\/departamento.us.es\/destadio\/#website","url":"https:\/\/departamento.us.es\/destadio\/","name":"DESTADIO","description":"Departamento de Estad\u00edstica e Investigaci\u00f3n Operativa","publisher":{"@id":"https:\/\/departamento.us.es\/destadio\/#organization"},"potentialAction":[{"@type":"SearchAction","target":{"@type":"EntryPoint","urlTemplate":"https:\/\/departamento.us.es\/destadio\/?s={search_term_string}"},"query-input":{"@type":"PropertyValueSpecification","valueRequired":true,"valueName":"search_term_string"}}],"inLanguage":"es"},{"@type":"Organization","@id":"https:\/\/departamento.us.es\/destadio\/#organization","name":"DESTADIO","url":"https:\/\/departamento.us.es\/destadio\/","logo":{"@type":"ImageObject","inLanguage":"es","@id":"https:\/\/departamento.us.es\/destadio\/#\/schema\/logo\/image\/","url":"https:\/\/departamento.us.es\/destadio\/wp-content\/uploads\/2022\/03\/logo_us.png","contentUrl":"https:\/\/departamento.us.es\/destadio\/wp-content\/uploads\/2022\/03\/logo_us.png","width":300,"height":307,"caption":"DESTADIO"},"image":{"@id":"https:\/\/departamento.us.es\/destadio\/#\/schema\/logo\/image\/"}}]}},"_links":{"self":[{"href":"https:\/\/departamento.us.es\/destadio\/wp-json\/wp\/v2\/pages\/4079","targetHints":{"allow":["GET"]}}],"collection":[{"href":"https:\/\/departamento.us.es\/destadio\/wp-json\/wp\/v2\/pages"}],"about":[{"href":"https:\/\/departamento.us.es\/destadio\/wp-json\/wp\/v2\/types\/page"}],"author":[{"embeddable":true,"href":"https:\/\/departamento.us.es\/destadio\/wp-json\/wp\/v2\/users\/9"}],"replies":[{"embeddable":true,"href":"https:\/\/departamento.us.es\/destadio\/wp-json\/wp\/v2\/comments?post=4079"}],"version-history":[{"count":0,"href":"https:\/\/departamento.us.es\/destadio\/wp-json\/wp\/v2\/pages\/4079\/revisions"}],"wp:attachment":[{"href":"https:\/\/departamento.us.es\/destadio\/wp-json\/wp\/v2\/media?parent=4079"}],"curies":[{"name":"wp","href":"https:\/\/api.w.org\/{rel}","templated":true}]}}