{"id":2580,"date":"2024-11-20T13:24:41","date_gmt":"2024-11-20T13:24:41","guid":{"rendered":"https:\/\/departamento.us.es\/dfisap1\/?page_id=2580"},"modified":"2025-01-22T09:37:52","modified_gmt":"2025-01-22T09:37:52","slug":"personal","status":"publish","type":"page","link":"https:\/\/departamento.us.es\/dfisap1\/personal\/","title":{"rendered":"Personal"},"content":{"rendered":"\t\t<div data-elementor-type=\"wp-page\" data-elementor-id=\"2580\" class=\"elementor elementor-2580\" data-elementor-post-type=\"page\">\n\t\t\t\t<div class=\"elementor-element elementor-element-c38d151 e-flex e-con-boxed e-con e-parent\" data-id=\"c38d151\" data-element_type=\"container\">\n\t\t\t\t\t<div class=\"e-con-inner\">\n\t\t<div class=\"elementor-element elementor-element-9a27bb9 e-con-full e-flex e-con e-child\" data-id=\"9a27bb9\" data-element_type=\"container\">\n\t\t\t\t<div class=\"elementor-element elementor-element-4da6182 elementor-widget__width-initial elementor-cta--skin-classic elementor-animated-content elementor-bg-transform elementor-bg-transform-zoom-in elementor-widget elementor-widget-call-to-action\" data-id=\"4da6182\" data-element_type=\"widget\" data-widget_type=\"call-to-action.default\">\n\t\t\t\t<div class=\"elementor-widget-container\">\n\t\t\t\t\t\t\t<a class=\"elementor-cta\" href=\"https:\/\/departamento.us.es\/dfisap1\/personal\/profesores\/\">\n\t\t\t\t\t\t\t<div class=\"elementor-cta__content\">\n\t\t\t\t\n\t\t\t\t\t\t\t\t\t<h3 class=\"elementor-cta__title elementor-cta__content-item elementor-content-item\">\n\t\t\t\t\t\tProfesores\t\t\t\t\t<\/h3>\n\t\t\t\t\n\t\t\t\t\n\t\t\t\t\t\t\t<\/div>\n\t\t\t\t\t\t<\/a>\n\t\t\t\t\t\t<\/div>\n\t\t\t\t<\/div>\n\t\t\t\t<div class=\"elementor-element elementor-element-6096856 elementor-widget__width-initial elementor-cta--skin-classic elementor-animated-content elementor-bg-transform elementor-bg-transform-zoom-in elementor-widget elementor-widget-call-to-action\" data-id=\"6096856\" data-element_type=\"widget\" data-widget_type=\"call-to-action.default\">\n\t\t\t\t<div class=\"elementor-widget-container\">\n\t\t\t\t\t\t\t<a class=\"elementor-cta\" href=\"https:\/\/departamento.us.es\/dfisap1\/personal\/personal-tecnico-de-gestion-y-de-administracion-y-servicios\/\">\n\t\t\t\t\t\t\t<div class=\"elementor-cta__content\">\n\t\t\t\t\n\t\t\t\t\t\t\t\t\t<h3 class=\"elementor-cta__title elementor-cta__content-item elementor-content-item\">\n\t\t\t\t\t\tPersonal T\u00e9cnico, de Gesti\u00f3n y de Administraci\u00f3n y Servicios\t\t\t\t\t<\/h3>\n\t\t\t\t\n\t\t\t\t\n\t\t\t\t\t\t\t<\/div>\n\t\t\t\t\t\t<\/a>\n\t\t\t\t\t\t<\/div>\n\t\t\t\t<\/div>\n\t\t\t\t<div class=\"elementor-element elementor-element-fe063da elementor-widget__width-initial elementor-cta--skin-classic elementor-animated-content elementor-bg-transform elementor-bg-transform-zoom-in elementor-widget elementor-widget-call-to-action\" data-id=\"fe063da\" data-element_type=\"widget\" data-widget_type=\"call-to-action.default\">\n\t\t\t\t<div class=\"elementor-widget-container\">\n\t\t\t\t\t\t\t<a class=\"elementor-cta\" href=\"https:\/\/departamento.us.es\/dfisap1\/personal\/personal-contratado-y-becarios\/\">\n\t\t\t\t\t\t\t<div class=\"elementor-cta__content\">\n\t\t\t\t\n\t\t\t\t\t\t\t\t\t<h3 class=\"elementor-cta__title elementor-cta__content-item elementor-content-item\">\n\t\t\t\t\t\tPersonal contratado y becarios\t\t\t\t\t<\/h3>\n\t\t\t\t\n\t\t\t\t\n\t\t\t\t\t\t\t<\/div>\n\t\t\t\t\t\t<\/a>\n\t\t\t\t\t\t<\/div>\n\t\t\t\t<\/div>\n\t\t\t\t<\/div>\n\t\t\t\t\t<\/div>\n\t\t\t\t<\/div>\n\t\t\t\t<\/div>\n\t\t","protected":false},"excerpt":{"rendered":"<p>Profesores Personal T\u00e9cnico, de Gesti\u00f3n y de Administraci\u00f3n y Servicios Personal contratado y becarios<\/p>\n","protected":false},"author":7,"featured_media":0,"parent":0,"menu_order":0,"comment_status":"closed","ping_status":"closed","template":"","meta":{"_acf_changed":false,"footnotes":""},"class_list":["post-2580","page","type-page","status-publish","hentry"],"acf":[],"yoast_head":"<!-- This site is optimized with the Yoast SEO plugin v26.7 - https:\/\/yoast.com\/wordpress\/plugins\/seo\/ -->\n<title>Personal - Departamento de F\u00edsica Aplicada I de la Universidad de Sevilla<\/title>\n<meta name=\"robots\" content=\"index, follow, max-snippet:-1, max-image-preview:large, max-video-preview:-1\" \/>\n<link rel=\"canonical\" href=\"https:\/\/departamento.us.es\/dfisap1\/personal\/\" \/>\n<meta property=\"og:locale\" content=\"es_ES\" \/>\n<meta property=\"og:type\" content=\"article\" \/>\n<meta property=\"og:title\" content=\"Personal - Departamento de F\u00edsica Aplicada I de la Universidad de Sevilla\" \/>\n<meta property=\"og:description\" content=\"Profesores Personal T\u00e9cnico, de Gesti\u00f3n y de Administraci\u00f3n y Servicios Personal contratado y becarios\" \/>\n<meta property=\"og:url\" content=\"https:\/\/departamento.us.es\/dfisap1\/personal\/\" \/>\n<meta property=\"og:site_name\" content=\"Departamento de F\u00edsica Aplicada I de la Universidad de Sevilla\" \/>\n<meta property=\"article:modified_time\" content=\"2025-01-22T09:37:52+00:00\" \/>\n<meta name=\"twitter:card\" content=\"summary_large_image\" \/>\n<meta name=\"twitter:label1\" content=\"Tiempo de lectura\" \/>\n\t<meta name=\"twitter:data1\" content=\"1 minuto\" \/>\n<script type=\"application\/ld+json\" class=\"yoast-schema-graph\">{\"@context\":\"https:\/\/schema.org\",\"@graph\":[{\"@type\":\"WebPage\",\"@id\":\"https:\/\/departamento.us.es\/dfisap1\/personal\/\",\"url\":\"https:\/\/departamento.us.es\/dfisap1\/personal\/\",\"name\":\"Personal - Departamento de F\u00edsica Aplicada I de la Universidad de Sevilla\",\"isPartOf\":{\"@id\":\"https:\/\/departamento.us.es\/dfisap1\/#website\"},\"datePublished\":\"2024-11-20T13:24:41+00:00\",\"dateModified\":\"2025-01-22T09:37:52+00:00\",\"inLanguage\":\"es\",\"potentialAction\":[{\"@type\":\"ReadAction\",\"target\":[\"https:\/\/departamento.us.es\/dfisap1\/personal\/\"]}]},{\"@type\":\"WebSite\",\"@id\":\"https:\/\/departamento.us.es\/dfisap1\/#website\",\"url\":\"https:\/\/departamento.us.es\/dfisap1\/\",\"name\":\"Departamento de F\u00edsica Aplicada I de la Universidad de Sevilla\",\"description\":\"Departamento de F\u00edsica Aplicada I\",\"publisher\":{\"@id\":\"https:\/\/departamento.us.es\/dfisap1\/#organization\"},\"potentialAction\":[{\"@type\":\"SearchAction\",\"target\":{\"@type\":\"EntryPoint\",\"urlTemplate\":\"https:\/\/departamento.us.es\/dfisap1\/?s={search_term_string}\"},\"query-input\":{\"@type\":\"PropertyValueSpecification\",\"valueRequired\":true,\"valueName\":\"search_term_string\"}}],\"inLanguage\":\"es\"},{\"@type\":\"Organization\",\"@id\":\"https:\/\/departamento.us.es\/dfisap1\/#organization\",\"name\":\"Departamento de F\u00edsica Aplicada I de la Universidad de Sevilla\",\"url\":\"https:\/\/departamento.us.es\/dfisap1\/\",\"logo\":{\"@type\":\"ImageObject\",\"inLanguage\":\"es\",\"@id\":\"https:\/\/departamento.us.es\/dfisap1\/#\/schema\/logo\/image\/\",\"url\":\"https:\/\/departamento.us.es\/dfisap1\/wp-content\/uploads\/2022\/02\/LogoUScuadrado-blanco.png\",\"contentUrl\":\"https:\/\/departamento.us.es\/dfisap1\/wp-content\/uploads\/2022\/02\/LogoUScuadrado-blanco.png\",\"width\":147,\"height\":150,\"caption\":\"Departamento de F\u00edsica Aplicada I de la Universidad de Sevilla\"},\"image\":{\"@id\":\"https:\/\/departamento.us.es\/dfisap1\/#\/schema\/logo\/image\/\"}}]}<\/script>\n<!-- \/ Yoast SEO plugin. -->","yoast_head_json":{"title":"Personal - Departamento de F\u00edsica Aplicada I de la Universidad de Sevilla","robots":{"index":"index","follow":"follow","max-snippet":"max-snippet:-1","max-image-preview":"max-image-preview:large","max-video-preview":"max-video-preview:-1"},"canonical":"https:\/\/departamento.us.es\/dfisap1\/personal\/","og_locale":"es_ES","og_type":"article","og_title":"Personal - Departamento de F\u00edsica Aplicada I de la Universidad de Sevilla","og_description":"Profesores Personal T\u00e9cnico, de Gesti\u00f3n y de Administraci\u00f3n y Servicios Personal contratado y becarios","og_url":"https:\/\/departamento.us.es\/dfisap1\/personal\/","og_site_name":"Departamento de F\u00edsica Aplicada I de la Universidad de Sevilla","article_modified_time":"2025-01-22T09:37:52+00:00","twitter_card":"summary_large_image","twitter_misc":{"Tiempo de lectura":"1 minuto"},"schema":{"@context":"https:\/\/schema.org","@graph":[{"@type":"WebPage","@id":"https:\/\/departamento.us.es\/dfisap1\/personal\/","url":"https:\/\/departamento.us.es\/dfisap1\/personal\/","name":"Personal - Departamento de F\u00edsica Aplicada I de la Universidad de Sevilla","isPartOf":{"@id":"https:\/\/departamento.us.es\/dfisap1\/#website"},"datePublished":"2024-11-20T13:24:41+00:00","dateModified":"2025-01-22T09:37:52+00:00","inLanguage":"es","potentialAction":[{"@type":"ReadAction","target":["https:\/\/departamento.us.es\/dfisap1\/personal\/"]}]},{"@type":"WebSite","@id":"https:\/\/departamento.us.es\/dfisap1\/#website","url":"https:\/\/departamento.us.es\/dfisap1\/","name":"Departamento de F\u00edsica Aplicada I de la Universidad de Sevilla","description":"Departamento de F\u00edsica Aplicada I","publisher":{"@id":"https:\/\/departamento.us.es\/dfisap1\/#organization"},"potentialAction":[{"@type":"SearchAction","target":{"@type":"EntryPoint","urlTemplate":"https:\/\/departamento.us.es\/dfisap1\/?s={search_term_string}"},"query-input":{"@type":"PropertyValueSpecification","valueRequired":true,"valueName":"search_term_string"}}],"inLanguage":"es"},{"@type":"Organization","@id":"https:\/\/departamento.us.es\/dfisap1\/#organization","name":"Departamento de F\u00edsica Aplicada I de la Universidad de Sevilla","url":"https:\/\/departamento.us.es\/dfisap1\/","logo":{"@type":"ImageObject","inLanguage":"es","@id":"https:\/\/departamento.us.es\/dfisap1\/#\/schema\/logo\/image\/","url":"https:\/\/departamento.us.es\/dfisap1\/wp-content\/uploads\/2022\/02\/LogoUScuadrado-blanco.png","contentUrl":"https:\/\/departamento.us.es\/dfisap1\/wp-content\/uploads\/2022\/02\/LogoUScuadrado-blanco.png","width":147,"height":150,"caption":"Departamento de F\u00edsica Aplicada I de la Universidad de Sevilla"},"image":{"@id":"https:\/\/departamento.us.es\/dfisap1\/#\/schema\/logo\/image\/"}}]}},"_links":{"self":[{"href":"https:\/\/departamento.us.es\/dfisap1\/wp-json\/wp\/v2\/pages\/2580","targetHints":{"allow":["GET"]}}],"collection":[{"href":"https:\/\/departamento.us.es\/dfisap1\/wp-json\/wp\/v2\/pages"}],"about":[{"href":"https:\/\/departamento.us.es\/dfisap1\/wp-json\/wp\/v2\/types\/page"}],"author":[{"embeddable":true,"href":"https:\/\/departamento.us.es\/dfisap1\/wp-json\/wp\/v2\/users\/7"}],"replies":[{"embeddable":true,"href":"https:\/\/departamento.us.es\/dfisap1\/wp-json\/wp\/v2\/comments?post=2580"}],"version-history":[{"count":0,"href":"https:\/\/departamento.us.es\/dfisap1\/wp-json\/wp\/v2\/pages\/2580\/revisions"}],"wp:attachment":[{"href":"https:\/\/departamento.us.es\/dfisap1\/wp-json\/wp\/v2\/media?parent=2580"}],"curies":[{"name":"wp","href":"https:\/\/api.w.org\/{rel}","templated":true}]}}