{"id":2583,"date":"2024-11-20T13:25:12","date_gmt":"2024-11-20T13:25:12","guid":{"rendered":"https:\/\/departamento.us.es\/dfisap1\/?page_id=2583"},"modified":"2024-12-12T13:05:03","modified_gmt":"2024-12-12T13:05:03","slug":"noticias","status":"publish","type":"page","link":"https:\/\/departamento.us.es\/dfisap1\/noticias\/","title":{"rendered":"Noticias"},"content":{"rendered":"\t\t<div data-elementor-type=\"wp-page\" data-elementor-id=\"2583\" class=\"elementor elementor-2583\" data-elementor-post-type=\"page\">\n\t\t\t\t<div class=\"elementor-element elementor-element-e59d08e e-flex e-con-boxed e-con e-parent\" data-id=\"e59d08e\" data-element_type=\"container\">\n\t\t\t\t\t<div class=\"e-con-inner\">\n\t\t\t\t<div class=\"elementor-element elementor-element-132de7e elementor-grid-3 elementor-grid-tablet-2 elementor-grid-mobile-1 elementor-posts--thumbnail-top elementor-widget elementor-widget-posts\" data-id=\"132de7e\" data-element_type=\"widget\" data-settings=\"{&quot;pagination_type&quot;:&quot;numbers_and_prev_next&quot;,&quot;classic_columns&quot;:&quot;3&quot;,&quot;classic_columns_tablet&quot;:&quot;2&quot;,&quot;classic_columns_mobile&quot;:&quot;1&quot;,&quot;classic_row_gap&quot;:{&quot;unit&quot;:&quot;px&quot;,&quot;size&quot;:35,&quot;sizes&quot;:[]},&quot;classic_row_gap_tablet&quot;:{&quot;unit&quot;:&quot;px&quot;,&quot;size&quot;:&quot;&quot;,&quot;sizes&quot;:[]},&quot;classic_row_gap_mobile&quot;:{&quot;unit&quot;:&quot;px&quot;,&quot;size&quot;:&quot;&quot;,&quot;sizes&quot;:[]}}\" data-widget_type=\"posts.classic\">\n\t\t\t\t<div class=\"elementor-widget-container\">\n\t\t\t\t\t\t\t<div class=\"elementor-posts-container elementor-posts elementor-posts--skin-classic elementor-grid\" role=\"list\">\n\t\t\t\t<article class=\"elementor-post elementor-grid-item post-2967 post type-post status-publish format-standard has-post-thumbnail hentry category-noticias\" role=\"listitem\">\n\t\t\t\t<a class=\"elementor-post__thumbnail__link\" href=\"https:\/\/departamento.us.es\/dfisap1\/primera-tesis-doctoral-defendidal-programa-de-instalaciones-y-sistemas-para-la-industria\/\" tabindex=\"-1\" >\n\t\t\t<div class=\"elementor-post__thumbnail\"><img fetchpriority=\"high\" decoding=\"async\" width=\"1536\" height=\"1024\" src=\"https:\/\/departamento.us.es\/dfisap1\/wp-content\/uploads\/2026\/01\/agm_Epsus.png\" class=\"attachment-medium size-medium wp-image-2966\" alt=\"\" srcset=\"https:\/\/departamento.us.es\/dfisap1\/wp-content\/uploads\/2026\/01\/agm_Epsus.png 1536w, https:\/\/departamento.us.es\/dfisap1\/wp-content\/uploads\/2026\/01\/agm_Epsus-768x512.png 768w\" sizes=\"(max-width: 1536px) 100vw, 1536px\" \/><\/div>\n\t\t<\/a>\n\t\t\t\t<div class=\"elementor-post__text\">\n\t\t\t\t<h3 class=\"elementor-post__title\">\n\t\t\t<a href=\"https:\/\/departamento.us.es\/dfisap1\/primera-tesis-doctoral-defendidal-programa-de-instalaciones-y-sistemas-para-la-industria\/\" >\n\t\t\t\tPrimera tesis doctoral defendida en el Departamento dentro del Programa de Instalaciones y Sistemas para la Industria\t\t\t<\/a>\n\t\t<\/h3>\n\t\t\t\t<div class=\"elementor-post__meta-data\">\n\t\t\t\t\t<span class=\"elementor-post-date\">\n\t\t\t27 de enero de 2026\t\t<\/span>\n\t\t\t\t<\/div>\n\t\t\t\t<div class=\"elementor-post__excerpt\">\n\t\t\t<p>El pasado 23 de enero, el Dr. D. Alejandro Garrote M\u00e1rquez defendi\u00f3 con \u00e9xito su tesis doctoral titulada \u00abCaracterizaci\u00f3n y relevancia de los enlaces de hidr\u00f3geno en celdas solares de perovskitas\u00bb. La investigaci\u00f3n ha sido codirigida por los profesores del<\/p>\n\t\t<\/div>\n\t\t\n\t\t<a class=\"elementor-post__read-more\" href=\"https:\/\/departamento.us.es\/dfisap1\/primera-tesis-doctoral-defendidal-programa-de-instalaciones-y-sistemas-para-la-industria\/\" aria-label=\"M\u00e1s informaci\u00f3n sobre Primera tesis doctoral defendida en el Departamento dentro del Programa de Instalaciones y Sistemas para la Industria\" tabindex=\"-1\" >\n\t\t\tLeer m\u00e1s \u00bb\t\t<\/a>\n\n\t\t\t\t<\/div>\n\t\t\t\t<\/article>\n\t\t\t\t<article class=\"elementor-post elementor-grid-item post-2964 post type-post status-publish format-standard has-post-thumbnail hentry category-noticias\" role=\"listitem\">\n\t\t\t\t<a class=\"elementor-post__thumbnail__link\" href=\"https:\/\/departamento.us.es\/dfisap1\/defensa-de-tesis-doctoral-alejandro-garrote\/\" tabindex=\"-1\" >\n\t\t\t<div class=\"elementor-post__thumbnail\"><img decoding=\"async\" width=\"1408\" height=\"768\" src=\"https:\/\/departamento.us.es\/dfisap1\/wp-content\/uploads\/2026\/01\/tesis_alejandro_garrote.png\" class=\"attachment-medium size-medium wp-image-2963\" alt=\"\" srcset=\"https:\/\/departamento.us.es\/dfisap1\/wp-content\/uploads\/2026\/01\/tesis_alejandro_garrote.png 1408w, https:\/\/departamento.us.es\/dfisap1\/wp-content\/uploads\/2026\/01\/tesis_alejandro_garrote-768x419.png 768w\" sizes=\"(max-width: 1408px) 100vw, 1408px\" \/><\/div>\n\t\t<\/a>\n\t\t\t\t<div class=\"elementor-post__text\">\n\t\t\t\t<h3 class=\"elementor-post__title\">\n\t\t\t<a href=\"https:\/\/departamento.us.es\/dfisap1\/defensa-de-tesis-doctoral-alejandro-garrote\/\" >\n\t\t\t\tDefensa de Tesis Doctoral de D. Alejandro Garrote M\u00e1rquez\t\t\t<\/a>\n\t\t<\/h3>\n\t\t\t\t<div class=\"elementor-post__meta-data\">\n\t\t\t\t\t<span class=\"elementor-post-date\">\n\t\t\t13 de enero de 2026\t\t<\/span>\n\t\t\t\t<\/div>\n\t\t\t\t<div class=\"elementor-post__excerpt\">\n\t\t\t<p>D. Alejandro Garrote M\u00e1rquez, doctorando del programa de doctorado Instalaciones y Sistemas para la Industria defender\u00e1 la tesis titulada \u00abCaracterizaci\u00f3n y relevancia de los enlaces de hidr\u00f3geno en celdas solares de perovskitas\u00ab.\u00a0 Dicha tesis doctoral ha sido codirigida por los<\/p>\n\t\t<\/div>\n\t\t\n\t\t<a class=\"elementor-post__read-more\" href=\"https:\/\/departamento.us.es\/dfisap1\/defensa-de-tesis-doctoral-alejandro-garrote\/\" aria-label=\"M\u00e1s informaci\u00f3n sobre Defensa de Tesis Doctoral de D. Alejandro Garrote M\u00e1rquez\" tabindex=\"-1\" >\n\t\t\tLeer m\u00e1s \u00bb\t\t<\/a>\n\n\t\t\t\t<\/div>\n\t\t\t\t<\/article>\n\t\t\t\t<article class=\"elementor-post elementor-grid-item post-2923 post type-post status-publish format-standard has-post-thumbnail hentry category-noticias\" role=\"listitem\">\n\t\t\t\t<a class=\"elementor-post__thumbnail__link\" href=\"https:\/\/departamento.us.es\/dfisap1\/metrologia\/\" tabindex=\"-1\" >\n\t\t\t<div class=\"elementor-post__thumbnail\"><img decoding=\"async\" width=\"1536\" height=\"1024\" src=\"https:\/\/departamento.us.es\/dfisap1\/wp-content\/uploads\/2025\/10\/metrologia.png\" class=\"attachment-medium size-medium wp-image-2924\" alt=\"\" srcset=\"https:\/\/departamento.us.es\/dfisap1\/wp-content\/uploads\/2025\/10\/metrologia.png 1536w, https:\/\/departamento.us.es\/dfisap1\/wp-content\/uploads\/2025\/10\/metrologia-768x512.png 768w\" sizes=\"(max-width: 1536px) 100vw, 1536px\" \/><\/div>\n\t\t<\/a>\n\t\t\t\t<div class=\"elementor-post__text\">\n\t\t\t\t<h3 class=\"elementor-post__title\">\n\t\t\t<a href=\"https:\/\/departamento.us.es\/dfisap1\/metrologia\/\" >\n\t\t\t\tII Jornada sobre Metrolog\u00eda en la Universidad de Sevilla\t\t\t<\/a>\n\t\t<\/h3>\n\t\t\t\t<div class=\"elementor-post__meta-data\">\n\t\t\t\t\t<span class=\"elementor-post-date\">\n\t\t\t9 de octubre de 2025\t\t<\/span>\n\t\t\t\t<\/div>\n\t\t\t\t<div class=\"elementor-post__excerpt\">\n\t\t\t<p>El pr\u00f3ximo lunes 27 de octubre de 2025, la Escuela Polit\u00e9cnica Superior de la Universidad de Sevilla acoger\u00e1 la II Jornada sobre Metrolog\u00eda, organizada por el profesor Dr. Norge Cruz Hern\u00e1ndez del Departamento de F\u00edsica Aplicada I junto al Centro<\/p>\n\t\t<\/div>\n\t\t\n\t\t<a class=\"elementor-post__read-more\" href=\"https:\/\/departamento.us.es\/dfisap1\/metrologia\/\" aria-label=\"M\u00e1s informaci\u00f3n sobre II Jornada sobre Metrolog\u00eda en la Universidad de Sevilla\" tabindex=\"-1\" >\n\t\t\tLeer m\u00e1s \u00bb\t\t<\/a>\n\n\t\t\t\t<\/div>\n\t\t\t\t<\/article>\n\t\t\t\t<article class=\"elementor-post elementor-grid-item post-2922 post type-post status-publish format-standard has-post-thumbnail hentry category-noticias\" role=\"listitem\">\n\t\t\t\t<a class=\"elementor-post__thumbnail__link\" href=\"https:\/\/departamento.us.es\/dfisap1\/icms\/\" tabindex=\"-1\" >\n\t\t\t<div class=\"elementor-post__thumbnail\"><img loading=\"lazy\" decoding=\"async\" width=\"1196\" height=\"662\" src=\"https:\/\/departamento.us.es\/dfisap1\/wp-content\/uploads\/2025\/10\/icms.png\" class=\"attachment-medium size-medium wp-image-2921\" alt=\"\" srcset=\"https:\/\/departamento.us.es\/dfisap1\/wp-content\/uploads\/2025\/10\/icms.png 1196w, https:\/\/departamento.us.es\/dfisap1\/wp-content\/uploads\/2025\/10\/icms-768x425.png 768w\" sizes=\"(max-width: 1196px) 100vw, 1196px\" \/><\/div>\n\t\t<\/a>\n\t\t\t\t<div class=\"elementor-post__text\">\n\t\t\t\t<h3 class=\"elementor-post__title\">\n\t\t\t<a href=\"https:\/\/departamento.us.es\/dfisap1\/icms\/\" >\n\t\t\t\tPuertas abiertas ICMS y premios\t\t\t<\/a>\n\t\t<\/h3>\n\t\t\t\t<div class=\"elementor-post__meta-data\">\n\t\t\t\t\t<span class=\"elementor-post-date\">\n\t\t\t8 de octubre de 2025\t\t<\/span>\n\t\t\t\t<\/div>\n\t\t\t\t<div class=\"elementor-post__excerpt\">\n\t\t\t<p>Jornadas informativas en el ICMS sobre premios y acciones para estudiantes de la EPS El Instituto de Ciencia de Materiales de Sevilla (ICMS), centro de investigaci\u00f3n mixto del CSIC y la Universidad de Sevilla, ha lanzado un paquete de premios<\/p>\n\t\t<\/div>\n\t\t\n\t\t<a class=\"elementor-post__read-more\" href=\"https:\/\/departamento.us.es\/dfisap1\/icms\/\" aria-label=\"M\u00e1s informaci\u00f3n sobre Puertas abiertas ICMS y premios\" tabindex=\"-1\" >\n\t\t\tLeer m\u00e1s \u00bb\t\t<\/a>\n\n\t\t\t\t<\/div>\n\t\t\t\t<\/article>\n\t\t\t\t<article class=\"elementor-post elementor-grid-item post-2917 post type-post status-publish format-standard has-post-thumbnail hentry category-noticias\" role=\"listitem\">\n\t\t\t\t<a class=\"elementor-post__thumbnail__link\" href=\"https:\/\/departamento.us.es\/dfisap1\/exposicion-noche-investigadores\/\" tabindex=\"-1\" >\n\t\t\t<div class=\"elementor-post__thumbnail\"><img loading=\"lazy\" decoding=\"async\" width=\"1024\" height=\"640\" src=\"https:\/\/departamento.us.es\/dfisap1\/wp-content\/uploads\/2025\/09\/Night-2025.png\" class=\"attachment-medium size-medium wp-image-2920\" alt=\"\" srcset=\"https:\/\/departamento.us.es\/dfisap1\/wp-content\/uploads\/2025\/09\/Night-2025.png 1024w, https:\/\/departamento.us.es\/dfisap1\/wp-content\/uploads\/2025\/09\/Night-2025-768x480.png 768w\" sizes=\"(max-width: 1024px) 100vw, 1024px\" \/><\/div>\n\t\t<\/a>\n\t\t\t\t<div class=\"elementor-post__text\">\n\t\t\t\t<h3 class=\"elementor-post__title\">\n\t\t\t<a href=\"https:\/\/departamento.us.es\/dfisap1\/exposicion-noche-investigadores\/\" >\n\t\t\t\tNuestro compa\u00f1ero Francisco Manuel Vega Narv\u00e1ez expone en la Fundaci\u00f3n Valent\u00edn de Madariaga y Oya\t\t\t<\/a>\n\t\t<\/h3>\n\t\t\t\t<div class=\"elementor-post__meta-data\">\n\t\t\t\t\t<span class=\"elementor-post-date\">\n\t\t\t19 de septiembre de 2025\t\t<\/span>\n\t\t\t\t<\/div>\n\t\t\t\t<div class=\"elementor-post__excerpt\">\n\t\t\t<p>El 26 de septiembre en el Patio de la Fundaci\u00f3n Valent\u00edn de Madariaga y Oya (Junto al Costurero de la Reina) se pueden visitar con entrada libre las siguientes exposiciones incluidas en la noche de los investigadores donde participa nuestro<\/p>\n\t\t<\/div>\n\t\t\n\t\t<a class=\"elementor-post__read-more\" href=\"https:\/\/departamento.us.es\/dfisap1\/exposicion-noche-investigadores\/\" aria-label=\"M\u00e1s informaci\u00f3n sobre Nuestro compa\u00f1ero Francisco Manuel Vega Narv\u00e1ez expone en la Fundaci\u00f3n Valent\u00edn de Madariaga y Oya\" tabindex=\"-1\" >\n\t\t\tLeer m\u00e1s \u00bb\t\t<\/a>\n\n\t\t\t\t<\/div>\n\t\t\t\t<\/article>\n\t\t\t\t<article class=\"elementor-post elementor-grid-item post-2915 post type-post status-publish format-standard has-post-thumbnail hentry category-noticias\" role=\"listitem\">\n\t\t\t\t<a class=\"elementor-post__thumbnail__link\" href=\"https:\/\/departamento.us.es\/dfisap1\/utem-santiago-de-chile\/\" tabindex=\"-1\" >\n\t\t\t<div class=\"elementor-post__thumbnail\"><img loading=\"lazy\" decoding=\"async\" width=\"1184\" height=\"864\" src=\"https:\/\/departamento.us.es\/dfisap1\/wp-content\/uploads\/2025\/09\/eduardo_utem.png\" class=\"attachment-medium size-medium wp-image-2916\" alt=\"\" srcset=\"https:\/\/departamento.us.es\/dfisap1\/wp-content\/uploads\/2025\/09\/eduardo_utem.png 1184w, https:\/\/departamento.us.es\/dfisap1\/wp-content\/uploads\/2025\/09\/eduardo_utem-768x560.png 768w\" sizes=\"(max-width: 1184px) 100vw, 1184px\" \/><\/div>\n\t\t<\/a>\n\t\t\t\t<div class=\"elementor-post__text\">\n\t\t\t\t<h3 class=\"elementor-post__title\">\n\t\t\t<a href=\"https:\/\/departamento.us.es\/dfisap1\/utem-santiago-de-chile\/\" >\n\t\t\t\tNuestro compa\u00f1ero Eduardo realiza estancia en Chile y dicta curso de postgrado\t\t\t<\/a>\n\t\t<\/h3>\n\t\t\t\t<div class=\"elementor-post__meta-data\">\n\t\t\t\t\t<span class=\"elementor-post-date\">\n\t\t\t4 de septiembre de 2025\t\t<\/span>\n\t\t\t\t<\/div>\n\t\t\t\t<div class=\"elementor-post__excerpt\">\n\t\t\t<p>En el marco del programa de postgrado\u00a0DIASMA, el Dr.\u00a0Eduardo Men\u00e9ndez Proupin, profesor titular de la Universidad de Sevilla, imparte un curso pr\u00e1ctico sobre simulaci\u00f3n de materiales titulado\u00a0\u201cDin\u00e1mica molecular ab initio y con campos de fuerza machine-learning\u201d. La actividad, que se<\/p>\n\t\t<\/div>\n\t\t\n\t\t<a class=\"elementor-post__read-more\" href=\"https:\/\/departamento.us.es\/dfisap1\/utem-santiago-de-chile\/\" aria-label=\"M\u00e1s informaci\u00f3n sobre Nuestro compa\u00f1ero Eduardo realiza estancia en Chile y dicta curso de postgrado\" tabindex=\"-1\" >\n\t\t\tLeer m\u00e1s \u00bb\t\t<\/a>\n\n\t\t\t\t<\/div>\n\t\t\t\t<\/article>\n\t\t\t\t<\/div>\n\t\t\n\t\t\t\t<div class=\"e-load-more-anchor\" data-page=\"1\" data-max-page=\"2\" data-next-page=\"https:\/\/departamento.us.es\/dfisap1\/wp-json\/wp\/v2\/pages\/2583\/page\/2\/\"><\/div>\n\t\t\t\t<nav class=\"elementor-pagination\" aria-label=\"Paginaci\u00f3n\">\n\t\t\t<span class=\"page-numbers prev\">&laquo; Anterior<\/span>\n<span aria-current=\"page\" class=\"page-numbers current\"><span class=\"elementor-screen-only\">P\u00e1gina<\/span>1<\/span>\n<a class=\"page-numbers\" href=\"https:\/\/departamento.us.es\/dfisap1\/wp-json\/wp\/v2\/pages\/2583\/page\/2\/\"><span class=\"elementor-screen-only\">P\u00e1gina<\/span>2<\/a>\n<a class=\"page-numbers next\" href=\"https:\/\/departamento.us.es\/dfisap1\/wp-json\/wp\/v2\/pages\/2583\/page\/2\/\">Siguiente &raquo;<\/a>\t\t<\/nav>\n\t\t\t\t\t\t<\/div>\n\t\t\t\t<\/div>\n\t\t\t\t\t<\/div>\n\t\t\t\t<\/div>\n\t\t\t\t<\/div>\n\t\t","protected":false},"excerpt":{"rendered":"","protected":false},"author":7,"featured_media":0,"parent":0,"menu_order":0,"comment_status":"closed","ping_status":"closed","template":"","meta":{"_acf_changed":false,"footnotes":""},"class_list":["post-2583","page","type-page","status-publish","hentry"],"acf":[],"yoast_head":"<!-- This site is optimized with the Yoast SEO plugin v26.7 - https:\/\/yoast.com\/wordpress\/plugins\/seo\/ -->\n<title>Noticias - Departamento de F\u00edsica Aplicada I de la Universidad de Sevilla<\/title>\n<meta name=\"robots\" content=\"index, follow, max-snippet:-1, max-image-preview:large, max-video-preview:-1\" \/>\n<link rel=\"canonical\" href=\"https:\/\/departamento.us.es\/dfisap1\/noticias\/\" \/>\n<meta property=\"og:locale\" content=\"es_ES\" \/>\n<meta property=\"og:type\" content=\"article\" \/>\n<meta property=\"og:title\" content=\"Noticias - Departamento de F\u00edsica Aplicada I de la Universidad de Sevilla\" \/>\n<meta property=\"og:url\" content=\"https:\/\/departamento.us.es\/dfisap1\/noticias\/\" \/>\n<meta property=\"og:site_name\" content=\"Departamento de F\u00edsica Aplicada I de la Universidad de Sevilla\" \/>\n<meta property=\"article:modified_time\" content=\"2024-12-12T13:05:03+00:00\" \/>\n<meta name=\"twitter:card\" content=\"summary_large_image\" \/>\n<meta name=\"twitter:label1\" content=\"Tiempo de lectura\" \/>\n\t<meta name=\"twitter:data1\" content=\"3 minutos\" \/>\n<script type=\"application\/ld+json\" class=\"yoast-schema-graph\">{\"@context\":\"https:\/\/schema.org\",\"@graph\":[{\"@type\":\"WebPage\",\"@id\":\"https:\/\/departamento.us.es\/dfisap1\/noticias\/\",\"url\":\"https:\/\/departamento.us.es\/dfisap1\/noticias\/\",\"name\":\"Noticias - Departamento de F\u00edsica Aplicada I de la Universidad de Sevilla\",\"isPartOf\":{\"@id\":\"https:\/\/departamento.us.es\/dfisap1\/#website\"},\"datePublished\":\"2024-11-20T13:25:12+00:00\",\"dateModified\":\"2024-12-12T13:05:03+00:00\",\"inLanguage\":\"es\",\"potentialAction\":[{\"@type\":\"ReadAction\",\"target\":[\"https:\/\/departamento.us.es\/dfisap1\/noticias\/\"]}]},{\"@type\":\"WebSite\",\"@id\":\"https:\/\/departamento.us.es\/dfisap1\/#website\",\"url\":\"https:\/\/departamento.us.es\/dfisap1\/\",\"name\":\"Departamento de F\u00edsica Aplicada I de la Universidad de Sevilla\",\"description\":\"Departamento de F\u00edsica Aplicada I\",\"publisher\":{\"@id\":\"https:\/\/departamento.us.es\/dfisap1\/#organization\"},\"potentialAction\":[{\"@type\":\"SearchAction\",\"target\":{\"@type\":\"EntryPoint\",\"urlTemplate\":\"https:\/\/departamento.us.es\/dfisap1\/?s={search_term_string}\"},\"query-input\":{\"@type\":\"PropertyValueSpecification\",\"valueRequired\":true,\"valueName\":\"search_term_string\"}}],\"inLanguage\":\"es\"},{\"@type\":\"Organization\",\"@id\":\"https:\/\/departamento.us.es\/dfisap1\/#organization\",\"name\":\"Departamento de F\u00edsica Aplicada I de la Universidad de Sevilla\",\"url\":\"https:\/\/departamento.us.es\/dfisap1\/\",\"logo\":{\"@type\":\"ImageObject\",\"inLanguage\":\"es\",\"@id\":\"https:\/\/departamento.us.es\/dfisap1\/#\/schema\/logo\/image\/\",\"url\":\"https:\/\/departamento.us.es\/dfisap1\/wp-content\/uploads\/2022\/02\/LogoUScuadrado-blanco.png\",\"contentUrl\":\"https:\/\/departamento.us.es\/dfisap1\/wp-content\/uploads\/2022\/02\/LogoUScuadrado-blanco.png\",\"width\":147,\"height\":150,\"caption\":\"Departamento de F\u00edsica Aplicada I de la Universidad de Sevilla\"},\"image\":{\"@id\":\"https:\/\/departamento.us.es\/dfisap1\/#\/schema\/logo\/image\/\"}}]}<\/script>\n<!-- \/ Yoast SEO plugin. -->","yoast_head_json":{"title":"Noticias - Departamento de F\u00edsica Aplicada I de la Universidad de Sevilla","robots":{"index":"index","follow":"follow","max-snippet":"max-snippet:-1","max-image-preview":"max-image-preview:large","max-video-preview":"max-video-preview:-1"},"canonical":"https:\/\/departamento.us.es\/dfisap1\/noticias\/","og_locale":"es_ES","og_type":"article","og_title":"Noticias - Departamento de F\u00edsica Aplicada I de la Universidad de Sevilla","og_url":"https:\/\/departamento.us.es\/dfisap1\/noticias\/","og_site_name":"Departamento de F\u00edsica Aplicada I de la Universidad de Sevilla","article_modified_time":"2024-12-12T13:05:03+00:00","twitter_card":"summary_large_image","twitter_misc":{"Tiempo de lectura":"3 minutos"},"schema":{"@context":"https:\/\/schema.org","@graph":[{"@type":"WebPage","@id":"https:\/\/departamento.us.es\/dfisap1\/noticias\/","url":"https:\/\/departamento.us.es\/dfisap1\/noticias\/","name":"Noticias - Departamento de F\u00edsica Aplicada I de la Universidad de Sevilla","isPartOf":{"@id":"https:\/\/departamento.us.es\/dfisap1\/#website"},"datePublished":"2024-11-20T13:25:12+00:00","dateModified":"2024-12-12T13:05:03+00:00","inLanguage":"es","potentialAction":[{"@type":"ReadAction","target":["https:\/\/departamento.us.es\/dfisap1\/noticias\/"]}]},{"@type":"WebSite","@id":"https:\/\/departamento.us.es\/dfisap1\/#website","url":"https:\/\/departamento.us.es\/dfisap1\/","name":"Departamento de F\u00edsica Aplicada I de la Universidad de Sevilla","description":"Departamento de F\u00edsica Aplicada I","publisher":{"@id":"https:\/\/departamento.us.es\/dfisap1\/#organization"},"potentialAction":[{"@type":"SearchAction","target":{"@type":"EntryPoint","urlTemplate":"https:\/\/departamento.us.es\/dfisap1\/?s={search_term_string}"},"query-input":{"@type":"PropertyValueSpecification","valueRequired":true,"valueName":"search_term_string"}}],"inLanguage":"es"},{"@type":"Organization","@id":"https:\/\/departamento.us.es\/dfisap1\/#organization","name":"Departamento de F\u00edsica Aplicada I de la Universidad de Sevilla","url":"https:\/\/departamento.us.es\/dfisap1\/","logo":{"@type":"ImageObject","inLanguage":"es","@id":"https:\/\/departamento.us.es\/dfisap1\/#\/schema\/logo\/image\/","url":"https:\/\/departamento.us.es\/dfisap1\/wp-content\/uploads\/2022\/02\/LogoUScuadrado-blanco.png","contentUrl":"https:\/\/departamento.us.es\/dfisap1\/wp-content\/uploads\/2022\/02\/LogoUScuadrado-blanco.png","width":147,"height":150,"caption":"Departamento de F\u00edsica Aplicada I de la Universidad de Sevilla"},"image":{"@id":"https:\/\/departamento.us.es\/dfisap1\/#\/schema\/logo\/image\/"}}]}},"_links":{"self":[{"href":"https:\/\/departamento.us.es\/dfisap1\/wp-json\/wp\/v2\/pages\/2583","targetHints":{"allow":["GET"]}}],"collection":[{"href":"https:\/\/departamento.us.es\/dfisap1\/wp-json\/wp\/v2\/pages"}],"about":[{"href":"https:\/\/departamento.us.es\/dfisap1\/wp-json\/wp\/v2\/types\/page"}],"author":[{"embeddable":true,"href":"https:\/\/departamento.us.es\/dfisap1\/wp-json\/wp\/v2\/users\/7"}],"replies":[{"embeddable":true,"href":"https:\/\/departamento.us.es\/dfisap1\/wp-json\/wp\/v2\/comments?post=2583"}],"version-history":[{"count":0,"href":"https:\/\/departamento.us.es\/dfisap1\/wp-json\/wp\/v2\/pages\/2583\/revisions"}],"wp:attachment":[{"href":"https:\/\/departamento.us.es\/dfisap1\/wp-json\/wp\/v2\/media?parent=2583"}],"curies":[{"name":"wp","href":"https:\/\/api.w.org\/{rel}","templated":true}]}}