{"id":2614,"date":"2024-11-21T10:03:12","date_gmt":"2024-11-21T10:03:12","guid":{"rendered":"https:\/\/departamento.us.es\/dfisap1\/?page_id=2614"},"modified":"2024-12-12T10:10:12","modified_gmt":"2024-12-12T10:10:12","slug":"patentes","status":"publish","type":"page","link":"https:\/\/departamento.us.es\/dfisap1\/transferencia\/patentes\/","title":{"rendered":"Patentes"},"content":{"rendered":"\t\t<div data-elementor-type=\"wp-page\" data-elementor-id=\"2614\" class=\"elementor elementor-2614\" data-elementor-post-type=\"page\">\n\t\t\t\t<div class=\"elementor-element elementor-element-0972ba3 e-flex e-con-boxed e-con e-parent\" data-id=\"0972ba3\" data-element_type=\"container\">\n\t\t\t\t\t<div class=\"e-con-inner\">\n\t\t\t\t<div class=\"elementor-element elementor-element-54d6d17 elementor-widget elementor-widget-text-editor\" data-id=\"54d6d17\" data-element_type=\"widget\" data-widget_type=\"text-editor.default\">\n\t\t\t\t<div class=\"elementor-widget-container\">\n\t\t\t\t\t\t\t\t\t<ol class=\"lista\">\n \t<li>\u201c<a href=\"https:\/\/prisma.us.es\/resultado\/782\">Biomateriales compuestos para impresi\u00f3n 3D de dispositivos m\u00e9dicos<\/a>\u201d Inventores del departamento: <strong>Norge Cruz Hern\u00e1ndez. <\/strong>N\u00ba de Solicitud: PCT\/ES2017\/000153. Fecha De Prioridad: 27\/12\/2016. Entidad Titular: Universidad de Sevilla<\/li>\n \t<li>\u201c<a href=\"https:\/\/prisma.us.es\/resultado\/1003\">Procedimiento para el control de la estequiometr\u00eda en capas delgadas mediante la t\u00e9cnica de pulverizaci\u00f3n cat\u00f3dica reactiva con altas tasas de crecimiento<\/a>\u201d. Inventores del departamento: <strong>Rafael \u00c1lvarez Molina<\/strong>, <strong>Carmen L\u00f3pez<\/strong> <strong>Santos<\/strong>, <strong>Ram\u00f3n Escobar Galindo. <\/strong>N\u00ba De Solicitud: P201531939. Fecha de Prioridad: 30\/12\/2015. Entidad Titular: Abengoa Research S.L (50%) Consejo Superior de Investigaciones Cient\u00edficas (50%)<\/li>\n \t<li>\u201c<a href=\"https:\/\/prisma.us.es\/resultado\/854\">Self-cleaning high temperature resistant solar selective structure<\/a>\u201c. Inventores del departamento: <strong>Ram\u00f3n Escobar Galindo. <\/strong>N\u00ba de Solicitud: PCT\/EP2015\/081376. Fecha De Prioridad: 31\/12\/2014. Entidad Titular: Helmholtz-Zentrum Dresden-Rossendorf E. V (50%) Abengoa Research, S.L (50%).<\/li>\n \t<li>\u201c<a href=\"https:\/\/prisma.us.es\/resultado\/1069\">Dispositivo de concentraci\u00f3n solar, panel fotovoltaico e invernadero que lo incluyen<\/a>\u201c Inventores del departamento: <strong>Jos\u00e9 Mar\u00eda Delgado S\u00e1nchez. <\/strong>N\u00ba de Solicitud: PCT\/ES2014\/070881. Fecha De Prioridad: 29\/11\/2013. Entidad Titular: Abengoa Solar New Technologies S.A<\/li>\n \t<li>\u201c<a href=\"https:\/\/prisma.us.es\/resultado\/1685\">Procedimiento para la preparaci\u00f3n de una capa o multicapa barrera y\/o diel\u00e9ctrica sobre un sustrato y dispositivo para su realizaci\u00f3n<\/a>\u201c Inventores del departamento: <strong>Jos\u00e9 Mar\u00eda Delgado S\u00e1nchez. <\/strong>N\u00ba de Solicitud: PCT\/ES2013\/000264. Fecha De Prioridad: 27\/11\/2013. Entidad Titular: Abengoa Solar New Technologies S.A<\/li>\n \t<li>\u201c<a href=\"https:\/\/prisma.us.es\/resultado\/950\">Procedimiento para el aislamiento de borde en c\u00e9lulas solares y para la tercera etapa de un proceso de integraci\u00f3n monol\u00edtica<\/a>\u201d Inventores del departamento: <strong>Jos\u00e9 Mar\u00eda Delgado S\u00e1nchez. <\/strong>N\u00ba de Solicitud: PCT\/ES2014\/000043. Fecha De Prioridad: 20\/03\/2013. Entidad Titular: Abengoa Solar New Technologies S.A<\/li>\n \t<li>\u201c<a href=\"https:\/\/prisma.us.es\/resultado\/860\">Procedimiento para la preparaci\u00f3n de una capa barrera diel\u00e9ctrica de \u00f3xido de silicio (SiOx) y capa as\u00ed preparada<\/a>\u201d Inventores del departamento: <strong>Jos\u00e9 Mar\u00eda Delgado S\u00e1nchez. <\/strong>N\u00ba de Solicitud: PCT\/ES2014\/000150. Fecha De Prioridad: 23\/09\/2013. Entidad Titular: Abengoa Solar New Technologies S.A<\/li>\n \t<li>\u201c<a href=\"https:\/\/prisma.us.es\/resultado\/1036\">Concentrador solar luminiscente y dispositivo fotovoltaico que lo comprende\u201d<\/a> Inventores del departamento: <strong>Jos\u00e9 Mar\u00eda Delgado S\u00e1nchez. <\/strong>N\u00ba de Solicitud: WO2015101686A1. Fecha De Prioridad: 31\/12\/2013. Entidad Titular: Abengoa Solar New Technologies S.A<\/li>\n \t<li><a href=\"https:\/\/prisma.us.es\/resultado\/1162\">\u201cDispositivo de env\u00edo de incidencias mediante avisos de voz a los operarios de m\u00e1quinas<\/a>\u201d Inventores del departamento: <strong>Francisco Javier Garcia Garcia. <\/strong>N\u00ba de Solicitud: P201331292. Fecha De Prioridad: 30\/08\/2013. Entidad Titular: Carbayal Y Pumariega, S.L<\/li>\n \t<li>\u201c<a href=\"https:\/\/prisma.us.es\/resultado\/909\">Procedimiento de fabricaci\u00f3n de un sensor de detecci\u00f3n de hidr\u00f3geno y sensor as\u00ed fabricado<\/a>\u201d Inventores del departamento: <strong>Francisco Javier Garcia Garcia. <\/strong>N\u00ba de Solicitud: PCT\/ES2014\/000157. Fecha De Prioridad: 30\/09\/2013. Entidad Titular: Abengoa Solar New Technologies S.A<\/li>\n \t<li>\u201c<a href=\"https:\/\/prisma.us.es\/resultado\/911\">Formulaci\u00f3n de tintas con base de nanopart\u00edculas cer\u00e1micas<\/a>\u201d Inventores del departamento: <strong>Jos\u00e9 Mar\u00eda Delgado S\u00e1nchez. <\/strong>N\u00ba de Solicitud: WO2014006252A1. Fecha De Prioridad: 04\/07\/2012. Entidad Titular: Abengoa Solar New Technologies S.A<\/li>\n \t<li>\u201cProcedimiento para la preparaci\u00f3n de pel\u00edculas de grafeno o materiales graf\u00e9nicos sobre sustratos no met\u00e1licos\u201d Inventores del departamento: <strong>Jos\u00e9 Mar\u00eda Delgado S\u00e1nchez. <\/strong>N\u00ba de Solicitud: WO2013117780A1. Fecha De Prioridad: 06\/02\/2012. Entidad Titular: Abengoa Solar New Technologies S.A<\/li>\n \t<li>\u201cProcedimiento de obtenci\u00f3n de suspensiones o muestras s\u00f3lidas de grafeno\u201d Inventores del departamento: <strong>Jos\u00e9 Mar\u00eda Delgado S\u00e1nchez. <\/strong>N\u00ba de Solicitud: WO2014154911A8. Fecha De Prioridad: 22\/11\/2012. Entidad Titular: Abengoa Solar New Technologies S.A<\/li>\n \t<li>\u201c<a href=\"https:\/\/prisma.us.es\/resultado\/1045\">Fuente de evaporaci\u00f3n para el transporte de precursores qu\u00edmicos, y m\u00e9todo de evaporaci\u00f3n para el transporte de los mismos que utiliza dicha fuente<\/a> \u201c Inventores del departamento: <strong>Jos\u00e9 Mar\u00eda Delgado S\u00e1nchez. <\/strong>N\u00ba de Solicitud: PCT\/ES2013\/070901. Fecha De Prioridad: 28\/12\/2012. Entidad Titular: Abengoa Solar New Technologies S.A<\/li>\n \t<li>\u201c<a href=\"https:\/\/prisma.us.es\/resultado\/883\">Procedimiento para la creaci\u00f3n de contactos el\u00e9ctricos y contactos as\u00ed creados<\/a>\u201d Inventores del departamento: <strong>Jos\u00e9 Mar\u00eda Delgado S\u00e1nchez. <\/strong>N\u00ba de Solicitud: WO2014080052A1. Fecha De Prioridad: 22\/11\/2012. Entidad Titular: Abengoa Solar New Technologies S.A<\/li>\n \t<li>\u201c<a href=\"https:\/\/prisma.us.es\/resultado\/1155\">Sistema de detecci\u00f3n autom\u00e1tica de part\u00edculas en suspensi\u00f3n basado en la captaci\u00f3n de la radiaci\u00f3n electromagn\u00e9tica dispersada por \u00e9stas<\/a>\u201d Inventores del departamento: <strong>Francisco Javier Garcia Garcia. <\/strong>N\u00ba de Solicitud: PCT\/ES2013\/000187. Fecha De Prioridad: 02\/08\/2012. Entidad Titular: Integraciones T\u00e9cnicas De Seguridad, S.A<\/li>\n \t<li>\u201c<a href=\"https:\/\/prisma.us.es\/resultado\/1413\">Recubrimiento absorbente selectivo a la radiaci\u00f3n visible e infrarroja y su procedimiento de obtenci\u00f3n<\/a>\u201d. Inventores del departamento: <strong>Ram\u00f3n Escobar Galindo. <\/strong>N\u00ba de Solicitud: PCT\/ES2012\/070444. Fecha De Prioridad: 16\/06\/2011. Entidad Titular: Consejo Superior De Investigaciones Cient\u00edficas.<\/li>\n \t<li>\u201c<a href=\"https:\/\/prisma.us.es\/resultado\/762\">Dispositivo de l\u00edneas de transmisi\u00f3n diferenciales con supresi\u00f3n de modo com\u00fan<\/a>.\u201d Inventores del departamento: <strong>Francisco Mesa Ledesma. <\/strong>N\u00ba de Solicitud: PCT\/ES2012\/000150. Fecha De Prioridad: 01\/06\/2011. Entidad Titular: Universidad de Sevilla (50%), Universitat Autonoma De Barcelona (50%)<\/li>\n \t<li>\u201c<a href=\"https:\/\/prisma.us.es\/resultado\/312\">Captador solar de bajo coste<\/a>\u201d Inventores del departamento: <strong>Jose Maria Abril Hernandez, Arturo Granged Pascual. <\/strong>N\u00ba de Solicitud: PCT\/ES2007\/000165. Fecha De Prioridad: 30\/03\/2006. Entidad Titular: Universidad Miguel Hern\u00e1ndez (50%) Universidad de Sevilla (50%)<\/li>\n \t<li><a href=\"https:\/\/prisma.us.es\/resultado\/1690\">\u201cProcedimiento y reactor para el reformado de combustibles<\/a>\u201d Inventores del departamento: <strong>Carmen L\u00f3pez<\/strong> N\u00ba de Solicitud: PCT\/ES2007\/000214. Fecha De Prioridad: 01\/06\/2006. Entidad Titular: Hynergreen Technologies, S.A<\/li>\n \t<li>\u201c<a href=\"https:\/\/prisma.us.es\/resultado\/635\">Procedimiento de potabilizaci\u00f3n para consumo publico de aguas con elevada carga de amonio para consumo p\u00fablico.<\/a>\u201d Inventores del departamento: <strong>Carmen Mor\u00f3n Romero. <\/strong>N\u00ba de Solicitud: P200000656. Fecha De Prioridad: 14\/03\/2000. Entidad Titular: Universidad de Sevilla)<\/li>\n<\/ol>\t\t\t\t\t\t\t\t<\/div>\n\t\t\t\t<\/div>\n\t\t\t\t\t<\/div>\n\t\t\t\t<\/div>\n\t\t\t\t<\/div>\n\t\t","protected":false},"excerpt":{"rendered":"<p>\u201cBiomateriales compuestos para impresi\u00f3n 3D de dispositivos m\u00e9dicos\u201d Inventores del departamento: Norge Cruz Hern\u00e1ndez. N\u00ba de Solicitud: PCT\/ES2017\/000153. Fecha De Prioridad: 27\/12\/2016. Entidad Titular: Universidad de Sevilla \u201cProcedimiento para el control de la estequiometr\u00eda en capas delgadas mediante la t\u00e9cnica de pulverizaci\u00f3n cat\u00f3dica reactiva con altas tasas de crecimiento\u201d. Inventores del departamento: Rafael \u00c1lvarez Molina, [&hellip;]<\/p>\n","protected":false},"author":7,"featured_media":0,"parent":2582,"menu_order":0,"comment_status":"closed","ping_status":"closed","template":"","meta":{"_acf_changed":false,"footnotes":""},"class_list":["post-2614","page","type-page","status-publish","hentry"],"acf":[],"yoast_head":"<!-- This site is optimized with the Yoast SEO plugin v26.7 - https:\/\/yoast.com\/wordpress\/plugins\/seo\/ -->\n<title>Patentes - Departamento de F\u00edsica Aplicada I de la Universidad de Sevilla<\/title>\n<meta name=\"robots\" content=\"index, follow, max-snippet:-1, max-image-preview:large, max-video-preview:-1\" \/>\n<link rel=\"canonical\" href=\"https:\/\/departamento.us.es\/dfisap1\/transferencia\/patentes\/\" \/>\n<meta property=\"og:locale\" content=\"es_ES\" \/>\n<meta property=\"og:type\" content=\"article\" \/>\n<meta property=\"og:title\" content=\"Patentes - Departamento de F\u00edsica Aplicada I de la Universidad de Sevilla\" \/>\n<meta property=\"og:description\" content=\"\u201cBiomateriales compuestos para impresi\u00f3n 3D de dispositivos m\u00e9dicos\u201d Inventores del departamento: Norge Cruz Hern\u00e1ndez. N\u00ba de Solicitud: PCT\/ES2017\/000153. Fecha De Prioridad: 27\/12\/2016. Entidad Titular: Universidad de Sevilla \u201cProcedimiento para el control de la estequiometr\u00eda en capas delgadas mediante la t\u00e9cnica de pulverizaci\u00f3n cat\u00f3dica reactiva con altas tasas de crecimiento\u201d. Inventores del departamento: Rafael \u00c1lvarez Molina, [&hellip;]\" \/>\n<meta property=\"og:url\" content=\"https:\/\/departamento.us.es\/dfisap1\/transferencia\/patentes\/\" \/>\n<meta property=\"og:site_name\" content=\"Departamento de F\u00edsica Aplicada I de la Universidad de Sevilla\" \/>\n<meta property=\"article:modified_time\" content=\"2024-12-12T10:10:12+00:00\" \/>\n<meta name=\"twitter:card\" content=\"summary_large_image\" \/>\n<meta name=\"twitter:label1\" content=\"Tiempo de lectura\" \/>\n\t<meta name=\"twitter:data1\" content=\"4 minutos\" \/>\n<script type=\"application\/ld+json\" class=\"yoast-schema-graph\">{\"@context\":\"https:\/\/schema.org\",\"@graph\":[{\"@type\":\"WebPage\",\"@id\":\"https:\/\/departamento.us.es\/dfisap1\/transferencia\/patentes\/\",\"url\":\"https:\/\/departamento.us.es\/dfisap1\/transferencia\/patentes\/\",\"name\":\"Patentes - Departamento de F\u00edsica Aplicada I de la Universidad de Sevilla\",\"isPartOf\":{\"@id\":\"https:\/\/departamento.us.es\/dfisap1\/#website\"},\"datePublished\":\"2024-11-21T10:03:12+00:00\",\"dateModified\":\"2024-12-12T10:10:12+00:00\",\"breadcrumb\":{\"@id\":\"https:\/\/departamento.us.es\/dfisap1\/transferencia\/patentes\/#breadcrumb\"},\"inLanguage\":\"es\",\"potentialAction\":[{\"@type\":\"ReadAction\",\"target\":[\"https:\/\/departamento.us.es\/dfisap1\/transferencia\/patentes\/\"]}]},{\"@type\":\"BreadcrumbList\",\"@id\":\"https:\/\/departamento.us.es\/dfisap1\/transferencia\/patentes\/#breadcrumb\",\"itemListElement\":[{\"@type\":\"ListItem\",\"position\":1,\"name\":\"Transferencia\",\"item\":\"https:\/\/departamento.us.es\/dfisap1\/transferencia\/\"},{\"@type\":\"ListItem\",\"position\":2,\"name\":\"Patentes\"}]},{\"@type\":\"WebSite\",\"@id\":\"https:\/\/departamento.us.es\/dfisap1\/#website\",\"url\":\"https:\/\/departamento.us.es\/dfisap1\/\",\"name\":\"Departamento de F\u00edsica Aplicada I de la Universidad de Sevilla\",\"description\":\"Departamento de F\u00edsica Aplicada I\",\"publisher\":{\"@id\":\"https:\/\/departamento.us.es\/dfisap1\/#organization\"},\"potentialAction\":[{\"@type\":\"SearchAction\",\"target\":{\"@type\":\"EntryPoint\",\"urlTemplate\":\"https:\/\/departamento.us.es\/dfisap1\/?s={search_term_string}\"},\"query-input\":{\"@type\":\"PropertyValueSpecification\",\"valueRequired\":true,\"valueName\":\"search_term_string\"}}],\"inLanguage\":\"es\"},{\"@type\":\"Organization\",\"@id\":\"https:\/\/departamento.us.es\/dfisap1\/#organization\",\"name\":\"Departamento de F\u00edsica Aplicada I de la Universidad de Sevilla\",\"url\":\"https:\/\/departamento.us.es\/dfisap1\/\",\"logo\":{\"@type\":\"ImageObject\",\"inLanguage\":\"es\",\"@id\":\"https:\/\/departamento.us.es\/dfisap1\/#\/schema\/logo\/image\/\",\"url\":\"https:\/\/departamento.us.es\/dfisap1\/wp-content\/uploads\/2022\/02\/LogoUScuadrado-blanco.png\",\"contentUrl\":\"https:\/\/departamento.us.es\/dfisap1\/wp-content\/uploads\/2022\/02\/LogoUScuadrado-blanco.png\",\"width\":147,\"height\":150,\"caption\":\"Departamento de F\u00edsica Aplicada I de la Universidad de Sevilla\"},\"image\":{\"@id\":\"https:\/\/departamento.us.es\/dfisap1\/#\/schema\/logo\/image\/\"}}]}<\/script>\n<!-- \/ Yoast SEO plugin. -->","yoast_head_json":{"title":"Patentes - Departamento de F\u00edsica Aplicada I de la Universidad de Sevilla","robots":{"index":"index","follow":"follow","max-snippet":"max-snippet:-1","max-image-preview":"max-image-preview:large","max-video-preview":"max-video-preview:-1"},"canonical":"https:\/\/departamento.us.es\/dfisap1\/transferencia\/patentes\/","og_locale":"es_ES","og_type":"article","og_title":"Patentes - Departamento de F\u00edsica Aplicada I de la Universidad de Sevilla","og_description":"\u201cBiomateriales compuestos para impresi\u00f3n 3D de dispositivos m\u00e9dicos\u201d Inventores del departamento: Norge Cruz Hern\u00e1ndez. N\u00ba de Solicitud: PCT\/ES2017\/000153. Fecha De Prioridad: 27\/12\/2016. Entidad Titular: Universidad de Sevilla \u201cProcedimiento para el control de la estequiometr\u00eda en capas delgadas mediante la t\u00e9cnica de pulverizaci\u00f3n cat\u00f3dica reactiva con altas tasas de crecimiento\u201d. Inventores del departamento: Rafael \u00c1lvarez Molina, [&hellip;]","og_url":"https:\/\/departamento.us.es\/dfisap1\/transferencia\/patentes\/","og_site_name":"Departamento de F\u00edsica Aplicada I de la Universidad de Sevilla","article_modified_time":"2024-12-12T10:10:12+00:00","twitter_card":"summary_large_image","twitter_misc":{"Tiempo de lectura":"4 minutos"},"schema":{"@context":"https:\/\/schema.org","@graph":[{"@type":"WebPage","@id":"https:\/\/departamento.us.es\/dfisap1\/transferencia\/patentes\/","url":"https:\/\/departamento.us.es\/dfisap1\/transferencia\/patentes\/","name":"Patentes - Departamento de F\u00edsica Aplicada I de la Universidad de Sevilla","isPartOf":{"@id":"https:\/\/departamento.us.es\/dfisap1\/#website"},"datePublished":"2024-11-21T10:03:12+00:00","dateModified":"2024-12-12T10:10:12+00:00","breadcrumb":{"@id":"https:\/\/departamento.us.es\/dfisap1\/transferencia\/patentes\/#breadcrumb"},"inLanguage":"es","potentialAction":[{"@type":"ReadAction","target":["https:\/\/departamento.us.es\/dfisap1\/transferencia\/patentes\/"]}]},{"@type":"BreadcrumbList","@id":"https:\/\/departamento.us.es\/dfisap1\/transferencia\/patentes\/#breadcrumb","itemListElement":[{"@type":"ListItem","position":1,"name":"Transferencia","item":"https:\/\/departamento.us.es\/dfisap1\/transferencia\/"},{"@type":"ListItem","position":2,"name":"Patentes"}]},{"@type":"WebSite","@id":"https:\/\/departamento.us.es\/dfisap1\/#website","url":"https:\/\/departamento.us.es\/dfisap1\/","name":"Departamento de F\u00edsica Aplicada I de la Universidad de Sevilla","description":"Departamento de F\u00edsica Aplicada I","publisher":{"@id":"https:\/\/departamento.us.es\/dfisap1\/#organization"},"potentialAction":[{"@type":"SearchAction","target":{"@type":"EntryPoint","urlTemplate":"https:\/\/departamento.us.es\/dfisap1\/?s={search_term_string}"},"query-input":{"@type":"PropertyValueSpecification","valueRequired":true,"valueName":"search_term_string"}}],"inLanguage":"es"},{"@type":"Organization","@id":"https:\/\/departamento.us.es\/dfisap1\/#organization","name":"Departamento de F\u00edsica Aplicada I de la Universidad de Sevilla","url":"https:\/\/departamento.us.es\/dfisap1\/","logo":{"@type":"ImageObject","inLanguage":"es","@id":"https:\/\/departamento.us.es\/dfisap1\/#\/schema\/logo\/image\/","url":"https:\/\/departamento.us.es\/dfisap1\/wp-content\/uploads\/2022\/02\/LogoUScuadrado-blanco.png","contentUrl":"https:\/\/departamento.us.es\/dfisap1\/wp-content\/uploads\/2022\/02\/LogoUScuadrado-blanco.png","width":147,"height":150,"caption":"Departamento de F\u00edsica Aplicada I de la Universidad de Sevilla"},"image":{"@id":"https:\/\/departamento.us.es\/dfisap1\/#\/schema\/logo\/image\/"}}]}},"_links":{"self":[{"href":"https:\/\/departamento.us.es\/dfisap1\/wp-json\/wp\/v2\/pages\/2614","targetHints":{"allow":["GET"]}}],"collection":[{"href":"https:\/\/departamento.us.es\/dfisap1\/wp-json\/wp\/v2\/pages"}],"about":[{"href":"https:\/\/departamento.us.es\/dfisap1\/wp-json\/wp\/v2\/types\/page"}],"author":[{"embeddable":true,"href":"https:\/\/departamento.us.es\/dfisap1\/wp-json\/wp\/v2\/users\/7"}],"replies":[{"embeddable":true,"href":"https:\/\/departamento.us.es\/dfisap1\/wp-json\/wp\/v2\/comments?post=2614"}],"version-history":[{"count":0,"href":"https:\/\/departamento.us.es\/dfisap1\/wp-json\/wp\/v2\/pages\/2614\/revisions"}],"up":[{"embeddable":true,"href":"https:\/\/departamento.us.es\/dfisap1\/wp-json\/wp\/v2\/pages\/2582"}],"wp:attachment":[{"href":"https:\/\/departamento.us.es\/dfisap1\/wp-json\/wp\/v2\/media?parent=2614"}],"curies":[{"name":"wp","href":"https:\/\/api.w.org\/{rel}","templated":true}]}}