{"id":2615,"date":"2024-11-21T10:03:51","date_gmt":"2024-11-21T10:03:51","guid":{"rendered":"https:\/\/departamento.us.es\/dfisap1\/?page_id=2615"},"modified":"2024-12-11T13:42:07","modified_gmt":"2024-12-11T13:42:07","slug":"empresas-de-base-tecnologica","status":"publish","type":"page","link":"https:\/\/departamento.us.es\/dfisap1\/transferencia\/empresas-de-base-tecnologica\/","title":{"rendered":"Empresas de base tecnol\u00f3gica"},"content":{"rendered":"\t\t<div data-elementor-type=\"wp-page\" data-elementor-id=\"2615\" class=\"elementor elementor-2615\" data-elementor-post-type=\"page\">\n\t\t\t\t<div class=\"elementor-element elementor-element-808afe1 e-flex e-con-boxed e-con e-parent\" data-id=\"808afe1\" data-element_type=\"container\">\n\t\t\t\t\t<div class=\"e-con-inner\">\n\t\t<div class=\"elementor-element elementor-element-b18aca4 e-con-full e-flex e-con e-child\" data-id=\"b18aca4\" data-element_type=\"container\">\n\t\t<div class=\"elementor-element elementor-element-8621284 e-con-full e-flex e-con e-child\" data-id=\"8621284\" data-element_type=\"container\">\n\t\t\t\t<div class=\"elementor-element elementor-element-14c62c4 elementor-widget elementor-widget-image\" data-id=\"14c62c4\" data-element_type=\"widget\" data-widget_type=\"image.default\">\n\t\t\t\t<div class=\"elementor-widget-container\">\n\t\t\t\t\t\t\t\t\t\t\t\t\t\t\t<img decoding=\"async\" width=\"92\" height=\"68\" src=\"https:\/\/departamento.us.es\/dfisap1\/wp-content\/uploads\/2024\/12\/logo-3d-bones.png\" class=\"attachment-large size-large wp-image-2656\" alt=\"\" \/>\t\t\t\t\t\t\t\t\t\t\t\t\t\t\t<\/div>\n\t\t\t\t<\/div>\n\t\t\t\t<\/div>\n\t\t<div class=\"elementor-element elementor-element-03e1c72 e-con-full e-flex e-con e-child\" data-id=\"03e1c72\" data-element_type=\"container\">\n\t\t\t\t<div class=\"elementor-element elementor-element-170e3a0 elementor-widget elementor-widget-heading\" data-id=\"170e3a0\" data-element_type=\"widget\" data-widget_type=\"heading.default\">\n\t\t\t\t<div class=\"elementor-widget-container\">\n\t\t\t\t\t<h5 class=\"elementor-heading-title elementor-size-default\">3D Bones: Biomateriales compuestos para impresi\u00f3n 3D de dispositivos m\u00e9dicos  <\/h5>\t\t\t\t<\/div>\n\t\t\t\t<\/div>\n\t\t\t\t<div class=\"elementor-element elementor-element-460374a elementor-widget elementor-widget-text-editor\" data-id=\"460374a\" data-element_type=\"widget\" data-widget_type=\"text-editor.default\">\n\t\t\t\t<div class=\"elementor-widget-container\">\n\t\t\t\t\t\t\t\t\t<p>Proyecto empresarial de los investigadores <a href=\"https:\/\/www.us.es\/trabaja-en-la-us\/directorio\/norge-cruz-hernandez\">Norge Cruz Hern\u00e1ndez<\/a>, Antonio Rodr\u00edguez Delgado y Ram\u00f3n Gonz\u00e1lez Santos, que consiste en el desarrollo de biomateriales compuestos nanoestructurados y bioactivos para impresi\u00f3n 3D de dispositivos m\u00e9dicos. El principal aporte a la sociedad es la posibilidad de fabricar injertos de huesos a la medida, personalizados a cada paciente. Esta es la mayor ventaja de este producto, en comparaci\u00f3n con lo que actualmente existe en el mercado.<\/p>\t\t\t\t\t\t\t\t<\/div>\n\t\t\t\t<\/div>\n\t\t\t\t<\/div>\n\t\t\t\t<\/div>\n\t\t<div class=\"elementor-element elementor-element-be16025 e-con-full e-flex e-con e-child\" data-id=\"be16025\" data-element_type=\"container\">\n\t\t<div class=\"elementor-element elementor-element-e129691 e-con-full e-flex e-con e-child\" data-id=\"e129691\" data-element_type=\"container\">\n\t\t\t\t<div class=\"elementor-element elementor-element-5cf3320 elementor-widget elementor-widget-image\" data-id=\"5cf3320\" data-element_type=\"widget\" data-widget_type=\"image.default\">\n\t\t\t\t<div class=\"elementor-widget-container\">\n\t\t\t\t\t\t\t\t\t\t\t\t\t\t\t<img decoding=\"async\" width=\"401\" height=\"106\" src=\"https:\/\/departamento.us.es\/dfisap1\/wp-content\/uploads\/2024\/12\/logo-matersia.jpg\" class=\"attachment-large size-large wp-image-2657\" alt=\"\" \/>\t\t\t\t\t\t\t\t\t\t\t\t\t\t\t<\/div>\n\t\t\t\t<\/div>\n\t\t\t\t<\/div>\n\t\t<div class=\"elementor-element elementor-element-d438acd e-con-full e-flex e-con e-child\" data-id=\"d438acd\" data-element_type=\"container\">\n\t\t\t\t<div class=\"elementor-element elementor-element-75e2635 elementor-list-item-link-inline elementor-icon-list--layout-traditional elementor-widget elementor-widget-icon-list\" data-id=\"75e2635\" data-element_type=\"widget\" data-widget_type=\"icon-list.default\">\n\t\t\t\t<div class=\"elementor-widget-container\">\n\t\t\t\t\t\t\t<ul class=\"elementor-icon-list-items\">\n\t\t\t\t\t\t\t<li class=\"elementor-icon-list-item\">\n\t\t\t\t\t\t\t\t\t\t\t<a href=\"https:\/\/matersia.com\/\" target=\"_blank\" rel=\"nofollow\">\n\n\t\t\t\t\t\t\t\t\t\t\t\t<span class=\"elementor-icon-list-icon\">\n\t\t\t\t\t\t\t<i aria-hidden=\"true\" class=\"fas fa-external-link-alt\"><\/i>\t\t\t\t\t\t<\/span>\n\t\t\t\t\t\t\t\t\t\t<span class=\"elementor-icon-list-text\">Matersia Proyectos y Materiales SL<\/span>\n\t\t\t\t\t\t\t\t\t\t\t<\/a>\n\t\t\t\t\t\t\t\t\t<\/li>\n\t\t\t\t\t\t<\/ul>\n\t\t\t\t\t\t<\/div>\n\t\t\t\t<\/div>\n\t\t\t\t<div class=\"elementor-element elementor-element-4f9c01c elementor-widget elementor-widget-text-editor\" data-id=\"4f9c01c\" data-element_type=\"widget\" data-widget_type=\"text-editor.default\">\n\t\t\t\t<div class=\"elementor-widget-container\">\n\t\t\t\t\t\t\t\t\t<p>Lanzada por el profesor <a href=\"https:\/\/www.us.es\/trabaja-en-la-us\/directorio\/ramon-escobar-galindo\">Ram\u00f3n Escobar Galindo<\/a>, en ella participan tambi\u00e9n investigadores de la Universidad de C\u00e1diz. Funciona como una consultor\u00eda especializada en transferir el conocimiento y las tecnolog\u00edas desarrolladas en el \u00e1mbito de los materiales y recubrimientos funcionales, la nanocaracterizaci\u00f3n y la fabricaci\u00f3n aditiva. En paralelo con esta l\u00ednea de actividad, la empresa tambi\u00e9n comercializar\u00e1 los materiales producto de la I+D realizada por el grupo y en los proyectos que realice la empresa.<\/p>\t\t\t\t\t\t\t\t<\/div>\n\t\t\t\t<\/div>\n\t\t\t\t<\/div>\n\t\t\t\t<\/div>\n\t\t\t\t\t<\/div>\n\t\t\t\t<\/div>\n\t\t\t\t<\/div>\n\t\t","protected":false},"excerpt":{"rendered":"<p>3D Bones: Biomateriales compuestos para impresi\u00f3n 3D de dispositivos m\u00e9dicos Proyecto empresarial de los investigadores Norge Cruz Hern\u00e1ndez, Antonio Rodr\u00edguez Delgado y Ram\u00f3n Gonz\u00e1lez Santos, que consiste en el desarrollo de biomateriales compuestos nanoestructurados y bioactivos para impresi\u00f3n 3D de dispositivos m\u00e9dicos. El principal aporte a la sociedad es la posibilidad de fabricar injertos de [&hellip;]<\/p>\n","protected":false},"author":7,"featured_media":0,"parent":2582,"menu_order":0,"comment_status":"closed","ping_status":"closed","template":"","meta":{"_acf_changed":false,"footnotes":""},"class_list":["post-2615","page","type-page","status-publish","hentry"],"acf":[],"yoast_head":"<!-- This site is optimized with the Yoast SEO plugin v26.7 - https:\/\/yoast.com\/wordpress\/plugins\/seo\/ -->\n<title>Empresas de base tecnol\u00f3gica - Departamento de F\u00edsica Aplicada I de la Universidad de Sevilla<\/title>\n<meta name=\"robots\" content=\"index, follow, max-snippet:-1, max-image-preview:large, max-video-preview:-1\" \/>\n<link rel=\"canonical\" href=\"https:\/\/departamento.us.es\/dfisap1\/transferencia\/empresas-de-base-tecnologica\/\" \/>\n<meta property=\"og:locale\" content=\"es_ES\" \/>\n<meta property=\"og:type\" content=\"article\" \/>\n<meta property=\"og:title\" content=\"Empresas de base tecnol\u00f3gica - Departamento de F\u00edsica Aplicada I de la Universidad de Sevilla\" \/>\n<meta property=\"og:description\" content=\"3D Bones: Biomateriales compuestos para impresi\u00f3n 3D de dispositivos m\u00e9dicos Proyecto empresarial de los investigadores Norge Cruz Hern\u00e1ndez, Antonio Rodr\u00edguez Delgado y Ram\u00f3n Gonz\u00e1lez Santos, que consiste en el desarrollo de biomateriales compuestos nanoestructurados y bioactivos para impresi\u00f3n 3D de dispositivos m\u00e9dicos. El principal aporte a la sociedad es la posibilidad de fabricar injertos de [&hellip;]\" \/>\n<meta property=\"og:url\" content=\"https:\/\/departamento.us.es\/dfisap1\/transferencia\/empresas-de-base-tecnologica\/\" \/>\n<meta property=\"og:site_name\" content=\"Departamento de F\u00edsica Aplicada I de la Universidad de Sevilla\" \/>\n<meta property=\"article:modified_time\" content=\"2024-12-11T13:42:07+00:00\" \/>\n<meta property=\"og:image\" content=\"https:\/\/departamento.us.es\/dfisap1\/wp-content\/uploads\/2024\/12\/logo-3d-bones.png\" \/>\n<meta name=\"twitter:card\" content=\"summary_large_image\" \/>\n<meta name=\"twitter:label1\" content=\"Tiempo de lectura\" \/>\n\t<meta name=\"twitter:data1\" content=\"2 minutos\" \/>\n<script type=\"application\/ld+json\" class=\"yoast-schema-graph\">{\"@context\":\"https:\/\/schema.org\",\"@graph\":[{\"@type\":\"WebPage\",\"@id\":\"https:\/\/departamento.us.es\/dfisap1\/transferencia\/empresas-de-base-tecnologica\/\",\"url\":\"https:\/\/departamento.us.es\/dfisap1\/transferencia\/empresas-de-base-tecnologica\/\",\"name\":\"Empresas de base tecnol\u00f3gica - Departamento de F\u00edsica Aplicada I de la Universidad de Sevilla\",\"isPartOf\":{\"@id\":\"https:\/\/departamento.us.es\/dfisap1\/#website\"},\"primaryImageOfPage\":{\"@id\":\"https:\/\/departamento.us.es\/dfisap1\/transferencia\/empresas-de-base-tecnologica\/#primaryimage\"},\"image\":{\"@id\":\"https:\/\/departamento.us.es\/dfisap1\/transferencia\/empresas-de-base-tecnologica\/#primaryimage\"},\"thumbnailUrl\":\"https:\/\/departamento.us.es\/dfisap1\/wp-content\/uploads\/2024\/12\/logo-3d-bones.png\",\"datePublished\":\"2024-11-21T10:03:51+00:00\",\"dateModified\":\"2024-12-11T13:42:07+00:00\",\"breadcrumb\":{\"@id\":\"https:\/\/departamento.us.es\/dfisap1\/transferencia\/empresas-de-base-tecnologica\/#breadcrumb\"},\"inLanguage\":\"es\",\"potentialAction\":[{\"@type\":\"ReadAction\",\"target\":[\"https:\/\/departamento.us.es\/dfisap1\/transferencia\/empresas-de-base-tecnologica\/\"]}]},{\"@type\":\"ImageObject\",\"inLanguage\":\"es\",\"@id\":\"https:\/\/departamento.us.es\/dfisap1\/transferencia\/empresas-de-base-tecnologica\/#primaryimage\",\"url\":\"https:\/\/departamento.us.es\/dfisap1\/wp-content\/uploads\/2024\/12\/logo-3d-bones.png\",\"contentUrl\":\"https:\/\/departamento.us.es\/dfisap1\/wp-content\/uploads\/2024\/12\/logo-3d-bones.png\",\"width\":92,\"height\":68},{\"@type\":\"BreadcrumbList\",\"@id\":\"https:\/\/departamento.us.es\/dfisap1\/transferencia\/empresas-de-base-tecnologica\/#breadcrumb\",\"itemListElement\":[{\"@type\":\"ListItem\",\"position\":1,\"name\":\"Transferencia\",\"item\":\"https:\/\/departamento.us.es\/dfisap1\/transferencia\/\"},{\"@type\":\"ListItem\",\"position\":2,\"name\":\"Empresas de base tecnol\u00f3gica\"}]},{\"@type\":\"WebSite\",\"@id\":\"https:\/\/departamento.us.es\/dfisap1\/#website\",\"url\":\"https:\/\/departamento.us.es\/dfisap1\/\",\"name\":\"Departamento de F\u00edsica Aplicada I de la Universidad de Sevilla\",\"description\":\"Departamento de F\u00edsica Aplicada I\",\"publisher\":{\"@id\":\"https:\/\/departamento.us.es\/dfisap1\/#organization\"},\"potentialAction\":[{\"@type\":\"SearchAction\",\"target\":{\"@type\":\"EntryPoint\",\"urlTemplate\":\"https:\/\/departamento.us.es\/dfisap1\/?s={search_term_string}\"},\"query-input\":{\"@type\":\"PropertyValueSpecification\",\"valueRequired\":true,\"valueName\":\"search_term_string\"}}],\"inLanguage\":\"es\"},{\"@type\":\"Organization\",\"@id\":\"https:\/\/departamento.us.es\/dfisap1\/#organization\",\"name\":\"Departamento de F\u00edsica Aplicada I de la Universidad de Sevilla\",\"url\":\"https:\/\/departamento.us.es\/dfisap1\/\",\"logo\":{\"@type\":\"ImageObject\",\"inLanguage\":\"es\",\"@id\":\"https:\/\/departamento.us.es\/dfisap1\/#\/schema\/logo\/image\/\",\"url\":\"https:\/\/departamento.us.es\/dfisap1\/wp-content\/uploads\/2022\/02\/LogoUScuadrado-blanco.png\",\"contentUrl\":\"https:\/\/departamento.us.es\/dfisap1\/wp-content\/uploads\/2022\/02\/LogoUScuadrado-blanco.png\",\"width\":147,\"height\":150,\"caption\":\"Departamento de F\u00edsica Aplicada I de la Universidad de Sevilla\"},\"image\":{\"@id\":\"https:\/\/departamento.us.es\/dfisap1\/#\/schema\/logo\/image\/\"}}]}<\/script>\n<!-- \/ Yoast SEO plugin. -->","yoast_head_json":{"title":"Empresas de base tecnol\u00f3gica - Departamento de F\u00edsica Aplicada I de la Universidad de Sevilla","robots":{"index":"index","follow":"follow","max-snippet":"max-snippet:-1","max-image-preview":"max-image-preview:large","max-video-preview":"max-video-preview:-1"},"canonical":"https:\/\/departamento.us.es\/dfisap1\/transferencia\/empresas-de-base-tecnologica\/","og_locale":"es_ES","og_type":"article","og_title":"Empresas de base tecnol\u00f3gica - Departamento de F\u00edsica Aplicada I de la Universidad de Sevilla","og_description":"3D Bones: Biomateriales compuestos para impresi\u00f3n 3D de dispositivos m\u00e9dicos Proyecto empresarial de los investigadores Norge Cruz Hern\u00e1ndez, Antonio Rodr\u00edguez Delgado y Ram\u00f3n Gonz\u00e1lez Santos, que consiste en el desarrollo de biomateriales compuestos nanoestructurados y bioactivos para impresi\u00f3n 3D de dispositivos m\u00e9dicos. El principal aporte a la sociedad es la posibilidad de fabricar injertos de [&hellip;]","og_url":"https:\/\/departamento.us.es\/dfisap1\/transferencia\/empresas-de-base-tecnologica\/","og_site_name":"Departamento de F\u00edsica Aplicada I de la Universidad de Sevilla","article_modified_time":"2024-12-11T13:42:07+00:00","og_image":[{"url":"https:\/\/departamento.us.es\/dfisap1\/wp-content\/uploads\/2024\/12\/logo-3d-bones.png","type":"","width":"","height":""}],"twitter_card":"summary_large_image","twitter_misc":{"Tiempo de lectura":"2 minutos"},"schema":{"@context":"https:\/\/schema.org","@graph":[{"@type":"WebPage","@id":"https:\/\/departamento.us.es\/dfisap1\/transferencia\/empresas-de-base-tecnologica\/","url":"https:\/\/departamento.us.es\/dfisap1\/transferencia\/empresas-de-base-tecnologica\/","name":"Empresas de base tecnol\u00f3gica - Departamento de F\u00edsica Aplicada I de la Universidad de Sevilla","isPartOf":{"@id":"https:\/\/departamento.us.es\/dfisap1\/#website"},"primaryImageOfPage":{"@id":"https:\/\/departamento.us.es\/dfisap1\/transferencia\/empresas-de-base-tecnologica\/#primaryimage"},"image":{"@id":"https:\/\/departamento.us.es\/dfisap1\/transferencia\/empresas-de-base-tecnologica\/#primaryimage"},"thumbnailUrl":"https:\/\/departamento.us.es\/dfisap1\/wp-content\/uploads\/2024\/12\/logo-3d-bones.png","datePublished":"2024-11-21T10:03:51+00:00","dateModified":"2024-12-11T13:42:07+00:00","breadcrumb":{"@id":"https:\/\/departamento.us.es\/dfisap1\/transferencia\/empresas-de-base-tecnologica\/#breadcrumb"},"inLanguage":"es","potentialAction":[{"@type":"ReadAction","target":["https:\/\/departamento.us.es\/dfisap1\/transferencia\/empresas-de-base-tecnologica\/"]}]},{"@type":"ImageObject","inLanguage":"es","@id":"https:\/\/departamento.us.es\/dfisap1\/transferencia\/empresas-de-base-tecnologica\/#primaryimage","url":"https:\/\/departamento.us.es\/dfisap1\/wp-content\/uploads\/2024\/12\/logo-3d-bones.png","contentUrl":"https:\/\/departamento.us.es\/dfisap1\/wp-content\/uploads\/2024\/12\/logo-3d-bones.png","width":92,"height":68},{"@type":"BreadcrumbList","@id":"https:\/\/departamento.us.es\/dfisap1\/transferencia\/empresas-de-base-tecnologica\/#breadcrumb","itemListElement":[{"@type":"ListItem","position":1,"name":"Transferencia","item":"https:\/\/departamento.us.es\/dfisap1\/transferencia\/"},{"@type":"ListItem","position":2,"name":"Empresas de base tecnol\u00f3gica"}]},{"@type":"WebSite","@id":"https:\/\/departamento.us.es\/dfisap1\/#website","url":"https:\/\/departamento.us.es\/dfisap1\/","name":"Departamento de F\u00edsica Aplicada I de la Universidad de Sevilla","description":"Departamento de F\u00edsica Aplicada I","publisher":{"@id":"https:\/\/departamento.us.es\/dfisap1\/#organization"},"potentialAction":[{"@type":"SearchAction","target":{"@type":"EntryPoint","urlTemplate":"https:\/\/departamento.us.es\/dfisap1\/?s={search_term_string}"},"query-input":{"@type":"PropertyValueSpecification","valueRequired":true,"valueName":"search_term_string"}}],"inLanguage":"es"},{"@type":"Organization","@id":"https:\/\/departamento.us.es\/dfisap1\/#organization","name":"Departamento de F\u00edsica Aplicada I de la Universidad de Sevilla","url":"https:\/\/departamento.us.es\/dfisap1\/","logo":{"@type":"ImageObject","inLanguage":"es","@id":"https:\/\/departamento.us.es\/dfisap1\/#\/schema\/logo\/image\/","url":"https:\/\/departamento.us.es\/dfisap1\/wp-content\/uploads\/2022\/02\/LogoUScuadrado-blanco.png","contentUrl":"https:\/\/departamento.us.es\/dfisap1\/wp-content\/uploads\/2022\/02\/LogoUScuadrado-blanco.png","width":147,"height":150,"caption":"Departamento de F\u00edsica Aplicada I de la Universidad de Sevilla"},"image":{"@id":"https:\/\/departamento.us.es\/dfisap1\/#\/schema\/logo\/image\/"}}]}},"_links":{"self":[{"href":"https:\/\/departamento.us.es\/dfisap1\/wp-json\/wp\/v2\/pages\/2615","targetHints":{"allow":["GET"]}}],"collection":[{"href":"https:\/\/departamento.us.es\/dfisap1\/wp-json\/wp\/v2\/pages"}],"about":[{"href":"https:\/\/departamento.us.es\/dfisap1\/wp-json\/wp\/v2\/types\/page"}],"author":[{"embeddable":true,"href":"https:\/\/departamento.us.es\/dfisap1\/wp-json\/wp\/v2\/users\/7"}],"replies":[{"embeddable":true,"href":"https:\/\/departamento.us.es\/dfisap1\/wp-json\/wp\/v2\/comments?post=2615"}],"version-history":[{"count":0,"href":"https:\/\/departamento.us.es\/dfisap1\/wp-json\/wp\/v2\/pages\/2615\/revisions"}],"up":[{"embeddable":true,"href":"https:\/\/departamento.us.es\/dfisap1\/wp-json\/wp\/v2\/pages\/2582"}],"wp:attachment":[{"href":"https:\/\/departamento.us.es\/dfisap1\/wp-json\/wp\/v2\/media?parent=2615"}],"curies":[{"name":"wp","href":"https:\/\/api.w.org\/{rel}","templated":true}]}}