{"id":2616,"date":"2024-11-21T10:05:05","date_gmt":"2024-11-21T10:05:05","guid":{"rendered":"https:\/\/departamento.us.es\/dfisap1\/?page_id=2616"},"modified":"2025-01-31T11:16:51","modified_gmt":"2025-01-31T11:16:51","slug":"grupos-de-investigacion","status":"publish","type":"page","link":"https:\/\/departamento.us.es\/dfisap1\/investigacion\/grupos-de-investigacion\/","title":{"rendered":"Grupos de investigaci\u00f3n"},"content":{"rendered":"\t\t<div data-elementor-type=\"wp-page\" data-elementor-id=\"2616\" class=\"elementor elementor-2616\" data-elementor-post-type=\"page\">\n\t\t\t\t<div class=\"elementor-element elementor-element-8132539 e-flex e-con-boxed e-con e-parent\" data-id=\"8132539\" data-element_type=\"container\">\n\t\t\t\t\t<div class=\"e-con-inner\">\n\t\t\t\t<div class=\"elementor-element elementor-element-51b4a42 elementor-widget elementor-widget-heading\" data-id=\"51b4a42\" data-element_type=\"widget\" data-widget_type=\"heading.default\">\n\t\t\t\t<div class=\"elementor-widget-container\">\n\t\t\t\t\t<h4 class=\"elementor-heading-title elementor-size-default\">Grupos de Investigaci\u00f3n con personal del Departamento de F\u00edsica Aplicada I<\/h4>\t\t\t\t<\/div>\n\t\t\t\t<\/div>\n\t\t\t\t<div class=\"elementor-element elementor-element-001fdf2 elementor-list-item-link-inline elementor-icon-list--layout-traditional elementor-widget elementor-widget-icon-list\" data-id=\"001fdf2\" data-element_type=\"widget\" data-widget_type=\"icon-list.default\">\n\t\t\t\t<div class=\"elementor-widget-container\">\n\t\t\t\t\t\t\t<ul class=\"elementor-icon-list-items\">\n\t\t\t\t\t\t\t<li class=\"elementor-icon-list-item\">\n\t\t\t\t\t\t\t\t\t\t\t<a href=\"https:\/\/investigacion.us.es\/sisius\/grupo\/FQM196\" target=\"_blank\" rel=\"nofollow\">\n\n\t\t\t\t\t\t\t\t\t\t\t\t<span class=\"elementor-icon-list-icon\">\n\t\t\t\t\t\t\t<i aria-hidden=\"true\" class=\"fas fa-external-link-alt\"><\/i>\t\t\t\t\t\t<\/span>\n\t\t\t\t\t\t\t\t\t\t<span class=\"elementor-icon-list-text\">FQM196: Nanotecnolog\u00eda en Superficies y Plasma<\/span>\n\t\t\t\t\t\t\t\t\t\t\t<\/a>\n\t\t\t\t\t\t\t\t\t<\/li>\n\t\t\t\t\t\t\t\t<li class=\"elementor-icon-list-item\">\n\t\t\t\t\t\t\t\t\t\t\t<a href=\"https:\/\/www.upo.es\/otri\/oferta-cientifico-tecnologica\/grupos-de-investigacion\/FISICA-ESTADISTICA-DE-LIQUIDOS-FQM-205\/\" target=\"_blank\" rel=\"nofollow\">\n\n\t\t\t\t\t\t\t\t\t\t\t\t<span class=\"elementor-icon-list-icon\">\n\t\t\t\t\t\t\t<i aria-hidden=\"true\" class=\"fas fa-external-link-alt\"><\/i>\t\t\t\t\t\t<\/span>\n\t\t\t\t\t\t\t\t\t\t<span class=\"elementor-icon-list-text\">FQM205: F\u00edsica Estad\u00edstica de L\u00edquidos<\/span>\n\t\t\t\t\t\t\t\t\t\t\t<\/a>\n\t\t\t\t\t\t\t\t\t<\/li>\n\t\t\t\t\t\t\t\t<li class=\"elementor-icon-list-item\">\n\t\t\t\t\t\t\t\t\t\t\t<a href=\"https:\/\/investigacion.us.es\/sisius\/grupo\/FQM253\" target=\"_blank\" rel=\"nofollow\">\n\n\t\t\t\t\t\t\t\t\t\t\t\t<span class=\"elementor-icon-list-icon\">\n\t\t\t\t\t\t\t<i aria-hidden=\"true\" class=\"fas fa-external-link-alt\"><\/i>\t\t\t\t\t\t<\/span>\n\t\t\t\t\t\t\t\t\t\t<span class=\"elementor-icon-list-text\">FQM253: Electrohidrodin\u00e1mica y Medios Granulares Cohesivos<\/span>\n\t\t\t\t\t\t\t\t\t\t\t<\/a>\n\t\t\t\t\t\t\t\t\t<\/li>\n\t\t\t\t\t\t\t\t<li class=\"elementor-icon-list-item\">\n\t\t\t\t\t\t\t\t\t\t\t<a href=\"http:\/\/grupo.us.es\/gfnl\" target=\"_blank\" rel=\"nofollow\">\n\n\t\t\t\t\t\t\t\t\t\t\t\t<span class=\"elementor-icon-list-icon\">\n\t\t\t\t\t\t\t<i aria-hidden=\"true\" class=\"fas fa-external-link-alt\"><\/i>\t\t\t\t\t\t<\/span>\n\t\t\t\t\t\t\t\t\t\t<span class=\"elementor-icon-list-text\">FQM280: F\u00edsica no Lineal<\/span>\n\t\t\t\t\t\t\t\t\t\t\t<\/a>\n\t\t\t\t\t\t\t\t\t<\/li>\n\t\t\t\t\t\t\t\t<li class=\"elementor-icon-list-item\">\n\t\t\t\t\t\t\t\t\t\t\t<a href=\"https:\/\/investigacion.us.es\/sisius\/grupo\/FQM392\" target=\"_blank\" rel=\"nofollow\">\n\n\t\t\t\t\t\t\t\t\t\t\t\t<span class=\"elementor-icon-list-icon\">\n\t\t\t\t\t\t\t<i aria-hidden=\"true\" class=\"fas fa-external-link-alt\"><\/i>\t\t\t\t\t\t<\/span>\n\t\t\t\t\t\t\t\t\t\t<span class=\"elementor-icon-list-text\">FQM392: F\u00edsica Interdisciplinar y de no Equilibrio<\/span>\n\t\t\t\t\t\t\t\t\t\t\t<\/a>\n\t\t\t\t\t\t\t\t\t<\/li>\n\t\t\t\t\t\t\t\t<li class=\"elementor-icon-list-item\">\n\t\t\t\t\t\t\t\t\t\t\t<a href=\"https:\/\/investigacion.us.es\/sisius\/grupo\/FQM401\" target=\"_blank\" rel=\"nofollow\">\n\n\t\t\t\t\t\t\t\t\t\t\t\t<span class=\"elementor-icon-list-icon\">\n\t\t\t\t\t\t\t<i aria-hidden=\"true\" class=\"fas fa-external-link-alt\"><\/i>\t\t\t\t\t\t<\/span>\n\t\t\t\t\t\t\t\t\t\t<span class=\"elementor-icon-list-text\">FQM401: Simulaci\u00f3n y Aplicaci\u00f3n de Materiales<\/span>\n\t\t\t\t\t\t\t\t\t\t\t<\/a>\n\t\t\t\t\t\t\t\t\t<\/li>\n\t\t\t\t\t\t\t\t<li class=\"elementor-icon-list-item\">\n\t\t\t\t\t\t\t\t\t\t\t<a href=\"https:\/\/ryn-fismat.es\/mfmsnl\/\" target=\"_blank\" rel=\"nofollow\">\n\n\t\t\t\t\t\t\t\t\t\t\t\t<span class=\"elementor-icon-list-icon\">\n\t\t\t\t\t\t\t<i aria-hidden=\"true\" class=\"fas fa-external-link-alt\"><\/i>\t\t\t\t\t\t<\/span>\n\t\t\t\t\t\t\t\t\t\t<span class=\"elementor-icon-list-text\">FQM415: Modelado F\u00edsico-Matem\u00e1tico de Sistemas no Lineales<\/span>\n\t\t\t\t\t\t\t\t\t\t\t<\/a>\n\t\t\t\t\t\t\t\t\t<\/li>\n\t\t\t\t\t\t\t\t<li class=\"elementor-icon-list-item\">\n\t\t\t\t\t\t\t\t\t\t\t<a href=\"https:\/\/investigacion.us.es\/sisius\/grupo\/RNM138\" target=\"_blank\" rel=\"nofollow\">\n\n\t\t\t\t\t\t\t\t\t\t\t\t<span class=\"elementor-icon-list-icon\">\n\t\t\t\t\t\t\t<i aria-hidden=\"true\" class=\"fas fa-external-link-alt\"><\/i>\t\t\t\t\t\t<\/span>\n\t\t\t\t\t\t\t\t\t\t<span class=\"elementor-icon-list-text\">RNM138: F\u00edsica Nuclear Aplicada<\/span>\n\t\t\t\t\t\t\t\t\t\t\t<\/a>\n\t\t\t\t\t\t\t\t\t<\/li>\n\t\t\t\t\t\t\t\t<li class=\"elementor-icon-list-item\">\n\t\t\t\t\t\t\t\t\t\t\t<a href=\"https:\/\/investigacion.us.es\/sisius\/grupo\/RNM159\" target=\"_blank\" rel=\"nofollow\">\n\n\t\t\t\t\t\t\t\t\t\t\t\t<span class=\"elementor-icon-list-icon\">\n\t\t\t\t\t\t\t<i aria-hidden=\"true\" class=\"fas fa-external-link-alt\"><\/i>\t\t\t\t\t\t<\/span>\n\t\t\t\t\t\t\t\t\t\t<span class=\"elementor-icon-list-text\">RNM159: Grupo TAR-Ingenier\u00eda para Transformar<\/span>\n\t\t\t\t\t\t\t\t\t\t\t<\/a>\n\t\t\t\t\t\t\t\t\t<\/li>\n\t\t\t\t\t\t\t\t<li class=\"elementor-icon-list-item\">\n\t\t\t\t\t\t\t\t\t\t\t<a href=\"https:\/\/investigacion.us.es\/sisius\/grupo\/RNM364\" target=\"_blank\" rel=\"nofollow\">\n\n\t\t\t\t\t\t\t\t\t\t\t\t<span class=\"elementor-icon-list-icon\">\n\t\t\t\t\t\t\t<i aria-hidden=\"true\" class=\"fas fa-external-link-alt\"><\/i>\t\t\t\t\t\t<\/span>\n\t\t\t\t\t\t\t\t\t\t<span class=\"elementor-icon-list-text\">RNM364: Med_soil Research Group<\/span>\n\t\t\t\t\t\t\t\t\t\t\t<\/a>\n\t\t\t\t\t\t\t\t\t<\/li>\n\t\t\t\t\t\t\t\t<li class=\"elementor-icon-list-item\">\n\t\t\t\t\t\t\t\t\t\t\t<a href=\"https:\/\/investigacion.us.es\/sisius\/grupo\/TEP122\" target=\"_blank\" rel=\"nofollow\">\n\n\t\t\t\t\t\t\t\t\t\t\t\t<span class=\"elementor-icon-list-icon\">\n\t\t\t\t\t\t\t<i aria-hidden=\"true\" class=\"fas fa-external-link-alt\"><\/i>\t\t\t\t\t\t<\/span>\n\t\t\t\t\t\t\t\t\t\t<span class=\"elementor-icon-list-text\">TEP122: Termodin\u00e1mica y Energ\u00edas Renovables<\/span>\n\t\t\t\t\t\t\t\t\t\t\t<\/a>\n\t\t\t\t\t\t\t\t\t<\/li>\n\t\t\t\t\t\t\t\t<li class=\"elementor-icon-list-item\">\n\t\t\t\t\t\t\t\t\t\t\t<a href=\"https:\/\/tep946.uca.es\/\" target=\"_blank\" rel=\"nofollow\">\n\n\t\t\t\t\t\t\t\t\t\t\t\t<span class=\"elementor-icon-list-icon\">\n\t\t\t\t\t\t\t<i aria-hidden=\"true\" class=\"fas fa-external-link-alt\"><\/i>\t\t\t\t\t\t<\/span>\n\t\t\t\t\t\t\t\t\t\t<span class=\"elementor-icon-list-text\">TEP946: Materiales y Nanotecnolog\u00eda para la Innovaci\u00f3n <\/span>\n\t\t\t\t\t\t\t\t\t\t\t<\/a>\n\t\t\t\t\t\t\t\t\t<\/li>\n\t\t\t\t\t\t\t\t<li class=\"elementor-icon-list-item\">\n\t\t\t\t\t\t\t\t\t\t\t<a href=\"https:\/\/www.csic.es\/es\/investigacion\/grupos-de-investigacion\/tribologia-y-proteccion-de-superficies\" target=\"_blank\" rel=\"nofollow\">\n\n\t\t\t\t\t\t\t\t\t\t\t\t<span class=\"elementor-icon-list-icon\">\n\t\t\t\t\t\t\t<i aria-hidden=\"true\" class=\"fas fa-external-link-alt\"><\/i>\t\t\t\t\t\t<\/span>\n\t\t\t\t\t\t\t\t\t\t<span class=\"elementor-icon-list-text\">TEP958: Tribolog\u00eda y Protecci\u00f3n de Superficies<\/span>\n\t\t\t\t\t\t\t\t\t\t\t<\/a>\n\t\t\t\t\t\t\t\t\t<\/li>\n\t\t\t\t\t\t\t\t<li class=\"elementor-icon-list-item\">\n\t\t\t\t\t\t\t\t\t\t\t<a href=\"https:\/\/investigacion.us.es\/sisius\/grupo\/TIC112\" target=\"_blank\" rel=\"nofollow\">\n\n\t\t\t\t\t\t\t\t\t\t\t\t<span class=\"elementor-icon-list-icon\">\n\t\t\t\t\t\t\t<i aria-hidden=\"true\" class=\"fas fa-external-link-alt\"><\/i>\t\t\t\t\t\t<\/span>\n\t\t\t\t\t\t\t\t\t\t<span class=\"elementor-icon-list-text\">TIC112: Microondas<\/span>\n\t\t\t\t\t\t\t\t\t\t\t<\/a>\n\t\t\t\t\t\t\t\t\t<\/li>\n\t\t\t\t\t\t<\/ul>\n\t\t\t\t\t\t<\/div>\n\t\t\t\t<\/div>\n\t\t\t\t\t<\/div>\n\t\t\t\t<\/div>\n\t\t\t\t<\/div>\n\t\t","protected":false},"excerpt":{"rendered":"<p>Grupos de Investigaci\u00f3n con personal del Departamento de F\u00edsica Aplicada I FQM196: Nanotecnolog\u00eda en Superficies y Plasma FQM205: F\u00edsica Estad\u00edstica de L\u00edquidos FQM253: Electrohidrodin\u00e1mica y Medios Granulares Cohesivos FQM280: F\u00edsica no Lineal FQM392: F\u00edsica Interdisciplinar y de no Equilibrio FQM401: Simulaci\u00f3n y Aplicaci\u00f3n de Materiales FQM415: Modelado F\u00edsico-Matem\u00e1tico de Sistemas no Lineales RNM138: F\u00edsica Nuclear [&hellip;]<\/p>\n","protected":false},"author":7,"featured_media":0,"parent":2581,"menu_order":0,"comment_status":"closed","ping_status":"closed","template":"","meta":{"_acf_changed":false,"footnotes":""},"class_list":["post-2616","page","type-page","status-publish","hentry"],"acf":[],"yoast_head":"<!-- This site is optimized with the Yoast SEO plugin v26.7 - https:\/\/yoast.com\/wordpress\/plugins\/seo\/ -->\n<title>Grupos de investigaci\u00f3n - Departamento de F\u00edsica Aplicada I de la Universidad de Sevilla<\/title>\n<meta name=\"robots\" content=\"index, follow, max-snippet:-1, max-image-preview:large, max-video-preview:-1\" \/>\n<link rel=\"canonical\" href=\"https:\/\/departamento.us.es\/dfisap1\/investigacion\/grupos-de-investigacion\/\" \/>\n<meta property=\"og:locale\" content=\"es_ES\" \/>\n<meta property=\"og:type\" content=\"article\" \/>\n<meta property=\"og:title\" content=\"Grupos de investigaci\u00f3n - Departamento de F\u00edsica Aplicada I de la Universidad de Sevilla\" \/>\n<meta property=\"og:description\" content=\"Grupos de Investigaci\u00f3n con personal del Departamento de F\u00edsica Aplicada I FQM196: Nanotecnolog\u00eda en Superficies y Plasma FQM205: F\u00edsica Estad\u00edstica de L\u00edquidos FQM253: Electrohidrodin\u00e1mica y Medios Granulares Cohesivos FQM280: F\u00edsica no Lineal FQM392: F\u00edsica Interdisciplinar y de no Equilibrio FQM401: Simulaci\u00f3n y Aplicaci\u00f3n de Materiales FQM415: Modelado F\u00edsico-Matem\u00e1tico de Sistemas no Lineales RNM138: F\u00edsica Nuclear [&hellip;]\" \/>\n<meta property=\"og:url\" content=\"https:\/\/departamento.us.es\/dfisap1\/investigacion\/grupos-de-investigacion\/\" \/>\n<meta property=\"og:site_name\" content=\"Departamento de F\u00edsica Aplicada I de la Universidad de Sevilla\" \/>\n<meta property=\"article:modified_time\" content=\"2025-01-31T11:16:51+00:00\" \/>\n<meta name=\"twitter:card\" content=\"summary_large_image\" \/>\n<meta name=\"twitter:label1\" content=\"Tiempo de lectura\" \/>\n\t<meta name=\"twitter:data1\" content=\"1 minuto\" \/>\n<script type=\"application\/ld+json\" class=\"yoast-schema-graph\">{\"@context\":\"https:\/\/schema.org\",\"@graph\":[{\"@type\":\"WebPage\",\"@id\":\"https:\/\/departamento.us.es\/dfisap1\/investigacion\/grupos-de-investigacion\/\",\"url\":\"https:\/\/departamento.us.es\/dfisap1\/investigacion\/grupos-de-investigacion\/\",\"name\":\"Grupos de investigaci\u00f3n - Departamento de F\u00edsica Aplicada I de la Universidad de Sevilla\",\"isPartOf\":{\"@id\":\"https:\/\/departamento.us.es\/dfisap1\/#website\"},\"datePublished\":\"2024-11-21T10:05:05+00:00\",\"dateModified\":\"2025-01-31T11:16:51+00:00\",\"breadcrumb\":{\"@id\":\"https:\/\/departamento.us.es\/dfisap1\/investigacion\/grupos-de-investigacion\/#breadcrumb\"},\"inLanguage\":\"es\",\"potentialAction\":[{\"@type\":\"ReadAction\",\"target\":[\"https:\/\/departamento.us.es\/dfisap1\/investigacion\/grupos-de-investigacion\/\"]}]},{\"@type\":\"BreadcrumbList\",\"@id\":\"https:\/\/departamento.us.es\/dfisap1\/investigacion\/grupos-de-investigacion\/#breadcrumb\",\"itemListElement\":[{\"@type\":\"ListItem\",\"position\":1,\"name\":\"Investigaci\u00f3n\",\"item\":\"https:\/\/departamento.us.es\/dfisap1\/investigacion\/\"},{\"@type\":\"ListItem\",\"position\":2,\"name\":\"Grupos de investigaci\u00f3n\"}]},{\"@type\":\"WebSite\",\"@id\":\"https:\/\/departamento.us.es\/dfisap1\/#website\",\"url\":\"https:\/\/departamento.us.es\/dfisap1\/\",\"name\":\"Departamento de F\u00edsica Aplicada I de la Universidad de Sevilla\",\"description\":\"Departamento de F\u00edsica Aplicada I\",\"publisher\":{\"@id\":\"https:\/\/departamento.us.es\/dfisap1\/#organization\"},\"potentialAction\":[{\"@type\":\"SearchAction\",\"target\":{\"@type\":\"EntryPoint\",\"urlTemplate\":\"https:\/\/departamento.us.es\/dfisap1\/?s={search_term_string}\"},\"query-input\":{\"@type\":\"PropertyValueSpecification\",\"valueRequired\":true,\"valueName\":\"search_term_string\"}}],\"inLanguage\":\"es\"},{\"@type\":\"Organization\",\"@id\":\"https:\/\/departamento.us.es\/dfisap1\/#organization\",\"name\":\"Departamento de F\u00edsica Aplicada I de la Universidad de Sevilla\",\"url\":\"https:\/\/departamento.us.es\/dfisap1\/\",\"logo\":{\"@type\":\"ImageObject\",\"inLanguage\":\"es\",\"@id\":\"https:\/\/departamento.us.es\/dfisap1\/#\/schema\/logo\/image\/\",\"url\":\"https:\/\/departamento.us.es\/dfisap1\/wp-content\/uploads\/2022\/02\/LogoUScuadrado-blanco.png\",\"contentUrl\":\"https:\/\/departamento.us.es\/dfisap1\/wp-content\/uploads\/2022\/02\/LogoUScuadrado-blanco.png\",\"width\":147,\"height\":150,\"caption\":\"Departamento de F\u00edsica Aplicada I de la Universidad de Sevilla\"},\"image\":{\"@id\":\"https:\/\/departamento.us.es\/dfisap1\/#\/schema\/logo\/image\/\"}}]}<\/script>\n<!-- \/ Yoast SEO plugin. -->","yoast_head_json":{"title":"Grupos de investigaci\u00f3n - Departamento de F\u00edsica Aplicada I de la Universidad de Sevilla","robots":{"index":"index","follow":"follow","max-snippet":"max-snippet:-1","max-image-preview":"max-image-preview:large","max-video-preview":"max-video-preview:-1"},"canonical":"https:\/\/departamento.us.es\/dfisap1\/investigacion\/grupos-de-investigacion\/","og_locale":"es_ES","og_type":"article","og_title":"Grupos de investigaci\u00f3n - Departamento de F\u00edsica Aplicada I de la Universidad de Sevilla","og_description":"Grupos de Investigaci\u00f3n con personal del Departamento de F\u00edsica Aplicada I FQM196: Nanotecnolog\u00eda en Superficies y Plasma FQM205: F\u00edsica Estad\u00edstica de L\u00edquidos FQM253: Electrohidrodin\u00e1mica y Medios Granulares Cohesivos FQM280: F\u00edsica no Lineal FQM392: F\u00edsica Interdisciplinar y de no Equilibrio FQM401: Simulaci\u00f3n y Aplicaci\u00f3n de Materiales FQM415: Modelado F\u00edsico-Matem\u00e1tico de Sistemas no Lineales RNM138: F\u00edsica Nuclear [&hellip;]","og_url":"https:\/\/departamento.us.es\/dfisap1\/investigacion\/grupos-de-investigacion\/","og_site_name":"Departamento de F\u00edsica Aplicada I de la Universidad de Sevilla","article_modified_time":"2025-01-31T11:16:51+00:00","twitter_card":"summary_large_image","twitter_misc":{"Tiempo de lectura":"1 minuto"},"schema":{"@context":"https:\/\/schema.org","@graph":[{"@type":"WebPage","@id":"https:\/\/departamento.us.es\/dfisap1\/investigacion\/grupos-de-investigacion\/","url":"https:\/\/departamento.us.es\/dfisap1\/investigacion\/grupos-de-investigacion\/","name":"Grupos de investigaci\u00f3n - Departamento de F\u00edsica Aplicada I de la Universidad de Sevilla","isPartOf":{"@id":"https:\/\/departamento.us.es\/dfisap1\/#website"},"datePublished":"2024-11-21T10:05:05+00:00","dateModified":"2025-01-31T11:16:51+00:00","breadcrumb":{"@id":"https:\/\/departamento.us.es\/dfisap1\/investigacion\/grupos-de-investigacion\/#breadcrumb"},"inLanguage":"es","potentialAction":[{"@type":"ReadAction","target":["https:\/\/departamento.us.es\/dfisap1\/investigacion\/grupos-de-investigacion\/"]}]},{"@type":"BreadcrumbList","@id":"https:\/\/departamento.us.es\/dfisap1\/investigacion\/grupos-de-investigacion\/#breadcrumb","itemListElement":[{"@type":"ListItem","position":1,"name":"Investigaci\u00f3n","item":"https:\/\/departamento.us.es\/dfisap1\/investigacion\/"},{"@type":"ListItem","position":2,"name":"Grupos de investigaci\u00f3n"}]},{"@type":"WebSite","@id":"https:\/\/departamento.us.es\/dfisap1\/#website","url":"https:\/\/departamento.us.es\/dfisap1\/","name":"Departamento de F\u00edsica Aplicada I de la Universidad de Sevilla","description":"Departamento de F\u00edsica Aplicada I","publisher":{"@id":"https:\/\/departamento.us.es\/dfisap1\/#organization"},"potentialAction":[{"@type":"SearchAction","target":{"@type":"EntryPoint","urlTemplate":"https:\/\/departamento.us.es\/dfisap1\/?s={search_term_string}"},"query-input":{"@type":"PropertyValueSpecification","valueRequired":true,"valueName":"search_term_string"}}],"inLanguage":"es"},{"@type":"Organization","@id":"https:\/\/departamento.us.es\/dfisap1\/#organization","name":"Departamento de F\u00edsica Aplicada I de la Universidad de Sevilla","url":"https:\/\/departamento.us.es\/dfisap1\/","logo":{"@type":"ImageObject","inLanguage":"es","@id":"https:\/\/departamento.us.es\/dfisap1\/#\/schema\/logo\/image\/","url":"https:\/\/departamento.us.es\/dfisap1\/wp-content\/uploads\/2022\/02\/LogoUScuadrado-blanco.png","contentUrl":"https:\/\/departamento.us.es\/dfisap1\/wp-content\/uploads\/2022\/02\/LogoUScuadrado-blanco.png","width":147,"height":150,"caption":"Departamento de F\u00edsica Aplicada I de la Universidad de Sevilla"},"image":{"@id":"https:\/\/departamento.us.es\/dfisap1\/#\/schema\/logo\/image\/"}}]}},"_links":{"self":[{"href":"https:\/\/departamento.us.es\/dfisap1\/wp-json\/wp\/v2\/pages\/2616","targetHints":{"allow":["GET"]}}],"collection":[{"href":"https:\/\/departamento.us.es\/dfisap1\/wp-json\/wp\/v2\/pages"}],"about":[{"href":"https:\/\/departamento.us.es\/dfisap1\/wp-json\/wp\/v2\/types\/page"}],"author":[{"embeddable":true,"href":"https:\/\/departamento.us.es\/dfisap1\/wp-json\/wp\/v2\/users\/7"}],"replies":[{"embeddable":true,"href":"https:\/\/departamento.us.es\/dfisap1\/wp-json\/wp\/v2\/comments?post=2616"}],"version-history":[{"count":0,"href":"https:\/\/departamento.us.es\/dfisap1\/wp-json\/wp\/v2\/pages\/2616\/revisions"}],"up":[{"embeddable":true,"href":"https:\/\/departamento.us.es\/dfisap1\/wp-json\/wp\/v2\/pages\/2581"}],"wp:attachment":[{"href":"https:\/\/departamento.us.es\/dfisap1\/wp-json\/wp\/v2\/media?parent=2616"}],"curies":[{"name":"wp","href":"https:\/\/api.w.org\/{rel}","templated":true}]}}