{"id":2653,"date":"2024-12-11T12:55:33","date_gmt":"2024-12-11T12:55:33","guid":{"rendered":"https:\/\/departamento.us.es\/dfisap1\/?page_id=2653"},"modified":"2025-02-06T10:00:46","modified_gmt":"2025-02-06T10:00:46","slug":"laboratorios-de-investigacion","status":"publish","type":"page","link":"https:\/\/departamento.us.es\/dfisap1\/investigacion\/laboratorios-de-investigacion\/","title":{"rendered":"Laboratorios de investigaci\u00f3n"},"content":{"rendered":"\t\t<div data-elementor-type=\"wp-page\" data-elementor-id=\"2653\" class=\"elementor elementor-2653\" data-elementor-post-type=\"page\">\n\t\t\t\t<div class=\"elementor-element elementor-element-b1187dc e-flex e-con-boxed e-con e-parent\" data-id=\"b1187dc\" data-element_type=\"container\">\n\t\t\t\t\t<div class=\"e-con-inner\">\n\t\t\t\t<div class=\"elementor-element elementor-element-a0d78ee elementor-widget elementor-widget-heading\" data-id=\"a0d78ee\" data-element_type=\"widget\" data-widget_type=\"heading.default\">\n\t\t\t\t<div class=\"elementor-widget-container\">\n\t\t\t\t\t<h4 class=\"elementor-heading-title elementor-size-default\">Centro Andaluc\u00eda Tech. Escuela Polit\u00e9cnica Superior - CATEPS<\/h4>\t\t\t\t<\/div>\n\t\t\t\t<\/div>\n\t\t<div class=\"elementor-element elementor-element-0109d18 e-con-full e-flex e-con e-child\" data-id=\"0109d18\" data-element_type=\"container\">\n\t\t<div class=\"elementor-element elementor-element-e452d71 e-con-full e-flex e-con e-child\" data-id=\"e452d71\" data-element_type=\"container\">\n\t\t<div class=\"elementor-element elementor-element-c638d91 e-con-full e-flex e-con e-child\" data-id=\"c638d91\" data-element_type=\"container\" data-settings=\"{&quot;background_background&quot;:&quot;classic&quot;}\">\n\t\t\t\t<div class=\"elementor-element elementor-element-b83bf2b elementor-widget elementor-widget-heading\" data-id=\"b83bf2b\" data-element_type=\"widget\" data-widget_type=\"heading.default\">\n\t\t\t\t<div class=\"elementor-widget-container\">\n\t\t\t\t\t<h6 class=\"elementor-heading-title elementor-size-default\">L1-I-FA: Laboratorio de f\u00edsica nuclear aplicada (Responsable: Francisco Jos\u00e9 Ager V\u00e1zquez)<\/h6>\t\t\t\t<\/div>\n\t\t\t\t<\/div>\n\t\t\t\t<\/div>\n\t\t<div class=\"elementor-element elementor-element-915911e e-con-full e-flex e-con e-child\" data-id=\"915911e\" data-element_type=\"container\">\n\t\t\t\t<div class=\"elementor-element elementor-element-e12ab3d elementor-widget elementor-widget-text-editor\" data-id=\"e12ab3d\" data-element_type=\"widget\" data-widget_type=\"text-editor.default\">\n\t\t\t\t<div class=\"elementor-widget-container\">\n\t\t\t\t\t\t\t\t\t<p><strong>Equipo de fluorescencia de rayos X, X-Panda:<\/strong> tubo de rayos X Amptek Mini-X, \u00e1nodo W, 40 kV, 0.2 mA. Detector SDD Amptek X-123. Sistema automatizado de posicionamiento OWIS.<\/p><p><br \/><strong>Equipo de fluorescencia de rayos X:<\/strong> tubo de rayos X Amptek Mini-X, \u00e1nodo W, 40 kV, 0.2 mA. Detector SDD Amptek X-123. Sistema de posicionamiento microm\u00e9trico manual.<\/p><p><br \/><strong>Equipo de an\u00e1lisis de microfluorescencia de rayos X:<\/strong> tubo ifG\/IMOXS, \u00e1nodo W, 50 kV, 0.6 mA, lentes policapilares (50 \u00b5m), detector Amptek Super-SDD-X123. Posicionamiento automatizado de 3 ejes STANDA.<\/p><p><br \/><strong>Equipo de an\u00e1lisis de microfluorescencia confocal de rayos X, \u03bcXRF-CONCHA:<\/strong> tubo de rayos X ifG\/IMOXS, \u00e1nodo de Rh, 50 kV, 0.6 mA, lentes policapilares (20 \u00b5m), detector Amptek Super-SDD-X123. Sistema automatizado de posicionamiento OWIS.<\/p><p><br \/><strong>Equipo de transmisi\u00f3n de rayos gamma:<\/strong> fuentes 241Am, 57Co, 133Ba. Blindaje Pb. Detector Amptek X-123CdTe. Sistema automatizado de cambio de muestras.<\/p>\t\t\t\t\t\t\t\t<\/div>\n\t\t\t\t<\/div>\n\t\t\t\t<\/div>\n\t\t\t\t<\/div>\n\t\t<div class=\"elementor-element elementor-element-0bb3d13 e-con-full e-flex e-con e-child\" data-id=\"0bb3d13\" data-element_type=\"container\">\n\t\t<div class=\"elementor-element elementor-element-87a888f e-con-full e-flex e-con e-child\" data-id=\"87a888f\" data-element_type=\"container\" data-settings=\"{&quot;background_background&quot;:&quot;classic&quot;}\">\n\t\t\t\t<div class=\"elementor-element elementor-element-dc63ff0 elementor-widget elementor-widget-heading\" data-id=\"dc63ff0\" data-element_type=\"widget\" data-widget_type=\"heading.default\">\n\t\t\t\t<div class=\"elementor-widget-container\">\n\t\t\t\t\t<h6 class=\"elementor-heading-title elementor-size-default\">L2-I-FA: Laboratorio de superficies y materiales (Responsables: Ram\u00f3n Escobar Galindo y Bertrand Lacroix)<\/h6>\t\t\t\t<\/div>\n\t\t\t\t<\/div>\n\t\t\t\t<\/div>\n\t\t<div class=\"elementor-element elementor-element-dc85b84 e-con-full e-flex e-con e-child\" data-id=\"dc85b84\" data-element_type=\"container\">\n\t\t<div class=\"elementor-element elementor-element-99975c2 e-con-full e-flex e-con e-child\" data-id=\"99975c2\" data-element_type=\"container\">\n\t\t\t\t<div class=\"elementor-element elementor-element-67e1948 elementor-widget elementor-widget-text-editor\" data-id=\"67e1948\" data-element_type=\"widget\" data-widget_type=\"text-editor.default\">\n\t\t\t\t<div class=\"elementor-widget-container\">\n\t\t\t\t\t\t\t\t\t<p><strong>Equipo PVD (Physical Vapor Deposition) tipo \u201cmini batch DC-sputtering coater\u201d<\/strong> para realizar recubrimientos funcionales sobre geometr\u00edas complejas con sistema de rotaci\u00f3n planetario en alto vac\u00edo.<\/p><p><strong>Espectr\u00f3metro GDOES (Glow Discharge Emission Spectrometry)<\/strong> para el an\u00e1lisis elemental cualitativo y cuantitativo de materiales de manera r\u00e1pida y con alta resoluci\u00f3n en profundidad.<\/p><p><strong>Horno de mufla (Hobersal) para tratamientos t\u00e9rmicos<\/strong> de materiales hasta temperaturas superiores a 1000\u00a0\u00b0C y experimentos de ciclado con rampas de calentamiento\/enfriamientos controlados.<\/p><p><strong>Tensi\u00f3metro \u00f3ptico (Biolin Theta Flex)<\/strong> para medidas de mojado superficial est\u00e1ticas y din\u00e1micas.<\/p><p><strong>Sistema de iluminaci\u00f3n ultravioleta (UVA y UVB)<\/strong> para tratamientos de foto-activaci\u00f3n de materiales.<\/p><p><strong>Microscopio \u00f3ptico<\/strong> para la observaci\u00f3n de muestras.<\/p><p><strong>Equipamiento general de laboratorio<\/strong> (campana de extracci\u00f3n, desecador, ba\u00f1o de ultrasonidos, etc.).<\/p>\t\t\t\t\t\t\t\t<\/div>\n\t\t\t\t<\/div>\n\t\t\t\t<\/div>\n\t\t<div class=\"elementor-element elementor-element-70e4bf1 e-con-full e-flex e-con e-child\" data-id=\"70e4bf1\" data-element_type=\"container\">\n\t\t\t\t<div class=\"elementor-element elementor-element-d331464 gallery-spacing-custom elementor-widget elementor-widget-image-gallery\" data-id=\"d331464\" data-element_type=\"widget\" data-widget_type=\"image-gallery.default\">\n\t\t\t\t<div class=\"elementor-widget-container\">\n\t\t\t\t\t\t\t<div class=\"elementor-image-gallery\">\n\t\t\t<div id='gallery-1' class='gallery galleryid-2653 gallery-columns-2 gallery-size-medium'><figure class='gallery-item'>\n\t\t\t<div class='gallery-icon portrait'>\n\t\t\t\t<a data-elementor-open-lightbox=\"yes\" data-elementor-lightbox-slideshow=\"d331464\" data-elementor-lightbox-title=\"Imagen12\" data-e-action-hash=\"#elementor-action%3Aaction%3Dlightbox%26settings%3DeyJpZCI6MjgxMCwidXJsIjoiaHR0cHM6XC9cL2RlcGFydGFtZW50by51cy5lc1wvZGZpc2FwMVwvd3AtY29udGVudFwvdXBsb2Fkc1wvMjAyNVwvMDFcL0ltYWdlbjEyLnBuZyIsInNsaWRlc2hvdyI6ImQzMzE0NjQifQ%3D%3D\" href='https:\/\/departamento.us.es\/dfisap1\/wp-content\/uploads\/2025\/01\/Imagen12.png'><img fetchpriority=\"high\" width=\"316\" height=\"318\" src=\"https:\/\/departamento.us.es\/dfisap1\/wp-content\/uploads\/2025\/01\/Imagen12.png\" class=\"attachment-medium size-medium\" alt=\"\" decoding=\"async\" \/><\/a>\n\t\t\t<\/div><\/figure><figure class='gallery-item'>\n\t\t\t<div class='gallery-icon portrait'>\n\t\t\t\t<a data-elementor-open-lightbox=\"yes\" data-elementor-lightbox-slideshow=\"d331464\" data-elementor-lightbox-title=\"Imagen3\" data-e-action-hash=\"#elementor-action%3Aaction%3Dlightbox%26settings%3DeyJpZCI6MjgxMSwidXJsIjoiaHR0cHM6XC9cL2RlcGFydGFtZW50by51cy5lc1wvZGZpc2FwMVwvd3AtY29udGVudFwvdXBsb2Fkc1wvMjAyNVwvMDFcL0ltYWdlbjMuanBnIiwic2xpZGVzaG93IjoiZDMzMTQ2NCJ9\" href='https:\/\/departamento.us.es\/dfisap1\/wp-content\/uploads\/2025\/01\/Imagen3.jpg'><img width=\"270\" height=\"309\" src=\"https:\/\/departamento.us.es\/dfisap1\/wp-content\/uploads\/2025\/01\/Imagen3.jpg\" class=\"attachment-medium size-medium\" alt=\"\" decoding=\"async\" \/><\/a>\n\t\t\t<\/div><\/figure><figure class='gallery-item'>\n\t\t\t<div class='gallery-icon landscape'>\n\t\t\t\t<a data-elementor-open-lightbox=\"yes\" data-elementor-lightbox-slideshow=\"d331464\" data-elementor-lightbox-title=\"foto-tensiometro2\" data-e-action-hash=\"#elementor-action%3Aaction%3Dlightbox%26settings%3DeyJpZCI6Mjg0MiwidXJsIjoiaHR0cHM6XC9cL2RlcGFydGFtZW50by51cy5lc1wvZGZpc2FwMVwvd3AtY29udGVudFwvdXBsb2Fkc1wvMjAyNVwvMDJcL2ZvdG8tdGVuc2lvbWV0cm8yLmpwZyIsInNsaWRlc2hvdyI6ImQzMzE0NjQifQ%3D%3D\" href='https:\/\/departamento.us.es\/dfisap1\/wp-content\/uploads\/2025\/02\/foto-tensiometro2.jpg'><img width=\"1024\" height=\"768\" src=\"https:\/\/departamento.us.es\/dfisap1\/wp-content\/uploads\/2025\/02\/foto-tensiometro2.jpg\" class=\"attachment-medium size-medium\" alt=\"\" decoding=\"async\" srcset=\"https:\/\/departamento.us.es\/dfisap1\/wp-content\/uploads\/2025\/02\/foto-tensiometro2.jpg 1024w, https:\/\/departamento.us.es\/dfisap1\/wp-content\/uploads\/2025\/02\/foto-tensiometro2-768x576.jpg 768w\" sizes=\"(max-width: 1024px) 100vw, 1024px\" \/><\/a>\n\t\t\t<\/div><\/figure><figure class='gallery-item'>\n\t\t\t<div class='gallery-icon portrait'>\n\t\t\t\t<a data-elementor-open-lightbox=\"yes\" data-elementor-lightbox-slideshow=\"d331464\" data-elementor-lightbox-title=\"foto-horno-recortado\" data-e-action-hash=\"#elementor-action%3Aaction%3Dlightbox%26settings%3DeyJpZCI6Mjg0MywidXJsIjoiaHR0cHM6XC9cL2RlcGFydGFtZW50by51cy5lc1wvZGZpc2FwMVwvd3AtY29udGVudFwvdXBsb2Fkc1wvMjAyNVwvMDJcL2ZvdG8taG9ybm8tcmVjb3J0YWRvLmpwZyIsInNsaWRlc2hvdyI6ImQzMzE0NjQifQ%3D%3D\" href='https:\/\/departamento.us.es\/dfisap1\/wp-content\/uploads\/2025\/02\/foto-horno-recortado.jpg'><img loading=\"lazy\" width=\"1024\" height=\"1055\" src=\"https:\/\/departamento.us.es\/dfisap1\/wp-content\/uploads\/2025\/02\/foto-horno-recortado.jpg\" class=\"attachment-medium size-medium\" alt=\"\" decoding=\"async\" srcset=\"https:\/\/departamento.us.es\/dfisap1\/wp-content\/uploads\/2025\/02\/foto-horno-recortado.jpg 1024w, https:\/\/departamento.us.es\/dfisap1\/wp-content\/uploads\/2025\/02\/foto-horno-recortado-768x791.jpg 768w\" sizes=\"(max-width: 1024px) 100vw, 1024px\" \/><\/a>\n\t\t\t<\/div><\/figure>\n\t\t<\/div>\n\t\t<\/div>\n\t\t\t\t\t\t<\/div>\n\t\t\t\t<\/div>\n\t\t\t\t<\/div>\n\t\t\t\t<\/div>\n\t\t\t\t<\/div>\n\t\t<div class=\"elementor-element elementor-element-257001f e-con-full e-flex e-con e-child\" data-id=\"257001f\" data-element_type=\"container\">\n\t\t<div class=\"elementor-element elementor-element-945788b e-con-full e-flex e-con e-child\" data-id=\"945788b\" data-element_type=\"container\" data-settings=\"{&quot;background_background&quot;:&quot;classic&quot;}\">\n\t\t\t\t<div class=\"elementor-element elementor-element-8b2991c elementor-widget elementor-widget-heading\" data-id=\"8b2991c\" data-element_type=\"widget\" data-widget_type=\"heading.default\">\n\t\t\t\t<div class=\"elementor-widget-container\">\n\t\t\t\t\t<h6 class=\"elementor-heading-title elementor-size-default\">L3-I-FA: Laboratorio de preparaci\u00f3n de muestras para AMS (Responsable: Jos\u00e9 Mar\u00eda L\u00f3pez Guti\u00e9rrez)<\/h6>\t\t\t\t<\/div>\n\t\t\t\t<\/div>\n\t\t\t\t<\/div>\n\t\t<div class=\"elementor-element elementor-element-a384496 e-con-full e-flex e-con e-child\" data-id=\"a384496\" data-element_type=\"container\">\n\t\t\t\t<div class=\"elementor-element elementor-element-d931f1b elementor-widget elementor-widget-text-editor\" data-id=\"d931f1b\" data-element_type=\"widget\" data-widget_type=\"text-editor.default\">\n\t\t\t\t<div class=\"elementor-widget-container\">\n\t\t\t\t\t\t\t\t\t<p><strong>Horno microondas<\/strong> para digesti\u00f3n \u00e1cida y b\u00e1sica de materiales.<\/p><p><strong>Horno mufla<\/strong> para combusti\u00f3n.<\/p><p><strong>Equipo de destilaci\u00f3n<\/strong> para producci\u00f3n de agua ultrapura.<\/p><p><strong>Equipo de prensado<\/strong> de muestras Ionplus.<\/p><p><strong>Equipamiento general de laboratorio<\/strong> (campana de extracci\u00f3n, centr\u00edfuga, ba\u00f1o ultrasonidos, etc.).<\/p>\t\t\t\t\t\t\t\t<\/div>\n\t\t\t\t<\/div>\n\t\t\t\t<\/div>\n\t\t\t\t<\/div>\n\t\t\t\t<\/div>\n\t\t\t\t\t<\/div>\n\t\t\t\t<\/div>\n\t\t\t\t<\/div>\n\t\t","protected":false},"excerpt":{"rendered":"<p>Centro Andaluc\u00eda Tech. Escuela Polit\u00e9cnica Superior &#8211; CATEPS L1-I-FA: Laboratorio de f\u00edsica nuclear aplicada (Responsable: Francisco Jos\u00e9 Ager V\u00e1zquez) Equipo de fluorescencia de rayos X, X-Panda: tubo de rayos X Amptek Mini-X, \u00e1nodo W, 40 kV, 0.2 mA. Detector SDD Amptek X-123. Sistema automatizado de posicionamiento OWIS. Equipo de fluorescencia de rayos X: tubo de [&hellip;]<\/p>\n","protected":false},"author":7,"featured_media":0,"parent":2581,"menu_order":0,"comment_status":"closed","ping_status":"closed","template":"","meta":{"_acf_changed":false,"footnotes":""},"class_list":["post-2653","page","type-page","status-publish","hentry"],"acf":[],"yoast_head":"<!-- This site is optimized with the Yoast SEO plugin v26.7 - https:\/\/yoast.com\/wordpress\/plugins\/seo\/ -->\n<title>Laboratorios de investigaci\u00f3n - Departamento de F\u00edsica Aplicada I de la Universidad de Sevilla<\/title>\n<meta name=\"robots\" content=\"index, follow, max-snippet:-1, max-image-preview:large, max-video-preview:-1\" \/>\n<link rel=\"canonical\" href=\"https:\/\/departamento.us.es\/dfisap1\/investigacion\/laboratorios-de-investigacion\/\" \/>\n<meta property=\"og:locale\" content=\"es_ES\" \/>\n<meta property=\"og:type\" content=\"article\" \/>\n<meta property=\"og:title\" content=\"Laboratorios de investigaci\u00f3n - Departamento de F\u00edsica Aplicada I de la Universidad de Sevilla\" \/>\n<meta property=\"og:description\" content=\"Centro Andaluc\u00eda Tech. Escuela Polit\u00e9cnica Superior &#8211; CATEPS L1-I-FA: Laboratorio de f\u00edsica nuclear aplicada (Responsable: Francisco Jos\u00e9 Ager V\u00e1zquez) Equipo de fluorescencia de rayos X, X-Panda: tubo de rayos X Amptek Mini-X, \u00e1nodo W, 40 kV, 0.2 mA. Detector SDD Amptek X-123. Sistema automatizado de posicionamiento OWIS. Equipo de fluorescencia de rayos X: tubo de [&hellip;]\" \/>\n<meta property=\"og:url\" content=\"https:\/\/departamento.us.es\/dfisap1\/investigacion\/laboratorios-de-investigacion\/\" \/>\n<meta property=\"og:site_name\" content=\"Departamento de F\u00edsica Aplicada I de la Universidad de Sevilla\" \/>\n<meta property=\"article:modified_time\" content=\"2025-02-06T10:00:46+00:00\" \/>\n<meta property=\"og:image\" content=\"https:\/\/departamento.us.es\/dfisap1\/wp-content\/uploads\/2025\/01\/Imagen12.png\" \/>\n<meta name=\"twitter:card\" content=\"summary_large_image\" \/>\n<meta name=\"twitter:label1\" content=\"Tiempo de lectura\" \/>\n\t<meta name=\"twitter:data1\" content=\"3 minutos\" \/>\n<script type=\"application\/ld+json\" class=\"yoast-schema-graph\">{\"@context\":\"https:\/\/schema.org\",\"@graph\":[{\"@type\":\"WebPage\",\"@id\":\"https:\/\/departamento.us.es\/dfisap1\/investigacion\/laboratorios-de-investigacion\/\",\"url\":\"https:\/\/departamento.us.es\/dfisap1\/investigacion\/laboratorios-de-investigacion\/\",\"name\":\"Laboratorios de investigaci\u00f3n - Departamento de F\u00edsica Aplicada I de la Universidad de Sevilla\",\"isPartOf\":{\"@id\":\"https:\/\/departamento.us.es\/dfisap1\/#website\"},\"primaryImageOfPage\":{\"@id\":\"https:\/\/departamento.us.es\/dfisap1\/investigacion\/laboratorios-de-investigacion\/#primaryimage\"},\"image\":{\"@id\":\"https:\/\/departamento.us.es\/dfisap1\/investigacion\/laboratorios-de-investigacion\/#primaryimage\"},\"thumbnailUrl\":\"https:\/\/departamento.us.es\/dfisap1\/wp-content\/uploads\/2025\/01\/Imagen12.png\",\"datePublished\":\"2024-12-11T12:55:33+00:00\",\"dateModified\":\"2025-02-06T10:00:46+00:00\",\"breadcrumb\":{\"@id\":\"https:\/\/departamento.us.es\/dfisap1\/investigacion\/laboratorios-de-investigacion\/#breadcrumb\"},\"inLanguage\":\"es\",\"potentialAction\":[{\"@type\":\"ReadAction\",\"target\":[\"https:\/\/departamento.us.es\/dfisap1\/investigacion\/laboratorios-de-investigacion\/\"]}]},{\"@type\":\"ImageObject\",\"inLanguage\":\"es\",\"@id\":\"https:\/\/departamento.us.es\/dfisap1\/investigacion\/laboratorios-de-investigacion\/#primaryimage\",\"url\":\"https:\/\/departamento.us.es\/dfisap1\/wp-content\/uploads\/2025\/01\/Imagen12.png\",\"contentUrl\":\"https:\/\/departamento.us.es\/dfisap1\/wp-content\/uploads\/2025\/01\/Imagen12.png\"},{\"@type\":\"BreadcrumbList\",\"@id\":\"https:\/\/departamento.us.es\/dfisap1\/investigacion\/laboratorios-de-investigacion\/#breadcrumb\",\"itemListElement\":[{\"@type\":\"ListItem\",\"position\":1,\"name\":\"Investigaci\u00f3n\",\"item\":\"https:\/\/departamento.us.es\/dfisap1\/investigacion\/\"},{\"@type\":\"ListItem\",\"position\":2,\"name\":\"Laboratorios de investigaci\u00f3n\"}]},{\"@type\":\"WebSite\",\"@id\":\"https:\/\/departamento.us.es\/dfisap1\/#website\",\"url\":\"https:\/\/departamento.us.es\/dfisap1\/\",\"name\":\"Departamento de F\u00edsica Aplicada I de la Universidad de Sevilla\",\"description\":\"Departamento de F\u00edsica Aplicada I\",\"publisher\":{\"@id\":\"https:\/\/departamento.us.es\/dfisap1\/#organization\"},\"potentialAction\":[{\"@type\":\"SearchAction\",\"target\":{\"@type\":\"EntryPoint\",\"urlTemplate\":\"https:\/\/departamento.us.es\/dfisap1\/?s={search_term_string}\"},\"query-input\":{\"@type\":\"PropertyValueSpecification\",\"valueRequired\":true,\"valueName\":\"search_term_string\"}}],\"inLanguage\":\"es\"},{\"@type\":\"Organization\",\"@id\":\"https:\/\/departamento.us.es\/dfisap1\/#organization\",\"name\":\"Departamento de F\u00edsica Aplicada I de la Universidad de Sevilla\",\"url\":\"https:\/\/departamento.us.es\/dfisap1\/\",\"logo\":{\"@type\":\"ImageObject\",\"inLanguage\":\"es\",\"@id\":\"https:\/\/departamento.us.es\/dfisap1\/#\/schema\/logo\/image\/\",\"url\":\"https:\/\/departamento.us.es\/dfisap1\/wp-content\/uploads\/2022\/02\/LogoUScuadrado-blanco.png\",\"contentUrl\":\"https:\/\/departamento.us.es\/dfisap1\/wp-content\/uploads\/2022\/02\/LogoUScuadrado-blanco.png\",\"width\":147,\"height\":150,\"caption\":\"Departamento de F\u00edsica Aplicada I de la Universidad de Sevilla\"},\"image\":{\"@id\":\"https:\/\/departamento.us.es\/dfisap1\/#\/schema\/logo\/image\/\"}}]}<\/script>\n<!-- \/ Yoast SEO plugin. -->","yoast_head_json":{"title":"Laboratorios de investigaci\u00f3n - Departamento de F\u00edsica Aplicada I de la Universidad de Sevilla","robots":{"index":"index","follow":"follow","max-snippet":"max-snippet:-1","max-image-preview":"max-image-preview:large","max-video-preview":"max-video-preview:-1"},"canonical":"https:\/\/departamento.us.es\/dfisap1\/investigacion\/laboratorios-de-investigacion\/","og_locale":"es_ES","og_type":"article","og_title":"Laboratorios de investigaci\u00f3n - Departamento de F\u00edsica Aplicada I de la Universidad de Sevilla","og_description":"Centro Andaluc\u00eda Tech. Escuela Polit\u00e9cnica Superior &#8211; CATEPS L1-I-FA: Laboratorio de f\u00edsica nuclear aplicada (Responsable: Francisco Jos\u00e9 Ager V\u00e1zquez) Equipo de fluorescencia de rayos X, X-Panda: tubo de rayos X Amptek Mini-X, \u00e1nodo W, 40 kV, 0.2 mA. Detector SDD Amptek X-123. Sistema automatizado de posicionamiento OWIS. Equipo de fluorescencia de rayos X: tubo de [&hellip;]","og_url":"https:\/\/departamento.us.es\/dfisap1\/investigacion\/laboratorios-de-investigacion\/","og_site_name":"Departamento de F\u00edsica Aplicada I de la Universidad de Sevilla","article_modified_time":"2025-02-06T10:00:46+00:00","og_image":[{"url":"https:\/\/departamento.us.es\/dfisap1\/wp-content\/uploads\/2025\/01\/Imagen12.png","type":"","width":"","height":""}],"twitter_card":"summary_large_image","twitter_misc":{"Tiempo de lectura":"3 minutos"},"schema":{"@context":"https:\/\/schema.org","@graph":[{"@type":"WebPage","@id":"https:\/\/departamento.us.es\/dfisap1\/investigacion\/laboratorios-de-investigacion\/","url":"https:\/\/departamento.us.es\/dfisap1\/investigacion\/laboratorios-de-investigacion\/","name":"Laboratorios de investigaci\u00f3n - Departamento de F\u00edsica Aplicada I de la Universidad de Sevilla","isPartOf":{"@id":"https:\/\/departamento.us.es\/dfisap1\/#website"},"primaryImageOfPage":{"@id":"https:\/\/departamento.us.es\/dfisap1\/investigacion\/laboratorios-de-investigacion\/#primaryimage"},"image":{"@id":"https:\/\/departamento.us.es\/dfisap1\/investigacion\/laboratorios-de-investigacion\/#primaryimage"},"thumbnailUrl":"https:\/\/departamento.us.es\/dfisap1\/wp-content\/uploads\/2025\/01\/Imagen12.png","datePublished":"2024-12-11T12:55:33+00:00","dateModified":"2025-02-06T10:00:46+00:00","breadcrumb":{"@id":"https:\/\/departamento.us.es\/dfisap1\/investigacion\/laboratorios-de-investigacion\/#breadcrumb"},"inLanguage":"es","potentialAction":[{"@type":"ReadAction","target":["https:\/\/departamento.us.es\/dfisap1\/investigacion\/laboratorios-de-investigacion\/"]}]},{"@type":"ImageObject","inLanguage":"es","@id":"https:\/\/departamento.us.es\/dfisap1\/investigacion\/laboratorios-de-investigacion\/#primaryimage","url":"https:\/\/departamento.us.es\/dfisap1\/wp-content\/uploads\/2025\/01\/Imagen12.png","contentUrl":"https:\/\/departamento.us.es\/dfisap1\/wp-content\/uploads\/2025\/01\/Imagen12.png"},{"@type":"BreadcrumbList","@id":"https:\/\/departamento.us.es\/dfisap1\/investigacion\/laboratorios-de-investigacion\/#breadcrumb","itemListElement":[{"@type":"ListItem","position":1,"name":"Investigaci\u00f3n","item":"https:\/\/departamento.us.es\/dfisap1\/investigacion\/"},{"@type":"ListItem","position":2,"name":"Laboratorios de investigaci\u00f3n"}]},{"@type":"WebSite","@id":"https:\/\/departamento.us.es\/dfisap1\/#website","url":"https:\/\/departamento.us.es\/dfisap1\/","name":"Departamento de F\u00edsica Aplicada I de la Universidad de Sevilla","description":"Departamento de F\u00edsica Aplicada I","publisher":{"@id":"https:\/\/departamento.us.es\/dfisap1\/#organization"},"potentialAction":[{"@type":"SearchAction","target":{"@type":"EntryPoint","urlTemplate":"https:\/\/departamento.us.es\/dfisap1\/?s={search_term_string}"},"query-input":{"@type":"PropertyValueSpecification","valueRequired":true,"valueName":"search_term_string"}}],"inLanguage":"es"},{"@type":"Organization","@id":"https:\/\/departamento.us.es\/dfisap1\/#organization","name":"Departamento de F\u00edsica Aplicada I de la Universidad de Sevilla","url":"https:\/\/departamento.us.es\/dfisap1\/","logo":{"@type":"ImageObject","inLanguage":"es","@id":"https:\/\/departamento.us.es\/dfisap1\/#\/schema\/logo\/image\/","url":"https:\/\/departamento.us.es\/dfisap1\/wp-content\/uploads\/2022\/02\/LogoUScuadrado-blanco.png","contentUrl":"https:\/\/departamento.us.es\/dfisap1\/wp-content\/uploads\/2022\/02\/LogoUScuadrado-blanco.png","width":147,"height":150,"caption":"Departamento de F\u00edsica Aplicada I de la Universidad de Sevilla"},"image":{"@id":"https:\/\/departamento.us.es\/dfisap1\/#\/schema\/logo\/image\/"}}]}},"_links":{"self":[{"href":"https:\/\/departamento.us.es\/dfisap1\/wp-json\/wp\/v2\/pages\/2653","targetHints":{"allow":["GET"]}}],"collection":[{"href":"https:\/\/departamento.us.es\/dfisap1\/wp-json\/wp\/v2\/pages"}],"about":[{"href":"https:\/\/departamento.us.es\/dfisap1\/wp-json\/wp\/v2\/types\/page"}],"author":[{"embeddable":true,"href":"https:\/\/departamento.us.es\/dfisap1\/wp-json\/wp\/v2\/users\/7"}],"replies":[{"embeddable":true,"href":"https:\/\/departamento.us.es\/dfisap1\/wp-json\/wp\/v2\/comments?post=2653"}],"version-history":[{"count":0,"href":"https:\/\/departamento.us.es\/dfisap1\/wp-json\/wp\/v2\/pages\/2653\/revisions"}],"up":[{"embeddable":true,"href":"https:\/\/departamento.us.es\/dfisap1\/wp-json\/wp\/v2\/pages\/2581"}],"wp:attachment":[{"href":"https:\/\/departamento.us.es\/dfisap1\/wp-json\/wp\/v2\/media?parent=2653"}],"curies":[{"name":"wp","href":"https:\/\/api.w.org\/{rel}","templated":true}]}}