{"id":2699,"date":"2025-01-20T12:10:25","date_gmt":"2025-01-20T12:10:25","guid":{"rendered":"https:\/\/departamento.us.es\/dfisap1\/?page_id=2699"},"modified":"2025-01-20T12:23:58","modified_gmt":"2025-01-20T12:23:58","slug":"centros-y-servicios-generales","status":"publish","type":"page","link":"https:\/\/departamento.us.es\/dfisap1\/enlaces-de-interes\/centros-y-servicios-generales\/","title":{"rendered":"Centros y Servicios generales"},"content":{"rendered":"\t\t<div data-elementor-type=\"wp-page\" data-elementor-id=\"2699\" class=\"elementor elementor-2699\" data-elementor-post-type=\"page\">\n\t\t\t\t<div class=\"elementor-element elementor-element-df69bc1 e-flex e-con-boxed e-con e-parent\" data-id=\"df69bc1\" data-element_type=\"container\">\n\t\t\t\t\t<div class=\"e-con-inner\">\n\t\t\t\t<div class=\"elementor-element elementor-element-46fd00a elementor-list-item-link-inline elementor-icon-list--layout-traditional elementor-widget elementor-widget-icon-list\" data-id=\"46fd00a\" data-element_type=\"widget\" data-widget_type=\"icon-list.default\">\n\t\t\t\t<div class=\"elementor-widget-container\">\n\t\t\t\t\t\t\t<ul class=\"elementor-icon-list-items\">\n\t\t\t\t\t\t\t<li class=\"elementor-icon-list-item\">\n\t\t\t\t\t\t\t\t\t\t\t<a href=\"https:\/\/www.investigacion.us.es\/\" target=\"_blank\" rel=\"nofollow\">\n\n\t\t\t\t\t\t\t\t\t\t\t\t<span class=\"elementor-icon-list-icon\">\n\t\t\t\t\t\t\t<i aria-hidden=\"true\" class=\"fas fa-external-link-alt\"><\/i>\t\t\t\t\t\t<\/span>\n\t\t\t\t\t\t\t\t\t\t<span class=\"elementor-icon-list-text\">Investigaci\u00f3n<\/span>\n\t\t\t\t\t\t\t\t\t\t\t<\/a>\n\t\t\t\t\t\t\t\t\t<\/li>\n\t\t\t\t\t\t\t\t<li class=\"elementor-icon-list-item\">\n\t\t\t\t\t\t\t\t\t\t\t<a href=\"https:\/\/servicio.us.es\/academica\/\" target=\"_blank\" rel=\"nofollow\">\n\n\t\t\t\t\t\t\t\t\t\t\t\t<span class=\"elementor-icon-list-icon\">\n\t\t\t\t\t\t\t<i aria-hidden=\"true\" class=\"fas fa-external-link-alt\"><\/i>\t\t\t\t\t\t<\/span>\n\t\t\t\t\t\t\t\t\t\t<span class=\"elementor-icon-list-text\">Ordenaci\u00f3n Acad\u00e9mica<\/span>\n\t\t\t\t\t\t\t\t\t\t\t<\/a>\n\t\t\t\t\t\t\t\t\t<\/li>\n\t\t\t\t\t\t\t\t<li class=\"elementor-icon-list-item\">\n\t\t\t\t\t\t\t\t\t\t\t<a href=\"https:\/\/sirhus.us.es\/\" target=\"_blank\" rel=\"nofollow\">\n\n\t\t\t\t\t\t\t\t\t\t\t\t<span class=\"elementor-icon-list-icon\">\n\t\t\t\t\t\t\t<i aria-hidden=\"true\" class=\"fas fa-external-link-alt\"><\/i>\t\t\t\t\t\t<\/span>\n\t\t\t\t\t\t\t\t\t\t<span class=\"elementor-icon-list-text\">SIRHUS: Portal de Recursos Humanos de la Universidad de Sevilla <\/span>\n\t\t\t\t\t\t\t\t\t\t\t<\/a>\n\t\t\t\t\t\t\t\t\t<\/li>\n\t\t\t\t\t\t\t\t<li class=\"elementor-icon-list-item\">\n\t\t\t\t\t\t\t\t\t\t\t<a href=\"https:\/\/bib.us.es\" target=\"_blank\" rel=\"nofollow\">\n\n\t\t\t\t\t\t\t\t\t\t\t\t<span class=\"elementor-icon-list-icon\">\n\t\t\t\t\t\t\t<i aria-hidden=\"true\" class=\"fas fa-external-link-alt\"><\/i>\t\t\t\t\t\t<\/span>\n\t\t\t\t\t\t\t\t\t\t<span class=\"elementor-icon-list-text\">Biblioteca US <\/span>\n\t\t\t\t\t\t\t\t\t\t\t<\/a>\n\t\t\t\t\t\t\t\t\t<\/li>\n\t\t\t\t\t\t\t\t<li class=\"elementor-icon-list-item\">\n\t\t\t\t\t\t\t\t\t\t\t<a href=\"https:\/\/www.sadus.us.es\/\" target=\"_blank\" rel=\"nofollow\">\n\n\t\t\t\t\t\t\t\t\t\t\t\t<span class=\"elementor-icon-list-icon\">\n\t\t\t\t\t\t\t<i aria-hidden=\"true\" class=\"fas fa-external-link-alt\"><\/i>\t\t\t\t\t\t<\/span>\n\t\t\t\t\t\t\t\t\t\t<span class=\"elementor-icon-list-text\">Deportes SADUS <\/span>\n\t\t\t\t\t\t\t\t\t\t\t<\/a>\n\t\t\t\t\t\t\t\t\t<\/li>\n\t\t\t\t\t\t\t\t<li class=\"elementor-icon-list-item\">\n\t\t\t\t\t\t\t\t\t\t\t<a href=\"https:\/\/www.us.es\/internacional\/movilidad\" target=\"_blank\" rel=\"nofollow\">\n\n\t\t\t\t\t\t\t\t\t\t\t\t<span class=\"elementor-icon-list-icon\">\n\t\t\t\t\t\t\t<i aria-hidden=\"true\" class=\"fas fa-external-link-alt\"><\/i>\t\t\t\t\t\t<\/span>\n\t\t\t\t\t\t\t\t\t\t<span class=\"elementor-icon-list-text\">Movilidad Internacional<\/span>\n\t\t\t\t\t\t\t\t\t\t\t<\/a>\n\t\t\t\t\t\t\t\t\t<\/li>\n\t\t\t\t\t\t<\/ul>\n\t\t\t\t\t\t<\/div>\n\t\t\t\t<\/div>\n\t\t\t\t\t<\/div>\n\t\t\t\t<\/div>\n\t\t\t\t<\/div>\n\t\t","protected":false},"excerpt":{"rendered":"<p>Investigaci\u00f3n Ordenaci\u00f3n Acad\u00e9mica SIRHUS: Portal de Recursos Humanos de la Universidad de Sevilla Biblioteca US Deportes SADUS Movilidad Internacional<\/p>\n","protected":false},"author":7,"featured_media":0,"parent":2584,"menu_order":0,"comment_status":"closed","ping_status":"closed","template":"","meta":{"_acf_changed":false,"footnotes":""},"class_list":["post-2699","page","type-page","status-publish","hentry"],"acf":[],"yoast_head":"<!-- This site is optimized with the Yoast SEO plugin v26.7 - https:\/\/yoast.com\/wordpress\/plugins\/seo\/ -->\n<title>Centros y Servicios generales - Departamento de F\u00edsica Aplicada I de la Universidad de Sevilla<\/title>\n<meta name=\"robots\" content=\"index, follow, max-snippet:-1, max-image-preview:large, max-video-preview:-1\" \/>\n<link rel=\"canonical\" href=\"https:\/\/departamento.us.es\/dfisap1\/enlaces-de-interes\/centros-y-servicios-generales\/\" \/>\n<meta property=\"og:locale\" content=\"es_ES\" \/>\n<meta property=\"og:type\" content=\"article\" \/>\n<meta property=\"og:title\" content=\"Centros y Servicios generales - Departamento de F\u00edsica Aplicada I de la Universidad de Sevilla\" \/>\n<meta property=\"og:description\" content=\"Investigaci\u00f3n Ordenaci\u00f3n Acad\u00e9mica SIRHUS: Portal de Recursos Humanos de la Universidad de Sevilla Biblioteca US Deportes SADUS Movilidad Internacional\" \/>\n<meta property=\"og:url\" content=\"https:\/\/departamento.us.es\/dfisap1\/enlaces-de-interes\/centros-y-servicios-generales\/\" \/>\n<meta property=\"og:site_name\" content=\"Departamento de F\u00edsica Aplicada I de la Universidad de Sevilla\" \/>\n<meta property=\"article:modified_time\" content=\"2025-01-20T12:23:58+00:00\" \/>\n<meta name=\"twitter:card\" content=\"summary_large_image\" \/>\n<meta name=\"twitter:label1\" content=\"Tiempo de lectura\" \/>\n\t<meta name=\"twitter:data1\" content=\"1 minuto\" \/>\n<script type=\"application\/ld+json\" class=\"yoast-schema-graph\">{\"@context\":\"https:\/\/schema.org\",\"@graph\":[{\"@type\":\"WebPage\",\"@id\":\"https:\/\/departamento.us.es\/dfisap1\/enlaces-de-interes\/centros-y-servicios-generales\/\",\"url\":\"https:\/\/departamento.us.es\/dfisap1\/enlaces-de-interes\/centros-y-servicios-generales\/\",\"name\":\"Centros y Servicios generales - Departamento de F\u00edsica Aplicada I de la Universidad de Sevilla\",\"isPartOf\":{\"@id\":\"https:\/\/departamento.us.es\/dfisap1\/#website\"},\"datePublished\":\"2025-01-20T12:10:25+00:00\",\"dateModified\":\"2025-01-20T12:23:58+00:00\",\"breadcrumb\":{\"@id\":\"https:\/\/departamento.us.es\/dfisap1\/enlaces-de-interes\/centros-y-servicios-generales\/#breadcrumb\"},\"inLanguage\":\"es\",\"potentialAction\":[{\"@type\":\"ReadAction\",\"target\":[\"https:\/\/departamento.us.es\/dfisap1\/enlaces-de-interes\/centros-y-servicios-generales\/\"]}]},{\"@type\":\"BreadcrumbList\",\"@id\":\"https:\/\/departamento.us.es\/dfisap1\/enlaces-de-interes\/centros-y-servicios-generales\/#breadcrumb\",\"itemListElement\":[{\"@type\":\"ListItem\",\"position\":1,\"name\":\"Enlaces de inter\u00e9s\",\"item\":\"https:\/\/departamento.us.es\/dfisap1\/enlaces-de-interes\/\"},{\"@type\":\"ListItem\",\"position\":2,\"name\":\"Centros y Servicios generales\"}]},{\"@type\":\"WebSite\",\"@id\":\"https:\/\/departamento.us.es\/dfisap1\/#website\",\"url\":\"https:\/\/departamento.us.es\/dfisap1\/\",\"name\":\"Departamento de F\u00edsica Aplicada I de la Universidad de Sevilla\",\"description\":\"Departamento de F\u00edsica Aplicada I\",\"publisher\":{\"@id\":\"https:\/\/departamento.us.es\/dfisap1\/#organization\"},\"potentialAction\":[{\"@type\":\"SearchAction\",\"target\":{\"@type\":\"EntryPoint\",\"urlTemplate\":\"https:\/\/departamento.us.es\/dfisap1\/?s={search_term_string}\"},\"query-input\":{\"@type\":\"PropertyValueSpecification\",\"valueRequired\":true,\"valueName\":\"search_term_string\"}}],\"inLanguage\":\"es\"},{\"@type\":\"Organization\",\"@id\":\"https:\/\/departamento.us.es\/dfisap1\/#organization\",\"name\":\"Departamento de F\u00edsica Aplicada I de la Universidad de Sevilla\",\"url\":\"https:\/\/departamento.us.es\/dfisap1\/\",\"logo\":{\"@type\":\"ImageObject\",\"inLanguage\":\"es\",\"@id\":\"https:\/\/departamento.us.es\/dfisap1\/#\/schema\/logo\/image\/\",\"url\":\"https:\/\/departamento.us.es\/dfisap1\/wp-content\/uploads\/2022\/02\/LogoUScuadrado-blanco.png\",\"contentUrl\":\"https:\/\/departamento.us.es\/dfisap1\/wp-content\/uploads\/2022\/02\/LogoUScuadrado-blanco.png\",\"width\":147,\"height\":150,\"caption\":\"Departamento de F\u00edsica Aplicada I de la Universidad de Sevilla\"},\"image\":{\"@id\":\"https:\/\/departamento.us.es\/dfisap1\/#\/schema\/logo\/image\/\"}}]}<\/script>\n<!-- \/ Yoast SEO plugin. -->","yoast_head_json":{"title":"Centros y Servicios generales - Departamento de F\u00edsica Aplicada I de la Universidad de Sevilla","robots":{"index":"index","follow":"follow","max-snippet":"max-snippet:-1","max-image-preview":"max-image-preview:large","max-video-preview":"max-video-preview:-1"},"canonical":"https:\/\/departamento.us.es\/dfisap1\/enlaces-de-interes\/centros-y-servicios-generales\/","og_locale":"es_ES","og_type":"article","og_title":"Centros y Servicios generales - Departamento de F\u00edsica Aplicada I de la Universidad de Sevilla","og_description":"Investigaci\u00f3n Ordenaci\u00f3n Acad\u00e9mica SIRHUS: Portal de Recursos Humanos de la Universidad de Sevilla Biblioteca US Deportes SADUS Movilidad Internacional","og_url":"https:\/\/departamento.us.es\/dfisap1\/enlaces-de-interes\/centros-y-servicios-generales\/","og_site_name":"Departamento de F\u00edsica Aplicada I de la Universidad de Sevilla","article_modified_time":"2025-01-20T12:23:58+00:00","twitter_card":"summary_large_image","twitter_misc":{"Tiempo de lectura":"1 minuto"},"schema":{"@context":"https:\/\/schema.org","@graph":[{"@type":"WebPage","@id":"https:\/\/departamento.us.es\/dfisap1\/enlaces-de-interes\/centros-y-servicios-generales\/","url":"https:\/\/departamento.us.es\/dfisap1\/enlaces-de-interes\/centros-y-servicios-generales\/","name":"Centros y Servicios generales - Departamento de F\u00edsica Aplicada I de la Universidad de Sevilla","isPartOf":{"@id":"https:\/\/departamento.us.es\/dfisap1\/#website"},"datePublished":"2025-01-20T12:10:25+00:00","dateModified":"2025-01-20T12:23:58+00:00","breadcrumb":{"@id":"https:\/\/departamento.us.es\/dfisap1\/enlaces-de-interes\/centros-y-servicios-generales\/#breadcrumb"},"inLanguage":"es","potentialAction":[{"@type":"ReadAction","target":["https:\/\/departamento.us.es\/dfisap1\/enlaces-de-interes\/centros-y-servicios-generales\/"]}]},{"@type":"BreadcrumbList","@id":"https:\/\/departamento.us.es\/dfisap1\/enlaces-de-interes\/centros-y-servicios-generales\/#breadcrumb","itemListElement":[{"@type":"ListItem","position":1,"name":"Enlaces de inter\u00e9s","item":"https:\/\/departamento.us.es\/dfisap1\/enlaces-de-interes\/"},{"@type":"ListItem","position":2,"name":"Centros y Servicios generales"}]},{"@type":"WebSite","@id":"https:\/\/departamento.us.es\/dfisap1\/#website","url":"https:\/\/departamento.us.es\/dfisap1\/","name":"Departamento de F\u00edsica Aplicada I de la Universidad de Sevilla","description":"Departamento de F\u00edsica Aplicada I","publisher":{"@id":"https:\/\/departamento.us.es\/dfisap1\/#organization"},"potentialAction":[{"@type":"SearchAction","target":{"@type":"EntryPoint","urlTemplate":"https:\/\/departamento.us.es\/dfisap1\/?s={search_term_string}"},"query-input":{"@type":"PropertyValueSpecification","valueRequired":true,"valueName":"search_term_string"}}],"inLanguage":"es"},{"@type":"Organization","@id":"https:\/\/departamento.us.es\/dfisap1\/#organization","name":"Departamento de F\u00edsica Aplicada I de la Universidad de Sevilla","url":"https:\/\/departamento.us.es\/dfisap1\/","logo":{"@type":"ImageObject","inLanguage":"es","@id":"https:\/\/departamento.us.es\/dfisap1\/#\/schema\/logo\/image\/","url":"https:\/\/departamento.us.es\/dfisap1\/wp-content\/uploads\/2022\/02\/LogoUScuadrado-blanco.png","contentUrl":"https:\/\/departamento.us.es\/dfisap1\/wp-content\/uploads\/2022\/02\/LogoUScuadrado-blanco.png","width":147,"height":150,"caption":"Departamento de F\u00edsica Aplicada I de la Universidad de Sevilla"},"image":{"@id":"https:\/\/departamento.us.es\/dfisap1\/#\/schema\/logo\/image\/"}}]}},"_links":{"self":[{"href":"https:\/\/departamento.us.es\/dfisap1\/wp-json\/wp\/v2\/pages\/2699","targetHints":{"allow":["GET"]}}],"collection":[{"href":"https:\/\/departamento.us.es\/dfisap1\/wp-json\/wp\/v2\/pages"}],"about":[{"href":"https:\/\/departamento.us.es\/dfisap1\/wp-json\/wp\/v2\/types\/page"}],"author":[{"embeddable":true,"href":"https:\/\/departamento.us.es\/dfisap1\/wp-json\/wp\/v2\/users\/7"}],"replies":[{"embeddable":true,"href":"https:\/\/departamento.us.es\/dfisap1\/wp-json\/wp\/v2\/comments?post=2699"}],"version-history":[{"count":0,"href":"https:\/\/departamento.us.es\/dfisap1\/wp-json\/wp\/v2\/pages\/2699\/revisions"}],"up":[{"embeddable":true,"href":"https:\/\/departamento.us.es\/dfisap1\/wp-json\/wp\/v2\/pages\/2584"}],"wp:attachment":[{"href":"https:\/\/departamento.us.es\/dfisap1\/wp-json\/wp\/v2\/media?parent=2699"}],"curies":[{"name":"wp","href":"https:\/\/api.w.org\/{rel}","templated":true}]}}