{"id":2701,"date":"2025-01-20T12:20:30","date_gmt":"2025-01-20T12:20:30","guid":{"rendered":"https:\/\/departamento.us.es\/dfisap1\/?page_id=2701"},"modified":"2025-01-23T09:52:13","modified_gmt":"2025-01-23T09:52:13","slug":"tablones-de-anuncios-informacion-oficial","status":"publish","type":"page","link":"https:\/\/departamento.us.es\/dfisap1\/enlaces-de-interes\/tablones-de-anuncios-informacion-oficial\/","title":{"rendered":"Tablones de anuncios \/ Informaci\u00f3n oficial"},"content":{"rendered":"\t\t<div data-elementor-type=\"wp-page\" data-elementor-id=\"2701\" class=\"elementor elementor-2701\" data-elementor-post-type=\"page\">\n\t\t\t\t<div class=\"elementor-element elementor-element-46d5f4d e-flex e-con-boxed e-con e-parent\" data-id=\"46d5f4d\" data-element_type=\"container\">\n\t\t\t\t\t<div class=\"e-con-inner\">\n\t\t\t\t<div class=\"elementor-element elementor-element-d85e83f elementor-list-item-link-inline elementor-icon-list--layout-traditional elementor-widget elementor-widget-icon-list\" data-id=\"d85e83f\" data-element_type=\"widget\" data-widget_type=\"icon-list.default\">\n\t\t\t\t<div class=\"elementor-widget-container\">\n\t\t\t\t\t\t\t<ul class=\"elementor-icon-list-items\">\n\t\t\t\t\t\t\t<li class=\"elementor-icon-list-item\">\n\t\t\t\t\t\t\t\t\t\t\t<a href=\"https:\/\/eventos.us.es\/\" target=\"_blank\" rel=\"nofollow\">\n\n\t\t\t\t\t\t\t\t\t\t\t\t<span class=\"elementor-icon-list-icon\">\n\t\t\t\t\t\t\t<i aria-hidden=\"true\" class=\"fas fa-external-link-alt\"><\/i>\t\t\t\t\t\t<\/span>\n\t\t\t\t\t\t\t\t\t\t<span class=\"elementor-icon-list-text\">Eventos <\/span>\n\t\t\t\t\t\t\t\t\t\t\t<\/a>\n\t\t\t\t\t\t\t\t\t<\/li>\n\t\t\t\t\t\t\t\t<li class=\"elementor-icon-list-item\">\n\t\t\t\t\t\t\t\t\t\t\t<a href=\"https:\/\/www.us.es\/comunicaciones-oficiales\" target=\"_blank\" rel=\"nofollow\">\n\n\t\t\t\t\t\t\t\t\t\t\t\t<span class=\"elementor-icon-list-icon\">\n\t\t\t\t\t\t\t<i aria-hidden=\"true\" class=\"fas fa-external-link-alt\"><\/i>\t\t\t\t\t\t<\/span>\n\t\t\t\t\t\t\t\t\t\t<span class=\"elementor-icon-list-text\">Comunicados Oficiales <\/span>\n\t\t\t\t\t\t\t\t\t\t\t<\/a>\n\t\t\t\t\t\t\t\t\t<\/li>\n\t\t\t\t\t\t\t\t<li class=\"elementor-icon-list-item\">\n\t\t\t\t\t\t\t\t\t\t\t<a href=\"https:\/\/binus.us.es\/\" target=\"_blank\" rel=\"nofollow\">\n\n\t\t\t\t\t\t\t\t\t\t\t\t<span class=\"elementor-icon-list-icon\">\n\t\t\t\t\t\t\t<i aria-hidden=\"true\" class=\"fas fa-external-link-alt\"><\/i>\t\t\t\t\t\t<\/span>\n\t\t\t\t\t\t\t\t\t\t<span class=\"elementor-icon-list-text\">Bolet\u00edn interno de noticias <\/span>\n\t\t\t\t\t\t\t\t\t\t\t<\/a>\n\t\t\t\t\t\t\t\t\t<\/li>\n\t\t\t\t\t\t\t\t<li class=\"elementor-icon-list-item\">\n\t\t\t\t\t\t\t\t\t\t\t<a href=\"https:\/\/investigacion.us.es\/sisiusapp\/open\" target=\"_blank\" rel=\"nofollow\">\n\n\t\t\t\t\t\t\t\t\t\t\t\t<span class=\"elementor-icon-list-icon\">\n\t\t\t\t\t\t\t<i aria-hidden=\"true\" class=\"fas fa-external-link-alt\"><\/i>\t\t\t\t\t\t<\/span>\n\t\t\t\t\t\t\t\t\t\t<span class=\"elementor-icon-list-text\">Tabl\u00f3n de investigaci\u00f3n <\/span>\n\t\t\t\t\t\t\t\t\t\t\t<\/a>\n\t\t\t\t\t\t\t\t\t<\/li>\n\t\t\t\t\t\t\t\t<li class=\"elementor-icon-list-item\">\n\t\t\t\t\t\t\t\t\t\t\t<a href=\"https:\/\/www.us.es\/bous\" target=\"_blank\" rel=\"nofollow\">\n\n\t\t\t\t\t\t\t\t\t\t\t\t<span class=\"elementor-icon-list-icon\">\n\t\t\t\t\t\t\t<i aria-hidden=\"true\" class=\"fas fa-external-link-alt\"><\/i>\t\t\t\t\t\t<\/span>\n\t\t\t\t\t\t\t\t\t\t<span class=\"elementor-icon-list-text\">Bolet\u00edn Oficial de la Universidad de Sevilla <\/span>\n\t\t\t\t\t\t\t\t\t\t\t<\/a>\n\t\t\t\t\t\t\t\t\t<\/li>\n\t\t\t\t\t\t\t\t<li class=\"elementor-icon-list-item\">\n\t\t\t\t\t\t\t\t\t\t\t<a href=\"https:\/\/eps.us.es\/bineps\/2024-12-12\" target=\"_blank\" rel=\"nofollow\">\n\n\t\t\t\t\t\t\t\t\t\t\t\t<span class=\"elementor-icon-list-icon\">\n\t\t\t\t\t\t\t<i aria-hidden=\"true\" class=\"fas fa-external-link-alt\"><\/i>\t\t\t\t\t\t<\/span>\n\t\t\t\t\t\t\t\t\t\t<span class=\"elementor-icon-list-text\">Bolet\u00edn Interno de Noticias de la Escuela Polit\u00e9cnica Superior<\/span>\n\t\t\t\t\t\t\t\t\t\t\t<\/a>\n\t\t\t\t\t\t\t\t\t<\/li>\n\t\t\t\t\t\t\t\t<li class=\"elementor-icon-list-item\">\n\t\t\t\t\t\t\t\t\t\t\t<a href=\"https:\/\/www.informatica.us.es\/index.php\/binetsii\" target=\"_blank\" rel=\"nofollow\">\n\n\t\t\t\t\t\t\t\t\t\t\t\t<span class=\"elementor-icon-list-icon\">\n\t\t\t\t\t\t\t<i aria-hidden=\"true\" class=\"fas fa-external-link-alt\"><\/i>\t\t\t\t\t\t<\/span>\n\t\t\t\t\t\t\t\t\t\t<span class=\"elementor-icon-list-text\">Bolet\u00edn Interno de Noticias de la Escuela T\u00e9cnica Superior de Ingenier\u00eda Inform\u00e1tica<\/span>\n\t\t\t\t\t\t\t\t\t\t\t<\/a>\n\t\t\t\t\t\t\t\t\t<\/li>\n\t\t\t\t\t\t\t\t<li class=\"elementor-icon-list-item\">\n\t\t\t\t\t\t\t\t\t\t\t<a href=\"https:\/\/etsia.us.es\/tablon-de-anuncios\/agenda\" target=\"_blank\" rel=\"nofollow\">\n\n\t\t\t\t\t\t\t\t\t\t\t\t<span class=\"elementor-icon-list-icon\">\n\t\t\t\t\t\t\t<i aria-hidden=\"true\" class=\"fas fa-external-link-alt\"><\/i>\t\t\t\t\t\t<\/span>\n\t\t\t\t\t\t\t\t\t\t<span class=\"elementor-icon-list-text\">Bolet\u00edn Interno de Noticias de la Escuela T\u00e9cnica Superior de Ingenier\u00eda Agron\u00f3mica<\/span>\n\t\t\t\t\t\t\t\t\t\t\t<\/a>\n\t\t\t\t\t\t\t\t\t<\/li>\n\t\t\t\t\t\t\t\t<li class=\"elementor-icon-list-item\">\n\t\t\t\t\t\t\t\t\t\t\t<a href=\"https:\/\/revista.us.es\/\" target=\"_blank\" rel=\"nofollow\">\n\n\t\t\t\t\t\t\t\t\t\t\t\t<span class=\"elementor-icon-list-icon\">\n\t\t\t\t\t\t\t<i aria-hidden=\"true\" class=\"fas fa-external-link-alt\"><\/i>\t\t\t\t\t\t<\/span>\n\t\t\t\t\t\t\t\t\t\t<span class=\"elementor-icon-list-text\">Revista US <\/span>\n\t\t\t\t\t\t\t\t\t\t\t<\/a>\n\t\t\t\t\t\t\t\t\t<\/li>\n\t\t\t\t\t\t\t\t<li class=\"elementor-icon-list-item\">\n\t\t\t\t\t\t\t\t\t\t\t<a href=\"https:\/\/tv.us.es\/\" target=\"_blank\" rel=\"nofollow\">\n\n\t\t\t\t\t\t\t\t\t\t\t\t<span class=\"elementor-icon-list-icon\">\n\t\t\t\t\t\t\t<i aria-hidden=\"true\" class=\"fas fa-external-link-alt\"><\/i>\t\t\t\t\t\t<\/span>\n\t\t\t\t\t\t\t\t\t\t<span class=\"elementor-icon-list-text\">Plataforma de TV US <\/span>\n\t\t\t\t\t\t\t\t\t\t\t<\/a>\n\t\t\t\t\t\t\t\t\t<\/li>\n\t\t\t\t\t\t<\/ul>\n\t\t\t\t\t\t<\/div>\n\t\t\t\t<\/div>\n\t\t\t\t\t<\/div>\n\t\t\t\t<\/div>\n\t\t\t\t<\/div>\n\t\t","protected":false},"excerpt":{"rendered":"<p>Eventos Comunicados Oficiales Bolet\u00edn interno de noticias Tabl\u00f3n de investigaci\u00f3n Bolet\u00edn Oficial de la Universidad de Sevilla Bolet\u00edn Interno de Noticias de la Escuela Polit\u00e9cnica Superior Bolet\u00edn Interno de Noticias de la Escuela T\u00e9cnica Superior de Ingenier\u00eda Inform\u00e1tica Bolet\u00edn Interno de Noticias de la Escuela T\u00e9cnica Superior de Ingenier\u00eda Agron\u00f3mica Revista US Plataforma de TV [&hellip;]<\/p>\n","protected":false},"author":7,"featured_media":0,"parent":2584,"menu_order":0,"comment_status":"closed","ping_status":"closed","template":"","meta":{"_acf_changed":false,"footnotes":""},"class_list":["post-2701","page","type-page","status-publish","hentry"],"acf":[],"yoast_head":"<!-- This site is optimized with the Yoast SEO plugin v26.7 - https:\/\/yoast.com\/wordpress\/plugins\/seo\/ -->\n<title>Tablones de anuncios \/ Informaci\u00f3n oficial - Departamento de F\u00edsica Aplicada I de la Universidad de Sevilla<\/title>\n<meta name=\"robots\" content=\"index, follow, max-snippet:-1, max-image-preview:large, max-video-preview:-1\" \/>\n<link rel=\"canonical\" href=\"https:\/\/departamento.us.es\/dfisap1\/enlaces-de-interes\/tablones-de-anuncios-informacion-oficial\/\" \/>\n<meta property=\"og:locale\" content=\"es_ES\" \/>\n<meta property=\"og:type\" content=\"article\" \/>\n<meta property=\"og:title\" content=\"Tablones de anuncios \/ Informaci\u00f3n oficial - Departamento de F\u00edsica Aplicada I de la Universidad de Sevilla\" \/>\n<meta property=\"og:description\" content=\"Eventos Comunicados Oficiales Bolet\u00edn interno de noticias Tabl\u00f3n de investigaci\u00f3n Bolet\u00edn Oficial de la Universidad de Sevilla Bolet\u00edn Interno de Noticias de la Escuela Polit\u00e9cnica Superior Bolet\u00edn Interno de Noticias de la Escuela T\u00e9cnica Superior de Ingenier\u00eda Inform\u00e1tica Bolet\u00edn Interno de Noticias de la Escuela T\u00e9cnica Superior de Ingenier\u00eda Agron\u00f3mica Revista US Plataforma de TV [&hellip;]\" \/>\n<meta property=\"og:url\" content=\"https:\/\/departamento.us.es\/dfisap1\/enlaces-de-interes\/tablones-de-anuncios-informacion-oficial\/\" \/>\n<meta property=\"og:site_name\" content=\"Departamento de F\u00edsica Aplicada I de la Universidad de Sevilla\" \/>\n<meta property=\"article:modified_time\" content=\"2025-01-23T09:52:13+00:00\" \/>\n<meta name=\"twitter:card\" content=\"summary_large_image\" \/>\n<meta name=\"twitter:label1\" content=\"Tiempo de lectura\" \/>\n\t<meta name=\"twitter:data1\" content=\"1 minuto\" \/>\n<script type=\"application\/ld+json\" class=\"yoast-schema-graph\">{\"@context\":\"https:\/\/schema.org\",\"@graph\":[{\"@type\":\"WebPage\",\"@id\":\"https:\/\/departamento.us.es\/dfisap1\/enlaces-de-interes\/tablones-de-anuncios-informacion-oficial\/\",\"url\":\"https:\/\/departamento.us.es\/dfisap1\/enlaces-de-interes\/tablones-de-anuncios-informacion-oficial\/\",\"name\":\"Tablones de anuncios \/ Informaci\u00f3n oficial - Departamento de F\u00edsica Aplicada I de la Universidad de Sevilla\",\"isPartOf\":{\"@id\":\"https:\/\/departamento.us.es\/dfisap1\/#website\"},\"datePublished\":\"2025-01-20T12:20:30+00:00\",\"dateModified\":\"2025-01-23T09:52:13+00:00\",\"breadcrumb\":{\"@id\":\"https:\/\/departamento.us.es\/dfisap1\/enlaces-de-interes\/tablones-de-anuncios-informacion-oficial\/#breadcrumb\"},\"inLanguage\":\"es\",\"potentialAction\":[{\"@type\":\"ReadAction\",\"target\":[\"https:\/\/departamento.us.es\/dfisap1\/enlaces-de-interes\/tablones-de-anuncios-informacion-oficial\/\"]}]},{\"@type\":\"BreadcrumbList\",\"@id\":\"https:\/\/departamento.us.es\/dfisap1\/enlaces-de-interes\/tablones-de-anuncios-informacion-oficial\/#breadcrumb\",\"itemListElement\":[{\"@type\":\"ListItem\",\"position\":1,\"name\":\"Enlaces de inter\u00e9s\",\"item\":\"https:\/\/departamento.us.es\/dfisap1\/enlaces-de-interes\/\"},{\"@type\":\"ListItem\",\"position\":2,\"name\":\"Tablones de anuncios \/ Informaci\u00f3n oficial\"}]},{\"@type\":\"WebSite\",\"@id\":\"https:\/\/departamento.us.es\/dfisap1\/#website\",\"url\":\"https:\/\/departamento.us.es\/dfisap1\/\",\"name\":\"Departamento de F\u00edsica Aplicada I de la Universidad de Sevilla\",\"description\":\"Departamento de F\u00edsica Aplicada I\",\"publisher\":{\"@id\":\"https:\/\/departamento.us.es\/dfisap1\/#organization\"},\"potentialAction\":[{\"@type\":\"SearchAction\",\"target\":{\"@type\":\"EntryPoint\",\"urlTemplate\":\"https:\/\/departamento.us.es\/dfisap1\/?s={search_term_string}\"},\"query-input\":{\"@type\":\"PropertyValueSpecification\",\"valueRequired\":true,\"valueName\":\"search_term_string\"}}],\"inLanguage\":\"es\"},{\"@type\":\"Organization\",\"@id\":\"https:\/\/departamento.us.es\/dfisap1\/#organization\",\"name\":\"Departamento de F\u00edsica Aplicada I de la Universidad de Sevilla\",\"url\":\"https:\/\/departamento.us.es\/dfisap1\/\",\"logo\":{\"@type\":\"ImageObject\",\"inLanguage\":\"es\",\"@id\":\"https:\/\/departamento.us.es\/dfisap1\/#\/schema\/logo\/image\/\",\"url\":\"https:\/\/departamento.us.es\/dfisap1\/wp-content\/uploads\/2022\/02\/LogoUScuadrado-blanco.png\",\"contentUrl\":\"https:\/\/departamento.us.es\/dfisap1\/wp-content\/uploads\/2022\/02\/LogoUScuadrado-blanco.png\",\"width\":147,\"height\":150,\"caption\":\"Departamento de F\u00edsica Aplicada I de la Universidad de Sevilla\"},\"image\":{\"@id\":\"https:\/\/departamento.us.es\/dfisap1\/#\/schema\/logo\/image\/\"}}]}<\/script>\n<!-- \/ Yoast SEO plugin. -->","yoast_head_json":{"title":"Tablones de anuncios \/ Informaci\u00f3n oficial - Departamento de F\u00edsica Aplicada I de la Universidad de Sevilla","robots":{"index":"index","follow":"follow","max-snippet":"max-snippet:-1","max-image-preview":"max-image-preview:large","max-video-preview":"max-video-preview:-1"},"canonical":"https:\/\/departamento.us.es\/dfisap1\/enlaces-de-interes\/tablones-de-anuncios-informacion-oficial\/","og_locale":"es_ES","og_type":"article","og_title":"Tablones de anuncios \/ Informaci\u00f3n oficial - Departamento de F\u00edsica Aplicada I de la Universidad de Sevilla","og_description":"Eventos Comunicados Oficiales Bolet\u00edn interno de noticias Tabl\u00f3n de investigaci\u00f3n Bolet\u00edn Oficial de la Universidad de Sevilla Bolet\u00edn Interno de Noticias de la Escuela Polit\u00e9cnica Superior Bolet\u00edn Interno de Noticias de la Escuela T\u00e9cnica Superior de Ingenier\u00eda Inform\u00e1tica Bolet\u00edn Interno de Noticias de la Escuela T\u00e9cnica Superior de Ingenier\u00eda Agron\u00f3mica Revista US Plataforma de TV [&hellip;]","og_url":"https:\/\/departamento.us.es\/dfisap1\/enlaces-de-interes\/tablones-de-anuncios-informacion-oficial\/","og_site_name":"Departamento de F\u00edsica Aplicada I de la Universidad de Sevilla","article_modified_time":"2025-01-23T09:52:13+00:00","twitter_card":"summary_large_image","twitter_misc":{"Tiempo de lectura":"1 minuto"},"schema":{"@context":"https:\/\/schema.org","@graph":[{"@type":"WebPage","@id":"https:\/\/departamento.us.es\/dfisap1\/enlaces-de-interes\/tablones-de-anuncios-informacion-oficial\/","url":"https:\/\/departamento.us.es\/dfisap1\/enlaces-de-interes\/tablones-de-anuncios-informacion-oficial\/","name":"Tablones de anuncios \/ Informaci\u00f3n oficial - Departamento de F\u00edsica Aplicada I de la Universidad de Sevilla","isPartOf":{"@id":"https:\/\/departamento.us.es\/dfisap1\/#website"},"datePublished":"2025-01-20T12:20:30+00:00","dateModified":"2025-01-23T09:52:13+00:00","breadcrumb":{"@id":"https:\/\/departamento.us.es\/dfisap1\/enlaces-de-interes\/tablones-de-anuncios-informacion-oficial\/#breadcrumb"},"inLanguage":"es","potentialAction":[{"@type":"ReadAction","target":["https:\/\/departamento.us.es\/dfisap1\/enlaces-de-interes\/tablones-de-anuncios-informacion-oficial\/"]}]},{"@type":"BreadcrumbList","@id":"https:\/\/departamento.us.es\/dfisap1\/enlaces-de-interes\/tablones-de-anuncios-informacion-oficial\/#breadcrumb","itemListElement":[{"@type":"ListItem","position":1,"name":"Enlaces de inter\u00e9s","item":"https:\/\/departamento.us.es\/dfisap1\/enlaces-de-interes\/"},{"@type":"ListItem","position":2,"name":"Tablones de anuncios \/ Informaci\u00f3n oficial"}]},{"@type":"WebSite","@id":"https:\/\/departamento.us.es\/dfisap1\/#website","url":"https:\/\/departamento.us.es\/dfisap1\/","name":"Departamento de F\u00edsica Aplicada I de la Universidad de Sevilla","description":"Departamento de F\u00edsica Aplicada I","publisher":{"@id":"https:\/\/departamento.us.es\/dfisap1\/#organization"},"potentialAction":[{"@type":"SearchAction","target":{"@type":"EntryPoint","urlTemplate":"https:\/\/departamento.us.es\/dfisap1\/?s={search_term_string}"},"query-input":{"@type":"PropertyValueSpecification","valueRequired":true,"valueName":"search_term_string"}}],"inLanguage":"es"},{"@type":"Organization","@id":"https:\/\/departamento.us.es\/dfisap1\/#organization","name":"Departamento de F\u00edsica Aplicada I de la Universidad de Sevilla","url":"https:\/\/departamento.us.es\/dfisap1\/","logo":{"@type":"ImageObject","inLanguage":"es","@id":"https:\/\/departamento.us.es\/dfisap1\/#\/schema\/logo\/image\/","url":"https:\/\/departamento.us.es\/dfisap1\/wp-content\/uploads\/2022\/02\/LogoUScuadrado-blanco.png","contentUrl":"https:\/\/departamento.us.es\/dfisap1\/wp-content\/uploads\/2022\/02\/LogoUScuadrado-blanco.png","width":147,"height":150,"caption":"Departamento de F\u00edsica Aplicada I de la Universidad de Sevilla"},"image":{"@id":"https:\/\/departamento.us.es\/dfisap1\/#\/schema\/logo\/image\/"}}]}},"_links":{"self":[{"href":"https:\/\/departamento.us.es\/dfisap1\/wp-json\/wp\/v2\/pages\/2701","targetHints":{"allow":["GET"]}}],"collection":[{"href":"https:\/\/departamento.us.es\/dfisap1\/wp-json\/wp\/v2\/pages"}],"about":[{"href":"https:\/\/departamento.us.es\/dfisap1\/wp-json\/wp\/v2\/types\/page"}],"author":[{"embeddable":true,"href":"https:\/\/departamento.us.es\/dfisap1\/wp-json\/wp\/v2\/users\/7"}],"replies":[{"embeddable":true,"href":"https:\/\/departamento.us.es\/dfisap1\/wp-json\/wp\/v2\/comments?post=2701"}],"version-history":[{"count":0,"href":"https:\/\/departamento.us.es\/dfisap1\/wp-json\/wp\/v2\/pages\/2701\/revisions"}],"up":[{"embeddable":true,"href":"https:\/\/departamento.us.es\/dfisap1\/wp-json\/wp\/v2\/pages\/2584"}],"wp:attachment":[{"href":"https:\/\/departamento.us.es\/dfisap1\/wp-json\/wp\/v2\/media?parent=2701"}],"curies":[{"name":"wp","href":"https:\/\/api.w.org\/{rel}","templated":true}]}}