{"id":20,"date":"2025-03-14T10:21:50","date_gmt":"2025-03-14T09:21:50","guid":{"rendered":"http:\/\/departamento.us.es\/newdhamerica\/?page_id=20"},"modified":"2025-06-06T08:19:06","modified_gmt":"2025-06-06T06:19:06","slug":"investigacion","status":"publish","type":"page","link":"http:\/\/departamento.us.es\/dhamerica\/?page_id=20","title":{"rendered":"INVESTIGACI\u00d3N"},"content":{"rendered":"\n<p><strong>PARTICIPACI\u00d3N DE LOS MIEMBROS DEL DEPARTAMENTO EN GRUPOS Y PROYECTOS DE INVESTIGACI\u00d3N.<\/strong><\/p>\n\n\n\n<p><strong>GRUPOS Y PROYECTOS DE INVESTIGACI\u00d3N DIRIGIDOS POR MIEMBROS DEL DEPARTAMENTO DE HISTORIA DEL ARTE DE LA UNIVERSIDAD DE SEVILLA:<\/strong><\/p>\n\n\n\n<ul class=\"wp-block-list\">\n<li>CENTRO DE ESTUDIOS DE ARTE CONTEMPOR\u00c1NEO (HUM-747).<\/li>\n\n\n\n<li>CENTRO DE INVESTIGACI\u00d3N DE LA HISTORIA DE LA ARQUITECTURA ANDALUZA (HUM-171).<\/li>\n\n\n\n<li>CENTRO DE INVESTIGACI\u00d3N DEL PATRIMONIO ART\u00cdSTICO ANDALUZ (HUM-213).<\/li>\n\n\n\n<li>FUENTES PARA LA HISTORIA DEL ARTE ANDALUZ (HUM-304).<\/li>\n\n\n\n<li>LABORATORIO DE ARTE (HUM-210).<\/li>\n\n\n\n<li>SEMINARIO CRIST\u00d3BAL DE MORALES (HUM-301).<\/li>\n<\/ul>\n\n\n\n<p><strong>PARTICIPACI\u00d3N DE LOS MIEMBROS DEL DEPARTAMENTO EN GRUPOS Y PROYECTOS DE INVESTIGACI\u00d3N DIRIGIDOS POR OTROS DEPARTAMENTOS DE LA UNIVERSIDAD DE SEVILLA:<\/strong><\/p>\n\n\n\n<ul class=\"wp-block-list\">\n<li>ESTRATEGIAS DE CONOCIMIENTO PATRIMONIAL: LA CATEDRAL DE SEVILLA (HUM-799).<\/li>\n\n\n\n<li>LARA\u00d1A (HUM-317).<\/li>\n<\/ul>\n\n\n\n<p><strong>PARTICIPACI\u00d3N DE LOS MIEMBROS DEL DEPARTAMENTO EN GRUPOS Y PROYECTOS DE INVESTIGACI\u00d3N DIRIGIDOS POR OTRAS INSTITUCIONES CIENT\u00cdFICAS:<\/strong><\/p>\n\n\n\n<ul class=\"wp-block-list\">\n<li>ANDALUC\u00cdA-AM\u00c9RICA: RELACIONES, INFLUENCIAS E INTERCAMBIOS (HUM-220): CONSEJO SUPERIOR DE INVESTIGACIONES CIENT\u00cdFICAS.<\/li>\n\n\n\n<li>ISLAM MEDIEVAL. HISTORIA, ARQUEOLOG\u00cdA Y CONSERVACI\u00d3N DEL PATRIMONIO HIST\u00d3RICO (HUM-757): CONSEJO SUPERIOR DE INVESTIGACIONES CIENT\u00cdFICAS.<\/li>\n<\/ul>\n\n\n\n<p><\/p>\n","protected":false},"excerpt":{"rendered":"<p>PARTICIPACI\u00d3N DE LOS MIEMBROS DEL DEPARTAMENTO EN GRUPOS Y PROYECTOS DE INVESTIGACI\u00d3N. GRUPOS Y PROYECTOS DE INVESTIGACI\u00d3N DIRIGIDOS POR MIEMBROS DEL DEPARTAMENTO DE HISTORIA DEL ARTE DE LA UNIVERSIDAD DE SEVILLA: PARTICIPACI\u00d3N DE LOS MIEMBROS DEL DEPARTAMENTO EN GRUPOS Y PROYECTOS DE INVESTIGACI\u00d3N DIRIGIDOS POR OTROS DEPARTAMENTOS DE LA UNIVERSIDAD DE SEVILLA: PARTICIPACI\u00d3N DE LOS [&hellip;]<\/p>\n","protected":false},"author":1,"featured_media":0,"parent":0,"menu_order":0,"comment_status":"closed","ping_status":"closed","template":"","meta":{"footnotes":""},"class_list":["post-20","page","type-page","status-publish","hentry"],"_links":{"self":[{"href":"http:\/\/departamento.us.es\/dhamerica\/index.php?rest_route=\/wp\/v2\/pages\/20","targetHints":{"allow":["GET"]}}],"collection":[{"href":"http:\/\/departamento.us.es\/dhamerica\/index.php?rest_route=\/wp\/v2\/pages"}],"about":[{"href":"http:\/\/departamento.us.es\/dhamerica\/index.php?rest_route=\/wp\/v2\/types\/page"}],"author":[{"embeddable":true,"href":"http:\/\/departamento.us.es\/dhamerica\/index.php?rest_route=\/wp\/v2\/users\/1"}],"replies":[{"embeddable":true,"href":"http:\/\/departamento.us.es\/dhamerica\/index.php?rest_route=%2Fwp%2Fv2%2Fcomments&post=20"}],"version-history":[{"count":3,"href":"http:\/\/departamento.us.es\/dhamerica\/index.php?rest_route=\/wp\/v2\/pages\/20\/revisions"}],"predecessor-version":[{"id":82,"href":"http:\/\/departamento.us.es\/dhamerica\/index.php?rest_route=\/wp\/v2\/pages\/20\/revisions\/82"}],"wp:attachment":[{"href":"http:\/\/departamento.us.es\/dhamerica\/index.php?rest_route=%2Fwp%2Fv2%2Fmedia&parent=20"}],"curies":[{"name":"wp","href":"https:\/\/api.w.org\/{rel}","templated":true}]}}