{"id":21,"date":"2025-05-13T10:09:23","date_gmt":"2025-05-13T08:09:23","guid":{"rendered":"https:\/\/departamento.us.es\/testdhantigua\/?page_id=21"},"modified":"2025-05-13T10:57:53","modified_gmt":"2025-05-13T08:57:53","slug":"historia-del-departamento","status":"publish","type":"page","link":"https:\/\/departamento.us.es\/dhantigua\/?page_id=21","title":{"rendered":"Historia del Departamento"},"content":{"rendered":"\n<p>Han pertenecido al Departamento:<\/p>\n\n\n\n<p>Prof. Dr. FRANCISCO JOS\u00c9 PRESEDO VELO (\u2020)<br>Prof. Dr. FRANCISCO JAVIER FERN\u00c1NDEZ NIETO<br>Prof. Dr. MANUEL ABILIO RABANAL ALONSO<br>Prof. Dr. FRANCISO JAVIER LOMAS SALMONTE<br>Prof. Dr. JOS\u00c9 MAR\u00cdA SANTERO SANTURINO (\u2020)<br>Prof. Dr. GENARO CHIC GARC\u00cdA<br>Prof. Dr. FERNANDO GASC\u00d3 LACALLE (\u2020)<br>Prof. Dr. PEDRO S\u00c1EZ FERN\u00c1NDEZ<br>Prof.\u00aa Dr.\u00aa MAR\u00cdA CRUZ MAR\u00cdN CEBALLOS<br>Prof. Dr. AURELIO PADILLA MONGE<br>Prof. Dr. JOS\u00c9 MILL\u00c1N LE\u00d3N<\/p>\n","protected":false},"excerpt":{"rendered":"<p>Han pertenecido al Departamento: Prof. Dr. FRANCISCO JOS\u00c9 PRESEDO VELO (\u2020)Prof. Dr. FRANCISCO JAVIER FERN\u00c1NDEZ NIETOProf. Dr. MANUEL ABILIO RABANAL ALONSOProf. Dr. FRANCISO JAVIER LOMAS SALMONTEProf. Dr. JOS\u00c9 MAR\u00cdA SANTERO SANTURINO (\u2020)Prof. Dr. GENARO CHIC GARC\u00cdAProf. Dr. FERNANDO GASC\u00d3 LACALLE (\u2020)Prof. Dr. PEDRO S\u00c1EZ FERN\u00c1NDEZProf.\u00aa Dr.\u00aa MAR\u00cdA CRUZ MAR\u00cdN CEBALLOSProf. Dr. AURELIO PADILLA MONGEProf. Dr. [&hellip;]<\/p>\n","protected":false},"author":1,"featured_media":0,"parent":0,"menu_order":0,"comment_status":"closed","ping_status":"closed","template":"","meta":{"footnotes":""},"class_list":["post-21","page","type-page","status-publish","hentry"],"_links":{"self":[{"href":"https:\/\/departamento.us.es\/dhantigua\/index.php?rest_route=\/wp\/v2\/pages\/21","targetHints":{"allow":["GET"]}}],"collection":[{"href":"https:\/\/departamento.us.es\/dhantigua\/index.php?rest_route=\/wp\/v2\/pages"}],"about":[{"href":"https:\/\/departamento.us.es\/dhantigua\/index.php?rest_route=\/wp\/v2\/types\/page"}],"author":[{"embeddable":true,"href":"https:\/\/departamento.us.es\/dhantigua\/index.php?rest_route=\/wp\/v2\/users\/1"}],"replies":[{"embeddable":true,"href":"https:\/\/departamento.us.es\/dhantigua\/index.php?rest_route=%2Fwp%2Fv2%2Fcomments&post=21"}],"version-history":[{"count":2,"href":"https:\/\/departamento.us.es\/dhantigua\/index.php?rest_route=\/wp\/v2\/pages\/21\/revisions"}],"predecessor-version":[{"id":116,"href":"https:\/\/departamento.us.es\/dhantigua\/index.php?rest_route=\/wp\/v2\/pages\/21\/revisions\/116"}],"wp:attachment":[{"href":"https:\/\/departamento.us.es\/dhantigua\/index.php?rest_route=%2Fwp%2Fv2%2Fmedia&parent=21"}],"curies":[{"name":"wp","href":"https:\/\/api.w.org\/{rel}","templated":true}]}}