{"id":25,"date":"2025-05-13T10:09:54","date_gmt":"2025-05-13T08:09:54","guid":{"rendered":"https:\/\/departamento.us.es\/testdhantigua\/?page_id=25"},"modified":"2025-05-13T11:03:19","modified_gmt":"2025-05-13T09:03:19","slug":"organizacion-interna","status":"publish","type":"page","link":"https:\/\/departamento.us.es\/dhantigua\/?page_id=25","title":{"rendered":"Organizaci\u00f3n Interna"},"content":{"rendered":"\n<p><strong>Direcci\u00f3n:<\/strong><\/p>\n\n\n\n<p>Director: Prof. Dr.Jose Carlos Saquete Chamizo, csaquete@us.es , 954 551 395.<br>Secretario: Prof. Dr. Salvador Ord\u00f3\u00f1ez Agulla, sagulla@us.es , 954 551 392.<\/p>\n\n\n\n<p><strong>Gestora de Departamento:<\/strong><\/p>\n\n\n\n<p>Milagros Acebedo L\u00f3pez, hantigua@us.es, 954 551 389.<\/p>\n\n\n\n<p><strong>Comisi\u00f3n de Docencia:<\/strong><\/p>\n\n\n\n<p>Comisi\u00f3n titular:<br>Prof. Dr. Luis Ballesteros Pastor<br>Prof. Dr. Fernando Lozano G\u00f3mez<br>Prof. Dr. Unai Iriarte Asarta<br>Sr. D. Pablo Fern\u00e1ndez Bascary<br>Sra. D\u00aa. Claudia Reyes Gutierrez<br>Suplentes:<br>Prof. Dr. Jose Miguel Serrano Delgado<br>Prof. Dr. Anthony \u00c1lvarez Melero<\/p>\n\n\n\n<p><strong>Comisi\u00f3n de Investigaci\u00f3n:<\/strong><\/p>\n\n\n\n<p>Comisi\u00f3n titular:<br>Prof. Dr. Jose Carlos Saquete Chamizo<br>Prof. Dr. C\u00e9sar Fornis Vaquero<br>Prof. Dr. Anthony \u00c1lvarez Melero<br>Prof. Dr. Francisco Cidoncha Redondo<br>Prof. Dr. Ra\u00fal S\u00e1nchez Casado<br>Sr. D. Iv\u00e1n Quijada Ayas<br>Suplentes:<br>Prof. Dr. Fernando Lozano G\u00f3mez<\/p>\n\n\n\n<p><strong>Comisi\u00f3n Permanente:<\/strong><\/p>\n\n\n\n<p>Prof. Dr. Jose Carlos Saquete Chamizo<br>Prof. Dr. Salvador Ord\u00f3\u00f1ez Agulla<br>Prof. Dr. Alejandro D\u00edaz Fern\u00e1ndez<br>Prof. Dr. Ra\u00fal S\u00e1nchez Casado<br>Sra. D\u00aa. Claudia Reyes Gutierrez<\/p>\n\n\n\n<p><strong>Comisi\u00f3n de Biblioteca:<\/strong><\/p>\n\n\n\n<p>Comisi\u00f3n titular:<br>Prof. Dr. Salvador Ord\u00f3\u00f1ez Agulla<br>Prof. Dr. Anthony \u00c1lvarez Melero<br>Sra. D\u00aa. Claudia Reyes Gutierrez<br>Sra. D\u00aa. Milagros Acebedo L\u00f3pez<\/p>\n\n\n\n<p><strong>Tribunal de apelaci\u00f3n:<\/strong><\/p>\n\n\n\n<p>Presidente: Prof. Dr. C\u00e9sar Fornis Vaquero<br>Vocal: Prof. Dr. Salvador Ord\u00f3\u00f1ez Agulla<br>Secretario: Prof. Dr. Fernando Lozano G\u00f3mez<br>Suplente 1\u00ba: Prof. Dr. Luis Ballesteros Pastor<br>Suplente 2\u00ba: Prof. Dr. Anthony \u00c1lvarez Melero<br>Suplente 3\u00ba: Prof. Dr. Alfonso \u00c1lvarez-Ossorio Rivas<\/p>\n","protected":false},"excerpt":{"rendered":"<p>Direcci\u00f3n: Director: Prof. Dr.Jose Carlos Saquete Chamizo, csaquete@us.es , 954 551 395.Secretario: Prof. Dr. Salvador Ord\u00f3\u00f1ez Agulla, sagulla@us.es , 954 551 392. Gestora de Departamento: Milagros Acebedo L\u00f3pez, hantigua@us.es, 954 551 389. Comisi\u00f3n de Docencia: Comisi\u00f3n titular:Prof. Dr. Luis Ballesteros PastorProf. Dr. Fernando Lozano G\u00f3mezProf. Dr. Unai Iriarte AsartaSr. D. Pablo Fern\u00e1ndez BascarySra. D\u00aa. Claudia [&hellip;]<\/p>\n","protected":false},"author":1,"featured_media":0,"parent":0,"menu_order":0,"comment_status":"closed","ping_status":"closed","template":"","meta":{"footnotes":""},"class_list":["post-25","page","type-page","status-publish","hentry"],"_links":{"self":[{"href":"https:\/\/departamento.us.es\/dhantigua\/index.php?rest_route=\/wp\/v2\/pages\/25","targetHints":{"allow":["GET"]}}],"collection":[{"href":"https:\/\/departamento.us.es\/dhantigua\/index.php?rest_route=\/wp\/v2\/pages"}],"about":[{"href":"https:\/\/departamento.us.es\/dhantigua\/index.php?rest_route=\/wp\/v2\/types\/page"}],"author":[{"embeddable":true,"href":"https:\/\/departamento.us.es\/dhantigua\/index.php?rest_route=\/wp\/v2\/users\/1"}],"replies":[{"embeddable":true,"href":"https:\/\/departamento.us.es\/dhantigua\/index.php?rest_route=%2Fwp%2Fv2%2Fcomments&post=25"}],"version-history":[{"count":4,"href":"https:\/\/departamento.us.es\/dhantigua\/index.php?rest_route=\/wp\/v2\/pages\/25\/revisions"}],"predecessor-version":[{"id":124,"href":"https:\/\/departamento.us.es\/dhantigua\/index.php?rest_route=\/wp\/v2\/pages\/25\/revisions\/124"}],"wp:attachment":[{"href":"https:\/\/departamento.us.es\/dhantigua\/index.php?rest_route=%2Fwp%2Fv2%2Fmedia&parent=25"}],"curies":[{"name":"wp","href":"https:\/\/api.w.org\/{rel}","templated":true}]}}