{"id":27,"date":"2025-05-13T10:10:14","date_gmt":"2025-05-13T08:10:14","guid":{"rendered":"https:\/\/departamento.us.es\/testdhantigua\/?page_id=27"},"modified":"2025-11-13T10:36:00","modified_gmt":"2025-11-13T09:36:00","slug":"personal","status":"publish","type":"page","link":"https:\/\/departamento.us.es\/dhantigua\/?page_id=27","title":{"rendered":"Personal"},"content":{"rendered":"\n<p><strong>PERSONAL DOCENTE E INVESTIGADOR<\/strong><\/p>\n\n\n\n<div class=\"wp-block-group\"><div class=\"wp-block-group__inner-container is-layout-constrained wp-block-group-is-layout-constrained\">\n<p><strong>Prof. Dr. Luis Ballesteros Pastor<\/strong><br>Catedr\u00e1tico de Universidad<br>Tel\u00e9fono: (+34) 954 551 395<br>Correo electr\u00f3nico: <a href=\"mailto:lbpastor@us.es\">lbpastor@us.es<\/a><br>RESE\u00d1A DEL PROFESOR<\/p>\n\n\n\n<p><strong>Prof. Dr. Antonio Caballos Rufino<\/strong><br>Catedr\u00e1tico de Universidad<br>Tel\u00e9fono: (+34) 954 551 390<br>Correo electr\u00f3nico: <a href=\"mailto:caballos@us.es\">caballos@us.es<\/a><br>RESE\u00d1A DEL PROFESOR<br><a href=\"https:\/\/investigacion.us.es\/sisius\/sis_showpub.php?idpers=1802\" data-type=\"link\" data-id=\"https:\/\/investigacion.us.es\/sisius\/sis_showpub.php?idpers=1802\">ENLACE SISIUS (ACTIVIDAD INVESTIGADORA)<\/a><br>ENLACE WEB PERSONAL<br><a href=\"https:\/\/orcid.org\/0000-0001-5437-2027\" data-type=\"link\" data-id=\"https:\/\/orcid.org\/0000-0001-5437-2027\">ENLACE ORCID<\/a><br>ENLACE RESEARCHER.ID<br><a href=\"https:\/\/www.scopus.com\/authid\/detail.uri?authorId=53563414100\" data-type=\"link\" data-id=\"https:\/\/www.scopus.com\/authid\/detail.uri?authorId=53563414100\">ENLACE SCOPUS AUTHOR ID<\/a><br><a href=\"https:\/\/scholar.google.es\/citations?user=ZVrBPCoAAAAJ&amp;hl=es\" data-type=\"link\" data-id=\"https:\/\/scholar.google.es\/citations?user=ZVrBPCoAAAAJ&amp;hl=es\">ENLACE GOOGLE SCHOLAR<\/a><br><a href=\"https:\/\/us.academia.edu\/AntonioCaballosRufino\" data-type=\"link\" data-id=\"https:\/\/us.academia.edu\/AntonioCaballosRufino\">ENLACE ACADEMIA.EDU<\/a><\/p>\n<\/div><\/div>\n\n\n\n<p><\/p>\n\n\n\n<p><strong>Prof. Dr. C\u00e9sar Fornis Vaquero<\/strong><br>Catedr\u00e1tico de Universidad<br>Tel\u00e9fono: (+34) 954 551 390<br>Correo electr\u00f3nico: <a href=\"mailto:cfornis@us.es\">cfornis@us.es<\/a><br>RESE\u00d1A DEL PROFESOR<br><a href=\"https:\/\/investigacion.us.es\/sisius\/sis_showpub.php?idpers=7505\" data-type=\"link\" data-id=\"https:\/\/investigacion.us.es\/sisius\/sis_showpub.php?idpers=7505\">ENLACE SISIUS (ACTIVIDAD INVESTIGADORA)<\/a><br>ENLACE WEB PERSONAL<\/p>\n\n\n\n<p><strong>Prof. Dr. Fernando Lozano G\u00f3mez<\/strong><br>Catedr\u00e1tico de Universidad<br>Tel\u00e9fono: (+34) 954 551 394<br>Correo electr\u00f3nico: <a href=\"mailto:flozanogomez@us.es\">flozanogomez@us.es<\/a><br>RESE\u00d1A DEL PROFESOR<br><a href=\"https:\/\/investigacion.us.es\/sisius\/sis_showpub.php?idpers=11185\" data-type=\"link\" data-id=\"https:\/\/investigacion.us.es\/sisius\/sis_showpub.php?idpers=11185\">ENLACE SISIUS (ACTIVIDAD INVESTIGADORA)<\/a><br><a href=\"https:\/\/us.academia.edu\/FERNANDOLOZANO\" data-type=\"link\" data-id=\"https:\/\/us.academia.edu\/FERNANDOLOZANO\">ENLACE ACADEMIA.EDU<\/a><\/p>\n\n\n\n<p><strong>Prof. Dr. Salvador Ord\u00f3\u00f1ez Agulla<\/strong><br>Catedr\u00e1tico de Universidad<br>Tel\u00e9fono: (+34) 954 551 392<br>Correo electr\u00f3nico: <a href=\"mailto:sagulla@us.es\">sagulla@us.es<\/a><br>RESE\u00d1A DEL PROFESOR<br><a href=\"https:\/\/investigacion.us.es\/sisius\/sis_showpub.php?idpers=2067\" data-type=\"link\" data-id=\"https:\/\/investigacion.us.es\/sisius\/sis_showpub.php?idpers=2067\">ENLACE SISIUS (ACTIVIDAD INVESTIGADORA)<\/a><br>ENLACE WEB PERSONAL<\/p>\n\n\n\n<p><strong>Prof.\u00aa Dr.\u00aa Pilar Pav\u00f3n Torrej\u00f3n<\/strong><br>Catedr\u00e1tica de Universidad<br>Tel\u00e9fono: (+34) 954 551 393<br>Correo electr\u00f3nico: <a href=\"mailto:pilarpavon@us.es\">pilarpavon@us.es<\/a><br>RESE\u00d1A DE LA PROFESORA<br><a href=\"https:\/\/investigacion.us.es\/sisius\/sis_showpub.php?idpers=10606\" data-type=\"link\" data-id=\"https:\/\/investigacion.us.es\/sisius\/sis_showpub.php?idpers=10606\">ENLACE SISIUS (ACTIVIDAD INVESTIGADORA)<\/a><\/p>\n\n\n\n<p><strong>Prof. Dr. Jos\u00e9 Carlos Saquete Chamizo<\/strong><br>Catedr\u00e1tico de Universidad<br>Tel\u00e9fono: (+34) 954 551 395<br>Correo electr\u00f3nico: <a href=\"mailto:csaquete@us.es\">csaquete@us.es<\/a><br>RESE\u00d1A DEL PROFESOR<br><a href=\"https:\/\/investigacion.us.es\/sisius\/sis_showpub.php?idpers=5043\" data-type=\"link\" data-id=\"https:\/\/investigacion.us.es\/sisius\/sis_showpub.php?idpers=5043\">ENLACE SISIUS (ACTIVIDAD INVESTIGADORA)<\/a><br><a href=\"https:\/\/orcid.org\/0000-0003-1416-8034\" data-type=\"link\" data-id=\"https:\/\/orcid.org\/0000-0003-1416-8034\">ENLACE ORCID<\/a><br>ENLACE RESEARCHER.ID<\/p>\n\n\n\n<p><strong>Prof. Dr. Jos\u00e9 Miguel Serrano Delgado<\/strong><br>Catedr\u00e1tico de Universidad<br>Tel\u00e9fono: (+34) 954 551 392<br>Correo electr\u00f3nico: <a href=\"mailto:delgado@us.es\">delgado@us.es<\/a><br>RESE\u00d1A DEL PROFESOR<br><a href=\"https:\/\/investigacion.us.es\/sisius\/sis_showpub.php?idpers=2069\" data-type=\"link\" data-id=\"https:\/\/investigacion.us.es\/sisius\/sis_showpub.php?idpers=2069\">ENLACE SISIUS (ACTIVIDAD INVESTIGADORA)<\/a><\/p>\n\n\n\n<p><strong>Prof. Dr. Anthony \u00c1lvarez Melero<\/strong><br>Profesor Titular de Universidad<br>Tel\u00e9fono: (+34) 954 551391<br>Correo electr\u00f3nico: <a href=\"mailto:aalvamel@us.es\">aalvamel@us.es<\/a><br>RESE\u00d1A DEL PROFESOR<br><a href=\"https:\/\/investigacion.us.es\/sisius\/sis_showpub.php?idpers=19007\" data-type=\"link\" data-id=\"https:\/\/investigacion.us.es\/sisius\/sis_showpub.php?idpers=19007\">ENLACE SISIUS (ACTIVIDAD INVESTIGADORA)<\/a><br><a href=\"https:\/\/orcid.org\/0000-0002-3788-2567\" data-type=\"link\" data-id=\"https:\/\/orcid.org\/0000-0002-3788-2567\">ENLACE ORCID<\/a><br><a href=\"https:\/\/www.scopus.com\/authid\/detail.uri?authorId=39764094000\" data-type=\"link\" data-id=\"https:\/\/www.scopus.com\/authid\/detail.uri?authorId=39764094000\">ENLACE SCOPUS AUTHOR ID<\/a><br><a href=\"https:\/\/scholar.google.com\/citations?hl=es&amp;user=5anfsjwAAAAJ\" data-type=\"link\" data-id=\"https:\/\/scholar.google.com\/citations?hl=es&amp;user=5anfsjwAAAAJ\">ENLACE GOOGLE SCHOLAR<\/a><br><a href=\"https:\/\/us.academia.edu\/Anthony%C3%81lvarezMelero\" data-type=\"link\" data-id=\"https:\/\/us.academia.edu\/Anthony%C3%81lvarezMelero\">ENLACE ACADEMIA.EDU<\/a><\/p>\n\n\n\n<p><strong>Prof. Dr. Alfonso \u00c1lvarez-Ossorio Rivas<\/strong><br>Profesor Titular de Universidad<br>Tel\u00e9fono: (+34) 954 551 391<br>Correo electr\u00f3nico: <a href=\"mailto:alfossorio@us.es\">alfossorio@us.es<\/a><br>RESE\u00d1A DEL PROFESOR<br>E<a href=\"https:\/\/investigacion.us.es\/sisius\/sis_showpub.php?idpers=8267\" data-type=\"link\" data-id=\"https:\/\/investigacion.us.es\/sisius\/sis_showpub.php?idpers=8267\">NLACE SISIUS (ACTIVIDAD INVESTIGADORA)<\/a><br><a href=\"https:\/\/orcid.org\/0000-0002-9450-0369\" data-type=\"link\" data-id=\"https:\/\/orcid.org\/0000-0002-9450-0369\">ENLACE ORCID<\/a><br>ENLACE RESEARCHER.ID<br><a href=\"https:\/\/scholar.google.es\/citations?user=lLNKePMAAAAJ&amp;hl=es\" data-type=\"link\" data-id=\"https:\/\/scholar.google.es\/citations?user=lLNKePMAAAAJ&amp;hl=es\">ENLACE GOOGLE SCHOLAR<\/a><br><a href=\"https:\/\/us.academia.edu\/Alfonso%C3%81lvarezOssorio\" data-type=\"link\" data-id=\"https:\/\/us.academia.edu\/Alfonso%C3%81lvarezOssorio\">ENLACE ACADEMIA.EDU<\/a><\/p>\n\n\n\n<p><strong>Prof. Dr. Jes\u00fas San Bernardino Coronil<\/strong><br>Profesor titular de Universidad<br>Tel\u00e9fono: (+34) 954 551 394<br>Correo electr\u00f3nico: <a href=\"mailto:jcoronil@us.es\">jcoronil@us.es<\/a><br>RESE\u00d1A DEL PROFESOR<br><a href=\"https:\/\/investigacion.us.es\/sisius\/sis_showpub.php?idpers=3898\" data-type=\"link\" data-id=\"https:\/\/investigacion.us.es\/sisius\/sis_showpub.php?idpers=3898\">ENLACE SISIUS (ACTIVIDAD INVESTIGADORA)<\/a><br>ENLACE WEB PERSONAL<\/p>\n\n\n\n<p><strong>Prof. Dr. Francisco Luis Cidoncha Redondo<\/strong><br>Profesor Ayudante Doctor<br>Tel\u00e9fono (+34) 954 551 393<br>Correo electr\u00f3nico: <a href=\"mailto:fcidoncha@us.es\">fcidoncha@us.es<\/a><\/p>\n\n\n\n<p><strong>Prof. Dr. Alejandro D\u00edaz Fern\u00e1ndez<\/strong><br>Profesor Ayudante Doctor<br>Tel\u00e9fono (+34) 954 520 333<br>Correo electr\u00f3nico: <a href=\"mailto:adiazfernandez@us.es\">adiazfernandez@us.es<\/a><br><a href=\"https:\/\/departamento.us.es\/dhantigua\/wp-content\/uploads\/2025\/06\/AlejandroDiazFdez_CV_US-003.pdf\" data-type=\"link\" data-id=\"https:\/\/departamento.us.es\/dhantigua\/wp-content\/uploads\/2025\/06\/AlejandroDiazFdez_CV_US-003.pdf\">RESE\u00d1A DEL PROFESOR<\/a><br><a href=\"https:\/\/orcid.org\/0000-0003-4727-4781\" data-type=\"link\" data-id=\"https:\/\/orcid.org\/0000-0003-4727-4781\">ENLACE ORCID<\/a><br><a href=\"https:\/\/us.academia.edu\/AlejandroD%C3%ADazFern%C3%A1ndez\" data-type=\"link\" data-id=\"https:\/\/us.academia.edu\/AlejandroD%C3%ADazFern%C3%A1ndez\">ENLACE ACADEMIA.EDU<\/a><br><a href=\"https:\/\/scholar.google.es\/citations?user=PBbbcE4AAAAJ&amp;hl=es\" data-type=\"link\" data-id=\"https:\/\/scholar.google.es\/citations?user=PBbbcE4AAAAJ&amp;hl=es\">ENLACE GOOGLE SCHOLAR<\/a><br><a href=\"https:\/\/www.scopus.com\/authid\/detail.uri?authorId=57201993759\" data-type=\"link\" data-id=\"https:\/\/www.scopus.com\/authid\/detail.uri?authorId=57201993759\">ENLACE SCOPUS AUTHOR<\/a><\/p>\n\n\n\n<p><strong><strong>Prof\u00aa. Dra. Carmen Alarc\u00f3n Hern\u00e1ndez<\/strong><br><\/strong>Profesora Investigadora Doctora<strong><br><\/strong>Tel\u00e9fono (+34) 954 551 720<strong><br><\/strong>Correo electr\u00f3nico: <a href=\"mailto:uiriarte@us.es\">calarcon4@us.es<\/a><\/p>\n\n\n\n<p><strong>Prof. Dr. Unai Iriarte Asarta<\/strong><br>Profesor Investigador Doctor<br>Tel\u00e9fono: (+34) 954 551 720<br>Correo electr\u00f3nico: <a href=\"mailto:uiriarte@us.es\">uiriarte@us.es<\/a><br><a href=\"https:\/\/departamento.us.es\/dhantigua\/wp-content\/uploads\/2025\/10\/Resena-Dpto.pdf\">RESE\u00d1A DEL PROFESOR<\/a><br><a href=\"https:\/\/investigacion.us.es\/sisius\/sis_showpub.php?idpers=24716\" data-type=\"link\" data-id=\"https:\/\/investigacion.us.es\/sisius\/sis_showpub.php?idpers=24716\">ENLACE SISIUS (ACTIVIDAD INVESTIGADORA)<\/a><br><a href=\"https:\/\/compoliticas.academia.edu\/UnaiIriarte\" data-type=\"link\" data-id=\"https:\/\/compoliticas.academia.edu\/UnaiIriarte\">ENLACE ACADEMIA.EDU<\/a><br><a href=\"https:\/\/orcid.org\/0000-0002-3166-5887\" data-type=\"link\" data-id=\"https:\/\/orcid.org\/0000-0002-3166-5887\">ENLACE ORCID<\/a><br>\u202a<a href=\"https:\/\/scholar.google.es\/citations?user=DJkM5PcAAAAJ&amp;hl=es\" data-type=\"link\" data-id=\"https:\/\/scholar.google.es\/citations?user=DJkM5PcAAAAJ&amp;hl=es\">ENLACE GOOGLE SCHOLAR<\/a><br><a href=\"https:\/\/www.scopus.com\/authid\/detail.uri?authorId=57211462917\" data-type=\"link\" data-id=\"https:\/\/www.scopus.com\/authid\/detail.uri?authorId=57211462917\">ENLACE SCOPUS<\/a><\/p>\n\n\n\n<p><strong>Prof. Dr. Ra\u00fal S\u00e1nchez Casado<\/strong><br>Profesor Investigador Doctor<br>Tel\u00e9fono: (+34) 954 559 537<br>Correo electr\u00f3nico: <a href=\"mailto:rscasado@us.es\">rscasado@us.es<\/a><\/p>\n\n\n\n<p><strong>Sr. D. Iv\u00e1n Quijada Ayas<\/strong><br>Contratado predoctoral<br>Tel\u00e9fono (+34) 954 551 720<br>Correo electr\u00f3nico: <a href=\"mailto:iquijada@us.es\">iquijada@us.es<\/a><\/p>\n\n\n\n<p><strong>Sr. D. Rafael Rodr\u00edguez P\u00e9rez<\/strong><br>Contratado predoctoral<br>Tel\u00e9fono: (+34) 954 551 720<br>Correo electr\u00f3nico: <a href=\"mailto:rrodriguez5@us.es\">rrodriguez5@us.es<\/a><\/p>\n\n\n\n<p><strong><strong>Sr. D. Iker Fresneda P\u00e9rez<\/strong><br><\/strong>Contratado predoctoral<br>Tel\u00e9fono: (+34) 954 551 720<br>Correo electr\u00f3nico: <a href=\"mailto:ifresneda@us.esz\">ifresneda@us.es<\/a><\/p>\n\n\n\n<p><strong>GESTORA DE DEPARTAMENTO<\/strong><\/p>\n\n\n\n<p>Sr.\u00aa D.\u00aa Milagros Acebedo L\u00f3pez<br>Tel\u00e9fono: (+34) 954 551 389<br>Correo electr\u00f3nico: <a href=\"mailto:hantigua@us.es\">hantigua@us.es<\/a><\/p>\n\n\n\n<p><\/p>\n\n\n\n<p><\/p>\n","protected":false},"excerpt":{"rendered":"<p>PERSONAL DOCENTE E INVESTIGADOR Prof. Dr. Luis Ballesteros PastorCatedr\u00e1tico de UniversidadTel\u00e9fono: (+34) 954 551 395Correo electr\u00f3nico: lbpastor@us.esRESE\u00d1A DEL PROFESOR Prof. Dr. Antonio Caballos RufinoCatedr\u00e1tico de UniversidadTel\u00e9fono: (+34) 954 551 390Correo electr\u00f3nico: caballos@us.esRESE\u00d1A DEL PROFESORENLACE SISIUS (ACTIVIDAD INVESTIGADORA)ENLACE WEB PERSONALENLACE ORCIDENLACE RESEARCHER.IDENLACE SCOPUS AUTHOR IDENLACE GOOGLE SCHOLARENLACE ACADEMIA.EDU Prof. Dr. C\u00e9sar Fornis VaqueroCatedr\u00e1tico de UniversidadTel\u00e9fono: (+34) [&hellip;]<\/p>\n","protected":false},"author":1,"featured_media":0,"parent":0,"menu_order":0,"comment_status":"closed","ping_status":"closed","template":"","meta":{"footnotes":""},"class_list":["post-27","page","type-page","status-publish","hentry"],"_links":{"self":[{"href":"https:\/\/departamento.us.es\/dhantigua\/index.php?rest_route=\/wp\/v2\/pages\/27","targetHints":{"allow":["GET"]}}],"collection":[{"href":"https:\/\/departamento.us.es\/dhantigua\/index.php?rest_route=\/wp\/v2\/pages"}],"about":[{"href":"https:\/\/departamento.us.es\/dhantigua\/index.php?rest_route=\/wp\/v2\/types\/page"}],"author":[{"embeddable":true,"href":"https:\/\/departamento.us.es\/dhantigua\/index.php?rest_route=\/wp\/v2\/users\/1"}],"replies":[{"embeddable":true,"href":"https:\/\/departamento.us.es\/dhantigua\/index.php?rest_route=%2Fwp%2Fv2%2Fcomments&post=27"}],"version-history":[{"count":33,"href":"https:\/\/departamento.us.es\/dhantigua\/index.php?rest_route=\/wp\/v2\/pages\/27\/revisions"}],"predecessor-version":[{"id":229,"href":"https:\/\/departamento.us.es\/dhantigua\/index.php?rest_route=\/wp\/v2\/pages\/27\/revisions\/229"}],"wp:attachment":[{"href":"https:\/\/departamento.us.es\/dhantigua\/index.php?rest_route=%2Fwp%2Fv2%2Fmedia&parent=27"}],"curies":[{"name":"wp","href":"https:\/\/api.w.org\/{rel}","templated":true}]}}