{"id":29,"date":"2025-05-13T10:10:31","date_gmt":"2025-05-13T08:10:31","guid":{"rendered":"https:\/\/departamento.us.es\/testdhantigua\/?page_id=29"},"modified":"2025-10-17T08:36:00","modified_gmt":"2025-10-17T06:36:00","slug":"horarios-de-tutorias","status":"publish","type":"page","link":"https:\/\/departamento.us.es\/dhantigua\/?page_id=29","title":{"rendered":"Horarios de tutor\u00edas"},"content":{"rendered":"\n<p><strong>CURSO 2025-202<\/strong>6<\/p>\n\n\n\n<figure class=\"wp-block-table\"><table class=\"has-fixed-layout\"><tbody><tr><td><strong>PROF\u00aa DRA. CARMEN ALARC\u00d3N HERN\u00c1NDEZ<\/strong><\/td><td>Lunes y martes de 16-17h., jueves de 11 a 13h. Preferiblemente concertar cita previa <a href=\"mailto:calarcon4@us.es\">calarcon4@us.es<\/a><\/td><\/tr><tr><td><strong>PROF. DR. ANTHONY \u00c1LVAREZ MELERO<\/strong><\/td><td>Mi\u00e9rcoles y jueves de 10 a 13h.<\/td><\/tr><tr><td><strong>PROF. DR. ALFONSO \u00c1LVAREZ-OSSORIO RIVAS<\/strong><\/td><td>C1: lunes y martes de 11:30 a 13:30h., C2: lunes y martes de 12 a 13h., mi\u00e9rcoles y jueves de 10 a 11h.<\/td><\/tr><tr><td><strong>PROF. DR. LUIS BALLESTEROS PASTOR<\/strong><\/td><td>Hasta el 30 de octubre: lunes y martes de 10 a 12h., mi\u00e9rcoles y jueves de 13 a 14h. A partir del 31 de octubre: lunes, martes y mi\u00e9rcoles de 11 a 13h.. Excepcionalmente se podr\u00e1n programar tutor\u00edas en otros horarios previa cita <a href=\"mailto:lbpastor@us.es\">lbpastor@us.es<\/a><\/td><\/tr><tr><td><strong>PROF. DR. ANTONIO CABALLOS RUFINO<\/strong><\/td><td>Mi\u00e9rcoles 11h.<\/td><\/tr><tr><td><strong>PROF. DR. FRANCISCO CIDONCHA REDONDO<\/strong><\/td><td>C1: Lunes de 17 a 19h. y martes de 12:00 a 14h., C2: Lunes de 14 a 16h. y viernes de 11 a 13h. * Se ruega contactar con el profesor a trav\u00e9s del correo electr\u00f3nico: <a href=\"mailto:fcidoncha@us.es\">fcidoncha@us.es<\/a><\/td><\/tr><tr><td><strong>PROF. DR. ALEJANDRO D\u00cdAZ FERN\u00c1NDEZ<\/strong><\/td><td>Lunes y martes de 9 a 12h<\/td><\/tr><tr><td><strong>PROF. DR. C\u00c9SAR F\u00d3RNIS VAQUERO<\/strong><\/td><td>Mi\u00e9rcoles y jueves de 9 a 11h. y de 16 a 17h.<\/td><\/tr><tr><td><strong>PROF. D. IKER FRESNEDA P\u00c9REZ<\/strong><\/td><td>Lunes y martes de 11 a 12:30h. Hay que solicitar cita previa <a href=\"mailto:ifresneda@us.es\">ifresneda@us.es<\/a><\/td><\/tr><tr><td><strong>PROF. DR. UNAI IRIARTE ASARTA<\/strong><\/td><td>Jueves de 15 a 17h. Hay que solicitar cita previa <a href=\"mailto:uiriarte@us.es\">uiriarte@us.es<\/a>.<\/td><\/tr><tr><td><strong>PROF. DR. FERNANDO LOZANO G\u00d3MEZ<\/strong><\/td><td>C1: Martes de 13 a 14h. y mi\u00e9rcoles de 10 a 13h.<\/td><\/tr><tr><td><strong>PROF\u00aa. DRA. &nbsp;PILAR PAV\u00d3N TORREJ\u00d3N<\/strong><\/td><td>C1: martes de 10 a 13h. C2: lunes y martes de 13 a 14h., mi\u00e9rcoles de 10 a 12h. Hay que solicitar cita previa <a href=\"mailto:pilarpavon@us.es\">pilarpavon@us.es<\/a><\/td><\/tr><tr><td><strong>PROF. DR. SALVADOR ORD\u00d3\u00d1EZ AGULLA<\/strong><\/td><td>C1: Sin docencia. C2: lunes y martes de 12 a 14h. con cita previa <a href=\"mailto:sagulla@us.es\">sagulla@us.es<\/a><\/td><\/tr><tr><td><strong>PROF. D. IV\u00c1N QUIJADA AYAS<\/strong><\/td><td>Solicitar cita previa <a href=\"mailto:iquijada@us.es\">iquijada@us.es<\/a><\/td><\/tr><tr><td><strong>PROF. DR. JES\u00daS SAN BERNARDINO CORONIL<\/strong><\/td><td>C1: Lunes y martes de 9 a 11h. En su despacho del Centro Internacional<\/td><\/tr><tr><td><strong>PROF. DR. RA\u00daL S\u00c1NCHEZ CASADO<\/strong><\/td><td>C1: Solicitar cita por correo electr\u00f3nico. C2: mi\u00e9rcoles y jueves&nbsp; de 10 a 13h., fuera de este horario solicitar cita <a href=\"mailto:rscasado@us.es\">rscasado@us.es<\/a><\/td><\/tr><tr><td><strong>PROF. DR. JOSE CARLOS SAQUETE CHAMIZO<\/strong><\/td><td>Lunes de 13 a 14h, martes de 11 a 13h y mi\u00e9rcoles de 10 a 11h.. Fuera de esas horas, solicitar cita a csaquete@us.es<\/td><\/tr><tr><td><strong>PROF. DR. JOSE MIGUEL SERRANO DELGADO<\/strong><\/td><td>Lunes y martes de 9 a 10:30 y de 13 a 14:30h.<\/td><\/tr><\/tbody><\/table><\/figure>\n\n\n\n<p>Las tutor\u00edas se realizar\u00e1n en los despachos de los profesores en el Departamento de Historia Antigua de la Facultad de Geograf\u00eda e Historia salvo las excepciones que se indican en el listado.<\/p>\n","protected":false},"excerpt":{"rendered":"<p>CURSO 2025-2026 PROF\u00aa DRA. CARMEN ALARC\u00d3N HERN\u00c1NDEZ Lunes y martes de 16-17h., jueves de 11 a 13h. Preferiblemente concertar cita previa calarcon4@us.es PROF. DR. ANTHONY \u00c1LVAREZ MELERO Mi\u00e9rcoles y jueves de 10 a 13h. PROF. DR. ALFONSO \u00c1LVAREZ-OSSORIO RIVAS C1: lunes y martes de 11:30 a 13:30h., C2: lunes y martes de 12 a 13h., [&hellip;]<\/p>\n","protected":false},"author":1,"featured_media":0,"parent":0,"menu_order":0,"comment_status":"closed","ping_status":"closed","template":"","meta":{"footnotes":""},"class_list":["post-29","page","type-page","status-publish","hentry"],"_links":{"self":[{"href":"https:\/\/departamento.us.es\/dhantigua\/index.php?rest_route=\/wp\/v2\/pages\/29","targetHints":{"allow":["GET"]}}],"collection":[{"href":"https:\/\/departamento.us.es\/dhantigua\/index.php?rest_route=\/wp\/v2\/pages"}],"about":[{"href":"https:\/\/departamento.us.es\/dhantigua\/index.php?rest_route=\/wp\/v2\/types\/page"}],"author":[{"embeddable":true,"href":"https:\/\/departamento.us.es\/dhantigua\/index.php?rest_route=\/wp\/v2\/users\/1"}],"replies":[{"embeddable":true,"href":"https:\/\/departamento.us.es\/dhantigua\/index.php?rest_route=%2Fwp%2Fv2%2Fcomments&post=29"}],"version-history":[{"count":6,"href":"https:\/\/departamento.us.es\/dhantigua\/index.php?rest_route=\/wp\/v2\/pages\/29\/revisions"}],"predecessor-version":[{"id":183,"href":"https:\/\/departamento.us.es\/dhantigua\/index.php?rest_route=\/wp\/v2\/pages\/29\/revisions\/183"}],"wp:attachment":[{"href":"https:\/\/departamento.us.es\/dhantigua\/index.php?rest_route=%2Fwp%2Fv2%2Fmedia&parent=29"}],"curies":[{"name":"wp","href":"https:\/\/api.w.org\/{rel}","templated":true}]}}