{"id":31,"date":"2025-05-13T10:10:48","date_gmt":"2025-05-13T08:10:48","guid":{"rendered":"https:\/\/departamento.us.es\/testdhantigua\/?page_id=31"},"modified":"2025-10-17T09:07:05","modified_gmt":"2025-10-17T07:07:05","slug":"grado-en-historia","status":"publish","type":"page","link":"https:\/\/departamento.us.es\/dhantigua\/?page_id=31","title":{"rendered":"Grado en Historia"},"content":{"rendered":"\n<h4 class=\"wp-block-heading\"><strong>CURSO 2025-2<\/strong>6<\/h4>\n\n\n\n<h4 class=\"wp-block-heading\"><strong>GRADO EN HISTORIA<\/strong><\/h4>\n\n\n\n<p><strong><a href=\"https:\/\/geografiaehistoria.us.es\/sites\/geografiaehistoria\/files\/Horarios\/GRADOS\/historia-c1.pdf\">HORARIOS DEL PRIMER CUATRIMESTRE<\/a><\/strong><\/p>\n\n\n\n<p><strong><a href=\"https:\/\/geografiaehistoria.us.es\/sites\/geografiaehistoria\/files\/Horarios\/GRADOS\/historia-c2.pdf\">HORARIOS DEL SEGUNDO CUATRIMESTRE<\/a><\/strong><\/p>\n\n\n\n<p><strong><em>PROGRAMAS Y PROYECTOS<\/em>:<a href=\"https:\/\/www.us.es\/estudiar\/que-estudiar\/oferta-de-grados\/grado-en-historia\/1660005\"><\/a><\/strong><\/p>\n\n\n\n<p><strong><a href=\"https:\/\/www.us.es\/estudiar\/que-estudiar\/oferta-de-grados\/grado-en-historia\/1660005\">HISTORIA DEL MUNDO CL\u00c1SICO<\/a><\/strong><\/p>\n\n\n\n<p><strong><a href=\"https:\/\/www.us.es\/estudiar\/que-estudiar\/oferta-de-grados\/grado-en-historia\/1660020\">TENDENCIAS HISTORIOGR\u00c1FICAS I<\/a><a href=\"https:\/\/www.us.es\/estudiar\/que-estudiar\/oferta-de-grados\/grado-en-historia\/1660006\">HISTORIA DEL PR\u00d3XIMO ORIENTE EN LA ANTIG\u00dcEDAD<\/a><\/strong><\/p>\n\n\n\n<p><strong><a href=\"https:\/\/www.us.es\/estudiar\/que-estudiar\/oferta-de-grados\/grado-en-historia\/1660016\">HISTORIA DE LA PEN\u00cdNSULA IB\u00c9RICA DURANTE LA ANTIG\u00dcEDAD<\/a><\/strong><\/p>\n\n\n\n<p><strong><a href=\"https:\/\/www.us.es\/estudiar\/que-estudiar\/oferta-de-grados\/grado-en-historia\/1660033\">SOCIEDADES Y CULTURAS DEL PR\u00d3XIMO ORIENTE ANTIGUO<\/a><\/strong><\/p>\n\n\n\n<p><strong><a href=\"https:\/\/www.us.es\/estudiar\/que-estudiar\/oferta-de-grados\/grado-en-historia\/1660048\">ROMA E HISPANIA<\/a><\/strong><\/p>\n","protected":false},"excerpt":{"rendered":"<p>CURSO 2025-26 GRADO EN HISTORIA HORARIOS DEL PRIMER CUATRIMESTRE HORARIOS DEL SEGUNDO CUATRIMESTRE PROGRAMAS Y PROYECTOS: HISTORIA DEL MUNDO CL\u00c1SICO TENDENCIAS HISTORIOGR\u00c1FICAS IHISTORIA DEL PR\u00d3XIMO ORIENTE EN LA ANTIG\u00dcEDAD HISTORIA DE LA PEN\u00cdNSULA IB\u00c9RICA DURANTE LA ANTIG\u00dcEDAD SOCIEDADES Y CULTURAS DEL PR\u00d3XIMO ORIENTE ANTIGUO ROMA E HISPANIA<\/p>\n","protected":false},"author":1,"featured_media":0,"parent":0,"menu_order":0,"comment_status":"closed","ping_status":"closed","template":"","meta":{"footnotes":""},"class_list":["post-31","page","type-page","status-publish","hentry"],"_links":{"self":[{"href":"https:\/\/departamento.us.es\/dhantigua\/index.php?rest_route=\/wp\/v2\/pages\/31","targetHints":{"allow":["GET"]}}],"collection":[{"href":"https:\/\/departamento.us.es\/dhantigua\/index.php?rest_route=\/wp\/v2\/pages"}],"about":[{"href":"https:\/\/departamento.us.es\/dhantigua\/index.php?rest_route=\/wp\/v2\/types\/page"}],"author":[{"embeddable":true,"href":"https:\/\/departamento.us.es\/dhantigua\/index.php?rest_route=\/wp\/v2\/users\/1"}],"replies":[{"embeddable":true,"href":"https:\/\/departamento.us.es\/dhantigua\/index.php?rest_route=%2Fwp%2Fv2%2Fcomments&post=31"}],"version-history":[{"count":4,"href":"https:\/\/departamento.us.es\/dhantigua\/index.php?rest_route=\/wp\/v2\/pages\/31\/revisions"}],"predecessor-version":[{"id":189,"href":"https:\/\/departamento.us.es\/dhantigua\/index.php?rest_route=\/wp\/v2\/pages\/31\/revisions\/189"}],"wp:attachment":[{"href":"https:\/\/departamento.us.es\/dhantigua\/index.php?rest_route=%2Fwp%2Fv2%2Fmedia&parent=31"}],"curies":[{"name":"wp","href":"https:\/\/api.w.org\/{rel}","templated":true}]}}