{"id":33,"date":"2025-05-13T10:11:09","date_gmt":"2025-05-13T08:11:09","guid":{"rendered":"https:\/\/departamento.us.es\/testdhantigua\/?page_id=33"},"modified":"2025-10-17T09:13:18","modified_gmt":"2025-10-17T07:13:18","slug":"grado-en-arqueologia","status":"publish","type":"page","link":"https:\/\/departamento.us.es\/dhantigua\/?page_id=33","title":{"rendered":"Grado en Arqueolog\u00eda"},"content":{"rendered":"\n<h4 class=\"wp-block-heading\">CURSO 2025-2026<\/h4>\n\n\n\n<p><strong><a href=\"https:\/\/geografiaehistoria.us.es\/sites\/geografiaehistoria\/files\/Horarios\/GRADOS\/arqueologia-c1.pdf\">HORARIOS PRIMER CUATRIMESTRE<\/a><\/strong><\/p>\n\n\n\n<p><strong><a href=\"https:\/\/geografiaehistoria.us.es\/sites\/geografiaehistoria\/files\/Horarios\/GRADOS\/arqueologia-c2.pdf\">HORARIOS SEGUNDO CUATRIMESTRE<\/a><\/strong><\/p>\n\n\n\n<h4 class=\"wp-block-heading\"><strong>Programas y proyectos:<\/strong><\/h4>\n\n\n\n<p><strong><a href=\"https:\/\/www.us.es\/estudiar\/que-estudiar\/oferta-de-grados\/grado-en-arqueologia-por-la-universidad-de-granada\/2420003\">HISTORIA&nbsp; ANTIGUA<\/a><\/strong><\/p>\n\n\n\n<p><strong><a href=\"https:\/\/www.us.es\/estudiar\/que-estudiar\/oferta-de-grados\/grado-en-arqueologia-por-la-universidad-de-granada\/2420033\">HISTORIA DE LA HISPANIA ROMANA<\/a><\/strong><\/p>\n\n\n\n<p><strong><a href=\"https:\/\/www.us.es\/estudiar\/que-estudiar\/oferta-de-grados\/grado-en-arqueologia-por-la-universidad-de-granada\/2420036\">INTRODUCCI\u00d3N AL LAT\u00cdN Y A LOS TEXTOS HIST\u00d3RICOS LATINOS<\/a><\/strong><\/p>\n\n\n\n<p><\/p>\n","protected":false},"excerpt":{"rendered":"<p>CURSO 2025-2026 HORARIOS PRIMER CUATRIMESTRE HORARIOS SEGUNDO CUATRIMESTRE Programas y proyectos: HISTORIA&nbsp; ANTIGUA HISTORIA DE LA HISPANIA ROMANA INTRODUCCI\u00d3N AL LAT\u00cdN Y A LOS TEXTOS HIST\u00d3RICOS LATINOS<\/p>\n","protected":false},"author":1,"featured_media":0,"parent":0,"menu_order":0,"comment_status":"closed","ping_status":"closed","template":"","meta":{"footnotes":""},"class_list":["post-33","page","type-page","status-publish","hentry"],"_links":{"self":[{"href":"https:\/\/departamento.us.es\/dhantigua\/index.php?rest_route=\/wp\/v2\/pages\/33","targetHints":{"allow":["GET"]}}],"collection":[{"href":"https:\/\/departamento.us.es\/dhantigua\/index.php?rest_route=\/wp\/v2\/pages"}],"about":[{"href":"https:\/\/departamento.us.es\/dhantigua\/index.php?rest_route=\/wp\/v2\/types\/page"}],"author":[{"embeddable":true,"href":"https:\/\/departamento.us.es\/dhantigua\/index.php?rest_route=\/wp\/v2\/users\/1"}],"replies":[{"embeddable":true,"href":"https:\/\/departamento.us.es\/dhantigua\/index.php?rest_route=%2Fwp%2Fv2%2Fcomments&post=33"}],"version-history":[{"count":5,"href":"https:\/\/departamento.us.es\/dhantigua\/index.php?rest_route=\/wp\/v2\/pages\/33\/revisions"}],"predecessor-version":[{"id":193,"href":"https:\/\/departamento.us.es\/dhantigua\/index.php?rest_route=\/wp\/v2\/pages\/33\/revisions\/193"}],"wp:attachment":[{"href":"https:\/\/departamento.us.es\/dhantigua\/index.php?rest_route=%2Fwp%2Fv2%2Fmedia&parent=33"}],"curies":[{"name":"wp","href":"https:\/\/api.w.org\/{rel}","templated":true}]}}