{"id":37,"date":"2025-05-13T10:11:36","date_gmt":"2025-05-13T08:11:36","guid":{"rendered":"https:\/\/departamento.us.es\/testdhantigua\/?page_id=37"},"modified":"2025-10-17T09:37:25","modified_gmt":"2025-10-17T07:37:25","slug":"doble-grado-en-geografia-y-gestion-del-territorio-e-historia","status":"publish","type":"page","link":"https:\/\/departamento.us.es\/dhantigua\/?page_id=37","title":{"rendered":"Doble Grado en Geograf\u00eda y Gesti\u00f3n del Territorio e Historia"},"content":{"rendered":"\n<h4 class=\"wp-block-heading\"><strong>CURSO 2025-26<\/strong><\/h4>\n\n\n\n<h4 class=\"wp-block-heading\"><strong>DOBLE GRADO EN GEOGRAF\u00cdA Y GESTI\u00d3N DEL TERRITORIO E HISTORIA<\/strong>.<\/h4>\n\n\n\n<p><strong><a href=\"https:\/\/geografiaehistoria.us.es\/sites\/geografiaehistoria\/files\/Horarios\/GRADOS\/doblegradogh-c1.pdf\">HORARIOS DEL PRIMER CUATRIMESTRE<\/a><\/strong><\/p>\n\n\n\n<p><strong><a href=\"https:\/\/geografiaehistoria.us.es\/sites\/geografiaehistoria\/files\/Horarios\/GRADOS\/doblegradogh-c2.pdf\">HORARIOS DEL SEGUNDO CUATRIMESTRE<\/a><\/strong><\/p>\n\n\n\n<p><strong>PROGRAMAS Y PROYECTOS<\/strong>.<\/p>\n\n\n\n<p><strong><a href=\"https:\/\/www.us.es\/estudiar\/que-estudiar\/oferta-de-grados\/doble-grado-en-geografia-y-gestion-del-territorio-e-historia\/2160011\">HISTORIA DEL MUNDO CL\u00c1SICO<\/a><\/strong><\/p>\n\n\n\n<p><strong><a href=\"https:\/\/sevius4.us.es\/index.php?PyP=LISTA%20\">TENDENCIAS <\/a><a href=\"https:\/\/www.us.es\/estudiar\/que-estudiar\/oferta-de-grados\/doble-grado-en-geografia-y-gestion-del-territorio-e-historia\/2160028\">HISTORIOGR\u00c1FICAS <\/a><a href=\"https:\/\/sevius4.us.es\/index.php?PyP=LISTA%20\">I<\/a><\/strong><\/p>\n\n\n\n<p><strong><a href=\"https:\/\/www.us.es\/estudiar\/que-estudiar\/oferta-de-grados\/doble-grado-en-geografia-y-gestion-del-territorio-e-historia\/2160018\">HISTORIA DE LA PEN\u00cdNSULA IB\u00c9RICA DURANTE LA ANTIG\u00dcEDAD<\/a><\/strong><\/p>\n\n\n\n<p><strong><a href=\"https:\/\/www.us.es\/estudiar\/que-estudiar\/oferta-de-grados\/doble-grado-en-geografia-y-gestion-del-territorio-e-historia\/2160019\">HISTORIA DEL PR\u00d3XIMO ORIENTE EN LA ANTIG\u00dcEDAD<\/a><\/strong><\/p>\n\n\n\n<p><strong><a href=\"https:\/\/www.us.es\/estudiar\/que-estudiar\/oferta-de-grados\/doble-grado-en-geografia-y-gestion-del-territorio-e-historia\/2160072\">DE LA CIUDAD GRIEGA AL MUNDO ROMANO<\/a><\/strong><\/p>\n\n\n\n<p><strong><a href=\"https:\/\/www.us.es\/estudiar\/que-estudiar\/oferta-de-grados\/doble-grado-en-geografia-y-gestion-del-territorio-e-historia\/2160066\">ROMA E HISPANIA<\/a><\/strong><\/p>\n\n\n\n<p><strong><a href=\"https:\/\/www.us.es\/estudiar\/que-estudiar\/oferta-de-grados\/doble-grado-en-geografia-y-gestion-del-territorio-e-historia\/2160067\">SOCIEDADES Y CULTURAS DEL PR\u00d3XIMO ORIENTE ANTIGUO<\/a><\/strong><\/p>\n","protected":false},"excerpt":{"rendered":"<p>CURSO 2025-26 DOBLE GRADO EN GEOGRAF\u00cdA Y GESTI\u00d3N DEL TERRITORIO E HISTORIA. HORARIOS DEL PRIMER CUATRIMESTRE HORARIOS DEL SEGUNDO CUATRIMESTRE PROGRAMAS Y PROYECTOS. HISTORIA DEL MUNDO CL\u00c1SICO TENDENCIAS HISTORIOGR\u00c1FICAS I HISTORIA DE LA PEN\u00cdNSULA IB\u00c9RICA DURANTE LA ANTIG\u00dcEDAD HISTORIA DEL PR\u00d3XIMO ORIENTE EN LA ANTIG\u00dcEDAD DE LA CIUDAD GRIEGA AL MUNDO ROMANO ROMA E HISPANIA [&hellip;]<\/p>\n","protected":false},"author":1,"featured_media":0,"parent":0,"menu_order":0,"comment_status":"closed","ping_status":"closed","template":"","meta":{"footnotes":""},"class_list":["post-37","page","type-page","status-publish","hentry"],"_links":{"self":[{"href":"https:\/\/departamento.us.es\/dhantigua\/index.php?rest_route=\/wp\/v2\/pages\/37","targetHints":{"allow":["GET"]}}],"collection":[{"href":"https:\/\/departamento.us.es\/dhantigua\/index.php?rest_route=\/wp\/v2\/pages"}],"about":[{"href":"https:\/\/departamento.us.es\/dhantigua\/index.php?rest_route=\/wp\/v2\/types\/page"}],"author":[{"embeddable":true,"href":"https:\/\/departamento.us.es\/dhantigua\/index.php?rest_route=\/wp\/v2\/users\/1"}],"replies":[{"embeddable":true,"href":"https:\/\/departamento.us.es\/dhantigua\/index.php?rest_route=%2Fwp%2Fv2%2Fcomments&post=37"}],"version-history":[{"count":7,"href":"https:\/\/departamento.us.es\/dhantigua\/index.php?rest_route=\/wp\/v2\/pages\/37\/revisions"}],"predecessor-version":[{"id":203,"href":"https:\/\/departamento.us.es\/dhantigua\/index.php?rest_route=\/wp\/v2\/pages\/37\/revisions\/203"}],"wp:attachment":[{"href":"https:\/\/departamento.us.es\/dhantigua\/index.php?rest_route=%2Fwp%2Fv2%2Fmedia&parent=37"}],"curies":[{"name":"wp","href":"https:\/\/api.w.org\/{rel}","templated":true}]}}