{"id":39,"date":"2025-05-13T10:11:49","date_gmt":"2025-05-13T08:11:49","guid":{"rendered":"https:\/\/departamento.us.es\/testdhantigua\/?page_id=39"},"modified":"2025-10-17T09:18:30","modified_gmt":"2025-10-17T07:18:30","slug":"doble-grado-en-historia-e-historia-del-arte","status":"publish","type":"page","link":"https:\/\/departamento.us.es\/dhantigua\/?page_id=39","title":{"rendered":"Doble Grado en Historia e Historia del Arte"},"content":{"rendered":"\n<h4 class=\"wp-block-heading\">CURSO 2025-26<\/h4>\n\n\n\n<h4 class=\"wp-block-heading\"><strong>DOBLE GRADO EN HISTORIA E HISTORIA DEL ARTE<\/strong><\/h4>\n\n\n\n<p><a href=\"https:\/\/geografiaehistoria.us.es\/sites\/geografiaehistoria\/files\/Horarios\/GRADOS\/dobleartehistoria-c1.pdf\"><strong>HORARIOS PRIMER CUATRIMESTRE<\/strong><\/a><\/p>\n\n\n\n<p><a href=\"https:\/\/geografiaehistoria.us.es\/sites\/geografiaehistoria\/files\/Horarios\/GRADOS\/dobleartehistoria-c2.pdf\"><strong>HORARIOS DEL SEGUNDO CUATRIMESTRE<\/strong><\/a><\/p>\n\n\n\n<p><strong>PROGRAMAS Y PROYECTOS<\/strong>.<\/p>\n\n\n\n<p><a href=\"https:\/\/alojawebapps.us.es\/centrosdptos\/titulaciones\/asignatura.php?codasig=2580006\"><strong>HISTORIA DEL MUNDO CL\u00c1SICO<\/strong><\/a><\/p>\n\n\n\n<p><a href=\"https:\/\/alojawebapps.us.es\/centrosdptos\/titulaciones\/asignatura.php?codasig=2580007\"><strong>HISTORIA DEL PR\u00d3XIMO ORIENTE EN LA ANTIG\u00dcEDAD<\/strong><\/a><\/p>\n\n\n\n<p><a href=\"https:\/\/departamento.us.es\/dhantigua\/%20https:\/alojawebapps.us.es\/centrosdptos\/titulaciones\/asignatura.php?codasig=2580007\"><\/a><\/p>\n","protected":false},"excerpt":{"rendered":"<p>CURSO 2025-26 DOBLE GRADO EN HISTORIA E HISTORIA DEL ARTE HORARIOS PRIMER CUATRIMESTRE HORARIOS DEL SEGUNDO CUATRIMESTRE PROGRAMAS Y PROYECTOS. HISTORIA DEL MUNDO CL\u00c1SICO HISTORIA DEL PR\u00d3XIMO ORIENTE EN LA ANTIG\u00dcEDAD<\/p>\n","protected":false},"author":1,"featured_media":0,"parent":0,"menu_order":0,"comment_status":"closed","ping_status":"closed","template":"","meta":{"footnotes":""},"class_list":["post-39","page","type-page","status-publish","hentry"],"_links":{"self":[{"href":"https:\/\/departamento.us.es\/dhantigua\/index.php?rest_route=\/wp\/v2\/pages\/39","targetHints":{"allow":["GET"]}}],"collection":[{"href":"https:\/\/departamento.us.es\/dhantigua\/index.php?rest_route=\/wp\/v2\/pages"}],"about":[{"href":"https:\/\/departamento.us.es\/dhantigua\/index.php?rest_route=\/wp\/v2\/types\/page"}],"author":[{"embeddable":true,"href":"https:\/\/departamento.us.es\/dhantigua\/index.php?rest_route=\/wp\/v2\/users\/1"}],"replies":[{"embeddable":true,"href":"https:\/\/departamento.us.es\/dhantigua\/index.php?rest_route=%2Fwp%2Fv2%2Fcomments&post=39"}],"version-history":[{"count":6,"href":"https:\/\/departamento.us.es\/dhantigua\/index.php?rest_route=\/wp\/v2\/pages\/39\/revisions"}],"predecessor-version":[{"id":198,"href":"https:\/\/departamento.us.es\/dhantigua\/index.php?rest_route=\/wp\/v2\/pages\/39\/revisions\/198"}],"wp:attachment":[{"href":"https:\/\/departamento.us.es\/dhantigua\/index.php?rest_route=%2Fwp%2Fv2%2Fmedia&parent=39"}],"curies":[{"name":"wp","href":"https:\/\/api.w.org\/{rel}","templated":true}]}}