{"id":45,"date":"2025-05-13T10:12:37","date_gmt":"2025-05-13T08:12:37","guid":{"rendered":"https:\/\/departamento.us.es\/testdhantigua\/?page_id=45"},"modified":"2025-10-17T10:53:30","modified_gmt":"2025-10-17T08:53:30","slug":"master-universitario-en-estudios-historicos-avanzados","status":"publish","type":"page","link":"https:\/\/departamento.us.es\/dhantigua\/?page_id=45","title":{"rendered":"M\u00e1ster Universitario en Estudios Hist\u00f3ricos Avanzados"},"content":{"rendered":"\n<p><a href=\"https:\/\/geografiaehistoria.us.es\/estudios\/masteres\/master-en-estudios-historicos-avanzados\">P\u00c1GINA WEB<\/a><\/p>\n\n\n\n<p><a href=\"https:\/\/www.us.es\/estudiar\/que-estudiar\/oferta-de-masteres\/master-universitario-en-estudios-historicos-avanzados\">PRESENTACI\u00d3N Y GU\u00cdA<\/a><\/p>\n\n\n\n<p><strong>CURSO 2025-26<\/strong><\/p>\n\n\n\n<p><a href=\"https:\/\/geografiaehistoria.us.es\/sites\/geografiaehistoria\/files\/Horarios\/MASTER\/MEHA%20Antigua%202025-2026.pdf\">HORARIOS ITINERARIO DE HISTORIA ANTIGUA<\/a><\/p>\n\n\n\n<p><strong>PROGRAMAS DE ASIGNATURAS<\/strong><\/p>\n\n\n\n<p><a href=\"https:\/\/alojawebapps.us.es\/centrosdptos\/titulaciones\/asignatura.php?codasig=51350005\">Fuentes e Historiograf\u00eda Relativas a la Historia Antigua<\/a><\/p>\n\n\n\n<p><a href=\"https:\/\/www.us.es\/estudiar\/que-estudiar\/oferta-de-masteres\/master-universitario-en-estudios-historicos-avanzados\/51350028\">M\u00e9todos de Trabajo en el Estudio e Investigaci\u00f3n Hist\u00f3rica<\/a><\/p>\n\n\n\n<p><a href=\"https:\/\/www.us.es\/estudiar\/que-estudiar\/oferta-de-masteres\/master-universitario-en-estudios-historicos-avanzados\/51350021\">Instituciones del Antiguo Oriente<\/a><\/p>\n\n\n\n<p><a href=\"https:\/\/www.us.es\/estudiar\/que-estudiar\/oferta-de-masteres\/master-universitario-en-estudios-historicos-avanzados\/51350019\">Instituciones de Roma I: De la formaci\u00f3n de la ciudad a la Rep\u00fablica imperial<\/a><\/p>\n\n\n\n<p><a href=\"https:\/\/www.us.es\/estudiar\/que-estudiar\/oferta-de-masteres\/master-universitario-en-estudios-historicos-avanzados\/51350017\">Instituciones de Grecia I: Desde los or\u00edgenes a la \u00c9poca Arcaica<\/a><\/p>\n\n\n\n<p><a href=\"https:\/\/alojawebapps.us.es\/centrosdptos\/titulaciones\/asignatura.php?codasig=51350022\">La Antig\u00fcedad Tard\u00eda<\/a><\/p>\n\n\n\n<p><a href=\"https:\/\/www.us.es\/estudiar\/que-estudiar\/oferta-de-masteres\/master-universitario-en-estudios-historicos-avanzados\/51350018\">Instituciones de Grecia II: De la ciudad cl\u00e1sica al estado universal helen\u00edstico<\/a><\/p>\n\n\n\n<p><a href=\"https:\/\/www.us.es\/estudiar\/que-estudiar\/oferta-de-masteres\/master-universitario-en-estudios-historicos-avanzados\/51350020\">Instituciones de Roma II: El Imperio romano<\/a><\/p>\n\n\n\n<p><a href=\"https:\/\/www.us.es\/estudiar\/que-estudiar\/oferta-de-masteres\/master-universitario-en-estudios-historicos-avanzados\/51350035\">Egiptolog\u00eda<\/a><\/p>\n\n\n\n<p><a href=\"https:\/\/www.us.es\/estudiar\/que-estudiar\/oferta-de-masteres\/master-universitario-en-estudios-historicos-avanzados\/51350043\">La provincia romana de la B\u00e9tica<\/a><\/p>\n\n\n\n<p><a href=\"https:\/\/www.us.es\/estudiar\/que-estudiar\/oferta-de-masteres\/master-universitario-en-estudios-historicos-avanzados\/51350036\">Epigraf\u00eda<\/a><\/p>\n\n\n\n<p><strong>OPTATIVAS<\/strong><\/p>\n\n\n\n<p><a href=\"https:\/\/www.us.es\/estudiar\/que-estudiar\/oferta-de-masteres\/master-universitario-en-estudios-historicos-avanzados\/51350041\">Ideolog\u00eda y pensamiento en la Antig\u00fcedad<\/a><\/p>\n\n\n\n<p><a href=\"https:\/\/www.us.es\/estudiar\/que-estudiar\/oferta-de-masteres\/master-universitario-en-estudios-historicos-avanzados\/51350031\">Arqueolog\u00eda de las ciudades del Mundo Cl\u00e1sico<\/a><\/p>\n\n\n\n<p><a href=\"https:\/\/www.us.es\/estudiar\/que-estudiar\/oferta-de-masteres\/master-universitario-en-estudios-historicos-avanzados\/51350044\">Las minor\u00edas \u00e9tnico-religiosas en la Espa\u00f1a Medieval<\/a><\/p>\n\n\n\n<p><a href=\"https:\/\/www.us.es\/estudiar\/que-estudiar\/oferta-de-masteres\/master-universitario-en-estudios-historicos-avanzados\/51350033\">Diplom\u00e1tica<\/a><\/p>\n\n\n\n<p><a href=\"https:\/\/www.us.es\/estudiar\/que-estudiar\/oferta-de-masteres\/master-universitario-en-estudios-historicos-avanzados\/51350032\">Cultura material y vida cotidiana en el Antiguo R\u00e9gimen<\/a><\/p>\n\n\n\n<p><a href=\"https:\/\/www.us.es\/estudiar\/que-estudiar\/oferta-de-masteres\/master-universitario-en-estudios-historicos-avanzados\/51350037\">Espa\u00f1a y la construcci\u00f3n europea en la Edad Contempor\u00e1nea<\/a><\/p>\n\n\n\n<p><a href=\"https:\/\/www.us.es\/estudiar\/que-estudiar\/oferta-de-masteres\/master-universitario-en-estudios-historicos-avanzados\/51350038\">Historia de Am\u00e9rica y el mundo durante los siglos XX y XXI<\/a><\/p>\n\n\n\n<p><\/p>\n","protected":false},"excerpt":{"rendered":"<p>P\u00c1GINA WEB PRESENTACI\u00d3N Y GU\u00cdA CURSO 2025-26 HORARIOS ITINERARIO DE HISTORIA ANTIGUA PROGRAMAS DE ASIGNATURAS Fuentes e Historiograf\u00eda Relativas a la Historia Antigua M\u00e9todos de Trabajo en el Estudio e Investigaci\u00f3n Hist\u00f3rica Instituciones del Antiguo Oriente Instituciones de Roma I: De la formaci\u00f3n de la ciudad a la Rep\u00fablica imperial Instituciones de Grecia I: Desde [&hellip;]<\/p>\n","protected":false},"author":1,"featured_media":0,"parent":0,"menu_order":0,"comment_status":"closed","ping_status":"closed","template":"","meta":{"footnotes":""},"class_list":["post-45","page","type-page","status-publish","hentry"],"_links":{"self":[{"href":"https:\/\/departamento.us.es\/dhantigua\/index.php?rest_route=\/wp\/v2\/pages\/45","targetHints":{"allow":["GET"]}}],"collection":[{"href":"https:\/\/departamento.us.es\/dhantigua\/index.php?rest_route=\/wp\/v2\/pages"}],"about":[{"href":"https:\/\/departamento.us.es\/dhantigua\/index.php?rest_route=\/wp\/v2\/types\/page"}],"author":[{"embeddable":true,"href":"https:\/\/departamento.us.es\/dhantigua\/index.php?rest_route=\/wp\/v2\/users\/1"}],"replies":[{"embeddable":true,"href":"https:\/\/departamento.us.es\/dhantigua\/index.php?rest_route=%2Fwp%2Fv2%2Fcomments&post=45"}],"version-history":[{"count":13,"href":"https:\/\/departamento.us.es\/dhantigua\/index.php?rest_route=\/wp\/v2\/pages\/45\/revisions"}],"predecessor-version":[{"id":220,"href":"https:\/\/departamento.us.es\/dhantigua\/index.php?rest_route=\/wp\/v2\/pages\/45\/revisions\/220"}],"wp:attachment":[{"href":"https:\/\/departamento.us.es\/dhantigua\/index.php?rest_route=%2Fwp%2Fv2%2Fmedia&parent=45"}],"curies":[{"name":"wp","href":"https:\/\/api.w.org\/{rel}","templated":true}]}}