{"id":57,"date":"2025-05-13T10:14:46","date_gmt":"2025-05-13T08:14:46","guid":{"rendered":"https:\/\/departamento.us.es\/testdhantigua\/?page_id=57"},"modified":"2025-05-16T09:27:54","modified_gmt":"2025-05-16T07:27:54","slug":"presentacion","status":"publish","type":"page","link":"https:\/\/departamento.us.es\/dhantigua\/?page_id=57","title":{"rendered":"Presentaci\u00f3n"},"content":{"rendered":"\n<p>La Biblioteca del Departamento de Historia Antigua ofrece un conjunto de fondos especializados de monograf\u00edas (m\u00e1s de 15.000) y revistas (158) sobre muy diferentes aspectos del Mundo Antiguo. En ella se guardan las obras que el profesorado utiliza para sus labores de docencia e investigaci\u00f3n, aunque destaca especialmente por su excepcional fondo sobre el Antiguo Egipto (ss. XIX-XX). Se encuentra situada en las dependencias del Departamento y est\u00e1 atendida por personal especializado (becario de biblioteca). La gesti\u00f3n de la Biblioteca, especialmente en lo relativo a la coordinaci\u00f3n de las adquisiciones, se realiza a trav\u00e9s de la Comisi\u00f3n de Biblioteca del Departamento.<\/p>\n\n\n\n<p>La Biblioteca dispone de un ordenador de uso exclusivo para la consulta del Cat\u00e1logo Fama y de dos lectores de microfichas, dado que un importante n\u00famero de obras, especialmente revistas antiguas, se encuentra en este formato. Todos los fondos de esta biblioteca est\u00e1n disponibles en l\u00ednea a trav\u00e9s del cat\u00e1logo Fama, de la Universidad de Sevilla. La ordenaci\u00f3n se ha establecido a trav\u00e9s del sistema de la C.D.U. adaptada: la signatura refleja la C.D.U. abreviada seguida de las tres primeras letras del apellido del autor (may\u00fascula) y de las tres primeras letras del t\u00edtulo (min\u00fascula), con algunas excepciones. Debido a la escasez de espacio, las publicaciones peri\u00f3dicas se encuentran alojadas en un espacio aparte del dep\u00f3sito general, por lo que el acceso a las mismas no es inmediato, requiri\u00e9ndose una solicitud previa al bibliotecario.<\/p>\n\n\n\n<p>Las adquisiciones de la Biblioteca del Departamento de Historia Antigua se realizan siguiendo dos procedimientos diferentes: bien a cargo del presupuesto general del Departamento, bien por cuenta de los grupos de investigaci\u00f3n.<\/p>\n\n\n\n<p><\/p>\n","protected":false},"excerpt":{"rendered":"<p>La Biblioteca del Departamento de Historia Antigua ofrece un conjunto de fondos especializados de monograf\u00edas (m\u00e1s de 15.000) y revistas (158) sobre muy diferentes aspectos del Mundo Antiguo. En ella se guardan las obras que el profesorado utiliza para sus labores de docencia e investigaci\u00f3n, aunque destaca especialmente por su excepcional fondo sobre el Antiguo [&hellip;]<\/p>\n","protected":false},"author":1,"featured_media":0,"parent":0,"menu_order":0,"comment_status":"closed","ping_status":"closed","template":"","meta":{"footnotes":""},"class_list":["post-57","page","type-page","status-publish","hentry"],"_links":{"self":[{"href":"https:\/\/departamento.us.es\/dhantigua\/index.php?rest_route=\/wp\/v2\/pages\/57","targetHints":{"allow":["GET"]}}],"collection":[{"href":"https:\/\/departamento.us.es\/dhantigua\/index.php?rest_route=\/wp\/v2\/pages"}],"about":[{"href":"https:\/\/departamento.us.es\/dhantigua\/index.php?rest_route=\/wp\/v2\/types\/page"}],"author":[{"embeddable":true,"href":"https:\/\/departamento.us.es\/dhantigua\/index.php?rest_route=\/wp\/v2\/users\/1"}],"replies":[{"embeddable":true,"href":"https:\/\/departamento.us.es\/dhantigua\/index.php?rest_route=%2Fwp%2Fv2%2Fcomments&post=57"}],"version-history":[{"count":3,"href":"https:\/\/departamento.us.es\/dhantigua\/index.php?rest_route=\/wp\/v2\/pages\/57\/revisions"}],"predecessor-version":[{"id":144,"href":"https:\/\/departamento.us.es\/dhantigua\/index.php?rest_route=\/wp\/v2\/pages\/57\/revisions\/144"}],"wp:attachment":[{"href":"https:\/\/departamento.us.es\/dhantigua\/index.php?rest_route=%2Fwp%2Fv2%2Fmedia&parent=57"}],"curies":[{"name":"wp","href":"https:\/\/api.w.org\/{rel}","templated":true}]}}