{"id":117,"date":"2014-10-13T08:33:36","date_gmt":"2014-10-13T08:33:36","guid":{"rendered":"http:\/\/departamento.us.es\/diqaus\/?page_id=117"},"modified":"2024-09-09T07:03:41","modified_gmt":"2024-09-09T07:03:41","slug":"control-contaminacion-atmosferica","status":"publish","type":"page","link":"https:\/\/departamento.us.es\/diqaus\/investigacion\/lineas-de-investigacion\/control-contaminacion-atmosferica\/","title":{"rendered":"Control contaminaci\u00f3n atmosf\u00e9rica"},"content":{"rendered":"<div id=\"attachment_98\" style=\"width: 310px\" class=\"wp-caption alignright\"><img loading=\"lazy\" decoding=\"async\" aria-describedby=\"caption-attachment-98\" class=\"wp-image-98 size-medium\" src=\"https:\/\/departamento.us.es\/diqaus\/wp-content\/themes\/diqaus\/media\/img\/lineas\/filtracion-gases-calientes.jpg\" alt=\"Planta piloto de filtraci\u00f3n de gases calientes del Departamento de Ingenier\u00eda Qu\u00edmica y Ambiental\" width=\"300\" height=\"419\" \/><p id=\"caption-attachment-98\" class=\"wp-caption-text\">Planta piloto de filtraci\u00f3n de gases calientes del Departamento de Ingenier\u00eda Qu\u00edmica y Ambiental<\/p><\/div>\n<h3>Control de la contaminaci\u00f3n atmosf\u00e9rica y captura de CO2 en grandes instalaciones de combusti\u00f3n<\/h3>\n<p>Actualmente, una de las mayores amenazas para el medio ambiente proviene de las emisiones de ciertos contaminantes liberados a la atm\u00f3sfera por uso de los combustibles f\u00f3siles en la industria. La legislaci\u00f3n vigente pretende minimizar el impacto que producen estos procesos, regulando las emisiones de las grandes instalaciones de combusti\u00f3n, lo que suponen amplios beneficios tanto a nivel econ\u00f3mico como medioambiental. En este sentido, esta l\u00ednea de investigaci\u00f3n cuenta con m\u00e1s de 25 a\u00f1os de experiencia en el desarrollo y optimizaci\u00f3n de proceso, modelizaciones, dise\u00f1o, montaje y operaci\u00f3n de instalaciones experimentales, a peque\u00f1a y media escala, para la eliminaci\u00f3n de contaminantes gaseosos, tales como part\u00edculas, SO2, NOx y CO2.<\/p>\n<p>A d\u00eda de hoy, este grupo se ha centrado en el estudio de nuevas tecnolog\u00edas de depuraci\u00f3n basadas en plasma no t\u00e9rmico, filtraci\u00f3n de gases a elevada temperatura y proceso de absorci\u00f3n qu\u00edmica regenerativa.<\/p>\n<p><strong>Personal Participante:<\/strong> <a href=\"https:\/\/departamento.us.es\/diqaus\/personal\/#ollero-de-castro\">Dr. Pedro Ollero de Castro<\/a>, <a href=\"https:\/\/departamento.us.es\/diqaus\/personal\/#navarrete-rubia\">Dr. Benito Navarrete<\/a>, <a , <a href=\"https:\/\/departamento.us.es\/diqaus\/personal\/#vidal-barrero\">Dr. Fernando Vidal Barrero<\/a>, <a href=\"https:\/\/departamento.us.es\/diqaus\/personal\/#gutierrez-ortiz\">Dr Francisco Javier Guti\u00e9rrez Ortiz<\/a>, <a href=\"https:\/\/departamento.us.es\/diqaus\/personal\/#villanueva-perales\">Dr. \u00c1ngel L Villanueva Perales<\/a><br \/>\n<strong>Persona de contacto:<\/strong>\u00a0<a href=\"https:\/\/departamento.us.es\/diqaus\/personal\/#vidal-barrero\">Dr. Fernando Vidal Barrero<\/a>,\u00a0<a href=\"https:\/\/departamento.us.es\/diqaus\/personal\/#navarrete-rubia\">Dr. Benito Navarrete<\/a><\/p>\n","protected":false},"excerpt":{"rendered":"<p>Control de la contaminaci\u00f3n atmosf\u00e9rica y captura de CO2 en grandes instalaciones de combusti\u00f3n Actualmente, una de las mayores amenazas para el medio ambiente proviene de las emisiones de ciertos contaminantes liberados a la atm\u00f3sfera por uso de los combustibles f\u00f3siles en la industria. La legislaci\u00f3n vigente pretende minimizar el impacto que producen estos procesos, [&hellip;]<\/p>\n","protected":false},"author":1,"featured_media":0,"parent":52,"menu_order":0,"comment_status":"open","ping_status":"open","template":"","meta":{"footnotes":""},"class_list":["post-117","page","type-page","status-publish","hentry"],"yoast_head":"<!-- This site is optimized with the Yoast SEO plugin v27.1.1 - https:\/\/yoast.com\/product\/yoast-seo-wordpress\/ -->\n<title>Control contaminaci\u00f3n atmosf\u00e9rica - Departamento Ingenier\u00eda Qu\u00edmica y Ambiental US<\/title>\n<meta name=\"robots\" content=\"index, follow, max-snippet:-1, max-image-preview:large, max-video-preview:-1\" \/>\n<link rel=\"canonical\" href=\"https:\/\/departamento.us.es\/diqaus\/investigacion\/lineas-de-investigacion\/control-contaminacion-atmosferica\/\" \/>\n<meta property=\"og:locale\" content=\"es_ES\" \/>\n<meta property=\"og:type\" content=\"article\" \/>\n<meta property=\"og:title\" content=\"Control contaminaci\u00f3n atmosf\u00e9rica - Departamento Ingenier\u00eda Qu\u00edmica y Ambiental US\" \/>\n<meta property=\"og:description\" content=\"Control de la contaminaci\u00f3n atmosf\u00e9rica y captura de CO2 en grandes instalaciones de combusti\u00f3n Actualmente, una de las mayores amenazas para el medio ambiente proviene de las emisiones de ciertos contaminantes liberados a la atm\u00f3sfera por uso de los combustibles f\u00f3siles en la industria. La legislaci\u00f3n vigente pretende minimizar el impacto que producen estos procesos, [&hellip;]\" \/>\n<meta property=\"og:url\" content=\"https:\/\/departamento.us.es\/diqaus\/investigacion\/lineas-de-investigacion\/control-contaminacion-atmosferica\/\" \/>\n<meta property=\"og:site_name\" content=\"Departamento Ingenier\u00eda Qu\u00edmica y Ambiental US\" \/>\n<meta property=\"article:modified_time\" content=\"2024-09-09T07:03:41+00:00\" \/>\n<meta property=\"og:image\" content=\"https:\/\/departamento.us.es\/diqaus\/wp-content\/themes\/diqaus\/media\/img\/lineas\/filtracion-gases-calientes.jpg\" \/>\n<meta name=\"twitter:card\" content=\"summary_large_image\" \/>\n<meta name=\"twitter:label1\" content=\"Tiempo de lectura\" \/>\n\t<meta name=\"twitter:data1\" content=\"2 minutos\" \/>\n<script type=\"application\/ld+json\" class=\"yoast-schema-graph\">{\"@context\":\"https:\/\/schema.org\",\"@graph\":[{\"@type\":\"WebPage\",\"@id\":\"https:\/\/departamento.us.es\/diqaus\/investigacion\/lineas-de-investigacion\/control-contaminacion-atmosferica\/\",\"url\":\"https:\/\/departamento.us.es\/diqaus\/investigacion\/lineas-de-investigacion\/control-contaminacion-atmosferica\/\",\"name\":\"Control contaminaci\u00f3n atmosf\u00e9rica - Departamento Ingenier\u00eda Qu\u00edmica y Ambiental US\",\"isPartOf\":{\"@id\":\"https:\/\/departamento.us.es\/diqaus\/#website\"},\"primaryImageOfPage\":{\"@id\":\"https:\/\/departamento.us.es\/diqaus\/investigacion\/lineas-de-investigacion\/control-contaminacion-atmosferica\/#primaryimage\"},\"image\":{\"@id\":\"https:\/\/departamento.us.es\/diqaus\/investigacion\/lineas-de-investigacion\/control-contaminacion-atmosferica\/#primaryimage\"},\"thumbnailUrl\":\"https:\/\/departamento.us.es\/diqaus\/wp-content\/themes\/diqaus\/media\/img\/lineas\/filtracion-gases-calientes.jpg\",\"datePublished\":\"2014-10-13T08:33:36+00:00\",\"dateModified\":\"2024-09-09T07:03:41+00:00\",\"breadcrumb\":{\"@id\":\"https:\/\/departamento.us.es\/diqaus\/investigacion\/lineas-de-investigacion\/control-contaminacion-atmosferica\/#breadcrumb\"},\"inLanguage\":\"es\",\"potentialAction\":[{\"@type\":\"ReadAction\",\"target\":[\"https:\/\/departamento.us.es\/diqaus\/investigacion\/lineas-de-investigacion\/control-contaminacion-atmosferica\/\"]}]},{\"@type\":\"ImageObject\",\"inLanguage\":\"es\",\"@id\":\"https:\/\/departamento.us.es\/diqaus\/investigacion\/lineas-de-investigacion\/control-contaminacion-atmosferica\/#primaryimage\",\"url\":\"https:\/\/departamento.us.es\/diqaus\/wp-content\/themes\/diqaus\/media\/img\/lineas\/filtracion-gases-calientes.jpg\",\"contentUrl\":\"https:\/\/departamento.us.es\/diqaus\/wp-content\/themes\/diqaus\/media\/img\/lineas\/filtracion-gases-calientes.jpg\"},{\"@type\":\"BreadcrumbList\",\"@id\":\"https:\/\/departamento.us.es\/diqaus\/investigacion\/lineas-de-investigacion\/control-contaminacion-atmosferica\/#breadcrumb\",\"itemListElement\":[{\"@type\":\"ListItem\",\"position\":1,\"name\":\"Portada\",\"item\":\"https:\/\/departamento.us.es\/diqaus\/\"},{\"@type\":\"ListItem\",\"position\":2,\"name\":\"Investigaci\u00f3n\",\"item\":\"https:\/\/departamento.us.es\/diqaus\/investigacion\/\"},{\"@type\":\"ListItem\",\"position\":3,\"name\":\"L\u00edneas de investigaci\u00f3n\",\"item\":\"https:\/\/departamento.us.es\/diqaus\/investigacion\/lineas-de-investigacion\/\"},{\"@type\":\"ListItem\",\"position\":4,\"name\":\"Control contaminaci\u00f3n atmosf\u00e9rica\"}]},{\"@type\":\"WebSite\",\"@id\":\"https:\/\/departamento.us.es\/diqaus\/#website\",\"url\":\"https:\/\/departamento.us.es\/diqaus\/\",\"name\":\"Departamento Ingenier\u00eda Qu\u00edmica y Ambiental US\",\"description\":\"Web del Departamento de Ingenier\u00eda Qu\u00edmica y Ambiental de la Universidad de Sevilla. Informaci\u00f3n sobre los estudios de Grado, Masters, l\u00edneas de investigaci\u00f3n y salidas laborales.\",\"publisher\":{\"@id\":\"https:\/\/departamento.us.es\/diqaus\/#organization\"},\"potentialAction\":[{\"@type\":\"SearchAction\",\"target\":{\"@type\":\"EntryPoint\",\"urlTemplate\":\"https:\/\/departamento.us.es\/diqaus\/?s={search_term_string}\"},\"query-input\":{\"@type\":\"PropertyValueSpecification\",\"valueRequired\":true,\"valueName\":\"search_term_string\"}}],\"inLanguage\":\"es\"},{\"@type\":\"Organization\",\"@id\":\"https:\/\/departamento.us.es\/diqaus\/#organization\",\"name\":\"Departamento de Ingenier\u00eda Qu\u00edmica y Ambiental US\",\"url\":\"https:\/\/departamento.us.es\/diqaus\/\",\"logo\":{\"@type\":\"ImageObject\",\"inLanguage\":\"es\",\"@id\":\"https:\/\/departamento.us.es\/diqaus\/#\/schema\/logo\/image\/\",\"url\":\"https:\/\/departamento.us.es\/diqaus\/wp-content\/uploads\/2021\/11\/logo-departamento-ingenieria-quimica-ambiental-us-e1637856642858.png\",\"contentUrl\":\"https:\/\/departamento.us.es\/diqaus\/wp-content\/uploads\/2021\/11\/logo-departamento-ingenieria-quimica-ambiental-us-e1637856642858.png\",\"width\":126,\"height\":127,\"caption\":\"Departamento de Ingenier\u00eda Qu\u00edmica y Ambiental US\"},\"image\":{\"@id\":\"https:\/\/departamento.us.es\/diqaus\/#\/schema\/logo\/image\/\"}}]}<\/script>\n<!-- \/ Yoast SEO plugin. -->","yoast_head_json":{"title":"Control contaminaci\u00f3n atmosf\u00e9rica - Departamento Ingenier\u00eda Qu\u00edmica y Ambiental US","robots":{"index":"index","follow":"follow","max-snippet":"max-snippet:-1","max-image-preview":"max-image-preview:large","max-video-preview":"max-video-preview:-1"},"canonical":"https:\/\/departamento.us.es\/diqaus\/investigacion\/lineas-de-investigacion\/control-contaminacion-atmosferica\/","og_locale":"es_ES","og_type":"article","og_title":"Control contaminaci\u00f3n atmosf\u00e9rica - Departamento Ingenier\u00eda Qu\u00edmica y Ambiental US","og_description":"Control de la contaminaci\u00f3n atmosf\u00e9rica y captura de CO2 en grandes instalaciones de combusti\u00f3n Actualmente, una de las mayores amenazas para el medio ambiente proviene de las emisiones de ciertos contaminantes liberados a la atm\u00f3sfera por uso de los combustibles f\u00f3siles en la industria. La legislaci\u00f3n vigente pretende minimizar el impacto que producen estos procesos, [&hellip;]","og_url":"https:\/\/departamento.us.es\/diqaus\/investigacion\/lineas-de-investigacion\/control-contaminacion-atmosferica\/","og_site_name":"Departamento Ingenier\u00eda Qu\u00edmica y Ambiental US","article_modified_time":"2024-09-09T07:03:41+00:00","og_image":[{"url":"https:\/\/departamento.us.es\/diqaus\/wp-content\/themes\/diqaus\/media\/img\/lineas\/filtracion-gases-calientes.jpg","type":"","width":"","height":""}],"twitter_card":"summary_large_image","twitter_misc":{"Tiempo de lectura":"2 minutos"},"schema":{"@context":"https:\/\/schema.org","@graph":[{"@type":"WebPage","@id":"https:\/\/departamento.us.es\/diqaus\/investigacion\/lineas-de-investigacion\/control-contaminacion-atmosferica\/","url":"https:\/\/departamento.us.es\/diqaus\/investigacion\/lineas-de-investigacion\/control-contaminacion-atmosferica\/","name":"Control contaminaci\u00f3n atmosf\u00e9rica - Departamento Ingenier\u00eda Qu\u00edmica y Ambiental US","isPartOf":{"@id":"https:\/\/departamento.us.es\/diqaus\/#website"},"primaryImageOfPage":{"@id":"https:\/\/departamento.us.es\/diqaus\/investigacion\/lineas-de-investigacion\/control-contaminacion-atmosferica\/#primaryimage"},"image":{"@id":"https:\/\/departamento.us.es\/diqaus\/investigacion\/lineas-de-investigacion\/control-contaminacion-atmosferica\/#primaryimage"},"thumbnailUrl":"https:\/\/departamento.us.es\/diqaus\/wp-content\/themes\/diqaus\/media\/img\/lineas\/filtracion-gases-calientes.jpg","datePublished":"2014-10-13T08:33:36+00:00","dateModified":"2024-09-09T07:03:41+00:00","breadcrumb":{"@id":"https:\/\/departamento.us.es\/diqaus\/investigacion\/lineas-de-investigacion\/control-contaminacion-atmosferica\/#breadcrumb"},"inLanguage":"es","potentialAction":[{"@type":"ReadAction","target":["https:\/\/departamento.us.es\/diqaus\/investigacion\/lineas-de-investigacion\/control-contaminacion-atmosferica\/"]}]},{"@type":"ImageObject","inLanguage":"es","@id":"https:\/\/departamento.us.es\/diqaus\/investigacion\/lineas-de-investigacion\/control-contaminacion-atmosferica\/#primaryimage","url":"https:\/\/departamento.us.es\/diqaus\/wp-content\/themes\/diqaus\/media\/img\/lineas\/filtracion-gases-calientes.jpg","contentUrl":"https:\/\/departamento.us.es\/diqaus\/wp-content\/themes\/diqaus\/media\/img\/lineas\/filtracion-gases-calientes.jpg"},{"@type":"BreadcrumbList","@id":"https:\/\/departamento.us.es\/diqaus\/investigacion\/lineas-de-investigacion\/control-contaminacion-atmosferica\/#breadcrumb","itemListElement":[{"@type":"ListItem","position":1,"name":"Portada","item":"https:\/\/departamento.us.es\/diqaus\/"},{"@type":"ListItem","position":2,"name":"Investigaci\u00f3n","item":"https:\/\/departamento.us.es\/diqaus\/investigacion\/"},{"@type":"ListItem","position":3,"name":"L\u00edneas de investigaci\u00f3n","item":"https:\/\/departamento.us.es\/diqaus\/investigacion\/lineas-de-investigacion\/"},{"@type":"ListItem","position":4,"name":"Control contaminaci\u00f3n atmosf\u00e9rica"}]},{"@type":"WebSite","@id":"https:\/\/departamento.us.es\/diqaus\/#website","url":"https:\/\/departamento.us.es\/diqaus\/","name":"Departamento Ingenier\u00eda Qu\u00edmica y Ambiental US","description":"Web del Departamento de Ingenier\u00eda Qu\u00edmica y Ambiental de la Universidad de Sevilla. Informaci\u00f3n sobre los estudios de Grado, Masters, l\u00edneas de investigaci\u00f3n y salidas laborales.","publisher":{"@id":"https:\/\/departamento.us.es\/diqaus\/#organization"},"potentialAction":[{"@type":"SearchAction","target":{"@type":"EntryPoint","urlTemplate":"https:\/\/departamento.us.es\/diqaus\/?s={search_term_string}"},"query-input":{"@type":"PropertyValueSpecification","valueRequired":true,"valueName":"search_term_string"}}],"inLanguage":"es"},{"@type":"Organization","@id":"https:\/\/departamento.us.es\/diqaus\/#organization","name":"Departamento de Ingenier\u00eda Qu\u00edmica y Ambiental US","url":"https:\/\/departamento.us.es\/diqaus\/","logo":{"@type":"ImageObject","inLanguage":"es","@id":"https:\/\/departamento.us.es\/diqaus\/#\/schema\/logo\/image\/","url":"https:\/\/departamento.us.es\/diqaus\/wp-content\/uploads\/2021\/11\/logo-departamento-ingenieria-quimica-ambiental-us-e1637856642858.png","contentUrl":"https:\/\/departamento.us.es\/diqaus\/wp-content\/uploads\/2021\/11\/logo-departamento-ingenieria-quimica-ambiental-us-e1637856642858.png","width":126,"height":127,"caption":"Departamento de Ingenier\u00eda Qu\u00edmica y Ambiental US"},"image":{"@id":"https:\/\/departamento.us.es\/diqaus\/#\/schema\/logo\/image\/"}}]}},"_links":{"self":[{"href":"https:\/\/departamento.us.es\/diqaus\/wp-json\/wp\/v2\/pages\/117","targetHints":{"allow":["GET"]}}],"collection":[{"href":"https:\/\/departamento.us.es\/diqaus\/wp-json\/wp\/v2\/pages"}],"about":[{"href":"https:\/\/departamento.us.es\/diqaus\/wp-json\/wp\/v2\/types\/page"}],"author":[{"embeddable":true,"href":"https:\/\/departamento.us.es\/diqaus\/wp-json\/wp\/v2\/users\/1"}],"replies":[{"embeddable":true,"href":"https:\/\/departamento.us.es\/diqaus\/wp-json\/wp\/v2\/comments?post=117"}],"version-history":[{"count":3,"href":"https:\/\/departamento.us.es\/diqaus\/wp-json\/wp\/v2\/pages\/117\/revisions"}],"predecessor-version":[{"id":1924,"href":"https:\/\/departamento.us.es\/diqaus\/wp-json\/wp\/v2\/pages\/117\/revisions\/1924"}],"up":[{"embeddable":true,"href":"https:\/\/departamento.us.es\/diqaus\/wp-json\/wp\/v2\/pages\/52"}],"wp:attachment":[{"href":"https:\/\/departamento.us.es\/diqaus\/wp-json\/wp\/v2\/media?parent=117"}],"curies":[{"name":"wp","href":"https:\/\/api.w.org\/{rel}","templated":true}]}}