{"id":119,"date":"2014-10-13T08:35:39","date_gmt":"2014-10-13T08:35:39","guid":{"rendered":"http:\/\/departamento.us.es\/diqaus\/?page_id=119"},"modified":"2024-09-09T06:57:55","modified_gmt":"2024-09-09T06:57:55","slug":"conversion-termoquimica-de-combustibles","status":"publish","type":"page","link":"https:\/\/departamento.us.es\/diqaus\/investigacion\/lineas-de-investigacion\/conversion-termoquimica-de-combustibles\/","title":{"rendered":"Conversi\u00f3n termoqu\u00edmica de combustibles"},"content":{"rendered":"<h3>Conversi\u00f3n termoqu\u00edmica de combustibles (biomasa, residuos y carb\u00f3n)<\/h3>\n<p><img decoding=\"async\" class=\"alignright\" src=\"https:\/\/departamento.us.es\/diqaus\/wp-content\/themes\/diqaus\/media\/img\/lineas\/conversion-termoquimica-combustibles.jpg\" alt=\"Conversi\u00f3n termoqu\u00edmica de combustibles\" \/><br \/>\nEsta l\u00ednea de investigaci\u00f3n se centra en la conversi\u00f3n termoqu\u00edmica de combustibles a diferentes productos como calor, electricidad u otros vectores energ\u00e9ticos de particular inter\u00e9s en nuestra sociedad como biocarburantes o bioqu\u00edmicos. La investigaci\u00f3n fundamental incluye el an\u00e1lisis detallado de los procesos f\u00edsico-qu\u00edmicos que ayudan al dise\u00f1o y optimizaci\u00f3n de equipos y plantas de conversi\u00f3n, incluyendo el tratamiento de los contaminantes. Este enfoque permite maximizar el aprovechamiento de la energ\u00eda contenida en los combustibles, minimizando el coste econ\u00f3mico de su explotaci\u00f3n y la generaci\u00f3n de contaminantes.<br \/>\nComo principales logros de esta l\u00ednea en la \u00faltima d\u00e9cada destacan la puesta a punto de modelos para el an\u00e1lisis de gasificadores de lecho fluidizado, el dise\u00f1o de oxi-conversores en lecho fluidizado o la propuesta de nuevos conceptos alternativos de gasificadores para producci\u00f3n \u00f3ptima de electricidad distribuida a partir de residuos y biomasa en planta de peque\u00f1a o mediana escala.<\/p>\n<p><strong>Personal Participante:<\/strong> <a href=\"https:\/\/departamento.us.es\/diqaus\/personal\/#gomez-barea\">Dr. Alberto G\u00f3mez Barea<\/a>, <a href=\"https:\/\/departamento.us.es\/diqaus\/personal\/#campoy-naranjo\">Dr. Manuel Campoy Naranjo<\/a>, <a href=\"https:\/\/departamento.us.es\/diqaus\/personal\/#susanna-nilsson\">Dra Susanna Nilsson<\/a>, <a href=\"https:\/\/departamento.us.es\/diqaus\/personal\/#fuentes-cano\">Dr. Diego Fuentes<\/a>, <a href=\"https:\/\/departamento.us.es\/diqaus\/personal\/#ronda-galvez\">Dra. Alicia Ronda G\u00e1lvez<\/a><br \/>\n<strong>Persona de contacto:<\/strong>\u00a0<a href=\"https:\/\/departamento.us.es\/diqaus\/personal\/#vidal-barrerp\">Dr. Fernando Vidal Barrero <\/a><\/p>\n","protected":false},"excerpt":{"rendered":"<p>Conversi\u00f3n termoqu\u00edmica de combustibles (biomasa, residuos y carb\u00f3n) Esta l\u00ednea de investigaci\u00f3n se centra en la conversi\u00f3n termoqu\u00edmica de combustibles a diferentes productos como calor, electricidad u otros vectores energ\u00e9ticos de particular inter\u00e9s en nuestra sociedad como biocarburantes o bioqu\u00edmicos. La investigaci\u00f3n fundamental incluye el an\u00e1lisis detallado de los procesos f\u00edsico-qu\u00edmicos que ayudan al dise\u00f1o [&hellip;]<\/p>\n","protected":false},"author":1,"featured_media":0,"parent":52,"menu_order":0,"comment_status":"open","ping_status":"open","template":"","meta":{"footnotes":""},"class_list":["post-119","page","type-page","status-publish","hentry"],"yoast_head":"<!-- This site is optimized with the Yoast SEO plugin v27.1.1 - https:\/\/yoast.com\/product\/yoast-seo-wordpress\/ -->\n<title>Conversi\u00f3n termoqu\u00edmica de combustibles - Departamento Ingenier\u00eda Qu\u00edmica y Ambiental US<\/title>\n<meta name=\"robots\" content=\"index, follow, max-snippet:-1, max-image-preview:large, max-video-preview:-1\" \/>\n<link rel=\"canonical\" href=\"https:\/\/departamento.us.es\/diqaus\/investigacion\/lineas-de-investigacion\/conversion-termoquimica-de-combustibles\/\" \/>\n<meta property=\"og:locale\" content=\"es_ES\" \/>\n<meta property=\"og:type\" content=\"article\" \/>\n<meta property=\"og:title\" content=\"Conversi\u00f3n termoqu\u00edmica de combustibles - Departamento Ingenier\u00eda Qu\u00edmica y Ambiental US\" \/>\n<meta property=\"og:description\" content=\"Conversi\u00f3n termoqu\u00edmica de combustibles (biomasa, residuos y carb\u00f3n) Esta l\u00ednea de investigaci\u00f3n se centra en la conversi\u00f3n termoqu\u00edmica de combustibles a diferentes productos como calor, electricidad u otros vectores energ\u00e9ticos de particular inter\u00e9s en nuestra sociedad como biocarburantes o bioqu\u00edmicos. La investigaci\u00f3n fundamental incluye el an\u00e1lisis detallado de los procesos f\u00edsico-qu\u00edmicos que ayudan al dise\u00f1o [&hellip;]\" \/>\n<meta property=\"og:url\" content=\"https:\/\/departamento.us.es\/diqaus\/investigacion\/lineas-de-investigacion\/conversion-termoquimica-de-combustibles\/\" \/>\n<meta property=\"og:site_name\" content=\"Departamento Ingenier\u00eda Qu\u00edmica y Ambiental US\" \/>\n<meta property=\"article:modified_time\" content=\"2024-09-09T06:57:55+00:00\" \/>\n<meta property=\"og:image\" content=\"https:\/\/departamento.us.es\/diqaus\/wp-content\/themes\/diqaus\/media\/img\/lineas\/conversion-termoquimica-combustibles.jpg\" \/>\n<meta name=\"twitter:card\" content=\"summary_large_image\" \/>\n<meta name=\"twitter:label1\" content=\"Tiempo de lectura\" \/>\n\t<meta name=\"twitter:data1\" content=\"2 minutos\" \/>\n<script type=\"application\/ld+json\" class=\"yoast-schema-graph\">{\"@context\":\"https:\/\/schema.org\",\"@graph\":[{\"@type\":\"WebPage\",\"@id\":\"https:\/\/departamento.us.es\/diqaus\/investigacion\/lineas-de-investigacion\/conversion-termoquimica-de-combustibles\/\",\"url\":\"https:\/\/departamento.us.es\/diqaus\/investigacion\/lineas-de-investigacion\/conversion-termoquimica-de-combustibles\/\",\"name\":\"Conversi\u00f3n termoqu\u00edmica de combustibles - Departamento Ingenier\u00eda Qu\u00edmica y Ambiental US\",\"isPartOf\":{\"@id\":\"https:\/\/departamento.us.es\/diqaus\/#website\"},\"primaryImageOfPage\":{\"@id\":\"https:\/\/departamento.us.es\/diqaus\/investigacion\/lineas-de-investigacion\/conversion-termoquimica-de-combustibles\/#primaryimage\"},\"image\":{\"@id\":\"https:\/\/departamento.us.es\/diqaus\/investigacion\/lineas-de-investigacion\/conversion-termoquimica-de-combustibles\/#primaryimage\"},\"thumbnailUrl\":\"https:\/\/departamento.us.es\/diqaus\/wp-content\/themes\/diqaus\/media\/img\/lineas\/conversion-termoquimica-combustibles.jpg\",\"datePublished\":\"2014-10-13T08:35:39+00:00\",\"dateModified\":\"2024-09-09T06:57:55+00:00\",\"breadcrumb\":{\"@id\":\"https:\/\/departamento.us.es\/diqaus\/investigacion\/lineas-de-investigacion\/conversion-termoquimica-de-combustibles\/#breadcrumb\"},\"inLanguage\":\"es\",\"potentialAction\":[{\"@type\":\"ReadAction\",\"target\":[\"https:\/\/departamento.us.es\/diqaus\/investigacion\/lineas-de-investigacion\/conversion-termoquimica-de-combustibles\/\"]}]},{\"@type\":\"ImageObject\",\"inLanguage\":\"es\",\"@id\":\"https:\/\/departamento.us.es\/diqaus\/investigacion\/lineas-de-investigacion\/conversion-termoquimica-de-combustibles\/#primaryimage\",\"url\":\"https:\/\/departamento.us.es\/diqaus\/wp-content\/themes\/diqaus\/media\/img\/lineas\/conversion-termoquimica-combustibles.jpg\",\"contentUrl\":\"https:\/\/departamento.us.es\/diqaus\/wp-content\/themes\/diqaus\/media\/img\/lineas\/conversion-termoquimica-combustibles.jpg\"},{\"@type\":\"BreadcrumbList\",\"@id\":\"https:\/\/departamento.us.es\/diqaus\/investigacion\/lineas-de-investigacion\/conversion-termoquimica-de-combustibles\/#breadcrumb\",\"itemListElement\":[{\"@type\":\"ListItem\",\"position\":1,\"name\":\"Portada\",\"item\":\"https:\/\/departamento.us.es\/diqaus\/\"},{\"@type\":\"ListItem\",\"position\":2,\"name\":\"Investigaci\u00f3n\",\"item\":\"https:\/\/departamento.us.es\/diqaus\/investigacion\/\"},{\"@type\":\"ListItem\",\"position\":3,\"name\":\"L\u00edneas de investigaci\u00f3n\",\"item\":\"https:\/\/departamento.us.es\/diqaus\/investigacion\/lineas-de-investigacion\/\"},{\"@type\":\"ListItem\",\"position\":4,\"name\":\"Conversi\u00f3n termoqu\u00edmica de combustibles\"}]},{\"@type\":\"WebSite\",\"@id\":\"https:\/\/departamento.us.es\/diqaus\/#website\",\"url\":\"https:\/\/departamento.us.es\/diqaus\/\",\"name\":\"Departamento Ingenier\u00eda Qu\u00edmica y Ambiental US\",\"description\":\"Web del Departamento de Ingenier\u00eda Qu\u00edmica y Ambiental de la Universidad de Sevilla. Informaci\u00f3n sobre los estudios de Grado, Masters, l\u00edneas de investigaci\u00f3n y salidas laborales.\",\"publisher\":{\"@id\":\"https:\/\/departamento.us.es\/diqaus\/#organization\"},\"potentialAction\":[{\"@type\":\"SearchAction\",\"target\":{\"@type\":\"EntryPoint\",\"urlTemplate\":\"https:\/\/departamento.us.es\/diqaus\/?s={search_term_string}\"},\"query-input\":{\"@type\":\"PropertyValueSpecification\",\"valueRequired\":true,\"valueName\":\"search_term_string\"}}],\"inLanguage\":\"es\"},{\"@type\":\"Organization\",\"@id\":\"https:\/\/departamento.us.es\/diqaus\/#organization\",\"name\":\"Departamento de Ingenier\u00eda Qu\u00edmica y Ambiental US\",\"url\":\"https:\/\/departamento.us.es\/diqaus\/\",\"logo\":{\"@type\":\"ImageObject\",\"inLanguage\":\"es\",\"@id\":\"https:\/\/departamento.us.es\/diqaus\/#\/schema\/logo\/image\/\",\"url\":\"https:\/\/departamento.us.es\/diqaus\/wp-content\/uploads\/2021\/11\/logo-departamento-ingenieria-quimica-ambiental-us-e1637856642858.png\",\"contentUrl\":\"https:\/\/departamento.us.es\/diqaus\/wp-content\/uploads\/2021\/11\/logo-departamento-ingenieria-quimica-ambiental-us-e1637856642858.png\",\"width\":126,\"height\":127,\"caption\":\"Departamento de Ingenier\u00eda Qu\u00edmica y Ambiental US\"},\"image\":{\"@id\":\"https:\/\/departamento.us.es\/diqaus\/#\/schema\/logo\/image\/\"}}]}<\/script>\n<!-- \/ Yoast SEO plugin. -->","yoast_head_json":{"title":"Conversi\u00f3n termoqu\u00edmica de combustibles - Departamento Ingenier\u00eda Qu\u00edmica y Ambiental US","robots":{"index":"index","follow":"follow","max-snippet":"max-snippet:-1","max-image-preview":"max-image-preview:large","max-video-preview":"max-video-preview:-1"},"canonical":"https:\/\/departamento.us.es\/diqaus\/investigacion\/lineas-de-investigacion\/conversion-termoquimica-de-combustibles\/","og_locale":"es_ES","og_type":"article","og_title":"Conversi\u00f3n termoqu\u00edmica de combustibles - Departamento Ingenier\u00eda Qu\u00edmica y Ambiental US","og_description":"Conversi\u00f3n termoqu\u00edmica de combustibles (biomasa, residuos y carb\u00f3n) Esta l\u00ednea de investigaci\u00f3n se centra en la conversi\u00f3n termoqu\u00edmica de combustibles a diferentes productos como calor, electricidad u otros vectores energ\u00e9ticos de particular inter\u00e9s en nuestra sociedad como biocarburantes o bioqu\u00edmicos. La investigaci\u00f3n fundamental incluye el an\u00e1lisis detallado de los procesos f\u00edsico-qu\u00edmicos que ayudan al dise\u00f1o [&hellip;]","og_url":"https:\/\/departamento.us.es\/diqaus\/investigacion\/lineas-de-investigacion\/conversion-termoquimica-de-combustibles\/","og_site_name":"Departamento Ingenier\u00eda Qu\u00edmica y Ambiental US","article_modified_time":"2024-09-09T06:57:55+00:00","og_image":[{"url":"https:\/\/departamento.us.es\/diqaus\/wp-content\/themes\/diqaus\/media\/img\/lineas\/conversion-termoquimica-combustibles.jpg","type":"","width":"","height":""}],"twitter_card":"summary_large_image","twitter_misc":{"Tiempo de lectura":"2 minutos"},"schema":{"@context":"https:\/\/schema.org","@graph":[{"@type":"WebPage","@id":"https:\/\/departamento.us.es\/diqaus\/investigacion\/lineas-de-investigacion\/conversion-termoquimica-de-combustibles\/","url":"https:\/\/departamento.us.es\/diqaus\/investigacion\/lineas-de-investigacion\/conversion-termoquimica-de-combustibles\/","name":"Conversi\u00f3n termoqu\u00edmica de combustibles - Departamento Ingenier\u00eda Qu\u00edmica y Ambiental US","isPartOf":{"@id":"https:\/\/departamento.us.es\/diqaus\/#website"},"primaryImageOfPage":{"@id":"https:\/\/departamento.us.es\/diqaus\/investigacion\/lineas-de-investigacion\/conversion-termoquimica-de-combustibles\/#primaryimage"},"image":{"@id":"https:\/\/departamento.us.es\/diqaus\/investigacion\/lineas-de-investigacion\/conversion-termoquimica-de-combustibles\/#primaryimage"},"thumbnailUrl":"https:\/\/departamento.us.es\/diqaus\/wp-content\/themes\/diqaus\/media\/img\/lineas\/conversion-termoquimica-combustibles.jpg","datePublished":"2014-10-13T08:35:39+00:00","dateModified":"2024-09-09T06:57:55+00:00","breadcrumb":{"@id":"https:\/\/departamento.us.es\/diqaus\/investigacion\/lineas-de-investigacion\/conversion-termoquimica-de-combustibles\/#breadcrumb"},"inLanguage":"es","potentialAction":[{"@type":"ReadAction","target":["https:\/\/departamento.us.es\/diqaus\/investigacion\/lineas-de-investigacion\/conversion-termoquimica-de-combustibles\/"]}]},{"@type":"ImageObject","inLanguage":"es","@id":"https:\/\/departamento.us.es\/diqaus\/investigacion\/lineas-de-investigacion\/conversion-termoquimica-de-combustibles\/#primaryimage","url":"https:\/\/departamento.us.es\/diqaus\/wp-content\/themes\/diqaus\/media\/img\/lineas\/conversion-termoquimica-combustibles.jpg","contentUrl":"https:\/\/departamento.us.es\/diqaus\/wp-content\/themes\/diqaus\/media\/img\/lineas\/conversion-termoquimica-combustibles.jpg"},{"@type":"BreadcrumbList","@id":"https:\/\/departamento.us.es\/diqaus\/investigacion\/lineas-de-investigacion\/conversion-termoquimica-de-combustibles\/#breadcrumb","itemListElement":[{"@type":"ListItem","position":1,"name":"Portada","item":"https:\/\/departamento.us.es\/diqaus\/"},{"@type":"ListItem","position":2,"name":"Investigaci\u00f3n","item":"https:\/\/departamento.us.es\/diqaus\/investigacion\/"},{"@type":"ListItem","position":3,"name":"L\u00edneas de investigaci\u00f3n","item":"https:\/\/departamento.us.es\/diqaus\/investigacion\/lineas-de-investigacion\/"},{"@type":"ListItem","position":4,"name":"Conversi\u00f3n termoqu\u00edmica de combustibles"}]},{"@type":"WebSite","@id":"https:\/\/departamento.us.es\/diqaus\/#website","url":"https:\/\/departamento.us.es\/diqaus\/","name":"Departamento Ingenier\u00eda Qu\u00edmica y Ambiental US","description":"Web del Departamento de Ingenier\u00eda Qu\u00edmica y Ambiental de la Universidad de Sevilla. Informaci\u00f3n sobre los estudios de Grado, Masters, l\u00edneas de investigaci\u00f3n y salidas laborales.","publisher":{"@id":"https:\/\/departamento.us.es\/diqaus\/#organization"},"potentialAction":[{"@type":"SearchAction","target":{"@type":"EntryPoint","urlTemplate":"https:\/\/departamento.us.es\/diqaus\/?s={search_term_string}"},"query-input":{"@type":"PropertyValueSpecification","valueRequired":true,"valueName":"search_term_string"}}],"inLanguage":"es"},{"@type":"Organization","@id":"https:\/\/departamento.us.es\/diqaus\/#organization","name":"Departamento de Ingenier\u00eda Qu\u00edmica y Ambiental US","url":"https:\/\/departamento.us.es\/diqaus\/","logo":{"@type":"ImageObject","inLanguage":"es","@id":"https:\/\/departamento.us.es\/diqaus\/#\/schema\/logo\/image\/","url":"https:\/\/departamento.us.es\/diqaus\/wp-content\/uploads\/2021\/11\/logo-departamento-ingenieria-quimica-ambiental-us-e1637856642858.png","contentUrl":"https:\/\/departamento.us.es\/diqaus\/wp-content\/uploads\/2021\/11\/logo-departamento-ingenieria-quimica-ambiental-us-e1637856642858.png","width":126,"height":127,"caption":"Departamento de Ingenier\u00eda Qu\u00edmica y Ambiental US"},"image":{"@id":"https:\/\/departamento.us.es\/diqaus\/#\/schema\/logo\/image\/"}}]}},"_links":{"self":[{"href":"https:\/\/departamento.us.es\/diqaus\/wp-json\/wp\/v2\/pages\/119","targetHints":{"allow":["GET"]}}],"collection":[{"href":"https:\/\/departamento.us.es\/diqaus\/wp-json\/wp\/v2\/pages"}],"about":[{"href":"https:\/\/departamento.us.es\/diqaus\/wp-json\/wp\/v2\/types\/page"}],"author":[{"embeddable":true,"href":"https:\/\/departamento.us.es\/diqaus\/wp-json\/wp\/v2\/users\/1"}],"replies":[{"embeddable":true,"href":"https:\/\/departamento.us.es\/diqaus\/wp-json\/wp\/v2\/comments?post=119"}],"version-history":[{"count":1,"href":"https:\/\/departamento.us.es\/diqaus\/wp-json\/wp\/v2\/pages\/119\/revisions"}],"predecessor-version":[{"id":2525,"href":"https:\/\/departamento.us.es\/diqaus\/wp-json\/wp\/v2\/pages\/119\/revisions\/2525"}],"up":[{"embeddable":true,"href":"https:\/\/departamento.us.es\/diqaus\/wp-json\/wp\/v2\/pages\/52"}],"wp:attachment":[{"href":"https:\/\/departamento.us.es\/diqaus\/wp-json\/wp\/v2\/media?parent=119"}],"curies":[{"name":"wp","href":"https:\/\/api.w.org\/{rel}","templated":true}]}}