{"id":124,"date":"2014-10-13T08:38:02","date_gmt":"2014-10-13T08:38:02","guid":{"rendered":"http:\/\/departamento.us.es\/diqaus\/?page_id=124"},"modified":"2024-09-09T07:02:41","modified_gmt":"2024-09-09T07:02:41","slug":"valorizacion-y-gestion-de-residuos","status":"publish","type":"page","link":"https:\/\/departamento.us.es\/diqaus\/investigacion\/lineas-de-investigacion\/valorizacion-y-gestion-de-residuos\/","title":{"rendered":"Valorizaci\u00f3n y gesti\u00f3n de residuos"},"content":{"rendered":"<p>Esta l\u00ednea busca tanto dar valor a\u00f1adido a residuos generados en la industria como el desarrollo de t\u00e9cnicas para que sean menos perjudiciales para el medio ambiente. Pueden destacarse las siguientes subl\u00edneas de investigaci\u00f3n:<\/p>\n<p>&nbsp;<\/p>\n<p><!--<img decoding=\"async\" class=\"alignright\" src=\"https:\/\/departamento.us.es\/diqaus\/wp-content\/themes\/diqaus\/media\/img\/lineas\/gestion-residuos.jpg\" alt=\"Valorizaci\u00f3n y gesti\u00f3n de residuos\" \/>--><\/p>\n<ul>\n<li>\n<div id=\"attachment_98\" style=\"width: 310px\" class=\"wp-caption alignright\"><img loading=\"lazy\" decoding=\"async\" aria-describedby=\"caption-attachment-98\" class=\"wp-image-98 size-medium\" src=\"https:\/\/departamento.us.es\/diqaus\/wp-content\/themes\/diqaus\/media\/img\/lineas\/placa-absorcion-acustica.jpg\" alt=\"Placa de absorci\u00f3n ac\u00fastica construida a partir de escorias\" width=\"300\" height=\"199\" \/><p id=\"caption-attachment-98\" class=\"wp-caption-text\">Placa de absorci\u00f3n ac\u00fastica construida a partir de escorias<\/p><\/div>\n<p style=\"text-align:left\"><strong>Desarrollo de materiales a partir de residuos s\u00f3lidos industriales<\/strong><\/p>\n<p>Engloba la fabricaci\u00f3n de paneles aislantes e ign\u00edfugos, paneles absorbentes ac\u00fasticos, de conglomerantes hidr\u00e1ulicos y de materiales filtrantes cer\u00e1micos a partir de cenizas volantes de combusti\u00f3n y\/o de otros residuos s\u00f3lidos industriales. Esta l\u00ednea supone una v\u00eda de utilizaci\u00f3n masiva de las cenizas y otros residuos s\u00f3lidos en el campo de la construcci\u00f3n sostenible.<\/li>\n<li>\n<p style=\"text-align:left\"><strong>Estabilizaci\u00f3n de residuos industriales<\/strong><\/p>\n<p>La gesti\u00f3n de los residuos peligrosos constituye uno de los principales problemas medioambientales en los pa\u00edses industrializados. La estabilizaci\u00f3n de residuos se refiere a un conjunto de t\u00e9cnicas que reducen la peligrosidad de un residuo, convirtiendo sus componentes peligrosos en especies menos solubles, menos m\u00f3viles y por tanto menos t\u00f3xicas. La l\u00ednea de investigaci\u00f3n pasa por el estudio de la estabilizaci\u00f3n\/solidificaci\u00f3n de residuos industriales (inorg\u00e1nicos y org\u00e1nicos) o simulados (como p.e. residuos radiactivos).<\/li>\n<li>\n<div id=\"attachment_98\" style=\"width: 612px\" class=\"wp-caption alignright\"><img loading=\"lazy\" decoding=\"async\" aria-describedby=\"caption-attachment-98\" class=\"wp-image-98 size-medium\" src=\"https:\/\/departamento.us.es\/diqaus\/wp-content\/themes\/diqaus\/media\/img\/lineas\/geopolimero-microscopio.jpg\" alt=\"Microscop\u00eda de un geopol\u00edmero basado en cenizas volantes\" width=\"602\" height=\"225\" \/><p id=\"caption-attachment-98\" class=\"wp-caption-text\">Microscop\u00eda de un geopol\u00edmero basado en cenizas volantes. Izquierda: Gel geopol\u00edm\u00e9rico y cenizas sin reaccionar. Derecha: Gel geopol\u00edm\u00e9rico con cenizas completamente convertidas<\/p><\/div>\n<p style=\"text-align:left\"><strong>Tecnolog\u00eda de geopol\u00edmeros<\/strong><\/p>\n<p>El t\u00e9rmino \u201cgeopol\u00edmero\u201d se utiliza para designar a pol\u00edmeros inorg\u00e1nicos de tipo aluminosilicato y poseen una amplia variedad de propiedades y caracter\u00edsticas como son su alta resistencia mec\u00e1nica, resistencia al fuego, resistencia a los \u00e1cidos, baja conductividad t\u00e9rmica y r\u00e1pidos tiempos de fraguado, dependiendo de las materias primas utilizadas y las condiciones de fabricaci\u00f3n. En esta l\u00ednea de investigaci\u00f3n se est\u00e1n estudiando nuevos materiales precursores geopolim\u00e9ricos, propiedades de los distintos materiales geopolim\u00e9ricos obtenidos y nuevas aplicaciones para los geopol\u00edmeros.<\/li>\n<p>&nbsp;<\/p>\n<li>\n<div id=\"attachment_98\" style=\"width: 310px\" class=\"wp-caption alignright\"><img loading=\"lazy\" decoding=\"async\" aria-describedby=\"caption-attachment-98\" class=\"wp-image-98 size-medium\" src=\"https:\/\/departamento.us.es\/diqaus\/wp-content\/themes\/diqaus\/media\/img\/lineas\/recuperacion-germanio.jpg\" alt=\"Planta piloto para recuperaci\u00f3n de germanio de cenizas volantes mediante extracci\u00f3n l\u00edquido-l\u00edquido\" width=\"300\" height=\"400\" \/><p id=\"caption-attachment-98\" class=\"wp-caption-text\">Planta piloto para recuperaci\u00f3n de germanio de cenizas volantes mediante extracci\u00f3n l\u00edquido-l\u00edquido<\/p><\/div>\n<p style=\"text-align:left\"><strong>Hidrometalurgia aplicada a residuos<\/strong><\/p>\n<p>La disminuci\u00f3n de las leyes de los minerales y el aumento de la complejidad de la explotaci\u00f3n de algunos yacimientos, as\u00ed como el aumento en la demanda de algunos elementos, hace que los residuos industriales aparezcan como fuentes interesantes de estos recursos. La investigaci\u00f3n se centra en el desarrollo de procesos de separaci\u00f3n basados en lixiviaci\u00f3n, extracci\u00f3n con solventes, adsorci\u00f3n, intercambio i\u00f3nico, precipitaci\u00f3n o tecnolog\u00edas de membrana.<\/li>\n<\/ul>\n<p>&nbsp;<\/p>\n<p>&nbsp;<\/p>\n<p><strong>Personas participantes:<\/strong> <a href=\"https:\/\/departamento.us.es\/diqaus\/personal\/#fernandez-pereira\">Dr. Constantino Fern\u00e1ndez Pereira<\/a>, <a href=\"https:\/\/departamento.us.es\/diqaus\/personal\/#vilches-arenas\">Dr. Luis F. Vilches Arenas<\/a>, <a href=\"https:\/\/departamento.us.es\/diqaus\/personal\/#leiva-fernandez\">Dr. Carlos Leiva Fern\u00e1ndez<\/a>, <a href=\"https:\/\/departamento.us.es\/diqaus\/personal\/#arroyo-torralvo\">Dra. F\u00e1tima Arroyo Torralvo<\/a>, <a href=\"https:\/\/departamento.us.es\/diqaus\/personal\/#luna-galiano\">Dra. Yolanda Luna Galiano<\/a>, <a href=\"https:\/\/departamento.us.es\/diqaus\/personal\/#alonso-farinas\">Dr. Bernab\u00e9 Alonso Fari\u00f1as<\/a>, <a href=\"https:\/\/departamento.us.es\/diqaus\/personal\/#rodriguez-galan\">Dra. M\u00f3nica Rodriguez Gal\u00e1n Arenas<\/a>, <a href=\"https:\/\/departamento.us.es\/diqaus\/personal\/#ronda-galvez\">Dra. Alicia Ronda G\u00e1lvez<\/a><br \/>\n<strong>Persona de contacto:<\/strong>\u00a0<a href=\"https:\/\/departamento.us.es\/diqaus\/personal\/#fernandez-pereira\">Dr. Constantino Fern\u00e1ndez Pereira<\/a><\/p>\n","protected":false},"excerpt":{"rendered":"<p>Esta l\u00ednea busca tanto dar valor a\u00f1adido a residuos generados en la industria como el desarrollo de t\u00e9cnicas para que sean menos perjudiciales para el medio ambiente. Pueden destacarse las siguientes subl\u00edneas de investigaci\u00f3n: &nbsp; Desarrollo de materiales a partir de residuos s\u00f3lidos industriales Engloba la fabricaci\u00f3n de paneles aislantes e ign\u00edfugos, paneles absorbentes ac\u00fasticos, [&hellip;]<\/p>\n","protected":false},"author":1,"featured_media":0,"parent":52,"menu_order":0,"comment_status":"open","ping_status":"open","template":"","meta":{"footnotes":""},"class_list":["post-124","page","type-page","status-publish","hentry"],"yoast_head":"<!-- This site is optimized with the Yoast SEO plugin v27.1.1 - https:\/\/yoast.com\/product\/yoast-seo-wordpress\/ -->\n<title>Valorizaci\u00f3n y gesti\u00f3n de residuos - Departamento Ingenier\u00eda Qu\u00edmica y Ambiental US<\/title>\n<meta name=\"robots\" content=\"index, follow, max-snippet:-1, max-image-preview:large, max-video-preview:-1\" \/>\n<link rel=\"canonical\" href=\"https:\/\/departamento.us.es\/diqaus\/investigacion\/lineas-de-investigacion\/valorizacion-y-gestion-de-residuos\/\" \/>\n<meta property=\"og:locale\" content=\"es_ES\" \/>\n<meta property=\"og:type\" content=\"article\" \/>\n<meta property=\"og:title\" content=\"Valorizaci\u00f3n y gesti\u00f3n de residuos - Departamento Ingenier\u00eda Qu\u00edmica y Ambiental US\" \/>\n<meta property=\"og:description\" content=\"Esta l\u00ednea busca tanto dar valor a\u00f1adido a residuos generados en la industria como el desarrollo de t\u00e9cnicas para que sean menos perjudiciales para el medio ambiente. Pueden destacarse las siguientes subl\u00edneas de investigaci\u00f3n: &nbsp; Desarrollo de materiales a partir de residuos s\u00f3lidos industriales Engloba la fabricaci\u00f3n de paneles aislantes e ign\u00edfugos, paneles absorbentes ac\u00fasticos, [&hellip;]\" \/>\n<meta property=\"og:url\" content=\"https:\/\/departamento.us.es\/diqaus\/investigacion\/lineas-de-investigacion\/valorizacion-y-gestion-de-residuos\/\" \/>\n<meta property=\"og:site_name\" content=\"Departamento Ingenier\u00eda Qu\u00edmica y Ambiental US\" \/>\n<meta property=\"article:modified_time\" content=\"2024-09-09T07:02:41+00:00\" \/>\n<meta property=\"og:image\" content=\"https:\/\/departamento.us.es\/diqaus\/wp-content\/themes\/diqaus\/media\/img\/lineas\/gestion-residuos.jpg\" \/>\n<meta name=\"twitter:card\" content=\"summary_large_image\" \/>\n<meta name=\"twitter:label1\" content=\"Tiempo de lectura\" \/>\n\t<meta name=\"twitter:data1\" content=\"3 minutos\" \/>\n<script type=\"application\/ld+json\" class=\"yoast-schema-graph\">{\"@context\":\"https:\/\/schema.org\",\"@graph\":[{\"@type\":\"WebPage\",\"@id\":\"https:\/\/departamento.us.es\/diqaus\/investigacion\/lineas-de-investigacion\/valorizacion-y-gestion-de-residuos\/\",\"url\":\"https:\/\/departamento.us.es\/diqaus\/investigacion\/lineas-de-investigacion\/valorizacion-y-gestion-de-residuos\/\",\"name\":\"Valorizaci\u00f3n y gesti\u00f3n de residuos - Departamento Ingenier\u00eda Qu\u00edmica y Ambiental US\",\"isPartOf\":{\"@id\":\"https:\/\/departamento.us.es\/diqaus\/#website\"},\"primaryImageOfPage\":{\"@id\":\"https:\/\/departamento.us.es\/diqaus\/investigacion\/lineas-de-investigacion\/valorizacion-y-gestion-de-residuos\/#primaryimage\"},\"image\":{\"@id\":\"https:\/\/departamento.us.es\/diqaus\/investigacion\/lineas-de-investigacion\/valorizacion-y-gestion-de-residuos\/#primaryimage\"},\"thumbnailUrl\":\"https:\/\/departamento.us.es\/diqaus\/wp-content\/themes\/diqaus\/media\/img\/lineas\/gestion-residuos.jpg\",\"datePublished\":\"2014-10-13T08:38:02+00:00\",\"dateModified\":\"2024-09-09T07:02:41+00:00\",\"breadcrumb\":{\"@id\":\"https:\/\/departamento.us.es\/diqaus\/investigacion\/lineas-de-investigacion\/valorizacion-y-gestion-de-residuos\/#breadcrumb\"},\"inLanguage\":\"es\",\"potentialAction\":[{\"@type\":\"ReadAction\",\"target\":[\"https:\/\/departamento.us.es\/diqaus\/investigacion\/lineas-de-investigacion\/valorizacion-y-gestion-de-residuos\/\"]}]},{\"@type\":\"ImageObject\",\"inLanguage\":\"es\",\"@id\":\"https:\/\/departamento.us.es\/diqaus\/investigacion\/lineas-de-investigacion\/valorizacion-y-gestion-de-residuos\/#primaryimage\",\"url\":\"https:\/\/departamento.us.es\/diqaus\/wp-content\/themes\/diqaus\/media\/img\/lineas\/gestion-residuos.jpg\",\"contentUrl\":\"https:\/\/departamento.us.es\/diqaus\/wp-content\/themes\/diqaus\/media\/img\/lineas\/gestion-residuos.jpg\"},{\"@type\":\"BreadcrumbList\",\"@id\":\"https:\/\/departamento.us.es\/diqaus\/investigacion\/lineas-de-investigacion\/valorizacion-y-gestion-de-residuos\/#breadcrumb\",\"itemListElement\":[{\"@type\":\"ListItem\",\"position\":1,\"name\":\"Portada\",\"item\":\"https:\/\/departamento.us.es\/diqaus\/\"},{\"@type\":\"ListItem\",\"position\":2,\"name\":\"Investigaci\u00f3n\",\"item\":\"https:\/\/departamento.us.es\/diqaus\/investigacion\/\"},{\"@type\":\"ListItem\",\"position\":3,\"name\":\"L\u00edneas de investigaci\u00f3n\",\"item\":\"https:\/\/departamento.us.es\/diqaus\/investigacion\/lineas-de-investigacion\/\"},{\"@type\":\"ListItem\",\"position\":4,\"name\":\"Valorizaci\u00f3n y gesti\u00f3n de residuos\"}]},{\"@type\":\"WebSite\",\"@id\":\"https:\/\/departamento.us.es\/diqaus\/#website\",\"url\":\"https:\/\/departamento.us.es\/diqaus\/\",\"name\":\"Departamento Ingenier\u00eda Qu\u00edmica y Ambiental US\",\"description\":\"Web del Departamento de Ingenier\u00eda Qu\u00edmica y Ambiental de la Universidad de Sevilla. Informaci\u00f3n sobre los estudios de Grado, Masters, l\u00edneas de investigaci\u00f3n y salidas laborales.\",\"publisher\":{\"@id\":\"https:\/\/departamento.us.es\/diqaus\/#organization\"},\"potentialAction\":[{\"@type\":\"SearchAction\",\"target\":{\"@type\":\"EntryPoint\",\"urlTemplate\":\"https:\/\/departamento.us.es\/diqaus\/?s={search_term_string}\"},\"query-input\":{\"@type\":\"PropertyValueSpecification\",\"valueRequired\":true,\"valueName\":\"search_term_string\"}}],\"inLanguage\":\"es\"},{\"@type\":\"Organization\",\"@id\":\"https:\/\/departamento.us.es\/diqaus\/#organization\",\"name\":\"Departamento de Ingenier\u00eda Qu\u00edmica y Ambiental US\",\"url\":\"https:\/\/departamento.us.es\/diqaus\/\",\"logo\":{\"@type\":\"ImageObject\",\"inLanguage\":\"es\",\"@id\":\"https:\/\/departamento.us.es\/diqaus\/#\/schema\/logo\/image\/\",\"url\":\"https:\/\/departamento.us.es\/diqaus\/wp-content\/uploads\/2021\/11\/logo-departamento-ingenieria-quimica-ambiental-us-e1637856642858.png\",\"contentUrl\":\"https:\/\/departamento.us.es\/diqaus\/wp-content\/uploads\/2021\/11\/logo-departamento-ingenieria-quimica-ambiental-us-e1637856642858.png\",\"width\":126,\"height\":127,\"caption\":\"Departamento de Ingenier\u00eda Qu\u00edmica y Ambiental US\"},\"image\":{\"@id\":\"https:\/\/departamento.us.es\/diqaus\/#\/schema\/logo\/image\/\"}}]}<\/script>\n<!-- \/ Yoast SEO plugin. -->","yoast_head_json":{"title":"Valorizaci\u00f3n y gesti\u00f3n de residuos - Departamento Ingenier\u00eda Qu\u00edmica y Ambiental US","robots":{"index":"index","follow":"follow","max-snippet":"max-snippet:-1","max-image-preview":"max-image-preview:large","max-video-preview":"max-video-preview:-1"},"canonical":"https:\/\/departamento.us.es\/diqaus\/investigacion\/lineas-de-investigacion\/valorizacion-y-gestion-de-residuos\/","og_locale":"es_ES","og_type":"article","og_title":"Valorizaci\u00f3n y gesti\u00f3n de residuos - Departamento Ingenier\u00eda Qu\u00edmica y Ambiental US","og_description":"Esta l\u00ednea busca tanto dar valor a\u00f1adido a residuos generados en la industria como el desarrollo de t\u00e9cnicas para que sean menos perjudiciales para el medio ambiente. Pueden destacarse las siguientes subl\u00edneas de investigaci\u00f3n: &nbsp; Desarrollo de materiales a partir de residuos s\u00f3lidos industriales Engloba la fabricaci\u00f3n de paneles aislantes e ign\u00edfugos, paneles absorbentes ac\u00fasticos, [&hellip;]","og_url":"https:\/\/departamento.us.es\/diqaus\/investigacion\/lineas-de-investigacion\/valorizacion-y-gestion-de-residuos\/","og_site_name":"Departamento Ingenier\u00eda Qu\u00edmica y Ambiental US","article_modified_time":"2024-09-09T07:02:41+00:00","og_image":[{"url":"https:\/\/departamento.us.es\/diqaus\/wp-content\/themes\/diqaus\/media\/img\/lineas\/gestion-residuos.jpg","type":"","width":"","height":""}],"twitter_card":"summary_large_image","twitter_misc":{"Tiempo de lectura":"3 minutos"},"schema":{"@context":"https:\/\/schema.org","@graph":[{"@type":"WebPage","@id":"https:\/\/departamento.us.es\/diqaus\/investigacion\/lineas-de-investigacion\/valorizacion-y-gestion-de-residuos\/","url":"https:\/\/departamento.us.es\/diqaus\/investigacion\/lineas-de-investigacion\/valorizacion-y-gestion-de-residuos\/","name":"Valorizaci\u00f3n y gesti\u00f3n de residuos - Departamento Ingenier\u00eda Qu\u00edmica y Ambiental US","isPartOf":{"@id":"https:\/\/departamento.us.es\/diqaus\/#website"},"primaryImageOfPage":{"@id":"https:\/\/departamento.us.es\/diqaus\/investigacion\/lineas-de-investigacion\/valorizacion-y-gestion-de-residuos\/#primaryimage"},"image":{"@id":"https:\/\/departamento.us.es\/diqaus\/investigacion\/lineas-de-investigacion\/valorizacion-y-gestion-de-residuos\/#primaryimage"},"thumbnailUrl":"https:\/\/departamento.us.es\/diqaus\/wp-content\/themes\/diqaus\/media\/img\/lineas\/gestion-residuos.jpg","datePublished":"2014-10-13T08:38:02+00:00","dateModified":"2024-09-09T07:02:41+00:00","breadcrumb":{"@id":"https:\/\/departamento.us.es\/diqaus\/investigacion\/lineas-de-investigacion\/valorizacion-y-gestion-de-residuos\/#breadcrumb"},"inLanguage":"es","potentialAction":[{"@type":"ReadAction","target":["https:\/\/departamento.us.es\/diqaus\/investigacion\/lineas-de-investigacion\/valorizacion-y-gestion-de-residuos\/"]}]},{"@type":"ImageObject","inLanguage":"es","@id":"https:\/\/departamento.us.es\/diqaus\/investigacion\/lineas-de-investigacion\/valorizacion-y-gestion-de-residuos\/#primaryimage","url":"https:\/\/departamento.us.es\/diqaus\/wp-content\/themes\/diqaus\/media\/img\/lineas\/gestion-residuos.jpg","contentUrl":"https:\/\/departamento.us.es\/diqaus\/wp-content\/themes\/diqaus\/media\/img\/lineas\/gestion-residuos.jpg"},{"@type":"BreadcrumbList","@id":"https:\/\/departamento.us.es\/diqaus\/investigacion\/lineas-de-investigacion\/valorizacion-y-gestion-de-residuos\/#breadcrumb","itemListElement":[{"@type":"ListItem","position":1,"name":"Portada","item":"https:\/\/departamento.us.es\/diqaus\/"},{"@type":"ListItem","position":2,"name":"Investigaci\u00f3n","item":"https:\/\/departamento.us.es\/diqaus\/investigacion\/"},{"@type":"ListItem","position":3,"name":"L\u00edneas de investigaci\u00f3n","item":"https:\/\/departamento.us.es\/diqaus\/investigacion\/lineas-de-investigacion\/"},{"@type":"ListItem","position":4,"name":"Valorizaci\u00f3n y gesti\u00f3n de residuos"}]},{"@type":"WebSite","@id":"https:\/\/departamento.us.es\/diqaus\/#website","url":"https:\/\/departamento.us.es\/diqaus\/","name":"Departamento Ingenier\u00eda Qu\u00edmica y Ambiental US","description":"Web del Departamento de Ingenier\u00eda Qu\u00edmica y Ambiental de la Universidad de Sevilla. Informaci\u00f3n sobre los estudios de Grado, Masters, l\u00edneas de investigaci\u00f3n y salidas laborales.","publisher":{"@id":"https:\/\/departamento.us.es\/diqaus\/#organization"},"potentialAction":[{"@type":"SearchAction","target":{"@type":"EntryPoint","urlTemplate":"https:\/\/departamento.us.es\/diqaus\/?s={search_term_string}"},"query-input":{"@type":"PropertyValueSpecification","valueRequired":true,"valueName":"search_term_string"}}],"inLanguage":"es"},{"@type":"Organization","@id":"https:\/\/departamento.us.es\/diqaus\/#organization","name":"Departamento de Ingenier\u00eda Qu\u00edmica y Ambiental US","url":"https:\/\/departamento.us.es\/diqaus\/","logo":{"@type":"ImageObject","inLanguage":"es","@id":"https:\/\/departamento.us.es\/diqaus\/#\/schema\/logo\/image\/","url":"https:\/\/departamento.us.es\/diqaus\/wp-content\/uploads\/2021\/11\/logo-departamento-ingenieria-quimica-ambiental-us-e1637856642858.png","contentUrl":"https:\/\/departamento.us.es\/diqaus\/wp-content\/uploads\/2021\/11\/logo-departamento-ingenieria-quimica-ambiental-us-e1637856642858.png","width":126,"height":127,"caption":"Departamento de Ingenier\u00eda Qu\u00edmica y Ambiental US"},"image":{"@id":"https:\/\/departamento.us.es\/diqaus\/#\/schema\/logo\/image\/"}}]}},"_links":{"self":[{"href":"https:\/\/departamento.us.es\/diqaus\/wp-json\/wp\/v2\/pages\/124","targetHints":{"allow":["GET"]}}],"collection":[{"href":"https:\/\/departamento.us.es\/diqaus\/wp-json\/wp\/v2\/pages"}],"about":[{"href":"https:\/\/departamento.us.es\/diqaus\/wp-json\/wp\/v2\/types\/page"}],"author":[{"embeddable":true,"href":"https:\/\/departamento.us.es\/diqaus\/wp-json\/wp\/v2\/users\/1"}],"replies":[{"embeddable":true,"href":"https:\/\/departamento.us.es\/diqaus\/wp-json\/wp\/v2\/comments?post=124"}],"version-history":[{"count":2,"href":"https:\/\/departamento.us.es\/diqaus\/wp-json\/wp\/v2\/pages\/124\/revisions"}],"predecessor-version":[{"id":1106,"href":"https:\/\/departamento.us.es\/diqaus\/wp-json\/wp\/v2\/pages\/124\/revisions\/1106"}],"up":[{"embeddable":true,"href":"https:\/\/departamento.us.es\/diqaus\/wp-json\/wp\/v2\/pages\/52"}],"wp:attachment":[{"href":"https:\/\/departamento.us.es\/diqaus\/wp-json\/wp\/v2\/media?parent=124"}],"curies":[{"name":"wp","href":"https:\/\/api.w.org\/{rel}","templated":true}]}}