{"id":16,"date":"2014-03-24T12:55:49","date_gmt":"2014-03-24T12:55:49","guid":{"rendered":"http:\/\/departamento.us.es\/diqaus\/?page_id=16"},"modified":"2014-12-16T19:05:25","modified_gmt":"2014-12-16T19:05:25","slug":"investigacion","status":"publish","type":"page","link":"https:\/\/departamento.us.es\/diqaus\/investigacion\/","title":{"rendered":"Investigaci\u00f3n"},"content":{"rendered":"<div class=\"row\">\n<div class=\"col-xs-12 col-sm-6 col-md-6\">\n<div class=\"bloquemaster personal1\">\n\t\t<a href=\"http:\/\/departamento.us.es\/diqaus\/?page_id=52\"><img decoding=\"async\" src=\"http:\/\/departamento.us.es\/diqaus\/wp-content\/themes\/diqaus\/media\/img\/Lineas.jpg\" alt=\"Imagen de prueba\" \/><\/p>\n<h3>L\u00edneas de investigaci\u00f3n<\/h3>\n<p><\/a>\n\t\t<\/div>\n<\/p><\/div>\n<div class=\"col-xs-12 col-sm-6 col-md-6\">\n<div class=\"bloquemaster personal2\">\n\t\t<a href=\"http:\/\/departamento.us.es\/diqaus\/?page_id=58\"><img decoding=\"async\" src=\"http:\/\/departamento.us.es\/diqaus\/wp-content\/themes\/diqaus\/media\/img\/Tesis.jpg\" alt=\"Imagen de prueba\" \/><\/p>\n<h3>\u00daltimas Tesis<\/h3>\n<p><\/a>\n\t\t<\/div>\n<\/p><\/div>\n<\/div>\n","protected":false},"excerpt":{"rendered":"<p>L\u00edneas de investigaci\u00f3n \u00daltimas Tesis<\/p>\n","protected":false},"author":1,"featured_media":0,"parent":0,"menu_order":0,"comment_status":"open","ping_status":"open","template":"","meta":{"footnotes":""},"class_list":["post-16","page","type-page","status-publish","hentry"],"yoast_head":"<!-- This site is optimized with the Yoast SEO plugin v27.1.1 - https:\/\/yoast.com\/product\/yoast-seo-wordpress\/ -->\n<title>Investigaci\u00f3n - Departamento Ingenier\u00eda Qu\u00edmica y Ambiental US<\/title>\n<meta name=\"robots\" content=\"index, follow, max-snippet:-1, max-image-preview:large, max-video-preview:-1\" \/>\n<link rel=\"canonical\" href=\"https:\/\/departamento.us.es\/diqaus\/investigacion\/\" \/>\n<meta property=\"og:locale\" content=\"es_ES\" \/>\n<meta property=\"og:type\" content=\"article\" \/>\n<meta property=\"og:title\" content=\"Investigaci\u00f3n - Departamento Ingenier\u00eda Qu\u00edmica y Ambiental US\" \/>\n<meta property=\"og:description\" content=\"L\u00edneas de investigaci\u00f3n \u00daltimas Tesis\" \/>\n<meta property=\"og:url\" content=\"https:\/\/departamento.us.es\/diqaus\/investigacion\/\" \/>\n<meta property=\"og:site_name\" content=\"Departamento Ingenier\u00eda Qu\u00edmica y Ambiental US\" \/>\n<meta property=\"article:modified_time\" content=\"2014-12-16T19:05:25+00:00\" \/>\n<meta property=\"og:image\" content=\"http:\/\/departamento.us.es\/diqaus\/wp-content\/themes\/diqaus\/media\/img\/Lineas.jpg\" \/>\n<meta name=\"twitter:card\" content=\"summary_large_image\" \/>\n<script type=\"application\/ld+json\" class=\"yoast-schema-graph\">{\"@context\":\"https:\/\/schema.org\",\"@graph\":[{\"@type\":\"WebPage\",\"@id\":\"https:\/\/departamento.us.es\/diqaus\/investigacion\/\",\"url\":\"https:\/\/departamento.us.es\/diqaus\/investigacion\/\",\"name\":\"Investigaci\u00f3n - Departamento Ingenier\u00eda Qu\u00edmica y Ambiental US\",\"isPartOf\":{\"@id\":\"https:\/\/departamento.us.es\/diqaus\/#website\"},\"primaryImageOfPage\":{\"@id\":\"https:\/\/departamento.us.es\/diqaus\/investigacion\/#primaryimage\"},\"image\":{\"@id\":\"https:\/\/departamento.us.es\/diqaus\/investigacion\/#primaryimage\"},\"thumbnailUrl\":\"http:\/\/departamento.us.es\/diqaus\/wp-content\/themes\/diqaus\/media\/img\/Lineas.jpg\",\"datePublished\":\"2014-03-24T12:55:49+00:00\",\"dateModified\":\"2014-12-16T19:05:25+00:00\",\"breadcrumb\":{\"@id\":\"https:\/\/departamento.us.es\/diqaus\/investigacion\/#breadcrumb\"},\"inLanguage\":\"es\",\"potentialAction\":[{\"@type\":\"ReadAction\",\"target\":[\"https:\/\/departamento.us.es\/diqaus\/investigacion\/\"]}]},{\"@type\":\"ImageObject\",\"inLanguage\":\"es\",\"@id\":\"https:\/\/departamento.us.es\/diqaus\/investigacion\/#primaryimage\",\"url\":\"http:\/\/departamento.us.es\/diqaus\/wp-content\/themes\/diqaus\/media\/img\/Lineas.jpg\",\"contentUrl\":\"http:\/\/departamento.us.es\/diqaus\/wp-content\/themes\/diqaus\/media\/img\/Lineas.jpg\"},{\"@type\":\"BreadcrumbList\",\"@id\":\"https:\/\/departamento.us.es\/diqaus\/investigacion\/#breadcrumb\",\"itemListElement\":[{\"@type\":\"ListItem\",\"position\":1,\"name\":\"Portada\",\"item\":\"https:\/\/departamento.us.es\/diqaus\/\"},{\"@type\":\"ListItem\",\"position\":2,\"name\":\"Investigaci\u00f3n\"}]},{\"@type\":\"WebSite\",\"@id\":\"https:\/\/departamento.us.es\/diqaus\/#website\",\"url\":\"https:\/\/departamento.us.es\/diqaus\/\",\"name\":\"Departamento Ingenier\u00eda Qu\u00edmica y Ambiental US\",\"description\":\"Web del Departamento de Ingenier\u00eda Qu\u00edmica y Ambiental de la Universidad de Sevilla. Informaci\u00f3n sobre los estudios de Grado, Masters, l\u00edneas de investigaci\u00f3n y salidas laborales.\",\"publisher\":{\"@id\":\"https:\/\/departamento.us.es\/diqaus\/#organization\"},\"potentialAction\":[{\"@type\":\"SearchAction\",\"target\":{\"@type\":\"EntryPoint\",\"urlTemplate\":\"https:\/\/departamento.us.es\/diqaus\/?s={search_term_string}\"},\"query-input\":{\"@type\":\"PropertyValueSpecification\",\"valueRequired\":true,\"valueName\":\"search_term_string\"}}],\"inLanguage\":\"es\"},{\"@type\":\"Organization\",\"@id\":\"https:\/\/departamento.us.es\/diqaus\/#organization\",\"name\":\"Departamento de Ingenier\u00eda Qu\u00edmica y Ambiental US\",\"url\":\"https:\/\/departamento.us.es\/diqaus\/\",\"logo\":{\"@type\":\"ImageObject\",\"inLanguage\":\"es\",\"@id\":\"https:\/\/departamento.us.es\/diqaus\/#\/schema\/logo\/image\/\",\"url\":\"https:\/\/departamento.us.es\/diqaus\/wp-content\/uploads\/2021\/11\/logo-departamento-ingenieria-quimica-ambiental-us-e1637856642858.png\",\"contentUrl\":\"https:\/\/departamento.us.es\/diqaus\/wp-content\/uploads\/2021\/11\/logo-departamento-ingenieria-quimica-ambiental-us-e1637856642858.png\",\"width\":126,\"height\":127,\"caption\":\"Departamento de Ingenier\u00eda Qu\u00edmica y Ambiental US\"},\"image\":{\"@id\":\"https:\/\/departamento.us.es\/diqaus\/#\/schema\/logo\/image\/\"}}]}<\/script>\n<!-- \/ Yoast SEO plugin. -->","yoast_head_json":{"title":"Investigaci\u00f3n - Departamento Ingenier\u00eda Qu\u00edmica y Ambiental US","robots":{"index":"index","follow":"follow","max-snippet":"max-snippet:-1","max-image-preview":"max-image-preview:large","max-video-preview":"max-video-preview:-1"},"canonical":"https:\/\/departamento.us.es\/diqaus\/investigacion\/","og_locale":"es_ES","og_type":"article","og_title":"Investigaci\u00f3n - Departamento Ingenier\u00eda Qu\u00edmica y Ambiental US","og_description":"L\u00edneas de investigaci\u00f3n \u00daltimas Tesis","og_url":"https:\/\/departamento.us.es\/diqaus\/investigacion\/","og_site_name":"Departamento Ingenier\u00eda Qu\u00edmica y Ambiental US","article_modified_time":"2014-12-16T19:05:25+00:00","og_image":[{"url":"http:\/\/departamento.us.es\/diqaus\/wp-content\/themes\/diqaus\/media\/img\/Lineas.jpg","type":"","width":"","height":""}],"twitter_card":"summary_large_image","schema":{"@context":"https:\/\/schema.org","@graph":[{"@type":"WebPage","@id":"https:\/\/departamento.us.es\/diqaus\/investigacion\/","url":"https:\/\/departamento.us.es\/diqaus\/investigacion\/","name":"Investigaci\u00f3n - Departamento Ingenier\u00eda Qu\u00edmica y Ambiental US","isPartOf":{"@id":"https:\/\/departamento.us.es\/diqaus\/#website"},"primaryImageOfPage":{"@id":"https:\/\/departamento.us.es\/diqaus\/investigacion\/#primaryimage"},"image":{"@id":"https:\/\/departamento.us.es\/diqaus\/investigacion\/#primaryimage"},"thumbnailUrl":"http:\/\/departamento.us.es\/diqaus\/wp-content\/themes\/diqaus\/media\/img\/Lineas.jpg","datePublished":"2014-03-24T12:55:49+00:00","dateModified":"2014-12-16T19:05:25+00:00","breadcrumb":{"@id":"https:\/\/departamento.us.es\/diqaus\/investigacion\/#breadcrumb"},"inLanguage":"es","potentialAction":[{"@type":"ReadAction","target":["https:\/\/departamento.us.es\/diqaus\/investigacion\/"]}]},{"@type":"ImageObject","inLanguage":"es","@id":"https:\/\/departamento.us.es\/diqaus\/investigacion\/#primaryimage","url":"http:\/\/departamento.us.es\/diqaus\/wp-content\/themes\/diqaus\/media\/img\/Lineas.jpg","contentUrl":"http:\/\/departamento.us.es\/diqaus\/wp-content\/themes\/diqaus\/media\/img\/Lineas.jpg"},{"@type":"BreadcrumbList","@id":"https:\/\/departamento.us.es\/diqaus\/investigacion\/#breadcrumb","itemListElement":[{"@type":"ListItem","position":1,"name":"Portada","item":"https:\/\/departamento.us.es\/diqaus\/"},{"@type":"ListItem","position":2,"name":"Investigaci\u00f3n"}]},{"@type":"WebSite","@id":"https:\/\/departamento.us.es\/diqaus\/#website","url":"https:\/\/departamento.us.es\/diqaus\/","name":"Departamento Ingenier\u00eda Qu\u00edmica y Ambiental US","description":"Web del Departamento de Ingenier\u00eda Qu\u00edmica y Ambiental de la Universidad de Sevilla. Informaci\u00f3n sobre los estudios de Grado, Masters, l\u00edneas de investigaci\u00f3n y salidas laborales.","publisher":{"@id":"https:\/\/departamento.us.es\/diqaus\/#organization"},"potentialAction":[{"@type":"SearchAction","target":{"@type":"EntryPoint","urlTemplate":"https:\/\/departamento.us.es\/diqaus\/?s={search_term_string}"},"query-input":{"@type":"PropertyValueSpecification","valueRequired":true,"valueName":"search_term_string"}}],"inLanguage":"es"},{"@type":"Organization","@id":"https:\/\/departamento.us.es\/diqaus\/#organization","name":"Departamento de Ingenier\u00eda Qu\u00edmica y Ambiental US","url":"https:\/\/departamento.us.es\/diqaus\/","logo":{"@type":"ImageObject","inLanguage":"es","@id":"https:\/\/departamento.us.es\/diqaus\/#\/schema\/logo\/image\/","url":"https:\/\/departamento.us.es\/diqaus\/wp-content\/uploads\/2021\/11\/logo-departamento-ingenieria-quimica-ambiental-us-e1637856642858.png","contentUrl":"https:\/\/departamento.us.es\/diqaus\/wp-content\/uploads\/2021\/11\/logo-departamento-ingenieria-quimica-ambiental-us-e1637856642858.png","width":126,"height":127,"caption":"Departamento de Ingenier\u00eda Qu\u00edmica y Ambiental US"},"image":{"@id":"https:\/\/departamento.us.es\/diqaus\/#\/schema\/logo\/image\/"}}]}},"_links":{"self":[{"href":"https:\/\/departamento.us.es\/diqaus\/wp-json\/wp\/v2\/pages\/16","targetHints":{"allow":["GET"]}}],"collection":[{"href":"https:\/\/departamento.us.es\/diqaus\/wp-json\/wp\/v2\/pages"}],"about":[{"href":"https:\/\/departamento.us.es\/diqaus\/wp-json\/wp\/v2\/types\/page"}],"author":[{"embeddable":true,"href":"https:\/\/departamento.us.es\/diqaus\/wp-json\/wp\/v2\/users\/1"}],"replies":[{"embeddable":true,"href":"https:\/\/departamento.us.es\/diqaus\/wp-json\/wp\/v2\/comments?post=16"}],"version-history":[{"count":3,"href":"https:\/\/departamento.us.es\/diqaus\/wp-json\/wp\/v2\/pages\/16\/revisions"}],"predecessor-version":[{"id":533,"href":"https:\/\/departamento.us.es\/diqaus\/wp-json\/wp\/v2\/pages\/16\/revisions\/533"}],"wp:attachment":[{"href":"https:\/\/departamento.us.es\/diqaus\/wp-json\/wp\/v2\/media?parent=16"}],"curies":[{"name":"wp","href":"https:\/\/api.w.org\/{rel}","templated":true}]}}