{"id":197,"date":"2014-10-16T11:00:49","date_gmt":"2014-10-16T11:00:49","guid":{"rendered":"http:\/\/departamento.us.es\/diqaus\/?page_id=197"},"modified":"2024-09-19T11:12:07","modified_gmt":"2024-09-19T11:12:07","slug":"informacion-del-master","status":"publish","type":"page","link":"https:\/\/departamento.us.es\/diqaus\/master\/master-de-ingenieria-ambiental\/informacion-del-master\/","title":{"rendered":"Informaci\u00f3n del M\u00e1ster"},"content":{"rendered":"<h3>Informaci\u00f3n sobre el M\u00e1ster en Ingenier\u00eda Ambiental<\/h3>\n<p>La creciente importancia del sector ambiental y la cada vez mayor necesidad de profesionales convenientemente formados al m\u00e1s alto nivel, justifican la existencia de este <strong>M\u00e1ster en Ingenier\u00eda Ambiental<\/strong>, que tiene como principales objetivos que los alumnos adquieran destrezas y capacidades\u00a0 para la planificaci\u00f3n, desarrollo, construcci\u00f3n, instalaci\u00f3n y operaci\u00f3n de equipos y sistemas para la <strong>medida y evaluaci\u00f3n de la contaminaci\u00f3n ambiental<\/strong>, as\u00ed como conocimiento de los <strong>riesgos ambientales<\/strong> ligados a un determinado proyecto o actividad, mejora de las condiciones de seguridad industrial, gesti\u00f3n y tratamiento de efluentes, residuos y suelos contaminados y, en general, minimizaci\u00f3n de impactos ambientales y optimizaci\u00f3n de la gesti\u00f3n ambiental.<\/p>\n<p>El M\u00e1ster constituye un programa de <strong>formaci\u00f3n avanzada<\/strong> dirigido a la especializaci\u00f3n acad\u00e9mica y profesional y, adem\u00e1s, permite el <a href=\"https:\/\/www.us.es\/estudios\/doctorado\/doctorado_3020\" target=\"_blank\" rel=\"noopener noreferrer\"><strong>acceso a estudios de doctorado<\/strong><\/a>. Su formaci\u00f3n ir\u00e1 encaminada a realizar la investigaci\u00f3n apropiada, y plantear el desarrollo de soluciones de ingenier\u00eda relacionando creatividad, originalidad, innovaci\u00f3n y transferencia de tecnolog\u00eda.<\/p>\n<p><strong>A partir del curso 2018-19<\/strong> se oferta una nueva versi\u00f3n del <strong>M\u00e1ster en Ingenier\u00eda Ambiental de 60 ECTS<\/strong>, con cambios destacables respecto a cursos anteriores, mediante el cual se pretende potenciar su <strong>transversalidad con el<\/strong> <a href=\"https:\/\/departamento.us.es\/diqaus\/master\/master-de-ingenieria-quimica\/informacion-del-master\/\" target=\"_blank\" rel=\"noopener noreferrer\"><strong>M\u00e1ster en Ingenier\u00eda Qu\u00edmica<\/strong><\/a>. Gracias a esta gran transversalidad de asignaturas <strong>a partir del curso 2020-2021<\/strong> se oferta el <strong>Doble M\u00e1ster en Ingenier\u00eda Qu\u00edmica y Ambiental, <\/strong>un itinerario curricular que <strong>permite cursar ambos m\u00e1steres simult\u00e1neamente en dos a\u00f1os<\/strong>. En este <a href=\"https:\/\/alojamientosv.us.es\/diqaus\/wp-content\/uploads\/2021\/folleto-miq-miamb_v4.pdf\" target=\"_blank\" rel=\"noopener noreferrer\"><strong>documento<\/strong><\/a> puede encontrar informaci\u00f3n del Doble M\u00e1ster.<\/p>\n<p>El <strong>M\u00e1ster Universitario en Ingenier\u00eda Qu\u00edmica<\/strong>  y el <strong>M\u00e1ster Universitario en Ingenier\u00eda Ambiental<\/strong> han obtenido en Mayo de 2023 el<strong> sello internacional EUR-ACE\u00ae<\/strong> que avala la <strong>calidad de los estudios<\/strong> y el reconocimiento en la <strong>excelencia en la formaci\u00f3n de profesionales de la ingenier\u00eda<\/strong>. De este modo, el <strong>Doble M\u00e1ster Universitario en Ingenier\u00eda Qu\u00edmica e Ingenier\u00eda Ambiental<\/strong> es el <strong>primer doble m\u00e1ster<\/strong> de estas caracter\u00edsticas en contar con el <strong>Sello EUR-ACE\u00ae <\/strong>en toda <strong>Espa\u00f1a<\/strong>.<\/p>\n<p>Para <strong>informaci\u00f3n m\u00e1s detallada<\/strong> sobre el M\u00e1ster en Ingenier\u00eda Ambiental puedes consultar la <strong><a href=\"https:\/\/www.us.es\/estudiar\/que-estudiar\/oferta-de-masteres\/master-universitario-en-ingenieria-ambiental-2018\" target=\"_blank\" rel=\"noopener noreferrer\">p\u00e1gina oficial del M\u00e1ster en Ingenier\u00eda Ambiental<\/a><\/strong> de la Universidad de Sevilla.Si desea informaci\u00f3n sobre c\u00f3mo se desarrollan los <strong>Objetivos de Desarrollo Sostenible (ODS)<\/strong> definidos en la Agenda 2030 en las asignaturas del M\u00e1ster, acceda a este <a href=\"https:\/\/app.powerbi.com\/view?r=eyJrIjoiOWI5YTI3YzMtYTJkNS00ZmNjLThmYmEtOGQwMWFkNGFjZmUzIiwidCI6ImVmNGE2ODRlLTgxYjUtNDkxYy1hOThlLWM3YjMxYmU2YzQ2OSIsImMiOjh9\" target=\"_blank\" rel=\"noopener noreferrer\"><strong>enlace<\/strong><\/a><\/p>\n<p><strong>Para consultas particulares<\/strong> sobre el m\u00e1ster contacte con el coordinador del mismo, cuya informaci\u00f3n de contacto puede consultarse <a title=\"Personal\" href=\"https:\/\/departamento.us.es\/diqaus\/personal\/\"><strong>aqu\u00ed<\/strong><\/a>.<\/p>\n<p><strong>Para solicitar plaza<\/strong> en el m\u00e1ster acceda al portal del <a href=\"https:\/\/www.juntadeandalucia.es\/economiaconocimientoempresasyuniversidad\/sguit\/\" target=\"_blank\" rel=\"noopener noreferrer\"><strong>Distrito \u00danico Andaluz<\/strong><\/a><\/p>\n","protected":false},"excerpt":{"rendered":"<p>Informaci\u00f3n sobre el M\u00e1ster en Ingenier\u00eda Ambiental La creciente importancia del sector ambiental y la cada vez mayor necesidad de profesionales convenientemente formados al m\u00e1s alto nivel, justifican la existencia de este M\u00e1ster en Ingenier\u00eda Ambiental, que tiene como principales objetivos que los alumnos adquieran destrezas y capacidades\u00a0 para la planificaci\u00f3n, desarrollo, construcci\u00f3n, instalaci\u00f3n y [&hellip;]<\/p>\n","protected":false},"author":1,"featured_media":0,"parent":188,"menu_order":0,"comment_status":"open","ping_status":"open","template":"","meta":{"footnotes":""},"class_list":["post-197","page","type-page","status-publish","hentry"],"yoast_head":"<!-- This site is optimized with the Yoast SEO plugin v27.1.1 - https:\/\/yoast.com\/product\/yoast-seo-wordpress\/ -->\n<title>M\u00e1ster en Ingenier\u00eda Ambiental - Universidad de Sevilla<\/title>\n<meta name=\"description\" content=\"Descubre toda la informaci\u00f3n sobre el M\u00e1ster en Ingenier\u00eda Ambiental de la Universidad de Sevilla. Especial\u00edzate con nosotros.\" \/>\n<meta name=\"robots\" content=\"index, follow, max-snippet:-1, max-image-preview:large, max-video-preview:-1\" \/>\n<link rel=\"canonical\" href=\"https:\/\/departamento.us.es\/diqaus\/master\/master-de-ingenieria-ambiental\/informacion-del-master\/\" \/>\n<meta property=\"og:locale\" content=\"es_ES\" \/>\n<meta property=\"og:type\" content=\"article\" \/>\n<meta property=\"og:title\" content=\"M\u00e1ster en Ingenier\u00eda Ambiental - Universidad de Sevilla\" \/>\n<meta property=\"og:description\" content=\"Descubre toda la informaci\u00f3n sobre el M\u00e1ster en Ingenier\u00eda Ambiental de la Universidad de Sevilla. Especial\u00edzate con nosotros.\" \/>\n<meta property=\"og:url\" content=\"https:\/\/departamento.us.es\/diqaus\/master\/master-de-ingenieria-ambiental\/informacion-del-master\/\" \/>\n<meta property=\"og:site_name\" content=\"Departamento Ingenier\u00eda Qu\u00edmica y Ambiental US\" \/>\n<meta property=\"article:modified_time\" content=\"2024-09-19T11:12:07+00:00\" \/>\n<meta name=\"twitter:card\" content=\"summary_large_image\" \/>\n<meta name=\"twitter:label1\" content=\"Tiempo de lectura\" \/>\n\t<meta name=\"twitter:data1\" content=\"2 minutos\" \/>\n<script type=\"application\/ld+json\" class=\"yoast-schema-graph\">{\"@context\":\"https:\/\/schema.org\",\"@graph\":[{\"@type\":\"WebPage\",\"@id\":\"https:\/\/departamento.us.es\/diqaus\/master\/master-de-ingenieria-ambiental\/informacion-del-master\/\",\"url\":\"https:\/\/departamento.us.es\/diqaus\/master\/master-de-ingenieria-ambiental\/informacion-del-master\/\",\"name\":\"M\u00e1ster en Ingenier\u00eda Ambiental - Universidad de Sevilla\",\"isPartOf\":{\"@id\":\"https:\/\/departamento.us.es\/diqaus\/#website\"},\"datePublished\":\"2014-10-16T11:00:49+00:00\",\"dateModified\":\"2024-09-19T11:12:07+00:00\",\"description\":\"Descubre toda la informaci\u00f3n sobre el M\u00e1ster en Ingenier\u00eda Ambiental de la Universidad de Sevilla. Especial\u00edzate con nosotros.\",\"breadcrumb\":{\"@id\":\"https:\/\/departamento.us.es\/diqaus\/master\/master-de-ingenieria-ambiental\/informacion-del-master\/#breadcrumb\"},\"inLanguage\":\"es\",\"potentialAction\":[{\"@type\":\"ReadAction\",\"target\":[\"https:\/\/departamento.us.es\/diqaus\/master\/master-de-ingenieria-ambiental\/informacion-del-master\/\"]}]},{\"@type\":\"BreadcrumbList\",\"@id\":\"https:\/\/departamento.us.es\/diqaus\/master\/master-de-ingenieria-ambiental\/informacion-del-master\/#breadcrumb\",\"itemListElement\":[{\"@type\":\"ListItem\",\"position\":1,\"name\":\"Portada\",\"item\":\"https:\/\/departamento.us.es\/diqaus\/\"},{\"@type\":\"ListItem\",\"position\":2,\"name\":\"M\u00e1ster\",\"item\":\"https:\/\/departamento.us.es\/diqaus\/master\/\"},{\"@type\":\"ListItem\",\"position\":3,\"name\":\"M\u00e1ster de Ingenier\u00eda Ambiental\",\"item\":\"https:\/\/departamento.us.es\/diqaus\/master\/master-de-ingenieria-ambiental\/\"},{\"@type\":\"ListItem\",\"position\":4,\"name\":\"Informaci\u00f3n del M\u00e1ster\"}]},{\"@type\":\"WebSite\",\"@id\":\"https:\/\/departamento.us.es\/diqaus\/#website\",\"url\":\"https:\/\/departamento.us.es\/diqaus\/\",\"name\":\"Departamento Ingenier\u00eda Qu\u00edmica y Ambiental US\",\"description\":\"Web del Departamento de Ingenier\u00eda Qu\u00edmica y Ambiental de la Universidad de Sevilla. Informaci\u00f3n sobre los estudios de Grado, Masters, l\u00edneas de investigaci\u00f3n y salidas laborales.\",\"publisher\":{\"@id\":\"https:\/\/departamento.us.es\/diqaus\/#organization\"},\"potentialAction\":[{\"@type\":\"SearchAction\",\"target\":{\"@type\":\"EntryPoint\",\"urlTemplate\":\"https:\/\/departamento.us.es\/diqaus\/?s={search_term_string}\"},\"query-input\":{\"@type\":\"PropertyValueSpecification\",\"valueRequired\":true,\"valueName\":\"search_term_string\"}}],\"inLanguage\":\"es\"},{\"@type\":\"Organization\",\"@id\":\"https:\/\/departamento.us.es\/diqaus\/#organization\",\"name\":\"Departamento de Ingenier\u00eda Qu\u00edmica y Ambiental US\",\"url\":\"https:\/\/departamento.us.es\/diqaus\/\",\"logo\":{\"@type\":\"ImageObject\",\"inLanguage\":\"es\",\"@id\":\"https:\/\/departamento.us.es\/diqaus\/#\/schema\/logo\/image\/\",\"url\":\"https:\/\/departamento.us.es\/diqaus\/wp-content\/uploads\/2021\/11\/logo-departamento-ingenieria-quimica-ambiental-us-e1637856642858.png\",\"contentUrl\":\"https:\/\/departamento.us.es\/diqaus\/wp-content\/uploads\/2021\/11\/logo-departamento-ingenieria-quimica-ambiental-us-e1637856642858.png\",\"width\":126,\"height\":127,\"caption\":\"Departamento de Ingenier\u00eda Qu\u00edmica y Ambiental US\"},\"image\":{\"@id\":\"https:\/\/departamento.us.es\/diqaus\/#\/schema\/logo\/image\/\"}}]}<\/script>\n<!-- \/ Yoast SEO plugin. -->","yoast_head_json":{"title":"M\u00e1ster en Ingenier\u00eda Ambiental - Universidad de Sevilla","description":"Descubre toda la informaci\u00f3n sobre el M\u00e1ster en Ingenier\u00eda Ambiental de la Universidad de Sevilla. Especial\u00edzate con nosotros.","robots":{"index":"index","follow":"follow","max-snippet":"max-snippet:-1","max-image-preview":"max-image-preview:large","max-video-preview":"max-video-preview:-1"},"canonical":"https:\/\/departamento.us.es\/diqaus\/master\/master-de-ingenieria-ambiental\/informacion-del-master\/","og_locale":"es_ES","og_type":"article","og_title":"M\u00e1ster en Ingenier\u00eda Ambiental - Universidad de Sevilla","og_description":"Descubre toda la informaci\u00f3n sobre el M\u00e1ster en Ingenier\u00eda Ambiental de la Universidad de Sevilla. Especial\u00edzate con nosotros.","og_url":"https:\/\/departamento.us.es\/diqaus\/master\/master-de-ingenieria-ambiental\/informacion-del-master\/","og_site_name":"Departamento Ingenier\u00eda Qu\u00edmica y Ambiental US","article_modified_time":"2024-09-19T11:12:07+00:00","twitter_card":"summary_large_image","twitter_misc":{"Tiempo de lectura":"2 minutos"},"schema":{"@context":"https:\/\/schema.org","@graph":[{"@type":"WebPage","@id":"https:\/\/departamento.us.es\/diqaus\/master\/master-de-ingenieria-ambiental\/informacion-del-master\/","url":"https:\/\/departamento.us.es\/diqaus\/master\/master-de-ingenieria-ambiental\/informacion-del-master\/","name":"M\u00e1ster en Ingenier\u00eda Ambiental - Universidad de Sevilla","isPartOf":{"@id":"https:\/\/departamento.us.es\/diqaus\/#website"},"datePublished":"2014-10-16T11:00:49+00:00","dateModified":"2024-09-19T11:12:07+00:00","description":"Descubre toda la informaci\u00f3n sobre el M\u00e1ster en Ingenier\u00eda Ambiental de la Universidad de Sevilla. Especial\u00edzate con nosotros.","breadcrumb":{"@id":"https:\/\/departamento.us.es\/diqaus\/master\/master-de-ingenieria-ambiental\/informacion-del-master\/#breadcrumb"},"inLanguage":"es","potentialAction":[{"@type":"ReadAction","target":["https:\/\/departamento.us.es\/diqaus\/master\/master-de-ingenieria-ambiental\/informacion-del-master\/"]}]},{"@type":"BreadcrumbList","@id":"https:\/\/departamento.us.es\/diqaus\/master\/master-de-ingenieria-ambiental\/informacion-del-master\/#breadcrumb","itemListElement":[{"@type":"ListItem","position":1,"name":"Portada","item":"https:\/\/departamento.us.es\/diqaus\/"},{"@type":"ListItem","position":2,"name":"M\u00e1ster","item":"https:\/\/departamento.us.es\/diqaus\/master\/"},{"@type":"ListItem","position":3,"name":"M\u00e1ster de Ingenier\u00eda Ambiental","item":"https:\/\/departamento.us.es\/diqaus\/master\/master-de-ingenieria-ambiental\/"},{"@type":"ListItem","position":4,"name":"Informaci\u00f3n del M\u00e1ster"}]},{"@type":"WebSite","@id":"https:\/\/departamento.us.es\/diqaus\/#website","url":"https:\/\/departamento.us.es\/diqaus\/","name":"Departamento Ingenier\u00eda Qu\u00edmica y Ambiental US","description":"Web del Departamento de Ingenier\u00eda Qu\u00edmica y Ambiental de la Universidad de Sevilla. Informaci\u00f3n sobre los estudios de Grado, Masters, l\u00edneas de investigaci\u00f3n y salidas laborales.","publisher":{"@id":"https:\/\/departamento.us.es\/diqaus\/#organization"},"potentialAction":[{"@type":"SearchAction","target":{"@type":"EntryPoint","urlTemplate":"https:\/\/departamento.us.es\/diqaus\/?s={search_term_string}"},"query-input":{"@type":"PropertyValueSpecification","valueRequired":true,"valueName":"search_term_string"}}],"inLanguage":"es"},{"@type":"Organization","@id":"https:\/\/departamento.us.es\/diqaus\/#organization","name":"Departamento de Ingenier\u00eda Qu\u00edmica y Ambiental US","url":"https:\/\/departamento.us.es\/diqaus\/","logo":{"@type":"ImageObject","inLanguage":"es","@id":"https:\/\/departamento.us.es\/diqaus\/#\/schema\/logo\/image\/","url":"https:\/\/departamento.us.es\/diqaus\/wp-content\/uploads\/2021\/11\/logo-departamento-ingenieria-quimica-ambiental-us-e1637856642858.png","contentUrl":"https:\/\/departamento.us.es\/diqaus\/wp-content\/uploads\/2021\/11\/logo-departamento-ingenieria-quimica-ambiental-us-e1637856642858.png","width":126,"height":127,"caption":"Departamento de Ingenier\u00eda Qu\u00edmica y Ambiental US"},"image":{"@id":"https:\/\/departamento.us.es\/diqaus\/#\/schema\/logo\/image\/"}}]}},"_links":{"self":[{"href":"https:\/\/departamento.us.es\/diqaus\/wp-json\/wp\/v2\/pages\/197","targetHints":{"allow":["GET"]}}],"collection":[{"href":"https:\/\/departamento.us.es\/diqaus\/wp-json\/wp\/v2\/pages"}],"about":[{"href":"https:\/\/departamento.us.es\/diqaus\/wp-json\/wp\/v2\/types\/page"}],"author":[{"embeddable":true,"href":"https:\/\/departamento.us.es\/diqaus\/wp-json\/wp\/v2\/users\/1"}],"replies":[{"embeddable":true,"href":"https:\/\/departamento.us.es\/diqaus\/wp-json\/wp\/v2\/comments?post=197"}],"version-history":[{"count":2,"href":"https:\/\/departamento.us.es\/diqaus\/wp-json\/wp\/v2\/pages\/197\/revisions"}],"predecessor-version":[{"id":2532,"href":"https:\/\/departamento.us.es\/diqaus\/wp-json\/wp\/v2\/pages\/197\/revisions\/2532"}],"up":[{"embeddable":true,"href":"https:\/\/departamento.us.es\/diqaus\/wp-json\/wp\/v2\/pages\/188"}],"wp:attachment":[{"href":"https:\/\/departamento.us.es\/diqaus\/wp-json\/wp\/v2\/media?parent=197"}],"curies":[{"name":"wp","href":"https:\/\/api.w.org\/{rel}","templated":true}]}}