{"id":199,"date":"2014-10-16T11:01:45","date_gmt":"2014-10-16T11:01:45","guid":{"rendered":"http:\/\/departamento.us.es\/diqaus\/?page_id=199"},"modified":"2021-11-25T17:57:44","modified_gmt":"2021-11-25T17:57:44","slug":"perfiles-recomendados","status":"publish","type":"page","link":"https:\/\/departamento.us.es\/diqaus\/master\/master-de-ingenieria-ambiental\/perfiles-recomendados\/","title":{"rendered":"Perfiles recomendados"},"content":{"rendered":"<h3>Perfiles recomendados<\/h3>\n<p>Las siguientes <strong>titulaciones<\/strong> tienen un <strong>preferencia alta de acceso al m\u00e1ster<\/strong>: Grado en Ingenier\u00eda Qu\u00edmica\/Ingenier\u00eda Qu\u00edmica Industrial, Ingeniero Qu\u00edmico, Grado en Ingenier\u00eda en Tecnolog\u00edas Industriales, Ingeniero Industrial, Grado en Ingenier\u00eda de Organizaci\u00f3n Industrial, Grado en Ingenier\u00eda Civil, Grado en Ingenier\u00eda de la Energ\u00eda<\/p>\n<p>Las siguientes titulaciones tienen un <strong>preferencia media de acceso al m\u00e1ster<\/strong>: Grado en Ingenier\u00eda Mec\u00e1nica, Grado en Ingenier\u00eda El\u00e9ctrica\/Electr\u00f3nica, Grado en Ingenier\u00eda en Dise\u00f1o Industrial y Desarrollo del Producto, Grado en Ingenier\u00eda de Materiales, Grado en Biotecnolog\u00eda, Grado en Ingenier\u00eda Agr\u00edcola, Grado en Ingenier\u00eda de Minas<\/p>\n<p>Las siguientes titulaciones tienen un <strong>preferencia baja de acceso al m\u00e1ster<\/strong>: Grado en Ciencias Ambientales, Grado en Qu\u00edmica<\/p>\n<p><strong>Aquellos perfiles diferentes al de Graduado en Ingenier\u00eda Qu\u00edmica o Ingeniero Qu\u00edmico Superior deber\u00e1n realizar complementos de formaci\u00f3n para la realizaci\u00f3n del m\u00e1ster.<\/strong> Los complementos de formaci\u00f3n se cursar\u00edan en el primer cuatrimestre (en funci\u00f3n del t\u00edtulo de acceso con un <strong>m\u00e1ximo de 15 ECTS<\/strong>). La duraci\u00f3n recomendada del m\u00e1ster para los alumnos que cursen complementos de formaci\u00f3n es de a\u00f1o y medio. En el segundo a\u00f1o cursar\u00edan parte de las asignaturas optativas del m\u00e1ster o el Trabajo Fin de M\u00e1ster.<\/p>\n","protected":false},"excerpt":{"rendered":"<p>Perfiles recomendados Las siguientes titulaciones tienen un preferencia alta de acceso al m\u00e1ster: Grado en Ingenier\u00eda Qu\u00edmica\/Ingenier\u00eda Qu\u00edmica Industrial, Ingeniero Qu\u00edmico, Grado en Ingenier\u00eda en Tecnolog\u00edas Industriales, Ingeniero Industrial, Grado en Ingenier\u00eda de Organizaci\u00f3n Industrial, Grado en Ingenier\u00eda Civil, Grado en Ingenier\u00eda de la Energ\u00eda Las siguientes titulaciones tienen un preferencia media de acceso al [&hellip;]<\/p>\n","protected":false},"author":1,"featured_media":0,"parent":188,"menu_order":0,"comment_status":"open","ping_status":"open","template":"","meta":{"footnotes":""},"class_list":["post-199","page","type-page","status-publish","hentry"],"yoast_head":"<!-- This site is optimized with the Yoast SEO plugin v27.1.1 - https:\/\/yoast.com\/product\/yoast-seo-wordpress\/ -->\n<title>Perfiles recomendados para nuestro m\u00e1ster en Ingenier\u00eda Ambiental - US<\/title>\n<meta name=\"description\" content=\"Si est\u00e1s dudando si estudiar o no este m\u00e1ster, te contamos a qu\u00e9 perfiles est\u00e1 orientado. No te quedes con las dudas.\" \/>\n<meta name=\"robots\" content=\"index, follow, max-snippet:-1, max-image-preview:large, max-video-preview:-1\" \/>\n<link rel=\"canonical\" href=\"https:\/\/departamento.us.es\/diqaus\/master\/master-de-ingenieria-ambiental\/perfiles-recomendados\/\" \/>\n<meta property=\"og:locale\" content=\"es_ES\" \/>\n<meta property=\"og:type\" content=\"article\" \/>\n<meta property=\"og:title\" content=\"Perfiles recomendados para nuestro m\u00e1ster en Ingenier\u00eda Ambiental - US\" \/>\n<meta property=\"og:description\" content=\"Si est\u00e1s dudando si estudiar o no este m\u00e1ster, te contamos a qu\u00e9 perfiles est\u00e1 orientado. No te quedes con las dudas.\" \/>\n<meta property=\"og:url\" content=\"https:\/\/departamento.us.es\/diqaus\/master\/master-de-ingenieria-ambiental\/perfiles-recomendados\/\" \/>\n<meta property=\"og:site_name\" content=\"Departamento Ingenier\u00eda Qu\u00edmica y Ambiental US\" \/>\n<meta property=\"article:modified_time\" content=\"2021-11-25T17:57:44+00:00\" \/>\n<meta name=\"twitter:card\" content=\"summary_large_image\" \/>\n<meta name=\"twitter:label1\" content=\"Tiempo de lectura\" \/>\n\t<meta name=\"twitter:data1\" content=\"1 minuto\" \/>\n<script type=\"application\/ld+json\" class=\"yoast-schema-graph\">{\"@context\":\"https:\/\/schema.org\",\"@graph\":[{\"@type\":\"WebPage\",\"@id\":\"https:\/\/departamento.us.es\/diqaus\/master\/master-de-ingenieria-ambiental\/perfiles-recomendados\/\",\"url\":\"https:\/\/departamento.us.es\/diqaus\/master\/master-de-ingenieria-ambiental\/perfiles-recomendados\/\",\"name\":\"Perfiles recomendados para nuestro m\u00e1ster en Ingenier\u00eda Ambiental - US\",\"isPartOf\":{\"@id\":\"https:\/\/departamento.us.es\/diqaus\/#website\"},\"datePublished\":\"2014-10-16T11:01:45+00:00\",\"dateModified\":\"2021-11-25T17:57:44+00:00\",\"description\":\"Si est\u00e1s dudando si estudiar o no este m\u00e1ster, te contamos a qu\u00e9 perfiles est\u00e1 orientado. No te quedes con las dudas.\",\"breadcrumb\":{\"@id\":\"https:\/\/departamento.us.es\/diqaus\/master\/master-de-ingenieria-ambiental\/perfiles-recomendados\/#breadcrumb\"},\"inLanguage\":\"es\",\"potentialAction\":[{\"@type\":\"ReadAction\",\"target\":[\"https:\/\/departamento.us.es\/diqaus\/master\/master-de-ingenieria-ambiental\/perfiles-recomendados\/\"]}]},{\"@type\":\"BreadcrumbList\",\"@id\":\"https:\/\/departamento.us.es\/diqaus\/master\/master-de-ingenieria-ambiental\/perfiles-recomendados\/#breadcrumb\",\"itemListElement\":[{\"@type\":\"ListItem\",\"position\":1,\"name\":\"Portada\",\"item\":\"https:\/\/departamento.us.es\/diqaus\/\"},{\"@type\":\"ListItem\",\"position\":2,\"name\":\"M\u00e1ster\",\"item\":\"https:\/\/departamento.us.es\/diqaus\/master\/\"},{\"@type\":\"ListItem\",\"position\":3,\"name\":\"M\u00e1ster de Ingenier\u00eda Ambiental\",\"item\":\"https:\/\/departamento.us.es\/diqaus\/master\/master-de-ingenieria-ambiental\/\"},{\"@type\":\"ListItem\",\"position\":4,\"name\":\"Perfiles recomendados\"}]},{\"@type\":\"WebSite\",\"@id\":\"https:\/\/departamento.us.es\/diqaus\/#website\",\"url\":\"https:\/\/departamento.us.es\/diqaus\/\",\"name\":\"Departamento Ingenier\u00eda Qu\u00edmica y Ambiental US\",\"description\":\"Web del Departamento de Ingenier\u00eda Qu\u00edmica y Ambiental de la Universidad de Sevilla. Informaci\u00f3n sobre los estudios de Grado, Masters, l\u00edneas de investigaci\u00f3n y salidas laborales.\",\"publisher\":{\"@id\":\"https:\/\/departamento.us.es\/diqaus\/#organization\"},\"potentialAction\":[{\"@type\":\"SearchAction\",\"target\":{\"@type\":\"EntryPoint\",\"urlTemplate\":\"https:\/\/departamento.us.es\/diqaus\/?s={search_term_string}\"},\"query-input\":{\"@type\":\"PropertyValueSpecification\",\"valueRequired\":true,\"valueName\":\"search_term_string\"}}],\"inLanguage\":\"es\"},{\"@type\":\"Organization\",\"@id\":\"https:\/\/departamento.us.es\/diqaus\/#organization\",\"name\":\"Departamento de Ingenier\u00eda Qu\u00edmica y Ambiental US\",\"url\":\"https:\/\/departamento.us.es\/diqaus\/\",\"logo\":{\"@type\":\"ImageObject\",\"inLanguage\":\"es\",\"@id\":\"https:\/\/departamento.us.es\/diqaus\/#\/schema\/logo\/image\/\",\"url\":\"https:\/\/departamento.us.es\/diqaus\/wp-content\/uploads\/2021\/11\/logo-departamento-ingenieria-quimica-ambiental-us-e1637856642858.png\",\"contentUrl\":\"https:\/\/departamento.us.es\/diqaus\/wp-content\/uploads\/2021\/11\/logo-departamento-ingenieria-quimica-ambiental-us-e1637856642858.png\",\"width\":126,\"height\":127,\"caption\":\"Departamento de Ingenier\u00eda Qu\u00edmica y Ambiental US\"},\"image\":{\"@id\":\"https:\/\/departamento.us.es\/diqaus\/#\/schema\/logo\/image\/\"}}]}<\/script>\n<!-- \/ Yoast SEO plugin. -->","yoast_head_json":{"title":"Perfiles recomendados para nuestro m\u00e1ster en Ingenier\u00eda Ambiental - US","description":"Si est\u00e1s dudando si estudiar o no este m\u00e1ster, te contamos a qu\u00e9 perfiles est\u00e1 orientado. No te quedes con las dudas.","robots":{"index":"index","follow":"follow","max-snippet":"max-snippet:-1","max-image-preview":"max-image-preview:large","max-video-preview":"max-video-preview:-1"},"canonical":"https:\/\/departamento.us.es\/diqaus\/master\/master-de-ingenieria-ambiental\/perfiles-recomendados\/","og_locale":"es_ES","og_type":"article","og_title":"Perfiles recomendados para nuestro m\u00e1ster en Ingenier\u00eda Ambiental - US","og_description":"Si est\u00e1s dudando si estudiar o no este m\u00e1ster, te contamos a qu\u00e9 perfiles est\u00e1 orientado. No te quedes con las dudas.","og_url":"https:\/\/departamento.us.es\/diqaus\/master\/master-de-ingenieria-ambiental\/perfiles-recomendados\/","og_site_name":"Departamento Ingenier\u00eda Qu\u00edmica y Ambiental US","article_modified_time":"2021-11-25T17:57:44+00:00","twitter_card":"summary_large_image","twitter_misc":{"Tiempo de lectura":"1 minuto"},"schema":{"@context":"https:\/\/schema.org","@graph":[{"@type":"WebPage","@id":"https:\/\/departamento.us.es\/diqaus\/master\/master-de-ingenieria-ambiental\/perfiles-recomendados\/","url":"https:\/\/departamento.us.es\/diqaus\/master\/master-de-ingenieria-ambiental\/perfiles-recomendados\/","name":"Perfiles recomendados para nuestro m\u00e1ster en Ingenier\u00eda Ambiental - US","isPartOf":{"@id":"https:\/\/departamento.us.es\/diqaus\/#website"},"datePublished":"2014-10-16T11:01:45+00:00","dateModified":"2021-11-25T17:57:44+00:00","description":"Si est\u00e1s dudando si estudiar o no este m\u00e1ster, te contamos a qu\u00e9 perfiles est\u00e1 orientado. No te quedes con las dudas.","breadcrumb":{"@id":"https:\/\/departamento.us.es\/diqaus\/master\/master-de-ingenieria-ambiental\/perfiles-recomendados\/#breadcrumb"},"inLanguage":"es","potentialAction":[{"@type":"ReadAction","target":["https:\/\/departamento.us.es\/diqaus\/master\/master-de-ingenieria-ambiental\/perfiles-recomendados\/"]}]},{"@type":"BreadcrumbList","@id":"https:\/\/departamento.us.es\/diqaus\/master\/master-de-ingenieria-ambiental\/perfiles-recomendados\/#breadcrumb","itemListElement":[{"@type":"ListItem","position":1,"name":"Portada","item":"https:\/\/departamento.us.es\/diqaus\/"},{"@type":"ListItem","position":2,"name":"M\u00e1ster","item":"https:\/\/departamento.us.es\/diqaus\/master\/"},{"@type":"ListItem","position":3,"name":"M\u00e1ster de Ingenier\u00eda Ambiental","item":"https:\/\/departamento.us.es\/diqaus\/master\/master-de-ingenieria-ambiental\/"},{"@type":"ListItem","position":4,"name":"Perfiles recomendados"}]},{"@type":"WebSite","@id":"https:\/\/departamento.us.es\/diqaus\/#website","url":"https:\/\/departamento.us.es\/diqaus\/","name":"Departamento Ingenier\u00eda Qu\u00edmica y Ambiental US","description":"Web del Departamento de Ingenier\u00eda Qu\u00edmica y Ambiental de la Universidad de Sevilla. Informaci\u00f3n sobre los estudios de Grado, Masters, l\u00edneas de investigaci\u00f3n y salidas laborales.","publisher":{"@id":"https:\/\/departamento.us.es\/diqaus\/#organization"},"potentialAction":[{"@type":"SearchAction","target":{"@type":"EntryPoint","urlTemplate":"https:\/\/departamento.us.es\/diqaus\/?s={search_term_string}"},"query-input":{"@type":"PropertyValueSpecification","valueRequired":true,"valueName":"search_term_string"}}],"inLanguage":"es"},{"@type":"Organization","@id":"https:\/\/departamento.us.es\/diqaus\/#organization","name":"Departamento de Ingenier\u00eda Qu\u00edmica y Ambiental US","url":"https:\/\/departamento.us.es\/diqaus\/","logo":{"@type":"ImageObject","inLanguage":"es","@id":"https:\/\/departamento.us.es\/diqaus\/#\/schema\/logo\/image\/","url":"https:\/\/departamento.us.es\/diqaus\/wp-content\/uploads\/2021\/11\/logo-departamento-ingenieria-quimica-ambiental-us-e1637856642858.png","contentUrl":"https:\/\/departamento.us.es\/diqaus\/wp-content\/uploads\/2021\/11\/logo-departamento-ingenieria-quimica-ambiental-us-e1637856642858.png","width":126,"height":127,"caption":"Departamento de Ingenier\u00eda Qu\u00edmica y Ambiental US"},"image":{"@id":"https:\/\/departamento.us.es\/diqaus\/#\/schema\/logo\/image\/"}}]}},"_links":{"self":[{"href":"https:\/\/departamento.us.es\/diqaus\/wp-json\/wp\/v2\/pages\/199","targetHints":{"allow":["GET"]}}],"collection":[{"href":"https:\/\/departamento.us.es\/diqaus\/wp-json\/wp\/v2\/pages"}],"about":[{"href":"https:\/\/departamento.us.es\/diqaus\/wp-json\/wp\/v2\/types\/page"}],"author":[{"embeddable":true,"href":"https:\/\/departamento.us.es\/diqaus\/wp-json\/wp\/v2\/users\/1"}],"replies":[{"embeddable":true,"href":"https:\/\/departamento.us.es\/diqaus\/wp-json\/wp\/v2\/comments?post=199"}],"version-history":[{"count":2,"href":"https:\/\/departamento.us.es\/diqaus\/wp-json\/wp\/v2\/pages\/199\/revisions"}],"predecessor-version":[{"id":1535,"href":"https:\/\/departamento.us.es\/diqaus\/wp-json\/wp\/v2\/pages\/199\/revisions\/1535"}],"up":[{"embeddable":true,"href":"https:\/\/departamento.us.es\/diqaus\/wp-json\/wp\/v2\/pages\/188"}],"wp:attachment":[{"href":"https:\/\/departamento.us.es\/diqaus\/wp-json\/wp\/v2\/media?parent=199"}],"curies":[{"name":"wp","href":"https:\/\/api.w.org\/{rel}","templated":true}]}}