{"id":204,"date":"2014-10-16T11:58:28","date_gmt":"2014-10-16T11:58:28","guid":{"rendered":"http:\/\/departamento.us.es\/diqaus\/?page_id=204"},"modified":"2021-11-25T17:42:31","modified_gmt":"2021-11-25T17:42:31","slug":"que-es-la-ingenieria-quimica","status":"publish","type":"page","link":"https:\/\/departamento.us.es\/diqaus\/grado\/que-es-la-ingenieria-quimica\/","title":{"rendered":"\u00bfQu\u00e9 es la Ingenier\u00eda Qu\u00edmica?"},"content":{"rendered":"<p>La Ingenier\u00eda Qu\u00edmica es una <strong>rama de la Ingenier\u00eda<\/strong> involucrada en la <strong>producci\u00f3n<\/strong> de una amplia gama de productos que demanda la sociedad moderna de una forma <strong>sostenible, segura, econ\u00f3mica y respetuosa con el medio ambiente<\/strong>. Esa <strong>amplia gama de productos<\/strong> incluye, adem\u00e1s de los tradicionales productos de la Industria Qu\u00edmica (<strong>carburantes, pl\u00e1sticos, fertilizantes, detergentes, papel,<\/strong> etc.), otros de gran importancia como <strong>productos farmac\u00e9uticos, cosm\u00e9ticos y nuevos materiales<\/strong> (fibra de carbono, grafeno, etc.)<\/p>\n","protected":false},"excerpt":{"rendered":"<p>La Ingenier\u00eda Qu\u00edmica es una rama de la Ingenier\u00eda involucrada en la producci\u00f3n de una amplia gama de productos que demanda la sociedad moderna de una forma sostenible, segura, econ\u00f3mica y respetuosa con el medio ambiente. Esa amplia gama de productos incluye, adem\u00e1s de los tradicionales productos de la Industria Qu\u00edmica (carburantes, pl\u00e1sticos, fertilizantes, detergentes, [&hellip;]<\/p>\n","protected":false},"author":1,"featured_media":0,"parent":2,"menu_order":0,"comment_status":"open","ping_status":"open","template":"","meta":{"footnotes":""},"class_list":["post-204","page","type-page","status-publish","hentry"],"yoast_head":"<!-- This site is optimized with the Yoast SEO plugin v27.1.1 - https:\/\/yoast.com\/product\/yoast-seo-wordpress\/ -->\n<title>\u00bfQu\u00e9 es la Ingenier\u00eda Qu\u00edmica? - Universidad de Sevilla<\/title>\n<meta name=\"description\" content=\"Si piensas estudiar en nuestra facultad, tendr\u00e1s los mejores profesores y expertos. Pero, primero, \u00bfsabes qu\u00e9 es la ingenier\u00eda qu\u00edmica?\" \/>\n<meta name=\"robots\" content=\"index, follow, max-snippet:-1, max-image-preview:large, max-video-preview:-1\" \/>\n<link rel=\"canonical\" href=\"https:\/\/departamento.us.es\/diqaus\/grado\/que-es-la-ingenieria-quimica\/\" \/>\n<meta property=\"og:locale\" content=\"es_ES\" \/>\n<meta property=\"og:type\" content=\"article\" \/>\n<meta property=\"og:title\" content=\"\u00bfQu\u00e9 es la Ingenier\u00eda Qu\u00edmica? - Universidad de Sevilla\" \/>\n<meta property=\"og:description\" content=\"Si piensas estudiar en nuestra facultad, tendr\u00e1s los mejores profesores y expertos. Pero, primero, \u00bfsabes qu\u00e9 es la ingenier\u00eda qu\u00edmica?\" \/>\n<meta property=\"og:url\" content=\"https:\/\/departamento.us.es\/diqaus\/grado\/que-es-la-ingenieria-quimica\/\" \/>\n<meta property=\"og:site_name\" content=\"Departamento Ingenier\u00eda Qu\u00edmica y Ambiental US\" \/>\n<meta property=\"article:modified_time\" content=\"2021-11-25T17:42:31+00:00\" \/>\n<meta name=\"twitter:card\" content=\"summary_large_image\" \/>\n<script type=\"application\/ld+json\" class=\"yoast-schema-graph\">{\"@context\":\"https:\/\/schema.org\",\"@graph\":[{\"@type\":\"WebPage\",\"@id\":\"https:\/\/departamento.us.es\/diqaus\/grado\/que-es-la-ingenieria-quimica\/\",\"url\":\"https:\/\/departamento.us.es\/diqaus\/grado\/que-es-la-ingenieria-quimica\/\",\"name\":\"\u00bfQu\u00e9 es la Ingenier\u00eda Qu\u00edmica? - Universidad de Sevilla\",\"isPartOf\":{\"@id\":\"https:\/\/departamento.us.es\/diqaus\/#website\"},\"datePublished\":\"2014-10-16T11:58:28+00:00\",\"dateModified\":\"2021-11-25T17:42:31+00:00\",\"description\":\"Si piensas estudiar en nuestra facultad, tendr\u00e1s los mejores profesores y expertos. Pero, primero, \u00bfsabes qu\u00e9 es la ingenier\u00eda qu\u00edmica?\",\"breadcrumb\":{\"@id\":\"https:\/\/departamento.us.es\/diqaus\/grado\/que-es-la-ingenieria-quimica\/#breadcrumb\"},\"inLanguage\":\"es\",\"potentialAction\":[{\"@type\":\"ReadAction\",\"target\":[\"https:\/\/departamento.us.es\/diqaus\/grado\/que-es-la-ingenieria-quimica\/\"]}]},{\"@type\":\"BreadcrumbList\",\"@id\":\"https:\/\/departamento.us.es\/diqaus\/grado\/que-es-la-ingenieria-quimica\/#breadcrumb\",\"itemListElement\":[{\"@type\":\"ListItem\",\"position\":1,\"name\":\"Portada\",\"item\":\"https:\/\/departamento.us.es\/diqaus\/\"},{\"@type\":\"ListItem\",\"position\":2,\"name\":\"Grado\",\"item\":\"https:\/\/departamento.us.es\/diqaus\/grado\/\"},{\"@type\":\"ListItem\",\"position\":3,\"name\":\"\u00bfQu\u00e9 es la Ingenier\u00eda Qu\u00edmica?\"}]},{\"@type\":\"WebSite\",\"@id\":\"https:\/\/departamento.us.es\/diqaus\/#website\",\"url\":\"https:\/\/departamento.us.es\/diqaus\/\",\"name\":\"Departamento Ingenier\u00eda Qu\u00edmica y Ambiental US\",\"description\":\"Web del Departamento de Ingenier\u00eda Qu\u00edmica y Ambiental de la Universidad de Sevilla. Informaci\u00f3n sobre los estudios de Grado, Masters, l\u00edneas de investigaci\u00f3n y salidas laborales.\",\"publisher\":{\"@id\":\"https:\/\/departamento.us.es\/diqaus\/#organization\"},\"potentialAction\":[{\"@type\":\"SearchAction\",\"target\":{\"@type\":\"EntryPoint\",\"urlTemplate\":\"https:\/\/departamento.us.es\/diqaus\/?s={search_term_string}\"},\"query-input\":{\"@type\":\"PropertyValueSpecification\",\"valueRequired\":true,\"valueName\":\"search_term_string\"}}],\"inLanguage\":\"es\"},{\"@type\":\"Organization\",\"@id\":\"https:\/\/departamento.us.es\/diqaus\/#organization\",\"name\":\"Departamento de Ingenier\u00eda Qu\u00edmica y Ambiental US\",\"url\":\"https:\/\/departamento.us.es\/diqaus\/\",\"logo\":{\"@type\":\"ImageObject\",\"inLanguage\":\"es\",\"@id\":\"https:\/\/departamento.us.es\/diqaus\/#\/schema\/logo\/image\/\",\"url\":\"https:\/\/departamento.us.es\/diqaus\/wp-content\/uploads\/2021\/11\/logo-departamento-ingenieria-quimica-ambiental-us-e1637856642858.png\",\"contentUrl\":\"https:\/\/departamento.us.es\/diqaus\/wp-content\/uploads\/2021\/11\/logo-departamento-ingenieria-quimica-ambiental-us-e1637856642858.png\",\"width\":126,\"height\":127,\"caption\":\"Departamento de Ingenier\u00eda Qu\u00edmica y Ambiental US\"},\"image\":{\"@id\":\"https:\/\/departamento.us.es\/diqaus\/#\/schema\/logo\/image\/\"}}]}<\/script>\n<!-- \/ Yoast SEO plugin. -->","yoast_head_json":{"title":"\u00bfQu\u00e9 es la Ingenier\u00eda Qu\u00edmica? - Universidad de Sevilla","description":"Si piensas estudiar en nuestra facultad, tendr\u00e1s los mejores profesores y expertos. Pero, primero, \u00bfsabes qu\u00e9 es la ingenier\u00eda qu\u00edmica?","robots":{"index":"index","follow":"follow","max-snippet":"max-snippet:-1","max-image-preview":"max-image-preview:large","max-video-preview":"max-video-preview:-1"},"canonical":"https:\/\/departamento.us.es\/diqaus\/grado\/que-es-la-ingenieria-quimica\/","og_locale":"es_ES","og_type":"article","og_title":"\u00bfQu\u00e9 es la Ingenier\u00eda Qu\u00edmica? - Universidad de Sevilla","og_description":"Si piensas estudiar en nuestra facultad, tendr\u00e1s los mejores profesores y expertos. Pero, primero, \u00bfsabes qu\u00e9 es la ingenier\u00eda qu\u00edmica?","og_url":"https:\/\/departamento.us.es\/diqaus\/grado\/que-es-la-ingenieria-quimica\/","og_site_name":"Departamento Ingenier\u00eda Qu\u00edmica y Ambiental US","article_modified_time":"2021-11-25T17:42:31+00:00","twitter_card":"summary_large_image","schema":{"@context":"https:\/\/schema.org","@graph":[{"@type":"WebPage","@id":"https:\/\/departamento.us.es\/diqaus\/grado\/que-es-la-ingenieria-quimica\/","url":"https:\/\/departamento.us.es\/diqaus\/grado\/que-es-la-ingenieria-quimica\/","name":"\u00bfQu\u00e9 es la Ingenier\u00eda Qu\u00edmica? - Universidad de Sevilla","isPartOf":{"@id":"https:\/\/departamento.us.es\/diqaus\/#website"},"datePublished":"2014-10-16T11:58:28+00:00","dateModified":"2021-11-25T17:42:31+00:00","description":"Si piensas estudiar en nuestra facultad, tendr\u00e1s los mejores profesores y expertos. Pero, primero, \u00bfsabes qu\u00e9 es la ingenier\u00eda qu\u00edmica?","breadcrumb":{"@id":"https:\/\/departamento.us.es\/diqaus\/grado\/que-es-la-ingenieria-quimica\/#breadcrumb"},"inLanguage":"es","potentialAction":[{"@type":"ReadAction","target":["https:\/\/departamento.us.es\/diqaus\/grado\/que-es-la-ingenieria-quimica\/"]}]},{"@type":"BreadcrumbList","@id":"https:\/\/departamento.us.es\/diqaus\/grado\/que-es-la-ingenieria-quimica\/#breadcrumb","itemListElement":[{"@type":"ListItem","position":1,"name":"Portada","item":"https:\/\/departamento.us.es\/diqaus\/"},{"@type":"ListItem","position":2,"name":"Grado","item":"https:\/\/departamento.us.es\/diqaus\/grado\/"},{"@type":"ListItem","position":3,"name":"\u00bfQu\u00e9 es la Ingenier\u00eda Qu\u00edmica?"}]},{"@type":"WebSite","@id":"https:\/\/departamento.us.es\/diqaus\/#website","url":"https:\/\/departamento.us.es\/diqaus\/","name":"Departamento Ingenier\u00eda Qu\u00edmica y Ambiental US","description":"Web del Departamento de Ingenier\u00eda Qu\u00edmica y Ambiental de la Universidad de Sevilla. Informaci\u00f3n sobre los estudios de Grado, Masters, l\u00edneas de investigaci\u00f3n y salidas laborales.","publisher":{"@id":"https:\/\/departamento.us.es\/diqaus\/#organization"},"potentialAction":[{"@type":"SearchAction","target":{"@type":"EntryPoint","urlTemplate":"https:\/\/departamento.us.es\/diqaus\/?s={search_term_string}"},"query-input":{"@type":"PropertyValueSpecification","valueRequired":true,"valueName":"search_term_string"}}],"inLanguage":"es"},{"@type":"Organization","@id":"https:\/\/departamento.us.es\/diqaus\/#organization","name":"Departamento de Ingenier\u00eda Qu\u00edmica y Ambiental US","url":"https:\/\/departamento.us.es\/diqaus\/","logo":{"@type":"ImageObject","inLanguage":"es","@id":"https:\/\/departamento.us.es\/diqaus\/#\/schema\/logo\/image\/","url":"https:\/\/departamento.us.es\/diqaus\/wp-content\/uploads\/2021\/11\/logo-departamento-ingenieria-quimica-ambiental-us-e1637856642858.png","contentUrl":"https:\/\/departamento.us.es\/diqaus\/wp-content\/uploads\/2021\/11\/logo-departamento-ingenieria-quimica-ambiental-us-e1637856642858.png","width":126,"height":127,"caption":"Departamento de Ingenier\u00eda Qu\u00edmica y Ambiental US"},"image":{"@id":"https:\/\/departamento.us.es\/diqaus\/#\/schema\/logo\/image\/"}}]}},"_links":{"self":[{"href":"https:\/\/departamento.us.es\/diqaus\/wp-json\/wp\/v2\/pages\/204","targetHints":{"allow":["GET"]}}],"collection":[{"href":"https:\/\/departamento.us.es\/diqaus\/wp-json\/wp\/v2\/pages"}],"about":[{"href":"https:\/\/departamento.us.es\/diqaus\/wp-json\/wp\/v2\/types\/page"}],"author":[{"embeddable":true,"href":"https:\/\/departamento.us.es\/diqaus\/wp-json\/wp\/v2\/users\/1"}],"replies":[{"embeddable":true,"href":"https:\/\/departamento.us.es\/diqaus\/wp-json\/wp\/v2\/comments?post=204"}],"version-history":[{"count":2,"href":"https:\/\/departamento.us.es\/diqaus\/wp-json\/wp\/v2\/pages\/204\/revisions"}],"predecessor-version":[{"id":543,"href":"https:\/\/departamento.us.es\/diqaus\/wp-json\/wp\/v2\/pages\/204\/revisions\/543"}],"up":[{"embeddable":true,"href":"https:\/\/departamento.us.es\/diqaus\/wp-json\/wp\/v2\/pages\/2"}],"wp:attachment":[{"href":"https:\/\/departamento.us.es\/diqaus\/wp-json\/wp\/v2\/media?parent=204"}],"curies":[{"name":"wp","href":"https:\/\/api.w.org\/{rel}","templated":true}]}}