{"id":206,"date":"2014-10-16T11:59:59","date_gmt":"2014-10-16T11:59:59","guid":{"rendered":"http:\/\/departamento.us.es\/diqaus\/?page_id=206"},"modified":"2021-11-25T17:43:29","modified_gmt":"2021-11-25T17:43:29","slug":"profesiones-de-la-ingenieria-quimica","status":"publish","type":"page","link":"https:\/\/departamento.us.es\/diqaus\/grado\/profesiones-de-la-ingenieria-quimica\/","title":{"rendered":"Profesiones de la Ingenier\u00eda Qu\u00edmica"},"content":{"rendered":"<h3 id=\"anchor2\">\u00bfQu\u00e9 hacen los profesionales de la Ingenier\u00eda Qu\u00edmica?<\/h3>\n<p>El campo de actuaci\u00f3n de los Ingenieros\/as Qu\u00edmicos abarca\u00a0 no s\u00f3lo el<strong> dise\u00f1o, la construcci\u00f3n, el mantenimiento y la operaci\u00f3n de instalaciones<\/strong> para la fabricaci\u00f3n de <a title=\"\u00bfQu\u00e9 es la Ingenier\u00eda Qu\u00edmica?\" href=\"http:\/\/departamento.us.es\/diqaus\/grado\/que-es-la-ingenieria-quimica\/\">esos productos<\/a> <strong>(Ingenier\u00eda de Proceso)<\/strong>, sino <strong>tambi\u00e9n el desarrollo de nuevos productos<\/strong> con mejores propiedades <strong>para cubrir la demanda de tecnolog\u00edas modernas<\/strong> relacionadas con la medicina, la electr\u00f3nica, la nanotecnolog\u00eda y las energ\u00edas renovables. Asimismo, los profesionales de la Ingenier\u00eda Qu\u00edmica son, sin duda, los mejores preparados para realizar tareas de <strong>Ingenier\u00eda Ambiental<\/strong> en campos de la <strong>prevenci\u00f3n y control medioambiental en la industria,<\/strong> como la protecci\u00f3n del medio ambiente atmosf\u00e9rico, el tratamiento de aguas, la gesti\u00f3n de residuos, los estudios de impacto ambiental, los sistemas de gesti\u00f3n ambiental, el an\u00e1lisis de ciclo de vida, etc.<\/p>\n<p>Para afrontar esta amplia gama de tareas el profesional de la Ingenier\u00eda Qu\u00edmica requiere una amplia <strong>formaci\u00f3n en ciencias b\u00e1sicas<\/strong> (matem\u00e1ticas, f\u00edsica, qu\u00edmica y biolog\u00eda), <strong>ciencias de la ingenier\u00eda<\/strong> como termodin\u00e1mica, mec\u00e1nica de fluidos, transferencia de calor y de masa, cin\u00e9tica qu\u00edmica, bioqu\u00edmica y materiales. Asimismo, debe especializarse en\u00a0 <strong>materias espec\u00edficas de la Ingenier\u00eda Qu\u00edmica<\/strong> como las relativas a las Operaciones de Separaci\u00f3n, los Reactores y el Control de Procesos y, tambi\u00e9n, <strong>conocimientos pr\u00e1cticos propios de otras ingenier\u00edas como la Ingenier\u00eda El\u00e9ctrica, la Ingenier\u00eda Mec\u00e1nica y la Ingenier\u00eda Civil<\/strong>. Esta gran variedad de conocimientos y habilidades que poseen los profesionales de la Ingenier\u00eda qu\u00edmica son los que ha permitido catalogarlo como el <strong>ingeniero universal<\/strong> al compararlo con otros tipos de ingenier\u00edas cuyo campo de actuaci\u00f3n es mucho m\u00e1s limitado.<\/p>\n","protected":false},"excerpt":{"rendered":"<p>\u00bfQu\u00e9 hacen los profesionales de la Ingenier\u00eda Qu\u00edmica? El campo de actuaci\u00f3n de los Ingenieros\/as Qu\u00edmicos abarca\u00a0 no s\u00f3lo el dise\u00f1o, la construcci\u00f3n, el mantenimiento y la operaci\u00f3n de instalaciones para la fabricaci\u00f3n de esos productos (Ingenier\u00eda de Proceso), sino tambi\u00e9n el desarrollo de nuevos productos con mejores propiedades para cubrir la demanda de tecnolog\u00edas [&hellip;]<\/p>\n","protected":false},"author":1,"featured_media":0,"parent":2,"menu_order":0,"comment_status":"open","ping_status":"open","template":"","meta":{"footnotes":""},"class_list":["post-206","page","type-page","status-publish","hentry"],"yoast_head":"<!-- This site is optimized with the Yoast SEO plugin v27.1.1 - https:\/\/yoast.com\/product\/yoast-seo-wordpress\/ -->\n<title>Profesiones de la Ingenier\u00eda Qu\u00edmica - Universidad de Sevilla<\/title>\n<meta name=\"description\" content=\"Nuestro grado y m\u00e1ster de ingenier\u00eda qu\u00edmica de la Universidad de Sevilla tiene grandes salidas profesionales. Te lo contamos en nuestra web.\" \/>\n<meta name=\"robots\" content=\"index, follow, max-snippet:-1, max-image-preview:large, max-video-preview:-1\" \/>\n<link rel=\"canonical\" href=\"https:\/\/departamento.us.es\/diqaus\/grado\/profesiones-de-la-ingenieria-quimica\/\" \/>\n<meta property=\"og:locale\" content=\"es_ES\" \/>\n<meta property=\"og:type\" content=\"article\" \/>\n<meta property=\"og:title\" content=\"Profesiones de la Ingenier\u00eda Qu\u00edmica - Universidad de Sevilla\" \/>\n<meta property=\"og:description\" content=\"Nuestro grado y m\u00e1ster de ingenier\u00eda qu\u00edmica de la Universidad de Sevilla tiene grandes salidas profesionales. Te lo contamos en nuestra web.\" \/>\n<meta property=\"og:url\" content=\"https:\/\/departamento.us.es\/diqaus\/grado\/profesiones-de-la-ingenieria-quimica\/\" \/>\n<meta property=\"og:site_name\" content=\"Departamento Ingenier\u00eda Qu\u00edmica y Ambiental US\" \/>\n<meta property=\"article:modified_time\" content=\"2021-11-25T17:43:29+00:00\" \/>\n<meta name=\"twitter:card\" content=\"summary_large_image\" \/>\n<meta name=\"twitter:label1\" content=\"Tiempo de lectura\" \/>\n\t<meta name=\"twitter:data1\" content=\"2 minutos\" \/>\n<script type=\"application\/ld+json\" class=\"yoast-schema-graph\">{\"@context\":\"https:\/\/schema.org\",\"@graph\":[{\"@type\":\"WebPage\",\"@id\":\"https:\/\/departamento.us.es\/diqaus\/grado\/profesiones-de-la-ingenieria-quimica\/\",\"url\":\"https:\/\/departamento.us.es\/diqaus\/grado\/profesiones-de-la-ingenieria-quimica\/\",\"name\":\"Profesiones de la Ingenier\u00eda Qu\u00edmica - Universidad de Sevilla\",\"isPartOf\":{\"@id\":\"https:\/\/departamento.us.es\/diqaus\/#website\"},\"datePublished\":\"2014-10-16T11:59:59+00:00\",\"dateModified\":\"2021-11-25T17:43:29+00:00\",\"description\":\"Nuestro grado y m\u00e1ster de ingenier\u00eda qu\u00edmica de la Universidad de Sevilla tiene grandes salidas profesionales. Te lo contamos en nuestra web.\",\"breadcrumb\":{\"@id\":\"https:\/\/departamento.us.es\/diqaus\/grado\/profesiones-de-la-ingenieria-quimica\/#breadcrumb\"},\"inLanguage\":\"es\",\"potentialAction\":[{\"@type\":\"ReadAction\",\"target\":[\"https:\/\/departamento.us.es\/diqaus\/grado\/profesiones-de-la-ingenieria-quimica\/\"]}]},{\"@type\":\"BreadcrumbList\",\"@id\":\"https:\/\/departamento.us.es\/diqaus\/grado\/profesiones-de-la-ingenieria-quimica\/#breadcrumb\",\"itemListElement\":[{\"@type\":\"ListItem\",\"position\":1,\"name\":\"Portada\",\"item\":\"https:\/\/departamento.us.es\/diqaus\/\"},{\"@type\":\"ListItem\",\"position\":2,\"name\":\"Grado\",\"item\":\"https:\/\/departamento.us.es\/diqaus\/grado\/\"},{\"@type\":\"ListItem\",\"position\":3,\"name\":\"Profesiones de la Ingenier\u00eda Qu\u00edmica\"}]},{\"@type\":\"WebSite\",\"@id\":\"https:\/\/departamento.us.es\/diqaus\/#website\",\"url\":\"https:\/\/departamento.us.es\/diqaus\/\",\"name\":\"Departamento Ingenier\u00eda Qu\u00edmica y Ambiental US\",\"description\":\"Web del Departamento de Ingenier\u00eda Qu\u00edmica y Ambiental de la Universidad de Sevilla. Informaci\u00f3n sobre los estudios de Grado, Masters, l\u00edneas de investigaci\u00f3n y salidas laborales.\",\"publisher\":{\"@id\":\"https:\/\/departamento.us.es\/diqaus\/#organization\"},\"potentialAction\":[{\"@type\":\"SearchAction\",\"target\":{\"@type\":\"EntryPoint\",\"urlTemplate\":\"https:\/\/departamento.us.es\/diqaus\/?s={search_term_string}\"},\"query-input\":{\"@type\":\"PropertyValueSpecification\",\"valueRequired\":true,\"valueName\":\"search_term_string\"}}],\"inLanguage\":\"es\"},{\"@type\":\"Organization\",\"@id\":\"https:\/\/departamento.us.es\/diqaus\/#organization\",\"name\":\"Departamento de Ingenier\u00eda Qu\u00edmica y Ambiental US\",\"url\":\"https:\/\/departamento.us.es\/diqaus\/\",\"logo\":{\"@type\":\"ImageObject\",\"inLanguage\":\"es\",\"@id\":\"https:\/\/departamento.us.es\/diqaus\/#\/schema\/logo\/image\/\",\"url\":\"https:\/\/departamento.us.es\/diqaus\/wp-content\/uploads\/2021\/11\/logo-departamento-ingenieria-quimica-ambiental-us-e1637856642858.png\",\"contentUrl\":\"https:\/\/departamento.us.es\/diqaus\/wp-content\/uploads\/2021\/11\/logo-departamento-ingenieria-quimica-ambiental-us-e1637856642858.png\",\"width\":126,\"height\":127,\"caption\":\"Departamento de Ingenier\u00eda Qu\u00edmica y Ambiental US\"},\"image\":{\"@id\":\"https:\/\/departamento.us.es\/diqaus\/#\/schema\/logo\/image\/\"}}]}<\/script>\n<!-- \/ Yoast SEO plugin. -->","yoast_head_json":{"title":"Profesiones de la Ingenier\u00eda Qu\u00edmica - Universidad de Sevilla","description":"Nuestro grado y m\u00e1ster de ingenier\u00eda qu\u00edmica de la Universidad de Sevilla tiene grandes salidas profesionales. Te lo contamos en nuestra web.","robots":{"index":"index","follow":"follow","max-snippet":"max-snippet:-1","max-image-preview":"max-image-preview:large","max-video-preview":"max-video-preview:-1"},"canonical":"https:\/\/departamento.us.es\/diqaus\/grado\/profesiones-de-la-ingenieria-quimica\/","og_locale":"es_ES","og_type":"article","og_title":"Profesiones de la Ingenier\u00eda Qu\u00edmica - Universidad de Sevilla","og_description":"Nuestro grado y m\u00e1ster de ingenier\u00eda qu\u00edmica de la Universidad de Sevilla tiene grandes salidas profesionales. Te lo contamos en nuestra web.","og_url":"https:\/\/departamento.us.es\/diqaus\/grado\/profesiones-de-la-ingenieria-quimica\/","og_site_name":"Departamento Ingenier\u00eda Qu\u00edmica y Ambiental US","article_modified_time":"2021-11-25T17:43:29+00:00","twitter_card":"summary_large_image","twitter_misc":{"Tiempo de lectura":"2 minutos"},"schema":{"@context":"https:\/\/schema.org","@graph":[{"@type":"WebPage","@id":"https:\/\/departamento.us.es\/diqaus\/grado\/profesiones-de-la-ingenieria-quimica\/","url":"https:\/\/departamento.us.es\/diqaus\/grado\/profesiones-de-la-ingenieria-quimica\/","name":"Profesiones de la Ingenier\u00eda Qu\u00edmica - Universidad de Sevilla","isPartOf":{"@id":"https:\/\/departamento.us.es\/diqaus\/#website"},"datePublished":"2014-10-16T11:59:59+00:00","dateModified":"2021-11-25T17:43:29+00:00","description":"Nuestro grado y m\u00e1ster de ingenier\u00eda qu\u00edmica de la Universidad de Sevilla tiene grandes salidas profesionales. Te lo contamos en nuestra web.","breadcrumb":{"@id":"https:\/\/departamento.us.es\/diqaus\/grado\/profesiones-de-la-ingenieria-quimica\/#breadcrumb"},"inLanguage":"es","potentialAction":[{"@type":"ReadAction","target":["https:\/\/departamento.us.es\/diqaus\/grado\/profesiones-de-la-ingenieria-quimica\/"]}]},{"@type":"BreadcrumbList","@id":"https:\/\/departamento.us.es\/diqaus\/grado\/profesiones-de-la-ingenieria-quimica\/#breadcrumb","itemListElement":[{"@type":"ListItem","position":1,"name":"Portada","item":"https:\/\/departamento.us.es\/diqaus\/"},{"@type":"ListItem","position":2,"name":"Grado","item":"https:\/\/departamento.us.es\/diqaus\/grado\/"},{"@type":"ListItem","position":3,"name":"Profesiones de la Ingenier\u00eda Qu\u00edmica"}]},{"@type":"WebSite","@id":"https:\/\/departamento.us.es\/diqaus\/#website","url":"https:\/\/departamento.us.es\/diqaus\/","name":"Departamento Ingenier\u00eda Qu\u00edmica y Ambiental US","description":"Web del Departamento de Ingenier\u00eda Qu\u00edmica y Ambiental de la Universidad de Sevilla. Informaci\u00f3n sobre los estudios de Grado, Masters, l\u00edneas de investigaci\u00f3n y salidas laborales.","publisher":{"@id":"https:\/\/departamento.us.es\/diqaus\/#organization"},"potentialAction":[{"@type":"SearchAction","target":{"@type":"EntryPoint","urlTemplate":"https:\/\/departamento.us.es\/diqaus\/?s={search_term_string}"},"query-input":{"@type":"PropertyValueSpecification","valueRequired":true,"valueName":"search_term_string"}}],"inLanguage":"es"},{"@type":"Organization","@id":"https:\/\/departamento.us.es\/diqaus\/#organization","name":"Departamento de Ingenier\u00eda Qu\u00edmica y Ambiental US","url":"https:\/\/departamento.us.es\/diqaus\/","logo":{"@type":"ImageObject","inLanguage":"es","@id":"https:\/\/departamento.us.es\/diqaus\/#\/schema\/logo\/image\/","url":"https:\/\/departamento.us.es\/diqaus\/wp-content\/uploads\/2021\/11\/logo-departamento-ingenieria-quimica-ambiental-us-e1637856642858.png","contentUrl":"https:\/\/departamento.us.es\/diqaus\/wp-content\/uploads\/2021\/11\/logo-departamento-ingenieria-quimica-ambiental-us-e1637856642858.png","width":126,"height":127,"caption":"Departamento de Ingenier\u00eda Qu\u00edmica y Ambiental US"},"image":{"@id":"https:\/\/departamento.us.es\/diqaus\/#\/schema\/logo\/image\/"}}]}},"_links":{"self":[{"href":"https:\/\/departamento.us.es\/diqaus\/wp-json\/wp\/v2\/pages\/206","targetHints":{"allow":["GET"]}}],"collection":[{"href":"https:\/\/departamento.us.es\/diqaus\/wp-json\/wp\/v2\/pages"}],"about":[{"href":"https:\/\/departamento.us.es\/diqaus\/wp-json\/wp\/v2\/types\/page"}],"author":[{"embeddable":true,"href":"https:\/\/departamento.us.es\/diqaus\/wp-json\/wp\/v2\/users\/1"}],"replies":[{"embeddable":true,"href":"https:\/\/departamento.us.es\/diqaus\/wp-json\/wp\/v2\/comments?post=206"}],"version-history":[{"count":3,"href":"https:\/\/departamento.us.es\/diqaus\/wp-json\/wp\/v2\/pages\/206\/revisions"}],"predecessor-version":[{"id":1042,"href":"https:\/\/departamento.us.es\/diqaus\/wp-json\/wp\/v2\/pages\/206\/revisions\/1042"}],"up":[{"embeddable":true,"href":"https:\/\/departamento.us.es\/diqaus\/wp-json\/wp\/v2\/pages\/2"}],"wp:attachment":[{"href":"https:\/\/departamento.us.es\/diqaus\/wp-json\/wp\/v2\/media?parent=206"}],"curies":[{"name":"wp","href":"https:\/\/api.w.org\/{rel}","templated":true}]}}