{"id":208,"date":"2014-10-16T12:01:55","date_gmt":"2014-10-16T12:01:55","guid":{"rendered":"http:\/\/departamento.us.es\/diqaus\/?page_id=208"},"modified":"2021-11-25T17:44:36","modified_gmt":"2021-11-25T17:44:36","slug":"formacion-requerida","status":"publish","type":"page","link":"https:\/\/departamento.us.es\/diqaus\/grado\/formacion-requerida\/","title":{"rendered":"Formaci\u00f3n requerida"},"content":{"rendered":"<h3 id=\"anchor3\">Formaci\u00f3n para estudiar Ingenier\u00eda Qu\u00edmica<\/h3>\n<p>Al igual que para cursar con \u00e9xito cualquier titulaci\u00f3n, los estudiantes deben reunir tres caracter\u00edsticas: una formaci\u00f3n adecuada, unas capacidades personales espec\u00edficas e inter\u00e9s por los estudios a desarrollar.<\/p>\n<p>Los conocimientos necesarios para ingresar en esta titulaci\u00f3n son comunes con la mayor\u00eda de los grados en Ingenier\u00eda, siendo necesaria una <strong>buena formaci\u00f3n<\/strong> en bachillerato en asignaturas del \u00e1rea cient\u00edfica: <strong>Matem\u00e1ticas, Qu\u00edmica y F\u00edsica<\/strong>.<\/p>\n<p>Por lo que se refiere a las <strong>capacidades personales,<\/strong> es una carrera en la que se requiere una actitud de predisposici\u00f3n para el trabajo individual, capacidad de concentraci\u00f3n, facilidad para el aprendizaje aut\u00f3nomo, habilidad para organizar el tiempo y el estudio, y responsabilidad para el trabajo en equipo.<\/p>\n<p>Pensando en su futuro profesional, deben <strong>tener inter\u00e9s en los fundamentos y procesos de las transformaciones qu\u00edmicas y sus correspondientes aplicaciones industriales<\/strong> para obtener productos y materiales, as\u00ed como para innovar y desarrollar nuevas aplicaciones. La <strong>gesti\u00f3n medioambiental<\/strong> tambi\u00e9n es un \u00e1mbito de inter\u00e9s para un futuro ingeniero qu\u00edmico.<\/p>\n","protected":false},"excerpt":{"rendered":"<p>Formaci\u00f3n para estudiar Ingenier\u00eda Qu\u00edmica Al igual que para cursar con \u00e9xito cualquier titulaci\u00f3n, los estudiantes deben reunir tres caracter\u00edsticas: una formaci\u00f3n adecuada, unas capacidades personales espec\u00edficas e inter\u00e9s por los estudios a desarrollar. Los conocimientos necesarios para ingresar en esta titulaci\u00f3n son comunes con la mayor\u00eda de los grados en Ingenier\u00eda, siendo necesaria una [&hellip;]<\/p>\n","protected":false},"author":1,"featured_media":0,"parent":2,"menu_order":0,"comment_status":"open","ping_status":"open","template":"","meta":{"footnotes":""},"class_list":["post-208","page","type-page","status-publish","hentry"],"yoast_head":"<!-- This site is optimized with the Yoast SEO plugin v27.1.1 - https:\/\/yoast.com\/product\/yoast-seo-wordpress\/ -->\n<title>Formaci\u00f3n requerida - Departamento Ingenier\u00eda Qu\u00edmica y Ambiental US<\/title>\n<meta name=\"description\" content=\"\u00bfQuieres estudiar ingenier\u00eda qu\u00edmica pero no sabes qu\u00e9 formaci\u00f3n es necesario tener? No te preocupes, te lo contamos todo en nuestra web.\" \/>\n<meta name=\"robots\" content=\"index, follow, max-snippet:-1, max-image-preview:large, max-video-preview:-1\" \/>\n<link rel=\"canonical\" href=\"https:\/\/departamento.us.es\/diqaus\/grado\/formacion-requerida\/\" \/>\n<meta property=\"og:locale\" content=\"es_ES\" \/>\n<meta property=\"og:type\" content=\"article\" \/>\n<meta property=\"og:title\" content=\"Formaci\u00f3n requerida - Departamento Ingenier\u00eda Qu\u00edmica y Ambiental US\" \/>\n<meta property=\"og:description\" content=\"\u00bfQuieres estudiar ingenier\u00eda qu\u00edmica pero no sabes qu\u00e9 formaci\u00f3n es necesario tener? No te preocupes, te lo contamos todo en nuestra web.\" \/>\n<meta property=\"og:url\" content=\"https:\/\/departamento.us.es\/diqaus\/grado\/formacion-requerida\/\" \/>\n<meta property=\"og:site_name\" content=\"Departamento Ingenier\u00eda Qu\u00edmica y Ambiental US\" \/>\n<meta property=\"article:modified_time\" content=\"2021-11-25T17:44:36+00:00\" \/>\n<meta name=\"twitter:card\" content=\"summary_large_image\" \/>\n<meta name=\"twitter:label1\" content=\"Tiempo de lectura\" \/>\n\t<meta name=\"twitter:data1\" content=\"1 minuto\" \/>\n<script type=\"application\/ld+json\" class=\"yoast-schema-graph\">{\"@context\":\"https:\/\/schema.org\",\"@graph\":[{\"@type\":\"WebPage\",\"@id\":\"https:\/\/departamento.us.es\/diqaus\/grado\/formacion-requerida\/\",\"url\":\"https:\/\/departamento.us.es\/diqaus\/grado\/formacion-requerida\/\",\"name\":\"Formaci\u00f3n requerida - Departamento Ingenier\u00eda Qu\u00edmica y Ambiental US\",\"isPartOf\":{\"@id\":\"https:\/\/departamento.us.es\/diqaus\/#website\"},\"datePublished\":\"2014-10-16T12:01:55+00:00\",\"dateModified\":\"2021-11-25T17:44:36+00:00\",\"description\":\"\u00bfQuieres estudiar ingenier\u00eda qu\u00edmica pero no sabes qu\u00e9 formaci\u00f3n es necesario tener? No te preocupes, te lo contamos todo en nuestra web.\",\"breadcrumb\":{\"@id\":\"https:\/\/departamento.us.es\/diqaus\/grado\/formacion-requerida\/#breadcrumb\"},\"inLanguage\":\"es\",\"potentialAction\":[{\"@type\":\"ReadAction\",\"target\":[\"https:\/\/departamento.us.es\/diqaus\/grado\/formacion-requerida\/\"]}]},{\"@type\":\"BreadcrumbList\",\"@id\":\"https:\/\/departamento.us.es\/diqaus\/grado\/formacion-requerida\/#breadcrumb\",\"itemListElement\":[{\"@type\":\"ListItem\",\"position\":1,\"name\":\"Portada\",\"item\":\"https:\/\/departamento.us.es\/diqaus\/\"},{\"@type\":\"ListItem\",\"position\":2,\"name\":\"Grado\",\"item\":\"https:\/\/departamento.us.es\/diqaus\/grado\/\"},{\"@type\":\"ListItem\",\"position\":3,\"name\":\"Formaci\u00f3n requerida\"}]},{\"@type\":\"WebSite\",\"@id\":\"https:\/\/departamento.us.es\/diqaus\/#website\",\"url\":\"https:\/\/departamento.us.es\/diqaus\/\",\"name\":\"Departamento Ingenier\u00eda Qu\u00edmica y Ambiental US\",\"description\":\"Web del Departamento de Ingenier\u00eda Qu\u00edmica y Ambiental de la Universidad de Sevilla. Informaci\u00f3n sobre los estudios de Grado, Masters, l\u00edneas de investigaci\u00f3n y salidas laborales.\",\"publisher\":{\"@id\":\"https:\/\/departamento.us.es\/diqaus\/#organization\"},\"potentialAction\":[{\"@type\":\"SearchAction\",\"target\":{\"@type\":\"EntryPoint\",\"urlTemplate\":\"https:\/\/departamento.us.es\/diqaus\/?s={search_term_string}\"},\"query-input\":{\"@type\":\"PropertyValueSpecification\",\"valueRequired\":true,\"valueName\":\"search_term_string\"}}],\"inLanguage\":\"es\"},{\"@type\":\"Organization\",\"@id\":\"https:\/\/departamento.us.es\/diqaus\/#organization\",\"name\":\"Departamento de Ingenier\u00eda Qu\u00edmica y Ambiental US\",\"url\":\"https:\/\/departamento.us.es\/diqaus\/\",\"logo\":{\"@type\":\"ImageObject\",\"inLanguage\":\"es\",\"@id\":\"https:\/\/departamento.us.es\/diqaus\/#\/schema\/logo\/image\/\",\"url\":\"https:\/\/departamento.us.es\/diqaus\/wp-content\/uploads\/2021\/11\/logo-departamento-ingenieria-quimica-ambiental-us-e1637856642858.png\",\"contentUrl\":\"https:\/\/departamento.us.es\/diqaus\/wp-content\/uploads\/2021\/11\/logo-departamento-ingenieria-quimica-ambiental-us-e1637856642858.png\",\"width\":126,\"height\":127,\"caption\":\"Departamento de Ingenier\u00eda Qu\u00edmica y Ambiental US\"},\"image\":{\"@id\":\"https:\/\/departamento.us.es\/diqaus\/#\/schema\/logo\/image\/\"}}]}<\/script>\n<!-- \/ Yoast SEO plugin. -->","yoast_head_json":{"title":"Formaci\u00f3n requerida - Departamento Ingenier\u00eda Qu\u00edmica y Ambiental US","description":"\u00bfQuieres estudiar ingenier\u00eda qu\u00edmica pero no sabes qu\u00e9 formaci\u00f3n es necesario tener? No te preocupes, te lo contamos todo en nuestra web.","robots":{"index":"index","follow":"follow","max-snippet":"max-snippet:-1","max-image-preview":"max-image-preview:large","max-video-preview":"max-video-preview:-1"},"canonical":"https:\/\/departamento.us.es\/diqaus\/grado\/formacion-requerida\/","og_locale":"es_ES","og_type":"article","og_title":"Formaci\u00f3n requerida - Departamento Ingenier\u00eda Qu\u00edmica y Ambiental US","og_description":"\u00bfQuieres estudiar ingenier\u00eda qu\u00edmica pero no sabes qu\u00e9 formaci\u00f3n es necesario tener? No te preocupes, te lo contamos todo en nuestra web.","og_url":"https:\/\/departamento.us.es\/diqaus\/grado\/formacion-requerida\/","og_site_name":"Departamento Ingenier\u00eda Qu\u00edmica y Ambiental US","article_modified_time":"2021-11-25T17:44:36+00:00","twitter_card":"summary_large_image","twitter_misc":{"Tiempo de lectura":"1 minuto"},"schema":{"@context":"https:\/\/schema.org","@graph":[{"@type":"WebPage","@id":"https:\/\/departamento.us.es\/diqaus\/grado\/formacion-requerida\/","url":"https:\/\/departamento.us.es\/diqaus\/grado\/formacion-requerida\/","name":"Formaci\u00f3n requerida - Departamento Ingenier\u00eda Qu\u00edmica y Ambiental US","isPartOf":{"@id":"https:\/\/departamento.us.es\/diqaus\/#website"},"datePublished":"2014-10-16T12:01:55+00:00","dateModified":"2021-11-25T17:44:36+00:00","description":"\u00bfQuieres estudiar ingenier\u00eda qu\u00edmica pero no sabes qu\u00e9 formaci\u00f3n es necesario tener? No te preocupes, te lo contamos todo en nuestra web.","breadcrumb":{"@id":"https:\/\/departamento.us.es\/diqaus\/grado\/formacion-requerida\/#breadcrumb"},"inLanguage":"es","potentialAction":[{"@type":"ReadAction","target":["https:\/\/departamento.us.es\/diqaus\/grado\/formacion-requerida\/"]}]},{"@type":"BreadcrumbList","@id":"https:\/\/departamento.us.es\/diqaus\/grado\/formacion-requerida\/#breadcrumb","itemListElement":[{"@type":"ListItem","position":1,"name":"Portada","item":"https:\/\/departamento.us.es\/diqaus\/"},{"@type":"ListItem","position":2,"name":"Grado","item":"https:\/\/departamento.us.es\/diqaus\/grado\/"},{"@type":"ListItem","position":3,"name":"Formaci\u00f3n requerida"}]},{"@type":"WebSite","@id":"https:\/\/departamento.us.es\/diqaus\/#website","url":"https:\/\/departamento.us.es\/diqaus\/","name":"Departamento Ingenier\u00eda Qu\u00edmica y Ambiental US","description":"Web del Departamento de Ingenier\u00eda Qu\u00edmica y Ambiental de la Universidad de Sevilla. Informaci\u00f3n sobre los estudios de Grado, Masters, l\u00edneas de investigaci\u00f3n y salidas laborales.","publisher":{"@id":"https:\/\/departamento.us.es\/diqaus\/#organization"},"potentialAction":[{"@type":"SearchAction","target":{"@type":"EntryPoint","urlTemplate":"https:\/\/departamento.us.es\/diqaus\/?s={search_term_string}"},"query-input":{"@type":"PropertyValueSpecification","valueRequired":true,"valueName":"search_term_string"}}],"inLanguage":"es"},{"@type":"Organization","@id":"https:\/\/departamento.us.es\/diqaus\/#organization","name":"Departamento de Ingenier\u00eda Qu\u00edmica y Ambiental US","url":"https:\/\/departamento.us.es\/diqaus\/","logo":{"@type":"ImageObject","inLanguage":"es","@id":"https:\/\/departamento.us.es\/diqaus\/#\/schema\/logo\/image\/","url":"https:\/\/departamento.us.es\/diqaus\/wp-content\/uploads\/2021\/11\/logo-departamento-ingenieria-quimica-ambiental-us-e1637856642858.png","contentUrl":"https:\/\/departamento.us.es\/diqaus\/wp-content\/uploads\/2021\/11\/logo-departamento-ingenieria-quimica-ambiental-us-e1637856642858.png","width":126,"height":127,"caption":"Departamento de Ingenier\u00eda Qu\u00edmica y Ambiental US"},"image":{"@id":"https:\/\/departamento.us.es\/diqaus\/#\/schema\/logo\/image\/"}}]}},"_links":{"self":[{"href":"https:\/\/departamento.us.es\/diqaus\/wp-json\/wp\/v2\/pages\/208","targetHints":{"allow":["GET"]}}],"collection":[{"href":"https:\/\/departamento.us.es\/diqaus\/wp-json\/wp\/v2\/pages"}],"about":[{"href":"https:\/\/departamento.us.es\/diqaus\/wp-json\/wp\/v2\/types\/page"}],"author":[{"embeddable":true,"href":"https:\/\/departamento.us.es\/diqaus\/wp-json\/wp\/v2\/users\/1"}],"replies":[{"embeddable":true,"href":"https:\/\/departamento.us.es\/diqaus\/wp-json\/wp\/v2\/comments?post=208"}],"version-history":[{"count":2,"href":"https:\/\/departamento.us.es\/diqaus\/wp-json\/wp\/v2\/pages\/208\/revisions"}],"predecessor-version":[{"id":549,"href":"https:\/\/departamento.us.es\/diqaus\/wp-json\/wp\/v2\/pages\/208\/revisions\/549"}],"up":[{"embeddable":true,"href":"https:\/\/departamento.us.es\/diqaus\/wp-json\/wp\/v2\/pages\/2"}],"wp:attachment":[{"href":"https:\/\/departamento.us.es\/diqaus\/wp-json\/wp\/v2\/media?parent=208"}],"curies":[{"name":"wp","href":"https:\/\/api.w.org\/{rel}","templated":true}]}}