{"id":2090,"date":"2020-10-17T09:29:41","date_gmt":"2020-10-17T09:29:41","guid":{"rendered":"http:\/\/departamento.us.es\/diqaus\/?page_id=2090"},"modified":"2020-10-17T09:47:52","modified_gmt":"2020-10-17T09:47:52","slug":"catedra-de-economia-circular","status":"publish","type":"page","link":"https:\/\/departamento.us.es\/diqaus\/empresas\/catedras\/catedra-de-economia-circular\/","title":{"rendered":"C\u00e1tedra de Econom\u00eda Circular"},"content":{"rendered":"<p><img loading=\"lazy\" decoding=\"async\" class=\"alignright wp-image-2096\" src=\"http:\/\/departamento.us.es\/diqaus\/wp-content\/uploads\/2020\/10\/catedra_aborgase-300x87.jpg\" alt=\"C\u00e1tedra de Econom\u00eda Circular\" width=\"400\" height=\"116\" srcset=\"https:\/\/departamento.us.es\/diqaus\/wp-content\/uploads\/2020\/10\/catedra_aborgase-300x87.jpg 300w, https:\/\/departamento.us.es\/diqaus\/wp-content\/uploads\/2020\/10\/catedra_aborgase.jpg 661w\" sizes=\"auto, (max-width: 400px) 100vw, 400px\" \/><br \/>\nLa <strong>C\u00e1tedra de Gesti\u00f3n de Residuos en la Econom\u00eda Circular<\/strong> tiene por objeto la promoci\u00f3n de actividades docentes, de investigaci\u00f3n y divulgaci\u00f3n, que estudien la realidad, problem\u00e1tica y perspectivas de la gesti\u00f3n de los residuos, desde todos los puntos de vista que se estimen relevantes en el \u00e1mbito de la Sostenibilidad en general, y la Econom\u00eda Circular en particular, ocup\u00e1ndose de desarrollar los programas formativos y las tareas de investigaci\u00f3n que contribuyan a mejorar la formaci\u00f3n en estas materias entre los estudiantes y egresados de la Universidad de Sevilla.<\/p>\n<p>La C\u00e1tedra programar\u00e1, entre otras acciones, para cumplir sus objetivos:<\/p>\n<ul>\n<li>La realizaci\u00f3n de actividades de I+D+i.<\/li>\n<li>La realizaci\u00f3n de cursos de postgrado y de especializaci\u00f3n para alumnos y profesionales.<\/li>\n<li>El desarrollo de actividades promocionales, divulgativas, de estudio, y formativas.<\/li>\n<li>La organizaci\u00f3n de foros de encuentro entre acad\u00e9micos, empresarios, estudiantes y\/o cualesquiera otras personas o entidades directa o indirectamente relacionadas con la prevenci\u00f3n de riesgos laborales.<\/li>\n<li>La realizaci\u00f3n de Trabajos Fin de Carrera y Tesis Doctorales.<\/li>\n<li>La concesi\u00f3n de becas y premios.<\/li>\n<\/ul>\n<p>M\u00e1s informaci\u00f3n en la web de la c\u00e1tedra:<\/p>\n<p><a class=\"enlaceexterno\" href=\"https:\/\/catedraeconomiacircular-us.es\/\" target=\"_blank\" rel=\"noopener noreferrer\">https:\/\/catedraeconomiacircular-us.es\/<\/a><\/p>\n","protected":false},"excerpt":{"rendered":"<p>La C\u00e1tedra de Gesti\u00f3n de Residuos en la Econom\u00eda Circular tiene por objeto la promoci\u00f3n de actividades docentes, de investigaci\u00f3n y divulgaci\u00f3n, que estudien la realidad, problem\u00e1tica y perspectivas de la gesti\u00f3n de los residuos, desde todos los puntos de vista que se estimen relevantes en el \u00e1mbito de la Sostenibilidad en general, y la [&hellip;]<\/p>\n","protected":false},"author":1,"featured_media":0,"parent":284,"menu_order":0,"comment_status":"closed","ping_status":"closed","template":"","meta":{"footnotes":""},"class_list":["post-2090","page","type-page","status-publish","hentry"],"yoast_head":"<!-- This site is optimized with the Yoast SEO plugin v27.1.1 - https:\/\/yoast.com\/product\/yoast-seo-wordpress\/ -->\n<title>C\u00e1tedra de Econom\u00eda Circular - Departamento Ingenier\u00eda Qu\u00edmica y Ambiental US<\/title>\n<meta name=\"robots\" content=\"index, follow, max-snippet:-1, max-image-preview:large, max-video-preview:-1\" \/>\n<link rel=\"canonical\" href=\"https:\/\/departamento.us.es\/diqaus\/empresas\/catedras\/catedra-de-economia-circular\/\" \/>\n<meta property=\"og:locale\" content=\"es_ES\" \/>\n<meta property=\"og:type\" content=\"article\" \/>\n<meta property=\"og:title\" content=\"C\u00e1tedra de Econom\u00eda Circular - Departamento Ingenier\u00eda Qu\u00edmica y Ambiental US\" \/>\n<meta property=\"og:description\" content=\"La C\u00e1tedra de Gesti\u00f3n de Residuos en la Econom\u00eda Circular tiene por objeto la promoci\u00f3n de actividades docentes, de investigaci\u00f3n y divulgaci\u00f3n, que estudien la realidad, problem\u00e1tica y perspectivas de la gesti\u00f3n de los residuos, desde todos los puntos de vista que se estimen relevantes en el \u00e1mbito de la Sostenibilidad en general, y la [&hellip;]\" \/>\n<meta property=\"og:url\" content=\"https:\/\/departamento.us.es\/diqaus\/empresas\/catedras\/catedra-de-economia-circular\/\" \/>\n<meta property=\"og:site_name\" content=\"Departamento Ingenier\u00eda Qu\u00edmica y Ambiental US\" \/>\n<meta property=\"article:modified_time\" content=\"2020-10-17T09:47:52+00:00\" \/>\n<meta property=\"og:image\" content=\"http:\/\/departamento.us.es\/diqaus\/wp-content\/uploads\/2020\/10\/catedra_aborgase-300x87.jpg\" \/>\n<meta name=\"twitter:card\" content=\"summary_large_image\" \/>\n<meta name=\"twitter:label1\" content=\"Tiempo de lectura\" \/>\n\t<meta name=\"twitter:data1\" content=\"1 minuto\" \/>\n<script type=\"application\/ld+json\" class=\"yoast-schema-graph\">{\"@context\":\"https:\/\/schema.org\",\"@graph\":[{\"@type\":\"WebPage\",\"@id\":\"https:\/\/departamento.us.es\/diqaus\/empresas\/catedras\/catedra-de-economia-circular\/\",\"url\":\"https:\/\/departamento.us.es\/diqaus\/empresas\/catedras\/catedra-de-economia-circular\/\",\"name\":\"C\u00e1tedra de Econom\u00eda Circular - Departamento Ingenier\u00eda Qu\u00edmica y Ambiental US\",\"isPartOf\":{\"@id\":\"https:\/\/departamento.us.es\/diqaus\/#website\"},\"primaryImageOfPage\":{\"@id\":\"https:\/\/departamento.us.es\/diqaus\/empresas\/catedras\/catedra-de-economia-circular\/#primaryimage\"},\"image\":{\"@id\":\"https:\/\/departamento.us.es\/diqaus\/empresas\/catedras\/catedra-de-economia-circular\/#primaryimage\"},\"thumbnailUrl\":\"http:\/\/departamento.us.es\/diqaus\/wp-content\/uploads\/2020\/10\/catedra_aborgase-300x87.jpg\",\"datePublished\":\"2020-10-17T09:29:41+00:00\",\"dateModified\":\"2020-10-17T09:47:52+00:00\",\"breadcrumb\":{\"@id\":\"https:\/\/departamento.us.es\/diqaus\/empresas\/catedras\/catedra-de-economia-circular\/#breadcrumb\"},\"inLanguage\":\"es\",\"potentialAction\":[{\"@type\":\"ReadAction\",\"target\":[\"https:\/\/departamento.us.es\/diqaus\/empresas\/catedras\/catedra-de-economia-circular\/\"]}]},{\"@type\":\"ImageObject\",\"inLanguage\":\"es\",\"@id\":\"https:\/\/departamento.us.es\/diqaus\/empresas\/catedras\/catedra-de-economia-circular\/#primaryimage\",\"url\":\"https:\/\/departamento.us.es\/diqaus\/wp-content\/uploads\/2020\/10\/catedra_aborgase.jpg\",\"contentUrl\":\"https:\/\/departamento.us.es\/diqaus\/wp-content\/uploads\/2020\/10\/catedra_aborgase.jpg\",\"width\":661,\"height\":192},{\"@type\":\"BreadcrumbList\",\"@id\":\"https:\/\/departamento.us.es\/diqaus\/empresas\/catedras\/catedra-de-economia-circular\/#breadcrumb\",\"itemListElement\":[{\"@type\":\"ListItem\",\"position\":1,\"name\":\"Portada\",\"item\":\"https:\/\/departamento.us.es\/diqaus\/\"},{\"@type\":\"ListItem\",\"position\":2,\"name\":\"Empresas\",\"item\":\"https:\/\/departamento.us.es\/diqaus\/empresas\/\"},{\"@type\":\"ListItem\",\"position\":3,\"name\":\"C\u00e1tedras\",\"item\":\"https:\/\/departamento.us.es\/diqaus\/empresas\/catedras\/\"},{\"@type\":\"ListItem\",\"position\":4,\"name\":\"C\u00e1tedra de Econom\u00eda Circular\"}]},{\"@type\":\"WebSite\",\"@id\":\"https:\/\/departamento.us.es\/diqaus\/#website\",\"url\":\"https:\/\/departamento.us.es\/diqaus\/\",\"name\":\"Departamento Ingenier\u00eda Qu\u00edmica y Ambiental US\",\"description\":\"Web del Departamento de Ingenier\u00eda Qu\u00edmica y Ambiental de la Universidad de Sevilla. Informaci\u00f3n sobre los estudios de Grado, Masters, l\u00edneas de investigaci\u00f3n y salidas laborales.\",\"publisher\":{\"@id\":\"https:\/\/departamento.us.es\/diqaus\/#organization\"},\"potentialAction\":[{\"@type\":\"SearchAction\",\"target\":{\"@type\":\"EntryPoint\",\"urlTemplate\":\"https:\/\/departamento.us.es\/diqaus\/?s={search_term_string}\"},\"query-input\":{\"@type\":\"PropertyValueSpecification\",\"valueRequired\":true,\"valueName\":\"search_term_string\"}}],\"inLanguage\":\"es\"},{\"@type\":\"Organization\",\"@id\":\"https:\/\/departamento.us.es\/diqaus\/#organization\",\"name\":\"Departamento de Ingenier\u00eda Qu\u00edmica y Ambiental US\",\"url\":\"https:\/\/departamento.us.es\/diqaus\/\",\"logo\":{\"@type\":\"ImageObject\",\"inLanguage\":\"es\",\"@id\":\"https:\/\/departamento.us.es\/diqaus\/#\/schema\/logo\/image\/\",\"url\":\"https:\/\/departamento.us.es\/diqaus\/wp-content\/uploads\/2021\/11\/logo-departamento-ingenieria-quimica-ambiental-us-e1637856642858.png\",\"contentUrl\":\"https:\/\/departamento.us.es\/diqaus\/wp-content\/uploads\/2021\/11\/logo-departamento-ingenieria-quimica-ambiental-us-e1637856642858.png\",\"width\":126,\"height\":127,\"caption\":\"Departamento de Ingenier\u00eda Qu\u00edmica y Ambiental US\"},\"image\":{\"@id\":\"https:\/\/departamento.us.es\/diqaus\/#\/schema\/logo\/image\/\"}}]}<\/script>\n<!-- \/ Yoast SEO plugin. -->","yoast_head_json":{"title":"C\u00e1tedra de Econom\u00eda Circular - Departamento Ingenier\u00eda Qu\u00edmica y Ambiental US","robots":{"index":"index","follow":"follow","max-snippet":"max-snippet:-1","max-image-preview":"max-image-preview:large","max-video-preview":"max-video-preview:-1"},"canonical":"https:\/\/departamento.us.es\/diqaus\/empresas\/catedras\/catedra-de-economia-circular\/","og_locale":"es_ES","og_type":"article","og_title":"C\u00e1tedra de Econom\u00eda Circular - Departamento Ingenier\u00eda Qu\u00edmica y Ambiental US","og_description":"La C\u00e1tedra de Gesti\u00f3n de Residuos en la Econom\u00eda Circular tiene por objeto la promoci\u00f3n de actividades docentes, de investigaci\u00f3n y divulgaci\u00f3n, que estudien la realidad, problem\u00e1tica y perspectivas de la gesti\u00f3n de los residuos, desde todos los puntos de vista que se estimen relevantes en el \u00e1mbito de la Sostenibilidad en general, y la [&hellip;]","og_url":"https:\/\/departamento.us.es\/diqaus\/empresas\/catedras\/catedra-de-economia-circular\/","og_site_name":"Departamento Ingenier\u00eda Qu\u00edmica y Ambiental US","article_modified_time":"2020-10-17T09:47:52+00:00","og_image":[{"url":"http:\/\/departamento.us.es\/diqaus\/wp-content\/uploads\/2020\/10\/catedra_aborgase-300x87.jpg","type":"","width":"","height":""}],"twitter_card":"summary_large_image","twitter_misc":{"Tiempo de lectura":"1 minuto"},"schema":{"@context":"https:\/\/schema.org","@graph":[{"@type":"WebPage","@id":"https:\/\/departamento.us.es\/diqaus\/empresas\/catedras\/catedra-de-economia-circular\/","url":"https:\/\/departamento.us.es\/diqaus\/empresas\/catedras\/catedra-de-economia-circular\/","name":"C\u00e1tedra de Econom\u00eda Circular - Departamento Ingenier\u00eda Qu\u00edmica y Ambiental US","isPartOf":{"@id":"https:\/\/departamento.us.es\/diqaus\/#website"},"primaryImageOfPage":{"@id":"https:\/\/departamento.us.es\/diqaus\/empresas\/catedras\/catedra-de-economia-circular\/#primaryimage"},"image":{"@id":"https:\/\/departamento.us.es\/diqaus\/empresas\/catedras\/catedra-de-economia-circular\/#primaryimage"},"thumbnailUrl":"http:\/\/departamento.us.es\/diqaus\/wp-content\/uploads\/2020\/10\/catedra_aborgase-300x87.jpg","datePublished":"2020-10-17T09:29:41+00:00","dateModified":"2020-10-17T09:47:52+00:00","breadcrumb":{"@id":"https:\/\/departamento.us.es\/diqaus\/empresas\/catedras\/catedra-de-economia-circular\/#breadcrumb"},"inLanguage":"es","potentialAction":[{"@type":"ReadAction","target":["https:\/\/departamento.us.es\/diqaus\/empresas\/catedras\/catedra-de-economia-circular\/"]}]},{"@type":"ImageObject","inLanguage":"es","@id":"https:\/\/departamento.us.es\/diqaus\/empresas\/catedras\/catedra-de-economia-circular\/#primaryimage","url":"https:\/\/departamento.us.es\/diqaus\/wp-content\/uploads\/2020\/10\/catedra_aborgase.jpg","contentUrl":"https:\/\/departamento.us.es\/diqaus\/wp-content\/uploads\/2020\/10\/catedra_aborgase.jpg","width":661,"height":192},{"@type":"BreadcrumbList","@id":"https:\/\/departamento.us.es\/diqaus\/empresas\/catedras\/catedra-de-economia-circular\/#breadcrumb","itemListElement":[{"@type":"ListItem","position":1,"name":"Portada","item":"https:\/\/departamento.us.es\/diqaus\/"},{"@type":"ListItem","position":2,"name":"Empresas","item":"https:\/\/departamento.us.es\/diqaus\/empresas\/"},{"@type":"ListItem","position":3,"name":"C\u00e1tedras","item":"https:\/\/departamento.us.es\/diqaus\/empresas\/catedras\/"},{"@type":"ListItem","position":4,"name":"C\u00e1tedra de Econom\u00eda Circular"}]},{"@type":"WebSite","@id":"https:\/\/departamento.us.es\/diqaus\/#website","url":"https:\/\/departamento.us.es\/diqaus\/","name":"Departamento Ingenier\u00eda Qu\u00edmica y Ambiental US","description":"Web del Departamento de Ingenier\u00eda Qu\u00edmica y Ambiental de la Universidad de Sevilla. Informaci\u00f3n sobre los estudios de Grado, Masters, l\u00edneas de investigaci\u00f3n y salidas laborales.","publisher":{"@id":"https:\/\/departamento.us.es\/diqaus\/#organization"},"potentialAction":[{"@type":"SearchAction","target":{"@type":"EntryPoint","urlTemplate":"https:\/\/departamento.us.es\/diqaus\/?s={search_term_string}"},"query-input":{"@type":"PropertyValueSpecification","valueRequired":true,"valueName":"search_term_string"}}],"inLanguage":"es"},{"@type":"Organization","@id":"https:\/\/departamento.us.es\/diqaus\/#organization","name":"Departamento de Ingenier\u00eda Qu\u00edmica y Ambiental US","url":"https:\/\/departamento.us.es\/diqaus\/","logo":{"@type":"ImageObject","inLanguage":"es","@id":"https:\/\/departamento.us.es\/diqaus\/#\/schema\/logo\/image\/","url":"https:\/\/departamento.us.es\/diqaus\/wp-content\/uploads\/2021\/11\/logo-departamento-ingenieria-quimica-ambiental-us-e1637856642858.png","contentUrl":"https:\/\/departamento.us.es\/diqaus\/wp-content\/uploads\/2021\/11\/logo-departamento-ingenieria-quimica-ambiental-us-e1637856642858.png","width":126,"height":127,"caption":"Departamento de Ingenier\u00eda Qu\u00edmica y Ambiental US"},"image":{"@id":"https:\/\/departamento.us.es\/diqaus\/#\/schema\/logo\/image\/"}}]}},"_links":{"self":[{"href":"https:\/\/departamento.us.es\/diqaus\/wp-json\/wp\/v2\/pages\/2090","targetHints":{"allow":["GET"]}}],"collection":[{"href":"https:\/\/departamento.us.es\/diqaus\/wp-json\/wp\/v2\/pages"}],"about":[{"href":"https:\/\/departamento.us.es\/diqaus\/wp-json\/wp\/v2\/types\/page"}],"author":[{"embeddable":true,"href":"https:\/\/departamento.us.es\/diqaus\/wp-json\/wp\/v2\/users\/1"}],"replies":[{"embeddable":true,"href":"https:\/\/departamento.us.es\/diqaus\/wp-json\/wp\/v2\/comments?post=2090"}],"version-history":[{"count":3,"href":"https:\/\/departamento.us.es\/diqaus\/wp-json\/wp\/v2\/pages\/2090\/revisions"}],"predecessor-version":[{"id":2103,"href":"https:\/\/departamento.us.es\/diqaus\/wp-json\/wp\/v2\/pages\/2090\/revisions\/2103"}],"up":[{"embeddable":true,"href":"https:\/\/departamento.us.es\/diqaus\/wp-json\/wp\/v2\/pages\/284"}],"wp:attachment":[{"href":"https:\/\/departamento.us.es\/diqaus\/wp-json\/wp\/v2\/media?parent=2090"}],"curies":[{"name":"wp","href":"https:\/\/api.w.org\/{rel}","templated":true}]}}