{"id":210,"date":"2014-10-16T12:02:33","date_gmt":"2014-10-16T12:02:33","guid":{"rendered":"http:\/\/departamento.us.es\/diqaus\/?page_id=210"},"modified":"2021-11-25T17:46:39","modified_gmt":"2021-11-25T17:46:39","slug":"informacion-sobre-el-grado","status":"publish","type":"page","link":"https:\/\/departamento.us.es\/diqaus\/grado\/informacion-sobre-el-grado\/","title":{"rendered":"Informaci\u00f3n sobre el Grado"},"content":{"rendered":"<h3 id=\"anchor4\">\u00bfC\u00f3mo es el plan de estudios del Grado en Ingenier\u00eda Qu\u00edmica en la Escuela T\u00e9cnica Superior de Ingenier\u00eda de Sevilla?<\/h3>\n<p>Todos los <strong>planes de estudio<\/strong> correspondientes a t\u00edtulos oficiales deben satisfacer una serie de directrices generales y contenidos comunes\u00a0 m\u00ednimos que en el caso <strong>del Grado en Ingenier\u00eda Qu\u00edmica<\/strong> <strong>de la Escuela T\u00e9cnica Superior de Ingenier\u00eda de Sevilla habilitan para el ejercicio de la profesi\u00f3n de Ingeniero T\u00e9cnico Industrial<\/strong> (Orden CIN\/351\/2009, BOE n\u00ba 44 de 20\/2\/2009). Sin embargo, hay diferencias claras entre los planes de estudio de las diferentes Escuelas de Ingenier\u00eda y Facultades del pa\u00eds que se deben a la trayectoria hist\u00f3rica del departamento responsable de la titulaci\u00f3n. En el caso de la Escuela T\u00e9cnica Superior de Ingenier\u00eda de Sevilla el plan de estudios <strong>refuerza las materias de car\u00e1cter ingenieril<\/strong> (Energ\u00eda, Mec\u00e1nica, El\u00e9ctrica, Gesti\u00f3n y Organizaci\u00f3n) frente a las de car\u00e1cter m\u00e1s b\u00e1sico (Qu\u00edmica Org\u00e1nica, Inorg\u00e1nica).<\/p>\n<p>El grado en Ingenier\u00eda Qu\u00edmica tiene una duraci\u00f3n de <strong>4 cursos acad\u00e9micos.<\/strong> En el primer curso se imparten asignaturas b\u00e1sicas, cuyos contenidos son ampliaci\u00f3n de los impartidos en bachillerato, y que permiten el paso a las ciencias de la ingenier\u00eda y a las disciplinas espec\u00edficas de la ingenier\u00eda qu\u00edmica que se estudian en segundo y tercer curso.<\/p>\n<p>La trayectoria investigadora de nuestro departamento y la pertenencia a una Escuela de Ingenier\u00eda ha permitido ofertar <strong>tres especialidades: Procesos Qu\u00edmicos,<\/strong> con una mayor carga de asignaturas relativas a la ingenier\u00eda qu\u00edmica, <strong>Tecnolog\u00eda Industrial,<\/strong> que incluye asignaturas complementarias de otras \u00e1reas de la ingenier\u00eda industrial, e <strong>Ingenier\u00eda Ambiental<\/strong>, con materias espec\u00edficas de la gesti\u00f3n medioambiental y tratamiento de la contaminaci\u00f3n.<\/p>\n<p>Gracias a esta variada formaci\u00f3n, las <strong>salidas profesionales del graduado<\/strong>, con todas las atribuciones profesionales <strong>en<\/strong> el campo de la <strong>Ingenier\u00eda Qu\u00edmica, son muy amplias<\/strong>.<\/p>\n<p>Puedes encontrar <a title=\"Grado en Ingenier\u00eda Qu\u00edmica en la Escuela T\u00e9cnica Superior de Ingenier\u00eda de Sevilla\" href=\"https:\/\/www.us.es\/estudiar\/que-estudiar\/oferta-de-grados\/grado-en-ingenieria-quimica\" target=\"_blank\" rel=\"noopener noreferrer\">informaci\u00f3n m\u00e1s detallada del grado en el siguiente enlace<\/a>.<\/p>\n","protected":false},"excerpt":{"rendered":"<p>\u00bfC\u00f3mo es el plan de estudios del Grado en Ingenier\u00eda Qu\u00edmica en la Escuela T\u00e9cnica Superior de Ingenier\u00eda de Sevilla? Todos los planes de estudio correspondientes a t\u00edtulos oficiales deben satisfacer una serie de directrices generales y contenidos comunes\u00a0 m\u00ednimos que en el caso del Grado en Ingenier\u00eda Qu\u00edmica de la Escuela T\u00e9cnica Superior de [&hellip;]<\/p>\n","protected":false},"author":1,"featured_media":0,"parent":2,"menu_order":0,"comment_status":"open","ping_status":"open","template":"","meta":{"footnotes":""},"class_list":["post-210","page","type-page","status-publish","hentry"],"yoast_head":"<!-- This site is optimized with the Yoast SEO plugin v27.1.1 - https:\/\/yoast.com\/product\/yoast-seo-wordpress\/ -->\n<title>Informaci\u00f3n sobre el Grado de Ingenier\u00eda Qu\u00edmica y Ambiental - US<\/title>\n<meta name=\"description\" content=\"Toda la informaci\u00f3n sobre el grado de ingenier\u00eda qu\u00edmica y ambiental de la Universidad de Sevilla est\u00e1 en nuestra web oficial.\" \/>\n<meta name=\"robots\" content=\"index, follow, max-snippet:-1, max-image-preview:large, max-video-preview:-1\" \/>\n<link rel=\"canonical\" href=\"https:\/\/departamento.us.es\/diqaus\/grado\/informacion-sobre-el-grado\/\" \/>\n<meta property=\"og:locale\" content=\"es_ES\" \/>\n<meta property=\"og:type\" content=\"article\" \/>\n<meta property=\"og:title\" content=\"Informaci\u00f3n sobre el Grado de Ingenier\u00eda Qu\u00edmica y Ambiental - US\" \/>\n<meta property=\"og:description\" content=\"Toda la informaci\u00f3n sobre el grado de ingenier\u00eda qu\u00edmica y ambiental de la Universidad de Sevilla est\u00e1 en nuestra web oficial.\" \/>\n<meta property=\"og:url\" content=\"https:\/\/departamento.us.es\/diqaus\/grado\/informacion-sobre-el-grado\/\" \/>\n<meta property=\"og:site_name\" content=\"Departamento Ingenier\u00eda Qu\u00edmica y Ambiental US\" \/>\n<meta property=\"article:modified_time\" content=\"2021-11-25T17:46:39+00:00\" \/>\n<meta name=\"twitter:card\" content=\"summary_large_image\" \/>\n<meta name=\"twitter:label1\" content=\"Tiempo de lectura\" \/>\n\t<meta name=\"twitter:data1\" content=\"2 minutos\" \/>\n<script type=\"application\/ld+json\" class=\"yoast-schema-graph\">{\"@context\":\"https:\/\/schema.org\",\"@graph\":[{\"@type\":\"WebPage\",\"@id\":\"https:\/\/departamento.us.es\/diqaus\/grado\/informacion-sobre-el-grado\/\",\"url\":\"https:\/\/departamento.us.es\/diqaus\/grado\/informacion-sobre-el-grado\/\",\"name\":\"Informaci\u00f3n sobre el Grado de Ingenier\u00eda Qu\u00edmica y Ambiental - US\",\"isPartOf\":{\"@id\":\"https:\/\/departamento.us.es\/diqaus\/#website\"},\"datePublished\":\"2014-10-16T12:02:33+00:00\",\"dateModified\":\"2021-11-25T17:46:39+00:00\",\"description\":\"Toda la informaci\u00f3n sobre el grado de ingenier\u00eda qu\u00edmica y ambiental de la Universidad de Sevilla est\u00e1 en nuestra web oficial.\",\"breadcrumb\":{\"@id\":\"https:\/\/departamento.us.es\/diqaus\/grado\/informacion-sobre-el-grado\/#breadcrumb\"},\"inLanguage\":\"es\",\"potentialAction\":[{\"@type\":\"ReadAction\",\"target\":[\"https:\/\/departamento.us.es\/diqaus\/grado\/informacion-sobre-el-grado\/\"]}]},{\"@type\":\"BreadcrumbList\",\"@id\":\"https:\/\/departamento.us.es\/diqaus\/grado\/informacion-sobre-el-grado\/#breadcrumb\",\"itemListElement\":[{\"@type\":\"ListItem\",\"position\":1,\"name\":\"Portada\",\"item\":\"https:\/\/departamento.us.es\/diqaus\/\"},{\"@type\":\"ListItem\",\"position\":2,\"name\":\"Grado\",\"item\":\"https:\/\/departamento.us.es\/diqaus\/grado\/\"},{\"@type\":\"ListItem\",\"position\":3,\"name\":\"Informaci\u00f3n sobre el Grado\"}]},{\"@type\":\"WebSite\",\"@id\":\"https:\/\/departamento.us.es\/diqaus\/#website\",\"url\":\"https:\/\/departamento.us.es\/diqaus\/\",\"name\":\"Departamento Ingenier\u00eda Qu\u00edmica y Ambiental US\",\"description\":\"Web del Departamento de Ingenier\u00eda Qu\u00edmica y Ambiental de la Universidad de Sevilla. Informaci\u00f3n sobre los estudios de Grado, Masters, l\u00edneas de investigaci\u00f3n y salidas laborales.\",\"publisher\":{\"@id\":\"https:\/\/departamento.us.es\/diqaus\/#organization\"},\"potentialAction\":[{\"@type\":\"SearchAction\",\"target\":{\"@type\":\"EntryPoint\",\"urlTemplate\":\"https:\/\/departamento.us.es\/diqaus\/?s={search_term_string}\"},\"query-input\":{\"@type\":\"PropertyValueSpecification\",\"valueRequired\":true,\"valueName\":\"search_term_string\"}}],\"inLanguage\":\"es\"},{\"@type\":\"Organization\",\"@id\":\"https:\/\/departamento.us.es\/diqaus\/#organization\",\"name\":\"Departamento de Ingenier\u00eda Qu\u00edmica y Ambiental US\",\"url\":\"https:\/\/departamento.us.es\/diqaus\/\",\"logo\":{\"@type\":\"ImageObject\",\"inLanguage\":\"es\",\"@id\":\"https:\/\/departamento.us.es\/diqaus\/#\/schema\/logo\/image\/\",\"url\":\"https:\/\/departamento.us.es\/diqaus\/wp-content\/uploads\/2021\/11\/logo-departamento-ingenieria-quimica-ambiental-us-e1637856642858.png\",\"contentUrl\":\"https:\/\/departamento.us.es\/diqaus\/wp-content\/uploads\/2021\/11\/logo-departamento-ingenieria-quimica-ambiental-us-e1637856642858.png\",\"width\":126,\"height\":127,\"caption\":\"Departamento de Ingenier\u00eda Qu\u00edmica y Ambiental US\"},\"image\":{\"@id\":\"https:\/\/departamento.us.es\/diqaus\/#\/schema\/logo\/image\/\"}}]}<\/script>\n<!-- \/ Yoast SEO plugin. -->","yoast_head_json":{"title":"Informaci\u00f3n sobre el Grado de Ingenier\u00eda Qu\u00edmica y Ambiental - US","description":"Toda la informaci\u00f3n sobre el grado de ingenier\u00eda qu\u00edmica y ambiental de la Universidad de Sevilla est\u00e1 en nuestra web oficial.","robots":{"index":"index","follow":"follow","max-snippet":"max-snippet:-1","max-image-preview":"max-image-preview:large","max-video-preview":"max-video-preview:-1"},"canonical":"https:\/\/departamento.us.es\/diqaus\/grado\/informacion-sobre-el-grado\/","og_locale":"es_ES","og_type":"article","og_title":"Informaci\u00f3n sobre el Grado de Ingenier\u00eda Qu\u00edmica y Ambiental - US","og_description":"Toda la informaci\u00f3n sobre el grado de ingenier\u00eda qu\u00edmica y ambiental de la Universidad de Sevilla est\u00e1 en nuestra web oficial.","og_url":"https:\/\/departamento.us.es\/diqaus\/grado\/informacion-sobre-el-grado\/","og_site_name":"Departamento Ingenier\u00eda Qu\u00edmica y Ambiental US","article_modified_time":"2021-11-25T17:46:39+00:00","twitter_card":"summary_large_image","twitter_misc":{"Tiempo de lectura":"2 minutos"},"schema":{"@context":"https:\/\/schema.org","@graph":[{"@type":"WebPage","@id":"https:\/\/departamento.us.es\/diqaus\/grado\/informacion-sobre-el-grado\/","url":"https:\/\/departamento.us.es\/diqaus\/grado\/informacion-sobre-el-grado\/","name":"Informaci\u00f3n sobre el Grado de Ingenier\u00eda Qu\u00edmica y Ambiental - US","isPartOf":{"@id":"https:\/\/departamento.us.es\/diqaus\/#website"},"datePublished":"2014-10-16T12:02:33+00:00","dateModified":"2021-11-25T17:46:39+00:00","description":"Toda la informaci\u00f3n sobre el grado de ingenier\u00eda qu\u00edmica y ambiental de la Universidad de Sevilla est\u00e1 en nuestra web oficial.","breadcrumb":{"@id":"https:\/\/departamento.us.es\/diqaus\/grado\/informacion-sobre-el-grado\/#breadcrumb"},"inLanguage":"es","potentialAction":[{"@type":"ReadAction","target":["https:\/\/departamento.us.es\/diqaus\/grado\/informacion-sobre-el-grado\/"]}]},{"@type":"BreadcrumbList","@id":"https:\/\/departamento.us.es\/diqaus\/grado\/informacion-sobre-el-grado\/#breadcrumb","itemListElement":[{"@type":"ListItem","position":1,"name":"Portada","item":"https:\/\/departamento.us.es\/diqaus\/"},{"@type":"ListItem","position":2,"name":"Grado","item":"https:\/\/departamento.us.es\/diqaus\/grado\/"},{"@type":"ListItem","position":3,"name":"Informaci\u00f3n sobre el Grado"}]},{"@type":"WebSite","@id":"https:\/\/departamento.us.es\/diqaus\/#website","url":"https:\/\/departamento.us.es\/diqaus\/","name":"Departamento Ingenier\u00eda Qu\u00edmica y Ambiental US","description":"Web del Departamento de Ingenier\u00eda Qu\u00edmica y Ambiental de la Universidad de Sevilla. Informaci\u00f3n sobre los estudios de Grado, Masters, l\u00edneas de investigaci\u00f3n y salidas laborales.","publisher":{"@id":"https:\/\/departamento.us.es\/diqaus\/#organization"},"potentialAction":[{"@type":"SearchAction","target":{"@type":"EntryPoint","urlTemplate":"https:\/\/departamento.us.es\/diqaus\/?s={search_term_string}"},"query-input":{"@type":"PropertyValueSpecification","valueRequired":true,"valueName":"search_term_string"}}],"inLanguage":"es"},{"@type":"Organization","@id":"https:\/\/departamento.us.es\/diqaus\/#organization","name":"Departamento de Ingenier\u00eda Qu\u00edmica y Ambiental US","url":"https:\/\/departamento.us.es\/diqaus\/","logo":{"@type":"ImageObject","inLanguage":"es","@id":"https:\/\/departamento.us.es\/diqaus\/#\/schema\/logo\/image\/","url":"https:\/\/departamento.us.es\/diqaus\/wp-content\/uploads\/2021\/11\/logo-departamento-ingenieria-quimica-ambiental-us-e1637856642858.png","contentUrl":"https:\/\/departamento.us.es\/diqaus\/wp-content\/uploads\/2021\/11\/logo-departamento-ingenieria-quimica-ambiental-us-e1637856642858.png","width":126,"height":127,"caption":"Departamento de Ingenier\u00eda Qu\u00edmica y Ambiental US"},"image":{"@id":"https:\/\/departamento.us.es\/diqaus\/#\/schema\/logo\/image\/"}}]}},"_links":{"self":[{"href":"https:\/\/departamento.us.es\/diqaus\/wp-json\/wp\/v2\/pages\/210","targetHints":{"allow":["GET"]}}],"collection":[{"href":"https:\/\/departamento.us.es\/diqaus\/wp-json\/wp\/v2\/pages"}],"about":[{"href":"https:\/\/departamento.us.es\/diqaus\/wp-json\/wp\/v2\/types\/page"}],"author":[{"embeddable":true,"href":"https:\/\/departamento.us.es\/diqaus\/wp-json\/wp\/v2\/users\/1"}],"replies":[{"embeddable":true,"href":"https:\/\/departamento.us.es\/diqaus\/wp-json\/wp\/v2\/comments?post=210"}],"version-history":[{"count":2,"href":"https:\/\/departamento.us.es\/diqaus\/wp-json\/wp\/v2\/pages\/210\/revisions"}],"predecessor-version":[{"id":2231,"href":"https:\/\/departamento.us.es\/diqaus\/wp-json\/wp\/v2\/pages\/210\/revisions\/2231"}],"up":[{"embeddable":true,"href":"https:\/\/departamento.us.es\/diqaus\/wp-json\/wp\/v2\/pages\/2"}],"wp:attachment":[{"href":"https:\/\/departamento.us.es\/diqaus\/wp-json\/wp\/v2\/media?parent=210"}],"curies":[{"name":"wp","href":"https:\/\/api.w.org\/{rel}","templated":true}]}}