{"id":212,"date":"2014-10-16T12:03:41","date_gmt":"2014-10-16T12:03:41","guid":{"rendered":"http:\/\/departamento.us.es\/diqaus\/?page_id=212"},"modified":"2022-04-22T08:28:42","modified_gmt":"2022-04-22T08:28:42","slug":"colocacion-de-los-egresados","status":"publish","type":"page","link":"https:\/\/departamento.us.es\/diqaus\/grado\/colocacion-de-los-egresados\/","title":{"rendered":"Colocaci\u00f3n de los egresados"},"content":{"rendered":"<h3 id=\"anchor5\">\u00bfQu\u00e9 hacen y d\u00f3nde trabajan los titulados en Ingenier\u00eda Qu\u00edmica egresados de nuestra Escuela?<\/h3>\n<p>En esta secci\u00f3n algunos de nuestros egresados comparten su experiencia profesional, opiniones sobre la carrera que cursaron, el camino que siguieron hasta llegar a su actual puesto de trabajo y dan consejos a aquellas personas que quieran estudiar Ingenier\u00eda Qu\u00edmica. Adem\u00e1s en este <a href=\"https:\/\/departamento.us.es\/diqaus\/wp-content\/uploads\/2022\/04\/Egresados.Abril-22.pdf\" target=\"_blank\" rel=\"noopener\"><strong>documento<\/strong><\/a>\u00a0ten\u00e9is una muestra m\u00e1s amplia de las trayectorias profesionales de otros egresados.<\/p>\n<div class=\"row egresados\">\n<div class=\"col-xs-6 col-md-2\">\n<div class=\"fotomini\"><a href=\"http:\/\/departamento.us.es\/diqaus\/grado\/colocacion-de-los-egresados\/alejandro-ramirez\/\"><img decoding=\"async\" src=\"http:\/\/departamento.us.es\/diqaus\/wp-content\/themes\/diqaus\/media\/img\/egresados\/th-alejandro-ramirez.jpg\" alt=\"Alejandro Ram\u00edrez\" \/><\/a><br \/>\nAlejandro Ram\u00edrez trabaja en Globalfoundries<\/div>\n<\/div>\n<div class=\"col-xs-6 col-md-2\">\n<div class=\"fotomini\"><a href=\"http:\/\/departamento.us.es\/diqaus\/grado\/colocacion-de-los-egresados\/cristina-freniche\/\"><img decoding=\"async\" src=\"http:\/\/departamento.us.es\/diqaus\/wp-content\/themes\/diqaus\/media\/img\/egresados\/th-cristina-freniche.jpg\" alt=\"Cristina Freniche\" \/><\/a><br \/>\nCristina Freniche trabaja en UOP<\/div>\n<\/div>\n<div class=\"col-xs-6 col-md-2\">\n<div class=\"fotomini\"><a href=\"http:\/\/departamento.us.es\/diqaus\/grado\/colocacion-de-los-egresados\/jose-antonio-garcia\/\"><img decoding=\"async\" src=\"http:\/\/departamento.us.es\/diqaus\/wp-content\/themes\/diqaus\/media\/img\/egresados\/th-jose-antonio-garcia.jpg\" alt=\"Jos\u00e9 Antonio Garc\u00eda\" \/><\/a><br \/>\nJos\u00e9 Antonio Garc\u00eda trabaja en Abengoa<\/div>\n<\/div>\n<div class=\"col-xs-6 col-md-2\">\n<div class=\"fotomini\"><a href=\"http:\/\/departamento.us.es\/diqaus\/grado\/colocacion-de-los-egresados\/jose-manuel-suarez-rodriguez\/\"><img decoding=\"async\" src=\"http:\/\/departamento.us.es\/diqaus\/wp-content\/themes\/diqaus\/media\/img\/egresados\/th-jose-manuel-suarez-rodriguez.jpg\" alt=\"Jos\u00e9 Manuel Su\u00e1rez Rodriguez\" \/><\/a><br \/>\nJ. Manuel Su\u00e1rez trabaja en Inerco<\/div>\n<\/div>\n<div class=\"col-xs-6 col-md-2\">\n<div class=\"fotomini\"><a href=\"http:\/\/departamento.us.es\/diqaus\/grado\/colocacion-de-los-egresados\/lidia-montes\/\"><img decoding=\"async\" src=\"http:\/\/departamento.us.es\/diqaus\/wp-content\/themes\/diqaus\/media\/img\/egresados\/th-lidia-montes.jpg\" alt=\"Lidia Montes\" \/><\/a><br \/>\nLidia Montes trabaja en Procter &amp; Gamble<\/div>\n<\/div>\n<div class=\"col-xs-6 col-md-2\">\n<div class=\"fotomini\"><a href=\"http:\/\/departamento.us.es\/diqaus\/grado\/colocacion-de-los-egresados\/jesus-aguilar-cantador\/\"><img decoding=\"async\" src=\"http:\/\/departamento.us.es\/diqaus\/wp-content\/themes\/diqaus\/media\/img\/egresados\/th-jesus-aguilar-cantador.jpg\" alt=\"Jes\u00fas Aguilar Cantador\" \/><\/a><br \/>\nJes\u00fas Aguilar trabaja en CEPSA<\/div>\n<\/div>\n<div class=\"col-xs-6 col-md-2\">\n<div class=\"fotomini\"><a href=\"http:\/\/departamento.us.es\/diqaus\/grado\/colocacion-de-los-egresados\/ma-jesus-andres-sierra\/\"><img decoding=\"async\" src=\"http:\/\/departamento.us.es\/diqaus\/wp-content\/themes\/diqaus\/media\/img\/egresados\/th-m-jesus-andres.jpg\" alt=\"M\u00aa Jes\u00fas Andr\u00e9s Sierra\" \/><\/a><br \/>\nM\u00aa Jes\u00fas Andr\u00e9s trabaja en CEPSA<\/div>\n<\/div>\n<div class=\"col-xs-6 col-md-2\">\n<div class=\"fotomini\"><a href=\"http:\/\/departamento.us.es\/diqaus\/grado\/colocacion-de-los-egresados\/david-lopez-fernandez\/\"><img decoding=\"async\" src=\"http:\/\/departamento.us.es\/diqaus\/wp-content\/themes\/diqaus\/media\/img\/egresados\/th-david-lopez-fernandez.jpg\" alt=\"David L\u00f3pez Fern\u00e1ndez\" \/><\/a><br \/>\nDavid L\u00f3pez trabaja en la Armada<\/div>\n<\/div>\n<\/div>\n","protected":false},"excerpt":{"rendered":"<p>\u00bfQu\u00e9 hacen y d\u00f3nde trabajan los titulados en Ingenier\u00eda Qu\u00edmica egresados de nuestra Escuela? En esta secci\u00f3n algunos de nuestros egresados comparten su experiencia profesional, opiniones sobre la carrera que cursaron, el camino que siguieron hasta llegar a su actual puesto de trabajo y dan consejos a aquellas personas que quieran estudiar Ingenier\u00eda Qu\u00edmica. Adem\u00e1s [&hellip;]<\/p>\n","protected":false},"author":1,"featured_media":0,"parent":2,"menu_order":0,"comment_status":"open","ping_status":"open","template":"","meta":{"footnotes":""},"class_list":["post-212","page","type-page","status-publish","hentry"],"yoast_head":"<!-- This site is optimized with the Yoast SEO plugin v27.1.1 - https:\/\/yoast.com\/product\/yoast-seo-wordpress\/ -->\n<title>Colocaci\u00f3n de los egresados - Ingenier\u00eda Qu\u00edmica y Ambiental US<\/title>\n<meta name=\"description\" content=\"Muchos de nuestros antiguos alumnos han encontrado puestos de trabajo en empresas pioneras de distintos sectores. Desc\u00fabrelo en nuestra web.\" \/>\n<meta name=\"robots\" content=\"index, follow, max-snippet:-1, max-image-preview:large, max-video-preview:-1\" \/>\n<link rel=\"canonical\" href=\"https:\/\/departamento.us.es\/diqaus\/grado\/colocacion-de-los-egresados\/\" \/>\n<meta property=\"og:locale\" content=\"es_ES\" \/>\n<meta property=\"og:type\" content=\"article\" \/>\n<meta property=\"og:title\" content=\"Colocaci\u00f3n de los egresados - Ingenier\u00eda Qu\u00edmica y Ambiental US\" \/>\n<meta property=\"og:description\" content=\"Muchos de nuestros antiguos alumnos han encontrado puestos de trabajo en empresas pioneras de distintos sectores. Desc\u00fabrelo en nuestra web.\" \/>\n<meta property=\"og:url\" content=\"https:\/\/departamento.us.es\/diqaus\/grado\/colocacion-de-los-egresados\/\" \/>\n<meta property=\"og:site_name\" content=\"Departamento Ingenier\u00eda Qu\u00edmica y Ambiental US\" \/>\n<meta property=\"article:modified_time\" content=\"2022-04-22T08:28:42+00:00\" \/>\n<meta property=\"og:image\" content=\"http:\/\/departamento.us.es\/diqaus\/wp-content\/themes\/diqaus\/media\/img\/egresados\/th-alejandro-ramirez.jpg\" \/>\n<meta name=\"twitter:card\" content=\"summary_large_image\" \/>\n<meta name=\"twitter:label1\" content=\"Tiempo de lectura\" \/>\n\t<meta name=\"twitter:data1\" content=\"1 minuto\" \/>\n<script type=\"application\/ld+json\" class=\"yoast-schema-graph\">{\"@context\":\"https:\/\/schema.org\",\"@graph\":[{\"@type\":\"WebPage\",\"@id\":\"https:\/\/departamento.us.es\/diqaus\/grado\/colocacion-de-los-egresados\/\",\"url\":\"https:\/\/departamento.us.es\/diqaus\/grado\/colocacion-de-los-egresados\/\",\"name\":\"Colocaci\u00f3n de los egresados - Ingenier\u00eda Qu\u00edmica y Ambiental US\",\"isPartOf\":{\"@id\":\"https:\/\/departamento.us.es\/diqaus\/#website\"},\"primaryImageOfPage\":{\"@id\":\"https:\/\/departamento.us.es\/diqaus\/grado\/colocacion-de-los-egresados\/#primaryimage\"},\"image\":{\"@id\":\"https:\/\/departamento.us.es\/diqaus\/grado\/colocacion-de-los-egresados\/#primaryimage\"},\"thumbnailUrl\":\"http:\/\/departamento.us.es\/diqaus\/wp-content\/themes\/diqaus\/media\/img\/egresados\/th-alejandro-ramirez.jpg\",\"datePublished\":\"2014-10-16T12:03:41+00:00\",\"dateModified\":\"2022-04-22T08:28:42+00:00\",\"description\":\"Muchos de nuestros antiguos alumnos han encontrado puestos de trabajo en empresas pioneras de distintos sectores. Desc\u00fabrelo en nuestra web.\",\"breadcrumb\":{\"@id\":\"https:\/\/departamento.us.es\/diqaus\/grado\/colocacion-de-los-egresados\/#breadcrumb\"},\"inLanguage\":\"es\",\"potentialAction\":[{\"@type\":\"ReadAction\",\"target\":[\"https:\/\/departamento.us.es\/diqaus\/grado\/colocacion-de-los-egresados\/\"]}]},{\"@type\":\"ImageObject\",\"inLanguage\":\"es\",\"@id\":\"https:\/\/departamento.us.es\/diqaus\/grado\/colocacion-de-los-egresados\/#primaryimage\",\"url\":\"http:\/\/departamento.us.es\/diqaus\/wp-content\/themes\/diqaus\/media\/img\/egresados\/th-alejandro-ramirez.jpg\",\"contentUrl\":\"http:\/\/departamento.us.es\/diqaus\/wp-content\/themes\/diqaus\/media\/img\/egresados\/th-alejandro-ramirez.jpg\"},{\"@type\":\"BreadcrumbList\",\"@id\":\"https:\/\/departamento.us.es\/diqaus\/grado\/colocacion-de-los-egresados\/#breadcrumb\",\"itemListElement\":[{\"@type\":\"ListItem\",\"position\":1,\"name\":\"Portada\",\"item\":\"https:\/\/departamento.us.es\/diqaus\/\"},{\"@type\":\"ListItem\",\"position\":2,\"name\":\"Grado\",\"item\":\"https:\/\/departamento.us.es\/diqaus\/grado\/\"},{\"@type\":\"ListItem\",\"position\":3,\"name\":\"Colocaci\u00f3n de los egresados\"}]},{\"@type\":\"WebSite\",\"@id\":\"https:\/\/departamento.us.es\/diqaus\/#website\",\"url\":\"https:\/\/departamento.us.es\/diqaus\/\",\"name\":\"Departamento Ingenier\u00eda Qu\u00edmica y Ambiental US\",\"description\":\"Web del Departamento de Ingenier\u00eda Qu\u00edmica y Ambiental de la Universidad de Sevilla. Informaci\u00f3n sobre los estudios de Grado, Masters, l\u00edneas de investigaci\u00f3n y salidas laborales.\",\"publisher\":{\"@id\":\"https:\/\/departamento.us.es\/diqaus\/#organization\"},\"potentialAction\":[{\"@type\":\"SearchAction\",\"target\":{\"@type\":\"EntryPoint\",\"urlTemplate\":\"https:\/\/departamento.us.es\/diqaus\/?s={search_term_string}\"},\"query-input\":{\"@type\":\"PropertyValueSpecification\",\"valueRequired\":true,\"valueName\":\"search_term_string\"}}],\"inLanguage\":\"es\"},{\"@type\":\"Organization\",\"@id\":\"https:\/\/departamento.us.es\/diqaus\/#organization\",\"name\":\"Departamento de Ingenier\u00eda Qu\u00edmica y Ambiental US\",\"url\":\"https:\/\/departamento.us.es\/diqaus\/\",\"logo\":{\"@type\":\"ImageObject\",\"inLanguage\":\"es\",\"@id\":\"https:\/\/departamento.us.es\/diqaus\/#\/schema\/logo\/image\/\",\"url\":\"https:\/\/departamento.us.es\/diqaus\/wp-content\/uploads\/2021\/11\/logo-departamento-ingenieria-quimica-ambiental-us-e1637856642858.png\",\"contentUrl\":\"https:\/\/departamento.us.es\/diqaus\/wp-content\/uploads\/2021\/11\/logo-departamento-ingenieria-quimica-ambiental-us-e1637856642858.png\",\"width\":126,\"height\":127,\"caption\":\"Departamento de Ingenier\u00eda Qu\u00edmica y Ambiental US\"},\"image\":{\"@id\":\"https:\/\/departamento.us.es\/diqaus\/#\/schema\/logo\/image\/\"}}]}<\/script>\n<!-- \/ Yoast SEO plugin. -->","yoast_head_json":{"title":"Colocaci\u00f3n de los egresados - Ingenier\u00eda Qu\u00edmica y Ambiental US","description":"Muchos de nuestros antiguos alumnos han encontrado puestos de trabajo en empresas pioneras de distintos sectores. Desc\u00fabrelo en nuestra web.","robots":{"index":"index","follow":"follow","max-snippet":"max-snippet:-1","max-image-preview":"max-image-preview:large","max-video-preview":"max-video-preview:-1"},"canonical":"https:\/\/departamento.us.es\/diqaus\/grado\/colocacion-de-los-egresados\/","og_locale":"es_ES","og_type":"article","og_title":"Colocaci\u00f3n de los egresados - Ingenier\u00eda Qu\u00edmica y Ambiental US","og_description":"Muchos de nuestros antiguos alumnos han encontrado puestos de trabajo en empresas pioneras de distintos sectores. Desc\u00fabrelo en nuestra web.","og_url":"https:\/\/departamento.us.es\/diqaus\/grado\/colocacion-de-los-egresados\/","og_site_name":"Departamento Ingenier\u00eda Qu\u00edmica y Ambiental US","article_modified_time":"2022-04-22T08:28:42+00:00","og_image":[{"url":"http:\/\/departamento.us.es\/diqaus\/wp-content\/themes\/diqaus\/media\/img\/egresados\/th-alejandro-ramirez.jpg","type":"","width":"","height":""}],"twitter_card":"summary_large_image","twitter_misc":{"Tiempo de lectura":"1 minuto"},"schema":{"@context":"https:\/\/schema.org","@graph":[{"@type":"WebPage","@id":"https:\/\/departamento.us.es\/diqaus\/grado\/colocacion-de-los-egresados\/","url":"https:\/\/departamento.us.es\/diqaus\/grado\/colocacion-de-los-egresados\/","name":"Colocaci\u00f3n de los egresados - Ingenier\u00eda Qu\u00edmica y Ambiental US","isPartOf":{"@id":"https:\/\/departamento.us.es\/diqaus\/#website"},"primaryImageOfPage":{"@id":"https:\/\/departamento.us.es\/diqaus\/grado\/colocacion-de-los-egresados\/#primaryimage"},"image":{"@id":"https:\/\/departamento.us.es\/diqaus\/grado\/colocacion-de-los-egresados\/#primaryimage"},"thumbnailUrl":"http:\/\/departamento.us.es\/diqaus\/wp-content\/themes\/diqaus\/media\/img\/egresados\/th-alejandro-ramirez.jpg","datePublished":"2014-10-16T12:03:41+00:00","dateModified":"2022-04-22T08:28:42+00:00","description":"Muchos de nuestros antiguos alumnos han encontrado puestos de trabajo en empresas pioneras de distintos sectores. Desc\u00fabrelo en nuestra web.","breadcrumb":{"@id":"https:\/\/departamento.us.es\/diqaus\/grado\/colocacion-de-los-egresados\/#breadcrumb"},"inLanguage":"es","potentialAction":[{"@type":"ReadAction","target":["https:\/\/departamento.us.es\/diqaus\/grado\/colocacion-de-los-egresados\/"]}]},{"@type":"ImageObject","inLanguage":"es","@id":"https:\/\/departamento.us.es\/diqaus\/grado\/colocacion-de-los-egresados\/#primaryimage","url":"http:\/\/departamento.us.es\/diqaus\/wp-content\/themes\/diqaus\/media\/img\/egresados\/th-alejandro-ramirez.jpg","contentUrl":"http:\/\/departamento.us.es\/diqaus\/wp-content\/themes\/diqaus\/media\/img\/egresados\/th-alejandro-ramirez.jpg"},{"@type":"BreadcrumbList","@id":"https:\/\/departamento.us.es\/diqaus\/grado\/colocacion-de-los-egresados\/#breadcrumb","itemListElement":[{"@type":"ListItem","position":1,"name":"Portada","item":"https:\/\/departamento.us.es\/diqaus\/"},{"@type":"ListItem","position":2,"name":"Grado","item":"https:\/\/departamento.us.es\/diqaus\/grado\/"},{"@type":"ListItem","position":3,"name":"Colocaci\u00f3n de los egresados"}]},{"@type":"WebSite","@id":"https:\/\/departamento.us.es\/diqaus\/#website","url":"https:\/\/departamento.us.es\/diqaus\/","name":"Departamento Ingenier\u00eda Qu\u00edmica y Ambiental US","description":"Web del Departamento de Ingenier\u00eda Qu\u00edmica y Ambiental de la Universidad de Sevilla. Informaci\u00f3n sobre los estudios de Grado, Masters, l\u00edneas de investigaci\u00f3n y salidas laborales.","publisher":{"@id":"https:\/\/departamento.us.es\/diqaus\/#organization"},"potentialAction":[{"@type":"SearchAction","target":{"@type":"EntryPoint","urlTemplate":"https:\/\/departamento.us.es\/diqaus\/?s={search_term_string}"},"query-input":{"@type":"PropertyValueSpecification","valueRequired":true,"valueName":"search_term_string"}}],"inLanguage":"es"},{"@type":"Organization","@id":"https:\/\/departamento.us.es\/diqaus\/#organization","name":"Departamento de Ingenier\u00eda Qu\u00edmica y Ambiental US","url":"https:\/\/departamento.us.es\/diqaus\/","logo":{"@type":"ImageObject","inLanguage":"es","@id":"https:\/\/departamento.us.es\/diqaus\/#\/schema\/logo\/image\/","url":"https:\/\/departamento.us.es\/diqaus\/wp-content\/uploads\/2021\/11\/logo-departamento-ingenieria-quimica-ambiental-us-e1637856642858.png","contentUrl":"https:\/\/departamento.us.es\/diqaus\/wp-content\/uploads\/2021\/11\/logo-departamento-ingenieria-quimica-ambiental-us-e1637856642858.png","width":126,"height":127,"caption":"Departamento de Ingenier\u00eda Qu\u00edmica y Ambiental US"},"image":{"@id":"https:\/\/departamento.us.es\/diqaus\/#\/schema\/logo\/image\/"}}]}},"_links":{"self":[{"href":"https:\/\/departamento.us.es\/diqaus\/wp-json\/wp\/v2\/pages\/212","targetHints":{"allow":["GET"]}}],"collection":[{"href":"https:\/\/departamento.us.es\/diqaus\/wp-json\/wp\/v2\/pages"}],"about":[{"href":"https:\/\/departamento.us.es\/diqaus\/wp-json\/wp\/v2\/types\/page"}],"author":[{"embeddable":true,"href":"https:\/\/departamento.us.es\/diqaus\/wp-json\/wp\/v2\/users\/1"}],"replies":[{"embeddable":true,"href":"https:\/\/departamento.us.es\/diqaus\/wp-json\/wp\/v2\/comments?post=212"}],"version-history":[{"count":3,"href":"https:\/\/departamento.us.es\/diqaus\/wp-json\/wp\/v2\/pages\/212\/revisions"}],"predecessor-version":[{"id":2330,"href":"https:\/\/departamento.us.es\/diqaus\/wp-json\/wp\/v2\/pages\/212\/revisions\/2330"}],"up":[{"embeddable":true,"href":"https:\/\/departamento.us.es\/diqaus\/wp-json\/wp\/v2\/pages\/2"}],"wp:attachment":[{"href":"https:\/\/departamento.us.es\/diqaus\/wp-json\/wp\/v2\/media?parent=212"}],"curies":[{"name":"wp","href":"https:\/\/api.w.org\/{rel}","templated":true}]}}