{"id":22,"date":"2014-03-24T12:57:18","date_gmt":"2014-03-24T12:57:18","guid":{"rendered":"http:\/\/departamento.us.es\/diqaus\/?page_id=22"},"modified":"2016-07-26T20:18:26","modified_gmt":"2016-07-26T20:18:26","slug":"contacto","status":"publish","type":"page","link":"https:\/\/departamento.us.es\/diqaus\/contacto\/","title":{"rendered":"Contacto"},"content":{"rendered":"<div class=\"row\">\n<div class=\"col-xs-12 col-sm-3\">\n<div class=\"textopeq\">\n<p><strong>Departamento de Ingenier\u00eda Qu\u00edmica y Ambiental<\/strong>, Escuela T\u00e9cnica Superior de Ingenier\u00eda de Sevilla<\/p>\n<p>Camino de los Descubrimientos s\/n, 41092, Sevilla, Espa\u00f1a<\/p>\n<p><b>Secretar\u00eda Departamento<\/b><br \/>\nTel.: <a href=\"tel:+34954487272\">(+34) 954487272<\/a> | <a href=\"tel:+34954487276\">(+34) 954487276<\/a><br \/>\nEmail: <a href=\"mailto:diqa@us.es\">diqa@us.es<\/a><\/p>\n<p>&nbsp;<\/p>\n<p><a class=\"enlaceexterno\" href=\"http:\/\/departamento.us.es\/diqaus\/personal\/mapa-de-localizacion\/\">Localizar a un profesor<\/a><\/p>\n<p>&nbsp;<\/p>\n<\/div>\n<\/div>\n<div class=\"col-xs-12 col-sm-9\"><iframe loading=\"lazy\" style=\"border: 0;\" src=\"https:\/\/www.google.com\/maps\/embed?pb=!1m18!1m12!1m3!1d12676.817003828273!2d-6.003721662401569!3d37.40864690333575!2m3!1f0!2f0!3f0!3m2!1i1024!2i768!4f13.1!3m3!1m2!1s0xd126bf26cfb6745%3A0x48540ef865fb244e!2sEscuela+Superior+de+Ingenieros%2C+Universidad+de+Sevilla%2C+US+-+Campus+Cartuja%2C+41092+Sevilla!5e0!3m2!1ses!2ses!4v1413914533373\" width=\"100%\" height=\"400\" frameborder=\"0\"><\/iframe><\/div>\n<\/div>\n<hr \/>\n<div class=\"row\"><div class=\"col-xs-12 col-sm-3\"><h4>Formulario de contacto<\/h4><p>Si quieres ponerte en contacto con nosotros puedes usar el siguiente formulario<\/p><div class=\"textopeq\"><p>* Los campos con asterisco son obligatorios<\/p><\/div><\/div><div class=\"col-xs-12 col-sm-3\"><form action=\"\/diqaus\/wp-json\/wp\/v2\/pages\/22\" method=\"post\"><p>Nombre *<br\/><input type=\"text\" name=\"cf-name\" required pattern=\"[0-9A-Za-z\\s\\-\\xC0-\\xFF\\ ]+\" value=\"\" size=\"40\" \/><\/p><p>Email *<br\/><input type=\"email\" name=\"cf-email\" required value=\"\" size=\"40\" \/><\/p><p>Tlf <br\/><input type=\"text\" name=\"cf-tlf\" pattern=\"[0-9 ]+\" value=\"\" size=\"40\" \/><\/p><p>Empresa<br\/><input type=\"text\" name=\"cf-empresa\" pattern=\"[0-9A-Za-z\\s\\-\\xC0-\\xFF\\ ]+\" value=\"\" size=\"40\" \/><\/p><\/div><div class=\"col-xs-12 col-sm-4\"><p>Mensaje *<br\/><textarea rows=\"14\" cols=\"35\" required name=\"cf-message\"><\/textarea><\/p><\/div><div class=\"col-xs-12 col-sm-2\"><br><p><input type=\"submit\" name=\"cf-submitted\" value=\"Enviar\"><\/p><\/form><\/div><\/div>\n","protected":false},"excerpt":{"rendered":"<p>Departamento de Ingenier\u00eda Qu\u00edmica y Ambiental, Escuela T\u00e9cnica Superior de Ingenier\u00eda de Sevilla Camino de los Descubrimientos s\/n, 41092, Sevilla, Espa\u00f1a Secretar\u00eda Departamento Tel.: (+34) 954487272 | (+34) 954487276 Email: diqa@us.es &nbsp; Localizar a un profesor &nbsp;<\/p>\n","protected":false},"author":1,"featured_media":0,"parent":0,"menu_order":0,"comment_status":"open","ping_status":"open","template":"","meta":{"footnotes":""},"class_list":["post-22","page","type-page","status-publish","hentry"],"yoast_head":"<!-- This site is optimized with the Yoast SEO plugin v27.1.1 - https:\/\/yoast.com\/product\/yoast-seo-wordpress\/ -->\n<title>Contacto - Departamento Ingenier\u00eda Qu\u00edmica y Ambiental US<\/title>\n<meta name=\"robots\" content=\"index, follow, max-snippet:-1, max-image-preview:large, max-video-preview:-1\" \/>\n<link rel=\"canonical\" href=\"https:\/\/departamento.us.es\/diqaus\/contacto\/\" \/>\n<meta property=\"og:locale\" content=\"es_ES\" \/>\n<meta property=\"og:type\" content=\"article\" \/>\n<meta property=\"og:title\" content=\"Contacto - Departamento Ingenier\u00eda Qu\u00edmica y Ambiental US\" \/>\n<meta property=\"og:description\" content=\"Departamento de Ingenier\u00eda Qu\u00edmica y Ambiental, Escuela T\u00e9cnica Superior de Ingenier\u00eda de Sevilla Camino de los Descubrimientos s\/n, 41092, Sevilla, Espa\u00f1a Secretar\u00eda Departamento Tel.: (+34) 954487272 | (+34) 954487276 Email: diqa@us.es &nbsp; Localizar a un profesor &nbsp;\" \/>\n<meta property=\"og:url\" content=\"https:\/\/departamento.us.es\/diqaus\/contacto\/\" \/>\n<meta property=\"og:site_name\" content=\"Departamento Ingenier\u00eda Qu\u00edmica y Ambiental US\" \/>\n<meta property=\"article:modified_time\" content=\"2016-07-26T20:18:26+00:00\" \/>\n<meta name=\"twitter:card\" content=\"summary_large_image\" \/>\n<meta name=\"twitter:label1\" content=\"Tiempo de lectura\" \/>\n\t<meta name=\"twitter:data1\" content=\"1 minuto\" \/>\n<script type=\"application\/ld+json\" class=\"yoast-schema-graph\">{\"@context\":\"https:\/\/schema.org\",\"@graph\":[{\"@type\":\"WebPage\",\"@id\":\"https:\/\/departamento.us.es\/diqaus\/contacto\/\",\"url\":\"https:\/\/departamento.us.es\/diqaus\/contacto\/\",\"name\":\"Contacto - Departamento Ingenier\u00eda Qu\u00edmica y Ambiental US\",\"isPartOf\":{\"@id\":\"https:\/\/departamento.us.es\/diqaus\/#website\"},\"datePublished\":\"2014-03-24T12:57:18+00:00\",\"dateModified\":\"2016-07-26T20:18:26+00:00\",\"breadcrumb\":{\"@id\":\"https:\/\/departamento.us.es\/diqaus\/contacto\/#breadcrumb\"},\"inLanguage\":\"es\",\"potentialAction\":[{\"@type\":\"ReadAction\",\"target\":[\"https:\/\/departamento.us.es\/diqaus\/contacto\/\"]}]},{\"@type\":\"BreadcrumbList\",\"@id\":\"https:\/\/departamento.us.es\/diqaus\/contacto\/#breadcrumb\",\"itemListElement\":[{\"@type\":\"ListItem\",\"position\":1,\"name\":\"Portada\",\"item\":\"https:\/\/departamento.us.es\/diqaus\/\"},{\"@type\":\"ListItem\",\"position\":2,\"name\":\"Contacto\"}]},{\"@type\":\"WebSite\",\"@id\":\"https:\/\/departamento.us.es\/diqaus\/#website\",\"url\":\"https:\/\/departamento.us.es\/diqaus\/\",\"name\":\"Departamento Ingenier\u00eda Qu\u00edmica y Ambiental US\",\"description\":\"Web del Departamento de Ingenier\u00eda Qu\u00edmica y Ambiental de la Universidad de Sevilla. Informaci\u00f3n sobre los estudios de Grado, Masters, l\u00edneas de investigaci\u00f3n y salidas laborales.\",\"publisher\":{\"@id\":\"https:\/\/departamento.us.es\/diqaus\/#organization\"},\"potentialAction\":[{\"@type\":\"SearchAction\",\"target\":{\"@type\":\"EntryPoint\",\"urlTemplate\":\"https:\/\/departamento.us.es\/diqaus\/?s={search_term_string}\"},\"query-input\":{\"@type\":\"PropertyValueSpecification\",\"valueRequired\":true,\"valueName\":\"search_term_string\"}}],\"inLanguage\":\"es\"},{\"@type\":\"Organization\",\"@id\":\"https:\/\/departamento.us.es\/diqaus\/#organization\",\"name\":\"Departamento de Ingenier\u00eda Qu\u00edmica y Ambiental US\",\"url\":\"https:\/\/departamento.us.es\/diqaus\/\",\"logo\":{\"@type\":\"ImageObject\",\"inLanguage\":\"es\",\"@id\":\"https:\/\/departamento.us.es\/diqaus\/#\/schema\/logo\/image\/\",\"url\":\"https:\/\/departamento.us.es\/diqaus\/wp-content\/uploads\/2021\/11\/logo-departamento-ingenieria-quimica-ambiental-us-e1637856642858.png\",\"contentUrl\":\"https:\/\/departamento.us.es\/diqaus\/wp-content\/uploads\/2021\/11\/logo-departamento-ingenieria-quimica-ambiental-us-e1637856642858.png\",\"width\":126,\"height\":127,\"caption\":\"Departamento de Ingenier\u00eda Qu\u00edmica y Ambiental US\"},\"image\":{\"@id\":\"https:\/\/departamento.us.es\/diqaus\/#\/schema\/logo\/image\/\"}}]}<\/script>\n<!-- \/ Yoast SEO plugin. -->","yoast_head_json":{"title":"Contacto - Departamento Ingenier\u00eda Qu\u00edmica y Ambiental US","robots":{"index":"index","follow":"follow","max-snippet":"max-snippet:-1","max-image-preview":"max-image-preview:large","max-video-preview":"max-video-preview:-1"},"canonical":"https:\/\/departamento.us.es\/diqaus\/contacto\/","og_locale":"es_ES","og_type":"article","og_title":"Contacto - Departamento Ingenier\u00eda Qu\u00edmica y Ambiental US","og_description":"Departamento de Ingenier\u00eda Qu\u00edmica y Ambiental, Escuela T\u00e9cnica Superior de Ingenier\u00eda de Sevilla Camino de los Descubrimientos s\/n, 41092, Sevilla, Espa\u00f1a Secretar\u00eda Departamento Tel.: (+34) 954487272 | (+34) 954487276 Email: diqa@us.es &nbsp; Localizar a un profesor &nbsp;","og_url":"https:\/\/departamento.us.es\/diqaus\/contacto\/","og_site_name":"Departamento Ingenier\u00eda Qu\u00edmica y Ambiental US","article_modified_time":"2016-07-26T20:18:26+00:00","twitter_card":"summary_large_image","twitter_misc":{"Tiempo de lectura":"1 minuto"},"schema":{"@context":"https:\/\/schema.org","@graph":[{"@type":"WebPage","@id":"https:\/\/departamento.us.es\/diqaus\/contacto\/","url":"https:\/\/departamento.us.es\/diqaus\/contacto\/","name":"Contacto - Departamento Ingenier\u00eda Qu\u00edmica y Ambiental US","isPartOf":{"@id":"https:\/\/departamento.us.es\/diqaus\/#website"},"datePublished":"2014-03-24T12:57:18+00:00","dateModified":"2016-07-26T20:18:26+00:00","breadcrumb":{"@id":"https:\/\/departamento.us.es\/diqaus\/contacto\/#breadcrumb"},"inLanguage":"es","potentialAction":[{"@type":"ReadAction","target":["https:\/\/departamento.us.es\/diqaus\/contacto\/"]}]},{"@type":"BreadcrumbList","@id":"https:\/\/departamento.us.es\/diqaus\/contacto\/#breadcrumb","itemListElement":[{"@type":"ListItem","position":1,"name":"Portada","item":"https:\/\/departamento.us.es\/diqaus\/"},{"@type":"ListItem","position":2,"name":"Contacto"}]},{"@type":"WebSite","@id":"https:\/\/departamento.us.es\/diqaus\/#website","url":"https:\/\/departamento.us.es\/diqaus\/","name":"Departamento Ingenier\u00eda Qu\u00edmica y Ambiental US","description":"Web del Departamento de Ingenier\u00eda Qu\u00edmica y Ambiental de la Universidad de Sevilla. Informaci\u00f3n sobre los estudios de Grado, Masters, l\u00edneas de investigaci\u00f3n y salidas laborales.","publisher":{"@id":"https:\/\/departamento.us.es\/diqaus\/#organization"},"potentialAction":[{"@type":"SearchAction","target":{"@type":"EntryPoint","urlTemplate":"https:\/\/departamento.us.es\/diqaus\/?s={search_term_string}"},"query-input":{"@type":"PropertyValueSpecification","valueRequired":true,"valueName":"search_term_string"}}],"inLanguage":"es"},{"@type":"Organization","@id":"https:\/\/departamento.us.es\/diqaus\/#organization","name":"Departamento de Ingenier\u00eda Qu\u00edmica y Ambiental US","url":"https:\/\/departamento.us.es\/diqaus\/","logo":{"@type":"ImageObject","inLanguage":"es","@id":"https:\/\/departamento.us.es\/diqaus\/#\/schema\/logo\/image\/","url":"https:\/\/departamento.us.es\/diqaus\/wp-content\/uploads\/2021\/11\/logo-departamento-ingenieria-quimica-ambiental-us-e1637856642858.png","contentUrl":"https:\/\/departamento.us.es\/diqaus\/wp-content\/uploads\/2021\/11\/logo-departamento-ingenieria-quimica-ambiental-us-e1637856642858.png","width":126,"height":127,"caption":"Departamento de Ingenier\u00eda Qu\u00edmica y Ambiental US"},"image":{"@id":"https:\/\/departamento.us.es\/diqaus\/#\/schema\/logo\/image\/"}}]}},"_links":{"self":[{"href":"https:\/\/departamento.us.es\/diqaus\/wp-json\/wp\/v2\/pages\/22","targetHints":{"allow":["GET"]}}],"collection":[{"href":"https:\/\/departamento.us.es\/diqaus\/wp-json\/wp\/v2\/pages"}],"about":[{"href":"https:\/\/departamento.us.es\/diqaus\/wp-json\/wp\/v2\/types\/page"}],"author":[{"embeddable":true,"href":"https:\/\/departamento.us.es\/diqaus\/wp-json\/wp\/v2\/users\/1"}],"replies":[{"embeddable":true,"href":"https:\/\/departamento.us.es\/diqaus\/wp-json\/wp\/v2\/comments?post=22"}],"version-history":[{"count":3,"href":"https:\/\/departamento.us.es\/diqaus\/wp-json\/wp\/v2\/pages\/22\/revisions"}],"predecessor-version":[{"id":2557,"href":"https:\/\/departamento.us.es\/diqaus\/wp-json\/wp\/v2\/pages\/22\/revisions\/2557"}],"wp:attachment":[{"href":"https:\/\/departamento.us.es\/diqaus\/wp-json\/wp\/v2\/media?parent=22"}],"curies":[{"name":"wp","href":"https:\/\/api.w.org\/{rel}","templated":true}]}}