{"id":274,"date":"2014-10-20T16:24:45","date_gmt":"2014-10-20T16:24:45","guid":{"rendered":"http:\/\/departamento.us.es\/diqaus\/?page_id=274"},"modified":"2023-10-11T16:32:10","modified_gmt":"2023-10-11T16:32:10","slug":"mapa-de-localizacion","status":"publish","type":"page","link":"https:\/\/departamento.us.es\/diqaus\/personal\/mapa-de-localizacion\/","title":{"rendered":"Mapa de localizaci\u00f3n"},"content":{"rendered":"<p><img decoding=\"async\" src=\"http:\/\/departamento.us.es\/diqaus\/wp-content\/themes\/diqaus\/media\/img\/localizacion-etsi-diqaus.jpg\" alt=\"ESCUELA T\u00c9CNICA SUPERIOR DE INGENIER\u00cdA DE SEVILLA.\" \/><\/p>\n<p>Aqu\u00ed puedes localizar al personal docente y administrativo del Departamento.<br \/>\nPuedes tambi\u00e9n <a href=\"http:\/\/departamento.us.es\/diqaus\/wp-content\/themes\/diqaus\/media\/pdf\/diqaus-mapa-localizacion.pdf\" target=\"_blank\" rel=\"noopener noreferrer\">descargar esta informaci\u00f3n en PDF<\/a>.<\/p>\n<p><img decoding=\"async\" src=\"http:\/\/departamento.us.es\/diqaus\/wp-content\/themes\/diqaus\/media\/img\/Plano localizaci\u00f3n DIQA.jpg\" alt=\"ESQUINA SUR-OESTE, ENTREPLANTA 1 (E1)\" \/><\/p>\n<p><img loading=\"lazy\" decoding=\"async\" class=\"aligncenter\" src=\"http:\/\/departamento.us.es\/diqaus\/wp-content\/themes\/diqaus\/media\/img\/Tabla profesores.png\" alt=\"Tabla profesores\" width=\"416\" height=\"892\" \/><\/p>\n","protected":false},"excerpt":{"rendered":"<p>Aqu\u00ed puedes localizar al personal docente y administrativo del Departamento. Puedes tambi\u00e9n descargar esta informaci\u00f3n en PDF.<\/p>\n","protected":false},"author":1,"featured_media":0,"parent":10,"menu_order":0,"comment_status":"open","ping_status":"open","template":"","meta":{"footnotes":""},"class_list":["post-274","page","type-page","status-publish","hentry"],"yoast_head":"<!-- This site is optimized with the Yoast SEO plugin v27.1.1 - https:\/\/yoast.com\/product\/yoast-seo-wordpress\/ -->\n<title>Mapa de localizaci\u00f3n - Departamento Ingenier\u00eda Qu\u00edmica y Ambiental US<\/title>\n<meta name=\"description\" content=\"\u00a1No te pierdas en nuestra facultad! En este mapa podr\u00e1s encontrar todas las aulas y secciones. Ya no tienes excusa para ser puntual.\" \/>\n<meta name=\"robots\" content=\"index, follow, max-snippet:-1, max-image-preview:large, max-video-preview:-1\" \/>\n<link rel=\"canonical\" href=\"https:\/\/departamento.us.es\/diqaus\/personal\/mapa-de-localizacion\/\" \/>\n<meta property=\"og:locale\" content=\"es_ES\" \/>\n<meta property=\"og:type\" content=\"article\" \/>\n<meta property=\"og:title\" content=\"Mapa de localizaci\u00f3n - Departamento Ingenier\u00eda Qu\u00edmica y Ambiental US\" \/>\n<meta property=\"og:description\" content=\"\u00a1No te pierdas en nuestra facultad! En este mapa podr\u00e1s encontrar todas las aulas y secciones. Ya no tienes excusa para ser puntual.\" \/>\n<meta property=\"og:url\" content=\"https:\/\/departamento.us.es\/diqaus\/personal\/mapa-de-localizacion\/\" \/>\n<meta property=\"og:site_name\" content=\"Departamento Ingenier\u00eda Qu\u00edmica y Ambiental US\" \/>\n<meta property=\"article:modified_time\" content=\"2023-10-11T16:32:10+00:00\" \/>\n<meta property=\"og:image\" content=\"http:\/\/departamento.us.es\/diqaus\/wp-content\/themes\/diqaus\/media\/img\/localizacion-etsi-diqaus.jpg\" \/>\n<meta name=\"twitter:card\" content=\"summary_large_image\" \/>\n<meta name=\"twitter:label1\" content=\"Tiempo de lectura\" \/>\n\t<meta name=\"twitter:data1\" content=\"1 minuto\" \/>\n<script type=\"application\/ld+json\" class=\"yoast-schema-graph\">{\"@context\":\"https:\/\/schema.org\",\"@graph\":[{\"@type\":\"WebPage\",\"@id\":\"https:\/\/departamento.us.es\/diqaus\/personal\/mapa-de-localizacion\/\",\"url\":\"https:\/\/departamento.us.es\/diqaus\/personal\/mapa-de-localizacion\/\",\"name\":\"Mapa de localizaci\u00f3n - Departamento Ingenier\u00eda Qu\u00edmica y Ambiental US\",\"isPartOf\":{\"@id\":\"https:\/\/departamento.us.es\/diqaus\/#website\"},\"primaryImageOfPage\":{\"@id\":\"https:\/\/departamento.us.es\/diqaus\/personal\/mapa-de-localizacion\/#primaryimage\"},\"image\":{\"@id\":\"https:\/\/departamento.us.es\/diqaus\/personal\/mapa-de-localizacion\/#primaryimage\"},\"thumbnailUrl\":\"http:\/\/departamento.us.es\/diqaus\/wp-content\/themes\/diqaus\/media\/img\/localizacion-etsi-diqaus.jpg\",\"datePublished\":\"2014-10-20T16:24:45+00:00\",\"dateModified\":\"2023-10-11T16:32:10+00:00\",\"description\":\"\u00a1No te pierdas en nuestra facultad! En este mapa podr\u00e1s encontrar todas las aulas y secciones. Ya no tienes excusa para ser puntual.\",\"breadcrumb\":{\"@id\":\"https:\/\/departamento.us.es\/diqaus\/personal\/mapa-de-localizacion\/#breadcrumb\"},\"inLanguage\":\"es\",\"potentialAction\":[{\"@type\":\"ReadAction\",\"target\":[\"https:\/\/departamento.us.es\/diqaus\/personal\/mapa-de-localizacion\/\"]}]},{\"@type\":\"ImageObject\",\"inLanguage\":\"es\",\"@id\":\"https:\/\/departamento.us.es\/diqaus\/personal\/mapa-de-localizacion\/#primaryimage\",\"url\":\"http:\/\/departamento.us.es\/diqaus\/wp-content\/themes\/diqaus\/media\/img\/localizacion-etsi-diqaus.jpg\",\"contentUrl\":\"http:\/\/departamento.us.es\/diqaus\/wp-content\/themes\/diqaus\/media\/img\/localizacion-etsi-diqaus.jpg\"},{\"@type\":\"BreadcrumbList\",\"@id\":\"https:\/\/departamento.us.es\/diqaus\/personal\/mapa-de-localizacion\/#breadcrumb\",\"itemListElement\":[{\"@type\":\"ListItem\",\"position\":1,\"name\":\"Portada\",\"item\":\"https:\/\/departamento.us.es\/diqaus\/\"},{\"@type\":\"ListItem\",\"position\":2,\"name\":\"Personal\",\"item\":\"https:\/\/departamento.us.es\/diqaus\/personal\/\"},{\"@type\":\"ListItem\",\"position\":3,\"name\":\"Mapa de localizaci\u00f3n\"}]},{\"@type\":\"WebSite\",\"@id\":\"https:\/\/departamento.us.es\/diqaus\/#website\",\"url\":\"https:\/\/departamento.us.es\/diqaus\/\",\"name\":\"Departamento Ingenier\u00eda Qu\u00edmica y Ambiental US\",\"description\":\"Web del Departamento de Ingenier\u00eda Qu\u00edmica y Ambiental de la Universidad de Sevilla. Informaci\u00f3n sobre los estudios de Grado, Masters, l\u00edneas de investigaci\u00f3n y salidas laborales.\",\"publisher\":{\"@id\":\"https:\/\/departamento.us.es\/diqaus\/#organization\"},\"potentialAction\":[{\"@type\":\"SearchAction\",\"target\":{\"@type\":\"EntryPoint\",\"urlTemplate\":\"https:\/\/departamento.us.es\/diqaus\/?s={search_term_string}\"},\"query-input\":{\"@type\":\"PropertyValueSpecification\",\"valueRequired\":true,\"valueName\":\"search_term_string\"}}],\"inLanguage\":\"es\"},{\"@type\":\"Organization\",\"@id\":\"https:\/\/departamento.us.es\/diqaus\/#organization\",\"name\":\"Departamento de Ingenier\u00eda Qu\u00edmica y Ambiental US\",\"url\":\"https:\/\/departamento.us.es\/diqaus\/\",\"logo\":{\"@type\":\"ImageObject\",\"inLanguage\":\"es\",\"@id\":\"https:\/\/departamento.us.es\/diqaus\/#\/schema\/logo\/image\/\",\"url\":\"https:\/\/departamento.us.es\/diqaus\/wp-content\/uploads\/2021\/11\/logo-departamento-ingenieria-quimica-ambiental-us-e1637856642858.png\",\"contentUrl\":\"https:\/\/departamento.us.es\/diqaus\/wp-content\/uploads\/2021\/11\/logo-departamento-ingenieria-quimica-ambiental-us-e1637856642858.png\",\"width\":126,\"height\":127,\"caption\":\"Departamento de Ingenier\u00eda Qu\u00edmica y Ambiental US\"},\"image\":{\"@id\":\"https:\/\/departamento.us.es\/diqaus\/#\/schema\/logo\/image\/\"}}]}<\/script>\n<!-- \/ Yoast SEO plugin. -->","yoast_head_json":{"title":"Mapa de localizaci\u00f3n - Departamento Ingenier\u00eda Qu\u00edmica y Ambiental US","description":"\u00a1No te pierdas en nuestra facultad! En este mapa podr\u00e1s encontrar todas las aulas y secciones. Ya no tienes excusa para ser puntual.","robots":{"index":"index","follow":"follow","max-snippet":"max-snippet:-1","max-image-preview":"max-image-preview:large","max-video-preview":"max-video-preview:-1"},"canonical":"https:\/\/departamento.us.es\/diqaus\/personal\/mapa-de-localizacion\/","og_locale":"es_ES","og_type":"article","og_title":"Mapa de localizaci\u00f3n - Departamento Ingenier\u00eda Qu\u00edmica y Ambiental US","og_description":"\u00a1No te pierdas en nuestra facultad! En este mapa podr\u00e1s encontrar todas las aulas y secciones. Ya no tienes excusa para ser puntual.","og_url":"https:\/\/departamento.us.es\/diqaus\/personal\/mapa-de-localizacion\/","og_site_name":"Departamento Ingenier\u00eda Qu\u00edmica y Ambiental US","article_modified_time":"2023-10-11T16:32:10+00:00","og_image":[{"url":"http:\/\/departamento.us.es\/diqaus\/wp-content\/themes\/diqaus\/media\/img\/localizacion-etsi-diqaus.jpg","type":"","width":"","height":""}],"twitter_card":"summary_large_image","twitter_misc":{"Tiempo de lectura":"1 minuto"},"schema":{"@context":"https:\/\/schema.org","@graph":[{"@type":"WebPage","@id":"https:\/\/departamento.us.es\/diqaus\/personal\/mapa-de-localizacion\/","url":"https:\/\/departamento.us.es\/diqaus\/personal\/mapa-de-localizacion\/","name":"Mapa de localizaci\u00f3n - Departamento Ingenier\u00eda Qu\u00edmica y Ambiental US","isPartOf":{"@id":"https:\/\/departamento.us.es\/diqaus\/#website"},"primaryImageOfPage":{"@id":"https:\/\/departamento.us.es\/diqaus\/personal\/mapa-de-localizacion\/#primaryimage"},"image":{"@id":"https:\/\/departamento.us.es\/diqaus\/personal\/mapa-de-localizacion\/#primaryimage"},"thumbnailUrl":"http:\/\/departamento.us.es\/diqaus\/wp-content\/themes\/diqaus\/media\/img\/localizacion-etsi-diqaus.jpg","datePublished":"2014-10-20T16:24:45+00:00","dateModified":"2023-10-11T16:32:10+00:00","description":"\u00a1No te pierdas en nuestra facultad! En este mapa podr\u00e1s encontrar todas las aulas y secciones. Ya no tienes excusa para ser puntual.","breadcrumb":{"@id":"https:\/\/departamento.us.es\/diqaus\/personal\/mapa-de-localizacion\/#breadcrumb"},"inLanguage":"es","potentialAction":[{"@type":"ReadAction","target":["https:\/\/departamento.us.es\/diqaus\/personal\/mapa-de-localizacion\/"]}]},{"@type":"ImageObject","inLanguage":"es","@id":"https:\/\/departamento.us.es\/diqaus\/personal\/mapa-de-localizacion\/#primaryimage","url":"http:\/\/departamento.us.es\/diqaus\/wp-content\/themes\/diqaus\/media\/img\/localizacion-etsi-diqaus.jpg","contentUrl":"http:\/\/departamento.us.es\/diqaus\/wp-content\/themes\/diqaus\/media\/img\/localizacion-etsi-diqaus.jpg"},{"@type":"BreadcrumbList","@id":"https:\/\/departamento.us.es\/diqaus\/personal\/mapa-de-localizacion\/#breadcrumb","itemListElement":[{"@type":"ListItem","position":1,"name":"Portada","item":"https:\/\/departamento.us.es\/diqaus\/"},{"@type":"ListItem","position":2,"name":"Personal","item":"https:\/\/departamento.us.es\/diqaus\/personal\/"},{"@type":"ListItem","position":3,"name":"Mapa de localizaci\u00f3n"}]},{"@type":"WebSite","@id":"https:\/\/departamento.us.es\/diqaus\/#website","url":"https:\/\/departamento.us.es\/diqaus\/","name":"Departamento Ingenier\u00eda Qu\u00edmica y Ambiental US","description":"Web del Departamento de Ingenier\u00eda Qu\u00edmica y Ambiental de la Universidad de Sevilla. Informaci\u00f3n sobre los estudios de Grado, Masters, l\u00edneas de investigaci\u00f3n y salidas laborales.","publisher":{"@id":"https:\/\/departamento.us.es\/diqaus\/#organization"},"potentialAction":[{"@type":"SearchAction","target":{"@type":"EntryPoint","urlTemplate":"https:\/\/departamento.us.es\/diqaus\/?s={search_term_string}"},"query-input":{"@type":"PropertyValueSpecification","valueRequired":true,"valueName":"search_term_string"}}],"inLanguage":"es"},{"@type":"Organization","@id":"https:\/\/departamento.us.es\/diqaus\/#organization","name":"Departamento de Ingenier\u00eda Qu\u00edmica y Ambiental US","url":"https:\/\/departamento.us.es\/diqaus\/","logo":{"@type":"ImageObject","inLanguage":"es","@id":"https:\/\/departamento.us.es\/diqaus\/#\/schema\/logo\/image\/","url":"https:\/\/departamento.us.es\/diqaus\/wp-content\/uploads\/2021\/11\/logo-departamento-ingenieria-quimica-ambiental-us-e1637856642858.png","contentUrl":"https:\/\/departamento.us.es\/diqaus\/wp-content\/uploads\/2021\/11\/logo-departamento-ingenieria-quimica-ambiental-us-e1637856642858.png","width":126,"height":127,"caption":"Departamento de Ingenier\u00eda Qu\u00edmica y Ambiental US"},"image":{"@id":"https:\/\/departamento.us.es\/diqaus\/#\/schema\/logo\/image\/"}}]}},"_links":{"self":[{"href":"https:\/\/departamento.us.es\/diqaus\/wp-json\/wp\/v2\/pages\/274","targetHints":{"allow":["GET"]}}],"collection":[{"href":"https:\/\/departamento.us.es\/diqaus\/wp-json\/wp\/v2\/pages"}],"about":[{"href":"https:\/\/departamento.us.es\/diqaus\/wp-json\/wp\/v2\/types\/page"}],"author":[{"embeddable":true,"href":"https:\/\/departamento.us.es\/diqaus\/wp-json\/wp\/v2\/users\/1"}],"replies":[{"embeddable":true,"href":"https:\/\/departamento.us.es\/diqaus\/wp-json\/wp\/v2\/comments?post=274"}],"version-history":[{"count":1,"href":"https:\/\/departamento.us.es\/diqaus\/wp-json\/wp\/v2\/pages\/274\/revisions"}],"predecessor-version":[{"id":2083,"href":"https:\/\/departamento.us.es\/diqaus\/wp-json\/wp\/v2\/pages\/274\/revisions\/2083"}],"up":[{"embeddable":true,"href":"https:\/\/departamento.us.es\/diqaus\/wp-json\/wp\/v2\/pages\/10"}],"wp:attachment":[{"href":"https:\/\/departamento.us.es\/diqaus\/wp-json\/wp\/v2\/media?parent=274"}],"curies":[{"name":"wp","href":"https:\/\/api.w.org\/{rel}","templated":true}]}}