{"id":299,"date":"2014-10-22T17:29:01","date_gmt":"2014-10-22T17:29:01","guid":{"rendered":"http:\/\/departamento.us.es\/diqaus\/?page_id=299"},"modified":"2016-05-09T10:40:40","modified_gmt":"2016-05-09T10:40:40","slug":"alejandro-ramirez","status":"publish","type":"page","link":"https:\/\/departamento.us.es\/diqaus\/grado\/colocacion-de-los-egresados\/alejandro-ramirez\/","title":{"rendered":"Alejandro Ram\u00edrez"},"content":{"rendered":"<h3>Alejandro Ram\u00edrez<\/h3>\n<div class=\"destacado\">\n<p><strong>A\u00f1o de graduaci\u00f3n y titulaci\u00f3n:<\/strong> 2008 Ingeniero Qu\u00edmico Superior<\/p>\n<p><strong>Posici\u00f3n actual:<\/strong> Ingeniero de Producci\u00f3n en procesos de galvanizado para multinacional del sector de Semiconductores y fabricaci\u00f3n de microchips (Globalfoundries). Actualmente trabajo en Alemania.<\/p>\n<\/div>\n<p><img loading=\"lazy\" decoding=\"async\" class=\"alignright\" src=\"http:\/\/alojamientosv.us.es\/diqaus\/wp-content\/themes\/diqaus\/media\/img\/egresados\/alejandro-ramirez.jpg\" alt=\"Alejandro Ram\u00edrez\" width=\"223\" height=\"279\" \/><\/p>\n<p><strong>P:\u00bfQu\u00e9 camino has seguido para llegar hasta tu puesto actual?<\/strong><br \/>\nR: Realic\u00e9 mis estudios universitarios en Sevilla y consegu\u00ed una Beca Erasmus para Alemania. Despu\u00e9s obtuve otras becas varias de estudios y pr\u00e1cticas en el extranjero. Fij\u00e9 mi residencia en Alemania y realic\u00e9 una b\u00fasqueda activa de empleo. Finalmente consegu\u00ed empleo en mi actual empresa como t\u00e9cnico de laboratorio de an\u00e1lisis qu\u00edmico y consegu\u00ed un posterior ascenso interno a otro departamento ya como Ingeniero.<\/p>\n<p><strong>P:\u00bfQu\u00e9 actividades conlleva tu posici\u00f3n actual?<\/strong><br \/>\nR: Trabajo en turnos de 12 horas. D\u00edas \u00f3 noches cualquier d\u00eda del a\u00f1o incluyendo festivos y Domingos. Las funciones son de Ingeniero de producci\u00f3n donde se trata de optimizar el funcionamiento de los equipos de la l\u00ednea productiva, as\u00ed como el contacto diario con operarios, t\u00e9cnicos e Ingenieros de proceso y managers de secci\u00f3n.<\/p>\n<p><strong>P: \u00bfQu\u00e9 es lo que m\u00e1s te gust\u00f3 de la titulaci\u00f3n?<\/strong><br \/>\nR: Es dif\u00edcil nombrar lo que m\u00e1s gust\u00f3. Aunque s\u00ed destaco lo que se aprende como Ingeniero y su dureza. Eso te hace ser capaz de buscar por ti mismo soluciones a los problemas que luego surgen en tu puesto de trabajo a nivel t\u00e9cnico al menos.<\/p>\n<p><strong>P: \u00bfQu\u00e9 capacidades\/conocimientos que adquiriste en la titulaci\u00f3n te han sido m\u00e1s provechosos para tu trabajo actual?<\/strong><br \/>\nR: Realmente pocos a nivel espec\u00edfico porque trabajo en una\u00a0 empresa de semiconductores y no se parece mucho a lo que he estudiado. Quiz\u00e1 s\u00ed me ha servido m\u00e1s la parte de qu\u00edmica anal\u00edtica e instrumental para el puesto previo de T\u00e9cnico de Laboratorio que me abri\u00f3 las puertas en \u00e9sta empresa.<\/p>\n<p><strong>P: \u00bfQu\u00e9 recomendaciones dar\u00edas a los estudiantes que quieran estudiar Ingenier\u00eda Qu\u00edmica?<\/strong><br \/>\nR: Hace a\u00f1os que termin\u00e9 y han cambiado muchas cosas tanto a nivel legislativo como en lo que a planes de estudio se refiere. Recomendar\u00eda estudiar-dominar un segundo \u00f3 tercer idioma y hacer pr\u00e1cticas-becas en el extranjero tantas y tan pronto como puedan. Son experiencias que te ense\u00f1an mucho m\u00e1s que un libro y que adem\u00e1s te abre l\u00edneas de estudio y de proyectos que no encontrar\u00e1n en su Universidad.<\/p>\n","protected":false},"excerpt":{"rendered":"<p>Alejandro Ram\u00edrez A\u00f1o de graduaci\u00f3n y titulaci\u00f3n: 2008 Ingeniero Qu\u00edmico Superior Posici\u00f3n actual: Ingeniero de Producci\u00f3n en procesos de galvanizado para multinacional del sector de Semiconductores y fabricaci\u00f3n de microchips (Globalfoundries). Actualmente trabajo en Alemania. P:\u00bfQu\u00e9 camino has seguido para llegar hasta tu puesto actual? R: Realic\u00e9 mis estudios universitarios en Sevilla y consegu\u00ed una [&hellip;]<\/p>\n","protected":false},"author":1,"featured_media":0,"parent":212,"menu_order":0,"comment_status":"open","ping_status":"closed","template":"","meta":{"footnotes":""},"class_list":["post-299","page","type-page","status-publish","hentry"],"yoast_head":"<!-- This site is optimized with the Yoast SEO plugin v27.1.1 - https:\/\/yoast.com\/product\/yoast-seo-wordpress\/ -->\n<title>Alejandro Ram\u00edrez - Departamento Ingenier\u00eda Qu\u00edmica y Ambiental US<\/title>\n<meta name=\"robots\" content=\"index, follow, max-snippet:-1, max-image-preview:large, max-video-preview:-1\" \/>\n<link rel=\"canonical\" href=\"https:\/\/departamento.us.es\/diqaus\/grado\/colocacion-de-los-egresados\/alejandro-ramirez\/\" \/>\n<meta property=\"og:locale\" content=\"es_ES\" \/>\n<meta property=\"og:type\" content=\"article\" \/>\n<meta property=\"og:title\" content=\"Alejandro Ram\u00edrez - Departamento Ingenier\u00eda Qu\u00edmica y Ambiental US\" \/>\n<meta property=\"og:description\" content=\"Alejandro Ram\u00edrez A\u00f1o de graduaci\u00f3n y titulaci\u00f3n: 2008 Ingeniero Qu\u00edmico Superior Posici\u00f3n actual: Ingeniero de Producci\u00f3n en procesos de galvanizado para multinacional del sector de Semiconductores y fabricaci\u00f3n de microchips (Globalfoundries). Actualmente trabajo en Alemania. P:\u00bfQu\u00e9 camino has seguido para llegar hasta tu puesto actual? R: Realic\u00e9 mis estudios universitarios en Sevilla y consegu\u00ed una [&hellip;]\" \/>\n<meta property=\"og:url\" content=\"https:\/\/departamento.us.es\/diqaus\/grado\/colocacion-de-los-egresados\/alejandro-ramirez\/\" \/>\n<meta property=\"og:site_name\" content=\"Departamento Ingenier\u00eda Qu\u00edmica y Ambiental US\" \/>\n<meta property=\"article:modified_time\" content=\"2016-05-09T10:40:40+00:00\" \/>\n<meta property=\"og:image\" content=\"http:\/\/alojamientosv.us.es\/diqaus\/wp-content\/themes\/diqaus\/media\/img\/egresados\/alejandro-ramirez.jpg\" \/>\n<meta name=\"twitter:card\" content=\"summary_large_image\" \/>\n<meta name=\"twitter:label1\" content=\"Tiempo de lectura\" \/>\n\t<meta name=\"twitter:data1\" content=\"2 minutos\" \/>\n<script type=\"application\/ld+json\" class=\"yoast-schema-graph\">{\"@context\":\"https:\/\/schema.org\",\"@graph\":[{\"@type\":\"WebPage\",\"@id\":\"https:\/\/departamento.us.es\/diqaus\/grado\/colocacion-de-los-egresados\/alejandro-ramirez\/\",\"url\":\"https:\/\/departamento.us.es\/diqaus\/grado\/colocacion-de-los-egresados\/alejandro-ramirez\/\",\"name\":\"Alejandro Ram\u00edrez - Departamento Ingenier\u00eda Qu\u00edmica y Ambiental US\",\"isPartOf\":{\"@id\":\"https:\/\/departamento.us.es\/diqaus\/#website\"},\"primaryImageOfPage\":{\"@id\":\"https:\/\/departamento.us.es\/diqaus\/grado\/colocacion-de-los-egresados\/alejandro-ramirez\/#primaryimage\"},\"image\":{\"@id\":\"https:\/\/departamento.us.es\/diqaus\/grado\/colocacion-de-los-egresados\/alejandro-ramirez\/#primaryimage\"},\"thumbnailUrl\":\"http:\/\/alojamientosv.us.es\/diqaus\/wp-content\/themes\/diqaus\/media\/img\/egresados\/alejandro-ramirez.jpg\",\"datePublished\":\"2014-10-22T17:29:01+00:00\",\"dateModified\":\"2016-05-09T10:40:40+00:00\",\"breadcrumb\":{\"@id\":\"https:\/\/departamento.us.es\/diqaus\/grado\/colocacion-de-los-egresados\/alejandro-ramirez\/#breadcrumb\"},\"inLanguage\":\"es\",\"potentialAction\":[{\"@type\":\"ReadAction\",\"target\":[\"https:\/\/departamento.us.es\/diqaus\/grado\/colocacion-de-los-egresados\/alejandro-ramirez\/\"]}]},{\"@type\":\"ImageObject\",\"inLanguage\":\"es\",\"@id\":\"https:\/\/departamento.us.es\/diqaus\/grado\/colocacion-de-los-egresados\/alejandro-ramirez\/#primaryimage\",\"url\":\"http:\/\/alojamientosv.us.es\/diqaus\/wp-content\/themes\/diqaus\/media\/img\/egresados\/alejandro-ramirez.jpg\",\"contentUrl\":\"http:\/\/alojamientosv.us.es\/diqaus\/wp-content\/themes\/diqaus\/media\/img\/egresados\/alejandro-ramirez.jpg\"},{\"@type\":\"BreadcrumbList\",\"@id\":\"https:\/\/departamento.us.es\/diqaus\/grado\/colocacion-de-los-egresados\/alejandro-ramirez\/#breadcrumb\",\"itemListElement\":[{\"@type\":\"ListItem\",\"position\":1,\"name\":\"Portada\",\"item\":\"https:\/\/departamento.us.es\/diqaus\/\"},{\"@type\":\"ListItem\",\"position\":2,\"name\":\"Grado\",\"item\":\"https:\/\/departamento.us.es\/diqaus\/grado\/\"},{\"@type\":\"ListItem\",\"position\":3,\"name\":\"Colocaci\u00f3n de los egresados\",\"item\":\"https:\/\/departamento.us.es\/diqaus\/grado\/colocacion-de-los-egresados\/\"},{\"@type\":\"ListItem\",\"position\":4,\"name\":\"Alejandro Ram\u00edrez\"}]},{\"@type\":\"WebSite\",\"@id\":\"https:\/\/departamento.us.es\/diqaus\/#website\",\"url\":\"https:\/\/departamento.us.es\/diqaus\/\",\"name\":\"Departamento Ingenier\u00eda Qu\u00edmica y Ambiental US\",\"description\":\"Web del Departamento de Ingenier\u00eda Qu\u00edmica y Ambiental de la Universidad de Sevilla. Informaci\u00f3n sobre los estudios de Grado, Masters, l\u00edneas de investigaci\u00f3n y salidas laborales.\",\"publisher\":{\"@id\":\"https:\/\/departamento.us.es\/diqaus\/#organization\"},\"potentialAction\":[{\"@type\":\"SearchAction\",\"target\":{\"@type\":\"EntryPoint\",\"urlTemplate\":\"https:\/\/departamento.us.es\/diqaus\/?s={search_term_string}\"},\"query-input\":{\"@type\":\"PropertyValueSpecification\",\"valueRequired\":true,\"valueName\":\"search_term_string\"}}],\"inLanguage\":\"es\"},{\"@type\":\"Organization\",\"@id\":\"https:\/\/departamento.us.es\/diqaus\/#organization\",\"name\":\"Departamento de Ingenier\u00eda Qu\u00edmica y Ambiental US\",\"url\":\"https:\/\/departamento.us.es\/diqaus\/\",\"logo\":{\"@type\":\"ImageObject\",\"inLanguage\":\"es\",\"@id\":\"https:\/\/departamento.us.es\/diqaus\/#\/schema\/logo\/image\/\",\"url\":\"https:\/\/departamento.us.es\/diqaus\/wp-content\/uploads\/2021\/11\/logo-departamento-ingenieria-quimica-ambiental-us-e1637856642858.png\",\"contentUrl\":\"https:\/\/departamento.us.es\/diqaus\/wp-content\/uploads\/2021\/11\/logo-departamento-ingenieria-quimica-ambiental-us-e1637856642858.png\",\"width\":126,\"height\":127,\"caption\":\"Departamento de Ingenier\u00eda Qu\u00edmica y Ambiental US\"},\"image\":{\"@id\":\"https:\/\/departamento.us.es\/diqaus\/#\/schema\/logo\/image\/\"}}]}<\/script>\n<!-- \/ Yoast SEO plugin. -->","yoast_head_json":{"title":"Alejandro Ram\u00edrez - Departamento Ingenier\u00eda Qu\u00edmica y Ambiental US","robots":{"index":"index","follow":"follow","max-snippet":"max-snippet:-1","max-image-preview":"max-image-preview:large","max-video-preview":"max-video-preview:-1"},"canonical":"https:\/\/departamento.us.es\/diqaus\/grado\/colocacion-de-los-egresados\/alejandro-ramirez\/","og_locale":"es_ES","og_type":"article","og_title":"Alejandro Ram\u00edrez - Departamento Ingenier\u00eda Qu\u00edmica y Ambiental US","og_description":"Alejandro Ram\u00edrez A\u00f1o de graduaci\u00f3n y titulaci\u00f3n: 2008 Ingeniero Qu\u00edmico Superior Posici\u00f3n actual: Ingeniero de Producci\u00f3n en procesos de galvanizado para multinacional del sector de Semiconductores y fabricaci\u00f3n de microchips (Globalfoundries). Actualmente trabajo en Alemania. P:\u00bfQu\u00e9 camino has seguido para llegar hasta tu puesto actual? R: Realic\u00e9 mis estudios universitarios en Sevilla y consegu\u00ed una [&hellip;]","og_url":"https:\/\/departamento.us.es\/diqaus\/grado\/colocacion-de-los-egresados\/alejandro-ramirez\/","og_site_name":"Departamento Ingenier\u00eda Qu\u00edmica y Ambiental US","article_modified_time":"2016-05-09T10:40:40+00:00","og_image":[{"url":"http:\/\/alojamientosv.us.es\/diqaus\/wp-content\/themes\/diqaus\/media\/img\/egresados\/alejandro-ramirez.jpg","type":"","width":"","height":""}],"twitter_card":"summary_large_image","twitter_misc":{"Tiempo de lectura":"2 minutos"},"schema":{"@context":"https:\/\/schema.org","@graph":[{"@type":"WebPage","@id":"https:\/\/departamento.us.es\/diqaus\/grado\/colocacion-de-los-egresados\/alejandro-ramirez\/","url":"https:\/\/departamento.us.es\/diqaus\/grado\/colocacion-de-los-egresados\/alejandro-ramirez\/","name":"Alejandro Ram\u00edrez - Departamento Ingenier\u00eda Qu\u00edmica y Ambiental US","isPartOf":{"@id":"https:\/\/departamento.us.es\/diqaus\/#website"},"primaryImageOfPage":{"@id":"https:\/\/departamento.us.es\/diqaus\/grado\/colocacion-de-los-egresados\/alejandro-ramirez\/#primaryimage"},"image":{"@id":"https:\/\/departamento.us.es\/diqaus\/grado\/colocacion-de-los-egresados\/alejandro-ramirez\/#primaryimage"},"thumbnailUrl":"http:\/\/alojamientosv.us.es\/diqaus\/wp-content\/themes\/diqaus\/media\/img\/egresados\/alejandro-ramirez.jpg","datePublished":"2014-10-22T17:29:01+00:00","dateModified":"2016-05-09T10:40:40+00:00","breadcrumb":{"@id":"https:\/\/departamento.us.es\/diqaus\/grado\/colocacion-de-los-egresados\/alejandro-ramirez\/#breadcrumb"},"inLanguage":"es","potentialAction":[{"@type":"ReadAction","target":["https:\/\/departamento.us.es\/diqaus\/grado\/colocacion-de-los-egresados\/alejandro-ramirez\/"]}]},{"@type":"ImageObject","inLanguage":"es","@id":"https:\/\/departamento.us.es\/diqaus\/grado\/colocacion-de-los-egresados\/alejandro-ramirez\/#primaryimage","url":"http:\/\/alojamientosv.us.es\/diqaus\/wp-content\/themes\/diqaus\/media\/img\/egresados\/alejandro-ramirez.jpg","contentUrl":"http:\/\/alojamientosv.us.es\/diqaus\/wp-content\/themes\/diqaus\/media\/img\/egresados\/alejandro-ramirez.jpg"},{"@type":"BreadcrumbList","@id":"https:\/\/departamento.us.es\/diqaus\/grado\/colocacion-de-los-egresados\/alejandro-ramirez\/#breadcrumb","itemListElement":[{"@type":"ListItem","position":1,"name":"Portada","item":"https:\/\/departamento.us.es\/diqaus\/"},{"@type":"ListItem","position":2,"name":"Grado","item":"https:\/\/departamento.us.es\/diqaus\/grado\/"},{"@type":"ListItem","position":3,"name":"Colocaci\u00f3n de los egresados","item":"https:\/\/departamento.us.es\/diqaus\/grado\/colocacion-de-los-egresados\/"},{"@type":"ListItem","position":4,"name":"Alejandro Ram\u00edrez"}]},{"@type":"WebSite","@id":"https:\/\/departamento.us.es\/diqaus\/#website","url":"https:\/\/departamento.us.es\/diqaus\/","name":"Departamento Ingenier\u00eda Qu\u00edmica y Ambiental US","description":"Web del Departamento de Ingenier\u00eda Qu\u00edmica y Ambiental de la Universidad de Sevilla. Informaci\u00f3n sobre los estudios de Grado, Masters, l\u00edneas de investigaci\u00f3n y salidas laborales.","publisher":{"@id":"https:\/\/departamento.us.es\/diqaus\/#organization"},"potentialAction":[{"@type":"SearchAction","target":{"@type":"EntryPoint","urlTemplate":"https:\/\/departamento.us.es\/diqaus\/?s={search_term_string}"},"query-input":{"@type":"PropertyValueSpecification","valueRequired":true,"valueName":"search_term_string"}}],"inLanguage":"es"},{"@type":"Organization","@id":"https:\/\/departamento.us.es\/diqaus\/#organization","name":"Departamento de Ingenier\u00eda Qu\u00edmica y Ambiental US","url":"https:\/\/departamento.us.es\/diqaus\/","logo":{"@type":"ImageObject","inLanguage":"es","@id":"https:\/\/departamento.us.es\/diqaus\/#\/schema\/logo\/image\/","url":"https:\/\/departamento.us.es\/diqaus\/wp-content\/uploads\/2021\/11\/logo-departamento-ingenieria-quimica-ambiental-us-e1637856642858.png","contentUrl":"https:\/\/departamento.us.es\/diqaus\/wp-content\/uploads\/2021\/11\/logo-departamento-ingenieria-quimica-ambiental-us-e1637856642858.png","width":126,"height":127,"caption":"Departamento de Ingenier\u00eda Qu\u00edmica y Ambiental US"},"image":{"@id":"https:\/\/departamento.us.es\/diqaus\/#\/schema\/logo\/image\/"}}]}},"_links":{"self":[{"href":"https:\/\/departamento.us.es\/diqaus\/wp-json\/wp\/v2\/pages\/299","targetHints":{"allow":["GET"]}}],"collection":[{"href":"https:\/\/departamento.us.es\/diqaus\/wp-json\/wp\/v2\/pages"}],"about":[{"href":"https:\/\/departamento.us.es\/diqaus\/wp-json\/wp\/v2\/types\/page"}],"author":[{"embeddable":true,"href":"https:\/\/departamento.us.es\/diqaus\/wp-json\/wp\/v2\/users\/1"}],"replies":[{"embeddable":true,"href":"https:\/\/departamento.us.es\/diqaus\/wp-json\/wp\/v2\/comments?post=299"}],"version-history":[{"count":3,"href":"https:\/\/departamento.us.es\/diqaus\/wp-json\/wp\/v2\/pages\/299\/revisions"}],"predecessor-version":[{"id":840,"href":"https:\/\/departamento.us.es\/diqaus\/wp-json\/wp\/v2\/pages\/299\/revisions\/840"}],"up":[{"embeddable":true,"href":"https:\/\/departamento.us.es\/diqaus\/wp-json\/wp\/v2\/pages\/212"}],"wp:attachment":[{"href":"https:\/\/departamento.us.es\/diqaus\/wp-json\/wp\/v2\/media?parent=299"}],"curies":[{"name":"wp","href":"https:\/\/api.w.org\/{rel}","templated":true}]}}