{"id":304,"date":"2014-10-22T17:40:40","date_gmt":"2014-10-22T17:40:40","guid":{"rendered":"http:\/\/departamento.us.es\/diqaus\/?page_id=304"},"modified":"2016-05-09T10:41:33","modified_gmt":"2016-05-09T10:41:33","slug":"cristina-freniche","status":"publish","type":"page","link":"https:\/\/departamento.us.es\/diqaus\/grado\/colocacion-de-los-egresados\/cristina-freniche\/","title":{"rendered":"Cristina Freniche"},"content":{"rendered":"<h3>Cristina Freniche<\/h3>\n<div class=\"destacado\">\n<p><strong>A\u00f1o de graduaci\u00f3n y titulaci\u00f3n: <\/strong>2008, Ingeniero Qu\u00edmico<\/p>\n<p><strong>Posici\u00f3n actual:<\/strong> Trabajo en UOP (Universal Oil Products) como Design Engineer, dedicada al dise\u00f1o de procesos de refino y petroqu\u00edmica, desde lo m\u00e1s b\u00e1sico (simulaciones, balances de materia y energ\u00eda, diagramas de proceso) hasta ingenier\u00eda de detalle (dise\u00f1o y evaluaci\u00f3n de equipos, P&amp;IDs).<\/p>\n<\/div>\n<p><img loading=\"lazy\" decoding=\"async\" class=\"alignright\" src=\"http:\/\/alojamientosv.us.es\/diqaus\/wp-content\/themes\/diqaus\/media\/img\/egresados\/cristina-freniche.jpg\" alt=\"Cristina Freniche\" width=\"442\" height=\"331\" \/><\/p>\n<p><strong><br \/>\nP:\u00bfQu\u00e9 camino has seguido para llegar hasta tu puesto actual?<\/strong><\/p>\n<p>R: En la asignatura de Simulaci\u00f3n y Optimizaci\u00f3n de Procesos Qu\u00edmicos decid\u00ed hacer un preproyecto, que evoluciono a Proyecto fin de Carrera, y que me permiti\u00f3 tambi\u00e9n coger una beca en el Departamento. All\u00ed estuve hasta unos meses despu\u00e9s de graduarme. Yo ten\u00eda claro que me quer\u00eda ir fuera, as\u00ed que hice un par de entrevistas en Alemania y en Inglaterra, y cuando recib\u00ed la oferta de la compa\u00f1\u00eda AspenTech me lanc\u00e9. Estuve trabajando en soporte t\u00e9cnico de Aspen Plus y derivados un par de a\u00f1os en la oficina de Reading (UK) tambi\u00e9n impartiendo cursos, y de ah\u00ed me cambie de trabajo a UOP en Guildford (UK)<a name=\"_GoBack\"><\/a>. Un par de tardes por semana tambi\u00e9n imparto clases de yoga.<\/p>\n<p><strong>P:\u00bfQu\u00e9 actividades conlleva tu posici\u00f3n actual?<\/strong><\/p>\n<p>R: Principalmente simulaci\u00f3n de procesos. Los especialistas me pasan un <em>\u00abyield estimate\u00bb<\/em> que te dice lo que pasa en un reactor o adsorbedor principal, y a partir de ah\u00ed construyo la simulaci\u00f3n completa del proceso. Con los datos de balance de materia y energ\u00eda de la simulaci\u00f3n se pasa a la fase de proyecto que es un poco m\u00e1s detallada, viendo c\u00e1lculos hidr\u00e1ulicos, tama\u00f1o de dep\u00f3sitos, evaluaci\u00f3n de intercambiadores, v\u00e1lvulas ,etc.<\/p>\n<p><strong>P: \u00bfQu\u00e9 es lo que m\u00e1s te gust\u00f3 de la titulaci\u00f3n?<\/strong><\/p>\n<p>R: En general me gusta todo lo que tenga que ver con resolver problemas de forma l\u00f3gica, pero me sorprend\u00ed a m\u00ed misma cuando me gustaron mucho asignaturas m\u00e1s pr\u00e1cticas como Operaciones B\u00e1sicas con S\u00f3lidos y Fluidos.<\/p>\n<p><strong>P: \u00bfQu\u00e9 capacidades\/conocimientos que adquiriste en la titulaci\u00f3n te han sido m\u00e1s provechosos para tu trabajo actual?<\/strong><\/p>\n<p>R: Definitivamente la simulaci\u00f3n de procesos qu\u00edmicos con Aspen Plus y Unisim. Aunque se nota a leguas que nosotros salimos con conocimientos mucho m\u00e1s amplios que los graduados de UK.<\/p>\n<p><strong>P: \u00bfQu\u00e9 recomendaciones dar\u00edas a los estudiantes que quieran estudiar Ingenier\u00eda Qu\u00edmica?<\/strong><\/p>\n<p>R: Que miren bien a lo que se puede dedicar un Ingeniero Qu\u00edmico y se aseguren de qu\u00e9 es lo que quieren, porque si no tienes esa ilusi\u00f3n es una carrera m\u00e1s bien dura.<\/p>\n","protected":false},"excerpt":{"rendered":"<p>Cristina Freniche A\u00f1o de graduaci\u00f3n y titulaci\u00f3n: 2008, Ingeniero Qu\u00edmico Posici\u00f3n actual: Trabajo en UOP (Universal Oil Products) como Design Engineer, dedicada al dise\u00f1o de procesos de refino y petroqu\u00edmica, desde lo m\u00e1s b\u00e1sico (simulaciones, balances de materia y energ\u00eda, diagramas de proceso) hasta ingenier\u00eda de detalle (dise\u00f1o y evaluaci\u00f3n de equipos, P&amp;IDs). P:\u00bfQu\u00e9 camino [&hellip;]<\/p>\n","protected":false},"author":1,"featured_media":0,"parent":212,"menu_order":0,"comment_status":"open","ping_status":"closed","template":"","meta":{"footnotes":""},"class_list":["post-304","page","type-page","status-publish","hentry"],"yoast_head":"<!-- This site is optimized with the Yoast SEO plugin v27.1.1 - https:\/\/yoast.com\/product\/yoast-seo-wordpress\/ -->\n<title>Cristina Freniche - Departamento Ingenier\u00eda Qu\u00edmica y Ambiental US<\/title>\n<meta name=\"robots\" content=\"index, follow, max-snippet:-1, max-image-preview:large, max-video-preview:-1\" \/>\n<link rel=\"canonical\" href=\"https:\/\/departamento.us.es\/diqaus\/grado\/colocacion-de-los-egresados\/cristina-freniche\/\" \/>\n<meta property=\"og:locale\" content=\"es_ES\" \/>\n<meta property=\"og:type\" content=\"article\" \/>\n<meta property=\"og:title\" content=\"Cristina Freniche - Departamento Ingenier\u00eda Qu\u00edmica y Ambiental US\" \/>\n<meta property=\"og:description\" content=\"Cristina Freniche A\u00f1o de graduaci\u00f3n y titulaci\u00f3n: 2008, Ingeniero Qu\u00edmico Posici\u00f3n actual: Trabajo en UOP (Universal Oil Products) como Design Engineer, dedicada al dise\u00f1o de procesos de refino y petroqu\u00edmica, desde lo m\u00e1s b\u00e1sico (simulaciones, balances de materia y energ\u00eda, diagramas de proceso) hasta ingenier\u00eda de detalle (dise\u00f1o y evaluaci\u00f3n de equipos, P&amp;IDs). P:\u00bfQu\u00e9 camino [&hellip;]\" \/>\n<meta property=\"og:url\" content=\"https:\/\/departamento.us.es\/diqaus\/grado\/colocacion-de-los-egresados\/cristina-freniche\/\" \/>\n<meta property=\"og:site_name\" content=\"Departamento Ingenier\u00eda Qu\u00edmica y Ambiental US\" \/>\n<meta property=\"article:modified_time\" content=\"2016-05-09T10:41:33+00:00\" \/>\n<meta property=\"og:image\" content=\"http:\/\/alojamientosv.us.es\/diqaus\/wp-content\/themes\/diqaus\/media\/img\/egresados\/cristina-freniche.jpg\" \/>\n<meta name=\"twitter:card\" content=\"summary_large_image\" \/>\n<meta name=\"twitter:label1\" content=\"Tiempo de lectura\" \/>\n\t<meta name=\"twitter:data1\" content=\"2 minutos\" \/>\n<script type=\"application\/ld+json\" class=\"yoast-schema-graph\">{\"@context\":\"https:\/\/schema.org\",\"@graph\":[{\"@type\":\"WebPage\",\"@id\":\"https:\/\/departamento.us.es\/diqaus\/grado\/colocacion-de-los-egresados\/cristina-freniche\/\",\"url\":\"https:\/\/departamento.us.es\/diqaus\/grado\/colocacion-de-los-egresados\/cristina-freniche\/\",\"name\":\"Cristina Freniche - Departamento Ingenier\u00eda Qu\u00edmica y Ambiental US\",\"isPartOf\":{\"@id\":\"https:\/\/departamento.us.es\/diqaus\/#website\"},\"primaryImageOfPage\":{\"@id\":\"https:\/\/departamento.us.es\/diqaus\/grado\/colocacion-de-los-egresados\/cristina-freniche\/#primaryimage\"},\"image\":{\"@id\":\"https:\/\/departamento.us.es\/diqaus\/grado\/colocacion-de-los-egresados\/cristina-freniche\/#primaryimage\"},\"thumbnailUrl\":\"http:\/\/alojamientosv.us.es\/diqaus\/wp-content\/themes\/diqaus\/media\/img\/egresados\/cristina-freniche.jpg\",\"datePublished\":\"2014-10-22T17:40:40+00:00\",\"dateModified\":\"2016-05-09T10:41:33+00:00\",\"breadcrumb\":{\"@id\":\"https:\/\/departamento.us.es\/diqaus\/grado\/colocacion-de-los-egresados\/cristina-freniche\/#breadcrumb\"},\"inLanguage\":\"es\",\"potentialAction\":[{\"@type\":\"ReadAction\",\"target\":[\"https:\/\/departamento.us.es\/diqaus\/grado\/colocacion-de-los-egresados\/cristina-freniche\/\"]}]},{\"@type\":\"ImageObject\",\"inLanguage\":\"es\",\"@id\":\"https:\/\/departamento.us.es\/diqaus\/grado\/colocacion-de-los-egresados\/cristina-freniche\/#primaryimage\",\"url\":\"http:\/\/alojamientosv.us.es\/diqaus\/wp-content\/themes\/diqaus\/media\/img\/egresados\/cristina-freniche.jpg\",\"contentUrl\":\"http:\/\/alojamientosv.us.es\/diqaus\/wp-content\/themes\/diqaus\/media\/img\/egresados\/cristina-freniche.jpg\"},{\"@type\":\"BreadcrumbList\",\"@id\":\"https:\/\/departamento.us.es\/diqaus\/grado\/colocacion-de-los-egresados\/cristina-freniche\/#breadcrumb\",\"itemListElement\":[{\"@type\":\"ListItem\",\"position\":1,\"name\":\"Portada\",\"item\":\"https:\/\/departamento.us.es\/diqaus\/\"},{\"@type\":\"ListItem\",\"position\":2,\"name\":\"Grado\",\"item\":\"https:\/\/departamento.us.es\/diqaus\/grado\/\"},{\"@type\":\"ListItem\",\"position\":3,\"name\":\"Colocaci\u00f3n de los egresados\",\"item\":\"https:\/\/departamento.us.es\/diqaus\/grado\/colocacion-de-los-egresados\/\"},{\"@type\":\"ListItem\",\"position\":4,\"name\":\"Cristina Freniche\"}]},{\"@type\":\"WebSite\",\"@id\":\"https:\/\/departamento.us.es\/diqaus\/#website\",\"url\":\"https:\/\/departamento.us.es\/diqaus\/\",\"name\":\"Departamento Ingenier\u00eda Qu\u00edmica y Ambiental US\",\"description\":\"Web del Departamento de Ingenier\u00eda Qu\u00edmica y Ambiental de la Universidad de Sevilla. Informaci\u00f3n sobre los estudios de Grado, Masters, l\u00edneas de investigaci\u00f3n y salidas laborales.\",\"publisher\":{\"@id\":\"https:\/\/departamento.us.es\/diqaus\/#organization\"},\"potentialAction\":[{\"@type\":\"SearchAction\",\"target\":{\"@type\":\"EntryPoint\",\"urlTemplate\":\"https:\/\/departamento.us.es\/diqaus\/?s={search_term_string}\"},\"query-input\":{\"@type\":\"PropertyValueSpecification\",\"valueRequired\":true,\"valueName\":\"search_term_string\"}}],\"inLanguage\":\"es\"},{\"@type\":\"Organization\",\"@id\":\"https:\/\/departamento.us.es\/diqaus\/#organization\",\"name\":\"Departamento de Ingenier\u00eda Qu\u00edmica y Ambiental US\",\"url\":\"https:\/\/departamento.us.es\/diqaus\/\",\"logo\":{\"@type\":\"ImageObject\",\"inLanguage\":\"es\",\"@id\":\"https:\/\/departamento.us.es\/diqaus\/#\/schema\/logo\/image\/\",\"url\":\"https:\/\/departamento.us.es\/diqaus\/wp-content\/uploads\/2021\/11\/logo-departamento-ingenieria-quimica-ambiental-us-e1637856642858.png\",\"contentUrl\":\"https:\/\/departamento.us.es\/diqaus\/wp-content\/uploads\/2021\/11\/logo-departamento-ingenieria-quimica-ambiental-us-e1637856642858.png\",\"width\":126,\"height\":127,\"caption\":\"Departamento de Ingenier\u00eda Qu\u00edmica y Ambiental US\"},\"image\":{\"@id\":\"https:\/\/departamento.us.es\/diqaus\/#\/schema\/logo\/image\/\"}}]}<\/script>\n<!-- \/ Yoast SEO plugin. -->","yoast_head_json":{"title":"Cristina Freniche - Departamento Ingenier\u00eda Qu\u00edmica y Ambiental US","robots":{"index":"index","follow":"follow","max-snippet":"max-snippet:-1","max-image-preview":"max-image-preview:large","max-video-preview":"max-video-preview:-1"},"canonical":"https:\/\/departamento.us.es\/diqaus\/grado\/colocacion-de-los-egresados\/cristina-freniche\/","og_locale":"es_ES","og_type":"article","og_title":"Cristina Freniche - Departamento Ingenier\u00eda Qu\u00edmica y Ambiental US","og_description":"Cristina Freniche A\u00f1o de graduaci\u00f3n y titulaci\u00f3n: 2008, Ingeniero Qu\u00edmico Posici\u00f3n actual: Trabajo en UOP (Universal Oil Products) como Design Engineer, dedicada al dise\u00f1o de procesos de refino y petroqu\u00edmica, desde lo m\u00e1s b\u00e1sico (simulaciones, balances de materia y energ\u00eda, diagramas de proceso) hasta ingenier\u00eda de detalle (dise\u00f1o y evaluaci\u00f3n de equipos, P&amp;IDs). P:\u00bfQu\u00e9 camino [&hellip;]","og_url":"https:\/\/departamento.us.es\/diqaus\/grado\/colocacion-de-los-egresados\/cristina-freniche\/","og_site_name":"Departamento Ingenier\u00eda Qu\u00edmica y Ambiental US","article_modified_time":"2016-05-09T10:41:33+00:00","og_image":[{"url":"http:\/\/alojamientosv.us.es\/diqaus\/wp-content\/themes\/diqaus\/media\/img\/egresados\/cristina-freniche.jpg","type":"","width":"","height":""}],"twitter_card":"summary_large_image","twitter_misc":{"Tiempo de lectura":"2 minutos"},"schema":{"@context":"https:\/\/schema.org","@graph":[{"@type":"WebPage","@id":"https:\/\/departamento.us.es\/diqaus\/grado\/colocacion-de-los-egresados\/cristina-freniche\/","url":"https:\/\/departamento.us.es\/diqaus\/grado\/colocacion-de-los-egresados\/cristina-freniche\/","name":"Cristina Freniche - Departamento Ingenier\u00eda Qu\u00edmica y Ambiental US","isPartOf":{"@id":"https:\/\/departamento.us.es\/diqaus\/#website"},"primaryImageOfPage":{"@id":"https:\/\/departamento.us.es\/diqaus\/grado\/colocacion-de-los-egresados\/cristina-freniche\/#primaryimage"},"image":{"@id":"https:\/\/departamento.us.es\/diqaus\/grado\/colocacion-de-los-egresados\/cristina-freniche\/#primaryimage"},"thumbnailUrl":"http:\/\/alojamientosv.us.es\/diqaus\/wp-content\/themes\/diqaus\/media\/img\/egresados\/cristina-freniche.jpg","datePublished":"2014-10-22T17:40:40+00:00","dateModified":"2016-05-09T10:41:33+00:00","breadcrumb":{"@id":"https:\/\/departamento.us.es\/diqaus\/grado\/colocacion-de-los-egresados\/cristina-freniche\/#breadcrumb"},"inLanguage":"es","potentialAction":[{"@type":"ReadAction","target":["https:\/\/departamento.us.es\/diqaus\/grado\/colocacion-de-los-egresados\/cristina-freniche\/"]}]},{"@type":"ImageObject","inLanguage":"es","@id":"https:\/\/departamento.us.es\/diqaus\/grado\/colocacion-de-los-egresados\/cristina-freniche\/#primaryimage","url":"http:\/\/alojamientosv.us.es\/diqaus\/wp-content\/themes\/diqaus\/media\/img\/egresados\/cristina-freniche.jpg","contentUrl":"http:\/\/alojamientosv.us.es\/diqaus\/wp-content\/themes\/diqaus\/media\/img\/egresados\/cristina-freniche.jpg"},{"@type":"BreadcrumbList","@id":"https:\/\/departamento.us.es\/diqaus\/grado\/colocacion-de-los-egresados\/cristina-freniche\/#breadcrumb","itemListElement":[{"@type":"ListItem","position":1,"name":"Portada","item":"https:\/\/departamento.us.es\/diqaus\/"},{"@type":"ListItem","position":2,"name":"Grado","item":"https:\/\/departamento.us.es\/diqaus\/grado\/"},{"@type":"ListItem","position":3,"name":"Colocaci\u00f3n de los egresados","item":"https:\/\/departamento.us.es\/diqaus\/grado\/colocacion-de-los-egresados\/"},{"@type":"ListItem","position":4,"name":"Cristina Freniche"}]},{"@type":"WebSite","@id":"https:\/\/departamento.us.es\/diqaus\/#website","url":"https:\/\/departamento.us.es\/diqaus\/","name":"Departamento Ingenier\u00eda Qu\u00edmica y Ambiental US","description":"Web del Departamento de Ingenier\u00eda Qu\u00edmica y Ambiental de la Universidad de Sevilla. Informaci\u00f3n sobre los estudios de Grado, Masters, l\u00edneas de investigaci\u00f3n y salidas laborales.","publisher":{"@id":"https:\/\/departamento.us.es\/diqaus\/#organization"},"potentialAction":[{"@type":"SearchAction","target":{"@type":"EntryPoint","urlTemplate":"https:\/\/departamento.us.es\/diqaus\/?s={search_term_string}"},"query-input":{"@type":"PropertyValueSpecification","valueRequired":true,"valueName":"search_term_string"}}],"inLanguage":"es"},{"@type":"Organization","@id":"https:\/\/departamento.us.es\/diqaus\/#organization","name":"Departamento de Ingenier\u00eda Qu\u00edmica y Ambiental US","url":"https:\/\/departamento.us.es\/diqaus\/","logo":{"@type":"ImageObject","inLanguage":"es","@id":"https:\/\/departamento.us.es\/diqaus\/#\/schema\/logo\/image\/","url":"https:\/\/departamento.us.es\/diqaus\/wp-content\/uploads\/2021\/11\/logo-departamento-ingenieria-quimica-ambiental-us-e1637856642858.png","contentUrl":"https:\/\/departamento.us.es\/diqaus\/wp-content\/uploads\/2021\/11\/logo-departamento-ingenieria-quimica-ambiental-us-e1637856642858.png","width":126,"height":127,"caption":"Departamento de Ingenier\u00eda Qu\u00edmica y Ambiental US"},"image":{"@id":"https:\/\/departamento.us.es\/diqaus\/#\/schema\/logo\/image\/"}}]}},"_links":{"self":[{"href":"https:\/\/departamento.us.es\/diqaus\/wp-json\/wp\/v2\/pages\/304","targetHints":{"allow":["GET"]}}],"collection":[{"href":"https:\/\/departamento.us.es\/diqaus\/wp-json\/wp\/v2\/pages"}],"about":[{"href":"https:\/\/departamento.us.es\/diqaus\/wp-json\/wp\/v2\/types\/page"}],"author":[{"embeddable":true,"href":"https:\/\/departamento.us.es\/diqaus\/wp-json\/wp\/v2\/users\/1"}],"replies":[{"embeddable":true,"href":"https:\/\/departamento.us.es\/diqaus\/wp-json\/wp\/v2\/comments?post=304"}],"version-history":[{"count":2,"href":"https:\/\/departamento.us.es\/diqaus\/wp-json\/wp\/v2\/pages\/304\/revisions"}],"predecessor-version":[{"id":841,"href":"https:\/\/departamento.us.es\/diqaus\/wp-json\/wp\/v2\/pages\/304\/revisions\/841"}],"up":[{"embeddable":true,"href":"https:\/\/departamento.us.es\/diqaus\/wp-json\/wp\/v2\/pages\/212"}],"wp:attachment":[{"href":"https:\/\/departamento.us.es\/diqaus\/wp-json\/wp\/v2\/media?parent=304"}],"curies":[{"name":"wp","href":"https:\/\/api.w.org\/{rel}","templated":true}]}}