{"id":313,"date":"2014-10-22T18:08:12","date_gmt":"2014-10-22T18:08:12","guid":{"rendered":"http:\/\/departamento.us.es\/diqaus\/?page_id=313"},"modified":"2016-05-09T10:43:42","modified_gmt":"2016-05-09T10:43:42","slug":"lidia-montes","status":"publish","type":"page","link":"https:\/\/departamento.us.es\/diqaus\/grado\/colocacion-de-los-egresados\/lidia-montes\/","title":{"rendered":"Lidia Montes"},"content":{"rendered":"<h3>Lidia Montes<\/h3>\n<div class=\"destacado\">\n<p><strong>A\u00f1o de graduaci\u00f3n y titulaci\u00f3n: <\/strong>A\u00f1o 2004, Ingeniero Qu\u00edmico<\/p>\n<p><strong>Posici\u00f3n actual: <\/strong>Operating Department Manager (Responsable de Operaciones) en Procter &amp; Gamble<\/p>\n<\/div>\n<p><img loading=\"lazy\" decoding=\"async\" class=\"alignright\" src=\"http:\/\/alojamientosv.us.es\/diqaus\/wp-content\/themes\/diqaus\/media\/img\/egresados\/lidia-montes.jpg\" alt=\"Lidia Montes\" width=\"321\" height=\"299\" \/><\/p>\n<p><strong><br \/>\nP:\u00bfQu\u00e9 camino has seguido para llegar hasta tu puesto actual?<\/strong><\/p>\n<p>R: Me titul\u00e9 como Ingeniero Qu\u00edmico en la ETSI de Sevilla, siempre lo compatibilic\u00e9 con el estudio de idiomas (ingl\u00e9s principalmente y tambi\u00e9n alem\u00e1n). Cuando estaba acabando, la empresa CEPSA me bec\u00f3 para hacer un Master Degree of Sciences en el Instituto Franc\u00e9s del Petr\u00f3leo (Paris \u2013 Francia). Cuando acab\u00e9 estuve 3 a\u00f1os trabajando como Ingeniero de Procesos en la Refiner\u00eda de La R\u00e1bida (Huelva) y luego cambi\u00e9 de empleo a Procter &amp; Gamble (actualmente vivo en Lleida), donde empec\u00e9 como Ingeniero de Procesos. He sido responsable de distintas l\u00edneas de operaci\u00f3n y desde comienzos de este a\u00f1o soy responsable de operaciones.<\/p>\n<p><strong>P:\u00bfQu\u00e9 actividades conlleva tu posici\u00f3n actual?<\/strong><\/p>\n<p>R: Soy responsable de las diferentes \u00e1reas de producci\u00f3n de la f\u00e1brica (producci\u00f3n de lociones, operaciones de making, operaciones de empaquetado y paletizado) y de todas las personas que trabajan en operaciones (125 personas desde ingenieros superiores, t\u00e9cnicos de proceso y operarios).<\/p>\n<p>Mi responsabilidad directa son los resultados de producci\u00f3n respecto a entrega de vol\u00famenes, planificaci\u00f3n de la producci\u00f3n, lanzamientos de nuevos productos, costes y gesti\u00f3n de personal.<\/p>\n<p>Adicionalmente, soy responsable a nivel de f\u00e1brica de la definici\u00f3n de las estrategias de mantenimiento tanto de l\u00edneas de producci\u00f3n como de instalaciones.<\/p>\n<p><strong>P: \u00bfQu\u00e9 es lo que m\u00e1s te gust\u00f3 de la titulaci\u00f3n?<\/strong><\/p>\n<p>R: Sin duda mis compa\u00f1eros, y todo lo que aprend\u00ed y me divert\u00ed con ellos m\u00e1s all\u00e1 de los apuntes.<\/p>\n<p>Si me preguntas por los contenidos de la asignaturas, siempre me han gustado la Matem\u00e1ticas y todas las asignaturas relacionadas con procesos qu\u00edmicos.<\/p>\n<p><strong>P: \u00bfQu\u00e9 capacidades\/conocimientos que adquiriste en la titulaci\u00f3n te han sido m\u00e1s provechosos para tu trabajo actual?<\/strong><\/p>\n<p>R: La capacidad de analizar y de entender los problemas. No se puede aprender ni saber todo en esta vida; pero s\u00ed se puede aprender la manera de afrontar los problemas y buscarles soluciones.<\/p>\n<p>Mucho de lo que aprend\u00ed en su d\u00eda se va olvidando, pero a nivel profesional nunca he encontrado un problema que no sea capaz de resolver identificando qu\u00e9 necesito, d\u00f3nde conseguirlo y c\u00f3mo afrontarlo.<\/p>\n<p><strong>P: \u00bfQu\u00e9 recomendaciones dar\u00edas a los estudiantes que quieran estudiar Ingenier\u00eda Qu\u00edmica?<\/strong><\/p>\n<p>R: Que vayan a por todas, que no desperdicien ninguna oportunidad, que viajen, que aprendan idiomas y que sean profesionales \u00edntegros all\u00e1 donde vayan.<\/p>\n","protected":false},"excerpt":{"rendered":"<p>Lidia Montes A\u00f1o de graduaci\u00f3n y titulaci\u00f3n: A\u00f1o 2004, Ingeniero Qu\u00edmico Posici\u00f3n actual: Operating Department Manager (Responsable de Operaciones) en Procter &amp; Gamble P:\u00bfQu\u00e9 camino has seguido para llegar hasta tu puesto actual? R: Me titul\u00e9 como Ingeniero Qu\u00edmico en la ETSI de Sevilla, siempre lo compatibilic\u00e9 con el estudio de idiomas (ingl\u00e9s principalmente y [&hellip;]<\/p>\n","protected":false},"author":1,"featured_media":0,"parent":212,"menu_order":0,"comment_status":"open","ping_status":"closed","template":"","meta":{"footnotes":""},"class_list":["post-313","page","type-page","status-publish","hentry"],"yoast_head":"<!-- This site is optimized with the Yoast SEO plugin v27.1.1 - https:\/\/yoast.com\/product\/yoast-seo-wordpress\/ -->\n<title>Lidia Montes - Departamento Ingenier\u00eda Qu\u00edmica y Ambiental US<\/title>\n<meta name=\"robots\" content=\"index, follow, max-snippet:-1, max-image-preview:large, max-video-preview:-1\" \/>\n<link rel=\"canonical\" href=\"https:\/\/departamento.us.es\/diqaus\/grado\/colocacion-de-los-egresados\/lidia-montes\/\" \/>\n<meta property=\"og:locale\" content=\"es_ES\" \/>\n<meta property=\"og:type\" content=\"article\" \/>\n<meta property=\"og:title\" content=\"Lidia Montes - Departamento Ingenier\u00eda Qu\u00edmica y Ambiental US\" \/>\n<meta property=\"og:description\" content=\"Lidia Montes A\u00f1o de graduaci\u00f3n y titulaci\u00f3n: A\u00f1o 2004, Ingeniero Qu\u00edmico Posici\u00f3n actual: Operating Department Manager (Responsable de Operaciones) en Procter &amp; Gamble P:\u00bfQu\u00e9 camino has seguido para llegar hasta tu puesto actual? R: Me titul\u00e9 como Ingeniero Qu\u00edmico en la ETSI de Sevilla, siempre lo compatibilic\u00e9 con el estudio de idiomas (ingl\u00e9s principalmente y [&hellip;]\" \/>\n<meta property=\"og:url\" content=\"https:\/\/departamento.us.es\/diqaus\/grado\/colocacion-de-los-egresados\/lidia-montes\/\" \/>\n<meta property=\"og:site_name\" content=\"Departamento Ingenier\u00eda Qu\u00edmica y Ambiental US\" \/>\n<meta property=\"article:modified_time\" content=\"2016-05-09T10:43:42+00:00\" \/>\n<meta property=\"og:image\" content=\"http:\/\/alojamientosv.us.es\/diqaus\/wp-content\/themes\/diqaus\/media\/img\/egresados\/lidia-montes.jpg\" \/>\n<meta name=\"twitter:card\" content=\"summary_large_image\" \/>\n<meta name=\"twitter:label1\" content=\"Tiempo de lectura\" \/>\n\t<meta name=\"twitter:data1\" content=\"2 minutos\" \/>\n<script type=\"application\/ld+json\" class=\"yoast-schema-graph\">{\"@context\":\"https:\/\/schema.org\",\"@graph\":[{\"@type\":\"WebPage\",\"@id\":\"https:\/\/departamento.us.es\/diqaus\/grado\/colocacion-de-los-egresados\/lidia-montes\/\",\"url\":\"https:\/\/departamento.us.es\/diqaus\/grado\/colocacion-de-los-egresados\/lidia-montes\/\",\"name\":\"Lidia Montes - Departamento Ingenier\u00eda Qu\u00edmica y Ambiental US\",\"isPartOf\":{\"@id\":\"https:\/\/departamento.us.es\/diqaus\/#website\"},\"primaryImageOfPage\":{\"@id\":\"https:\/\/departamento.us.es\/diqaus\/grado\/colocacion-de-los-egresados\/lidia-montes\/#primaryimage\"},\"image\":{\"@id\":\"https:\/\/departamento.us.es\/diqaus\/grado\/colocacion-de-los-egresados\/lidia-montes\/#primaryimage\"},\"thumbnailUrl\":\"http:\/\/alojamientosv.us.es\/diqaus\/wp-content\/themes\/diqaus\/media\/img\/egresados\/lidia-montes.jpg\",\"datePublished\":\"2014-10-22T18:08:12+00:00\",\"dateModified\":\"2016-05-09T10:43:42+00:00\",\"breadcrumb\":{\"@id\":\"https:\/\/departamento.us.es\/diqaus\/grado\/colocacion-de-los-egresados\/lidia-montes\/#breadcrumb\"},\"inLanguage\":\"es\",\"potentialAction\":[{\"@type\":\"ReadAction\",\"target\":[\"https:\/\/departamento.us.es\/diqaus\/grado\/colocacion-de-los-egresados\/lidia-montes\/\"]}]},{\"@type\":\"ImageObject\",\"inLanguage\":\"es\",\"@id\":\"https:\/\/departamento.us.es\/diqaus\/grado\/colocacion-de-los-egresados\/lidia-montes\/#primaryimage\",\"url\":\"http:\/\/alojamientosv.us.es\/diqaus\/wp-content\/themes\/diqaus\/media\/img\/egresados\/lidia-montes.jpg\",\"contentUrl\":\"http:\/\/alojamientosv.us.es\/diqaus\/wp-content\/themes\/diqaus\/media\/img\/egresados\/lidia-montes.jpg\"},{\"@type\":\"BreadcrumbList\",\"@id\":\"https:\/\/departamento.us.es\/diqaus\/grado\/colocacion-de-los-egresados\/lidia-montes\/#breadcrumb\",\"itemListElement\":[{\"@type\":\"ListItem\",\"position\":1,\"name\":\"Portada\",\"item\":\"https:\/\/departamento.us.es\/diqaus\/\"},{\"@type\":\"ListItem\",\"position\":2,\"name\":\"Grado\",\"item\":\"https:\/\/departamento.us.es\/diqaus\/grado\/\"},{\"@type\":\"ListItem\",\"position\":3,\"name\":\"Colocaci\u00f3n de los egresados\",\"item\":\"https:\/\/departamento.us.es\/diqaus\/grado\/colocacion-de-los-egresados\/\"},{\"@type\":\"ListItem\",\"position\":4,\"name\":\"Lidia Montes\"}]},{\"@type\":\"WebSite\",\"@id\":\"https:\/\/departamento.us.es\/diqaus\/#website\",\"url\":\"https:\/\/departamento.us.es\/diqaus\/\",\"name\":\"Departamento Ingenier\u00eda Qu\u00edmica y Ambiental US\",\"description\":\"Web del Departamento de Ingenier\u00eda Qu\u00edmica y Ambiental de la Universidad de Sevilla. Informaci\u00f3n sobre los estudios de Grado, Masters, l\u00edneas de investigaci\u00f3n y salidas laborales.\",\"publisher\":{\"@id\":\"https:\/\/departamento.us.es\/diqaus\/#organization\"},\"potentialAction\":[{\"@type\":\"SearchAction\",\"target\":{\"@type\":\"EntryPoint\",\"urlTemplate\":\"https:\/\/departamento.us.es\/diqaus\/?s={search_term_string}\"},\"query-input\":{\"@type\":\"PropertyValueSpecification\",\"valueRequired\":true,\"valueName\":\"search_term_string\"}}],\"inLanguage\":\"es\"},{\"@type\":\"Organization\",\"@id\":\"https:\/\/departamento.us.es\/diqaus\/#organization\",\"name\":\"Departamento de Ingenier\u00eda Qu\u00edmica y Ambiental US\",\"url\":\"https:\/\/departamento.us.es\/diqaus\/\",\"logo\":{\"@type\":\"ImageObject\",\"inLanguage\":\"es\",\"@id\":\"https:\/\/departamento.us.es\/diqaus\/#\/schema\/logo\/image\/\",\"url\":\"https:\/\/departamento.us.es\/diqaus\/wp-content\/uploads\/2021\/11\/logo-departamento-ingenieria-quimica-ambiental-us-e1637856642858.png\",\"contentUrl\":\"https:\/\/departamento.us.es\/diqaus\/wp-content\/uploads\/2021\/11\/logo-departamento-ingenieria-quimica-ambiental-us-e1637856642858.png\",\"width\":126,\"height\":127,\"caption\":\"Departamento de Ingenier\u00eda Qu\u00edmica y Ambiental US\"},\"image\":{\"@id\":\"https:\/\/departamento.us.es\/diqaus\/#\/schema\/logo\/image\/\"}}]}<\/script>\n<!-- \/ Yoast SEO plugin. -->","yoast_head_json":{"title":"Lidia Montes - Departamento Ingenier\u00eda Qu\u00edmica y Ambiental US","robots":{"index":"index","follow":"follow","max-snippet":"max-snippet:-1","max-image-preview":"max-image-preview:large","max-video-preview":"max-video-preview:-1"},"canonical":"https:\/\/departamento.us.es\/diqaus\/grado\/colocacion-de-los-egresados\/lidia-montes\/","og_locale":"es_ES","og_type":"article","og_title":"Lidia Montes - Departamento Ingenier\u00eda Qu\u00edmica y Ambiental US","og_description":"Lidia Montes A\u00f1o de graduaci\u00f3n y titulaci\u00f3n: A\u00f1o 2004, Ingeniero Qu\u00edmico Posici\u00f3n actual: Operating Department Manager (Responsable de Operaciones) en Procter &amp; Gamble P:\u00bfQu\u00e9 camino has seguido para llegar hasta tu puesto actual? R: Me titul\u00e9 como Ingeniero Qu\u00edmico en la ETSI de Sevilla, siempre lo compatibilic\u00e9 con el estudio de idiomas (ingl\u00e9s principalmente y [&hellip;]","og_url":"https:\/\/departamento.us.es\/diqaus\/grado\/colocacion-de-los-egresados\/lidia-montes\/","og_site_name":"Departamento Ingenier\u00eda Qu\u00edmica y Ambiental US","article_modified_time":"2016-05-09T10:43:42+00:00","og_image":[{"url":"http:\/\/alojamientosv.us.es\/diqaus\/wp-content\/themes\/diqaus\/media\/img\/egresados\/lidia-montes.jpg","type":"","width":"","height":""}],"twitter_card":"summary_large_image","twitter_misc":{"Tiempo de lectura":"2 minutos"},"schema":{"@context":"https:\/\/schema.org","@graph":[{"@type":"WebPage","@id":"https:\/\/departamento.us.es\/diqaus\/grado\/colocacion-de-los-egresados\/lidia-montes\/","url":"https:\/\/departamento.us.es\/diqaus\/grado\/colocacion-de-los-egresados\/lidia-montes\/","name":"Lidia Montes - Departamento Ingenier\u00eda Qu\u00edmica y Ambiental US","isPartOf":{"@id":"https:\/\/departamento.us.es\/diqaus\/#website"},"primaryImageOfPage":{"@id":"https:\/\/departamento.us.es\/diqaus\/grado\/colocacion-de-los-egresados\/lidia-montes\/#primaryimage"},"image":{"@id":"https:\/\/departamento.us.es\/diqaus\/grado\/colocacion-de-los-egresados\/lidia-montes\/#primaryimage"},"thumbnailUrl":"http:\/\/alojamientosv.us.es\/diqaus\/wp-content\/themes\/diqaus\/media\/img\/egresados\/lidia-montes.jpg","datePublished":"2014-10-22T18:08:12+00:00","dateModified":"2016-05-09T10:43:42+00:00","breadcrumb":{"@id":"https:\/\/departamento.us.es\/diqaus\/grado\/colocacion-de-los-egresados\/lidia-montes\/#breadcrumb"},"inLanguage":"es","potentialAction":[{"@type":"ReadAction","target":["https:\/\/departamento.us.es\/diqaus\/grado\/colocacion-de-los-egresados\/lidia-montes\/"]}]},{"@type":"ImageObject","inLanguage":"es","@id":"https:\/\/departamento.us.es\/diqaus\/grado\/colocacion-de-los-egresados\/lidia-montes\/#primaryimage","url":"http:\/\/alojamientosv.us.es\/diqaus\/wp-content\/themes\/diqaus\/media\/img\/egresados\/lidia-montes.jpg","contentUrl":"http:\/\/alojamientosv.us.es\/diqaus\/wp-content\/themes\/diqaus\/media\/img\/egresados\/lidia-montes.jpg"},{"@type":"BreadcrumbList","@id":"https:\/\/departamento.us.es\/diqaus\/grado\/colocacion-de-los-egresados\/lidia-montes\/#breadcrumb","itemListElement":[{"@type":"ListItem","position":1,"name":"Portada","item":"https:\/\/departamento.us.es\/diqaus\/"},{"@type":"ListItem","position":2,"name":"Grado","item":"https:\/\/departamento.us.es\/diqaus\/grado\/"},{"@type":"ListItem","position":3,"name":"Colocaci\u00f3n de los egresados","item":"https:\/\/departamento.us.es\/diqaus\/grado\/colocacion-de-los-egresados\/"},{"@type":"ListItem","position":4,"name":"Lidia Montes"}]},{"@type":"WebSite","@id":"https:\/\/departamento.us.es\/diqaus\/#website","url":"https:\/\/departamento.us.es\/diqaus\/","name":"Departamento Ingenier\u00eda Qu\u00edmica y Ambiental US","description":"Web del Departamento de Ingenier\u00eda Qu\u00edmica y Ambiental de la Universidad de Sevilla. Informaci\u00f3n sobre los estudios de Grado, Masters, l\u00edneas de investigaci\u00f3n y salidas laborales.","publisher":{"@id":"https:\/\/departamento.us.es\/diqaus\/#organization"},"potentialAction":[{"@type":"SearchAction","target":{"@type":"EntryPoint","urlTemplate":"https:\/\/departamento.us.es\/diqaus\/?s={search_term_string}"},"query-input":{"@type":"PropertyValueSpecification","valueRequired":true,"valueName":"search_term_string"}}],"inLanguage":"es"},{"@type":"Organization","@id":"https:\/\/departamento.us.es\/diqaus\/#organization","name":"Departamento de Ingenier\u00eda Qu\u00edmica y Ambiental US","url":"https:\/\/departamento.us.es\/diqaus\/","logo":{"@type":"ImageObject","inLanguage":"es","@id":"https:\/\/departamento.us.es\/diqaus\/#\/schema\/logo\/image\/","url":"https:\/\/departamento.us.es\/diqaus\/wp-content\/uploads\/2021\/11\/logo-departamento-ingenieria-quimica-ambiental-us-e1637856642858.png","contentUrl":"https:\/\/departamento.us.es\/diqaus\/wp-content\/uploads\/2021\/11\/logo-departamento-ingenieria-quimica-ambiental-us-e1637856642858.png","width":126,"height":127,"caption":"Departamento de Ingenier\u00eda Qu\u00edmica y Ambiental US"},"image":{"@id":"https:\/\/departamento.us.es\/diqaus\/#\/schema\/logo\/image\/"}}]}},"_links":{"self":[{"href":"https:\/\/departamento.us.es\/diqaus\/wp-json\/wp\/v2\/pages\/313","targetHints":{"allow":["GET"]}}],"collection":[{"href":"https:\/\/departamento.us.es\/diqaus\/wp-json\/wp\/v2\/pages"}],"about":[{"href":"https:\/\/departamento.us.es\/diqaus\/wp-json\/wp\/v2\/types\/page"}],"author":[{"embeddable":true,"href":"https:\/\/departamento.us.es\/diqaus\/wp-json\/wp\/v2\/users\/1"}],"replies":[{"embeddable":true,"href":"https:\/\/departamento.us.es\/diqaus\/wp-json\/wp\/v2\/comments?post=313"}],"version-history":[{"count":2,"href":"https:\/\/departamento.us.es\/diqaus\/wp-json\/wp\/v2\/pages\/313\/revisions"}],"predecessor-version":[{"id":846,"href":"https:\/\/departamento.us.es\/diqaus\/wp-json\/wp\/v2\/pages\/313\/revisions\/846"}],"up":[{"embeddable":true,"href":"https:\/\/departamento.us.es\/diqaus\/wp-json\/wp\/v2\/pages\/212"}],"wp:attachment":[{"href":"https:\/\/departamento.us.es\/diqaus\/wp-json\/wp\/v2\/media?parent=313"}],"curies":[{"name":"wp","href":"https:\/\/api.w.org\/{rel}","templated":true}]}}