{"id":316,"date":"2014-10-22T18:31:48","date_gmt":"2014-10-22T18:31:48","guid":{"rendered":"http:\/\/departamento.us.es\/diqaus\/?page_id=316"},"modified":"2016-05-09T10:42:38","modified_gmt":"2016-05-09T10:42:38","slug":"jesus-aguilar-cantador","status":"publish","type":"page","link":"https:\/\/departamento.us.es\/diqaus\/grado\/colocacion-de-los-egresados\/jesus-aguilar-cantador\/","title":{"rendered":"Jes\u00fas Aguilar Cantador"},"content":{"rendered":"<h3>Jes\u00fas Aguilar Cantador<\/h3>\n<div class=\"destacado\">\n<p><strong>A\u00f1o de graduaci\u00f3n y titulaci\u00f3n: <\/strong>2005, Ingenier\u00eda Qu\u00edmica<\/p>\n<p><strong>Posici\u00f3n actual: <\/strong>Ingeniero de Explotaci\u00f3n de la empresa CEPSA en el yacimiento petrol\u00edfero de OURHOUD en Argelia.<\/p>\n<\/div>\n<p><img loading=\"lazy\" decoding=\"async\" class=\"alignright\" src=\"http:\/\/alojamientosv.us.es\/diqaus\/wp-content\/themes\/diqaus\/media\/img\/egresados\/jesus-aguilar-cantador.jpg\" alt=\"Jes\u00fas Aguilar Cantador\" width=\"442\" height=\"331\" \/><\/p>\n<p><strong><br \/>\nP:\u00bfQu\u00e9 camino has seguido para llegar hasta tu puesto actual?<\/strong><\/p>\n<p>R: Los primero 4 cursos de carrera los realic\u00e9 en la Escuela Superior de Ingenieros de Sevilla, y el 5\u00ba curso ya lo hice con una beca Erasmus en el INSA de Lyon. En el a\u00f1o 2005 fui becado por CEPSA para realizar en el Instituto Franc\u00e9s del Petr\u00f3leo (IFP) en Paris, el master de Refino, Ingenier\u00eda y Gas. Desde septiembre 2006 a enero 2012 estuve trabajando en la refiner\u00eda\u00a0 Gibraltar-San Roque de CEPSA, y desde febrero 2012 trabajo en Argelia, dentro de la organizaci\u00f3n Ourhoud, tambi\u00e9n perteneciendo a CEPSA.<\/p>\n<p><strong>P:\u00bfQu\u00e9 actividades conlleva tu posici\u00f3n actual?<\/strong><\/p>\n<p>R: Entre las funciones del puesto, est\u00e1 la supervisi\u00f3n de la producci\u00f3n diaria, preparaci\u00f3n de procedimientos de parada y puesta marcha de la instalaci\u00f3n, organizaci\u00f3n del personal de la planta, propuestas de mejora tanto de eficiencia energ\u00e9tica como de los procesos, <em>comissioning<\/em> y puesta en marcha de proyectos nuevos.<\/p>\n<p><strong>P: \u00bfQu\u00e9 es lo que m\u00e1s te gust\u00f3 de la titulaci\u00f3n?<\/strong><\/p>\n<p>R: Me gust\u00f3 la calidad general de profesorado, y de los compa\u00f1eros. La estructura te\u00f3rico-pr\u00e1ctica de las asignaturas. La posibilidad de disfrutar de becas para la realizaci\u00f3n de cursos en el extranjero, as\u00ed como pr\u00e1cticas en empresas.<\/p>\n<p><strong>P: \u00bfQu\u00e9 capacidades\/conocimientos que adquiriste en la titulaci\u00f3n te han sido m\u00e1s provechosos para tu trabajo actual?<\/strong><\/p>\n<p>R: La capacidad de pensar, de utilizar el sentido com\u00fan ante los problemas. La importancia de analizar los problemas, sobre todo cuando no se hab\u00edan repetido antes en clase y despu\u00e9s te ca\u00edan en un examen&#8230; Conocimientos de las operaciones b\u00e1sicas que se dan en la industria y de transferencia de calor y energ\u00eda.<\/p>\n<p><strong>P: \u00bfQu\u00e9 recomendaciones dar\u00edas a los estudiantes que quieran estudiar Ingenier\u00eda Qu\u00edmica?<\/strong><\/p>\n<p>R: Que es una carrera con mucha aplicaci\u00f3n pr\u00e1ctica en gran cantidad de asignaturas, que requiere de un cierto compromiso de cara al estudio, pero con una buena recompensa laboral posterior, tanto en la variedad de trabajos, como en la calidad de ellos.<\/p>\n","protected":false},"excerpt":{"rendered":"<p>Jes\u00fas Aguilar Cantador A\u00f1o de graduaci\u00f3n y titulaci\u00f3n: 2005, Ingenier\u00eda Qu\u00edmica Posici\u00f3n actual: Ingeniero de Explotaci\u00f3n de la empresa CEPSA en el yacimiento petrol\u00edfero de OURHOUD en Argelia. P:\u00bfQu\u00e9 camino has seguido para llegar hasta tu puesto actual? R: Los primero 4 cursos de carrera los realic\u00e9 en la Escuela Superior de Ingenieros de Sevilla, [&hellip;]<\/p>\n","protected":false},"author":1,"featured_media":0,"parent":212,"menu_order":0,"comment_status":"open","ping_status":"closed","template":"","meta":{"footnotes":""},"class_list":["post-316","page","type-page","status-publish","hentry"],"yoast_head":"<!-- This site is optimized with the Yoast SEO plugin v27.1.1 - https:\/\/yoast.com\/product\/yoast-seo-wordpress\/ -->\n<title>Jes\u00fas Aguilar Cantador - Departamento Ingenier\u00eda Qu\u00edmica y Ambiental US<\/title>\n<meta name=\"robots\" content=\"index, follow, max-snippet:-1, max-image-preview:large, max-video-preview:-1\" \/>\n<link rel=\"canonical\" href=\"https:\/\/departamento.us.es\/diqaus\/grado\/colocacion-de-los-egresados\/jesus-aguilar-cantador\/\" \/>\n<meta property=\"og:locale\" content=\"es_ES\" \/>\n<meta property=\"og:type\" content=\"article\" \/>\n<meta property=\"og:title\" content=\"Jes\u00fas Aguilar Cantador - Departamento Ingenier\u00eda Qu\u00edmica y Ambiental US\" \/>\n<meta property=\"og:description\" content=\"Jes\u00fas Aguilar Cantador A\u00f1o de graduaci\u00f3n y titulaci\u00f3n: 2005, Ingenier\u00eda Qu\u00edmica Posici\u00f3n actual: Ingeniero de Explotaci\u00f3n de la empresa CEPSA en el yacimiento petrol\u00edfero de OURHOUD en Argelia. P:\u00bfQu\u00e9 camino has seguido para llegar hasta tu puesto actual? R: Los primero 4 cursos de carrera los realic\u00e9 en la Escuela Superior de Ingenieros de Sevilla, [&hellip;]\" \/>\n<meta property=\"og:url\" content=\"https:\/\/departamento.us.es\/diqaus\/grado\/colocacion-de-los-egresados\/jesus-aguilar-cantador\/\" \/>\n<meta property=\"og:site_name\" content=\"Departamento Ingenier\u00eda Qu\u00edmica y Ambiental US\" \/>\n<meta property=\"article:modified_time\" content=\"2016-05-09T10:42:38+00:00\" \/>\n<meta property=\"og:image\" content=\"http:\/\/alojamientosv.us.es\/diqaus\/wp-content\/themes\/diqaus\/media\/img\/egresados\/jesus-aguilar-cantador.jpg\" \/>\n<meta name=\"twitter:card\" content=\"summary_large_image\" \/>\n<meta name=\"twitter:label1\" content=\"Tiempo de lectura\" \/>\n\t<meta name=\"twitter:data1\" content=\"2 minutos\" \/>\n<script type=\"application\/ld+json\" class=\"yoast-schema-graph\">{\"@context\":\"https:\/\/schema.org\",\"@graph\":[{\"@type\":\"WebPage\",\"@id\":\"https:\/\/departamento.us.es\/diqaus\/grado\/colocacion-de-los-egresados\/jesus-aguilar-cantador\/\",\"url\":\"https:\/\/departamento.us.es\/diqaus\/grado\/colocacion-de-los-egresados\/jesus-aguilar-cantador\/\",\"name\":\"Jes\u00fas Aguilar Cantador - Departamento Ingenier\u00eda Qu\u00edmica y Ambiental US\",\"isPartOf\":{\"@id\":\"https:\/\/departamento.us.es\/diqaus\/#website\"},\"primaryImageOfPage\":{\"@id\":\"https:\/\/departamento.us.es\/diqaus\/grado\/colocacion-de-los-egresados\/jesus-aguilar-cantador\/#primaryimage\"},\"image\":{\"@id\":\"https:\/\/departamento.us.es\/diqaus\/grado\/colocacion-de-los-egresados\/jesus-aguilar-cantador\/#primaryimage\"},\"thumbnailUrl\":\"http:\/\/alojamientosv.us.es\/diqaus\/wp-content\/themes\/diqaus\/media\/img\/egresados\/jesus-aguilar-cantador.jpg\",\"datePublished\":\"2014-10-22T18:31:48+00:00\",\"dateModified\":\"2016-05-09T10:42:38+00:00\",\"breadcrumb\":{\"@id\":\"https:\/\/departamento.us.es\/diqaus\/grado\/colocacion-de-los-egresados\/jesus-aguilar-cantador\/#breadcrumb\"},\"inLanguage\":\"es\",\"potentialAction\":[{\"@type\":\"ReadAction\",\"target\":[\"https:\/\/departamento.us.es\/diqaus\/grado\/colocacion-de-los-egresados\/jesus-aguilar-cantador\/\"]}]},{\"@type\":\"ImageObject\",\"inLanguage\":\"es\",\"@id\":\"https:\/\/departamento.us.es\/diqaus\/grado\/colocacion-de-los-egresados\/jesus-aguilar-cantador\/#primaryimage\",\"url\":\"http:\/\/alojamientosv.us.es\/diqaus\/wp-content\/themes\/diqaus\/media\/img\/egresados\/jesus-aguilar-cantador.jpg\",\"contentUrl\":\"http:\/\/alojamientosv.us.es\/diqaus\/wp-content\/themes\/diqaus\/media\/img\/egresados\/jesus-aguilar-cantador.jpg\"},{\"@type\":\"BreadcrumbList\",\"@id\":\"https:\/\/departamento.us.es\/diqaus\/grado\/colocacion-de-los-egresados\/jesus-aguilar-cantador\/#breadcrumb\",\"itemListElement\":[{\"@type\":\"ListItem\",\"position\":1,\"name\":\"Portada\",\"item\":\"https:\/\/departamento.us.es\/diqaus\/\"},{\"@type\":\"ListItem\",\"position\":2,\"name\":\"Grado\",\"item\":\"https:\/\/departamento.us.es\/diqaus\/grado\/\"},{\"@type\":\"ListItem\",\"position\":3,\"name\":\"Colocaci\u00f3n de los egresados\",\"item\":\"https:\/\/departamento.us.es\/diqaus\/grado\/colocacion-de-los-egresados\/\"},{\"@type\":\"ListItem\",\"position\":4,\"name\":\"Jes\u00fas Aguilar Cantador\"}]},{\"@type\":\"WebSite\",\"@id\":\"https:\/\/departamento.us.es\/diqaus\/#website\",\"url\":\"https:\/\/departamento.us.es\/diqaus\/\",\"name\":\"Departamento Ingenier\u00eda Qu\u00edmica y Ambiental US\",\"description\":\"Web del Departamento de Ingenier\u00eda Qu\u00edmica y Ambiental de la Universidad de Sevilla. Informaci\u00f3n sobre los estudios de Grado, Masters, l\u00edneas de investigaci\u00f3n y salidas laborales.\",\"publisher\":{\"@id\":\"https:\/\/departamento.us.es\/diqaus\/#organization\"},\"potentialAction\":[{\"@type\":\"SearchAction\",\"target\":{\"@type\":\"EntryPoint\",\"urlTemplate\":\"https:\/\/departamento.us.es\/diqaus\/?s={search_term_string}\"},\"query-input\":{\"@type\":\"PropertyValueSpecification\",\"valueRequired\":true,\"valueName\":\"search_term_string\"}}],\"inLanguage\":\"es\"},{\"@type\":\"Organization\",\"@id\":\"https:\/\/departamento.us.es\/diqaus\/#organization\",\"name\":\"Departamento de Ingenier\u00eda Qu\u00edmica y Ambiental US\",\"url\":\"https:\/\/departamento.us.es\/diqaus\/\",\"logo\":{\"@type\":\"ImageObject\",\"inLanguage\":\"es\",\"@id\":\"https:\/\/departamento.us.es\/diqaus\/#\/schema\/logo\/image\/\",\"url\":\"https:\/\/departamento.us.es\/diqaus\/wp-content\/uploads\/2021\/11\/logo-departamento-ingenieria-quimica-ambiental-us-e1637856642858.png\",\"contentUrl\":\"https:\/\/departamento.us.es\/diqaus\/wp-content\/uploads\/2021\/11\/logo-departamento-ingenieria-quimica-ambiental-us-e1637856642858.png\",\"width\":126,\"height\":127,\"caption\":\"Departamento de Ingenier\u00eda Qu\u00edmica y Ambiental US\"},\"image\":{\"@id\":\"https:\/\/departamento.us.es\/diqaus\/#\/schema\/logo\/image\/\"}}]}<\/script>\n<!-- \/ Yoast SEO plugin. -->","yoast_head_json":{"title":"Jes\u00fas Aguilar Cantador - Departamento Ingenier\u00eda Qu\u00edmica y Ambiental US","robots":{"index":"index","follow":"follow","max-snippet":"max-snippet:-1","max-image-preview":"max-image-preview:large","max-video-preview":"max-video-preview:-1"},"canonical":"https:\/\/departamento.us.es\/diqaus\/grado\/colocacion-de-los-egresados\/jesus-aguilar-cantador\/","og_locale":"es_ES","og_type":"article","og_title":"Jes\u00fas Aguilar Cantador - Departamento Ingenier\u00eda Qu\u00edmica y Ambiental US","og_description":"Jes\u00fas Aguilar Cantador A\u00f1o de graduaci\u00f3n y titulaci\u00f3n: 2005, Ingenier\u00eda Qu\u00edmica Posici\u00f3n actual: Ingeniero de Explotaci\u00f3n de la empresa CEPSA en el yacimiento petrol\u00edfero de OURHOUD en Argelia. P:\u00bfQu\u00e9 camino has seguido para llegar hasta tu puesto actual? R: Los primero 4 cursos de carrera los realic\u00e9 en la Escuela Superior de Ingenieros de Sevilla, [&hellip;]","og_url":"https:\/\/departamento.us.es\/diqaus\/grado\/colocacion-de-los-egresados\/jesus-aguilar-cantador\/","og_site_name":"Departamento Ingenier\u00eda Qu\u00edmica y Ambiental US","article_modified_time":"2016-05-09T10:42:38+00:00","og_image":[{"url":"http:\/\/alojamientosv.us.es\/diqaus\/wp-content\/themes\/diqaus\/media\/img\/egresados\/jesus-aguilar-cantador.jpg","type":"","width":"","height":""}],"twitter_card":"summary_large_image","twitter_misc":{"Tiempo de lectura":"2 minutos"},"schema":{"@context":"https:\/\/schema.org","@graph":[{"@type":"WebPage","@id":"https:\/\/departamento.us.es\/diqaus\/grado\/colocacion-de-los-egresados\/jesus-aguilar-cantador\/","url":"https:\/\/departamento.us.es\/diqaus\/grado\/colocacion-de-los-egresados\/jesus-aguilar-cantador\/","name":"Jes\u00fas Aguilar Cantador - Departamento Ingenier\u00eda Qu\u00edmica y Ambiental US","isPartOf":{"@id":"https:\/\/departamento.us.es\/diqaus\/#website"},"primaryImageOfPage":{"@id":"https:\/\/departamento.us.es\/diqaus\/grado\/colocacion-de-los-egresados\/jesus-aguilar-cantador\/#primaryimage"},"image":{"@id":"https:\/\/departamento.us.es\/diqaus\/grado\/colocacion-de-los-egresados\/jesus-aguilar-cantador\/#primaryimage"},"thumbnailUrl":"http:\/\/alojamientosv.us.es\/diqaus\/wp-content\/themes\/diqaus\/media\/img\/egresados\/jesus-aguilar-cantador.jpg","datePublished":"2014-10-22T18:31:48+00:00","dateModified":"2016-05-09T10:42:38+00:00","breadcrumb":{"@id":"https:\/\/departamento.us.es\/diqaus\/grado\/colocacion-de-los-egresados\/jesus-aguilar-cantador\/#breadcrumb"},"inLanguage":"es","potentialAction":[{"@type":"ReadAction","target":["https:\/\/departamento.us.es\/diqaus\/grado\/colocacion-de-los-egresados\/jesus-aguilar-cantador\/"]}]},{"@type":"ImageObject","inLanguage":"es","@id":"https:\/\/departamento.us.es\/diqaus\/grado\/colocacion-de-los-egresados\/jesus-aguilar-cantador\/#primaryimage","url":"http:\/\/alojamientosv.us.es\/diqaus\/wp-content\/themes\/diqaus\/media\/img\/egresados\/jesus-aguilar-cantador.jpg","contentUrl":"http:\/\/alojamientosv.us.es\/diqaus\/wp-content\/themes\/diqaus\/media\/img\/egresados\/jesus-aguilar-cantador.jpg"},{"@type":"BreadcrumbList","@id":"https:\/\/departamento.us.es\/diqaus\/grado\/colocacion-de-los-egresados\/jesus-aguilar-cantador\/#breadcrumb","itemListElement":[{"@type":"ListItem","position":1,"name":"Portada","item":"https:\/\/departamento.us.es\/diqaus\/"},{"@type":"ListItem","position":2,"name":"Grado","item":"https:\/\/departamento.us.es\/diqaus\/grado\/"},{"@type":"ListItem","position":3,"name":"Colocaci\u00f3n de los egresados","item":"https:\/\/departamento.us.es\/diqaus\/grado\/colocacion-de-los-egresados\/"},{"@type":"ListItem","position":4,"name":"Jes\u00fas Aguilar Cantador"}]},{"@type":"WebSite","@id":"https:\/\/departamento.us.es\/diqaus\/#website","url":"https:\/\/departamento.us.es\/diqaus\/","name":"Departamento Ingenier\u00eda Qu\u00edmica y Ambiental US","description":"Web del Departamento de Ingenier\u00eda Qu\u00edmica y Ambiental de la Universidad de Sevilla. Informaci\u00f3n sobre los estudios de Grado, Masters, l\u00edneas de investigaci\u00f3n y salidas laborales.","publisher":{"@id":"https:\/\/departamento.us.es\/diqaus\/#organization"},"potentialAction":[{"@type":"SearchAction","target":{"@type":"EntryPoint","urlTemplate":"https:\/\/departamento.us.es\/diqaus\/?s={search_term_string}"},"query-input":{"@type":"PropertyValueSpecification","valueRequired":true,"valueName":"search_term_string"}}],"inLanguage":"es"},{"@type":"Organization","@id":"https:\/\/departamento.us.es\/diqaus\/#organization","name":"Departamento de Ingenier\u00eda Qu\u00edmica y Ambiental US","url":"https:\/\/departamento.us.es\/diqaus\/","logo":{"@type":"ImageObject","inLanguage":"es","@id":"https:\/\/departamento.us.es\/diqaus\/#\/schema\/logo\/image\/","url":"https:\/\/departamento.us.es\/diqaus\/wp-content\/uploads\/2021\/11\/logo-departamento-ingenieria-quimica-ambiental-us-e1637856642858.png","contentUrl":"https:\/\/departamento.us.es\/diqaus\/wp-content\/uploads\/2021\/11\/logo-departamento-ingenieria-quimica-ambiental-us-e1637856642858.png","width":126,"height":127,"caption":"Departamento de Ingenier\u00eda Qu\u00edmica y Ambiental US"},"image":{"@id":"https:\/\/departamento.us.es\/diqaus\/#\/schema\/logo\/image\/"}}]}},"_links":{"self":[{"href":"https:\/\/departamento.us.es\/diqaus\/wp-json\/wp\/v2\/pages\/316","targetHints":{"allow":["GET"]}}],"collection":[{"href":"https:\/\/departamento.us.es\/diqaus\/wp-json\/wp\/v2\/pages"}],"about":[{"href":"https:\/\/departamento.us.es\/diqaus\/wp-json\/wp\/v2\/types\/page"}],"author":[{"embeddable":true,"href":"https:\/\/departamento.us.es\/diqaus\/wp-json\/wp\/v2\/users\/1"}],"replies":[{"embeddable":true,"href":"https:\/\/departamento.us.es\/diqaus\/wp-json\/wp\/v2\/comments?post=316"}],"version-history":[{"count":2,"href":"https:\/\/departamento.us.es\/diqaus\/wp-json\/wp\/v2\/pages\/316\/revisions"}],"predecessor-version":[{"id":843,"href":"https:\/\/departamento.us.es\/diqaus\/wp-json\/wp\/v2\/pages\/316\/revisions\/843"}],"up":[{"embeddable":true,"href":"https:\/\/departamento.us.es\/diqaus\/wp-json\/wp\/v2\/pages\/212"}],"wp:attachment":[{"href":"https:\/\/departamento.us.es\/diqaus\/wp-json\/wp\/v2\/media?parent=316"}],"curies":[{"name":"wp","href":"https:\/\/api.w.org\/{rel}","templated":true}]}}