{"id":408,"date":"2014-11-04T18:12:40","date_gmt":"2014-11-04T18:12:40","guid":{"rendered":"http:\/\/departamento.us.es\/diqaus\/?page_id=408"},"modified":"2016-05-09T10:44:06","modified_gmt":"2016-05-09T10:44:06","slug":"ma-jesus-andres-sierra","status":"publish","type":"page","link":"https:\/\/departamento.us.es\/diqaus\/grado\/colocacion-de-los-egresados\/ma-jesus-andres-sierra\/","title":{"rendered":"M\u00aa Jes\u00fas Andr\u00e9s Sierra"},"content":{"rendered":"<h3>M\u00aa Jes\u00fas Andr\u00e9s Sierra<\/h3>\n<div class=\"destacado\">\n<p><strong>A\u00f1o de graduaci\u00f3n y titulaci\u00f3n:<\/strong> 2005 Ingenier\u00eda Qu\u00edmica<\/p>\n<p><strong>Posici\u00f3n actual: <\/strong>Ingeniera de Procesos en el Departamento de Optimizaci\u00f3n y Control en Cepsa Qu\u00edmica (F\u00e1brica de Palos de la Frontera).<\/p>\n<\/div>\n<p><img decoding=\"async\" class=\"alignright\" src=\"http:\/\/alojamientosv.us.es\/diqaus\/wp-content\/themes\/diqaus\/media\/img\/egresados\/m-jesus-andres.jpg\" alt=\"M\u00aa Jes\u00fas Andr\u00e9s Sierra\" \/><br \/>\n <strong>P:\u00bfQu\u00e9 camino has seguido para llegar hasta tu puesto actual?<br \/>\n<\/strong>R: Finalizando el proyecto fin de carrera, solicit\u00e9 una beca de Cepsa para realizar un M\u00e1ster en el Instituto Franc\u00e9s de Petr\u00f3leo. Tras ser seleccionada y estudiar un a\u00f1o en Francia, pas\u00e9 a trabajar como Ingeniera de Procesos en el Departamento de Ingenier\u00eda de Ertisa (ahora Cepsa Qu\u00edmica) durante 2 a\u00f1os, y posteriormente en el Departamento de Optimizaci\u00f3n y Control.<\/p>\n<p> <strong>P:\u00bfQu\u00e9 actividades conlleva tu posici\u00f3n actual?<\/strong><br \/>\nR: Las principales tareas son: <\/p>\n<ul>\n<li>Optimizaci\u00f3n del proceso, tanto energ\u00e9tica como en reducci\u00f3n de consumo de materias primas, mediante la mejora continua de la operaci\u00f3n del proceso de producci\u00f3n y con la implementaci\u00f3n de proyectos de mejora.<\/li>\n<li>Control de la Producci\u00f3n, realizando los balances de energ\u00eda, materia prima y productos.<\/li>\n<li>Servicio t\u00e9cnico a otros departamentos.<\/li>\n<\/ul>\n<p><strong>P: \u00bfQu\u00e9 es lo que m\u00e1s te gust\u00f3 de la titulaci\u00f3n?<br \/>\n<\/strong>R: Aunque no recuerdo los nombres de todas las asignaturas, me gustaron m\u00e1s aquellas relacionadas con la energ\u00eda (termodin\u00e1mica, intercambiadores de calor, etc) y con operaciones (reactores, operaciones b\u00e1sicas, bombas, destilaci\u00f3n\u2026). Puede que recuerde m\u00e1s \u00e9stas porque son las que me han resultado m\u00e1s \u00fatiles para mi trabajo.<\/p>\n<p><strong>P: \u00bfQu\u00e9 capacidades\/conocimientos que adquiriste en la titulaci\u00f3n te han sido m\u00e1s provechosos para tu trabajo actual?<br \/>\n<\/strong>R: Aunque durante la Universidad adquir\u00ed una base general de conocimientos que me han resultado muy \u00fatiles para profundizar en muchos de ellos en el mundo laboral, creo que lo m\u00e1s importante es que aprend\u00ed a &quot;pensar&quot;.<\/p>\n<p><strong>P: \u00bfQu\u00e9 recomendaciones dar\u00edas a los estudiantes que quieran estudiar Ingenier\u00eda Qu\u00edmica?<br \/>\n<\/strong>R: Que no se preocupen por memorizar cada detalle, si no por comprender bien que est\u00e1n estudiando y retener las ideas generales. Por otro lado, que aprovechen programas de intercambio ya que, aunque se piense que se pierden conocimientos por no realizar ciertas asignaturas en tu Universidad, se gana en otros muchos aspectos que tambi\u00e9n ser\u00e1n \u00fatiles en el mundo laboral. Y por \u00faltimo, que no olviden la asignatura pendiente de gran cantidad de estudiantes: el ingl\u00e9s.<\/p>\n","protected":false},"excerpt":{"rendered":"<p>M\u00aa Jes\u00fas Andr\u00e9s Sierra A\u00f1o de graduaci\u00f3n y titulaci\u00f3n: 2005 Ingenier\u00eda Qu\u00edmica Posici\u00f3n actual: Ingeniera de Procesos en el Departamento de Optimizaci\u00f3n y Control en Cepsa Qu\u00edmica (F\u00e1brica de Palos de la Frontera). P:\u00bfQu\u00e9 camino has seguido para llegar hasta tu puesto actual? R: Finalizando el proyecto fin de carrera, solicit\u00e9 una beca de Cepsa [&hellip;]<\/p>\n","protected":false},"author":1,"featured_media":0,"parent":212,"menu_order":0,"comment_status":"open","ping_status":"closed","template":"","meta":{"footnotes":""},"class_list":["post-408","page","type-page","status-publish","hentry"],"yoast_head":"<!-- This site is optimized with the Yoast SEO plugin v27.1.1 - https:\/\/yoast.com\/product\/yoast-seo-wordpress\/ -->\n<title>M\u00aa Jes\u00fas Andr\u00e9s Sierra - Departamento Ingenier\u00eda Qu\u00edmica y Ambiental US<\/title>\n<meta name=\"robots\" content=\"index, follow, max-snippet:-1, max-image-preview:large, max-video-preview:-1\" \/>\n<link rel=\"canonical\" href=\"https:\/\/departamento.us.es\/diqaus\/grado\/colocacion-de-los-egresados\/ma-jesus-andres-sierra\/\" \/>\n<meta property=\"og:locale\" content=\"es_ES\" \/>\n<meta property=\"og:type\" content=\"article\" \/>\n<meta property=\"og:title\" content=\"M\u00aa Jes\u00fas Andr\u00e9s Sierra - Departamento Ingenier\u00eda Qu\u00edmica y Ambiental US\" \/>\n<meta property=\"og:description\" content=\"M\u00aa Jes\u00fas Andr\u00e9s Sierra A\u00f1o de graduaci\u00f3n y titulaci\u00f3n: 2005 Ingenier\u00eda Qu\u00edmica Posici\u00f3n actual: Ingeniera de Procesos en el Departamento de Optimizaci\u00f3n y Control en Cepsa Qu\u00edmica (F\u00e1brica de Palos de la Frontera). P:\u00bfQu\u00e9 camino has seguido para llegar hasta tu puesto actual? R: Finalizando el proyecto fin de carrera, solicit\u00e9 una beca de Cepsa [&hellip;]\" \/>\n<meta property=\"og:url\" content=\"https:\/\/departamento.us.es\/diqaus\/grado\/colocacion-de-los-egresados\/ma-jesus-andres-sierra\/\" \/>\n<meta property=\"og:site_name\" content=\"Departamento Ingenier\u00eda Qu\u00edmica y Ambiental US\" \/>\n<meta property=\"article:modified_time\" content=\"2016-05-09T10:44:06+00:00\" \/>\n<meta property=\"og:image\" content=\"http:\/\/alojamientosv.us.es\/diqaus\/wp-content\/themes\/diqaus\/media\/img\/egresados\/m-jesus-andres.jpg\" \/>\n<meta name=\"twitter:card\" content=\"summary_large_image\" \/>\n<meta name=\"twitter:label1\" content=\"Tiempo de lectura\" \/>\n\t<meta name=\"twitter:data1\" content=\"2 minutos\" \/>\n<script type=\"application\/ld+json\" class=\"yoast-schema-graph\">{\"@context\":\"https:\/\/schema.org\",\"@graph\":[{\"@type\":\"WebPage\",\"@id\":\"https:\/\/departamento.us.es\/diqaus\/grado\/colocacion-de-los-egresados\/ma-jesus-andres-sierra\/\",\"url\":\"https:\/\/departamento.us.es\/diqaus\/grado\/colocacion-de-los-egresados\/ma-jesus-andres-sierra\/\",\"name\":\"M\u00aa Jes\u00fas Andr\u00e9s Sierra - Departamento Ingenier\u00eda Qu\u00edmica y Ambiental US\",\"isPartOf\":{\"@id\":\"https:\/\/departamento.us.es\/diqaus\/#website\"},\"primaryImageOfPage\":{\"@id\":\"https:\/\/departamento.us.es\/diqaus\/grado\/colocacion-de-los-egresados\/ma-jesus-andres-sierra\/#primaryimage\"},\"image\":{\"@id\":\"https:\/\/departamento.us.es\/diqaus\/grado\/colocacion-de-los-egresados\/ma-jesus-andres-sierra\/#primaryimage\"},\"thumbnailUrl\":\"http:\/\/alojamientosv.us.es\/diqaus\/wp-content\/themes\/diqaus\/media\/img\/egresados\/m-jesus-andres.jpg\",\"datePublished\":\"2014-11-04T18:12:40+00:00\",\"dateModified\":\"2016-05-09T10:44:06+00:00\",\"breadcrumb\":{\"@id\":\"https:\/\/departamento.us.es\/diqaus\/grado\/colocacion-de-los-egresados\/ma-jesus-andres-sierra\/#breadcrumb\"},\"inLanguage\":\"es\",\"potentialAction\":[{\"@type\":\"ReadAction\",\"target\":[\"https:\/\/departamento.us.es\/diqaus\/grado\/colocacion-de-los-egresados\/ma-jesus-andres-sierra\/\"]}]},{\"@type\":\"ImageObject\",\"inLanguage\":\"es\",\"@id\":\"https:\/\/departamento.us.es\/diqaus\/grado\/colocacion-de-los-egresados\/ma-jesus-andres-sierra\/#primaryimage\",\"url\":\"http:\/\/alojamientosv.us.es\/diqaus\/wp-content\/themes\/diqaus\/media\/img\/egresados\/m-jesus-andres.jpg\",\"contentUrl\":\"http:\/\/alojamientosv.us.es\/diqaus\/wp-content\/themes\/diqaus\/media\/img\/egresados\/m-jesus-andres.jpg\"},{\"@type\":\"BreadcrumbList\",\"@id\":\"https:\/\/departamento.us.es\/diqaus\/grado\/colocacion-de-los-egresados\/ma-jesus-andres-sierra\/#breadcrumb\",\"itemListElement\":[{\"@type\":\"ListItem\",\"position\":1,\"name\":\"Portada\",\"item\":\"https:\/\/departamento.us.es\/diqaus\/\"},{\"@type\":\"ListItem\",\"position\":2,\"name\":\"Grado\",\"item\":\"https:\/\/departamento.us.es\/diqaus\/grado\/\"},{\"@type\":\"ListItem\",\"position\":3,\"name\":\"Colocaci\u00f3n de los egresados\",\"item\":\"https:\/\/departamento.us.es\/diqaus\/grado\/colocacion-de-los-egresados\/\"},{\"@type\":\"ListItem\",\"position\":4,\"name\":\"M\u00aa Jes\u00fas Andr\u00e9s Sierra\"}]},{\"@type\":\"WebSite\",\"@id\":\"https:\/\/departamento.us.es\/diqaus\/#website\",\"url\":\"https:\/\/departamento.us.es\/diqaus\/\",\"name\":\"Departamento Ingenier\u00eda Qu\u00edmica y Ambiental US\",\"description\":\"Web del Departamento de Ingenier\u00eda Qu\u00edmica y Ambiental de la Universidad de Sevilla. Informaci\u00f3n sobre los estudios de Grado, Masters, l\u00edneas de investigaci\u00f3n y salidas laborales.\",\"publisher\":{\"@id\":\"https:\/\/departamento.us.es\/diqaus\/#organization\"},\"potentialAction\":[{\"@type\":\"SearchAction\",\"target\":{\"@type\":\"EntryPoint\",\"urlTemplate\":\"https:\/\/departamento.us.es\/diqaus\/?s={search_term_string}\"},\"query-input\":{\"@type\":\"PropertyValueSpecification\",\"valueRequired\":true,\"valueName\":\"search_term_string\"}}],\"inLanguage\":\"es\"},{\"@type\":\"Organization\",\"@id\":\"https:\/\/departamento.us.es\/diqaus\/#organization\",\"name\":\"Departamento de Ingenier\u00eda Qu\u00edmica y Ambiental US\",\"url\":\"https:\/\/departamento.us.es\/diqaus\/\",\"logo\":{\"@type\":\"ImageObject\",\"inLanguage\":\"es\",\"@id\":\"https:\/\/departamento.us.es\/diqaus\/#\/schema\/logo\/image\/\",\"url\":\"https:\/\/departamento.us.es\/diqaus\/wp-content\/uploads\/2021\/11\/logo-departamento-ingenieria-quimica-ambiental-us-e1637856642858.png\",\"contentUrl\":\"https:\/\/departamento.us.es\/diqaus\/wp-content\/uploads\/2021\/11\/logo-departamento-ingenieria-quimica-ambiental-us-e1637856642858.png\",\"width\":126,\"height\":127,\"caption\":\"Departamento de Ingenier\u00eda Qu\u00edmica y Ambiental US\"},\"image\":{\"@id\":\"https:\/\/departamento.us.es\/diqaus\/#\/schema\/logo\/image\/\"}}]}<\/script>\n<!-- \/ Yoast SEO plugin. -->","yoast_head_json":{"title":"M\u00aa Jes\u00fas Andr\u00e9s Sierra - Departamento Ingenier\u00eda Qu\u00edmica y Ambiental US","robots":{"index":"index","follow":"follow","max-snippet":"max-snippet:-1","max-image-preview":"max-image-preview:large","max-video-preview":"max-video-preview:-1"},"canonical":"https:\/\/departamento.us.es\/diqaus\/grado\/colocacion-de-los-egresados\/ma-jesus-andres-sierra\/","og_locale":"es_ES","og_type":"article","og_title":"M\u00aa Jes\u00fas Andr\u00e9s Sierra - Departamento Ingenier\u00eda Qu\u00edmica y Ambiental US","og_description":"M\u00aa Jes\u00fas Andr\u00e9s Sierra A\u00f1o de graduaci\u00f3n y titulaci\u00f3n: 2005 Ingenier\u00eda Qu\u00edmica Posici\u00f3n actual: Ingeniera de Procesos en el Departamento de Optimizaci\u00f3n y Control en Cepsa Qu\u00edmica (F\u00e1brica de Palos de la Frontera). P:\u00bfQu\u00e9 camino has seguido para llegar hasta tu puesto actual? R: Finalizando el proyecto fin de carrera, solicit\u00e9 una beca de Cepsa [&hellip;]","og_url":"https:\/\/departamento.us.es\/diqaus\/grado\/colocacion-de-los-egresados\/ma-jesus-andres-sierra\/","og_site_name":"Departamento Ingenier\u00eda Qu\u00edmica y Ambiental US","article_modified_time":"2016-05-09T10:44:06+00:00","og_image":[{"url":"http:\/\/alojamientosv.us.es\/diqaus\/wp-content\/themes\/diqaus\/media\/img\/egresados\/m-jesus-andres.jpg","type":"","width":"","height":""}],"twitter_card":"summary_large_image","twitter_misc":{"Tiempo de lectura":"2 minutos"},"schema":{"@context":"https:\/\/schema.org","@graph":[{"@type":"WebPage","@id":"https:\/\/departamento.us.es\/diqaus\/grado\/colocacion-de-los-egresados\/ma-jesus-andres-sierra\/","url":"https:\/\/departamento.us.es\/diqaus\/grado\/colocacion-de-los-egresados\/ma-jesus-andres-sierra\/","name":"M\u00aa Jes\u00fas Andr\u00e9s Sierra - Departamento Ingenier\u00eda Qu\u00edmica y Ambiental US","isPartOf":{"@id":"https:\/\/departamento.us.es\/diqaus\/#website"},"primaryImageOfPage":{"@id":"https:\/\/departamento.us.es\/diqaus\/grado\/colocacion-de-los-egresados\/ma-jesus-andres-sierra\/#primaryimage"},"image":{"@id":"https:\/\/departamento.us.es\/diqaus\/grado\/colocacion-de-los-egresados\/ma-jesus-andres-sierra\/#primaryimage"},"thumbnailUrl":"http:\/\/alojamientosv.us.es\/diqaus\/wp-content\/themes\/diqaus\/media\/img\/egresados\/m-jesus-andres.jpg","datePublished":"2014-11-04T18:12:40+00:00","dateModified":"2016-05-09T10:44:06+00:00","breadcrumb":{"@id":"https:\/\/departamento.us.es\/diqaus\/grado\/colocacion-de-los-egresados\/ma-jesus-andres-sierra\/#breadcrumb"},"inLanguage":"es","potentialAction":[{"@type":"ReadAction","target":["https:\/\/departamento.us.es\/diqaus\/grado\/colocacion-de-los-egresados\/ma-jesus-andres-sierra\/"]}]},{"@type":"ImageObject","inLanguage":"es","@id":"https:\/\/departamento.us.es\/diqaus\/grado\/colocacion-de-los-egresados\/ma-jesus-andres-sierra\/#primaryimage","url":"http:\/\/alojamientosv.us.es\/diqaus\/wp-content\/themes\/diqaus\/media\/img\/egresados\/m-jesus-andres.jpg","contentUrl":"http:\/\/alojamientosv.us.es\/diqaus\/wp-content\/themes\/diqaus\/media\/img\/egresados\/m-jesus-andres.jpg"},{"@type":"BreadcrumbList","@id":"https:\/\/departamento.us.es\/diqaus\/grado\/colocacion-de-los-egresados\/ma-jesus-andres-sierra\/#breadcrumb","itemListElement":[{"@type":"ListItem","position":1,"name":"Portada","item":"https:\/\/departamento.us.es\/diqaus\/"},{"@type":"ListItem","position":2,"name":"Grado","item":"https:\/\/departamento.us.es\/diqaus\/grado\/"},{"@type":"ListItem","position":3,"name":"Colocaci\u00f3n de los egresados","item":"https:\/\/departamento.us.es\/diqaus\/grado\/colocacion-de-los-egresados\/"},{"@type":"ListItem","position":4,"name":"M\u00aa Jes\u00fas Andr\u00e9s Sierra"}]},{"@type":"WebSite","@id":"https:\/\/departamento.us.es\/diqaus\/#website","url":"https:\/\/departamento.us.es\/diqaus\/","name":"Departamento Ingenier\u00eda Qu\u00edmica y Ambiental US","description":"Web del Departamento de Ingenier\u00eda Qu\u00edmica y Ambiental de la Universidad de Sevilla. Informaci\u00f3n sobre los estudios de Grado, Masters, l\u00edneas de investigaci\u00f3n y salidas laborales.","publisher":{"@id":"https:\/\/departamento.us.es\/diqaus\/#organization"},"potentialAction":[{"@type":"SearchAction","target":{"@type":"EntryPoint","urlTemplate":"https:\/\/departamento.us.es\/diqaus\/?s={search_term_string}"},"query-input":{"@type":"PropertyValueSpecification","valueRequired":true,"valueName":"search_term_string"}}],"inLanguage":"es"},{"@type":"Organization","@id":"https:\/\/departamento.us.es\/diqaus\/#organization","name":"Departamento de Ingenier\u00eda Qu\u00edmica y Ambiental US","url":"https:\/\/departamento.us.es\/diqaus\/","logo":{"@type":"ImageObject","inLanguage":"es","@id":"https:\/\/departamento.us.es\/diqaus\/#\/schema\/logo\/image\/","url":"https:\/\/departamento.us.es\/diqaus\/wp-content\/uploads\/2021\/11\/logo-departamento-ingenieria-quimica-ambiental-us-e1637856642858.png","contentUrl":"https:\/\/departamento.us.es\/diqaus\/wp-content\/uploads\/2021\/11\/logo-departamento-ingenieria-quimica-ambiental-us-e1637856642858.png","width":126,"height":127,"caption":"Departamento de Ingenier\u00eda Qu\u00edmica y Ambiental US"},"image":{"@id":"https:\/\/departamento.us.es\/diqaus\/#\/schema\/logo\/image\/"}}]}},"_links":{"self":[{"href":"https:\/\/departamento.us.es\/diqaus\/wp-json\/wp\/v2\/pages\/408","targetHints":{"allow":["GET"]}}],"collection":[{"href":"https:\/\/departamento.us.es\/diqaus\/wp-json\/wp\/v2\/pages"}],"about":[{"href":"https:\/\/departamento.us.es\/diqaus\/wp-json\/wp\/v2\/types\/page"}],"author":[{"embeddable":true,"href":"https:\/\/departamento.us.es\/diqaus\/wp-json\/wp\/v2\/users\/1"}],"replies":[{"embeddable":true,"href":"https:\/\/departamento.us.es\/diqaus\/wp-json\/wp\/v2\/comments?post=408"}],"version-history":[{"count":2,"href":"https:\/\/departamento.us.es\/diqaus\/wp-json\/wp\/v2\/pages\/408\/revisions"}],"predecessor-version":[{"id":847,"href":"https:\/\/departamento.us.es\/diqaus\/wp-json\/wp\/v2\/pages\/408\/revisions\/847"}],"up":[{"embeddable":true,"href":"https:\/\/departamento.us.es\/diqaus\/wp-json\/wp\/v2\/pages\/212"}],"wp:attachment":[{"href":"https:\/\/departamento.us.es\/diqaus\/wp-json\/wp\/v2\/media?parent=408"}],"curies":[{"name":"wp","href":"https:\/\/api.w.org\/{rel}","templated":true}]}}