{"id":442,"date":"2014-11-07T11:08:04","date_gmt":"2014-11-07T11:08:04","guid":{"rendered":"http:\/\/departamento.us.es\/diqaus\/?page_id=442"},"modified":"2018-11-24T19:17:06","modified_gmt":"2018-11-24T19:17:06","slug":"aviso-legal","status":"publish","type":"page","link":"https:\/\/departamento.us.es\/diqaus\/aviso-legal\/","title":{"rendered":"Aviso legal"},"content":{"rendered":"<p>En cumplimiento de lo previsto en la Ley 34\/2002, de 11 de julio, de Servicios de la Sociedad de la Informaci\u00f3n y de Comercio Electr\u00f3nico, as\u00ed como en otras normas de legal aplicaci\u00f3n, se pone en conocimiento de los usuarios del Portal de Internet del DEPARTAMENTO DE INGENIER\u00cdA QU\u00cdMICA Y AMBIENTAL DE LA UNIVERSIDAD DE SEVILLA los siguientes datos de informaci\u00f3n general:<\/p>\n<ol>\n<li>El presente portal constituye el Sitio Oficial en Internet del Departamento de Ingenier\u00eda Qu\u00edmica y Ambiental de la Universidad de Sevilla. Ha sido creado y es mantenido a instancias de la UNIVERSIDAD DE SEVILLA, quien es su propietaria, as\u00ed como de aquellos nombres de dominio que a \u00e9l conducen.<\/li>\n<li>La UNIVERSIDAD DE SEVILLA es una instituci\u00f3n p\u00fablica educativa que fue creada por la Ley 29\/79, de 30 de octubre (B.O.E. de 31 de octubre de 1979).<\/li>\n<li>La UNIVERSIDAD DE SEVILLA est\u00e1 provista de C.I.F. N\u00ba Q-4118001-I<\/li>\n<li>La sede del Departamento de Ingenier\u00eda Qu\u00edmica y Ambiental se encuentra en la ESCUELA T\u00c9CNICA SUPERIOR DE INGENIER\u00cdA DE SEVILLA:\n<p>Camino de los Descubrimientos s\/n<br \/>\n41092 SEVILLA<br \/>\nESPA\u00d1A<\/li>\n<\/ol>\n<p>Los usuarios del presente portal podr\u00e1n establecer una comunicaci\u00f3n directa y efectiva con el DEPARTAMENTO DE INGENIER\u00cdA QU\u00cdMICA Y AMBIENTAL DE LA UNIVERSIDAD DE SEVILLA mediante comunicaci\u00f3n escrita remitida a su domicilio social, indicado en el punto 4 de los que componen esta Informaci\u00f3n General, as\u00ed como utilizando cualquiera de los siguientes medios:<\/p>\n<ul>\n<li>Tel\u00e9fono: (+34) 954487272\u00a0|\u00a0(+34) 954487276<\/li>\n<li>Correo electr\u00f3nico: <a href=\"mailto:diqa@etsi.us.es\">diqa@etsi.us.es<\/a><\/li>\n<li><a href=\"https:\/\/institucional.us.es\/exponaus\/\" target=\"_blank\" rel=\"noopener\">Buz\u00f3n Electr\u00f3nico de Quejas, Sugerencias, Felicitaciones e Incidencias de la Universidad de Sevilla, EXPON@us<\/a><\/li>\n<\/ul>\n","protected":false},"excerpt":{"rendered":"<p>En cumplimiento de lo previsto en la Ley 34\/2002, de 11 de julio, de Servicios de la Sociedad de la Informaci\u00f3n y de Comercio Electr\u00f3nico, as\u00ed como en otras normas de legal aplicaci\u00f3n, se pone en conocimiento de los usuarios del Portal de Internet del DEPARTAMENTO DE INGENIER\u00cdA QU\u00cdMICA Y AMBIENTAL DE LA UNIVERSIDAD DE [&hellip;]<\/p>\n","protected":false},"author":1,"featured_media":0,"parent":0,"menu_order":0,"comment_status":"open","ping_status":"open","template":"","meta":{"footnotes":""},"class_list":["post-442","page","type-page","status-publish","hentry"],"yoast_head":"<!-- This site is optimized with the Yoast SEO plugin v27.1.1 - https:\/\/yoast.com\/product\/yoast-seo-wordpress\/ -->\n<title>Aviso legal - Departamento Ingenier\u00eda Qu\u00edmica y Ambiental US<\/title>\n<meta name=\"robots\" content=\"index, follow, max-snippet:-1, max-image-preview:large, max-video-preview:-1\" \/>\n<link rel=\"canonical\" href=\"https:\/\/departamento.us.es\/diqaus\/aviso-legal\/\" \/>\n<meta property=\"og:locale\" content=\"es_ES\" \/>\n<meta property=\"og:type\" content=\"article\" \/>\n<meta property=\"og:title\" content=\"Aviso legal - Departamento Ingenier\u00eda Qu\u00edmica y Ambiental US\" \/>\n<meta property=\"og:description\" content=\"En cumplimiento de lo previsto en la Ley 34\/2002, de 11 de julio, de Servicios de la Sociedad de la Informaci\u00f3n y de Comercio Electr\u00f3nico, as\u00ed como en otras normas de legal aplicaci\u00f3n, se pone en conocimiento de los usuarios del Portal de Internet del DEPARTAMENTO DE INGENIER\u00cdA QU\u00cdMICA Y AMBIENTAL DE LA UNIVERSIDAD DE [&hellip;]\" \/>\n<meta property=\"og:url\" content=\"https:\/\/departamento.us.es\/diqaus\/aviso-legal\/\" \/>\n<meta property=\"og:site_name\" content=\"Departamento Ingenier\u00eda Qu\u00edmica y Ambiental US\" \/>\n<meta property=\"article:modified_time\" content=\"2018-11-24T19:17:06+00:00\" \/>\n<meta name=\"twitter:card\" content=\"summary_large_image\" \/>\n<meta name=\"twitter:label1\" content=\"Tiempo de lectura\" \/>\n\t<meta name=\"twitter:data1\" content=\"1 minuto\" \/>\n<script type=\"application\/ld+json\" class=\"yoast-schema-graph\">{\"@context\":\"https:\/\/schema.org\",\"@graph\":[{\"@type\":\"WebPage\",\"@id\":\"https:\/\/departamento.us.es\/diqaus\/aviso-legal\/\",\"url\":\"https:\/\/departamento.us.es\/diqaus\/aviso-legal\/\",\"name\":\"Aviso legal - Departamento Ingenier\u00eda Qu\u00edmica y Ambiental US\",\"isPartOf\":{\"@id\":\"https:\/\/departamento.us.es\/diqaus\/#website\"},\"datePublished\":\"2014-11-07T11:08:04+00:00\",\"dateModified\":\"2018-11-24T19:17:06+00:00\",\"breadcrumb\":{\"@id\":\"https:\/\/departamento.us.es\/diqaus\/aviso-legal\/#breadcrumb\"},\"inLanguage\":\"es\",\"potentialAction\":[{\"@type\":\"ReadAction\",\"target\":[\"https:\/\/departamento.us.es\/diqaus\/aviso-legal\/\"]}]},{\"@type\":\"BreadcrumbList\",\"@id\":\"https:\/\/departamento.us.es\/diqaus\/aviso-legal\/#breadcrumb\",\"itemListElement\":[{\"@type\":\"ListItem\",\"position\":1,\"name\":\"Portada\",\"item\":\"https:\/\/departamento.us.es\/diqaus\/\"},{\"@type\":\"ListItem\",\"position\":2,\"name\":\"Aviso legal\"}]},{\"@type\":\"WebSite\",\"@id\":\"https:\/\/departamento.us.es\/diqaus\/#website\",\"url\":\"https:\/\/departamento.us.es\/diqaus\/\",\"name\":\"Departamento Ingenier\u00eda Qu\u00edmica y Ambiental US\",\"description\":\"Web del Departamento de Ingenier\u00eda Qu\u00edmica y Ambiental de la Universidad de Sevilla. Informaci\u00f3n sobre los estudios de Grado, Masters, l\u00edneas de investigaci\u00f3n y salidas laborales.\",\"publisher\":{\"@id\":\"https:\/\/departamento.us.es\/diqaus\/#organization\"},\"potentialAction\":[{\"@type\":\"SearchAction\",\"target\":{\"@type\":\"EntryPoint\",\"urlTemplate\":\"https:\/\/departamento.us.es\/diqaus\/?s={search_term_string}\"},\"query-input\":{\"@type\":\"PropertyValueSpecification\",\"valueRequired\":true,\"valueName\":\"search_term_string\"}}],\"inLanguage\":\"es\"},{\"@type\":\"Organization\",\"@id\":\"https:\/\/departamento.us.es\/diqaus\/#organization\",\"name\":\"Departamento de Ingenier\u00eda Qu\u00edmica y Ambiental US\",\"url\":\"https:\/\/departamento.us.es\/diqaus\/\",\"logo\":{\"@type\":\"ImageObject\",\"inLanguage\":\"es\",\"@id\":\"https:\/\/departamento.us.es\/diqaus\/#\/schema\/logo\/image\/\",\"url\":\"https:\/\/departamento.us.es\/diqaus\/wp-content\/uploads\/2021\/11\/logo-departamento-ingenieria-quimica-ambiental-us-e1637856642858.png\",\"contentUrl\":\"https:\/\/departamento.us.es\/diqaus\/wp-content\/uploads\/2021\/11\/logo-departamento-ingenieria-quimica-ambiental-us-e1637856642858.png\",\"width\":126,\"height\":127,\"caption\":\"Departamento de Ingenier\u00eda Qu\u00edmica y Ambiental US\"},\"image\":{\"@id\":\"https:\/\/departamento.us.es\/diqaus\/#\/schema\/logo\/image\/\"}}]}<\/script>\n<!-- \/ Yoast SEO plugin. -->","yoast_head_json":{"title":"Aviso legal - Departamento Ingenier\u00eda Qu\u00edmica y Ambiental US","robots":{"index":"index","follow":"follow","max-snippet":"max-snippet:-1","max-image-preview":"max-image-preview:large","max-video-preview":"max-video-preview:-1"},"canonical":"https:\/\/departamento.us.es\/diqaus\/aviso-legal\/","og_locale":"es_ES","og_type":"article","og_title":"Aviso legal - Departamento Ingenier\u00eda Qu\u00edmica y Ambiental US","og_description":"En cumplimiento de lo previsto en la Ley 34\/2002, de 11 de julio, de Servicios de la Sociedad de la Informaci\u00f3n y de Comercio Electr\u00f3nico, as\u00ed como en otras normas de legal aplicaci\u00f3n, se pone en conocimiento de los usuarios del Portal de Internet del DEPARTAMENTO DE INGENIER\u00cdA QU\u00cdMICA Y AMBIENTAL DE LA UNIVERSIDAD DE [&hellip;]","og_url":"https:\/\/departamento.us.es\/diqaus\/aviso-legal\/","og_site_name":"Departamento Ingenier\u00eda Qu\u00edmica y Ambiental US","article_modified_time":"2018-11-24T19:17:06+00:00","twitter_card":"summary_large_image","twitter_misc":{"Tiempo de lectura":"1 minuto"},"schema":{"@context":"https:\/\/schema.org","@graph":[{"@type":"WebPage","@id":"https:\/\/departamento.us.es\/diqaus\/aviso-legal\/","url":"https:\/\/departamento.us.es\/diqaus\/aviso-legal\/","name":"Aviso legal - Departamento Ingenier\u00eda Qu\u00edmica y Ambiental US","isPartOf":{"@id":"https:\/\/departamento.us.es\/diqaus\/#website"},"datePublished":"2014-11-07T11:08:04+00:00","dateModified":"2018-11-24T19:17:06+00:00","breadcrumb":{"@id":"https:\/\/departamento.us.es\/diqaus\/aviso-legal\/#breadcrumb"},"inLanguage":"es","potentialAction":[{"@type":"ReadAction","target":["https:\/\/departamento.us.es\/diqaus\/aviso-legal\/"]}]},{"@type":"BreadcrumbList","@id":"https:\/\/departamento.us.es\/diqaus\/aviso-legal\/#breadcrumb","itemListElement":[{"@type":"ListItem","position":1,"name":"Portada","item":"https:\/\/departamento.us.es\/diqaus\/"},{"@type":"ListItem","position":2,"name":"Aviso legal"}]},{"@type":"WebSite","@id":"https:\/\/departamento.us.es\/diqaus\/#website","url":"https:\/\/departamento.us.es\/diqaus\/","name":"Departamento Ingenier\u00eda Qu\u00edmica y Ambiental US","description":"Web del Departamento de Ingenier\u00eda Qu\u00edmica y Ambiental de la Universidad de Sevilla. Informaci\u00f3n sobre los estudios de Grado, Masters, l\u00edneas de investigaci\u00f3n y salidas laborales.","publisher":{"@id":"https:\/\/departamento.us.es\/diqaus\/#organization"},"potentialAction":[{"@type":"SearchAction","target":{"@type":"EntryPoint","urlTemplate":"https:\/\/departamento.us.es\/diqaus\/?s={search_term_string}"},"query-input":{"@type":"PropertyValueSpecification","valueRequired":true,"valueName":"search_term_string"}}],"inLanguage":"es"},{"@type":"Organization","@id":"https:\/\/departamento.us.es\/diqaus\/#organization","name":"Departamento de Ingenier\u00eda Qu\u00edmica y Ambiental US","url":"https:\/\/departamento.us.es\/diqaus\/","logo":{"@type":"ImageObject","inLanguage":"es","@id":"https:\/\/departamento.us.es\/diqaus\/#\/schema\/logo\/image\/","url":"https:\/\/departamento.us.es\/diqaus\/wp-content\/uploads\/2021\/11\/logo-departamento-ingenieria-quimica-ambiental-us-e1637856642858.png","contentUrl":"https:\/\/departamento.us.es\/diqaus\/wp-content\/uploads\/2021\/11\/logo-departamento-ingenieria-quimica-ambiental-us-e1637856642858.png","width":126,"height":127,"caption":"Departamento de Ingenier\u00eda Qu\u00edmica y Ambiental US"},"image":{"@id":"https:\/\/departamento.us.es\/diqaus\/#\/schema\/logo\/image\/"}}]}},"_links":{"self":[{"href":"https:\/\/departamento.us.es\/diqaus\/wp-json\/wp\/v2\/pages\/442","targetHints":{"allow":["GET"]}}],"collection":[{"href":"https:\/\/departamento.us.es\/diqaus\/wp-json\/wp\/v2\/pages"}],"about":[{"href":"https:\/\/departamento.us.es\/diqaus\/wp-json\/wp\/v2\/types\/page"}],"author":[{"embeddable":true,"href":"https:\/\/departamento.us.es\/diqaus\/wp-json\/wp\/v2\/users\/1"}],"replies":[{"embeddable":true,"href":"https:\/\/departamento.us.es\/diqaus\/wp-json\/wp\/v2\/comments?post=442"}],"version-history":[{"count":3,"href":"https:\/\/departamento.us.es\/diqaus\/wp-json\/wp\/v2\/pages\/442\/revisions"}],"predecessor-version":[{"id":1674,"href":"https:\/\/departamento.us.es\/diqaus\/wp-json\/wp\/v2\/pages\/442\/revisions\/1674"}],"wp:attachment":[{"href":"https:\/\/departamento.us.es\/diqaus\/wp-json\/wp\/v2\/media?parent=442"}],"curies":[{"name":"wp","href":"https:\/\/api.w.org\/{rel}","templated":true}]}}