{"id":455,"date":"2014-11-07T12:33:49","date_gmt":"2014-11-07T12:33:49","guid":{"rendered":"http:\/\/departamento.us.es\/diqaus\/?page_id=455"},"modified":"2020-10-17T09:47:04","modified_gmt":"2020-10-17T09:47:04","slug":"catedra-inerco","status":"publish","type":"page","link":"https:\/\/departamento.us.es\/diqaus\/empresas\/catedras\/catedra-inerco\/","title":{"rendered":"C\u00e1tedra INERCO"},"content":{"rendered":"<p><img decoding=\"async\" class=\"alignright\" src=\"http:\/\/departamento.us.es\/diqaus\/wp-content\/themes\/diqaus\/media\/img\/catedra-inerco.png\" alt=\"C\u00e1tedra CEPSA Energ\u00eda\" \/><\/p>\n<p>El escenario energ\u00e9tico del futuro plantea importantes riesgos econ\u00f3micos y ambientales, as\u00ed como retos a la sociedad y la industria. El uso eficiente de la energ\u00eda, el aprovechamiento de las energ\u00edas renovables, los combustibles de nueva generaci\u00f3n y la contribuci\u00f3n a un modelo energ\u00e9tico sostenible son realidades y necesidades presentes.<\/p>\n<p>El desarrollo cient\u00edfico y tecnol\u00f3gico en materia de eficiencia energ\u00e9tica es claramente uno de los retos de nuestro pa\u00eds, en el que todos los agentes claves -administraci\u00f3n, organismos p\u00fablicos de investigaci\u00f3n y empresas &#8211; juegan un papel esencial.<\/p>\n<p>Desde la <strong>C\u00e1tedra de INERCO<\/strong>\u00a0se organizan actividades que pretenden dar respuestas tecnol\u00f3gicas a los retos del escenario energ\u00e9tico y ambiental del futuro, en las que analizamos en detalle aspectos como:<\/p>\n<ul>\n<li>El escenario energ\u00e9tico del futuro; sus retos, riesgos y las necesidades tecnol\u00f3gicas.<\/li>\n<li>Los Organismos P\u00fablicos de Investigaci\u00f3n como agentes clave para el desarrollo tecnol\u00f3gico.<\/li>\n<li>Las experiencias industriales en los sectores el\u00e9ctrico y refino de petr\u00f3leo.<\/li>\n<li>Las pol\u00edticas e instrumentos promovidos por la Administraci\u00f3n.<\/li>\n<\/ul>\n<p>La <strong>C\u00e1tedra de INERCO<\/strong> tiene por objeto la promoci\u00f3n de actividades docentes y de investigaci\u00f3n interdisciplinar que estudien la realidad, problem\u00e1tica, perspectivas, riesgos y retos de la industria y la sociedad en materia de Medio Ambiente, Seguridad y Desarrollo Sostenible, desde todos los puntos de vista que se estimen relevantes, ocup\u00e1ndose de desarrollar el programa formativo y las tareas de investigaci\u00f3n que contribuyan a mejorar la formaci\u00f3n de los alumnos de la ETSI en estas materias.<\/p>\n<p>La C\u00e1tedra tiene una vocaci\u00f3n internacional, para lo que sigue los principales eventos en la materia, y muy especialmente la componente normativa.<\/p>\n<p>La coordinaci\u00f3n acad\u00e9mica de la C\u00e1tedra est\u00e1 asignada al <a title=\"Personal\" href=\"http:\/\/departamento.us.es\/diqaus\/personal\/#romero-gonzalez\">Prof. Dr. Eladio M. Romero Gonz\u00e1lez<\/a>, adscrito al Departamento de Ingenier\u00eda Qu\u00edmica y Ambiental.<\/p>\n<p>Contacto: <a href=\"mailto:eromero4@us.es\">eromero4@us.es<\/a><\/p>\n","protected":false},"excerpt":{"rendered":"<p>El escenario energ\u00e9tico del futuro plantea importantes riesgos econ\u00f3micos y ambientales, as\u00ed como retos a la sociedad y la industria. El uso eficiente de la energ\u00eda, el aprovechamiento de las energ\u00edas renovables, los combustibles de nueva generaci\u00f3n y la contribuci\u00f3n a un modelo energ\u00e9tico sostenible son realidades y necesidades presentes. El desarrollo cient\u00edfico y tecnol\u00f3gico [&hellip;]<\/p>\n","protected":false},"author":1,"featured_media":0,"parent":284,"menu_order":0,"comment_status":"open","ping_status":"open","template":"","meta":{"footnotes":""},"class_list":["post-455","page","type-page","status-publish","hentry"],"yoast_head":"<!-- This site is optimized with the Yoast SEO plugin v27.1.1 - https:\/\/yoast.com\/product\/yoast-seo-wordpress\/ -->\n<title>C\u00e1tedra INERCO - Departamento Ingenier\u00eda Qu\u00edmica y Ambiental US<\/title>\n<meta name=\"robots\" content=\"index, follow, max-snippet:-1, max-image-preview:large, max-video-preview:-1\" \/>\n<link rel=\"canonical\" href=\"https:\/\/departamento.us.es\/diqaus\/empresas\/catedras\/catedra-inerco\/\" \/>\n<meta property=\"og:locale\" content=\"es_ES\" \/>\n<meta property=\"og:type\" content=\"article\" \/>\n<meta property=\"og:title\" content=\"C\u00e1tedra INERCO - Departamento Ingenier\u00eda Qu\u00edmica y Ambiental US\" \/>\n<meta property=\"og:description\" content=\"El escenario energ\u00e9tico del futuro plantea importantes riesgos econ\u00f3micos y ambientales, as\u00ed como retos a la sociedad y la industria. El uso eficiente de la energ\u00eda, el aprovechamiento de las energ\u00edas renovables, los combustibles de nueva generaci\u00f3n y la contribuci\u00f3n a un modelo energ\u00e9tico sostenible son realidades y necesidades presentes. El desarrollo cient\u00edfico y tecnol\u00f3gico [&hellip;]\" \/>\n<meta property=\"og:url\" content=\"https:\/\/departamento.us.es\/diqaus\/empresas\/catedras\/catedra-inerco\/\" \/>\n<meta property=\"og:site_name\" content=\"Departamento Ingenier\u00eda Qu\u00edmica y Ambiental US\" \/>\n<meta property=\"article:modified_time\" content=\"2020-10-17T09:47:04+00:00\" \/>\n<meta property=\"og:image\" content=\"http:\/\/departamento.us.es\/diqaus\/wp-content\/themes\/diqaus\/media\/img\/catedra-inerco.png\" \/>\n<meta name=\"twitter:card\" content=\"summary_large_image\" \/>\n<meta name=\"twitter:label1\" content=\"Tiempo de lectura\" \/>\n\t<meta name=\"twitter:data1\" content=\"2 minutos\" \/>\n<script type=\"application\/ld+json\" class=\"yoast-schema-graph\">{\"@context\":\"https:\/\/schema.org\",\"@graph\":[{\"@type\":\"WebPage\",\"@id\":\"https:\/\/departamento.us.es\/diqaus\/empresas\/catedras\/catedra-inerco\/\",\"url\":\"https:\/\/departamento.us.es\/diqaus\/empresas\/catedras\/catedra-inerco\/\",\"name\":\"C\u00e1tedra INERCO - Departamento Ingenier\u00eda Qu\u00edmica y Ambiental US\",\"isPartOf\":{\"@id\":\"https:\/\/departamento.us.es\/diqaus\/#website\"},\"primaryImageOfPage\":{\"@id\":\"https:\/\/departamento.us.es\/diqaus\/empresas\/catedras\/catedra-inerco\/#primaryimage\"},\"image\":{\"@id\":\"https:\/\/departamento.us.es\/diqaus\/empresas\/catedras\/catedra-inerco\/#primaryimage\"},\"thumbnailUrl\":\"http:\/\/departamento.us.es\/diqaus\/wp-content\/themes\/diqaus\/media\/img\/catedra-inerco.png\",\"datePublished\":\"2014-11-07T12:33:49+00:00\",\"dateModified\":\"2020-10-17T09:47:04+00:00\",\"breadcrumb\":{\"@id\":\"https:\/\/departamento.us.es\/diqaus\/empresas\/catedras\/catedra-inerco\/#breadcrumb\"},\"inLanguage\":\"es\",\"potentialAction\":[{\"@type\":\"ReadAction\",\"target\":[\"https:\/\/departamento.us.es\/diqaus\/empresas\/catedras\/catedra-inerco\/\"]}]},{\"@type\":\"ImageObject\",\"inLanguage\":\"es\",\"@id\":\"https:\/\/departamento.us.es\/diqaus\/empresas\/catedras\/catedra-inerco\/#primaryimage\",\"url\":\"http:\/\/departamento.us.es\/diqaus\/wp-content\/themes\/diqaus\/media\/img\/catedra-inerco.png\",\"contentUrl\":\"http:\/\/departamento.us.es\/diqaus\/wp-content\/themes\/diqaus\/media\/img\/catedra-inerco.png\"},{\"@type\":\"BreadcrumbList\",\"@id\":\"https:\/\/departamento.us.es\/diqaus\/empresas\/catedras\/catedra-inerco\/#breadcrumb\",\"itemListElement\":[{\"@type\":\"ListItem\",\"position\":1,\"name\":\"Portada\",\"item\":\"https:\/\/departamento.us.es\/diqaus\/\"},{\"@type\":\"ListItem\",\"position\":2,\"name\":\"Empresas\",\"item\":\"https:\/\/departamento.us.es\/diqaus\/empresas\/\"},{\"@type\":\"ListItem\",\"position\":3,\"name\":\"C\u00e1tedras\",\"item\":\"https:\/\/departamento.us.es\/diqaus\/empresas\/catedras\/\"},{\"@type\":\"ListItem\",\"position\":4,\"name\":\"C\u00e1tedra INERCO\"}]},{\"@type\":\"WebSite\",\"@id\":\"https:\/\/departamento.us.es\/diqaus\/#website\",\"url\":\"https:\/\/departamento.us.es\/diqaus\/\",\"name\":\"Departamento Ingenier\u00eda Qu\u00edmica y Ambiental US\",\"description\":\"Web del Departamento de Ingenier\u00eda Qu\u00edmica y Ambiental de la Universidad de Sevilla. Informaci\u00f3n sobre los estudios de Grado, Masters, l\u00edneas de investigaci\u00f3n y salidas laborales.\",\"publisher\":{\"@id\":\"https:\/\/departamento.us.es\/diqaus\/#organization\"},\"potentialAction\":[{\"@type\":\"SearchAction\",\"target\":{\"@type\":\"EntryPoint\",\"urlTemplate\":\"https:\/\/departamento.us.es\/diqaus\/?s={search_term_string}\"},\"query-input\":{\"@type\":\"PropertyValueSpecification\",\"valueRequired\":true,\"valueName\":\"search_term_string\"}}],\"inLanguage\":\"es\"},{\"@type\":\"Organization\",\"@id\":\"https:\/\/departamento.us.es\/diqaus\/#organization\",\"name\":\"Departamento de Ingenier\u00eda Qu\u00edmica y Ambiental US\",\"url\":\"https:\/\/departamento.us.es\/diqaus\/\",\"logo\":{\"@type\":\"ImageObject\",\"inLanguage\":\"es\",\"@id\":\"https:\/\/departamento.us.es\/diqaus\/#\/schema\/logo\/image\/\",\"url\":\"https:\/\/departamento.us.es\/diqaus\/wp-content\/uploads\/2021\/11\/logo-departamento-ingenieria-quimica-ambiental-us-e1637856642858.png\",\"contentUrl\":\"https:\/\/departamento.us.es\/diqaus\/wp-content\/uploads\/2021\/11\/logo-departamento-ingenieria-quimica-ambiental-us-e1637856642858.png\",\"width\":126,\"height\":127,\"caption\":\"Departamento de Ingenier\u00eda Qu\u00edmica y Ambiental US\"},\"image\":{\"@id\":\"https:\/\/departamento.us.es\/diqaus\/#\/schema\/logo\/image\/\"}}]}<\/script>\n<!-- \/ Yoast SEO plugin. -->","yoast_head_json":{"title":"C\u00e1tedra INERCO - Departamento Ingenier\u00eda Qu\u00edmica y Ambiental US","robots":{"index":"index","follow":"follow","max-snippet":"max-snippet:-1","max-image-preview":"max-image-preview:large","max-video-preview":"max-video-preview:-1"},"canonical":"https:\/\/departamento.us.es\/diqaus\/empresas\/catedras\/catedra-inerco\/","og_locale":"es_ES","og_type":"article","og_title":"C\u00e1tedra INERCO - Departamento Ingenier\u00eda Qu\u00edmica y Ambiental US","og_description":"El escenario energ\u00e9tico del futuro plantea importantes riesgos econ\u00f3micos y ambientales, as\u00ed como retos a la sociedad y la industria. El uso eficiente de la energ\u00eda, el aprovechamiento de las energ\u00edas renovables, los combustibles de nueva generaci\u00f3n y la contribuci\u00f3n a un modelo energ\u00e9tico sostenible son realidades y necesidades presentes. El desarrollo cient\u00edfico y tecnol\u00f3gico [&hellip;]","og_url":"https:\/\/departamento.us.es\/diqaus\/empresas\/catedras\/catedra-inerco\/","og_site_name":"Departamento Ingenier\u00eda Qu\u00edmica y Ambiental US","article_modified_time":"2020-10-17T09:47:04+00:00","og_image":[{"url":"http:\/\/departamento.us.es\/diqaus\/wp-content\/themes\/diqaus\/media\/img\/catedra-inerco.png","type":"","width":"","height":""}],"twitter_card":"summary_large_image","twitter_misc":{"Tiempo de lectura":"2 minutos"},"schema":{"@context":"https:\/\/schema.org","@graph":[{"@type":"WebPage","@id":"https:\/\/departamento.us.es\/diqaus\/empresas\/catedras\/catedra-inerco\/","url":"https:\/\/departamento.us.es\/diqaus\/empresas\/catedras\/catedra-inerco\/","name":"C\u00e1tedra INERCO - Departamento Ingenier\u00eda Qu\u00edmica y Ambiental US","isPartOf":{"@id":"https:\/\/departamento.us.es\/diqaus\/#website"},"primaryImageOfPage":{"@id":"https:\/\/departamento.us.es\/diqaus\/empresas\/catedras\/catedra-inerco\/#primaryimage"},"image":{"@id":"https:\/\/departamento.us.es\/diqaus\/empresas\/catedras\/catedra-inerco\/#primaryimage"},"thumbnailUrl":"http:\/\/departamento.us.es\/diqaus\/wp-content\/themes\/diqaus\/media\/img\/catedra-inerco.png","datePublished":"2014-11-07T12:33:49+00:00","dateModified":"2020-10-17T09:47:04+00:00","breadcrumb":{"@id":"https:\/\/departamento.us.es\/diqaus\/empresas\/catedras\/catedra-inerco\/#breadcrumb"},"inLanguage":"es","potentialAction":[{"@type":"ReadAction","target":["https:\/\/departamento.us.es\/diqaus\/empresas\/catedras\/catedra-inerco\/"]}]},{"@type":"ImageObject","inLanguage":"es","@id":"https:\/\/departamento.us.es\/diqaus\/empresas\/catedras\/catedra-inerco\/#primaryimage","url":"http:\/\/departamento.us.es\/diqaus\/wp-content\/themes\/diqaus\/media\/img\/catedra-inerco.png","contentUrl":"http:\/\/departamento.us.es\/diqaus\/wp-content\/themes\/diqaus\/media\/img\/catedra-inerco.png"},{"@type":"BreadcrumbList","@id":"https:\/\/departamento.us.es\/diqaus\/empresas\/catedras\/catedra-inerco\/#breadcrumb","itemListElement":[{"@type":"ListItem","position":1,"name":"Portada","item":"https:\/\/departamento.us.es\/diqaus\/"},{"@type":"ListItem","position":2,"name":"Empresas","item":"https:\/\/departamento.us.es\/diqaus\/empresas\/"},{"@type":"ListItem","position":3,"name":"C\u00e1tedras","item":"https:\/\/departamento.us.es\/diqaus\/empresas\/catedras\/"},{"@type":"ListItem","position":4,"name":"C\u00e1tedra INERCO"}]},{"@type":"WebSite","@id":"https:\/\/departamento.us.es\/diqaus\/#website","url":"https:\/\/departamento.us.es\/diqaus\/","name":"Departamento Ingenier\u00eda Qu\u00edmica y Ambiental US","description":"Web del Departamento de Ingenier\u00eda Qu\u00edmica y Ambiental de la Universidad de Sevilla. Informaci\u00f3n sobre los estudios de Grado, Masters, l\u00edneas de investigaci\u00f3n y salidas laborales.","publisher":{"@id":"https:\/\/departamento.us.es\/diqaus\/#organization"},"potentialAction":[{"@type":"SearchAction","target":{"@type":"EntryPoint","urlTemplate":"https:\/\/departamento.us.es\/diqaus\/?s={search_term_string}"},"query-input":{"@type":"PropertyValueSpecification","valueRequired":true,"valueName":"search_term_string"}}],"inLanguage":"es"},{"@type":"Organization","@id":"https:\/\/departamento.us.es\/diqaus\/#organization","name":"Departamento de Ingenier\u00eda Qu\u00edmica y Ambiental US","url":"https:\/\/departamento.us.es\/diqaus\/","logo":{"@type":"ImageObject","inLanguage":"es","@id":"https:\/\/departamento.us.es\/diqaus\/#\/schema\/logo\/image\/","url":"https:\/\/departamento.us.es\/diqaus\/wp-content\/uploads\/2021\/11\/logo-departamento-ingenieria-quimica-ambiental-us-e1637856642858.png","contentUrl":"https:\/\/departamento.us.es\/diqaus\/wp-content\/uploads\/2021\/11\/logo-departamento-ingenieria-quimica-ambiental-us-e1637856642858.png","width":126,"height":127,"caption":"Departamento de Ingenier\u00eda Qu\u00edmica y Ambiental US"},"image":{"@id":"https:\/\/departamento.us.es\/diqaus\/#\/schema\/logo\/image\/"}}]}},"_links":{"self":[{"href":"https:\/\/departamento.us.es\/diqaus\/wp-json\/wp\/v2\/pages\/455","targetHints":{"allow":["GET"]}}],"collection":[{"href":"https:\/\/departamento.us.es\/diqaus\/wp-json\/wp\/v2\/pages"}],"about":[{"href":"https:\/\/departamento.us.es\/diqaus\/wp-json\/wp\/v2\/types\/page"}],"author":[{"embeddable":true,"href":"https:\/\/departamento.us.es\/diqaus\/wp-json\/wp\/v2\/users\/1"}],"replies":[{"embeddable":true,"href":"https:\/\/departamento.us.es\/diqaus\/wp-json\/wp\/v2\/comments?post=455"}],"version-history":[{"count":3,"href":"https:\/\/departamento.us.es\/diqaus\/wp-json\/wp\/v2\/pages\/455\/revisions"}],"predecessor-version":[{"id":2102,"href":"https:\/\/departamento.us.es\/diqaus\/wp-json\/wp\/v2\/pages\/455\/revisions\/2102"}],"up":[{"embeddable":true,"href":"https:\/\/departamento.us.es\/diqaus\/wp-json\/wp\/v2\/pages\/284"}],"wp:attachment":[{"href":"https:\/\/departamento.us.es\/diqaus\/wp-json\/wp\/v2\/media?parent=455"}],"curies":[{"name":"wp","href":"https:\/\/api.w.org\/{rel}","templated":true}]}}