{"id":575,"date":"2015-02-11T19:30:37","date_gmt":"2015-02-11T19:30:37","guid":{"rendered":"http:\/\/departamento.us.es\/diqaus\/?page_id=575"},"modified":"2026-01-31T17:45:02","modified_gmt":"2026-01-31T17:45:02","slug":"control-analitico-de-vertidos-hidricos-y-del-medio-receptor","status":"publish","type":"page","link":"https:\/\/departamento.us.es\/diqaus\/investigacion\/lineas-de-investigacion\/control-analitico-de-vertidos-hidricos-y-del-medio-receptor\/","title":{"rendered":"Control anal\u00edtico de vertidos h\u00eddricos y del medio receptor"},"content":{"rendered":"<p><img decoding=\"async\" class=\"alignright\" src=\"https:\/\/departamento.us.es\/diqaus\/wp-content\/themes\/diqaus\/media\/img\/lineas\/control-analitico-vertidos-hidricos.jpg\" alt=\"Control anal\u00edtico de vertidos h\u00eddricos y del medio receptor\" \/><br \/>\nEn las \u00faltimas d\u00e9cadas se ha producido un notable aumento en los niveles de contaminaci\u00f3n en los ecosistemas acu\u00e1ticos, junto con un incremento en las exigencias de calidad y cantidad en el agua a utilizar. La propuesta de posibles soluciones al problema de la contaminaci\u00f3n hace necesario un adecuado conocimiento de la entidad actual del problema y de las causas del mismo, y para ello se requiere disponer de m\u00e9todos que permitan identificar los contaminantes y sus niveles de concentraci\u00f3n en los principales vertidos y en el medio receptor (r\u00edos, litorales, etc.).<\/p>\n<p>Nuestro grupo trabaja en estudios de especiaci\u00f3n de contaminantes h\u00eddricos, determinaci\u00f3n de sustancias prioritarias en aguas, an\u00e1lisis qu\u00edmicos de sedimentos acu\u00e1ticos y de organismos vivos y en el desarrollo de m\u00e9todos integrados de evaluaci\u00f3n de la contaminaci\u00f3n ambiental. Tambi\u00e9n es de destacar que estamos acreditados por la Empresa Nacional de Acreditaci\u00f3n (ENAC) para la toma de muestra y an\u00e1lisis fisicoqu\u00edmicos de aguas en efluentes industriales y en aguas marinas y continentales.<\/p>\n<p><strong>Personal Participante:<\/strong> <a href=\"https:\/\/departamento.us.es\/diqaus\/personal\/#usero-garcia\">Dr. Jos\u00e9 Usero Garc\u00eda<\/a>, <a href=\"https:\/\/departamento.us.es\/diqaus\/personal\/#morillo-aguado\">Dr. Jos\u00e9 Morillo Aguado<\/a>, <a href=\"https:\/\/departamento.us.es\/diqaus\/personal\/#martin-timoteo\">Juan Jos\u00e9 Mart\u00edn Timoteo<\/a>, <a href=\"https:\/\/departamento.us.es\/diqaus\/personal\/#ferrera-lozano\">Jes\u00fas Ferrera Lozano<\/a>.<br \/>\n<strong>Persona de contacto:<\/strong>\u00a0<a href=\"https:\/\/departamento.us.es\/diqaus\/personal\/#morillo-aguado\">Dr. Jos\u00e9 Morillo Aguado<\/a><\/p>\n","protected":false},"excerpt":{"rendered":"<p>En las \u00faltimas d\u00e9cadas se ha producido un notable aumento en los niveles de contaminaci\u00f3n en los ecosistemas acu\u00e1ticos, junto con un incremento en las exigencias de calidad y cantidad en el agua a utilizar. La propuesta de posibles soluciones al problema de la contaminaci\u00f3n hace necesario un adecuado conocimiento de la entidad actual del [&hellip;]<\/p>\n","protected":false},"author":1,"featured_media":0,"parent":52,"menu_order":0,"comment_status":"open","ping_status":"open","template":"","meta":{"footnotes":""},"class_list":["post-575","page","type-page","status-publish","hentry"],"yoast_head":"<!-- This site is optimized with the Yoast SEO plugin v27.1.1 - https:\/\/yoast.com\/product\/yoast-seo-wordpress\/ -->\n<title>Control anal\u00edtico de vertidos h\u00eddricos y del medio receptor - Departamento Ingenier\u00eda Qu\u00edmica y Ambiental US<\/title>\n<meta name=\"robots\" content=\"index, follow, max-snippet:-1, max-image-preview:large, max-video-preview:-1\" \/>\n<link rel=\"canonical\" href=\"https:\/\/departamento.us.es\/diqaus\/investigacion\/lineas-de-investigacion\/control-analitico-de-vertidos-hidricos-y-del-medio-receptor\/\" \/>\n<meta property=\"og:locale\" content=\"es_ES\" \/>\n<meta property=\"og:type\" content=\"article\" \/>\n<meta property=\"og:title\" content=\"Control anal\u00edtico de vertidos h\u00eddricos y del medio receptor - Departamento Ingenier\u00eda Qu\u00edmica y Ambiental US\" \/>\n<meta property=\"og:description\" content=\"En las \u00faltimas d\u00e9cadas se ha producido un notable aumento en los niveles de contaminaci\u00f3n en los ecosistemas acu\u00e1ticos, junto con un incremento en las exigencias de calidad y cantidad en el agua a utilizar. La propuesta de posibles soluciones al problema de la contaminaci\u00f3n hace necesario un adecuado conocimiento de la entidad actual del [&hellip;]\" \/>\n<meta property=\"og:url\" content=\"https:\/\/departamento.us.es\/diqaus\/investigacion\/lineas-de-investigacion\/control-analitico-de-vertidos-hidricos-y-del-medio-receptor\/\" \/>\n<meta property=\"og:site_name\" content=\"Departamento Ingenier\u00eda Qu\u00edmica y Ambiental US\" \/>\n<meta property=\"article:modified_time\" content=\"2026-01-31T17:45:02+00:00\" \/>\n<meta property=\"og:image\" content=\"https:\/\/departamento.us.es\/diqaus\/wp-content\/themes\/diqaus\/media\/img\/lineas\/control-analitico-vertidos-hidricos.jpg\" \/>\n<meta name=\"twitter:card\" content=\"summary_large_image\" \/>\n<meta name=\"twitter:label1\" content=\"Tiempo de lectura\" \/>\n\t<meta name=\"twitter:data1\" content=\"2 minutos\" \/>\n<script type=\"application\/ld+json\" class=\"yoast-schema-graph\">{\"@context\":\"https:\/\/schema.org\",\"@graph\":[{\"@type\":\"WebPage\",\"@id\":\"https:\/\/departamento.us.es\/diqaus\/investigacion\/lineas-de-investigacion\/control-analitico-de-vertidos-hidricos-y-del-medio-receptor\/\",\"url\":\"https:\/\/departamento.us.es\/diqaus\/investigacion\/lineas-de-investigacion\/control-analitico-de-vertidos-hidricos-y-del-medio-receptor\/\",\"name\":\"Control anal\u00edtico de vertidos h\u00eddricos y del medio receptor - Departamento Ingenier\u00eda Qu\u00edmica y Ambiental US\",\"isPartOf\":{\"@id\":\"https:\/\/departamento.us.es\/diqaus\/#website\"},\"primaryImageOfPage\":{\"@id\":\"https:\/\/departamento.us.es\/diqaus\/investigacion\/lineas-de-investigacion\/control-analitico-de-vertidos-hidricos-y-del-medio-receptor\/#primaryimage\"},\"image\":{\"@id\":\"https:\/\/departamento.us.es\/diqaus\/investigacion\/lineas-de-investigacion\/control-analitico-de-vertidos-hidricos-y-del-medio-receptor\/#primaryimage\"},\"thumbnailUrl\":\"https:\/\/departamento.us.es\/diqaus\/wp-content\/themes\/diqaus\/media\/img\/lineas\/control-analitico-vertidos-hidricos.jpg\",\"datePublished\":\"2015-02-11T19:30:37+00:00\",\"dateModified\":\"2026-01-31T17:45:02+00:00\",\"breadcrumb\":{\"@id\":\"https:\/\/departamento.us.es\/diqaus\/investigacion\/lineas-de-investigacion\/control-analitico-de-vertidos-hidricos-y-del-medio-receptor\/#breadcrumb\"},\"inLanguage\":\"es\",\"potentialAction\":[{\"@type\":\"ReadAction\",\"target\":[\"https:\/\/departamento.us.es\/diqaus\/investigacion\/lineas-de-investigacion\/control-analitico-de-vertidos-hidricos-y-del-medio-receptor\/\"]}]},{\"@type\":\"ImageObject\",\"inLanguage\":\"es\",\"@id\":\"https:\/\/departamento.us.es\/diqaus\/investigacion\/lineas-de-investigacion\/control-analitico-de-vertidos-hidricos-y-del-medio-receptor\/#primaryimage\",\"url\":\"https:\/\/departamento.us.es\/diqaus\/wp-content\/themes\/diqaus\/media\/img\/lineas\/control-analitico-vertidos-hidricos.jpg\",\"contentUrl\":\"https:\/\/departamento.us.es\/diqaus\/wp-content\/themes\/diqaus\/media\/img\/lineas\/control-analitico-vertidos-hidricos.jpg\"},{\"@type\":\"BreadcrumbList\",\"@id\":\"https:\/\/departamento.us.es\/diqaus\/investigacion\/lineas-de-investigacion\/control-analitico-de-vertidos-hidricos-y-del-medio-receptor\/#breadcrumb\",\"itemListElement\":[{\"@type\":\"ListItem\",\"position\":1,\"name\":\"Portada\",\"item\":\"https:\/\/departamento.us.es\/diqaus\/\"},{\"@type\":\"ListItem\",\"position\":2,\"name\":\"Investigaci\u00f3n\",\"item\":\"https:\/\/departamento.us.es\/diqaus\/investigacion\/\"},{\"@type\":\"ListItem\",\"position\":3,\"name\":\"L\u00edneas de investigaci\u00f3n\",\"item\":\"https:\/\/departamento.us.es\/diqaus\/investigacion\/lineas-de-investigacion\/\"},{\"@type\":\"ListItem\",\"position\":4,\"name\":\"Control anal\u00edtico de vertidos h\u00eddricos y del medio receptor\"}]},{\"@type\":\"WebSite\",\"@id\":\"https:\/\/departamento.us.es\/diqaus\/#website\",\"url\":\"https:\/\/departamento.us.es\/diqaus\/\",\"name\":\"Departamento Ingenier\u00eda Qu\u00edmica y Ambiental US\",\"description\":\"Web del Departamento de Ingenier\u00eda Qu\u00edmica y Ambiental de la Universidad de Sevilla. Informaci\u00f3n sobre los estudios de Grado, Masters, l\u00edneas de investigaci\u00f3n y salidas laborales.\",\"publisher\":{\"@id\":\"https:\/\/departamento.us.es\/diqaus\/#organization\"},\"potentialAction\":[{\"@type\":\"SearchAction\",\"target\":{\"@type\":\"EntryPoint\",\"urlTemplate\":\"https:\/\/departamento.us.es\/diqaus\/?s={search_term_string}\"},\"query-input\":{\"@type\":\"PropertyValueSpecification\",\"valueRequired\":true,\"valueName\":\"search_term_string\"}}],\"inLanguage\":\"es\"},{\"@type\":\"Organization\",\"@id\":\"https:\/\/departamento.us.es\/diqaus\/#organization\",\"name\":\"Departamento de Ingenier\u00eda Qu\u00edmica y Ambiental US\",\"url\":\"https:\/\/departamento.us.es\/diqaus\/\",\"logo\":{\"@type\":\"ImageObject\",\"inLanguage\":\"es\",\"@id\":\"https:\/\/departamento.us.es\/diqaus\/#\/schema\/logo\/image\/\",\"url\":\"https:\/\/departamento.us.es\/diqaus\/wp-content\/uploads\/2021\/11\/logo-departamento-ingenieria-quimica-ambiental-us-e1637856642858.png\",\"contentUrl\":\"https:\/\/departamento.us.es\/diqaus\/wp-content\/uploads\/2021\/11\/logo-departamento-ingenieria-quimica-ambiental-us-e1637856642858.png\",\"width\":126,\"height\":127,\"caption\":\"Departamento de Ingenier\u00eda Qu\u00edmica y Ambiental US\"},\"image\":{\"@id\":\"https:\/\/departamento.us.es\/diqaus\/#\/schema\/logo\/image\/\"}}]}<\/script>\n<!-- \/ Yoast SEO plugin. -->","yoast_head_json":{"title":"Control anal\u00edtico de vertidos h\u00eddricos y del medio receptor - Departamento Ingenier\u00eda Qu\u00edmica y Ambiental US","robots":{"index":"index","follow":"follow","max-snippet":"max-snippet:-1","max-image-preview":"max-image-preview:large","max-video-preview":"max-video-preview:-1"},"canonical":"https:\/\/departamento.us.es\/diqaus\/investigacion\/lineas-de-investigacion\/control-analitico-de-vertidos-hidricos-y-del-medio-receptor\/","og_locale":"es_ES","og_type":"article","og_title":"Control anal\u00edtico de vertidos h\u00eddricos y del medio receptor - Departamento Ingenier\u00eda Qu\u00edmica y Ambiental US","og_description":"En las \u00faltimas d\u00e9cadas se ha producido un notable aumento en los niveles de contaminaci\u00f3n en los ecosistemas acu\u00e1ticos, junto con un incremento en las exigencias de calidad y cantidad en el agua a utilizar. La propuesta de posibles soluciones al problema de la contaminaci\u00f3n hace necesario un adecuado conocimiento de la entidad actual del [&hellip;]","og_url":"https:\/\/departamento.us.es\/diqaus\/investigacion\/lineas-de-investigacion\/control-analitico-de-vertidos-hidricos-y-del-medio-receptor\/","og_site_name":"Departamento Ingenier\u00eda Qu\u00edmica y Ambiental US","article_modified_time":"2026-01-31T17:45:02+00:00","og_image":[{"url":"https:\/\/departamento.us.es\/diqaus\/wp-content\/themes\/diqaus\/media\/img\/lineas\/control-analitico-vertidos-hidricos.jpg","type":"","width":"","height":""}],"twitter_card":"summary_large_image","twitter_misc":{"Tiempo de lectura":"2 minutos"},"schema":{"@context":"https:\/\/schema.org","@graph":[{"@type":"WebPage","@id":"https:\/\/departamento.us.es\/diqaus\/investigacion\/lineas-de-investigacion\/control-analitico-de-vertidos-hidricos-y-del-medio-receptor\/","url":"https:\/\/departamento.us.es\/diqaus\/investigacion\/lineas-de-investigacion\/control-analitico-de-vertidos-hidricos-y-del-medio-receptor\/","name":"Control anal\u00edtico de vertidos h\u00eddricos y del medio receptor - Departamento Ingenier\u00eda Qu\u00edmica y Ambiental US","isPartOf":{"@id":"https:\/\/departamento.us.es\/diqaus\/#website"},"primaryImageOfPage":{"@id":"https:\/\/departamento.us.es\/diqaus\/investigacion\/lineas-de-investigacion\/control-analitico-de-vertidos-hidricos-y-del-medio-receptor\/#primaryimage"},"image":{"@id":"https:\/\/departamento.us.es\/diqaus\/investigacion\/lineas-de-investigacion\/control-analitico-de-vertidos-hidricos-y-del-medio-receptor\/#primaryimage"},"thumbnailUrl":"https:\/\/departamento.us.es\/diqaus\/wp-content\/themes\/diqaus\/media\/img\/lineas\/control-analitico-vertidos-hidricos.jpg","datePublished":"2015-02-11T19:30:37+00:00","dateModified":"2026-01-31T17:45:02+00:00","breadcrumb":{"@id":"https:\/\/departamento.us.es\/diqaus\/investigacion\/lineas-de-investigacion\/control-analitico-de-vertidos-hidricos-y-del-medio-receptor\/#breadcrumb"},"inLanguage":"es","potentialAction":[{"@type":"ReadAction","target":["https:\/\/departamento.us.es\/diqaus\/investigacion\/lineas-de-investigacion\/control-analitico-de-vertidos-hidricos-y-del-medio-receptor\/"]}]},{"@type":"ImageObject","inLanguage":"es","@id":"https:\/\/departamento.us.es\/diqaus\/investigacion\/lineas-de-investigacion\/control-analitico-de-vertidos-hidricos-y-del-medio-receptor\/#primaryimage","url":"https:\/\/departamento.us.es\/diqaus\/wp-content\/themes\/diqaus\/media\/img\/lineas\/control-analitico-vertidos-hidricos.jpg","contentUrl":"https:\/\/departamento.us.es\/diqaus\/wp-content\/themes\/diqaus\/media\/img\/lineas\/control-analitico-vertidos-hidricos.jpg"},{"@type":"BreadcrumbList","@id":"https:\/\/departamento.us.es\/diqaus\/investigacion\/lineas-de-investigacion\/control-analitico-de-vertidos-hidricos-y-del-medio-receptor\/#breadcrumb","itemListElement":[{"@type":"ListItem","position":1,"name":"Portada","item":"https:\/\/departamento.us.es\/diqaus\/"},{"@type":"ListItem","position":2,"name":"Investigaci\u00f3n","item":"https:\/\/departamento.us.es\/diqaus\/investigacion\/"},{"@type":"ListItem","position":3,"name":"L\u00edneas de investigaci\u00f3n","item":"https:\/\/departamento.us.es\/diqaus\/investigacion\/lineas-de-investigacion\/"},{"@type":"ListItem","position":4,"name":"Control anal\u00edtico de vertidos h\u00eddricos y del medio receptor"}]},{"@type":"WebSite","@id":"https:\/\/departamento.us.es\/diqaus\/#website","url":"https:\/\/departamento.us.es\/diqaus\/","name":"Departamento Ingenier\u00eda Qu\u00edmica y Ambiental US","description":"Web del Departamento de Ingenier\u00eda Qu\u00edmica y Ambiental de la Universidad de Sevilla. Informaci\u00f3n sobre los estudios de Grado, Masters, l\u00edneas de investigaci\u00f3n y salidas laborales.","publisher":{"@id":"https:\/\/departamento.us.es\/diqaus\/#organization"},"potentialAction":[{"@type":"SearchAction","target":{"@type":"EntryPoint","urlTemplate":"https:\/\/departamento.us.es\/diqaus\/?s={search_term_string}"},"query-input":{"@type":"PropertyValueSpecification","valueRequired":true,"valueName":"search_term_string"}}],"inLanguage":"es"},{"@type":"Organization","@id":"https:\/\/departamento.us.es\/diqaus\/#organization","name":"Departamento de Ingenier\u00eda Qu\u00edmica y Ambiental US","url":"https:\/\/departamento.us.es\/diqaus\/","logo":{"@type":"ImageObject","inLanguage":"es","@id":"https:\/\/departamento.us.es\/diqaus\/#\/schema\/logo\/image\/","url":"https:\/\/departamento.us.es\/diqaus\/wp-content\/uploads\/2021\/11\/logo-departamento-ingenieria-quimica-ambiental-us-e1637856642858.png","contentUrl":"https:\/\/departamento.us.es\/diqaus\/wp-content\/uploads\/2021\/11\/logo-departamento-ingenieria-quimica-ambiental-us-e1637856642858.png","width":126,"height":127,"caption":"Departamento de Ingenier\u00eda Qu\u00edmica y Ambiental US"},"image":{"@id":"https:\/\/departamento.us.es\/diqaus\/#\/schema\/logo\/image\/"}}]}},"_links":{"self":[{"href":"https:\/\/departamento.us.es\/diqaus\/wp-json\/wp\/v2\/pages\/575","targetHints":{"allow":["GET"]}}],"collection":[{"href":"https:\/\/departamento.us.es\/diqaus\/wp-json\/wp\/v2\/pages"}],"about":[{"href":"https:\/\/departamento.us.es\/diqaus\/wp-json\/wp\/v2\/types\/page"}],"author":[{"embeddable":true,"href":"https:\/\/departamento.us.es\/diqaus\/wp-json\/wp\/v2\/users\/1"}],"replies":[{"embeddable":true,"href":"https:\/\/departamento.us.es\/diqaus\/wp-json\/wp\/v2\/comments?post=575"}],"version-history":[{"count":3,"href":"https:\/\/departamento.us.es\/diqaus\/wp-json\/wp\/v2\/pages\/575\/revisions"}],"predecessor-version":[{"id":2581,"href":"https:\/\/departamento.us.es\/diqaus\/wp-json\/wp\/v2\/pages\/575\/revisions\/2581"}],"up":[{"embeddable":true,"href":"https:\/\/departamento.us.es\/diqaus\/wp-json\/wp\/v2\/pages\/52"}],"wp:attachment":[{"href":"https:\/\/departamento.us.es\/diqaus\/wp-json\/wp\/v2\/media?parent=575"}],"curies":[{"name":"wp","href":"https:\/\/api.w.org\/{rel}","templated":true}]}}